{"id":24721,"date":"2025-05-20T18:42:10","date_gmt":"2025-05-20T18:42:10","guid":{"rendered":"https:\/\/electricstore.eu\/p\/uncategorized\/homcom-electric-motorcycle-3-years-with-3-wheels-lights-music-3-km-h-86x42x52cm\/"},"modified":"2025-05-20T18:43:28","modified_gmt":"2025-05-20T18:43:28","slug":"homcom-electric-motorcycle-3-years-with-3-wheels-lights-music-3-km-h-86x42x52cm","status":"publish","type":"product","link":"https:\/\/electricstore.eu\/fi\/p\/motorbikes\/electric-children-motorbikes\/homcom-electric-motorcycle-3-years-with-3-wheels-lights-music-3-km-h-86x42x52cm\/","title":{"rendered":"HOMCOM s\u00e4hk\u00f6moottoripy\u00f6r\u00e4 + 3 vuotta, 3 py\u00f6r\u00e4\u00e4, valot, musiikki, 3 km\/h, 86x42x52cm"},"content":{"rendered":"<div class=\"product-specs-list-container\">\n<ul class=\"product-specs-list util-clearfix\">\n<li class=\"product-prop line-limit-length\"><span\n                                        class=\"property-title\">Alkuper\u00e4:&nbsp;<\/span><span\n                                        class=\"property-desc line-limit-length\">Manner-Kiina<\/span>\n                            <\/li>\n<li class=\"product-prop line-limit-length\"><span\n                                        class=\"property-title\">Ominaisuudet:&nbsp;<\/span><span\n                                        class=\"property-desc line-limit-length\">Aja eteenp\u00e4in<\/span>\n                            <\/li>\n<li class=\"product-prop line-limit-length\"><span\n                                        class=\"property-title\">Todistus:&nbsp;<\/span><span\n                                        class=\"property-desc line-limit-length\"><\/span>\n                            <\/li>\n<\/ul><\/div>\n<div class=\"detailmodule_html\">\n<div class=\"detail-desc-decorate-richtext\">\n<p><\/p>\n<div>\n <br \/>&amp; Iexcl; Mist\u00e4 seikkailu alkaa! T\u00e4m\u00e4 kolmipy\u00f6r\u00e4inen HOMCOM-s\u00e4hk\u00f6potkulauta on t\u00e4ydellinen seikkailukumppani jokaiselle lapselle. Jopa 45 minuutin toimintas\u00e4de t\u00e4yden latauksen j\u00e4lkeen tarkoittaa, ett\u00e4 voit ajaa suosikkipaikoissasi kuin oikea kuljettaja ja turvallisesti rajoitetulla 3 km\/h nopeudella. Ajovalojen ansiosta t\u00e4m\u00e4 py\u00f6r\u00e4 tarjoaa eritt\u00e4in realistisen ajokokemuksen, jotta lapset voivat pit\u00e4\u00e4 hauskaa.<br \/>\n\n<\/div>\n<div class=\"lc-1\">\n<div class=\"f-line\">\n<div class=\"fts\">\n<div>\n    <strong>Ominaisuudet:<\/strong><br \/>\n    <br \/>\u25cf S\u00e4hk\u00f6k\u00e4ytt\u00f6inen lasten ajoneuvo, jossa on realistinen muotoilu ja toimintoja, kuten kaksi ajovaloa;\n<\/div>\n<div>\n\u25cf Etenn\u00e4 hitaasti, jotta lapsesi voi ennakoida ja reagoida odottamattomiin tilanteisiin;\n<\/div>\n<div>\n\u25cf T\u00e4ss\u00e4 akkuk\u00e4ytt\u00f6isess\u00e4 polkupy\u00f6r\u00e4ss\u00e4 on musiikki, joka aktivoidaan nappia painamalla;\n<\/div>\n<div>\n\u25cf 3 leve\u00e4\u00e4 rengasta takaavat vakaan ja tasaisen ajon;\n<\/div>\n<div>\n\u25cf Nopeus voi olla enint\u00e4\u00e4n 3 km\/h;\n<\/div>\n<div>\n\u25cf T\u00e4yden latauksen j\u00e4lkeen sen toimintas\u00e4de on jopa noin 45 minuuttia;\n<\/div>\n<div>\n\u25cf Suositellaan lapsille 3-vuotiaista alkaen ja enint\u00e4\u00e4n 25 kg:n painoon asti;\n<\/div>\n<div>\n\u25cf T\u00e4m\u00e4 lasten moottoripy\u00f6r\u00e4 edist\u00e4\u00e4 erilaisten taitojen, kuten k\u00e4den ja silm\u00e4n koordinaation, kehittymist\u00e4;\n<\/div>\n<div>\n\u25cf Asennus vaaditaan;\n<\/div>\n<div>\n\u25cf T\u00e4rke\u00e4\u00e4: K\u00e4yt\u00e4 aina aikuisen valvonnassa;<br \/>\n\n   <\/div><\/div><\/div>\n<\/div>\n<div class=\"lc-1\">\n<div class=\"f-line\">\n<div class=\"fts\">\n<div>\n    <strong>Tekniset tiedot:<\/strong><br \/>\n    <br \/>\u25cf V\u00e4ri: punainen ja musta\/sininen;\n<\/div>\n<div>\n\u25cf Materiaali: PP, metalli;\n<\/div>\n<div>\n\u25cf Kokonaismitat: 86 x 42 x 52 cm (P x A x K);\n<\/div>\n<div>\n\u25cf Py\u00f6rien mitat: \u00d8 23 \u00d7 7,5 cm (DIAMxAN);\n<\/div>\n<div>\n\u25cf Latausaika: 8\u201312 tuntia;\n<\/div>\n<div>\n\u25cf Akunkesto: 45 minuuttia (t\u00e4yteen ladattuna);\n<\/div>\n<div>\n\u25cf Moottori: 25 W;\n<\/div>\n<div>\n\u25cf Laturi: 6V \/ 500MA;\n<\/div>\n<div>\n\u25cf Suurin tuettu paino: 25 kg;\n<\/div>\n<div>\n\u25cf Sopii lapsille: yli 3-vuotiaille;\n<\/div>\n<div>\n\u25cf Viite: 370-102RD\/370-102BU;<br \/>\n\n   <\/div><\/div><\/div>\n<\/div>\n<div>\n <img decoding=\"async\" width=\"1000    \" height=\"35\" src=\"https:\/\/ae01.alicdn.com\/kf\/HTB1KhgjkfiSBuNkSnhJq6zDcpXaR.jpg\" slate-data-type=\"image\" \/>\n<\/div>\n<div class=\"content01\">\n<div class=\"content_img\">\n  <img decoding=\"async\" width=\"1000\" src=\"https:\/\/ae01.alicdn.com\/kf\/H70614f8129544824ab0c7d099a3ef9aaC.jpg\" slate-data-type=\"image\" \/>\n <\/div>\n<div class=\"content_img\">\n  <img decoding=\"async\" width=\"1000\" src=\"https:\/\/ae01.alicdn.com\/kf\/H9cbca82ec0f34df6bc382192a0ae4fd4G.jpg\" slate-data-type=\"image\" \/>\n <\/div>\n<div class=\"content_img\">\n  <img decoding=\"async\" width=\"1000\" src=\"https:\/\/ae01.alicdn.com\/kf\/He21326f0f8e145e48f32f1cfbfe9d369f.jpg\" slate-data-type=\"image\" \/>\n <\/div>\n<div class=\"content_img\">\n  <img decoding=\"async\" width=\"1000\" src=\"https:\/\/ae01.alicdn.com\/kf\/He6920fc9da1242eea230ccf1e67e6854Q.jpg\" slate-data-type=\"image\" \/>\n <\/div>\n<div class=\"content_img\">\n  <img decoding=\"async\" width=\"1000\" src=\"https:\/\/ae01.alicdn.com\/kf\/Hcdd359b5f57a41df9fd20bd7c4998b72U.jpg\" slate-data-type=\"image\" \/>\n <\/div>\n<div class=\"content_img\">\n  <img decoding=\"async\" width=\"1000\" src=\"https:\/\/ae01.alicdn.com\/kf\/Hd2824e6f3c1446b383c9dc3797cc51276.jpg\" slate-data-type=\"image\" \/>\n <\/div>\n<div class=\"content_img\">\n  <img decoding=\"async\" width=\"1000\" src=\"https:\/\/ae01.alicdn.com\/kf\/H79c926e88feb4b258588fb5c8581f499u.jpg\" slate-data-type=\"image\" \/>\n <\/div>\n<div class=\"content_img\">\n  <img decoding=\"async\" width=\"1000\" src=\"https:\/\/gsp.aliexpress.com\/apps\/product\/publish?spm=5261.ProductManageOnline.0.0.7d564edfWFvxkZ&amp;productId=4001337167822\" slate-data-type=\"image\" \/>\n <\/div>\n<\/div>\n<div>\n <img fetchpriority=\"high\" decoding=\"async\" width=\"1000\" height=\"1881\" src=\"https:\/\/ae01.alicdn.com\/kf\/HTB1i.OtVMHqK1RjSZFkq6x.WFXaT.jpg\" slate-data-type=\"image\" \/>\n<\/div>\n<p><\/p>\n<\/div>\n<\/div>","protected":false},"excerpt":{"rendered":"<p>Origin:&nbsp;Mainland China Features:&nbsp;Ride On Certificate:&nbsp; &amp; Iexcl; What starts the adventure! This HOMCOM electric scooter with 3 wheels will be the perfect adventure companion for any child. With a range<\/p>","protected":false},"featured_media":24722,"comment_status":"open","ping_status":"closed","template":"","meta":{"_acf_changed":false},"product_brand":[],"product_cat":[313],"product_tag":[],"class_list":{"0":"post-24721","1":"product","2":"type-product","3":"status-publish","4":"has-post-thumbnail","6":"product_cat-electric-children-motorbikes","8":"first","9":"instock","10":"shipping-taxable","11":"purchasable","12":"product-type-variable"},"acf":[],"_links":{"self":[{"href":"https:\/\/electricstore.eu\/fi\/wp-json\/wp\/v2\/product\/24721","targetHints":{"allow":["GET"]}}],"collection":[{"href":"https:\/\/electricstore.eu\/fi\/wp-json\/wp\/v2\/product"}],"about":[{"href":"https:\/\/electricstore.eu\/fi\/wp-json\/wp\/v2\/types\/product"}],"replies":[{"embeddable":true,"href":"https:\/\/electricstore.eu\/fi\/wp-json\/wp\/v2\/comments?post=24721"}],"wp:featuredmedia":[{"embeddable":true,"href":"https:\/\/electricstore.eu\/fi\/wp-json\/wp\/v2\/media\/24722"}],"wp:attachment":[{"href":"https:\/\/electricstore.eu\/fi\/wp-json\/wp\/v2\/media?parent=24721"}],"wp:term":[{"taxonomy":"product_brand","embeddable":true,"href":"https:\/\/electricstore.eu\/fi\/wp-json\/wp\/v2\/product_brand?post=24721"},{"taxonomy":"product_cat","embeddable":true,"href":"https:\/\/electricstore.eu\/fi\/wp-json\/wp\/v2\/product_cat?post=24721"},{"taxonomy":"product_tag","embeddable":true,"href":"https:\/\/electricstore.eu\/fi\/wp-json\/wp\/v2\/product_tag?post=24721"}],"curies":[{"name":"wp","href":"https:\/\/api.w.org\/{rel}","templated":true}]}}