{"id":24689,"date":"2025-05-20T18:41:47","date_gmt":"2025-05-20T18:41:47","guid":{"rendered":"https:\/\/electricstore.eu\/p\/uncategorized\/homcom-electric-car-for-kids-3-years-audi-rs-e-tron-gt-103x58x41-cm-white\/"},"modified":"2025-05-20T18:42:33","modified_gmt":"2025-05-20T18:42:33","slug":"homcom-electric-car-for-kids-3-years-audi-rs-e-tron-gt-103x58x41-cm-white","status":"publish","type":"product","link":"https:\/\/electricstore.eu\/fi\/p\/o\/homcom-electric-car-for-kids-3-years-audi-rs-e-tron-gt-103x58x41-cm-white\/","title":{"rendered":"HOMCOM s\u00e4hk\u00f6auto lapsille + 3 vuotta AUDI RS e-tron GT 103x58x41 cm Valkoinen"},"content":{"rendered":"<div class=\"product-specs-list-container\">\n<ul class=\"product-specs-list util-clearfix\">\n<li class=\"product-prop line-limit-length\"><span\n                                        class=\"property-title\">Tuotemerkki:&nbsp;<\/span><span\n                                        class=\"property-desc line-limit-length\">HOMCOM<\/span>\n                            <\/li>\n<li class=\"product-prop line-limit-length\"><span\n                                        class=\"property-title\">Ominaisuudet:&nbsp;<\/span><span\n                                        class=\"property-desc line-limit-length\">Aja eteenp\u00e4in<\/span>\n                            <\/li>\n<\/ul><\/div>\n<div class=\"detailmodule_html\">\n<div class=\"detail-desc-decorate-richtext\">\n<p>Jos etsit s\u00e4hk\u00f6autoa lapsillesi, tutustu t\u00e4h\u00e4n HOMCOMin s\u00e4hk\u00f6k\u00e4ytt\u00f6iseen lastenautoon. Siin\u00e4 on ominaisuuksia, jotka tekev\u00e4t siit\u00e4 todella turvallisen ja ainutlaatuisen. Siin\u00e4 on \u00e4\u00e4nimerkki, ajovalot, turvavy\u00f6, esiasennettu musiikki ja leve\u00e4t, iskunvaimennetut renkaat. Lapset voivat ajaa sit\u00e4 auton ratilla tai aikuinen mukana tulevalla kaukos\u00e4\u00e4timell\u00e4.<\/p>\n<div class=\"detailmodule_html\">\n<div class=\"detail-desc-decorate-richtext\">\n<div style=\"overflow:visible;height:auto\" class=\"lc-1\">\n<div class=\"f-line\">\n<div class=\"fts\">\n<div>\u00a0<\/div>\n<\/div>\n<\/div>\n<\/div>\n<div class=\"lc-1\">\n<div class=\"f-line\">\n<div class=\"fts\">\n<div><strong>Ominaisuudet:<\/strong><\/div>\n<div>\u25cf Lasten s\u00e4hk\u00f6auto, jossa on matala painopiste ja nelipy\u00f6r\u00e4inen jousitus tasaista ajoa varten;<\/div>\n<div>\u25cf Erilliset \u00e4\u00e4nimerkki- ja musiikkipainikkeet;<\/div>\n<div>\u25cf Hidas k\u00e4ynnistysmekanismi tarjoaa lapsellesi maksimaalisen suojan;<\/div>\n<div>\u25cf S\u00e4hk\u00f6k\u00e4ytt\u00f6inen lastenauto, jossa on akun varauksen ilmaisin;<\/div>\n<div>\u25cf Sis\u00e4lt\u00e4\u00e4 AUX-portin, USB- ja TF-korttipaikan;<\/div>\n<div>\u25cf Sis\u00e4lt\u00e4\u00e4 apupy\u00f6r\u00e4t, joiden avulla sit\u00e4 on helppo siirt\u00e4\u00e4 akun tyhjentyess\u00e4 ja jos se raahautuu ilman virtaa;<\/div>\n<div>\u25cf T\u00e4yteen ladattuna t\u00e4m\u00e4n 12 V:n akkuauton toimintas\u00e4de on jopa 45 minuuttia (k\u00e4ytt\u00f6tavasta riippuen);<\/div>\n<div>\u25cf Asennus vaaditaan;<\/div>\n<div><\/div>\n<\/div>\n<\/div>\n<\/div>\n<div class=\"lc-1\">\n<div class=\"f-line\">\n<div class=\"fts\">\n<div><strong>Tekniset tiedot:<\/strong><\/div>\n<\/div>\n<\/div>\n<\/div>\n<\/div>\n<\/div>\n<p>-V\u00e4ri: valkoinen, musta;<\/p>\n<p>-Materiaali: polypropeeni (PP), metalli;<\/p>\n<p>-Kokonaismitat: 103x58x41 cm (PxANxAL);<\/p>\n<p>-Istuimen koko: 34 \u00d7 19,5 \u00d7 13 cm (maasta);<\/p>\n<p>-Akku: 12V 4,5Ah;<\/p>\n<p>-Ensimm\u00e4inen lataus: 8\u201310 tuntia, normaali lataus: 10\u201312 tuntia;<\/p>\n<p>-Nopeus: 3\u20135 km\/h;<\/p>\n<p>-Kaukos\u00e4\u00e4din: 25 m;<\/p>\n<p>-PP-py\u00f6r\u00e4t: \u00d8 19 \u00d7 7,5 cm (DxAL);<\/p>\n<p>-Akunkesto: 45 minuuttia (k\u00e4yt\u00f6st\u00e4 riippuen);<\/p>\n<p>-Suurin kuorma: 25 kg;<\/p>\n<p>-Paristot: 2 x AAA (eiv\u00e4t sis\u00e4lly toimitukseen);<\/p>\n<p>-Suositeltu ik\u00e4: 37\u201360 kuukautta;<\/p>\n<p>-Viitearvo: 370-220V90WT;<\/p>\n<p>Huomautus: K\u00e4yt\u00e4 aina aikuisen valvonnassa;<\/p>\n<div class=\"detailmodule_html\">\n<div class=\"detail-desc-decorate-richtext\">\n<div class=\"lc-1\">\n<div class=\"f-line\">\n<div class=\"fts\">\n<div><img decoding=\"async\" width=\"1000    \" height=\"35\" src=\"https:\/\/ae01.alicdn.com\/kf\/HTB1KhgjkfiSBuNkSnhJq6zDcpXaR.jpg\" slate-data-type=\"image\"\/><\/div>\n<\/div>\n<\/div>\n<\/div>\n<\/div>\n<\/div>\n<p><img decoding=\"async\" src=\"https:\/\/ae01.alicdn.com\/kf\/Sd488e7685245477a9190fe80382909ed3.jpg\" slate-data-type=\"image\"\/><img decoding=\"async\" src=\"https:\/\/ae01.alicdn.com\/kf\/S1d8210f644914a1084b6b350e0d6ff5fB.jpg\" slate-data-type=\"image\"\/><img decoding=\"async\" src=\"https:\/\/ae01.alicdn.com\/kf\/Sde1d5f5e5fde44868d096a0249e13145K.jpg\" slate-data-type=\"image\"\/><img decoding=\"async\" src=\"https:\/\/ae01.alicdn.com\/kf\/S99a8c65feda54a79a50b8d18731b8b1cJ.jpg\" slate-data-type=\"image\"\/><\/p>\n<div class=\"detailmodule_html\">\n<div class=\"detail-desc-decorate-richtext\">\n<div><img fetchpriority=\"high\" decoding=\"async\" width=\"1000\" height=\"1881\" src=\"https:\/\/ae01.alicdn.com\/kf\/Ua8ece3e103ed470793ec3cb15da8a01fz.jpg\" slate-data-type=\"image\"\/><\/div>\n<\/div>\n<\/div>\n<p><\/p>\n<\/div>\n<\/div>","protected":false},"excerpt":{"rendered":"<p>Brand Name:&nbsp;HOMCOM Features:&nbsp;Ride On If you are looking for an electric car for your children, look at this HOMCOM Electric children&#8217;s car. Features elements that make it really safe and<\/p>","protected":false},"featured_media":24690,"comment_status":"open","ping_status":"closed","template":"","meta":{"_acf_changed":false},"product_brand":[],"product_cat":[15],"product_tag":[],"class_list":{"0":"post-24689","1":"product","2":"type-product","3":"status-publish","4":"has-post-thumbnail","6":"product_cat-o","8":"first","9":"instock","10":"shipping-taxable","11":"purchasable","12":"product-type-variable"},"acf":[],"_links":{"self":[{"href":"https:\/\/electricstore.eu\/fi\/wp-json\/wp\/v2\/product\/24689","targetHints":{"allow":["GET"]}}],"collection":[{"href":"https:\/\/electricstore.eu\/fi\/wp-json\/wp\/v2\/product"}],"about":[{"href":"https:\/\/electricstore.eu\/fi\/wp-json\/wp\/v2\/types\/product"}],"replies":[{"embeddable":true,"href":"https:\/\/electricstore.eu\/fi\/wp-json\/wp\/v2\/comments?post=24689"}],"wp:featuredmedia":[{"embeddable":true,"href":"https:\/\/electricstore.eu\/fi\/wp-json\/wp\/v2\/media\/24690"}],"wp:attachment":[{"href":"https:\/\/electricstore.eu\/fi\/wp-json\/wp\/v2\/media?parent=24689"}],"wp:term":[{"taxonomy":"product_brand","embeddable":true,"href":"https:\/\/electricstore.eu\/fi\/wp-json\/wp\/v2\/product_brand?post=24689"},{"taxonomy":"product_cat","embeddable":true,"href":"https:\/\/electricstore.eu\/fi\/wp-json\/wp\/v2\/product_cat?post=24689"},{"taxonomy":"product_tag","embeddable":true,"href":"https:\/\/electricstore.eu\/fi\/wp-json\/wp\/v2\/product_tag?post=24689"}],"curies":[{"name":"wp","href":"https:\/\/api.w.org\/{rel}","templated":true}]}}