{"id":24676,"date":"2025-05-20T18:41:38","date_gmt":"2025-05-20T18:41:38","guid":{"rendered":"https:\/\/electricstore.eu\/p\/uncategorized\/homcom-3-6-year-old-kids-electric-car-with-2-motors-and-remote-control-12v-110x68x52-cm-black\/"},"modified":"2025-05-20T18:42:20","modified_gmt":"2025-05-20T18:42:20","slug":"homcom-3-6-year-old-kids-electric-car-with-2-motors-and-remote-control-12v-110x68x52-cm-black","status":"publish","type":"product","link":"https:\/\/electricstore.eu\/fi\/p\/o\/homcom-3-6-year-old-kids-electric-car-with-2-motors-and-remote-control-12v-110x68x52-cm-black\/","title":{"rendered":"HOMCOM 3-6-vuotiaille lapsille tarkoitettu s\u00e4hk\u00f6auto kahdella moottorilla ja kaukos\u00e4\u00e4timell\u00e4 12V 110x68x52 cm musta"},"content":{"rendered":"<div class=\"product-specs-list-container\">\n<ul class=\"product-specs-list util-clearfix\">\n<li class=\"product-prop line-limit-length\"><span\n                                        class=\"property-title\">Tuotemerkki:&nbsp;<\/span><span\n                                        class=\"property-desc line-limit-length\">HOMCOM<\/span>\n                            <\/li>\n<li class=\"product-prop line-limit-length\"><span\n                                        class=\"property-title\">Ominaisuudet:&nbsp;<\/span><span\n                                        class=\"property-desc line-limit-length\">Aja eteenp\u00e4in<\/span>\n                            <\/li>\n<\/ul><\/div>\n<div class=\"detailmodule_html\">\n<div class=\"detail-desc-decorate-richtext\">\n<p><\/p>\n<div style=\"overflow:visible;height:auto\" class=\"lc-1\">\n<div class=\"f-line\">\n<div class=\"fts\">\n<div>\nJos etsit lapsille s\u00e4hk\u00f6autoa, tutustu t\u00e4h\u00e4n HOMCOMin lastenautoon. Siin\u00e4 on USB-paikka, TF-kortti ja lis\u00e4laite MP3-soittimen liitt\u00e4miseen, ajovalot valoilla, turvavy\u00f6, esiasennettu musiikki ja extraleve\u00e4t renkaat. Lapset voivat ajaa sit\u00e4 auton ratilla tai aikuinen mukana tulevalla kaukos\u00e4\u00e4timell\u00e4.\n<\/div><\/div><\/div>\n<\/div>\n<div class=\"lc-1\">\n<div class=\"f-line\">\n<div class=\"fts\">\n<div>\n    <strong>Ominaisuudet:<\/strong>\n   <\/div>\n<div>\n\u25cf Kaksi moottoria tarjoavat paremman pidon ja ajamisen ruohikolla tai ep\u00e4tasaisilla mailla<br \/>\n<br \/>\u25cf Helppo siirt\u00e4\u00e4 ty\u00f6nt\u00f6tangolla ja apupy\u00f6rill\u00e4<br \/>\n<br \/>\u25cf Virtamerkkivalo, joka n\u00e4ytt\u00e4\u00e4 akun j\u00e4ljell\u00e4 olevan varauksen<br \/>\n<br \/>\u25cf LED-etu- ja takavalot sek\u00e4 \u00e4\u00e4nimerkki<br \/>\n<br \/>\u25cf Hidas k\u00e4ynnistysmekanismi tarjoaa lapsellesi maksimaalisen suojan<br \/>\n<br \/>\u25cf Kaksivaihteinen s\u00e4\u00e4t\u00f6 (manuaalinen) tai kolmevaihteinen (kaukos\u00e4\u00e4din), enimm\u00e4isnopeus 5 km\/h<br \/>\n<br \/>\u25cf Kaksi ajotilaa: manuaalisesti ohjauspy\u00f6r\u00e4ll\u00e4 tai 2,4G-kaukos\u00e4\u00e4timell\u00e4<br \/>\n<br \/>\u25cf Musiikkitoiminto, multimediakeskus ja USB-tulo, AUX-liit\u00e4nt\u00e4 (kaapelilla)<br \/>\n<br \/>\u25cf Asennus vaaditaan<br \/>\n\n   <\/div><\/div><\/div>\n<\/div>\n<div class=\"lc-1\">\n<div class=\"f-line\">\n<div class=\"fts\">\n<div>\n    <strong>Tekniset tiedot:<\/strong>\n   <\/div>\n<div>\n-V\u00e4ri: Musta<br \/>\n<br \/>-Materiaali: PP, metalli<br \/>\n<br \/>-Kokonaismitat: 110x68x52 cm (PxKxK)<br \/>\n<br \/>-Istuimen mitat: 39 \u00d7 21,5 \u00d7 14 cm (istuimesta lattiaan)<br \/>\n<br \/>-Py\u00f6rien mitat: \u00d8 23,5 cm<br \/>\n<br \/>-Nopeus: 3-5 km\/h<br \/>\n<br \/>-Akku: 12V 4,5Ah x 1<br \/>\n<br \/>-Moottori: 30W x 2<br \/>\n<br \/>-Komentoalue: 25 m<br \/>\n<br \/>-Latausaika: 8\u201312 tuntia<br \/>\n<br \/>-Akkukesto: 1 tunti (t\u00e4ydell\u00e4 kuormalla)<br \/>\n<br \/>-Suositeltu ik\u00e4: 37\u201372 kuukautta<br \/>\n<br \/>-Sertifioinnit: 71-1-2-3, 62115, EMC, ROHS, ERP, MSDS<br \/>\n<br \/>-Suurin kuorma: 30 kg<br \/>\n<br \/>-Paristot: 2 x AA (eiv\u00e4t sis\u00e4lly toimitukseen)<br \/>\n<br \/>-Viite: 370-217V90BK<br \/>\n<br \/>Huomautus: K\u00e4yt\u00e4 aina aikuisen valvonnassa<br \/>\n\n   <\/div><\/div><\/div>\n<\/div>\n<div>\n <img decoding=\"async\" width=\"1000    \" height=\"35\" src=\"https:\/\/ae01.alicdn.com\/kf\/HTB1KhgjkfiSBuNkSnhJq6zDcpXaR.jpg\" slate-data-type=\"image\" \/>\n<\/div>\n<div class=\"content01\">\n<div class=\"content_img\">\n  <img decoding=\"async\" width=\"1000\" src=\"https:\/\/ae04.alicdn.com\/kf\/S6f3232904d2d430eb1080880defcc687L.jpg\" slate-data-type=\"image\" \/>\n <\/div>\n<div class=\"content_img\">\n  <img decoding=\"async\" width=\"1000\" src=\"https:\/\/ae04.alicdn.com\/kf\/S98e47e773a424676a86e44a825a1172ax.jpg\" slate-data-type=\"image\" \/>\n <\/div>\n<div class=\"content_img\">\n  <img decoding=\"async\" width=\"1000\" src=\"https:\/\/ae04.alicdn.com\/kf\/S78adacce884e4e2d8251152be20733aaS.jpg\" slate-data-type=\"image\" \/>\n <\/div>\n<div class=\"content_img\">\n  <img decoding=\"async\" width=\"1000\" src=\"https:\/\/ae04.alicdn.com\/kf\/Sd1e4a1047ce1470bb1f19770adab455cM.jpg\" slate-data-type=\"image\" \/>\n <\/div>\n<div class=\"content_img\">\n  <img decoding=\"async\" width=\"1000\" src=\"https:\/\/ae04.alicdn.com\/kf\/S8ab3209f2944438c9bfc6e4e87a79226e.jpg\" slate-data-type=\"image\" \/>\n <\/div>\n<div class=\"content_img\">\n  <img decoding=\"async\" width=\"1000\" src=\"https:\/\/ae04.alicdn.com\/kf\/S7b1ac00abd2942d2904710caea873118f.jpg\" slate-data-type=\"image\" \/>\n <\/div>\n<\/div>\n<div>\n <img fetchpriority=\"high\" decoding=\"async\" width=\"1000\" height=\"1881\" src=\"https:\/\/ae01.alicdn.com\/kf\/Ua8ece3e103ed470793ec3cb15da8a01fz.jpg\" slate-data-type=\"image\" \/>\n<\/div>\n<p><\/p>\n<\/div>\n<\/div>","protected":false},"excerpt":{"rendered":"<p>Brand Name:&nbsp;HOMCOM Features:&nbsp;Ride On If you are looking for a children&#8217;s electric vehicle for your children, check out This HOMCOM children&#8217;s car. It has USB slot, TF and an auxiliary<\/p>","protected":false},"featured_media":24677,"comment_status":"open","ping_status":"closed","template":"","meta":{"_acf_changed":false},"product_brand":[],"product_cat":[15],"product_tag":[],"class_list":{"0":"post-24676","1":"product","2":"type-product","3":"status-publish","4":"has-post-thumbnail","6":"product_cat-o","8":"first","9":"instock","10":"shipping-taxable","11":"purchasable","12":"product-type-variable"},"acf":[],"_links":{"self":[{"href":"https:\/\/electricstore.eu\/fi\/wp-json\/wp\/v2\/product\/24676","targetHints":{"allow":["GET"]}}],"collection":[{"href":"https:\/\/electricstore.eu\/fi\/wp-json\/wp\/v2\/product"}],"about":[{"href":"https:\/\/electricstore.eu\/fi\/wp-json\/wp\/v2\/types\/product"}],"replies":[{"embeddable":true,"href":"https:\/\/electricstore.eu\/fi\/wp-json\/wp\/v2\/comments?post=24676"}],"wp:featuredmedia":[{"embeddable":true,"href":"https:\/\/electricstore.eu\/fi\/wp-json\/wp\/v2\/media\/24677"}],"wp:attachment":[{"href":"https:\/\/electricstore.eu\/fi\/wp-json\/wp\/v2\/media?parent=24676"}],"wp:term":[{"taxonomy":"product_brand","embeddable":true,"href":"https:\/\/electricstore.eu\/fi\/wp-json\/wp\/v2\/product_brand?post=24676"},{"taxonomy":"product_cat","embeddable":true,"href":"https:\/\/electricstore.eu\/fi\/wp-json\/wp\/v2\/product_cat?post=24676"},{"taxonomy":"product_tag","embeddable":true,"href":"https:\/\/electricstore.eu\/fi\/wp-json\/wp\/v2\/product_tag?post=24676"}],"curies":[{"name":"wp","href":"https:\/\/api.w.org\/{rel}","templated":true}]}}