{"id":24647,"date":"2025-05-20T18:41:20","date_gmt":"2025-05-20T18:41:20","guid":{"rendered":"https:\/\/electricstore.eu\/p\/uncategorized\/homcom-childrens-electric-motorcycle-car-tricycle-vespa-battery-powered-electric-scooter-with-light-mp3-usb-children-3-6-years\/"},"modified":"2025-05-20T18:41:40","modified_gmt":"2025-05-20T18:41:40","slug":"homcom-childrens-electric-motorcycle-car-tricycle-vespa-battery-powered-electric-scooter-with-light-mp3-usb-children-3-6-years","status":"publish","type":"product","link":"https:\/\/electricstore.eu\/fi\/p\/motorbikes\/electric-children-motorbikes\/homcom-childrens-electric-motorcycle-car-tricycle-vespa-battery-powered-electric-scooter-with-light-mp3-usb-children-3-6-years\/","title":{"rendered":"Homcom lasten s\u00e4hk\u00f6moottoripy\u00f6r\u00e4 auto kolmipy\u00f6r\u00e4 Vespa akkuk\u00e4ytt\u00f6inen s\u00e4hk\u00f6potkulauta valolla Mp3 USB lapset 3-6 vuotta"},"content":{"rendered":"<div class=\"product-specs-list-container\">\n<ul class=\"product-specs-list util-clearfix\">\n<li class=\"product-prop line-limit-length\"><span\n                                        class=\"property-title\">Tuotemerkki:&nbsp;<\/span><span\n                                        class=\"property-desc line-limit-length\">HOMCOM<\/span>\n                            <\/li>\n<li class=\"product-prop line-limit-length\"><span\n                                        class=\"property-title\">Ominaisuudet:&nbsp;<\/span><span\n                                        class=\"property-desc line-limit-length\">Aja eteenp\u00e4in<\/span>\n                            <\/li>\n<li class=\"product-prop line-limit-length\"><span\n                                        class=\"property-title\">Todistus:&nbsp;<\/span><span\n                                        class=\"property-desc line-limit-length\"><\/span>\n                            <\/li>\n<\/ul><\/div>\n<div class=\"detailmodule_html\">\n<div class=\"detail-desc-decorate-richtext\">\n<div class=\"detailmodule_html\">\n<div class=\"detail-desc-decorate-richtext\">\n<div>Kukapa poika tai tytt\u00f6 ei haluaisi t\u00e4llaista moottoripy\u00f6r\u00e4\u00e4? Se on 6 V:n moottoripy\u00f6r\u00e4, jossa on kaunis Vespa-muotoilu. Siin\u00e4 on monia ominaisuuksia, jotka muistuttavat oikeaa moottoripy\u00f6r\u00e4\u00e4: LED-ajovalot, LED-takavalot, musiikki, USB- ja MP3-liit\u00e4nt\u00e4 jne. Pienokaiset voivat nauttia t\u00e4m\u00e4n moottoripy\u00f6r\u00e4n ajamisesta matkien aikuisia. Lis\u00e4ksi t\u00e4m\u00e4 lelu auttaa kehitt\u00e4m\u00e4\u00e4n lasten tasapainokyky\u00e4 tuntikausia hauskanpitoa ja viihdett\u00e4 ajaessasi!<\/p>\n<\/div>\n<div class=\"detailmodule_html\">\n<div class=\"detail-desc-decorate-richtext\">\n<div class=\"lc-1\">\n<div class=\"f-line\">\n<div class=\"fts\">\n<div><strong>Ominaisuudet:<\/strong><br \/>\u2022 sopii yli 3-vuotiaille lapsille<br \/>\u2022 2 apupy\u00f6r\u00e4\u00e4 helppoa ja turvallista oppimista ja nopeaa etenemist\u00e4 varten<br \/>\u2022 LED-valot, monitoiminen mp3-soitin (usb-liit\u00e4nt\u00e4, mp3-liit\u00e4nt\u00e4)<br \/>\u2022 musiikkipainikkeet ohjaustangossa<br \/>\u2022 6 V:n moottori tarjoaa hyv\u00e4n takavedon. Pitk\u00e4 akunkesto, noin 45 minuuttia jatkuvaa k\u00e4ytt\u00f6\u00e4 t\u00e4yden latauksen j\u00e4lkeen<br \/>\u2022 siin\u00e4 on kaasu- ja akkun\u00e4ytt\u00f6<br \/>\u2022 ergonominen istuin lis\u00e4\u00e4 k\u00e4ytt\u00f6mukavuutta<br \/>\u2022 suunnittelu ja valmistus korkealaatuisista materiaaleista<br \/>\u2022 sis\u00e4lt\u00e4\u00e4 kuvitetun kokoamisohjeen<br \/>\u2022 huomautus: suositellaan k\u00e4ytett\u00e4v\u00e4ksi aikuisen valvonnassa ja maastossa<\/p>\n<p><\/div>\n<\/div>\n<\/div>\n<\/div>\n<div class=\"lc-1\">\n<div class=\"f-line\">\n<div class=\"fts\">\n<div><strong>Tekniset tiedot:<\/strong><br \/>\u2022 v\u00e4ri: valkoinen<br \/>\u2022 materiaali: metalli ja pp<br \/>\u2022 kokonaismitat: 102 \u00d7 50,5 \u00d7 75,5 cm (p \u00d7 l \u00d7 k)<br \/>\u2022 py\u00f6r\u00e4n koko: \u0444 23 \u00d7 7,5 cm (syv. \u00d7 l.)<br \/>\u2022 nopeus: 3 km\/h<br \/>\u2022 latausaika: 8\u201312 tuntia<br \/>\u2022 jatkuva k\u00e4ytt\u00f6aika (t\u00e4ydell\u00e4 kuormalla): 45 min<br \/>\u2022 1 x akku: 6 V, 4,5 Ah<br \/>\u2022 laturi: 6v, 500mA<br \/>\u2022 nettopaino: 9 kg<br \/>\u2022 maks. Kantavuus: 30 kg<br \/>\u2022 viite: 370-056wt<\/p>\n<p><\/div>\n<\/div>\n<\/div>\n<\/div>\n<div><img decoding=\"async\" width=\"1000    \" height=\"35\" src=\"https:\/\/ae01.alicdn.com\/kf\/HTB1KhgjkfiSBuNkSnhJq6zDcpXaR.jpg\" slate-data-type=\"image\"><\/div>\n<div class=\"content01\">\n<div class=\"content_img\"><img decoding=\"async\" width=\"1000\" src=\"https:\/\/ae01.alicdn.com\/kf\/H457e9c1eb0974c0b8b3bf67c52b90c49b.jpg\" slate-data-type=\"image\"><\/div>\n<div class=\"content_img\"><img decoding=\"async\" width=\"1000\" src=\"https:\/\/ae01.alicdn.com\/kf\/Hadd6da9afe684c2f9e7fd056d7442f60L.jpg\" slate-data-type=\"image\"><\/div>\n<div class=\"content_img\"><img decoding=\"async\" width=\"1000\" src=\"https:\/\/ae01.alicdn.com\/kf\/Hfef0079999114ff7b8c90a1babe10782b.jpg\" slate-data-type=\"image\"><\/div>\n<div class=\"content_img\"><img decoding=\"async\" width=\"1000\" src=\"https:\/\/ae01.alicdn.com\/kf\/H8cf715138298418b9df8ad8aa24f010fX.jpg\" slate-data-type=\"image\"><\/div>\n<div class=\"content_img\"><img decoding=\"async\" width=\"1000\" src=\"https:\/\/ae01.alicdn.com\/kf\/H0c9561b7888241fc87ecc1faa2fde219D.jpg\" slate-data-type=\"image\"><\/div>\n<div class=\"content_img\"><img decoding=\"async\" width=\"1000\" src=\"https:\/\/ae01.alicdn.com\/kf\/Hdc550bae15ed490090cfc58fd425ac00w.jpg\" slate-data-type=\"image\"><\/div>\n<div class=\"content_img\"><img decoding=\"async\" width=\"1000\" src=\"https:\/\/gsp.aliexpress.com\/apps\/product\/publish?spm=5261.ProductManageOnline.0.0.15744edfeo3LUe&amp;productId=1005002294169068\" slate-data-type=\"image\"><\/div>\n<div class=\"content_img\"><img decoding=\"async\" width=\"1000\" src=\"https:\/\/gsp.aliexpress.com\/apps\/product\/publish?spm=5261.ProductManageOnline.0.0.15744edfeo3LUe&amp;productId=1005002294169068\" slate-data-type=\"image\"><\/div>\n<\/div>\n<div><img fetchpriority=\"high\" decoding=\"async\" width=\"1000\" height=\"1881\" src=\"https:\/\/ae01.alicdn.com\/kf\/HTB1i.OtVMHqK1RjSZFkq6x.WFXaT.jpg\" slate-data-type=\"image\"><\/div>\n<\/div>\n<\/div>\n<p><\/p>\n<\/div>\n<\/div>\n<\/div>\n<\/div>","protected":false},"excerpt":{"rendered":"<p>Brand Name:&nbsp;HOMCOM Features:&nbsp;Ride On Certificate:&nbsp; What boy or girl&#8217;t want a motorcycle like this?It is a 6v motorcycle with a beautiful vespa design.It has many features to approach real motorcycle:<\/p>","protected":false},"featured_media":24648,"comment_status":"open","ping_status":"closed","template":"","meta":{"_acf_changed":false},"product_brand":[],"product_cat":[313],"product_tag":[],"class_list":{"0":"post-24647","1":"product","2":"type-product","3":"status-publish","4":"has-post-thumbnail","6":"product_cat-electric-children-motorbikes","8":"first","9":"instock","10":"shipping-taxable","11":"purchasable","12":"product-type-variable"},"acf":[],"_links":{"self":[{"href":"https:\/\/electricstore.eu\/fi\/wp-json\/wp\/v2\/product\/24647","targetHints":{"allow":["GET"]}}],"collection":[{"href":"https:\/\/electricstore.eu\/fi\/wp-json\/wp\/v2\/product"}],"about":[{"href":"https:\/\/electricstore.eu\/fi\/wp-json\/wp\/v2\/types\/product"}],"replies":[{"embeddable":true,"href":"https:\/\/electricstore.eu\/fi\/wp-json\/wp\/v2\/comments?post=24647"}],"wp:featuredmedia":[{"embeddable":true,"href":"https:\/\/electricstore.eu\/fi\/wp-json\/wp\/v2\/media\/24648"}],"wp:attachment":[{"href":"https:\/\/electricstore.eu\/fi\/wp-json\/wp\/v2\/media?parent=24647"}],"wp:term":[{"taxonomy":"product_brand","embeddable":true,"href":"https:\/\/electricstore.eu\/fi\/wp-json\/wp\/v2\/product_brand?post=24647"},{"taxonomy":"product_cat","embeddable":true,"href":"https:\/\/electricstore.eu\/fi\/wp-json\/wp\/v2\/product_cat?post=24647"},{"taxonomy":"product_tag","embeddable":true,"href":"https:\/\/electricstore.eu\/fi\/wp-json\/wp\/v2\/product_tag?post=24647"}],"curies":[{"name":"wp","href":"https:\/\/api.w.org\/{rel}","templated":true}]}}