{"id":24638,"date":"2025-05-20T18:41:15","date_gmt":"2025-05-20T18:41:15","guid":{"rendered":"https:\/\/electricstore.eu\/p\/uncategorized\/homcom-electric-car-for-child-3-years-outdoor-with-remote-control-music-lights-2-door-opening-30kg-115x70x55cm\/"},"modified":"2025-05-20T18:41:40","modified_gmt":"2025-05-20T18:41:40","slug":"homcom-electric-car-for-child-3-years-outdoor-with-remote-control-music-lights-2-door-opening-30kg-115x70x55cm","status":"publish","type":"product","link":"https:\/\/electricstore.eu\/fi\/p\/o\/homcom-electric-car-for-child-3-years-outdoor-with-remote-control-music-lights-2-door-opening-30kg-115x70x55cm\/","title":{"rendered":"HOMCOM s\u00e4hk\u00f6auto lapsille + 3 vuotta ulkok\u00e4ytt\u00f6\u00f6n kauko-ohjattavilla musiikkivaloilla 2 ovenavauksella 30kg 115x70x55cm"},"content":{"rendered":"<div class=\"product-specs-list-container\">\n<ul class=\"product-specs-list util-clearfix\">\n<li class=\"product-prop line-limit-length\"><span\n                                        class=\"property-title\">Tuotemerkki:&nbsp;<\/span><span\n                                        class=\"property-desc line-limit-length\">HOMCOM<\/span>\n                            <\/li>\n<li class=\"product-prop line-limit-length\"><span\n                                        class=\"property-title\">Alkuper\u00e4:&nbsp;<\/span><span\n                                        class=\"property-desc line-limit-length\">Manner-Kiina<\/span>\n                            <\/li>\n<li class=\"product-prop line-limit-length\"><span\n                                        class=\"property-title\">Ominaisuudet:&nbsp;<\/span><span\n                                        class=\"property-desc line-limit-length\">Aja eteenp\u00e4in<\/span>\n                            <\/li>\n<\/ul><\/div>\n<div class=\"detailmodule_html\">\n<div class=\"detail-desc-decorate-richtext\">\n<p>T\u00e4t\u00e4 lasten akkuautoa, jossa on eteen- ja taaksep\u00e4in ajo, voidaan ohjata manuaalisesti lasten toimesta tai vanhempien kaukos\u00e4\u00e4timell\u00e4. N\u00e4in ajoneuvon liikuttaminen tai aikuisen ohjaaminen on eritt\u00e4in helppoa. Lapset pit\u00e4v\u00e4t hauskaa toimivien valojen kanssa, kuuntelevat musiikkia MP3-muodossa TF-lukijan ja USB-portin ansiosta tai ajavat mukavasti k\u00e4yt\u00e4nn\u00f6llisen ohjauspy\u00f6r\u00e4n avulla ja turvallisesti turvavy\u00f6n ansiosta.<\/p>\n<p><\/p>\n<div class=\"detailmodule_html\">\n<div class=\"detail-desc-decorate-richtext\">\n<div class=\"lc-1\">\n<div class=\"f-line\">\n<div class=\"fts\">\n<div><strong>Ominaisuudet:<\/strong><\/div>\n<\/div>\n<\/div>\n<\/div>\n<\/div>\n<\/div>\n<p>\u25cf T\u00e4m\u00e4 lasten akkuauto toimii kaasupolkimella ja ohjauspy\u00f6r\u00e4ll\u00e4;<\/p>\n<p>\u25cf Sis\u00e4lt\u00e4\u00e4 TF-korttipaikat ja USB-portin MP3-musiikin toistamiseen;<\/p>\n<p>\u25cf Tarinankerrontatila ja englannin oppiminen;<\/p>\n<p>\u25cf Siin\u00e4 on kaksi 12 V\/30 W moottoria ja t\u00e4yteen ladattuna akku tarjoaa noin tunnin toiminta-ajan;<\/p>\n<p>\u25cf Etu- ja takavalot todella toimivat;<\/p>\n<p>\u25cf Sis\u00e4lt\u00e4\u00e4 akun j\u00e4ljell\u00e4 olevan varauksen ilmaisimen;<\/p>\n<p>\u25cf Kaukos\u00e4\u00e4din vanhempien valvontaa varten;<\/p>\n<p>\u25cf Vaatii asennuksen<\/p>\n<p><\/p>\n<div class=\"detailmodule_html\">\n<div class=\"detail-desc-decorate-richtext\">\n<div class=\"lc-1\">\n<div class=\"f-line\">\n<div class=\"fts\">\n<div><strong>Tekniset tiedot:<\/strong><\/div>\n<\/div>\n<\/div>\n<\/div>\n<\/div>\n<\/div>\n<p>\u25cf V\u00e4ri: Punainen;<\/p>\n<p>\u25cf Materiaali: PP, metalli;<\/p>\n<p>\u25cf Kokonaismitat: 102 x 60 x 44 cm (P x A x K);<\/p>\n<p>\u25cf Istuimen mitat: 35,5 \u00d7 19,5 \u00d7 21,5 cm (P \u00d7 AN \u00d7 AL);<\/p>\n<p>\u25cf Renkaiden mitat: \u00d8 21 \u00d7 6,5 cm (halkaisija 11 \u00d7 6,5 cm);<\/p>\n<p>\u25cfLatausaika: 8\u201312 tuntia;<\/p>\n<p>\u25cf Moottori: 30 W;<\/p>\n<p>\u25cf Laturi: 12V \/ 500MA;<\/p>\n<p>\u25cf Suositeltu ik\u00e4: 3\u20135 vuotta;<\/p>\n<p>\u25cf Enimm\u00e4iskuormitus: 25 kg;<\/p>\n<p>\u25cf Viite: 370-079V90D<\/p>\n<p><\/p>\n<p><img decoding=\"async\" src=\"https:\/\/ae01.alicdn.com\/kf\/HTB1KhgjkfiSBuNkSnhJq6zDcpXaR.jpg\" slate-data-type=\"image\"\/><\/p>\n<\/p>\n<p><img decoding=\"async\" src=\"https:\/\/ae01.alicdn.com\/kf\/S8f0b0bcc1bbb489ea861b651b5af8d5aJ.jpg\" slate-data-type=\"image\"\/><img decoding=\"async\" src=\"https:\/\/ae01.alicdn.com\/kf\/Se8c6f2a1a4214ead87fb5b19710ddec0z.jpg\" slate-data-type=\"image\"\/><img decoding=\"async\" src=\"https:\/\/ae01.alicdn.com\/kf\/Sb5e6a314294a4c6f8d8585f79dd715b20.jpg\" slate-data-type=\"image\"\/><img decoding=\"async\" src=\"https:\/\/ae01.alicdn.com\/kf\/S807d823845b448c8b7f8eb1ddc4b4e2ed.jpg\" slate-data-type=\"image\"\/><img decoding=\"async\" src=\"https:\/\/ae01.alicdn.com\/kf\/S70fa9c78f16e4272b24bedaffe02d853R.jpg\" slate-data-type=\"image\"\/><img decoding=\"async\" src=\"https:\/\/ae01.alicdn.com\/kf\/S35bf9aec658f488583003bec3fe69ae9z.jpg\" slate-data-type=\"image\"\/><img decoding=\"async\" src=\"https:\/\/ae01.alicdn.com\/kf\/HTB1i.OtVMHqK1RjSZFkq6x.WFXaT.jpg\" slate-data-type=\"image\"\/><\/p>\n<p><img decoding=\"async\" width=\"750\" height=\"auto\" src=\"https:\/\/ae01.alicdn.com\/kf\/S11b87778fb234582a169c08233ec9094s.png\" slate-data-type=\"image\"\/><\/p>\n<\/div>\n<\/div>","protected":false},"excerpt":{"rendered":"<p>Brand Name:&nbsp;HOMCOM Origin:&nbsp;Mainland China Features:&nbsp;Ride On This children&#8217;s battery car with forward and backward driving, can be controlled manually by children or by parents with remote control. Thus, moving the<\/p>","protected":false},"featured_media":24639,"comment_status":"open","ping_status":"closed","template":"","meta":{"_acf_changed":false},"product_brand":[],"product_cat":[15],"product_tag":[],"class_list":{"0":"post-24638","1":"product","2":"type-product","3":"status-publish","4":"has-post-thumbnail","6":"product_cat-o","8":"first","9":"instock","10":"shipping-taxable","11":"purchasable","12":"product-type-variable"},"acf":[],"_links":{"self":[{"href":"https:\/\/electricstore.eu\/fi\/wp-json\/wp\/v2\/product\/24638","targetHints":{"allow":["GET"]}}],"collection":[{"href":"https:\/\/electricstore.eu\/fi\/wp-json\/wp\/v2\/product"}],"about":[{"href":"https:\/\/electricstore.eu\/fi\/wp-json\/wp\/v2\/types\/product"}],"replies":[{"embeddable":true,"href":"https:\/\/electricstore.eu\/fi\/wp-json\/wp\/v2\/comments?post=24638"}],"wp:featuredmedia":[{"embeddable":true,"href":"https:\/\/electricstore.eu\/fi\/wp-json\/wp\/v2\/media\/24639"}],"wp:attachment":[{"href":"https:\/\/electricstore.eu\/fi\/wp-json\/wp\/v2\/media?parent=24638"}],"wp:term":[{"taxonomy":"product_brand","embeddable":true,"href":"https:\/\/electricstore.eu\/fi\/wp-json\/wp\/v2\/product_brand?post=24638"},{"taxonomy":"product_cat","embeddable":true,"href":"https:\/\/electricstore.eu\/fi\/wp-json\/wp\/v2\/product_cat?post=24638"},{"taxonomy":"product_tag","embeddable":true,"href":"https:\/\/electricstore.eu\/fi\/wp-json\/wp\/v2\/product_tag?post=24638"}],"curies":[{"name":"wp","href":"https:\/\/api.w.org\/{rel}","templated":true}]}}