{"id":24626,"date":"2025-05-20T18:41:10","date_gmt":"2025-05-20T18:41:10","guid":{"rendered":"https:\/\/electricstore.eu\/p\/uncategorized\/homcom-electric-quad-for-children-18-36-months-6v-advance-reverse-72x40x455cm\/"},"modified":"2025-05-20T18:41:22","modified_gmt":"2025-05-20T18:41:22","slug":"homcom-electric-quad-for-children-18-36-months-6v-advance-reverse-72x40x455cm","status":"publish","type":"product","link":"https:\/\/electricstore.eu\/fi\/p\/o\/homcom-electric-quad-for-children-18-36-months-6v-advance-reverse-72x40x455cm\/","title":{"rendered":"HOMCOM s\u00e4hk\u00f6inen m\u00f6nkij\u00e4 lapsille 18-36 kuukautta 6V Advance Reverse 72x40x45,5cm"},"content":{"rendered":"<div class=\"product-specs-list-container\">\n<ul class=\"product-specs-list util-clearfix\">\n<li class=\"product-prop line-limit-length\"><span\n                                        class=\"property-title\">Tuotemerkki:&nbsp;<\/span><span\n                                        class=\"property-desc line-limit-length\">HOMCOM<\/span>\n                            <\/li>\n<li class=\"product-prop line-limit-length\"><span\n                                        class=\"property-title\">Ominaisuudet:&nbsp;<\/span><span\n                                        class=\"property-desc line-limit-length\">Aja eteenp\u00e4in<\/span>\n                            <\/li>\n<\/ul><\/div>\n<div class=\"detailmodule_html\">\n<div class=\"detail-desc-decorate-richtext\">\n<p>Oletko n\u00e4hnyt t\u00e4m\u00e4n HOMCOM-s\u00e4hk\u00f6m\u00f6nkij\u00e4n? Se on hyv\u00e4 tapa pienille nauttia ulkoilusta. Jopa 50 minuutin toimintas\u00e4de t\u00e4yden latauksen j\u00e4lkeen antaa heille mahdollisuuden ajaa suosikkipaikoissaan kuin oikeilla kuljettajilla. Nelj\u00e4n ison py\u00f6r\u00e4n, tukevan ohjaustangon ja eteen- ja taaksep\u00e4in -painikkeen ansiosta t\u00e4m\u00e4 akkuk\u00e4ytt\u00f6inen ajoneuvo tarjoaa realistisimman ajokokemuksen, jotta lapset voivat pit\u00e4\u00e4 hauskaa.<\/p>\n<div class=\"detailmodule_html\">\n<div class=\"detail-desc-decorate-richtext\">\n<div style=\"overflow:visible;height:auto\" class=\"lc-1\">\n<div class=\"f-line\">\n<div class=\"fts\">\n<div>\u00a0<\/div>\n<\/div>\n<\/div>\n<\/div>\n<div class=\"lc-1\">\n<div class=\"f-line\">\n<div class=\"fts\">\n<div><strong>Ominaisuudet:<\/strong><\/div>\n<div>\u25cf S\u00e4hk\u00f6k\u00e4ytt\u00f6inen lasten ajoneuvo, jolla on eritt\u00e4in realistinen muotoilu ja turvallinen 2,8\u20134,6 km\/h nopeus;<\/div>\n<div>\u25cf Helppok\u00e4ytt\u00f6inen, eteenp\u00e4in- ja taaksep\u00e4in-painikkeet ohjaustangon l\u00e4hell\u00e4;<\/div>\n<div>\u25cf 4 eritt\u00e4in leve\u00e4\u00e4 rengasta turvalliseen ja tasaiseen ajoon;<\/div>\n<div>\u25cf T\u00e4yden latauksen j\u00e4lkeen sen toiminta-aika on jopa 50 minuuttia;<\/div>\n<div>\u25cf Siin\u00e4 on koukku auton etuosassa, joten jos akku loppuu tai lapsi kyll\u00e4styy m\u00f6nkij\u00e4ll\u00e4 ajamiseen, voit vet\u00e4\u00e4 sit\u00e4;<\/div>\n<div>\u25cf Asennus vaaditaan;<\/div>\n<div>\u25cf T\u00e4rke\u00e4\u00e4: K\u00e4yt\u00e4 aina aikuisen valvonnassa;<\/div>\n<div><\/div>\n<\/div>\n<\/div>\n<\/div>\n<div class=\"lc-1\">\n<div class=\"f-line\">\n<div class=\"fts\">\n<div><strong>Tekniset tiedot:<\/strong><\/div>\n<\/div>\n<\/div>\n<\/div>\n<\/div>\n<\/div>\n<p>\u25cf V\u00e4ri: Vaaleanpunainen;<\/p>\n<p>\u25cf Materiaali: PP ja metalli;<\/p>\n<p>\u25cf Kokonaismitat: 72 x 40 x 45,5 cm (P x A x K);<\/p>\n<p>\u25cf Istuimen mitat: 31,5 x 15 x 30 cm (P x A x K);<\/p>\n<p>\u25cf Py\u00f6r\u00e4n halkaisija: \u00d8 19,5 cm;<\/p>\n<p>\u25cf Akku: 6 V, 4,5 A;<\/p>\n<p>\u25cf Laturi: 6V, 500MA;<\/p>\n<p>\u25cf Latausaika: 8\u201312 tuntia;<\/p>\n<p>\u25cf Akunkesto: 50 minuuttia;<\/p>\n<p>\u25cf Huippunopeus: 2,8\u20134,6 km\/h;<\/p>\n<p>\u25cf Suositeltu ik\u00e4: 18\u201336 kuukautta;<\/p>\n<p>\u25cf Suurin tuettu paino: 20 kg;<\/p>\n<p>\u25cf Sertifioinnit: EN71-1.2.3 ja EN62115;<\/p>\n<p>\u25cf Viite: 370-166V90PK;<\/p>\n<div class=\"detailmodule_html\">\n<div class=\"detail-desc-decorate-richtext\">\n<div class=\"lc-1\">\n<div class=\"f-line\">\n<div class=\"fts\">\n<div><img decoding=\"async\" width=\"1000    \" height=\"35\" src=\"https:\/\/ae01.alicdn.com\/kf\/HTB1KhgjkfiSBuNkSnhJq6zDcpXaR.jpg\" slate-data-type=\"image\"\/><\/div>\n<\/div>\n<\/div>\n<\/div>\n<\/div>\n<\/div>\n<p><img decoding=\"async\" src=\"https:\/\/ae01.alicdn.com\/kf\/S2695d8ea214049228bd1bd8d40b65a45t.jpg\" slate-data-type=\"image\"\/><img decoding=\"async\" src=\"https:\/\/ae01.alicdn.com\/kf\/Se9cba31ec7404a47ac5c51a54c1d3b19p.jpg\" slate-data-type=\"image\"\/><img decoding=\"async\" src=\"https:\/\/ae01.alicdn.com\/kf\/S220f86688bdc47d78e070fcef5e64ce09.jpg\" slate-data-type=\"image\"\/><img decoding=\"async\" src=\"https:\/\/ae01.alicdn.com\/kf\/S2c4775c9cb9d4583acacc67115bead4bs.jpg\" slate-data-type=\"image\"\/><\/p>\n<div class=\"detailmodule_html\">\n<div class=\"detail-desc-decorate-richtext\">\n<div><img fetchpriority=\"high\" decoding=\"async\" width=\"1000\" height=\"1881\" src=\"https:\/\/ae01.alicdn.com\/kf\/Ua8ece3e103ed470793ec3cb15da8a01fz.jpg\" slate-data-type=\"image\"\/><\/div>\n<\/div>\n<\/div>\n<p><\/p>\n<\/div>\n<\/div>","protected":false},"excerpt":{"rendered":"<p>Brand Name:&nbsp;HOMCOM Features:&nbsp;Ride On Have You Seen This HOMCOM electric quad? It is a good way for the little ones to enjoy outdoors. With a range of up to 50<\/p>","protected":false},"featured_media":24628,"comment_status":"open","ping_status":"closed","template":"","meta":{"_acf_changed":false},"product_brand":[],"product_cat":[15],"product_tag":[],"class_list":{"0":"post-24626","1":"product","2":"type-product","3":"status-publish","4":"has-post-thumbnail","6":"product_cat-o","8":"first","9":"instock","10":"shipping-taxable","11":"purchasable","12":"product-type-variable"},"acf":[],"_links":{"self":[{"href":"https:\/\/electricstore.eu\/fi\/wp-json\/wp\/v2\/product\/24626","targetHints":{"allow":["GET"]}}],"collection":[{"href":"https:\/\/electricstore.eu\/fi\/wp-json\/wp\/v2\/product"}],"about":[{"href":"https:\/\/electricstore.eu\/fi\/wp-json\/wp\/v2\/types\/product"}],"replies":[{"embeddable":true,"href":"https:\/\/electricstore.eu\/fi\/wp-json\/wp\/v2\/comments?post=24626"}],"wp:featuredmedia":[{"embeddable":true,"href":"https:\/\/electricstore.eu\/fi\/wp-json\/wp\/v2\/media\/24628"}],"wp:attachment":[{"href":"https:\/\/electricstore.eu\/fi\/wp-json\/wp\/v2\/media?parent=24626"}],"wp:term":[{"taxonomy":"product_brand","embeddable":true,"href":"https:\/\/electricstore.eu\/fi\/wp-json\/wp\/v2\/product_brand?post=24626"},{"taxonomy":"product_cat","embeddable":true,"href":"https:\/\/electricstore.eu\/fi\/wp-json\/wp\/v2\/product_cat?post=24626"},{"taxonomy":"product_tag","embeddable":true,"href":"https:\/\/electricstore.eu\/fi\/wp-json\/wp\/v2\/product_tag?post=24626"}],"curies":[{"name":"wp","href":"https:\/\/api.w.org\/{rel}","templated":true}]}}