{"id":24321,"date":"2025-05-20T18:35:33","date_gmt":"2025-05-20T18:35:33","guid":{"rendered":"https:\/\/electricstore.eu\/p\/uncategorized\/hyper-gogo-pioneer-12-electric-chopper-motorcycle-for-kids-24v-5-2ah-160w-with-12x3-tires-8-12-16-km-h-speed-12-km-max-range\/"},"modified":"2025-05-20T18:35:56","modified_gmt":"2025-05-20T18:35:56","slug":"hyper-gogo-pioneer-12-electric-chopper-motorcycle-for-kids-24v-5-2ah-160w-with-12x3-tires-8-12-16-km-h-speed-12-km-max-range","status":"publish","type":"product","link":"https:\/\/electricstore.eu\/fi\/p\/motorbikes\/electric-children-motorbikes\/hyper-gogo-pioneer-12-electric-chopper-motorcycle-for-kids-24v-5-2ah-160w-with-12x3-tires-8-12-16-km-h-speed-12-km-max-range\/","title":{"rendered":"HYPER GOGO Pioneer 12 s\u00e4hk\u00f6k\u00e4ytt\u00f6inen chopper-moottoripy\u00f6r\u00e4 lapsille 24V 5.2Ah 160W 12&#039;x3&#039; renkailla, 8\/12\/16 km\/h nopeus, 12 km:n enimm\u00e4iskantama"},"content":{"rendered":"<div class=\"product-specs-list-container\">\n<ul class=\"product-specs-list util-clearfix\">\n<li class=\"product-prop line-limit-length\"><span\n                                        class=\"property-title\">Mallinumero:&nbsp;<\/span><span\n                                        class=\"property-desc line-limit-length\">Pioneer 12<\/span>\n                            <\/li>\n<li class=\"product-prop line-limit-length\"><span\n                                        class=\"property-title\">Rengasnumero:&nbsp;<\/span><span\n                                        class=\"property-desc line-limit-length\">Kaksi<\/span>\n                            <\/li>\n<li class=\"product-prop line-limit-length\"><span\n                                        class=\"property-title\">Suositeltu ik\u00e4:&nbsp;<\/span><span\n                                        class=\"property-desc line-limit-length\">6\u201312-vuotiaat, 14+-vuotiaat<\/span>\n                            <\/li>\n<li class=\"product-prop line-limit-length\"><span\n                                        class=\"property-title\">Ominaisuudet:&nbsp;<\/span><span\n                                        class=\"property-desc line-limit-length\">Aja eteenp\u00e4in<\/span>\n                            <\/li>\n<li class=\"product-prop line-limit-length\"><span\n                                        class=\"property-title\">Maksimikuormitus:&nbsp;<\/span><span\n                                        class=\"property-desc line-limit-length\">65 kg<\/span>\n                            <\/li>\n<li class=\"product-prop line-limit-length\"><span\n                                        class=\"property-title\">Yl\u00e4m\u00e4keen:&nbsp;<\/span><span\n                                        class=\"property-desc line-limit-length\">10\u00b0 (17,6%)<\/span>\n                            <\/li>\n<li class=\"product-prop line-limit-length\"><span\n                                        class=\"property-title\">Suurin nopeus:&nbsp;<\/span><span\n                                        class=\"property-desc line-limit-length\">16 km\/h (10 mph)<\/span>\n                            <\/li>\n<li class=\"product-prop line-limit-length\"><span\n                                        class=\"property-title\">Suurin kantama:&nbsp;<\/span><span\n                                        class=\"property-desc line-limit-length\">12 kilometri\u00e4<\/span>\n                            <\/li>\n<li class=\"product-prop line-limit-length\"><span\n                                        class=\"property-title\">Nopeustasot:&nbsp;<\/span><span\n                                        class=\"property-desc line-limit-length\">8\/12\/16 km\/h (5\/8\/10 mph)<\/span>\n                            <\/li>\n<li class=\"product-prop line-limit-length\"><span\n                                        class=\"property-title\">Vedenpit\u00e4vyystaso:&nbsp;<\/span><span\n                                        class=\"property-desc line-limit-length\">IP6<\/span>\n                            <\/li>\n<li class=\"product-prop line-limit-length\"><span\n                                        class=\"property-title\">Kehyksen materiaali:&nbsp;<\/span><span\n                                        class=\"property-desc line-limit-length\">Ter\u00e4s<\/span>\n                            <\/li>\n<li class=\"product-prop line-limit-length\"><span\n                                        class=\"property-title\">Jarrutusj\u00e4rjestelm\u00e4:&nbsp;<\/span><span\n                                        class=\"property-desc line-limit-length\">Takanavan jarru<\/span>\n                            <\/li>\n<li class=\"product-prop line-limit-length\"><span\n                                        class=\"property-title\">Suositellut ajajan korkeudet:&nbsp;<\/span><span\n                                        class=\"property-desc line-limit-length\">90\u2013160 cm (2&#039;11,5\u201d\u20135&#039;3\u201d)<\/span>\n                            <\/li>\n<li class=\"product-prop line-limit-length\"><span\n                                        class=\"property-title\">Nimellisteho ja j\u00e4nnite:&nbsp;<\/span><span\n                                        class=\"property-desc line-limit-length\">160 W, 24 V<\/span>\n                            <\/li>\n<li class=\"product-prop line-limit-length\"><span\n                                        class=\"property-title\">Suurin l\u00e4ht\u00f6momentti:&nbsp;<\/span><span\n                                        class=\"property-desc line-limit-length\">11 Nm<\/span>\n                            <\/li>\n<li class=\"product-prop line-limit-length\"><span\n                                        class=\"property-title\">Kapasiteetti:&nbsp;<\/span><span\n                                        class=\"property-desc line-limit-length\">5,2 Ah<\/span>\n                            <\/li>\n<li class=\"product-prop line-limit-length\"><span\n                                        class=\"property-title\">J\u00e4nnite:&nbsp;<\/span><span\n                                        class=\"property-desc line-limit-length\">21,9 V<\/span>\n                            <\/li>\n<li class=\"product-prop line-limit-length\"><span\n                                        class=\"property-title\">Latausaika:&nbsp;<\/span><span\n                                        class=\"property-desc line-limit-length\">4 tuntia<\/span>\n                            <\/li>\n<li class=\"product-prop line-limit-length\"><span\n                                        class=\"property-title\">Tehokapasiteetti:&nbsp;<\/span><span\n                                        class=\"property-desc line-limit-length\">113,88 Wh<\/span>\n                            <\/li>\n<li class=\"product-prop line-limit-length\"><span\n                                        class=\"property-title\">Sy\u00f6te:&nbsp;<\/span><span\n                                        class=\"property-desc line-limit-length\">24 V tasavirta 1,5 A<\/span>\n                            <\/li>\n<li class=\"product-prop line-limit-length\"><span\n                                        class=\"property-title\">Koko:&nbsp;<\/span><span\n                                        class=\"property-desc line-limit-length\">30 cm x 7,5 cm<\/span>\n                            <\/li>\n<li class=\"product-prop line-limit-length\"><span\n                                        class=\"property-title\">Tyyppi:&nbsp;<\/span><span\n                                        class=\"property-desc line-limit-length\">Pneumaattiset kumirenkaat<\/span>\n                            <\/li>\n<li class=\"product-prop line-limit-length\"><span\n                                        class=\"property-title\">Rengaspaine:&nbsp;<\/span><span\n                                        class=\"property-desc line-limit-length\">100\u2013200 kPa<\/span>\n                            <\/li>\n<\/ul><\/div>\n<div class=\"detailmodule_dynamic\"><kse:widget data-widget-type=\"relatedProduct\" id=\"1005000009406803\" title=\"\" type=\"relation\"><\/kse:widget><\/div>\n<div class=\"detailmodule_html\">\n<div class=\"detail-desc-decorate-richtext\">\n<p><\/p>\n<div style=\"background-color:rgb(240, 234, 255);margin:20px 0px 10px;margin-bottom:10px;margin-top:20px;margin-left:0px;margin-right:0px;width:100%;height:34px\">\n <span style=\"background-color:rgb(55, 139, 238);color:rgb(255, 255, 255);font-size:24px;font-family:Verdana, Arial\">Kohokohdat<\/span><\/p>\n<\/div>\n<div class=\"detailmodule_text\">\n<div class=\"detailmodule_html\">\n<div class=\"detail-desc-decorate-richtext\">\n<div class=\"detailmodule_text-image\">\n<div class=\"detailmodule_text-image\">\n<div class=\"detailmodule_html\">\n<div class=\"detail-desc-decorate-richtext\">\n<div class=\"detailmodule_text-image\">\n<div class=\"detailmodule_html\">\n<div class=\"detail-desc-decorate-richtext\">\n<div style=\"font-family:&quot;Open Sans&quot;, Arial, Helvetica, sans-serif, Heiti;font-size:14px;color:rgb(0, 0, 0);box-sizing:content-box\" class=\"detailmodule_html\">\n<div style=\"box-sizing:content-box\" class=\"detail-desc-decorate-richtext\">\n<div style=\"width:944px;height:auto;box-sizing:content-box\">\n<div style=\"box-sizing:content-box\">\n<div class=\"detailmodule_html\">\n<div class=\"detail-desc-decorate-richtext\">\n<div style=\"font-family:&quot;Open Sans&quot;, Arial, Helvetica, sans-serif, Heiti;font-size:14px;color:rgb(0, 0, 0);box-sizing:content-box\" class=\"detailmodule_html\">\n<div style=\"box-sizing:content-box\" class=\"detail-desc-decorate-richtext\">\n<div style=\"width:944px;height:auto;box-sizing:content-box\">\n<div style=\"box-sizing:content-box\">\n<div class=\"detailmodule_html\">\n<div class=\"detail-desc-decorate-richtext\">\n<div class=\"detailmodule_text-image\">\n<div class=\"detailmodule_text-image\">\n<div class=\"detailmodule_html\">\n<div class=\"detail-desc-decorate-richtext\">\n<div style=\"width:944px;height:auto;box-sizing:content-box\">\n<div style=\"box-sizing:content-box\">\n<div class=\"detailmodule_html\">\n<div class=\"detail-desc-decorate-richtext\">\n<div style=\"font-family:&quot;Open Sans&quot;, Arial, Helvetica, sans-serif, Heiti;font-size:14px;color:rgb(0, 0, 0);box-sizing:content-box\" class=\"detailmodule_html\">\n<div style=\"box-sizing:content-box\" class=\"detail-desc-decorate-richtext\">\n<div style=\"width:944px;height:auto;box-sizing:content-box\">\n<div style=\"box-sizing:content-box\">\n<div class=\"detailmodule_html\">\n<div class=\"detail-desc-decorate-richtext\">\n<div class=\"detailmodule_text-image\">\n<div class=\"detailmodule_text\">\n<p><span style=\"color:rgb(0, 0, 0);font-size:16px;font-family:arial, helvetica, sans-serif\">1, realistinen ja houkutteleva chopper-moottoripy\u00f6r\u00e4;<\/span><\/p>\n<p><span style=\"color:rgb(0, 0, 0);font-size:16px;font-family:arial, helvetica, sans-serif\">2, parannettu turvallisuussuunnittelu;<\/span><\/p>\n<p><span style=\"color:rgb(0, 0, 0);font-size:16px;font-family:arial, helvetica, sans-serif\">3, pitk\u00e4 kantama ja vaihteleva nopeus hauskempaa varten;<\/span><\/p>\n<p><span style=\"color:rgb(0, 0, 0);font-size:16px;font-family:arial, helvetica, sans-serif\">4, s\u00e4\u00e4dett\u00e4v\u00e4 ohjaustanko;<\/span><\/p>\n<p><span style=\"color:rgb(0, 0, 0);font-size:16px;font-family:arial, helvetica, sans-serif\">5, t\u00e4ydellinen lahja lapsillesi;<\/span><\/p>\n<p><span style=\"color:rgb(0, 0, 0);font-size:16px;font-family:arial, helvetica, sans-serif\">6, Nautittavaa ajamista sis\u00e4ll\u00e4 ja ulkona.<\/span><\/p>\n<\/p><\/div><\/div><\/div><\/div><\/div><\/div><\/div><\/div><\/div><\/div><\/div><\/div><\/div><\/div><\/div><\/div><\/div><\/div><\/div><\/div><\/div><\/div><\/div><\/div><\/div><\/div><\/div><\/div><\/div><\/div><\/div><\/div><\/div><\/div><\/div><\/div><\/div>\n<\/div>\n<div style=\"background-color:rgb(240, 234, 255);margin:20px 0px 10px;margin-bottom:10px;margin-top:20px;margin-left:0px;margin-right:0px;width:100%;height:34px\">\n <span style=\"background-color:rgb(55, 139, 238);color:rgb(255, 255, 255);font-size:24px;font-family:Verdana, Arial\">Tuotetiedot<\/span>\n<\/div>\n<p><img decoding=\"async\" src=\"https:\/\/ae01.alicdn.com\/kf\/Scd2b8949ca5243228837a4fe3e291824h.jpg\" slate-data-type=\"image\" \/><img decoding=\"async\" src=\"https:\/\/ae01.alicdn.com\/kf\/Sa2ff22d4a45440409571d9e211d7cf16B.jpg\" slate-data-type=\"image\" \/><img decoding=\"async\" src=\"https:\/\/ae01.alicdn.com\/kf\/S8f78c4d1bcd7433f87f274d3519ee1ddv.jpg\" slate-data-type=\"image\" \/><img decoding=\"async\" src=\"https:\/\/ae01.alicdn.com\/kf\/S742ea07a35454d4fafa673fbd0b8f195G.jpg\" slate-data-type=\"image\" \/><img decoding=\"async\" src=\"https:\/\/ae01.alicdn.com\/kf\/Sf1c4da4348c045c6ae5a912f41829e38o.jpg\" slate-data-type=\"image\" \/><img decoding=\"async\" src=\"https:\/\/ae01.alicdn.com\/kf\/Sdc8ed884178f4a9eab490d6e747e6bdfG.jpg\" slate-data-type=\"image\" \/><img decoding=\"async\" src=\"https:\/\/ae01.alicdn.com\/kf\/Sbb0f300d29ac443a966ba007e3bfce92p.jpg\" slate-data-type=\"image\" \/><img decoding=\"async\" src=\"https:\/\/ae01.alicdn.com\/kf\/S9567ab35b46d492583bfc18e8c3f829cQ.jpg\" slate-data-type=\"image\" \/><img decoding=\"async\" src=\"https:\/\/ae01.alicdn.com\/kf\/S3253076b78cc4cf2b8dd67eeb6aaa2few.jpg\" slate-data-type=\"image\" \/><\/p>\n<div style=\"background-color:rgb(240, 234, 255);margin:20px 0px 10px;margin-bottom:10px;margin-top:20px;margin-left:0px;margin-right:0px;width:100%;height:34px\">\n <span style=\"background-color:rgb(55, 139, 238);color:rgb(255, 255, 255);font-size:24px;font-family:Verdana, Arial\">Tekniset tiedot <\/span>\n<\/div>\n<p><\/p>\n<table style=\"border-collapse:collapse;font-family:&quot;Microsoft YaHei&quot;\" border=\"1\" cellspacing=\"8\">\n<tbody>\n<tr>\n<td width=\"130\" style=\"width:130\">\n<p><span style=\"font-size:16px;font-family:arial, helvetica, sans-serif\">Yleist\u00e4<\/span><\/p>\n<\/td>\n<td width=\"426\" style=\"width:426\">\n<p><span style=\"font-size:16px;font-family:arial, helvetica, sans-serif\">Merkki: Hyper GoGo<\/span><span style=\"font-size:16px;font-family:arial, helvetica, sans-serif\"><strong><br \/><\/strong><\/span><span style=\"font-size:16px;font-family:arial, helvetica, sans-serif\">Tuote: S\u00e4hk\u00f6moottoripy\u00f6r\u00e4 lapsille<\/span><span style=\"font-size:16px;font-family:arial, helvetica, sans-serif\"><strong><br \/><\/strong><\/span><span style=\"font-size:16px;font-family:arial, helvetica, sans-serif\">Malli: Pioneer 12<\/span><span style=\"font-size:16px;font-family:arial, helvetica, sans-serif\"><strong><br \/><\/strong><\/span><span style=\"font-size:16px;font-family:arial, helvetica, sans-serif\">V\u00e4ri: Vihre\u00e4<\/span><\/p>\n<\/td>\n<\/tr>\n<tr>\n<td width=\"130\" style=\"width:130\">\n<p><span style=\"font-size:16px;font-family:arial, helvetica, sans-serif\">Perustiedot<\/span><\/p>\n<\/td>\n<td width=\"426\" style=\"width:426\">\n<p><span style=\"font-size:16px;font-family:arial, helvetica, sans-serif\">Maksimikuormitus: 65 kg<\/span><span style=\"font-size:16px;font-family:arial, helvetica, sans-serif\"><strong><br \/><\/strong><\/span><span style=\"font-size:16px;font-family:arial, helvetica, sans-serif\">Yl\u00e4m\u00e4keen: 10\u00b0 (17.6%)<\/span><span style=\"font-size:16px;font-family:arial, helvetica, sans-serif\"><strong><br \/><\/strong><\/span><span style=\"font-size:16px;font-family:arial, helvetica, sans-serif\">Huippunopeus: 16 km\/h (10 mph)<\/span><span style=\"font-size:16px;font-family:arial, helvetica, sans-serif\"><strong><br \/><\/strong><\/span><span style=\"font-size:16px;font-family:arial, helvetica, sans-serif\">Maksimi kantama: 12 km<\/span><span style=\"font-size:16px;font-family:arial, helvetica, sans-serif\"><strong><br \/><\/strong><\/span><span style=\"font-size:16px;font-family:arial, helvetica, sans-serif\">Nopeustasot: 8\/12\/16 km\/h (5\/8\/10 mph)<\/span><span style=\"font-size:16px;font-family:arial, helvetica, sans-serif\"><strong><br \/><\/strong><\/span><span style=\"font-size:16px;font-family:arial, helvetica, sans-serif\">Vedenpit\u00e4vyystaso: IP6<\/span><span style=\"font-size:16px;font-family:arial, helvetica, sans-serif\"><strong><br \/><\/strong><\/span><span style=\"font-size:16px;font-family:arial, helvetica, sans-serif\">Rungon materiaali: Ter\u00e4s<\/span><span style=\"font-size:16px;font-family:arial, helvetica, sans-serif\"><strong><br \/><\/strong><\/span><span style=\"font-size:16px;font-family:arial, helvetica, sans-serif\">Jarruj\u00e4rjestelm\u00e4: Takanavan jarru<\/span><span style=\"font-size:16px;font-family:arial, helvetica, sans-serif\"><strong><br \/><\/strong><\/span><span style=\"font-size:16px;font-family:arial, helvetica, sans-serif\">Suositeltu kuljettajan pituus: 90\u2013160 cm (2&#039;11,5\u201d\u20135&#039;3\u201d)<\/span><\/p>\n<\/td>\n<\/tr>\n<tr>\n<td width=\"130\" style=\"width:130\">\n<p><span style=\"font-size:16px;font-family:arial, helvetica, sans-serif\">Moottori<\/span><\/p>\n<\/td>\n<td width=\"426\" style=\"width:426\">\n<p><span style=\"font-size:16px;font-family:arial, helvetica, sans-serif\">Nimellisteho ja j\u00e4nnite: 160 W, 24 V<\/span><span style=\"font-size:16px;font-family:arial, helvetica, sans-serif\"><strong><br \/><\/strong><\/span><span style=\"font-size:16px;font-family:arial, helvetica, sans-serif\">Suurin l\u00e4ht\u00f6momentti: 11 Nm<\/span><\/p>\n<\/td>\n<\/tr>\n<tr>\n<td width=\"130\" style=\"width:130\">\n<p><span style=\"font-size:16px;font-family:arial, helvetica, sans-serif\">Akku<\/span><\/p>\n<\/td>\n<td width=\"426\" style=\"width:426\">\n<p><span style=\"font-size:16px;font-family:arial, helvetica, sans-serif\">Kapasiteetti: 5,2 Ah<\/span><span style=\"font-size:16px;font-family:arial, helvetica, sans-serif\"><strong><br \/><\/strong><\/span><span style=\"font-size:16px;font-family:arial, helvetica, sans-serif\">J\u00e4nnite: 21,9 V<\/span><span style=\"font-size:16px;font-family:arial, helvetica, sans-serif\"><strong><br \/><\/strong><\/span><span style=\"font-size:16px;font-family:arial, helvetica, sans-serif\">Latausaika: 4 tuntia<\/span><span style=\"font-size:16px;font-family:arial, helvetica, sans-serif\"><strong><br \/><\/strong><\/span><span style=\"font-size:16px;font-family:arial, helvetica, sans-serif\">Tehokapasiteetti: 113,88 Wh<\/span><\/p>\n<\/td>\n<\/tr>\n<tr>\n<td width=\"130\" style=\"width:130\">\n<p><span style=\"font-size:16px;font-family:arial, helvetica, sans-serif\">Laturi<\/span><\/p>\n<\/td>\n<td width=\"426\" style=\"width:426\">\n<p><span style=\"font-size:16px;font-family:arial, helvetica, sans-serif\">Tulo: DC24V 1.5A<\/span><\/p>\n<\/td>\n<\/tr>\n<tr>\n<td width=\"130\" style=\"width:130\">\n<p><span style=\"font-size:16px;font-family:arial, helvetica, sans-serif\">Rengas<\/span><\/p>\n<\/td>\n<td width=\"426\" style=\"width:426\">\n<p><span style=\"font-size:16px;font-family:arial, helvetica, sans-serif\">Koko: 30 cm x 7,5 cm<\/span><span style=\"font-size:16px;font-family:arial, helvetica, sans-serif\"><strong><br \/><\/strong><\/span><span style=\"font-size:16px;font-family:arial, helvetica, sans-serif\">Tyyppi: Pneumaattiset kumirenkaat<\/span><span style=\"font-size:16px;font-family:arial, helvetica, sans-serif\"><strong><br \/><\/strong><\/span><span style=\"font-size:16px;font-family:arial, helvetica, sans-serif\">Rengaspaine: 100\u2013200 kPa<\/span><\/p>\n<\/td>\n<\/tr>\n<tr>\n<td width=\"130\" style=\"width:130\">\n<p><span style=\"font-size:16px;font-family:arial, helvetica, sans-serif\">Paino ja koko<\/span><\/p>\n<\/td>\n<td width=\"426\" style=\"width:426\">\n<p><span style=\"font-size:16px;font-family:arial, helvetica, sans-serif\">Tuotteen paino: 15 kg<\/span><span style=\"font-size:16px;font-family:arial, helvetica, sans-serif\"><strong><br \/><\/strong><\/span><span style=\"font-size:16px;font-family:arial, helvetica, sans-serif\">Pakkauksen paino: 17,96 kg<\/span><span style=\"font-size:16px;font-family:arial, helvetica, sans-serif\"><strong><br \/><\/strong><\/span><span style=\"font-size:16px;font-family:arial, helvetica, sans-serif\">Tuotteen koko: 1189 \u00d7 612,3 \u00d7 685,7 mm<\/span><span style=\"font-size:16px;font-family:arial, helvetica, sans-serif\"><strong><br \/><\/strong><\/span><span style=\"font-size:16px;font-family:arial, helvetica, sans-serif\">Pakkauksen koko (P x L x K): 1050x245x530 mm<\/span><\/p>\n<\/td>\n<\/tr>\n<tr>\n<td width=\"130\" style=\"width:130\">\n<p><span style=\"font-size:16px;font-family:arial, helvetica, sans-serif\">Pakettiluettelo<\/span><\/p>\n<\/td>\n<td width=\"426\" style=\"width:426\">\n<p><span style=\"font-size:16px;font-family:arial, helvetica, sans-serif\">1 x Puolikoottu moottoripy\u00f6r\u00e4 lapsille<\/span><span style=\"font-size:16px;font-family:arial, helvetica, sans-serif\"><strong><br \/><\/strong><\/span><span style=\"font-size:16px;font-family:arial, helvetica, sans-serif\">1 k\u00e4ytt\u00f6ohje<\/span><span style=\"font-size:16px;font-family:arial, helvetica, sans-serif\"><strong><br \/><\/strong><\/span><span style=\"font-size:16px;font-family:arial, helvetica, sans-serif\">1 x Laturi<\/span><span style=\"font-size:16px;font-family:arial, helvetica, sans-serif\"><strong><br \/><\/strong><\/span><span style=\"font-size:16px;font-family:arial, helvetica, sans-serif\">1 x etupy\u00f6r\u00e4<\/span><span style=\"font-size:16px;font-family:arial, helvetica, sans-serif\"><strong><br \/><\/strong><\/span><span style=\"font-size:16px;font-family:arial, helvetica, sans-serif\">2 x Poljin<\/span><span style=\"font-size:16px;font-family:arial, helvetica, sans-serif\"><strong><br \/><\/strong><\/span><span style=\"font-size:16px;font-family:arial, helvetica, sans-serif\">1 x s\u00e4ilytyslaatikko<\/span><span style=\"font-size:16px;font-family:arial, helvetica, sans-serif\"><strong><br \/><\/strong><\/span><span style=\"font-size:16px;font-family:arial, helvetica, sans-serif\">1 x Jalkatuki<\/span><span style=\"font-size:16px;font-family:arial, helvetica, sans-serif\"><strong><br \/><\/strong><\/span><span style=\"font-size:16px;font-family:arial, helvetica, sans-serif\">4 x Ohjaustangon kiinnike<\/span><span style=\"font-size:16px;font-family:arial, helvetica, sans-serif\"><strong><br \/><\/strong><\/span><span style=\"font-size:16px;font-family:arial, helvetica, sans-serif\">1 x Akseli muttereilla etupy\u00f6r\u00e4\u00e4n<\/span><span style=\"font-size:16px;font-family:arial, helvetica, sans-serif\"><strong><br \/><\/strong><\/span><span style=\"font-size:16px;font-family:arial, helvetica, sans-serif\">2 x Pultti tukijalalle<\/span><span style=\"font-size:16px;font-family:arial, helvetica, sans-serif\"><strong><br \/><\/strong><\/span><span style=\"font-size:16px;font-family:arial, helvetica, sans-serif\">4 x pultti ohjaustankoon<\/span><span style=\"font-size:16px;font-family:arial, helvetica, sans-serif\"><strong><br \/><\/strong><\/span><span style=\"font-size:16px;font-family:arial, helvetica, sans-serif\">1 x 4 mm:n kuusiokoloavain<\/span><span style=\"font-size:16px;font-family:arial, helvetica, sans-serif\"><strong><br \/><\/strong><\/span><span style=\"font-size:16px;font-family:arial, helvetica, sans-serif\">1 x 6 mm:n kuusiokoloavain<\/span><span style=\"font-size:16px;font-family:arial, helvetica, sans-serif\"><strong><br \/><\/strong><\/span><span style=\"font-size:16px;font-family:arial, helvetica, sans-serif\">2 x 16 mm jakoavain<\/span><\/p>\n<\/td>\n<\/tr>\n<tr>\n<td width=\"556\" colspan=\"2\" style=\"width:556\">\n<p><span style=\"font-size:16px;font-family:arial, helvetica, sans-serif\">Huomaa, ett\u00e4 suurin kantama saavutetaan 60 kg:n kuormalla, 16 km\/h nopeudella tasaisilla teill\u00e4 ilman voimakasta tuulta 26 \u00b0C:n l\u00e4mp\u00f6tilassa.<\/span><\/p>\n<\/td>\n<\/tr>\n<\/tbody>\n<\/table>\n<p><\/div>\n<\/div>","protected":false},"excerpt":{"rendered":"<p>Model Number:&nbsp;Pioneer 12 Wheel Number:&nbsp;Two Recommend Age:&nbsp;6-12Y,14+y Features:&nbsp;Ride On Max Load:&nbsp;65 kg Uphill:&nbsp;10\u00b0 (17.6%) Max Speed:&nbsp;16 km\/h (10 mph) Max Range:&nbsp;12 km Speed Levels:&nbsp;8\/12\/16 km\/h (5\/8\/10 mph) Waterproof Level:&nbsp;IP6 Material<\/p>","protected":false},"featured_media":24322,"comment_status":"open","ping_status":"closed","template":"","meta":{"_acf_changed":false},"product_brand":[],"product_cat":[313],"product_tag":[],"class_list":{"0":"post-24321","1":"product","2":"type-product","3":"status-publish","4":"has-post-thumbnail","6":"product_cat-electric-children-motorbikes","8":"first","9":"instock","10":"shipping-taxable","11":"purchasable","12":"product-type-variable"},"acf":[],"_links":{"self":[{"href":"https:\/\/electricstore.eu\/fi\/wp-json\/wp\/v2\/product\/24321","targetHints":{"allow":["GET"]}}],"collection":[{"href":"https:\/\/electricstore.eu\/fi\/wp-json\/wp\/v2\/product"}],"about":[{"href":"https:\/\/electricstore.eu\/fi\/wp-json\/wp\/v2\/types\/product"}],"replies":[{"embeddable":true,"href":"https:\/\/electricstore.eu\/fi\/wp-json\/wp\/v2\/comments?post=24321"}],"wp:featuredmedia":[{"embeddable":true,"href":"https:\/\/electricstore.eu\/fi\/wp-json\/wp\/v2\/media\/24322"}],"wp:attachment":[{"href":"https:\/\/electricstore.eu\/fi\/wp-json\/wp\/v2\/media?parent=24321"}],"wp:term":[{"taxonomy":"product_brand","embeddable":true,"href":"https:\/\/electricstore.eu\/fi\/wp-json\/wp\/v2\/product_brand?post=24321"},{"taxonomy":"product_cat","embeddable":true,"href":"https:\/\/electricstore.eu\/fi\/wp-json\/wp\/v2\/product_cat?post=24321"},{"taxonomy":"product_tag","embeddable":true,"href":"https:\/\/electricstore.eu\/fi\/wp-json\/wp\/v2\/product_tag?post=24321"}],"curies":[{"name":"wp","href":"https:\/\/api.w.org\/{rel}","templated":true}]}}