{"id":21860,"date":"2025-05-20T18:27:38","date_gmt":"2025-05-20T18:27:38","guid":{"rendered":"https:\/\/electricstore.eu\/p\/uncategorized\/150w-electric-motorcycle-for-kids-w-led-lights-12-inch-mini-electric-dirt-bike-24v-3-0ah-battery-powered-motorcycle\/"},"modified":"2025-05-20T18:27:40","modified_gmt":"2025-05-20T18:27:40","slug":"150w-electric-motorcycle-for-kids-w-led-lights-12-inch-mini-electric-dirt-bike-24v-3-0ah-battery-powered-motorcycle","status":"publish","type":"product","link":"https:\/\/electricstore.eu\/fi\/p\/motorbikes\/electric-children-motorbikes\/150w-electric-motorcycle-for-kids-w-led-lights-12-inch-mini-electric-dirt-bike-24v-3-0ah-battery-powered-motorcycle\/","title":{"rendered":"150 W:n s\u00e4hk\u00f6moottoripy\u00f6r\u00e4 lapsille LED-valoilla, 12 tuuman mini s\u00e4hk\u00f6inen maastopy\u00f6r\u00e4, 24 V:n 3,0 Ah:n akkuk\u00e4ytt\u00f6inen moottoripy\u00f6r\u00e4"},"content":{"rendered":"<div class=\"product-specs-list-container\">\n<ul class=\"product-specs-list util-clearfix\">\n<li class=\"product-prop line-limit-length\"><span\n                                        class=\"property-title\">Huolenaiheinen kemikaali:&nbsp;<\/span><span\n                                        class=\"property-desc line-limit-length\">Ei mit\u00e4\u00e4n<\/span>\n                            <\/li>\n<li class=\"product-prop line-limit-length\"><span\n                                        class=\"property-title\">Alkuper\u00e4:&nbsp;<\/span><span\n                                        class=\"property-desc line-limit-length\">Manner-Kiina<\/span>\n                            <\/li>\n<\/ul><\/div>\n<p><strong><span style=\"color:rgb(0, 0, 0);font-size:15pt;font-family:&quot;Times New Roman&quot;\">Kuvaus<\/span><\/strong><\/p>\n<p class=\"MsoNormal\"><span style=\"font-size:12pt;font-family:&quot;Times New Roman&quot;\">Haluatko antaa lapsillesi lapsuuden t\u00e4ynn\u00e4 hauskaa ja tutkimusmatkailua? Silloin t\u00e4m\u00e4 lasten s\u00e4hk\u00f6moottoripy\u00f6r\u00e4 on ihanteellinen valinta sinulle! Sen upea ja huomiota her\u00e4tt\u00e4v\u00e4 muotoilu muuttaa lapset hetkess\u00e4 pieniksi kilpa-ajajiksi, jotka osoittavat heid\u00e4n lapsellisen tyylins\u00e4. Anna sen sytytt\u00e4\u00e4 lastesi intohimo tutkimusmatkailuun ja vied\u00e4 heid\u00e4t kohti onnellista tulevaisuutta!<\/span><img decoding=\"async\" src=\"https:\/\/ae01.alicdn.com\/kf\/S1d7e378a83f0443eb8937695ec1f9d1fR.jpg\" slate-data-type=\"image\"\/><strong><span style=\"color:rgb(0, 0, 0);font-size:15pt;font-family:&quot;Times New Roman&quot;\">Hakemus<\/span><\/strong><\/p>\n<p class=\"MsoNormal\"><span style=\"font-size:12pt;font-family:&quot;Times New Roman&quot;\">T\u00e4m\u00e4 tuote sopii yli 6-vuotiaille lapsille ja nuorille, jotka painavat enint\u00e4\u00e4n 60 kg. Sill\u00e4 voi ajaa my\u00f6s ulkopintoja, kuten asfalttia, tiilt\u00e4 ja sementti\u00e4, vasten.<\/span><\/p>\n<p><\/p>\n<p class=\"MsoNormal\"><strong><span style=\"color:rgb(0, 0, 0);font-size:15pt;font-family:&quot;Times New Roman&quot;\">Tekniset tiedot<\/span><\/strong><\/p>\n<p class=\"MsoNormal\"><span style=\"color:rgb(14, 16, 26);font-size:12pt;font-family:&quot;Times New Roman&quot;\">V\u00e4ri: Musta<\/span><\/p>\n<p class=\"MsoNormal\"><span style=\"color:rgb(14, 16, 26);font-size:12pt;font-family:&quot;Times New Roman&quot;\">Tyyli: Moderni<\/span><\/p>\n<p class=\"MsoNormal\"><span style=\"color:rgb(14, 16, 26);font-size:12pt;font-family:&quot;Times New Roman&quot;\">Materiaali: Rauta, PP<\/span><\/p>\n<p class=\"MsoNormal\"><span style=\"color:rgb(14, 16, 26);font-size:12pt;font-family:&quot;Times New Roman&quot;\">Prosessi: Muoviruiskutus, vedensiirtopainatus<\/span><\/p>\n<p class=\"MsoNormal\"><span style=\"color:rgb(14, 16, 26);font-size:12pt;font-family:&quot;Times New Roman&quot;\">Kokoonpano vaaditaan: Kyll\u00e4<\/span><\/p>\n<p class=\"MsoNormal\"><span style=\"color:rgb(14, 16, 26);font-size:12pt;font-family:&quot;Times New Roman&quot;\">Jarru: Levyjarru<\/span><\/p>\n<p class=\"MsoNormal\"><span style=\"color:rgb(14, 16, 26);font-size:12pt;font-family:&quot;Times New Roman&quot;\">Valonl\u00e4hde: LED<\/span><\/p>\n<p class=\"MsoNormal\"><span style=\"color:rgb(14, 16, 26);font-size:12pt;font-family:&quot;Times New Roman&quot;\">Vaaleat v\u00e4rit: Punainen, sininen, vihre\u00e4<\/span><\/p>\n<p class=\"MsoNormal\"><span style=\"color:rgb(0, 0, 0);font-size:12pt;font-family:&quot;Times New Roman&quot;\">Virtal\u00e4hde: Johdollinen s\u00e4hk\u00f6k\u00e4ytt\u00f6inen<\/span><\/p>\n<p class=\"MsoNormal\"><span style=\"color:rgb(0, 0, 0);font-size:12pt;font-family:&quot;Times New Roman&quot;\">Pistoketyyppi: EU-standardi<\/span><\/p>\n<p class=\"MsoNormal\"><span style=\"color:rgb(23, 26, 29);font-size:12pt;font-family:&quot;Times New Roman&quot;\">J\u00e4nnite: 24V<\/span><\/p>\n<p class=\"MsoNormal\"><span style=\"color:rgb(23, 26, 29);font-size:12pt;font-family:&quot;Times New Roman&quot;\">Teho: 150W<\/span><\/p>\n<p class=\"MsoNormal\"><span style=\"color:rgb(23, 26, 29);font-size:12pt;font-family:&quot;Times New Roman&quot;\">Akun kapasiteetti: 24V 3.0AH<\/span><\/p>\n<p class=\"MsoNormal\"><span style=\"color:rgb(23, 26, 29);font-size:12pt;font-family:&quot;Times New Roman&quot;\">Sovitinmalli: DCSP294100<\/span><\/p>\n<p class=\"MsoNormal\"><span style=\"color:rgb(23, 26, 29);font-size:12pt;font-family:&quot;Times New Roman&quot;\">Tulo: 100\u2013240 V AC 50\/60 Hz, maks. 2 A<\/span><\/p>\n<p class=\"MsoNormal\"><span style=\"color:rgb(23, 26, 29);font-size:12pt;font-family:&quot;Times New Roman&quot;\">L\u00e4ht\u00f6: DC29.4V 1A \u00a0\u00a0\u00a0\u00a0\u00a0\u00a0\u00a0\u00a0\u00a0\u00a0\u00a0\u00a0\u00a0\u00a0\u00a0\u00a0\u00a0\u00a0\u00a0\u00a0<\/span><\/p>\n<p class=\"MsoNormal\"><span style=\"color:rgb(23, 26, 29);font-size:12pt;font-family:&quot;Times New Roman&quot;\">Latausaika: 3\u20135 tuntia<\/span><\/p>\n<p class=\"MsoNormal\"><span style=\"color:rgb(23, 26, 29);font-size:12pt;font-family:&quot;Times New Roman&quot;\">Kest\u00e4vyysaika: Noin 1,2 tuntia<\/span><\/p>\n<p class=\"MsoNormal\"><span style=\"color:rgb(23, 26, 29);font-size:12pt;font-family:&quot;Times New Roman&quot;\">Suurin kuormituskapasiteetti: 65 kg \/ 143,3 paunaa<\/span><\/p>\n<p class=\"MsoNormal\"><span style=\"color:rgb(23, 26, 29);font-size:12pt;font-family:&quot;Times New Roman&quot;\">Sopiva ik\u00e4: &gt; 6 vuotta<\/span><\/p>\n<p class=\"MsoNormal\"><span style=\"color:rgb(23, 26, 29);font-size:12pt;font-family:&quot;Times New Roman&quot;\">Nopeus: Noin 8 km \/ 4,97 mailia\/h, 12 km \/ 7,46 mailia\/h<\/span><\/p>\n<p class=\"MsoNormal\"><span style=\"color:rgb(23, 26, 29);font-size:12pt;font-family:&quot;Times New Roman&quot;\">Renkaan halkaisija: 30,48 cm \/ 12 tuumaa<\/span><\/p>\n<p class=\"MsoNormal\"><span style=\"color:rgb(23, 26, 29);font-size:12pt;font-family:&quot;Times New Roman&quot;\">Kiipeilykulma: 15\u00b0<\/span><\/p>\n<p class=\"MsoNormal\"><span style=\"font-size:12pt;font-family:&quot;Times New Roman&quot;\">Kokonaispaino: 16 kg \/ 35,27 paunaa <\/span><\/p>\n<p class=\"MsoNormal\"><span style=\"font-size:12pt;font-family:&quot;Times New Roman&quot;\">Pakkauskoko: 95 * 50 * 20 cm \/ 37,4 * 19,69 * 7,87 tuumaa<\/span><\/p>\n<p class=\"MsoNormal\"><span style=\"font-size:12pt;font-family:&quot;Times New Roman&quot;\">Tuotteen koko: 106 * 59 * 66 cm \/ 41,7 * 23,22 * 26 tuumaa<\/span><\/p>\n<p><\/p>\n<p class=\"MsoNormal\"><strong><span style=\"color:rgb(0, 0, 0);font-size:15pt;font-family:&quot;Times New Roman&quot;\">Paketti sis\u00e4ltyy hintaan<\/span><\/strong><\/p>\n<p class=\"MsoNormal\"><span style=\"color:rgb(0, 0, 0);font-size:12pt;font-family:&quot;Times New Roman&quot;\">1* <\/span><span style=\"font-size:12pt;font-family:&quot;Times New Roman&quot;\">S\u00e4hk\u00f6moottoripy\u00f6r\u00e4 lapsille<\/span><\/p>\n<p class=\"MsoNormal\"><span style=\"color:rgb(0, 0, 0);font-size:12pt;font-family:&quot;Times New Roman&quot;\">1* Monikielinen k\u00e4ytt\u00f6ohje<\/span><\/p>\n<p class=\"MsoNormal\"><span style=\"color:rgb(0, 0, 0);font-size:12pt;font-family:&quot;Times New Roman&quot;\">Kaikki asennustarvikkeet<\/span><img decoding=\"async\" src=\"https:\/\/ae01.alicdn.com\/kf\/Sb637673d892643ae91c4e17a583042fae.jpg\" slate-data-type=\"image\"\/><img decoding=\"async\" src=\"https:\/\/ae01.alicdn.com\/kf\/Scda005db7def4763844f4b29804b3e7cg.jpg\" slate-data-type=\"image\"\/><img decoding=\"async\" src=\"https:\/\/ae01.alicdn.com\/kf\/S5eb41cad3d3740edb715dd1ead4eb58f5.jpg\" slate-data-type=\"image\"\/><img decoding=\"async\" src=\"https:\/\/ae01.alicdn.com\/kf\/S89f5ee141e8f4cb8bd3b87f03b698767Z.jpg\" slate-data-type=\"image\"\/><img decoding=\"async\" src=\"https:\/\/ae01.alicdn.com\/kf\/Sa24f88a9c75244899dade1d514066e4bN.jpg\" slate-data-type=\"image\"\/><img decoding=\"async\" src=\"https:\/\/ae01.alicdn.com\/kf\/S9a403cf417364f9fb32b77c0273956da2.jpg\" slate-data-type=\"image\"\/><img decoding=\"async\" src=\"https:\/\/ae01.alicdn.com\/kf\/S0ed886f5026a4ddeaad882457f992a10x.jpg\" slate-data-type=\"image\"\/><img decoding=\"async\" src=\"https:\/\/ae01.alicdn.com\/kf\/S8a67a9750231465ab1e4cd2b144053dfp.jpg\" slate-data-type=\"image\"\/><img decoding=\"async\" src=\"https:\/\/ae01.alicdn.com\/kf\/S932a4ca6ed384e3a9f2e63705540ef80s.jpg\" slate-data-type=\"image\"\/><img decoding=\"async\" src=\"https:\/\/ae01.alicdn.com\/kf\/Sf7f026a092894633be24def19e9b7134T.jpg\" slate-data-type=\"image\"\/><img decoding=\"async\" src=\"https:\/\/ae01.alicdn.com\/kf\/S64aa53d27b2a43de9b9bcb9798ede6e5O.jpg\" slate-data-type=\"image\"\/><img decoding=\"async\" src=\"https:\/\/ae01.alicdn.com\/kf\/S3333fdf5ccc44555831179272117b2f9c.jpg\" slate-data-type=\"image\"\/><img decoding=\"async\" src=\"https:\/\/ae01.alicdn.com\/kf\/S32d8cc102f8d4115ad4f49d2d295a54bj.jpg\" slate-data-type=\"image\"\/><img decoding=\"async\" src=\"https:\/\/ae01.alicdn.com\/kf\/S372688bcaaef4f329fd83fe108b46a17I.jpg\" slate-data-type=\"image\"\/><img decoding=\"async\" src=\"https:\/\/ae01.alicdn.com\/kf\/Sc7d6cb2e3228477bb9b8756cc2ee6b4a3.jpg\" slate-data-type=\"image\"\/><img decoding=\"async\" src=\"https:\/\/ae01.alicdn.com\/kf\/S97970c3c5b5c45f495feaac3c54076a6X.jpg\" slate-data-type=\"image\"\/><img decoding=\"async\" src=\"https:\/\/ae01.alicdn.com\/kf\/S77207917972246e7aa64d79d6f71e0d9V.jpg\" slate-data-type=\"image\"\/><img decoding=\"async\" src=\"https:\/\/ae01.alicdn.com\/kf\/S9312a09277154cc587baf1b00756a40bN.jpg\" slate-data-type=\"image\"\/><img decoding=\"async\" src=\"https:\/\/ae01.alicdn.com\/kf\/Sff4d08b9442d47ed8acf5a8482c23b46J.jpg\" slate-data-type=\"image\"\/><img decoding=\"async\" src=\"https:\/\/ae01.alicdn.com\/kf\/S37df5a8ec3484d0e98befc8f3b105ff21.jpg\" slate-data-type=\"image\"\/><img decoding=\"async\" src=\"https:\/\/ae01.alicdn.com\/kf\/S7b6355aa5d8444bcb7ae05b528cf9782x.jpg\" slate-data-type=\"image\"\/><\/p>\n<p><\/p>\n<p class=\"MsoNormal\"><strong><span style=\"color:rgb(0, 0, 0);font-size:15pt;font-family:&quot;Times New Roman&quot;\">T\u00e4rkeimm\u00e4t ominaisuudet<\/span><\/strong><\/p>\n<p class=\"MsoNormal\"><strong><span style=\"font-size:12pt;font-family:&quot;Times New Roman&quot;\">Rakenna kest\u00e4m\u00e4\u00e4n: <\/span><\/strong><span style=\"font-size:12pt;font-family:&quot;Times New Roman&quot;\">Se on valmistettu korkealaatuisesta raudasta ja lapsiyst\u00e4v\u00e4llisest\u00e4 PP:st\u00e4, ja siin\u00e4 on k\u00e4ytetty muoviruiskutus- ja vesisiirtopainatusprosesseja. <\/span><span style=\"background-color:rgb(245, 199, 205);font-size:12pt;font-family:&quot;Times New Roman&quot;\">ymp\u00e4rist\u00f6yst\u00e4v\u00e4llinen, korroosionkest\u00e4v\u00e4, kosteutta kest\u00e4v\u00e4, s\u00e4\u00e4nkest\u00e4v\u00e4, ik\u00e4\u00e4ntymist\u00e4 est\u00e4v\u00e4 ja kulutusta kest\u00e4v\u00e4<\/span><span style=\"font-size:12pt;font-family:&quot;Times New Roman&quot;\">joten se kest\u00e4\u00e4 ajan kokeen hyvin<\/span><span style=\"font-size:14pt;font-family:&quot;Times New Roman&quot;\">.<\/span><\/p>\n<p><\/p>\n<p class=\"MsoNormal\"><strong><span style=\"font-size:12pt;font-family:&quot;Times New Roman&quot;\">Tehokas s\u00e4hk\u00f6j\u00e4rjestelm\u00e4: <\/span><\/strong><span style=\"color:rgb(23, 26, 29);font-size:12pt;font-family:&quot;Times New Roman&quot;\">150 W:n tehokkaalla ja 24 V:n 3,0 Ah:n ladattavalla akulla voit ajaa noin 1,2 tuntia 3\u20135 tunnin latauksella, mik\u00e4 tyydytt\u00e4\u00e4 lapsesi ajohauskan ilman usein toistuvaa lataamista.<\/span><\/p>\n<p><\/p>\n<p class=\"MsoNormal\"><strong><span style=\"color:rgb(23, 26, 29);font-size:12pt;font-family:&quot;Times New Roman&quot;\">Kaksoisnopeustila:<\/span><\/strong><span style=\"color:rgb(23, 26, 29);font-size:12pt;font-family:&quot;Times New Roman&quot;\">\u00a0S\u00e4hk\u00f6moottoripy\u00f6r\u00e4ss\u00e4 on kaksivaihteinen s\u00e4\u00e4dett\u00e4v\u00e4 toiminto (4,97 mi\/h, 7,46 mi\/h), joten voit vaihtaa vapaasti nopean ja hitaan nopeuden v\u00e4lill\u00e4 tieolosuhteiden ja omien ajotapojesi mukaan, mik\u00e4 sopii erityisesti lapsille tai ensikertalaisille ajamisen ilosta nauttimiseen. <\/span><\/p>\n<p><\/p>\n<p class=\"MsoNormal\"><strong><span style=\"font-size:12pt;font-family:&quot;Times New Roman&quot;\">Hauska ajaminen:<\/span><\/strong><span style=\"font-size:12pt;font-family:&quot;Times New Roman&quot;\">\u00a0Siin\u00e4 on siisti moottoripy\u00f6r\u00e4n muotoilu ja v\u00e4rikk\u00e4\u00e4t LED-valot (punainen, sininen ja vihre\u00e4), jotka palvelevat lasten kiinnostuksen kohteita ja mahdollistavat paljon helpomman ja hauskemman ajamisen. <\/span><\/p>\n<p><\/p>\n<p class=\"MsoNormal\"><strong><span style=\"font-size:12pt;font-family:&quot;Times New Roman&quot;\">Mukava ja turvallinen:<\/span><\/strong><span style=\"font-size:12pt;font-family:&quot;Times New Roman&quot;\">\u00a0Ergonominen istuin tarjoaa erinomaisen ja mukavan ajokokemuksen lapsille. Lis\u00e4ksi takalevyjarruj\u00e4rjestelm\u00e4 varmistaa lapsesi turvallisuuden ajon aikana, ja lyhyt kahva on tehokas nopeaan jarrutukseen. \u00a0\u00a0\u00a0\u00a0\u00a0\u00a0\u00a0\u00a0\u00a0\u00a0\u00a0\u00a0\u00a0\u00a0\u00a0\u00a0\u00a0\u00a0\u00a0\u00a0\u00a0\u00a0\u00a0\u00a0\u00a0\u00a0\u00a0\u00a0\u00a0\u00a0\u00a0\u00a0\u00a0\u00a0\u00a0\u00a0\u00a0<\/span><\/p>\n<p><\/p>\n<p class=\"MsoNormal\"><strong><span style=\"font-size:12pt;font-family:&quot;Times New Roman&quot;\">Vahva kantavuus:<\/span><\/strong><span style=\"font-size:12pt;font-family:&quot;Times New Roman&quot;\">\u00a0Vakaa rautarunko, <\/span><span style=\"color:rgb(0, 0, 0);font-size:12pt;font-family:&quot;Times New Roman&quot;\">kolmionmuotoinen rakenne<\/span><span style=\"font-size:12pt;font-family:&quot;Times New Roman&quot;\">ja luja ruuviliitos tekev\u00e4t tuotteesta kantavan <\/span><span style=\"color:rgb(23, 26, 29);font-size:12pt;font-family:&quot;Times New Roman&quot;\">143,3 paunaa<\/span><span style=\"font-size:12pt;font-family:&quot;Times New Roman&quot;\">, mik\u00e4 saa sinut tuntemaan olosi mukavammaksi sit\u00e4 k\u00e4ytt\u00e4ess\u00e4si.<\/span><\/p>\n<p><\/p>\n<p class=\"MsoNormal\"><strong><span style=\"font-size:12pt;font-family:&quot;Times New Roman&quot;\">Helppo huoltaa: <\/span><\/strong><span style=\"font-size:12pt;font-family:&quot;Times New Roman&quot;\">Sile\u00e4n pinnan ja yksinkertaisen rakenteen ansiosta voit pyyhki\u00e4 lian helposti pois pehme\u00e4ll\u00e4 liinalla.\u00a0<\/span><\/p>\n<p><\/p>\n<p class=\"MsoNormal\"><strong><span style=\"font-size:12pt;font-family:&quot;Times New Roman&quot;\">Upea lahja: <\/span><\/strong><span style=\"font-size:12pt;font-family:&quot;Times New Roman&quot;\">T\u00e4m\u00e4 tuote voi sytytt\u00e4\u00e4 lapsen intohimon tutkimiseen ja seikkailuun, auttaa heit\u00e4 kehitt\u00e4m\u00e4\u00e4n rohkeutta, uteliaisuutta sek\u00e4 erinomaisia hallinta- ja ajotaitoja, jotka erottavat heid\u00e4t joukosta, tehden siit\u00e4 ihanteellisen syntym\u00e4p\u00e4iv\u00e4- ja lomalahjan lapsellesi.<\/span><\/p>\n<p><\/p>\n<p class=\"MsoNormal\"><strong><span style=\"font-size:12pt;font-family:&quot;Times New Roman&quot;\">Kokoaminen tuulessa: <\/span><\/strong><span style=\"font-size:12pt;font-family:&quot;Times New Roman&quot;\">T\u00e4ydelliset asennustarvikkeet, yksityiskohtainen k\u00e4ytt\u00f6ohje ja yksinkertainen rakenne mahdollistavat kokoamisen eritt\u00e4in lyhyess\u00e4 ajassa.\u00a0 \u00a0<\/span><\/p>\n<p><\/p>\n<p class=\"MsoNormal\"><strong><span style=\"font-size:12pt;font-family:&quot;Times New Roman&quot;\">Hyv\u00e4 asiakaspalvelu:<\/span><\/strong><span style=\"color:rgb(0, 0, 0);font-size:12pt;font-family:&quot;Times New Roman&quot;\">Seisomme kaikkien asiakkaidemme takana ja autamme mielell\u00e4mme ostoksissasi. Vastaamme mielell\u00e4mme h\u00e4mmennyksiisi ja kysymyksiisi. Tarinamme loppu ei ole &quot;me myymme ja sin\u00e4 ostat&quot;.<\/span><\/p>\n<p><\/p>\n<p class=\"MsoNormal\"><strong><span style=\"color:rgb(0, 0, 0);font-size:15pt;font-family:&quot;Times New Roman&quot;\">Tiedot<\/span><\/strong><\/p>\n<p class=\"MsoNormal\"><strong><span style=\"background-color:rgb(245, 199, 205);font-size:12pt;font-family:&quot;Times New Roman&quot;\">Liukumaton<\/span><\/strong><strong><span style=\"font-size:12pt;font-family:&quot;Times New Roman&quot;\">\u00a0Polkea:<\/span><\/strong><span style=\"font-size:12pt;font-family:&quot;Times New Roman&quot;\">\u00a0Se lis\u00e4\u00e4 jalan pohjan ja polkimen v\u00e4list\u00e4 kitkaa est\u00e4en liukumisen.<\/span><\/p>\n<p><\/p>\n<p class=\"MsoNormal\"><strong><span style=\"background-color:rgb(245, 199, 205);font-size:12pt;font-family:&quot;Times New Roman&quot;\">Liukumaton<\/span><\/strong><strong><span style=\"font-size:12pt;font-family:&quot;Times New Roman&quot;\">\u00a0Renkaat:<\/span><\/strong><span style=\"font-size:12pt;font-family:&quot;Times New Roman&quot;\">\u00a0Renkaat, joissa on <\/span><span style=\"background-color:rgb(245, 199, 205);font-size:12pt;font-family:&quot;Times New Roman&quot;\">liukumaton<\/span><span style=\"font-size:12pt;font-family:&quot;Times New Roman&quot;\">\u00a0urat ovat kest\u00e4vi\u00e4 ja pit\u00e4vi\u00e4, ja ne est\u00e4v\u00e4t my\u00f6s luiston m\u00e4rill\u00e4 teill\u00e4. <\/span><\/p>\n<p><\/p>\n<p class=\"MsoNormal\"><strong><span style=\"font-size:12pt;font-family:&quot;Times New Roman&quot;\">Latauksen ilmaisin: <\/span><\/strong><span style=\"font-size:12pt;font-family:&quot;Times New Roman&quot;\">Laturissa on merkkivalo, joten voit helposti tarkistaa latauksen tilan. Merkkivalo on punainen latauksen aikana ja vihre\u00e4, kun lataus on valmis.<\/span><\/p>\n<p><\/p>\n<p class=\"MsoNormal\"><strong><span style=\"font-size:12pt;font-family:&quot;Times New Roman&quot;\">K\u00e4yt\u00e4nn\u00f6n lokasuojat:<\/span><\/strong><span style=\"font-size:12pt;font-family:&quot;Times New Roman&quot;\">\u00a0Etu- ja takalokasuojat suojaavat sinua ja py\u00f6r\u00e4\u00e4si mudan roiskeilta mutaisilla teill\u00e4 ajettaessa jossain m\u00e4\u00e4rin.<\/span><\/p>\n<p class=\"MsoNormal\"><strong><span style=\"color:rgb(0, 0, 0);font-size:15pt;font-family:&quot;Times New Roman&quot;\">Muistiinpanoja<\/span><\/strong><\/p>\n<p style=\"margin-left:21pt\" class=\"MsoNormal\"><span style=\"color:rgb(0, 0, 0);font-size:12pt;font-family:&quot;Times New Roman&quot;\"><span>1.\u00a0<\/span><\/span><span style=\"color:rgb(0, 0, 0);font-size:12pt;font-family:&quot;Times New Roman&quot;\">Lue k\u00e4ytt\u00f6ohje kokonaan ennen k\u00e4ytt\u00f6\u00e4. Kiinnit\u00e4 erityist\u00e4 huomiota mukana tuleviin turvallisuusohjeisiin.<\/span><\/p>\n<p style=\"margin-left:21pt\" class=\"MsoNormal\"><span style=\"color:rgb(23, 26, 29);font-size:12pt;font-family:&quot;Times New Roman&quot;\"><span>2.\u00a0<\/span><\/span><span style=\"color:rgb(23, 26, 29);font-size:12pt;font-family:&quot;Times New Roman&quot;\">Tarkista s\u00e4\u00e4nn\u00f6llisesti osien liitokset varmistaaksesi, ett\u00e4 tuote on koottu tukevasti. Jos liikkuvissa osissa tai rungossa on vaurioita, lopeta tuotteen k\u00e4ytt\u00f6 v\u00e4litt\u00f6m\u00e4sti. \u00a0\u00a0\u00a0\u00a0\u00a0\u00a0\u00a0<\/span><\/p>\n<p style=\"margin-left:21pt\" class=\"MsoNormal\"><span style=\"color:rgb(23, 26, 29);font-size:12pt;font-family:&quot;Times New Roman&quot;\"><span>3.\u00a0<\/span><\/span><span style=\"color:rgb(23, 26, 29);font-size:12pt;font-family:&quot;Times New Roman&quot;\">Lataa akku k\u00e4ytt\u00e4m\u00e4ll\u00e4 siihen tarkoitettua laturia. \u00c4l\u00e4 j\u00e4t\u00e4 akkua tulen l\u00e4helle, pura akkua tai k\u00e4yt\u00e4 tai lataa akkua korkeissa l\u00e4mp\u00f6tiloissa. Irrota virtajohto pistorasiasta, kun akku on latautunut t\u00e4yteen. <\/span><\/p>\n<p style=\"margin-left:21pt\" class=\"MsoNormal\"><span style=\"color:rgb(0, 0, 0);font-size:12pt;font-family:&quot;Times New Roman&quot;\"><span>4.\u00a0<\/span><\/span><span style=\"color:rgb(0, 0, 0);font-size:12pt;font-family:&quot;Times New Roman&quot;\">Salli kuvausvalon aiheuttama pieni v\u00e4riero ja manuaalisen mittauksen aiheuttama 1-3 cm:n virhe ja varmista, ett\u00e4 et v\u00e4lit\u00e4 t\u00e4st\u00e4 ennen tilaamista.<\/span><\/p>","protected":false},"excerpt":{"rendered":"<p>Hign-concerned Chemical:&nbsp;None Origin:&nbsp;Mainland China Description Do you want to give your children a childhood full of fun and exploration? Then this electric motorcycle for kids is the ideal choice for<\/p>","protected":false},"featured_media":21862,"comment_status":"open","ping_status":"closed","template":"","meta":{"_acf_changed":false},"product_brand":[],"product_cat":[313],"product_tag":[],"class_list":{"0":"post-21860","1":"product","2":"type-product","3":"status-publish","4":"has-post-thumbnail","6":"product_cat-electric-children-motorbikes","8":"first","9":"instock","10":"shipping-taxable","11":"purchasable","12":"product-type-simple"},"acf":[],"_links":{"self":[{"href":"https:\/\/electricstore.eu\/fi\/wp-json\/wp\/v2\/product\/21860","targetHints":{"allow":["GET"]}}],"collection":[{"href":"https:\/\/electricstore.eu\/fi\/wp-json\/wp\/v2\/product"}],"about":[{"href":"https:\/\/electricstore.eu\/fi\/wp-json\/wp\/v2\/types\/product"}],"replies":[{"embeddable":true,"href":"https:\/\/electricstore.eu\/fi\/wp-json\/wp\/v2\/comments?post=21860"}],"wp:featuredmedia":[{"embeddable":true,"href":"https:\/\/electricstore.eu\/fi\/wp-json\/wp\/v2\/media\/21862"}],"wp:attachment":[{"href":"https:\/\/electricstore.eu\/fi\/wp-json\/wp\/v2\/media?parent=21860"}],"wp:term":[{"taxonomy":"product_brand","embeddable":true,"href":"https:\/\/electricstore.eu\/fi\/wp-json\/wp\/v2\/product_brand?post=21860"},{"taxonomy":"product_cat","embeddable":true,"href":"https:\/\/electricstore.eu\/fi\/wp-json\/wp\/v2\/product_cat?post=21860"},{"taxonomy":"product_tag","embeddable":true,"href":"https:\/\/electricstore.eu\/fi\/wp-json\/wp\/v2\/product_tag?post=21860"}],"curies":[{"name":"wp","href":"https:\/\/api.w.org\/{rel}","templated":true}]}}