{"id":21842,"date":"2025-05-20T18:27:30","date_gmt":"2025-05-20T18:27:30","guid":{"rendered":"https:\/\/electricstore.eu\/p\/uncategorized\/motorcycle-lift-hydraulic-motorcycle-jack-680kg-jack-motorbike-lift-portable-motorcycle-lift-table-w-4-wheels\/"},"modified":"2025-05-20T18:27:46","modified_gmt":"2025-05-20T18:27:46","slug":"motorcycle-lift-hydraulic-motorcycle-jack-680kg-jack-motorbike-lift-portable-motorcycle-lift-table-w-4-wheels","status":"publish","type":"product","link":"https:\/\/electricstore.eu\/fi\/p\/a\/motorcycle-lift-hydraulic-motorcycle-jack-680kg-jack-motorbike-lift-portable-motorcycle-lift-table-w-4-wheels\/","title":{"rendered":"Moottoripy\u00f6r\u00e4n nostin Hydraulinen moottoripy\u00f6r\u00e4tunkki 680 kg Tunkki Moottoripy\u00f6r\u00e4n nostin Kannettava Moottoripy\u00f6r\u00e4n Nostop\u00f6yt\u00e4 4 Py\u00f6r\u00e4ll\u00e4"},"content":{"rendered":"<div class=\"product-specs-list-container\">\n<ul class=\"product-specs-list util-clearfix\">\n<li class=\"product-prop line-limit-length\"><span\n                                        class=\"property-title\">Huolenaiheinen kemikaali:&nbsp;<\/span><span\n                                        class=\"property-desc line-limit-length\">Ei mit\u00e4\u00e4n<\/span>\n                            <\/li>\n<li class=\"product-prop line-limit-length\"><span\n                                        class=\"property-title\">Alkuper\u00e4:&nbsp;<\/span><span\n                                        class=\"property-desc line-limit-length\">Manner-Kiina<\/span>\n                            <\/li>\n<\/ul><\/div>\n<p><img decoding=\"async\" src=\"https:\/\/ae01.alicdn.com\/kf\/S388cd948c765441eba4b4a790bc20050t.jpg\" slate-data-type=\"image\"\/><img decoding=\"async\" src=\"https:\/\/ae01.alicdn.com\/kf\/S153e5d01bffc4765a00a7b590a16b315j.jpg\" slate-data-type=\"image\"\/><img decoding=\"async\" src=\"https:\/\/ae01.alicdn.com\/kf\/S2826f140a1684c30ab1fba946a65490am.jpg\" slate-data-type=\"image\"\/><img decoding=\"async\" src=\"https:\/\/ae01.alicdn.com\/kf\/Sdde7e85cff54408abaa8395a56cc0e02C.jpg\" slate-data-type=\"image\"\/><img decoding=\"async\" src=\"https:\/\/ae01.alicdn.com\/kf\/S490fcd5f13734c52a813746729e56770W.jpg\" slate-data-type=\"image\"\/><img decoding=\"async\" src=\"https:\/\/ae01.alicdn.com\/kf\/S25f78e25eda24ea9be14785e9edf8168m.jpg\" slate-data-type=\"image\"\/><img decoding=\"async\" src=\"https:\/\/ae01.alicdn.com\/kf\/Sa60a07e5ebaf4635bfd4f08d25a2d998P.jpg\" slate-data-type=\"image\"\/><img decoding=\"async\" src=\"https:\/\/ae01.alicdn.com\/kf\/S10a0a96e5feb418c968d247754594077A.jpg\" slate-data-type=\"image\"\/><img decoding=\"async\" src=\"https:\/\/ae01.alicdn.com\/kf\/S1f5d7508c61447ceb88e64a6eae06a73y.jpg\" slate-data-type=\"image\"\/><img decoding=\"async\" src=\"https:\/\/ae01.alicdn.com\/kf\/S6a357fb28d144b49bbeb53029998fc477.jpg\" slate-data-type=\"image\"\/><img decoding=\"async\" src=\"https:\/\/ae01.alicdn.com\/kf\/Sdfb018ae735746a99062f6c8729794987.jpg\" slate-data-type=\"image\"\/><img decoding=\"async\" src=\"https:\/\/ae01.alicdn.com\/kf\/Sc9004cde1b144c669419972fd78af669G.jpg\" slate-data-type=\"image\"\/><img decoding=\"async\" src=\"https:\/\/ae01.alicdn.com\/kf\/S64506aa2a5e7460184d9ab9ed20676533.jpg\" slate-data-type=\"image\"\/><img decoding=\"async\" src=\"https:\/\/ae01.alicdn.com\/kf\/S8c9290b0f4f34116b90de910bcfc4a32g.jpg\" slate-data-type=\"image\"\/><img decoding=\"async\" src=\"https:\/\/ae01.alicdn.com\/kf\/S17aca4d2079f4cf29117ce53fc6a33d0S.jpg\" slate-data-type=\"image\"\/><img decoding=\"async\" src=\"https:\/\/ae01.alicdn.com\/kf\/Sbd35952685b34e04a813955440de9970C.jpg\" slate-data-type=\"image\"\/><img decoding=\"async\" src=\"https:\/\/ae01.alicdn.com\/kf\/Sbe0cde4b5d3e472c987363e342711eacD.jpg\" slate-data-type=\"image\"\/><img decoding=\"async\" src=\"https:\/\/ae01.alicdn.com\/kf\/S43331f6910c14635b030f08641cfa593H.jpg\" slate-data-type=\"image\"\/><img decoding=\"async\" src=\"https:\/\/ae01.alicdn.com\/kf\/Sfb6e12918b7845118c3677d1551c7466t.jpg\" slate-data-type=\"image\"\/><img decoding=\"async\" src=\"https:\/\/ae01.alicdn.com\/kf\/S2a4b52a547db429d96c926d551166388v.jpg\" slate-data-type=\"image\"\/><img decoding=\"async\" src=\"https:\/\/ae01.alicdn.com\/kf\/S612a1e37351b4caba0b947670d19b803z.jpg\" slate-data-type=\"image\"\/><img decoding=\"async\" src=\"https:\/\/ae01.alicdn.com\/kf\/S3f0a340070fc41b784f5acc25b4564edF.jpg\" slate-data-type=\"image\"\/><img decoding=\"async\" src=\"https:\/\/ae01.alicdn.com\/kf\/S58396ccb3d8e42fbba779b3b9e2c7bbdr.jpg\" slate-data-type=\"image\"\/><img decoding=\"async\" src=\"https:\/\/ae01.alicdn.com\/kf\/S727dc45ae01245a991c9252a525af273P.jpg\" slate-data-type=\"image\"\/><\/p>\n<p><strong><span style=\"color:rgb(0, 0, 0);font-size:15pt;font-family:&quot;Times New Roman&quot;\">Kuvaus<\/span><\/strong><\/p>\n<p><\/p>\n<p class=\"MsoNormal\"><span style=\"color:rgb(0, 0, 0);font-size:12pt;font-family:&quot;Times New Roman&quot;\">T\u00e4m\u00e4 moottoripy\u00f6r\u00e4n hydraulinen nostin on hyv\u00e4 apuri autotallissasi, sill\u00e4 se on valmistettu korkealaatuisista materiaaleista ja hienosta ammattitaidosta. Suuri kuormituskapasiteetti ja ensiluokkainen hydrauli\u00f6ljypumppu auttavat sinua nostamaan moottoripy\u00f6r\u00e4n helposti oikealle ty\u00f6skentelykorkeudelle, mik\u00e4 tekee moottoripy\u00f6r\u00e4n korjaus- ja huoltot\u00f6iden suorittamisesta k\u00e4tev\u00e4\u00e4. T\u00e4m\u00e4n moottoripy\u00f6r\u00e4n hydraulisen nostimen omistaminen parantaa huomattavasti ty\u00f6tehokkuuttasi.<\/span><\/p>\n<p><\/p>\n<p class=\"MsoNormal\"><strong><span style=\"color:rgb(0, 0, 0);font-size:15pt;font-family:&quot;Times New Roman&quot;\">T\u00e4rkeimm\u00e4t ominaisuudet<\/span><\/strong><\/p>\n<p class=\"MsoNormal\"><strong><span style=\"color:rgb(0, 0, 0);font-size:12pt;font-family:&quot;Times New Roman&quot;\">Rakenna kest\u00e4m\u00e4\u00e4n: <\/span><\/strong><span style=\"color:rgb(0, 0, 0);font-size:12pt;font-family:&quot;Times New Roman&quot;\">Se on p\u00e4\u00e4asiassa valmistettu korkealaatuisesta raudasta, ja pinta on k\u00e4sitelty muoviruiskutusprosessilla, joka on <\/span><span style=\"background-color:rgb(236, 178, 215);color:rgb(0, 0, 0);font-size:12pt;font-family:&quot;Times New Roman&quot;\">kulutusta kest\u00e4v\u00e4<\/span><span style=\"color:rgb(0, 0, 0);font-size:12pt;font-family:&quot;Times New Roman&quot;\">\u00a0ja <\/span><span style=\"background-color:rgb(236, 178, 215);color:rgb(0, 0, 0);font-size:12pt;font-family:&quot;Times New Roman&quot;\">korroosionkest\u00e4v\u00e4<\/span><span style=\"color:rgb(0, 0, 0);font-size:12pt;font-family:&quot;Times New Roman&quot;\">\u00a0pitk\u00e4n k\u00e4ytt\u00f6i\u00e4n varmistamiseksi.<\/span><\/p>\n<p><\/p>\n<p class=\"MsoNormal\"><strong><span style=\"color:rgb(17, 17, 17);font-size:12pt;font-family:&quot;Times New Roman&quot;\">Suuri kuormituskapasiteetti: <\/span><\/strong><span style=\"color:rgb(17, 17, 17);font-size:12pt;font-family:&quot;Times New Roman&quot;\">Korkealaatuiset rautaputket antavat sille hyv\u00e4n 750 kg:n (1500 paunan) kantavuuden ja voivat nostaa vakaasti eri painoisia moottoripy\u00f6ri\u00e4.<\/span><\/p>\n<p><\/p>\n<p class=\"MsoNormal\"><strong><span style=\"color:rgb(17, 17, 17);font-size:12pt;font-family:&quot;Times New Roman&quot;\">Yksinkertainen k\u00e4ytt\u00f6:<\/span><\/strong><span style=\"color:rgb(17, 17, 17);font-size:12pt;font-family:&quot;Times New Roman&quot;\">\u00a0Pitk\u00e4n kahvan (22,64 tuumaa) ansiosta sit\u00e4 on helppo k\u00e4ytt\u00e4\u00e4 my\u00f6s seisten. <\/span><span style=\"background-color:rgb(236, 178, 215);color:rgb(17, 17, 17);font-size:12pt;font-family:&quot;Times New Roman&quot;\">liukumaton<\/span><span style=\"color:rgb(17, 17, 17);font-size:12pt;font-family:&quot;Times New Roman&quot;\">\u00a0poljin ja korkealaatuinen hydrauliikka\u00f6ljypumppu auttavat sinua nostamaan moottoripy\u00f6r\u00e4n <\/span><span style=\"color:rgb(0, 0, 0);font-size:12pt;font-family:&quot;Times New Roman&quot;\">4,53\u201314,37 tuumaa<\/span><span style=\"color:rgb(17, 17, 17);font-size:12pt;font-family:&quot;Times New Roman&quot;\">, jolloin voit aloittaa korjausty\u00f6t k\u00e4ytt\u00e4m\u00e4tt\u00e4 liikaa aikaa ja vaivaa. <\/span><\/p>\n<p><\/p>\n<p class=\"MsoNormal\"><strong><span style=\"color:rgb(0, 0, 0);font-size:12pt;font-family:&quot;Times New Roman&quot;\">Helppo siirt\u00e4\u00e4: <\/span><\/strong><span style=\"color:rgb(0, 0, 0);font-size:12pt;font-family:&quot;Times New Roman&quot;\">Kaksi suoraan juoksevaa py\u00f6r\u00e4\u00e4 ja kaksi yleispy\u00f6r\u00e4\u00e4 mahdollistavat sen sujuvan liikkumisen mihin tahansa tarvitset.<\/span><\/p>\n<p><\/p>\n<p class=\"MsoNormal\"><strong><span style=\"color:rgb(17, 17, 17);font-size:12pt;font-family:&quot;Times New Roman&quot;\">Korkea turvallisuus: <\/span><\/strong><span style=\"color:rgb(17, 17, 17);font-size:12pt;font-family:&quot;Times New Roman&quot;\">Se on varustettu kolmiasentoisilla turvatapeilla, jotka voivat kiinnitt\u00e4\u00e4 moottoripy\u00f6r\u00e4n halutulle korkeudelle ja parantaa vakautta. Kumikerroksen pinnassa on kuvioitu rakenne, joka est\u00e4\u00e4 tehokkaasti liukastumisen ja parantaa k\u00e4ytt\u00f6turvallisuutta.<\/span><\/p>\n<p><\/p>\n<p class=\"MsoNormal\"><strong><span style=\"color:rgb(0, 0, 0);font-size:12pt;font-family:&quot;Times New Roman&quot;\">Tilaa s\u00e4\u00e4st\u00e4v\u00e4 muotoilu: <\/span><\/strong><span style=\"color:rgb(0, 0, 0);font-size:12pt;font-family:&quot;Times New Roman&quot;\">Se voidaan laskea l\u00e4helle lattiatasoa, kun sit\u00e4 ei k\u00e4ytet\u00e4, s\u00e4ilytystilan s\u00e4\u00e4st\u00e4miseksi, ja sen kompakti koko (30,71 * 13,78 * 33,27 tuumaa) ei vie paljon tilaa. <\/span><\/p>\n<p><\/p>\n<p class=\"MsoNormal\"><strong><span style=\"color:rgb(0, 0, 0);font-size:12pt;font-family:&quot;Times New Roman&quot;\">Suojaava pakkaus: <\/span><\/strong><span style=\"color:rgb(0, 0, 0);font-size:12pt;font-family:&quot;Times New Roman&quot;\">Jotta tuote ei vaurioituisi ja kolhiintuisi kuljetuksen aikana, olemme pakanneet sen muovipussiin ja pahviin suojataksemme tuotteitasi parhaalla mahdollisella tavalla.<\/span><\/p>\n<p><\/p>\n<p class=\"MsoNormal\"><strong><span style=\"color:rgb(14, 16, 26);font-size:12pt;font-family:&quot;Times New Roman&quot;\">Asiakaspalvelu: <\/span><\/strong><span style=\"color:rgb(14, 16, 26);font-size:12pt;font-family:&quot;Times New Roman&quot;\">Kommunikointi on paras tapa ratkaista ongelmia. <\/span><span style=\"background-color:rgb(236, 178, 215);color:rgb(14, 16, 26);font-size:12pt;font-family:&quot;Times New Roman&quot;\">Jos sinulla on ongelmia, ota rohkeasti yhteytt\u00e4. Vastaamme ja ratkaisemme ongelman mahdollisimman pian.<\/span><\/p>\n<p><\/p>\n<p class=\"MsoNormal\"><strong><span style=\"color:rgb(0, 0, 0);font-size:15pt;font-family:&quot;Times New Roman&quot;\">Tiedot <\/span><\/strong><\/p>\n<p class=\"MsoNormal\"><strong><span style=\"background-color:rgb(236, 178, 215);color:rgb(14, 16, 26);font-size:12pt;font-family:&quot;Times New Roman&quot;\">Liukumaton<\/span><\/strong><strong><span style=\"color:rgb(0, 0, 0);font-size:12pt;font-family:&quot;Times New Roman&quot;\">\u00a0Kahva:<\/span><\/strong><span style=\"color:rgb(0, 0, 0);font-size:12pt;font-family:&quot;Times New Roman&quot;\">\u00a0Kahvan kumisuojus on mukava ja helppo tarttua, ja sen tekstuuri est\u00e4\u00e4 liukumisen k\u00e4yt\u00f6n aikana, mik\u00e4 parantaa turvallisuutta.<\/span><\/p>\n<p><\/p>\n<p class=\"MsoNormal\"><strong><span style=\"font-size:12pt;font-family:&quot;Times New Roman&quot;\">Tuplapalkit: <\/span><\/strong><span style=\"font-size:12pt;font-family:&quot;Times New Roman&quot;\">Vahvistetut poikkipalkit parantavat sen yleist\u00e4 vakautta ja tukea, mik\u00e4 tekee korjausprosessista turvallisen ja tehokkaan.<\/span><\/p>\n<p><\/p>\n<p class=\"MsoNormal\"><strong><span style=\"font-size:12pt;font-family:&quot;Times New Roman&quot;\">Kiinnityspultti:<\/span><\/strong><span style=\"font-size:12pt;font-family:&quot;Times New Roman&quot;\">\u00a0Se voi s\u00e4\u00e4t\u00e4\u00e4 kulmaa ja korkeutta maasto-olosuhteiden mukaan erilaisten kiinnitystarpeiden t\u00e4ytt\u00e4miseksi.<\/span><\/p>\n<p><\/p>\n<p class=\"MsoNormal\"><strong><span style=\"color:rgb(0, 0, 0);font-size:15pt;font-family:&quot;Times New Roman&quot;\">Hakemus<\/span><\/strong><\/p>\n<p class=\"MsoNormal\"><span style=\"font-size:12pt;font-family:&quot;Times New Roman&quot;\">Se sopii k\u00e4ytett\u00e4v\u00e4ksi autotallissa, korjaamossa tai radalla ja soveltuu moottoripy\u00f6rien, kuten maantiepy\u00f6rien, rantapy\u00f6rien ja seikkailumoottoripy\u00f6rien, nostamiseen.<\/span><\/p>\n<p><\/p>\n<p class=\"MsoNormal\"><strong><span style=\"color:rgb(0, 0, 0);font-size:15pt;font-family:&quot;Times New Roman&quot;\">Tekniset tiedot<\/span><\/strong><\/p>\n<p class=\"MsoNormal\"><span style=\"color:rgb(0, 0, 0);font-size:12pt;font-family:&quot;Times New Roman&quot;\">V\u00e4ri: Musta, Punainen<\/span><\/p>\n<p class=\"MsoNormal\"><span style=\"color:rgb(0, 0, 0);font-size:12pt;font-family:&quot;Times New Roman&quot;\">Taistelulajit: Rauta, kumi, muovi<\/span><\/p>\n<p class=\"MsoNormal\"><span style=\"color:rgb(0, 0, 0);font-size:12pt;font-family:&quot;Times New Roman&quot;\">Prosessi: Muovin ruiskutus, ruiskuvalu<\/span><\/p>\n<p class=\"MsoNormal\"><span style=\"color:rgb(0, 0, 0);font-size:12pt;font-family:&quot;Times New Roman&quot;\">Maksimikuorma: 680 kg \/ 1500 paunaa<\/span><\/p>\n<p class=\"MsoNormal\"><span style=\"color:rgb(0, 0, 0);font-size:12pt;font-family:&quot;Times New Roman&quot;\">Nostoalue: 115\u2013365 mm \/ 4,53\u201314,37 tuumaa<\/span><\/p>\n<p class=\"MsoNormal\"><span style=\"color:rgb(0, 0, 0);font-size:12pt;font-family:&quot;Times New Roman&quot;\">Kahvan pituus: 57,5 cm \/ 22,64 tuumaa<\/span><\/p>\n<p class=\"MsoNormal\"><span style=\"font-size:12pt;font-family:&quot;Times New Roman&quot;\">Kumi ty\u00f6taso<\/span><span style=\"color:rgb(0, 0, 0);font-size:12pt;font-family:&quot;Times New Roman&quot;\">\u00a0Pituus: 30,5 cm \/ 12 tuumaa<\/span><\/p>\n<p class=\"MsoNormal\"><span style=\"color:rgb(0, 0, 0);font-size:12pt;font-family:&quot;Times New Roman&quot;\">Tuotteen koko: 78 * 35 * 84,5 cm \/ 30,71 * 13,78 * 33,27 tuumaa<\/span><\/p>\n<p class=\"MsoNormal\"><span style=\"color:rgb(0, 0, 0);font-size:12pt;font-family:&quot;Times New Roman&quot;\">Pakkauksen koko: 82 * 43 * 14 cm \/ 32,28 * 16,93 * 5,51 tuumaa<\/span><\/p>\n<p class=\"MsoNormal\"><span style=\"color:rgb(0, 0, 0);font-size:12pt;font-family:&quot;Times New Roman&quot;\">Kokonaispaino: 26,75 kg \/ 58,97 paunaa<\/span><\/p>\n<p class=\"MsoNormal\"><span style=\"color:rgb(0, 0, 0);font-size:12pt;font-family:&quot;Times New Roman&quot;\">Nettopaino: 25,2 kg \/ 55,56 paunaa<\/span><\/p>\n<p><\/p>\n<p class=\"MsoNormal\"><strong><span style=\"color:rgb(0, 0, 0);font-size:15pt;font-family:&quot;Times New Roman&quot;\">Paketti sis\u00e4ltyy hintaan<\/span><\/strong><\/p>\n<p class=\"MsoNormal\"><span style=\"color:rgb(0, 0, 0);font-size:12pt;font-family:&quot;Times New Roman&quot;\">1 * Moottoripy\u00f6r\u00e4n hydraulinen nostin<\/span><\/p>\n<p class=\"MsoNormal\"><span style=\"color:rgb(0, 0, 0);font-size:12pt;font-family:&quot;Times New Roman&quot;\">1 * Englanninkielinen k\u00e4ytt\u00f6ohje<\/span><\/p>\n<p class=\"MsoNormal\"><span style=\"color:rgb(0, 0, 0);font-size:12pt;font-family:&quot;Times New Roman&quot;\">Muut asennustarvikkeet \u00a0\u00a0<\/span><\/p>\n<p><\/p>\n<p class=\"MsoNormal\"><strong><span style=\"color:rgb(0, 0, 0);font-size:15pt;font-family:&quot;Times New Roman&quot;\">Muistiinpanoja<\/span><\/strong><\/p>\n<p class=\"MsoNormal\"><span style=\"color:rgb(0, 0, 0);font-size:12pt;font-family:&quot;Times New Roman&quot;\">Salli kuvausvalon aiheuttama pieni v\u00e4riero ja manuaalisen mittauksen aiheuttama 1-3 cm:n virhe ja varmista, ett\u00e4 et v\u00e4lit\u00e4 t\u00e4st\u00e4 ennen tilaamista.<\/span><\/p>","protected":false},"excerpt":{"rendered":"<p>Hign-concerned Chemical:&nbsp;None Origin:&nbsp;Mainland China Description This motorcycle hydraulic lift is a good helper in your garage, which is made of high-quality materials and fine craftsmanship. The high load capacity and<\/p>","protected":false},"featured_media":21843,"comment_status":"open","ping_status":"closed","template":"","meta":{"_acf_changed":false},"product_brand":[],"product_cat":[525],"product_tag":[],"class_list":{"0":"post-21842","1":"product","2":"type-product","3":"status-publish","4":"has-post-thumbnail","6":"product_cat-a","8":"first","9":"instock","10":"shipping-taxable","11":"purchasable","12":"product-type-variable"},"acf":[],"_links":{"self":[{"href":"https:\/\/electricstore.eu\/fi\/wp-json\/wp\/v2\/product\/21842","targetHints":{"allow":["GET"]}}],"collection":[{"href":"https:\/\/electricstore.eu\/fi\/wp-json\/wp\/v2\/product"}],"about":[{"href":"https:\/\/electricstore.eu\/fi\/wp-json\/wp\/v2\/types\/product"}],"replies":[{"embeddable":true,"href":"https:\/\/electricstore.eu\/fi\/wp-json\/wp\/v2\/comments?post=21842"}],"wp:featuredmedia":[{"embeddable":true,"href":"https:\/\/electricstore.eu\/fi\/wp-json\/wp\/v2\/media\/21843"}],"wp:attachment":[{"href":"https:\/\/electricstore.eu\/fi\/wp-json\/wp\/v2\/media?parent=21842"}],"wp:term":[{"taxonomy":"product_brand","embeddable":true,"href":"https:\/\/electricstore.eu\/fi\/wp-json\/wp\/v2\/product_brand?post=21842"},{"taxonomy":"product_cat","embeddable":true,"href":"https:\/\/electricstore.eu\/fi\/wp-json\/wp\/v2\/product_cat?post=21842"},{"taxonomy":"product_tag","embeddable":true,"href":"https:\/\/electricstore.eu\/fi\/wp-json\/wp\/v2\/product_tag?post=21842"}],"curies":[{"name":"wp","href":"https:\/\/api.w.org\/{rel}","templated":true}]}}