{"id":21813,"date":"2025-05-20T18:27:15","date_gmt":"2025-05-20T18:27:15","guid":{"rendered":"https:\/\/electricstore.eu\/p\/uncategorized\/blackview-oscal-powermax-3600-eu-plug-rugged-power-station-3600wh-to-57600wh-lifepo4-battery-14-outlet-light-modes-morse-code\/"},"modified":"2025-05-20T18:27:29","modified_gmt":"2025-05-20T18:27:29","slug":"blackview-oscal-powermax-3600-eu-plug-rugged-power-station-3600wh-to-57600wh-lifepo4-battery-14-outlet-light-modes-morse-code","status":"publish","type":"product","link":"https:\/\/electricstore.eu\/fi\/p\/batteries\/portable-power-stations\/blackview-oscal-powermax-3600-eu-plug-rugged-power-station-3600wh-to-57600wh-lifepo4-battery-14-outlet-light-modes-morse-code\/","title":{"rendered":"Blackview Oscal PowerMax 3600 EU-pistokkeella varustettu kest\u00e4v\u00e4 virtal\u00e4hde, 3600 Wh - 57 600 Wh LiFePO4-akku, 14 pistorasiaa, valaistustilat, morseaakkosto"},"content":{"rendered":"<div class=\"product-specs-list-container\">\n<ul class=\"product-specs-list util-clearfix\">\n<li class=\"product-prop line-limit-length\"><span\n                                        class=\"property-title\">Sovellus:&nbsp;<\/span><span\n                                        class=\"property-desc line-limit-length\">Aurinkoenergian varastointi<\/span>\n                            <\/li>\n<li class=\"product-prop line-limit-length\"><span\n                                        class=\"property-title\">Nimelliskapasiteetti:&nbsp;<\/span><span\n                                        class=\"property-desc line-limit-length\">3600Wh<\/span>\n                            <\/li>\n<li class=\"product-prop line-limit-length\"><span\n                                        class=\"property-title\">Mallinumero:&nbsp;<\/span><span\n                                        class=\"property-desc line-limit-length\">PowerMax 3600<\/span>\n                            <\/li>\n<li class=\"product-prop line-limit-length\"><span\n                                        class=\"property-title\">Tyyppi:&nbsp;<\/span><span\n                                        class=\"property-desc line-limit-length\">LiFePO4<\/span>\n                            <\/li>\n<li class=\"product-prop line-limit-length\"><span\n                                        class=\"property-title\">Setin tyyppi:&nbsp;<\/span><span\n                                        class=\"property-desc line-limit-length\">Laturisarjat<\/span>\n                            <\/li>\n<li class=\"product-prop line-limit-length\"><span\n                                        class=\"property-title\">Merkki:&nbsp;<\/span><span\n                                        class=\"property-desc line-limit-length\">Blackview Oscal<\/span>\n                            <\/li>\n<li class=\"product-prop line-limit-length\"><span\n                                        class=\"property-title\">V\u00e4ri:&nbsp;<\/span><span\n                                        class=\"property-desc line-limit-length\">Grey + Red<\/span>\n                            <\/li>\n<li class=\"product-prop line-limit-length\"><span\n                                        class=\"property-title\">Malli:&nbsp;<\/span><span\n                                        class=\"property-desc line-limit-length\">PowerMax 3600<\/span>\n                            <\/li>\n<li class=\"product-prop line-limit-length\"><span\n                                        class=\"property-title\">Akun kapasiteetti:&nbsp;<\/span><span\n                                        class=\"property-desc line-limit-length\">3600 Wh<\/span>\n                            <\/li>\n<li class=\"product-prop line-limit-length\"><span\n                                        class=\"property-title\">Akun tyyppi:&nbsp;<\/span><span\n                                        class=\"property-desc line-limit-length\">LiFePO4-akku<\/span>\n                            <\/li>\n<li class=\"product-prop line-limit-length\"><span\n                                        class=\"property-title\">Voima syntyy:&nbsp;<\/span><span\n                                        class=\"property-desc line-limit-length\">7200W<\/span>\n                            <\/li>\n<li class=\"product-prop line-limit-length\"><span\n                                        class=\"property-title\">Invertterin tyyppi:&nbsp;<\/span><span\n                                        class=\"property-desc line-limit-length\">Puhdas siniaalto<\/span>\n                            <\/li>\n<li class=\"product-prop line-limit-length\"><span\n                                        class=\"property-title\">Ominaisuudet 01:&nbsp;<\/span><span\n                                        class=\"property-desc line-limit-length\">Kannettava akku<\/span>\n                            <\/li>\n<li class=\"product-prop line-limit-length\"><span\n                                        class=\"property-title\">Ominaisuudet 02:&nbsp;<\/span><span\n                                        class=\"property-desc line-limit-length\">Kannettava raportoitava virtal\u00e4hde<\/span>\n                            <\/li>\n<li class=\"product-prop line-limit-length\"><span\n                                        class=\"property-title\">Ominaisuudet 03:&nbsp;<\/span><span\n                                        class=\"property-desc line-limit-length\">Bluetti-voimalaitos<\/span>\n                            <\/li>\n<li class=\"product-prop line-limit-length\"><span\n                                        class=\"property-title\">Ominaisuudet 04:&nbsp;<\/span><span\n                                        class=\"property-desc line-limit-length\">Kannettava retkeilyakku<\/span>\n                            <\/li>\n<li class=\"product-prop line-limit-length\"><span\n                                        class=\"property-title\">Ominaisuudet 05:&nbsp;<\/span><span\n                                        class=\"property-desc line-limit-length\">3600 W kannettava voimalaitos<\/span>\n                            <\/li>\n<\/ul><\/div>\n<div class=\"detailmodule_html\">\n<div class=\"detail-desc-decorate-richtext\">\n<p><span style=\"font-size:24px\"><strong>Kohokohdat:<\/strong><\/span><\/p>\n<ul style=\"font-family:&quot;Microsoft YaHei&quot;;font-size:medium;font-weight:400;letter-spacing:normal;text-align:start;white-space:normal;color:rgb(0, 0, 0);margin-bottom:10px;padding-left:0px\" class=\"clearfix\" align=\"start\">\n<li style=\"font-size:14px;margin-right:10px;padding-left:18px;list-style:none;position:relative;float:left\">\n<h3><strong>14 monipuolista myyntipistett\u00e4<\/strong><\/h3>\n<p>Korkealaatuisen 3600 W:n puhtaalla siniaalto-AC-invertterill\u00e4 varustetun Blackview Oscal PowerMax 3600:n 14 pistorasiaa voivat tyydytt\u00e4\u00e4 kaikki pistorasiatarpeesi ja py\u00f6ritt\u00e4\u00e4 koko juhliasi, retkeily\u00e4si tai jopa koko taloasi odottamattoman s\u00e4hk\u00f6katkon sattuessa.<\/p>\n<h3><strong>57600 Wh:n maksimiakku<\/strong><\/h3>\n<p>Blackview ASCAL PowerMax 3600 tarjoaa joustavuutta akun kapasiteetin r\u00e4\u00e4t\u00e4l\u00f6intiin 100%-modulaarisen rakenteensa ansiosta, joka vaihtelee 3,6 kWh:sta 57,6 kWh:iin ja sis\u00e4lt\u00e4\u00e4 jopa 15 akkupakettia (3600 Wh\/paketti) erilaisiin energiantarpeisiisi ulko- ja sis\u00e4aktiviteeteista riippumatta.<\/p>\n<h3><strong>LED-valotilat ja morseaakkosten signaali<\/strong><\/h3>\n<p>Viiden vakio-LED-valotilan lis\u00e4ksi tietoa voidaan l\u00e4hett\u00e4\u00e4 valosignaalien avulla muuttamalla valojen kirkkautta ja vilkkumiskuvioita, mik\u00e4 on hy\u00f6dyllist\u00e4 y\u00f6ll\u00e4, huonolla s\u00e4\u00e4ll\u00e4 tai huonon n\u00e4kyvyyden tilanteissa merkkien, erityisesti h\u00e4t\u00e4puheluiden, v\u00e4litt\u00e4miseksi.<\/p>\n<h3><strong>UV-suojattu ja UL94V-0-luokiteltu palosuojattu kotelo<\/strong><\/h3>\n<p>Whether it&#8217;s in the midst of yard trimming or desert exploration, the PowerMax 3600&#8217;s Anti-UV feature protection it from fading and getting brought on by prolonged sun exposure, and its UL94V-0 flame-retardant case enures that there is no risk of fires resulting from heat generation.<\/p>\n<h3><strong>0,8 metrin pystysuora pudotussuojattu rakenne<\/strong><\/h3>\n<p>PowerMax 3600 on suunniteltu sopimaan retkiesi vaativiin maastoihin ja kest\u00e4m\u00e4\u00e4n jopa 0,8 metrin korkeudesta tapahtuvat pystysuorat pudotukset, mik\u00e4 v\u00e4hent\u00e4\u00e4 huolta tahattomista putoamisista nurmikosta irrotettaessa sit\u00e4 autosta tai portaista.<\/p>\n<h3><strong>Roiske- ja p\u00f6lytiivis runko<\/strong><\/h3>\n<p>Kasteisen aamun j\u00e4rvenrannoilta h\u00e4m\u00e4r\u00e4n p\u00f6lyiseen aavikkoon, voit ottaa sen mukaasi minne tahansa ilman ongelmia \u2013 se suojaa tehokkaasti pystysuorilta vesipisaroilta ja tiettyjen kiinteiden aineiden p\u00e4\u00e4sylt\u00e4 sis\u00e4\u00e4n.<\/p>\n<\/li>\n<\/ul>\n<p><span style=\"font-size:26px\"><strong>Tekniset tiedot:<\/strong><\/span><\/p>\n<ul style=\"font-family:&quot;Microsoft YaHei&quot;;font-size:medium;font-weight:400;letter-spacing:normal;text-align:start;white-space:normal;color:rgb(0, 0, 0);margin-bottom:10px;padding-left:0px\" class=\"clearfix\" align=\"start\">\n<li style=\"font-size:14px;margin-right:10px;padding-left:18px;list-style:none;position:relative;float:left\">\n<table style=\"border-collapse:collapse;width:1000px\" class=\"jbEidtTable\" border=\"1\" cellpadding=\"5\" cellspacing=\"0\">\n<tbody>\n<tr>\n<td style=\"font-size:14px;text-align:left;width:373px;height:89px\" align=\"left\">\n<p>Yleist\u00e4<\/p>\n<\/td>\n<td style=\"font-size:14px;text-align:left;width:603px;height:89px\" align=\"left\">\n<p>Merkki: Blackview Oscal<br \/>Tyyppi: Kest\u00e4v\u00e4 voimalaitos<br \/>Malli: PowerMax 3600 EU<br \/>V\u00e4ri: Harmaa + Punainen<\/p>\n<\/td>\n<\/tr>\n<tr>\n<td style=\"font-size:14px;text-align:left;width:373px;height:646px\" align=\"left\">\n<p>Tekniset tiedot<\/p>\n<\/td>\n<td style=\"font-size:14px;text-align:left;width:603px;height:646px\" align=\"left\">\n<div>Akku<br \/>Akun kapasiteetti: 3600 Wh<br \/>Akun tyyppi: LiFePO4-akku<br \/>Akun k\u00e4ytt\u00f6ik\u00e4: yli 3500 latauskertaa alkuper\u00e4iseen kapasiteettiin 80% asti<\/div>\n<p>L\u00e4ht\u00f6<br \/>AC-l\u00e4ht\u00f6:<br \/>4 x 3600 W teho (maks.)<br \/>Invertterityyppi: Puhdas siniaalto<br \/>Ylij\u00e4nnitesuoja: 7200 W<br \/>USB-C-portti: USB-C 100W x2<br \/>USB-A-portti: USB-A 12W x1, USB-A 18W x3<br \/>DC-l\u00e4ht\u00f6teho: Anderson 378W x1, DC 5521 36W x2<br \/>Tupakansytytinliit\u00e4nt\u00e4: Tupakansytytin 120W x1<\/p>\n<p>Sy\u00f6tt\u00f6<br \/>Verkkovirtal\u00e4hteen tulo: 2200 W (maks.), Latausaika: 1,96 h<br \/>Aurinkoenergian sy\u00f6tt\u00f6: 1600 W ((maks.), latausaika: 2,25 h<br \/>(Parhaalla auringonpaisteella, ihanteellisella suuntauksella ja alhaisessa l\u00e4mp\u00f6tilassa)<br \/>Auton teho: 120 W (maks.), Latausaika: 30 h<br \/>Kaksoislataus<br \/>-AC-lataus + DC-aurinkolataus 1,2 tuntia<br \/>-AC-lataus + DC-auton lataus 1,86 h<\/p>\n<p>Latausl\u00e4mp\u00f6tila: 0\u201350 \u00b0C (32\u2013122 \u00b0F) Parhaimmillaan 0\u201345 \u00b0C:n l\u00e4mp\u00f6tilassa (32\u2013113 \u00b0F)<br \/>Purkausl\u00e4mp\u00f6tila: -20\u201355 \u00b0C (-4 \u00b0F\u2013131 \u00b0F) Paras l\u00e4mp\u00f6tila -10 \u00b0C \u2013 45 \u00b0C (14 \u00b0F \u2013 113 \u00b0F)<br \/>S\u00e4ilytysl\u00e4mp\u00f6tila: -10 \u00b0C - 45 \u00b0C (14 \u00b0F - 113 \u00b0F)<br \/>Sovellusohjaus: Kyll\u00e4, Wi-Fi:n ja Bluetoothin kautta<\/p>\n<\/td>\n<\/tr>\n<tr>\n<td style=\"font-size:14px;text-align:left;width:373px;height:89px\" align=\"left\">\n<p>Paino ja koko<\/p>\n<\/td>\n<td style=\"font-size:14px;text-align:left;width:603px;height:89px\" align=\"left\">\n<p>Tuotteen paino: 44,5 kg<br \/>Pakkauksen paino: 47,6 kg<br \/>Tuotteen koko (P x L x K): 59 x 35 x 44,1 cm<br \/>Pakkauksen koko (P x L x K): 66 \u00d7 40,5 \u00d7 52,5 cm<\/p>\n<\/td>\n<\/tr>\n<tr>\n<td style=\"font-size:14px;text-align:left;width:373px;height:44px\" align=\"left\">\n<p>Konttipaketti<\/p>\n<\/td>\n<td style=\"font-size:14px;text-align:left;width:603px;height:44px\" align=\"left\">\n<p>1 x Kest\u00e4v\u00e4 voimalaitos<br \/>1 k\u00e4ytt\u00f6ohje<\/p>\n<\/td>\n<\/tr>\n<\/tbody>\n<\/table>\n<\/li>\n<\/ul>\n<p style=\"font-family:&quot;Open Sans&quot;, Roboto, Arial, Helvetica, sans-serif, SimSun;font-size:14px;font-weight:400;letter-spacing:normal;line-height:inherit;text-align:start;white-space:normal;color:rgb(34, 34, 34);margin:0px;margin-bottom:0px;margin-top:0px;margin-left:0px;margin-right:0px;padding:0px;padding-bottom:0px;padding-top:0px;padding-left:0px;padding-right:0px;box-sizing:border-box\" align=\"start\"><img decoding=\"async\" style=\"border:0px;margin:0px;margin-bottom:0px;margin-top:0px;margin-left:0px;margin-right:0px;padding:0px;padding-bottom:0px;padding-top:0px;padding-left:0px;padding-right:0px;max-width:100%;box-sizing:border-box\" src=\"https:\/\/ae01.alicdn.com\/kf\/S0ce6c6794dcf4f219b9275f4a2600d5dw.jpg\" slate-data-type=\"image\"\/><img decoding=\"async\" style=\"border:0px;margin:0px;margin-bottom:0px;margin-top:0px;margin-left:0px;margin-right:0px;padding:0px;padding-bottom:0px;padding-top:0px;padding-left:0px;padding-right:0px;max-width:100%;box-sizing:border-box\" src=\"https:\/\/ae01.alicdn.com\/kf\/S34093e5c4ac14ddca61be76f4d1894e05.jpg\" slate-data-type=\"image\"\/><img decoding=\"async\" style=\"border:0px;margin:0px;margin-bottom:0px;margin-top:0px;margin-left:0px;margin-right:0px;padding:0px;padding-bottom:0px;padding-top:0px;padding-left:0px;padding-right:0px;max-width:100%;box-sizing:border-box\" src=\"https:\/\/ae01.alicdn.com\/kf\/S670ce43903c04e87819e48904da439890.jpg\" slate-data-type=\"image\"\/><img decoding=\"async\" style=\"border:0px;margin:0px;margin-bottom:0px;margin-top:0px;margin-left:0px;margin-right:0px;padding:0px;padding-bottom:0px;padding-top:0px;padding-left:0px;padding-right:0px;max-width:100%;box-sizing:border-box\" src=\"https:\/\/ae01.alicdn.com\/kf\/Sb20c7746cd904b1b844e4ee0c150488fX.jpg\" slate-data-type=\"image\"\/><img decoding=\"async\" style=\"border:0px;margin:0px;margin-bottom:0px;margin-top:0px;margin-left:0px;margin-right:0px;padding:0px;padding-bottom:0px;padding-top:0px;padding-left:0px;padding-right:0px;max-width:100%;box-sizing:border-box\" src=\"https:\/\/ae01.alicdn.com\/kf\/S82786340e56b44d789e1ee011573f323s.jpg\" slate-data-type=\"image\"\/><img decoding=\"async\" style=\"border:0px;margin:0px;margin-bottom:0px;margin-top:0px;margin-left:0px;margin-right:0px;padding:0px;padding-bottom:0px;padding-top:0px;padding-left:0px;padding-right:0px;max-width:100%;box-sizing:border-box\" src=\"https:\/\/ae01.alicdn.com\/kf\/S611dd1a6874643bf8e632682860a9b338.jpg\" slate-data-type=\"image\"\/><img decoding=\"async\" style=\"border:0px;margin:0px;margin-bottom:0px;margin-top:0px;margin-left:0px;margin-right:0px;padding:0px;padding-bottom:0px;padding-top:0px;padding-left:0px;padding-right:0px;max-width:100%;box-sizing:border-box\" src=\"https:\/\/ae01.alicdn.com\/kf\/S76bf54b7699040239ea08619914ece92o.jpg\" slate-data-type=\"image\"\/><img decoding=\"async\" style=\"border:0px;margin:0px;margin-bottom:0px;margin-top:0px;margin-left:0px;margin-right:0px;padding:0px;padding-bottom:0px;padding-top:0px;padding-left:0px;padding-right:0px;max-width:100%;box-sizing:border-box\" src=\"https:\/\/ae01.alicdn.com\/kf\/S6642edd4b37e4669985c9ec58387f5b18.jpg\" slate-data-type=\"image\"\/><img decoding=\"async\" style=\"border:0px;margin:0px;margin-bottom:0px;margin-top:0px;margin-left:0px;margin-right:0px;padding:0px;padding-bottom:0px;padding-top:0px;padding-left:0px;padding-right:0px;max-width:100%;box-sizing:border-box\" src=\"https:\/\/ae01.alicdn.com\/kf\/S11ccf7a13c0043128be3d23faa955f50Q.jpg\" slate-data-type=\"image\"\/><img decoding=\"async\" style=\"border:0px;margin:0px;margin-bottom:0px;margin-top:0px;margin-left:0px;margin-right:0px;padding:0px;padding-bottom:0px;padding-top:0px;padding-left:0px;padding-right:0px;max-width:100%;box-sizing:border-box\" src=\"https:\/\/ae01.alicdn.com\/kf\/S53b072c2c7bb43a79f5277a9713e939cR.jpg\" slate-data-type=\"image\"\/><img decoding=\"async\" style=\"border:0px;margin:0px;margin-bottom:0px;margin-top:0px;margin-left:0px;margin-right:0px;padding:0px;padding-bottom:0px;padding-top:0px;padding-left:0px;padding-right:0px;max-width:100%;box-sizing:border-box\" src=\"https:\/\/ae01.alicdn.com\/kf\/Sa9781c2f51bd402b9b0f2f2a9a4056cb2.jpg\" slate-data-type=\"image\"\/><\/p>\n<p><\/p>\n<\/div>\n<\/div>","protected":false},"excerpt":{"rendered":"<p>Application:&nbsp;Solar Power Storage Nominal Capacity:&nbsp;3600Wh Model Number:&nbsp;PowerMax 3600 Type:&nbsp;LiFePO4 Set Type:&nbsp;Charger Sets Brand:&nbsp;Blackview Oscal Color:&nbsp;Grey + Red Model:&nbsp;PowerMax 3600 Battery Capacity:&nbsp;3600 Wh Battery Type:&nbsp;LiFePO4 battery Power arises:&nbsp;7200W Inverter Type:&nbsp;Pure Sine<\/p>","protected":false},"featured_media":21814,"comment_status":"open","ping_status":"closed","template":"","meta":{"_acf_changed":false},"product_brand":[],"product_cat":[515],"product_tag":[],"class_list":{"0":"post-21813","1":"product","2":"type-product","3":"status-publish","4":"has-post-thumbnail","6":"product_cat-portable-power-stations","8":"first","9":"instock","10":"shipping-taxable","11":"purchasable","12":"product-type-simple"},"acf":[],"_links":{"self":[{"href":"https:\/\/electricstore.eu\/fi\/wp-json\/wp\/v2\/product\/21813","targetHints":{"allow":["GET"]}}],"collection":[{"href":"https:\/\/electricstore.eu\/fi\/wp-json\/wp\/v2\/product"}],"about":[{"href":"https:\/\/electricstore.eu\/fi\/wp-json\/wp\/v2\/types\/product"}],"replies":[{"embeddable":true,"href":"https:\/\/electricstore.eu\/fi\/wp-json\/wp\/v2\/comments?post=21813"}],"wp:featuredmedia":[{"embeddable":true,"href":"https:\/\/electricstore.eu\/fi\/wp-json\/wp\/v2\/media\/21814"}],"wp:attachment":[{"href":"https:\/\/electricstore.eu\/fi\/wp-json\/wp\/v2\/media?parent=21813"}],"wp:term":[{"taxonomy":"product_brand","embeddable":true,"href":"https:\/\/electricstore.eu\/fi\/wp-json\/wp\/v2\/product_brand?post=21813"},{"taxonomy":"product_cat","embeddable":true,"href":"https:\/\/electricstore.eu\/fi\/wp-json\/wp\/v2\/product_cat?post=21813"},{"taxonomy":"product_tag","embeddable":true,"href":"https:\/\/electricstore.eu\/fi\/wp-json\/wp\/v2\/product_tag?post=21813"}],"curies":[{"name":"wp","href":"https:\/\/api.w.org\/{rel}","templated":true}]}}