{"id":21774,"date":"2025-05-20T18:26:54","date_gmt":"2025-05-20T18:26:54","guid":{"rendered":"https:\/\/electricstore.eu\/p\/uncategorized\/fossibot-f1200-pure-sine-wave-1200w-portable-power-station-1024wh-capacity-3-led-modes-morse-energy-storage-portable-generator\/"},"modified":"2025-05-20T18:27:00","modified_gmt":"2025-05-20T18:27:00","slug":"fossibot-f1200-pure-sine-wave-1200w-portable-power-station-1024wh-capacity-3-led-modes-morse-energy-storage-portable-generator","status":"publish","type":"product","link":"https:\/\/electricstore.eu\/fi\/p\/batteries\/portable-power-stations\/fossibot-f1200-pure-sine-wave-1200w-portable-power-station-1024wh-capacity-3-led-modes-morse-energy-storage-portable-generator\/","title":{"rendered":"Fossibot F1200 puhdas siniaalto 1200W kannettava voimalaitos 1024Wh kapasiteetti 3 LED-tilaa Morse-energian varastointi kannettava generaattori"},"content":{"rendered":"<div class=\"product-specs-list-container\">\n<ul class=\"product-specs-list util-clearfix\">\n<li class=\"product-prop line-limit-length\"><span\n                                        class=\"property-title\">Sovellus:&nbsp;<\/span><span\n                                        class=\"property-desc line-limit-length\">Aurinkoenergian varastointi<\/span>\n                            <\/li>\n<li class=\"product-prop line-limit-length\"><span\n                                        class=\"property-title\">Nimelliskapasiteetti:&nbsp;<\/span><span\n                                        class=\"property-desc line-limit-length\">1024Wh<\/span>\n                            <\/li>\n<li class=\"product-prop line-limit-length\"><span\n                                        class=\"property-title\">Mallinumero:&nbsp;<\/span><span\n                                        class=\"property-desc line-limit-length\">F1200 FOSSiBOT<\/span>\n                            <\/li>\n<li class=\"product-prop line-limit-length\"><span\n                                        class=\"property-title\">Tyyppi:&nbsp;<\/span><span\n                                        class=\"property-desc line-limit-length\">LiFePO4<\/span>\n                            <\/li>\n<li class=\"product-prop line-limit-length\"><span\n                                        class=\"property-title\">Setin tyyppi:&nbsp;<\/span><span\n                                        class=\"property-desc line-limit-length\">Laturisarjat<\/span>\n                            <\/li>\n<li class=\"product-prop line-limit-length\"><span\n                                        class=\"property-title\">Tuotemerkki:&nbsp;<\/span><span\n                                        class=\"property-desc line-limit-length\">fossiilibotti<\/span>\n                            <\/li>\n<li class=\"product-prop line-limit-length\"><span\n                                        class=\"property-title\">Merkki:&nbsp;<\/span><span\n                                        class=\"property-desc line-limit-length\">FOSSiBOT<\/span>\n                            <\/li>\n<li class=\"product-prop line-limit-length\"><span\n                                        class=\"property-title\">Malli:&nbsp;<\/span><span\n                                        class=\"property-desc line-limit-length\">F1200<\/span>\n                            <\/li>\n<li class=\"product-prop line-limit-length\"><span\n                                        class=\"property-title\">Nimellisteho:&nbsp;<\/span><span\n                                        class=\"property-desc line-limit-length\">1200 W<\/span>\n                            <\/li>\n<li class=\"product-prop line-limit-length\"><span\n                                        class=\"property-title\">LED-valotila:&nbsp;<\/span><span\n                                        class=\"property-desc line-limit-length\">Valotila, SOS-tila, Strobo<\/span>\n                            <\/li>\n<li class=\"product-prop line-limit-length\"><span\n                                        class=\"property-title\">Kapasiteetti:&nbsp;<\/span><span\n                                        class=\"property-desc line-limit-length\">1024Wh<\/span>\n                            <\/li>\n<li class=\"product-prop line-limit-length\"><span\n                                        class=\"property-title\">Tyyppi:&nbsp;<\/span><span\n                                        class=\"property-desc line-limit-length\">LiFePO4 (LFP)<\/span>\n                            <\/li>\n<li class=\"product-prop line-limit-length\"><span\n                                        class=\"property-title\">Elinkaari:&nbsp;<\/span><span\n                                        class=\"property-desc line-limit-length\">4000 sykli\u00e4 80%:hen asti + kapasiteetti<\/span>\n                            <\/li>\n<li class=\"product-prop line-limit-length\"><span\n                                        class=\"property-title\">Ominaisuudet 01:&nbsp;<\/span><span\n                                        class=\"property-desc line-limit-length\">Kannettava akku<\/span>\n                            <\/li>\n<li class=\"product-prop line-limit-length\"><span\n                                        class=\"property-title\">Ominaisuudet 02:&nbsp;<\/span><span\n                                        class=\"property-desc line-limit-length\">Kannettava raportoitava virtal\u00e4hde<\/span>\n                            <\/li>\n<li class=\"product-prop line-limit-length\"><span\n                                        class=\"property-title\">Ominaisuudet 03:&nbsp;<\/span><span\n                                        class=\"property-desc line-limit-length\">Bluetti-voimalaitos<\/span>\n                            <\/li>\n<li class=\"product-prop line-limit-length\"><span\n                                        class=\"property-title\">Ominaisuudet 04:&nbsp;<\/span><span\n                                        class=\"property-desc line-limit-length\">Kannettava retkeilyakku<\/span>\n                            <\/li>\n<li class=\"product-prop line-limit-length\"><span\n                                        class=\"property-title\">Ominaisuudet 05:&nbsp;<\/span><span\n                                        class=\"property-desc line-limit-length\">3600 W kannettava voimalaitos<\/span>\n                            <\/li>\n<li class=\"product-prop line-limit-length\"><span\n                                        class=\"property-title\">Verkkovirtapistoke:&nbsp;<\/span><span\n                                        class=\"property-desc line-limit-length\">2 x 220\u2013240 V, 50\/60 Hz, puhdas siniaalto, maks. 1200 W, nousuhuippu 2400 W<\/span>\n                            <\/li>\n<li class=\"product-prop line-limit-length\"><span\n                                        class=\"property-title\">Auton myyntipiste:&nbsp;<\/span><span\n                                        class=\"property-desc line-limit-length\">1 x 12 V \/ 8 A, 24 V \/ 8 A, 96 W maks.<\/span>\n                            <\/li>\n<\/ul><\/div>\n<div class=\"detailmodule_html\">\n<div class=\"detail-desc-decorate-richtext\">\n<p><span style=\"font-size:26px\"><strong>Kohokohdat:<\/strong><\/span><\/p>\n<ul style=\"font-family:&quot;Microsoft YaHei&quot;;font-size:medium;font-weight:400;letter-spacing:normal;text-align:start;white-space:normal;color:rgb(0, 0, 0);margin-bottom:10px;padding-left:0px\" class=\"clearfix\" align=\"start\">\n<li style=\"font-size:14px;margin-right:10px;padding-left:18px;list-style:none;position:relative;float:left\">\n<h3><strong>1024 Wh kapasiteetti ja 1200 W nimellisteho<\/strong><\/h3>\n<div><\/div>\n<p>Fossibot f1200:ssa on 1024 Wh:n akkukapasiteetti ja 1200 W:n jatkuva teho, jotka varmistavat kaiuttimien, kitaran ja j\u00e4\u00e4hdyttimen latauksen, pit\u00e4en kokoontumisesi virtal\u00e4hteen\u00e4 ja viile\u00e4n\u00e4.<\/p>\n<div><\/div>\n<h3><strong>Suurikapasiteettinen lifepo4-akku<\/strong><\/h3>\n<div><\/div>\n<p>Powered by a high-capacity lifepo4 battery, the fossibot f1200 ensures safety and longevity with over 4000 cycles to 80%capacity.<\/p>\n<div><\/div>\n<h3><strong>BMS-suojaus<\/strong><\/h3>\n<div><\/div>\n<p>EV-luokan akulla ja edistyneell\u00e4 BMS:ll\u00e4 varustettu F1200 takaa korkean laadun ja hy\u00f6dynt\u00e4\u00e4 useita suojausmekanismeja akun turvalliseen k\u00e4ytt\u00f6\u00f6n.<\/p>\n<div><\/div>\n<h3><strong>&lt;10 ms sw<\/strong>Itchover-aika<\/h3>\n<div><\/div>\n<p>Ei huolta \u00e4killisist\u00e4 s\u00e4hk\u00f6katkoksista UPS-ratkaisun kanssa. Sertifioidun alle 10 ms:n vaihtoajan ansiosta f1200 varmistaa keskeytym\u00e4tt\u00f6m\u00e4n toiminnan t\u00e4rkeille laitteille, kuten CPAP-laitteille, s\u00e4hk\u00f6katkosten aikana.<\/p>\n<div><\/div>\n<h3><strong>5 latausnopeuden s\u00e4\u00e4t\u00f6vaihtetta<\/strong><\/h3>\n<div><\/div>\n<p>f1200:n s\u00e4\u00e4dett\u00e4v\u00e4 tuloteho (200 W - 1000 W) ja py\u00f6riv\u00e4 nuppi mahdollistavat nopean tai hitaan latauksen. Tarjoaa yksil\u00f6llisen ja tehokkaan laitteen latauskokemuksen.<\/p>\n<div><\/div>\n<h3><strong>Puhdas siniaalto<\/strong><\/h3>\n<div><\/div>\n<p>\u00c4lykk\u00e4\u00e4n akkueristimen ja edistyneen piirisuunnittelun ansiosta F1200 tarjoaa t\u00e4sm\u00e4lleen samanlaatuista puhdasta vaihtovirtaa ilman aaltovirtaa kuin s\u00e4hk\u00f6verkosta.<\/p>\n<div><\/div>\n<h3><strong>Kannettava ja helppo kuljettaa<\/strong><\/h3>\n<div><\/div>\n<p>Kompakti ja kannettava fossibot f1200 on liikkeell\u00e4 oleva tehopakkauksesi. Tyylikk\u00e4\u00e4n muotoilunsa ja kevyen rakenteensa ansiosta se takaa k\u00e4tevyyden ja tehokkuuden seikkailuihisi.<\/p>\n<\/li>\n<\/ul>\n<p><span style=\"font-size:24px\"><strong>Tekniset tiedot:<\/strong><\/span><\/p>\n<ul style=\"font-family:&quot;Microsoft YaHei&quot;;font-size:medium;font-weight:400;letter-spacing:normal;text-align:start;white-space:normal;color:rgb(0, 0, 0);margin-bottom:10px;padding-left:0px\" class=\"clearfix\" align=\"start\">\n<li style=\"font-size:14px;margin-right:10px;padding-left:18px;list-style:none;position:relative;float:left\">\n<table style=\"border-collapse:collapse;width:1000px\" class=\"jbEidtTable\" border=\"1\" cellpadding=\"5\" cellspacing=\"0\">\n<tbody>\n<tr>\n<td style=\"font-size:14px;text-align:left;height:89px\" align=\"left\">\n<p>Yleist\u00e4<\/p>\n<\/td>\n<td style=\"font-size:14px;text-align:left;height:89px\" align=\"left\">\n<p>Merkki: fossibot<br \/>Tyyppi: kannettava voimalaitos<br \/>Malli: f1200<br \/>V\u00e4ri: musta<\/p>\n<\/td>\n<\/tr>\n<tr>\n<td style=\"font-size:14px;text-align:left;height:89px\" align=\"left\">\n<p>Tekniset tiedot<\/p>\n<\/td>\n<td style=\"font-size:14px;text-align:left;height:89px\" align=\"left\">\n<div>Nimellisteho: 1200 W<br \/>LED-valotila: valotila, SOS-tila, strobo<\/div>\n<p>Akun tiedot<br \/>Kapasiteetti: 1024 Wh<br \/>Tyyppi: lifepo4 (lfp)<br \/>Elinkaari: 4000 sykli\u00e4 80%+ -kapasiteettiin asti<br \/>J\u00e4rjestelm\u00e4nhallinta: BMS<\/p>\n<p>L\u00e4ht\u00f6<br \/>Verkkovirtapistoke: 2 x 220v-240v, 50\/60hz, puhdas siniaalto max. 1200w, ylij\u00e4nnite 2400w<br \/>Auton pistorasia: 1 x 12v\/8a, 24v\/8a, 96w max.<br \/>USB-A: 2 x 5V\/3A, 9V\/2A, 12V\/1.5A, 18W max.<br \/>USB-C: 1 x 20 W maks., 1 x 100 W maks.<\/p>\n<p>Sy\u00f6tt\u00f6<br \/>Verkkovirtalatausteho: enint\u00e4\u00e4n 1000 W.<br \/>Aurinkopaneelin sy\u00f6tt\u00f6: 12v-50v\/8a 200w max.<br \/>Auton tulo: 12v\/8a, 24v\/8a tupakansytyttimen portista<br \/>Verkkovirta- ja aurinkoenergian sy\u00f6tt\u00f6: 1200 W, verkkovirta- ja aurinkoenergian sy\u00f6tt\u00f6 samanaikaisesti<\/p>\n<p>Latausajat<br \/>Verkkovirtalataus (1000 W): \u224870 minuuttia<br \/>Aurinkolataus (200 W): \u22486,5 tuntia (parhaalla auringonpaisteella, ihanteellisella suuntauksella)<br \/>Auton lataus (96 W): \u224810,67 tuntia<br \/>Verkkovirta + aurinkolataus (1200 W): \u22481 tuntia (parhaalla auringonpaisteella, ihanteellisella suuntauksella)<\/p>\n<p>Yleist\u00e4<br \/>Samanaikainen lataus ja purkaus: tuki<br \/>K\u00e4ytt\u00f6l\u00e4mp\u00f6tila: 5\u2013140 \u2109 (-15\u201360 \u2103)<br \/>Latausl\u00e4mp\u00f6tila: 32\u2013131 \u2109 (0\u201355 \u2103)<\/p>\n<\/td>\n<\/tr>\n<tr>\n<td style=\"font-size:14px;text-align:left;height:75px\" align=\"left\">\n<p>Paino ja koko<\/p>\n<\/td>\n<td style=\"font-size:14px;text-align:left;height:75px\" align=\"left\">\n<p>Tuotteen paino: 11 kg<br \/>Pakkauksen paino: 14 kg<br \/>Pakkauksen koko (p x l x k): 29 x 23 x 25 cm<\/p>\n<\/td>\n<\/tr>\n<tr>\n<td style=\"font-size:14px;text-align:left;height:76px\" align=\"left\">\n<p>Pakkauksen sis\u00e4lt\u00f6<\/p>\n<\/td>\n<td style=\"font-size:14px;text-align:left;height:76px\" align=\"left\">\n<p>1 x kannettava voimalaitos<br \/>1 x AC-latauskaapeli<br \/>1 x auton latauskaapeli<br \/>1 x aurinkolatauskaapeli<br \/>1 x tarvikepussi<br \/>1 k\u00e4ytt\u00f6ohje<\/p>\n<\/td>\n<\/tr>\n<\/tbody>\n<\/table>\n<\/li>\n<li style=\"font-size:14px;font-weight:bold;margin-right:10px;padding-left:18px;list-style:none;float:left\">\n<p><\/p>\n<\/li>\n<\/ul>\n<p><img decoding=\"async\" src=\"https:\/\/ae01.alicdn.com\/kf\/Sf8825350e5fb4bc28b9ffb46847e375cW.jpg\" slate-data-type=\"image\"><img decoding=\"async\" src=\"https:\/\/ae01.alicdn.com\/kf\/Sa0b92f280c6e49318da3c62445b15da1l.jpg\" slate-data-type=\"image\"><img decoding=\"async\" src=\"https:\/\/ae01.alicdn.com\/kf\/S228d063ab00647d19faee080a037fdec0.jpg\" slate-data-type=\"image\"><img decoding=\"async\" src=\"https:\/\/ae01.alicdn.com\/kf\/Sd26051724ad54ee1a1ac299e8fbbb09aW.jpg\" slate-data-type=\"image\"><img decoding=\"async\" src=\"https:\/\/ae01.alicdn.com\/kf\/S557794ad6cb446c1ab80d204a744e1cbh.jpg\" slate-data-type=\"image\"><img decoding=\"async\" src=\"https:\/\/ae01.alicdn.com\/kf\/S87e04eed83654f7b83f267de4dc05b21m.jpg\" slate-data-type=\"image\"><img decoding=\"async\" src=\"https:\/\/ae01.alicdn.com\/kf\/S3d5abc44a82f41158a39a0d554bb1a41R.jpg\" slate-data-type=\"image\"><img decoding=\"async\" src=\"https:\/\/ae01.alicdn.com\/kf\/Sfd5344f5c578441fbb2d5beb89838020W.jpg\" slate-data-type=\"image\"><img decoding=\"async\" src=\"https:\/\/ae01.alicdn.com\/kf\/S76a94c4ee2e347c4afef1fd5ced23165M.jpg\" slate-data-type=\"image\"><img decoding=\"async\" src=\"https:\/\/ae01.alicdn.com\/kf\/S96e31c6fe0564752a049619255e43e72C.jpg\" slate-data-type=\"image\"><img decoding=\"async\" src=\"https:\/\/ae01.alicdn.com\/kf\/S1c119888ad154730a28cd88c94ded39e7.jpg\" slate-data-type=\"image\"><img decoding=\"async\" src=\"https:\/\/ae01.alicdn.com\/kf\/S8d84cfecf79c4ef4afd082d69325456aH.jpg\" slate-data-type=\"image\"><img decoding=\"async\" src=\"https:\/\/ae01.alicdn.com\/kf\/S4e34eb1e763d4c1e9583e8ef51dd25d7l.jpg\" slate-data-type=\"image\"><img decoding=\"async\" src=\"https:\/\/ae01.alicdn.com\/kf\/S8e982e82eda24233b8fd8f9f84eeb23fc.jpg\" slate-data-type=\"image\"><img decoding=\"async\" src=\"https:\/\/ae01.alicdn.com\/kf\/S79d0e1a7abb64447b389eb40463aeba65.jpg\" slate-data-type=\"image\"><\/p>\n<\/div>\n<\/div>","protected":false},"excerpt":{"rendered":"<p>Application:&nbsp;Solar Power Storage Nominal Capacity:&nbsp;1024Wh Model Number:&nbsp;F1200 FOSSiBOT Type:&nbsp;LiFePO4 Set Type:&nbsp;Charger Sets Brand Name:&nbsp;fossibot Brand:&nbsp;FOSSiBOT Model:&nbsp;F1200 Rated Power:&nbsp;1200W LED Light Mode:&nbsp;Light Mode, SOS Mode, Strobe Capacity:&nbsp;1024Wh Type:&nbsp;LiFePO4 (LFP) Lifecycle:&nbsp;4000 cycles<\/p>","protected":false},"featured_media":21775,"comment_status":"open","ping_status":"closed","template":"","meta":{"_acf_changed":false},"product_brand":[],"product_cat":[515],"product_tag":[],"class_list":{"0":"post-21774","1":"product","2":"type-product","3":"status-publish","4":"has-post-thumbnail","6":"product_cat-portable-power-stations","8":"first","9":"instock","10":"shipping-taxable","11":"purchasable","12":"product-type-simple"},"acf":[],"_links":{"self":[{"href":"https:\/\/electricstore.eu\/fi\/wp-json\/wp\/v2\/product\/21774","targetHints":{"allow":["GET"]}}],"collection":[{"href":"https:\/\/electricstore.eu\/fi\/wp-json\/wp\/v2\/product"}],"about":[{"href":"https:\/\/electricstore.eu\/fi\/wp-json\/wp\/v2\/types\/product"}],"replies":[{"embeddable":true,"href":"https:\/\/electricstore.eu\/fi\/wp-json\/wp\/v2\/comments?post=21774"}],"wp:featuredmedia":[{"embeddable":true,"href":"https:\/\/electricstore.eu\/fi\/wp-json\/wp\/v2\/media\/21775"}],"wp:attachment":[{"href":"https:\/\/electricstore.eu\/fi\/wp-json\/wp\/v2\/media?parent=21774"}],"wp:term":[{"taxonomy":"product_brand","embeddable":true,"href":"https:\/\/electricstore.eu\/fi\/wp-json\/wp\/v2\/product_brand?post=21774"},{"taxonomy":"product_cat","embeddable":true,"href":"https:\/\/electricstore.eu\/fi\/wp-json\/wp\/v2\/product_cat?post=21774"},{"taxonomy":"product_tag","embeddable":true,"href":"https:\/\/electricstore.eu\/fi\/wp-json\/wp\/v2\/product_tag?post=21774"}],"curies":[{"name":"wp","href":"https:\/\/api.w.org\/{rel}","templated":true}]}}