{"id":21695,"date":"2025-05-20T18:21:15","date_gmt":"2025-05-20T18:21:15","guid":{"rendered":"https:\/\/electricstore.eu\/p\/uncategorized\/ampace-andes-1500-3600w-pure-sine-wave-portable-power-station-1462wh-lifepo4-capacity-solar-generator-full-charge-in-55min\/"},"modified":"2025-05-20T18:21:16","modified_gmt":"2025-05-20T18:21:16","slug":"ampace-andes-1500-3600w-pure-sine-wave-portable-power-station-1462wh-lifepo4-capacity-solar-generator-full-charge-in-55min","status":"publish","type":"product","link":"https:\/\/electricstore.eu\/fi\/p\/batteries\/portable-power-stations\/ampace-andes-1500-3600w-pure-sine-wave-portable-power-station-1462wh-lifepo4-capacity-solar-generator-full-charge-in-55min\/","title":{"rendered":"Ampace Andes 1500 3600 W:n kannettava puhdas siniaaltovoimalaitos, 1462 Wh:n LiFePO4-kapasiteettinen aurinkogeneraattori, t\u00e4ysi lataus 55 minuutissa"},"content":{"rendered":"<div class=\"product-specs-list-container\">\n<ul class=\"product-specs-list util-clearfix\">\n<li class=\"product-prop line-limit-length\"><span\n                                        class=\"property-title\">Nimelliskapasiteetti:&nbsp;<\/span><span\n                                        class=\"property-desc line-limit-length\">1462Wh<\/span>\n                            <\/li>\n<li class=\"product-prop line-limit-length\"><span\n                                        class=\"property-title\">Mallinumero:&nbsp;<\/span><span\n                                        class=\"property-desc line-limit-length\">Andit 1500<\/span>\n                            <\/li>\n<li class=\"product-prop line-limit-length\"><span\n                                        class=\"property-title\">Tyyppi:&nbsp;<\/span><span\n                                        class=\"property-desc line-limit-length\">LiFePO4<\/span>\n                            <\/li>\n<li class=\"product-prop line-limit-length\"><span\n                                        class=\"property-title\">Setin tyyppi:&nbsp;<\/span><span\n                                        class=\"property-desc line-limit-length\">Laturisarjat<\/span>\n                            <\/li>\n<li class=\"product-prop line-limit-length\"><span\n                                        class=\"property-title\">Merkki:&nbsp;<\/span><span\n                                        class=\"property-desc line-limit-length\">Ampace<\/span>\n                            <\/li>\n<li class=\"product-prop line-limit-length\"><span\n                                        class=\"property-title\">Tyyppi:&nbsp;<\/span><span\n                                        class=\"property-desc line-limit-length\">Kannettava voimalaitos<\/span>\n                            <\/li>\n<li class=\"product-prop line-limit-length\"><span\n                                        class=\"property-title\">Malli:&nbsp;<\/span><span\n                                        class=\"property-desc line-limit-length\">Andit 1500<\/span>\n                            <\/li>\n<li class=\"product-prop line-limit-length\"><span\n                                        class=\"property-title\">Kotimainen osakekohtainen tulos:&nbsp;<\/span><span\n                                        class=\"property-desc line-limit-length\">20 ms<\/span>\n                            <\/li>\n<li class=\"product-prop line-limit-length\"><span\n                                        class=\"property-title\">Sertifiointi:&nbsp;<\/span><span\n                                        class=\"property-desc line-limit-length\">UL, CE, FCC, PSE, RoHS<\/span>\n                            <\/li>\n<li class=\"product-prop line-limit-length\"><span\n                                        class=\"property-title\">Syklin elinkaari:&nbsp;<\/span><span\n                                        class=\"property-desc line-limit-length\">6000 sykli\u00e4<\/span>\n                            <\/li>\n<li class=\"product-prop line-limit-length\"><span\n                                        class=\"property-title\">Solukemian j\u00e4rjestelm\u00e4:&nbsp;<\/span><span\n                                        class=\"property-desc line-limit-length\">LiFePO4-j\u00e4rjestelm\u00e4<\/span>\n                            <\/li>\n<li class=\"product-prop line-limit-length\"><span\n                                        class=\"property-title\">AC-l\u00e4ht\u00f6liit\u00e4nn\u00e4t:&nbsp;<\/span><span\n                                        class=\"property-desc line-limit-length\">Puhdas siniaalto<\/span>\n                            <\/li>\n<li class=\"product-prop line-limit-length\"><span\n                                        class=\"property-title\">Tyyppi A:&nbsp;<\/span><span\n                                        class=\"property-desc line-limit-length\">13 l\u00e4ht\u00f6porttia<\/span>\n                            <\/li>\n<\/ul><\/div>\n<p><\/p>\n<p style=\"font-family:&quot;Microsoft YaHei&quot;;font-size:medium;font-weight:400;letter-spacing:normal;text-align:start;white-space:normal;color:rgb(0, 0, 0)\" align=\"start\"><span style=\"font-size:x-large\">Kohokohdat<\/span><\/p>\n<p><\/p>\n<h3 style=\"font-family:&quot;Microsoft YaHei&quot;;letter-spacing:normal;text-align:start;white-space:normal;color:rgb(0, 0, 0)\" align=\"start\">Nopea lataus<strong><br \/><\/strong><\/h3>\n<p style=\"font-family:&quot;Microsoft YaHei&quot;;font-size:medium;font-weight:400;letter-spacing:normal;text-align:start;white-space:normal;color:rgb(0, 0, 0)\" align=\"start\">Ampace Andes 1500 -kannettava latausasema hy\u00f6dynt\u00e4\u00e4 A-boost-tekniikkaa eritt\u00e4in nopeaan lataukseen. Se saavuttaa t\u00e4yden kapasiteettinsa vain 55 minuutissa, nopeammin kuin monet muut mallit. Se voidaan ladata uudelleen 3\u20135 tunnissa 600 W:n aurinkopaneelilla ja 16 tunnissa 96 W:n autolaturilla.<strong><br \/><\/strong><\/p>\n<h3 style=\"font-family:&quot;Microsoft YaHei&quot;;letter-spacing:normal;text-align:start;white-space:normal;color:rgb(0, 0, 0)\" align=\"start\">Tehokas monipuolisuus<strong><br \/><\/strong><\/h3>\n<p style=\"font-family:&quot;Microsoft YaHei&quot;;font-size:medium;font-weight:400;letter-spacing:normal;text-align:start;white-space:normal;color:rgb(0, 0, 0)\" align=\"start\">T\u00e4ss\u00e4 virtal\u00e4hteess\u00e4 on 13 monipuolista porttia ja se voi tuottaa jopa 3600 W:n tehon, mik\u00e4 v\u00e4hent\u00e4\u00e4 s\u00e4hk\u00f6katkosten aiheuttamaa huolta. Se pystyy virtal\u00e4hteen\u00e4 99%:lle kodinkoneita, kuten projektoreita, liesi\u00e4, s\u00e4hk\u00f6grillej\u00e4, uuneja, kahvinkeittimi\u00e4, j\u00e4\u00e4kaappeja, ilmastointilaitteita, johdollisia ruohonleikkureita, porakoneita ja py\u00f6r\u00f6sahoja. Lis\u00e4ksi t\u00e4m\u00e4 tehopakkaus lataa vaivattomasti mobiililaitteita, kuten \u00e4lypuhelimia, kannettavia tietokoneita ja tabletteja, varmistaen, ett\u00e4 pysyt yhteydess\u00e4 ja tuottavana miss\u00e4 tahansa oletkin.<\/p>\n<h3 style=\"font-family:&quot;Microsoft YaHei&quot;;letter-spacing:normal;text-align:start;white-space:normal;color:rgb(0, 0, 0)\" align=\"start\">Useita sovellettavia skenaarioita<strong><br \/><\/strong><\/h3>\n<p style=\"font-family:&quot;Microsoft YaHei&quot;;font-size:medium;font-weight:400;letter-spacing:normal;text-align:start;white-space:normal;color:rgb(0, 0, 0)\" align=\"start\">Korkean 3600 W:n l\u00e4ht\u00f6tehon ansiosta Ampace Andes 1500 sopii monenlaisiin tilanteisiin. Se voi toimia l\u00e4\u00e4ketieteellisen\u00e4 virtal\u00e4hteen\u00e4, h\u00e4t\u00e4virtal\u00e4hteen\u00e4, retkeilyvirtal\u00e4hteen\u00e4, kodin varavirtal\u00e4hteen\u00e4 ja toimiston virtal\u00e4hteen\u00e4 muiden k\u00e4ytt\u00f6tarkoitusten ohella. Lis\u00e4ksi se toimii hyvin my\u00f6s \u00e4\u00e4rimm\u00e4isiss\u00e4 olosuhteissa, kuten kylmiss\u00e4 l\u00e4mp\u00f6tiloissa.<strong><br \/><\/strong><\/p>\n<h3 style=\"font-family:&quot;Microsoft YaHei&quot;;letter-spacing:normal;text-align:start;white-space:normal;color:rgb(0, 0, 0)\" align=\"start\">Ensiluokkaiset LFP-akut ja uraauurtava piikarbidimateriaali<strong><br \/><\/strong><\/h3>\n<p style=\"font-family:&quot;Microsoft YaHei&quot;;font-size:medium;font-weight:400;letter-spacing:normal;text-align:start;white-space:normal;color:rgb(0, 0, 0)\" align=\"start\">Korkeimman standardin mukaisen, palamattoman ja l\u00e4mp\u00f6tilankest\u00e4v\u00e4n LFP-akun ja SiCPrimen virtal\u00e4hteen ansiosta Ampace Andes 1500 -kannettava virtal\u00e4hde tarjoaa poikkeuksellisen pitk\u00e4n k\u00e4ytt\u00f6i\u00e4n, jopa 6000 syklin k\u00e4ytt\u00f6i\u00e4n, ja varmistaa laitteidesi vertaansa vailla olevan turvallisuuden v\u00e4hent\u00e4m\u00e4ll\u00e4 energiah\u00e4vi\u00f6t\u00e4 ja l\u00e4mm\u00f6ntuotantoa sek\u00e4 parantamalla energiatehokkuutta.<strong><br \/><\/strong><\/p>\n<h3 style=\"font-family:&quot;Microsoft YaHei&quot;;letter-spacing:normal;text-align:start;white-space:normal;color:rgb(0, 0, 0)\" align=\"start\">Huippuluokan rakennusautomaatioj\u00e4rjestelm\u00e4t ja ymp\u00e4rist\u00f6yst\u00e4v\u00e4lliset materiaalit<strong><br \/><\/strong><\/h3>\n<p style=\"font-family:&quot;Microsoft YaHei&quot;;font-size:medium;font-weight:400;letter-spacing:normal;text-align:start;white-space:normal;color:rgb(0, 0, 0)\" align=\"start\">Ampace Andes 1500 -akussa on maailmanluokan akunhallintaj\u00e4rjestelm\u00e4 (BMS), joka tarjoaa useita suojauksia, kuten yli-\/alil\u00e4mp\u00f6tilasuojan, yli-\/alij\u00e4nnitesuojan, ylivirtasuojan, oikosulkusuojan ja ylikuormitussuojan. Ymp\u00e4rist\u00f6yst\u00e4v\u00e4llisist\u00e4 materiaaleista valmistettu voimalaitos edist\u00e4\u00e4 puhtaampaa tapaa k\u00e4ytt\u00e4\u00e4 energiaa.<strong><br \/><\/strong><\/p>\n<h3 style=\"font-family:&quot;Microsoft YaHei&quot;;letter-spacing:normal;text-align:start;white-space:normal;color:rgb(0, 0, 0)\" align=\"start\">\u00c4lyk\u00e4s sovellusohjaus ja valinnaiset valotilat<strong><br \/><\/strong><\/h3>\n<p style=\"font-family:&quot;Microsoft YaHei&quot;;font-size:medium;font-weight:400;letter-spacing:normal;text-align:start;white-space:normal;color:rgb(0, 0, 0)\" align=\"start\">Nauti saumattomasta hallinnasta \u00e4lysovelluksella, jonka avulla voit ladata laitteesi nopeasti yhdell\u00e4 napautuksella. Virtal\u00e4hteess\u00e4 on my\u00f6s nelj\u00e4 valinnaista valotilaa: LED-valo, tunnelmavalo, SOS-valo ja morseaakkosvalo. Voit helposti vaihtaa haluamaasi tilaan tarpeen mukaan.<\/p>\n<p><\/p>\n<h2 style=\"font-family:&quot;Microsoft YaHei&quot;;font-size:14px;letter-spacing:normal;text-align:start;white-space:normal;color:rgb(0, 0, 0);margin:10px 0px;margin-bottom:10px;margin-top:10px;margin-left:0px;margin-right:0px;padding:0px;padding-bottom:0px;padding-top:0px;padding-left:0px;padding-right:0px\" align=\"start\">Tekniset tiedot<\/h2>\n<p><\/p>\n<table style=\"border-collapse:collapse;font-family:&quot;Microsoft YaHei&quot;;width:1865.89px\" border=\"1\" cellpadding=\"8\">\n<tbody>\n<tr>\n<td style=\"width:438.575px\">\n<p><strong>Yleist\u00e4<\/strong><\/p>\n<\/td>\n<td style=\"width:1392.91px\" width=\"466\">\n<p>Merkki: Ampace<br \/>Tyyppi: Kannettava voimalaitos<br \/>Malli: Andes 1500<br \/>V\u00e4ri: Musta<\/p>\n<\/td>\n<\/tr>\n<tr>\n<td style=\"width:438.575px\">\n<p><strong>Tekniset tiedot<\/strong><\/p>\n<\/td>\n<td style=\"width:1392.91px\" width=\"466\">\n<p>Useita k\u00e4ytt\u00f6tilanteita: Kyll\u00e4<strong><br \/><\/strong>Ensiluokkainen LFP-akku: Kyll\u00e4<strong><br \/><\/strong>Huippuluokan rakennusautomaatioj\u00e4rjestelm\u00e4: Kyll\u00e4<strong><br \/><\/strong>Ymp\u00e4rist\u00f6yst\u00e4v\u00e4lliset materiaalit: Kyll\u00e4<strong><br \/><\/strong>Sovellusohjaus: Kyll\u00e4<br \/>Sertifiointi: UL, CE, FCC, PSE, RoHS<br \/>Kotiteatterin EPS: 20 ms<br \/>Valo: LED-valo, tunnelmavalo, SOS-valo ja morseaakkosten valo<br \/>Latausl\u00e4mp\u00f6tila: -20\u00b0C~45\u00b0C (-4\u00b0F~113\u00b0F)<br \/>Purkausl\u00e4mp\u00f6tila: -20\u00b0C~45\u00b0C (-4\u00b0F~113\u00b0F)<\/p>\n<\/td>\n<\/tr>\n<tr>\n<td style=\"width:438.575px\">\n<p><strong>Sy\u00f6tt\u00f6<\/strong><\/p>\n<\/td>\n<td style=\"width:1392.91px\" width=\"466\">\n<p>Verkkovirtalatauksen tulo: Yhdysvallat: 120 V, 60 Hz (A-Boost-pikalataus: 1800 W), Iso-Britannia\/EU\/Australia\/Zalanti: 220\u2013240 V, 50 Hz (A-Boost-pikalataus: 2200 W)<br \/>Aurinkopaneelin lataustulo: DC 11~60V, 12A (enint\u00e4\u00e4n 600W)<br \/>Auton lataustulo: DC 12V\/24V, 8A (96W maks.)<\/p>\n<\/td>\n<\/tr>\n<tr>\n<td style=\"width:438.575px\">\n<p><strong>L\u00e4ht\u00f6<\/strong><\/p>\n<\/td>\n<td style=\"width:1392.91px\" width=\"466\">\n<p>4*USB-A-l\u00e4ht\u00f6porttia: 5V\/3A, 9V\/2A, 12V\/1.5A, 18W maks., porttia kohden<br \/>4*AC-l\u00e4ht\u00f6liit\u00e4nt\u00e4\u00e4: Puhdas siniaalto, yhteens\u00e4 2400 W (piikki 3600 W) USA: 120 V, 60 Hz, UK\/EU\/AU\/- ZA: 220\u2013240 V, 50 Hz<strong><br \/><\/strong>2*USB-C-l\u00e4ht\u00f6porttia: 5V\/3A, 9V\/3A, 12V\/3A, 15V\/3A, 20V\/5A, 100W maks.<br \/>2*DC5521-l\u00e4ht\u00f6porttia: 12,6 V\/10 A, 120 W maks.<strong><br \/><\/strong>1*Autoportti: 12.6V\/10A, 120W maks.<br \/>A-Turbon tukema laitteen\/laitteiden enimm\u00e4isteho: 3600 W resistiivisille kuormille<\/p>\n<\/td>\n<\/tr>\n<tr>\n<td style=\"width:438.575px\">\n<p><strong>Akun tiedot<\/strong><\/p>\n<p><\/td>\n<td style=\"width:1392.91px\" width=\"466\">\n<p>Solukemian j\u00e4rjestelm\u00e4: LiFePO4-j\u00e4rjestelm\u00e4<br \/>Sykliel\u00e4m\u00e4: 6000 sykli\u00e4<br \/>Suojaus: Vuotosuoja; Alhaisen l\u00e4mp\u00f6tilan suojaus; Alij\u00e4nnitesuojaus; Ylivirtasuojaus; Ylikuormitussuojaus; Ylil\u00e4mp\u00f6tilan suojaus; Ylij\u00e4nnitesuojaus; Oikosulkusuojaus<\/p>\n<\/td>\n<\/tr>\n<tr>\n<td style=\"width:438.575px\">\n<p><strong>Paino ja koko<\/strong><\/p>\n<\/td>\n<td style=\"width:1392.91px\" width=\"466\">\n<p>Tuotteen paino: 16,5 kg<br \/>Pakkauksen paino: 18,2 kg<br \/>Tuotteen koko (P x L x K): 436 \u00d7 195 \u00d7 335 mm<br \/>Pakkauksen koko (P x L x K): 508 \u00d7 260 \u00d7 428 mm<\/p>\n<\/td>\n<\/tr>\n<tr>\n<td style=\"width:438.575px\">\n<p><strong>Pakkauksen sis\u00e4lt\u00f6<\/strong><\/p>\n<\/td>\n<td style=\"width:1392.91px\" width=\"466\">\n<p>1 x Andes 1500 kannettava voimalaitos\u00a0<br \/>1 x AC-latauskaapeli\u00a0<br \/>1 x Auton latauskaapeli\u00a0<br \/>1 x kaapelipussi\u00a0<br \/>1 k\u00e4ytt\u00f6ohje\u00a0<br \/>1 x takuukortti\u00a0<\/p>\n<\/td>\n<\/tr>\n<\/tbody>\n<\/table>\n<p><img decoding=\"async\" src=\"https:\/\/ae01.alicdn.com\/kf\/S8cd07578d87f4bce857c68534ea64f91F.jpeg\" slate-data-type=\"image\"\/><img decoding=\"async\" src=\"https:\/\/ae01.alicdn.com\/kf\/Se2d8bf4f50264eb9961ca09eb885bc8aE.jpeg\" slate-data-type=\"image\"\/><img decoding=\"async\" src=\"https:\/\/ae01.alicdn.com\/kf\/Sc1165f5e2e67469a9a44b95e8afa7704Y.jpeg\" slate-data-type=\"image\"\/><img decoding=\"async\" src=\"https:\/\/ae01.alicdn.com\/kf\/Seb0d02b2c5fc436482906542f0a594700.jpeg\" slate-data-type=\"image\"\/><img decoding=\"async\" src=\"https:\/\/ae01.alicdn.com\/kf\/S65c965dc181a40ddb6447f04bbf8ecc4O.jpeg\" slate-data-type=\"image\"\/><img decoding=\"async\" src=\"https:\/\/ae01.alicdn.com\/kf\/S28ce9d48a2c24d4db17cdbecb72e5d01b.jpeg\" slate-data-type=\"image\"\/><img decoding=\"async\" src=\"https:\/\/ae01.alicdn.com\/kf\/Sc6cfb22f033042158c021150ee64b901n.jpeg\" slate-data-type=\"image\"\/><img decoding=\"async\" src=\"https:\/\/ae01.alicdn.com\/kf\/Sa3aee9efdafe4d6cbb43073b0847f5f9d.jpeg\" slate-data-type=\"image\"\/><img decoding=\"async\" src=\"https:\/\/ae01.alicdn.com\/kf\/S33beb1136b044dc5a271f490d7999c2fm.jpeg\" slate-data-type=\"image\"\/><img decoding=\"async\" src=\"https:\/\/ae01.alicdn.com\/kf\/Sfaa46db4c3c54f11b864dee1c9a28a21x.jpeg\" slate-data-type=\"image\"\/><img decoding=\"async\" src=\"https:\/\/ae01.alicdn.com\/kf\/Sa567d40aacff4b62ad420ea13e556943O.jpeg\" slate-data-type=\"image\"\/><\/p>","protected":false},"excerpt":{"rendered":"<p>Nominal Capacity:&nbsp;1462Wh Model Number:&nbsp;Andes 1500 Type:&nbsp;LiFePO4 Set Type:&nbsp;Charger Sets Brand:&nbsp;Ampace Type:&nbsp;Portable Power Station Model:&nbsp;Andes 1500 Home EPS:&nbsp;20ms Certification:&nbsp;UL, CE, FCC, PSE, RoHS Cycle Life:&nbsp;6000 Cycles Cell Chemistry System:&nbsp;LiFePO4 System AC<\/p>","protected":false},"featured_media":21697,"comment_status":"open","ping_status":"closed","template":"","meta":{"_acf_changed":false},"product_brand":[],"product_cat":[515],"product_tag":[],"class_list":{"0":"post-21695","1":"product","2":"type-product","3":"status-publish","4":"has-post-thumbnail","6":"product_cat-portable-power-stations","8":"first","9":"instock","10":"shipping-taxable","11":"purchasable","12":"product-type-simple"},"acf":[],"_links":{"self":[{"href":"https:\/\/electricstore.eu\/fi\/wp-json\/wp\/v2\/product\/21695","targetHints":{"allow":["GET"]}}],"collection":[{"href":"https:\/\/electricstore.eu\/fi\/wp-json\/wp\/v2\/product"}],"about":[{"href":"https:\/\/electricstore.eu\/fi\/wp-json\/wp\/v2\/types\/product"}],"replies":[{"embeddable":true,"href":"https:\/\/electricstore.eu\/fi\/wp-json\/wp\/v2\/comments?post=21695"}],"wp:featuredmedia":[{"embeddable":true,"href":"https:\/\/electricstore.eu\/fi\/wp-json\/wp\/v2\/media\/21697"}],"wp:attachment":[{"href":"https:\/\/electricstore.eu\/fi\/wp-json\/wp\/v2\/media?parent=21695"}],"wp:term":[{"taxonomy":"product_brand","embeddable":true,"href":"https:\/\/electricstore.eu\/fi\/wp-json\/wp\/v2\/product_brand?post=21695"},{"taxonomy":"product_cat","embeddable":true,"href":"https:\/\/electricstore.eu\/fi\/wp-json\/wp\/v2\/product_cat?post=21695"},{"taxonomy":"product_tag","embeddable":true,"href":"https:\/\/electricstore.eu\/fi\/wp-json\/wp\/v2\/product_tag?post=21695"}],"curies":[{"name":"wp","href":"https:\/\/api.w.org\/{rel}","templated":true}]}}