{"id":21603,"date":"2025-05-20T18:20:17","date_gmt":"2025-05-20T18:20:17","guid":{"rendered":"https:\/\/electricstore.eu\/p\/uncategorized\/eleglide-t1-adult-bikes-27-5-250w-motor-electric-bikes-36v-13ah-100km-range-25km-h-max-electric-bicycles-cheap-electric-bike\/"},"modified":"2025-05-20T18:20:34","modified_gmt":"2025-05-20T18:20:34","slug":"eleglide-t1-adult-bikes-27-5-250w-motor-electric-bikes-36v-13ah-100km-range-25km-h-max-electric-bicycles-cheap-electric-bike","status":"publish","type":"product","link":"https:\/\/electricstore.eu\/fi\/p\/bikes\/eleglide-t1-adult-bikes-27-5-250w-motor-electric-bikes-36v-13ah-100km-range-25km-h-max-electric-bicycles-cheap-electric-bike\/","title":{"rendered":"Eglide T1 aikuisille tarkoitetut s\u00e4hk\u00f6py\u00f6r\u00e4t 27,5 tuuman 250 W:n moottorilla, s\u00e4hk\u00f6py\u00f6r\u00e4t 36 V 13 Ah, toimintas\u00e4de 100 km, MAX 25 km\/h, halpa s\u00e4hk\u00f6py\u00f6r\u00e4"},"content":{"rendered":"<div class=\"product-specs-list-container\">\n<ul class=\"product-specs-list util-clearfix\">\n<li class=\"product-prop line-limit-length\"><span\n                                        class=\"property-title\">Merkki:&nbsp;<\/span><span\n                                        class=\"property-desc line-limit-length\">Eglide<\/span>\n                            <\/li>\n<li class=\"product-prop line-limit-length\"><span\n                                        class=\"property-title\">Malli:&nbsp;<\/span><span\n                                        class=\"property-desc line-limit-length\">T1<\/span>\n                            <\/li>\n<li class=\"product-prop line-limit-length\"><span\n                                        class=\"property-title\">Nettopaino:&nbsp;<\/span><span\n                                        class=\"property-desc line-limit-length\">26 kg<\/span>\n                            <\/li>\n<li class=\"product-prop line-limit-length\"><span\n                                        class=\"property-title\">Kehyksen koko:&nbsp;<\/span><span\n                                        class=\"property-desc line-limit-length\">27,5&quot; x 17,5&quot;<\/span>\n                            <\/li>\n<li class=\"product-prop line-limit-length\"><span\n                                        class=\"property-title\">Maksimikuormitus:&nbsp;<\/span><span\n                                        class=\"property-desc line-limit-length\">120 kg<\/span>\n                            <\/li>\n<li class=\"product-prop line-limit-length\"><span\n                                        class=\"property-title\">Suurin nopeus:&nbsp;<\/span><span\n                                        class=\"property-desc line-limit-length\">25 km\/h<\/span>\n                            <\/li>\n<li class=\"product-prop line-limit-length\"><span\n                                        class=\"property-title\">Suurin kantama:&nbsp;<\/span><span\n                                        class=\"property-desc line-limit-length\">100 km (avustustila)<\/span>\n                            <\/li>\n<li class=\"product-prop line-limit-length\"><span\n                                        class=\"property-title\">Avustuksen nopeustasot:&nbsp;<\/span><span\n                                        class=\"property-desc line-limit-length\">12\/16\/20\/23\/25 km\/h<\/span>\n                            <\/li>\n<li class=\"product-prop line-limit-length\"><span\n                                        class=\"property-title\">Ominaisuudet 01:&nbsp;<\/span><span\n                                        class=\"property-desc line-limit-length\">S\u00e4hk\u00f6py\u00f6r\u00e4<\/span>\n                            <\/li>\n<li class=\"product-prop line-limit-length\"><span\n                                        class=\"property-title\">Ominaisuudet 02:&nbsp;<\/span><span\n                                        class=\"property-desc line-limit-length\">S\u00e4hk\u00f6py\u00f6r\u00e4t<\/span>\n                            <\/li>\n<li class=\"product-prop line-limit-length\"><span\n                                        class=\"property-title\">Ominaisuudet 03:&nbsp;<\/span><span\n                                        class=\"property-desc line-limit-length\">S\u00e4hk\u00f6py\u00f6r\u00e4tarjous<\/span>\n                            <\/li>\n<li class=\"product-prop line-limit-length\"><span\n                                        class=\"property-title\">Ominaisuudet 04:&nbsp;<\/span><span\n                                        class=\"property-desc line-limit-length\">S\u00e4hk\u00f6py\u00f6r\u00e4t aikuisille<\/span>\n                            <\/li>\n<li class=\"product-prop line-limit-length\"><span\n                                        class=\"property-title\">Ominaisuudet 05:&nbsp;<\/span><span\n                                        class=\"property-desc line-limit-length\">Taittuva polkupy\u00f6r\u00e4<\/span>\n                            <\/li>\n<li class=\"product-prop line-limit-length\"><span\n                                        class=\"property-title\">Ominaisuudet 06:&nbsp;<\/span><span\n                                        class=\"property-desc line-limit-length\">S\u00e4hk\u00f6py\u00f6r\u00e4t aikuisille<\/span>\n                            <\/li>\n<li class=\"product-prop line-limit-length\"><span\n                                        class=\"property-title\">Ominaisuudet 07:&nbsp;<\/span><span\n                                        class=\"property-desc line-limit-length\">Taittuvat polkupy\u00f6r\u00e4t<\/span>\n                            <\/li>\n<li class=\"product-prop line-limit-length\"><span\n                                        class=\"property-title\">Ominaisuudet 08:&nbsp;<\/span><span\n                                        class=\"property-desc line-limit-length\">S\u00e4hk\u00f6py\u00f6r\u00e4<\/span>\n                            <\/li>\n<li class=\"product-prop line-limit-length\"><span\n                                        class=\"property-title\">Ominaisuudet 09:&nbsp;<\/span><span\n                                        class=\"property-desc line-limit-length\">Halvat polkupy\u00f6r\u00e4t<\/span>\n                            <\/li>\n<\/ul><\/div>\n<p><span style=\"color:rgb(34, 34, 34);font-size:14px;font-family:&quot;Open Sans&quot;, Roboto, Arial, Helvetica, sans-serif, SimSun\"><strong><span style=\"color:rgb(34, 34, 34);font-size:24px;font-family:&quot;times new roman&quot;, times, serif\">&gt;&gt;Kohokohdat<\/span><\/strong><\/span><\/p>\n<\/p>\n<p><span style=\"font-size:18px;font-family:&quot;times new roman&quot;, times, serif\"><strong>Tehokas moottori ja suuri akku<\/strong><\/span><span style=\"font-size:18px;font-family:&quot;times new roman&quot;, times, serif\"><br \/>Eglide T1:ss\u00e4 on tehokas 250 W:n harjaton moottori, jonka v\u00e4\u00e4nt\u00f6momentti on 50 Nm. <br \/>tarjoaa sinulle jatkuvaa ja vahvaa tehoa ja mahdollistaa py\u00f6r\u00e4n <br \/>jopa 25 km\/h nopeus. Vaihdettavan 468 Wh:n litiumioniakun ansiosta se voi<br \/> ajaa jopa 100 km (62 mailia) avustustilassa, mik\u00e4 sopii t\u00e4ydellisesti pitkille matkoille <br \/>ratsastaa.<\/span><\/p>\n<p><span style=\"font-size:18px;font-family:&quot;times new roman&quot;, times, serif\"><br \/><\/span><span style=\"font-size:18px;font-family:&quot;times new roman&quot;, times, serif\"><strong>27,5 tuuman CST-renkaat<\/strong><\/span><span style=\"font-size:18px;font-family:&quot;times new roman&quot;, times, serif\"><br \/>Eglide T1 -py\u00f6r\u00e4ss\u00e4 on 27,5 tuuman CST-ilmarenkaat, jotka voivat <br \/>mukautua erilaisiin tiepintoihin. Jotta se liikkuisi tasaisesti kuoppaisilla teill\u00e4 <br \/>vuoristopoluilla renkaan pinta on erikoismuotoiltu, joka voi jyrk\u00e4sti <br \/>v\u00e4hent\u00e4\u00e4 tien t\u00f6yssyjen aiheuttamia iskuja.<\/span><\/p>\n<p><span style=\"font-size:18px;font-family:&quot;times new roman&quot;, times, serif\"><br \/><\/span><span style=\"font-size:18px;font-family:&quot;times new roman&quot;, times, serif\"><strong>7-vaihteinen Shimano-vaihteisto<\/strong><\/span><span style=\"font-size:18px;font-family:&quot;times new roman&quot;, times, serif\"><br \/>T1-s\u00e4hk\u00f6py\u00f6r\u00e4ss\u00e4 on ammattimainen Shimano-vaihtaja, jossa on 7<br \/> vaihteet takana. Vaihtajaa k\u00e4ytt\u00e4m\u00e4ll\u00e4 voit nauttia <br \/>nopeampi ja helpompi ajo.<\/span><\/p>\n<p><span style=\"font-size:18px;font-family:&quot;times new roman&quot;, times, serif\"><br \/><\/span><span style=\"font-size:18px;font-family:&quot;times new roman&quot;, times, serif\"><strong>Hydraulinen jousitus lukituksella<\/strong><\/span><span style=\"font-size:18px;font-family:&quot;times new roman&quot;, times, serif\"><br \/>Eglide T1 on suunniteltu mekaanisella vaimentimella ja lukituksella, jonka ansiosta voit <br \/>mukavamman py\u00f6r\u00e4ilykokemuksen. Voit lukita sen tasaiselle alustalle <br \/>tiet nopeaa ajoa varten tai avaa se ep\u00e4tasaisilla poluilla tasaista ajoa varten.<\/span><\/p>\n<p><span style=\"font-size:18px;font-family:&quot;times new roman&quot;, times, serif\"><br \/><\/span><span style=\"font-size:18px;font-family:&quot;times new roman&quot;, times, serif\"><strong>5 avustustasoa ja 6 km\/h k\u00e4velytila<\/strong><\/span><span style=\"font-size:18px;font-family:&quot;times new roman&quot;, times, serif\"><br \/>Avustustilassa voit vaihtaa viiden poljinavustustason v\u00e4lill\u00e4, mukaan lukien 12, <br \/>16, 20, 23 ja 25 km\/h. 6 km\/h ty\u00f6nt\u00f6tilassa voit k\u00e4vell\u00e4 polkupy\u00f6r\u00e4\u00e4. <br \/>helposti ja vaivattomasti.<\/span><\/p>\n<p><span style=\"font-size:18px;font-family:&quot;times new roman&quot;, times, serif\"><br \/><\/span><span style=\"font-size:18px;font-family:&quot;times new roman&quot;, times, serif\"><strong>\u00c4lyk\u00e4s n\u00e4ytt\u00f6<\/strong><\/span><span style=\"font-size:18px;font-family:&quot;times new roman&quot;, times, serif\"><br \/>Eglid T1:ss\u00e4 on \u00e4lyk\u00e4s LCD-n\u00e4ytt\u00f6, joka n\u00e4ytt\u00e4\u00e4 erilaisia tietoja, <br \/>kuten nopeus, matka ja akun varaustaso. Sen avulla voit aktivoida <br \/>useita toimintoja n\u00e4yt\u00f6n yksinkertaisilla toiminnoilla, mik\u00e4 tekee ajostasi helppoa<br \/>\u00e4lykk\u00e4\u00e4mp\u00e4\u00e4 ja helpompaa.<\/span><\/p>\n<p><\/p>\n<p style=\"font-family:&quot;Open Sans&quot;, Roboto, Arial, Helvetica, sans-serif, SimSun;font-size:14px;font-weight:400;letter-spacing:normal;line-height:inherit;text-align:start;white-space:normal;color:rgb(34, 34, 34);margin:0px;margin-bottom:0px;margin-top:0px;margin-left:0px;margin-right:0px;padding:0px;padding-bottom:0px;padding-top:0px;padding-left:0px;padding-right:0px;box-sizing:border-box\" align=\"start\"><span style=\"color:rgb(34, 34, 34);font-size:14px;font-family:&quot;Open Sans&quot;, Roboto, Arial, Helvetica, sans-serif, SimSun\"><strong><span style=\"font-size:24px\"><span style=\"font-family:&quot;times new roman&quot;, times, serif\">&gt;&gt;Tekniset tiedot<\/span><\/span><\/strong><\/span><\/p>\n<p><\/p>\n<table style=\"border-collapse:collapse;font-family:&quot;Microsoft YaHei&quot;\" border=\"1\">\n<tbody>\n<tr>\n<td style=\"font-size:14px;text-align:center\" width=\"130\" align=\"center\">\n<p><span style=\"font-size:18px;font-family:&quot;times new roman&quot;, times, serif\">Yleist\u00e4<\/span><\/p>\n<\/td>\n<td style=\"font-size:14px;text-align:center\" width=\"453\" align=\"center\">\n<p><span style=\"font-size:18px;font-family:&quot;times new roman&quot;, times, serif\">Merkki: Eleglide<br \/>Malli: T1<br \/>V\u00e4ri: Musta<\/span><\/p>\n<\/td>\n<\/tr>\n<tr>\n<td style=\"font-size:14px;text-align:center\" width=\"130\" align=\"center\">\n<p><span style=\"font-size:18px;font-family:&quot;times new roman&quot;, times, serif\">Perustiedot<\/span><\/p>\n<\/td>\n<td style=\"font-size:14px;text-align:center\" width=\"453\" align=\"center\">\n<p><span style=\"font-size:18px;font-family:&quot;times new roman&quot;, times, serif\">Nettopaino: 26 kg<br \/>Koko avattuna: 1790x680x1118 mm<br \/>Kehyksen koko: 27,5&quot; x 17,5&quot;<br \/>Ohjaustangon leveys: 66 cm (ilman kahvoja), noin 67 cm (kahvojen kanssa)<br \/>Satulan korkeus (maasta): 83\u2013104 cm<br \/>Suositeltu kuljettajan pituus: 160\u2013200 cm (5,25\u20136,56 jalkaa)<br \/>Maksimikuormitus: 120 kg<br \/>Huippunopeus: 25 km\/h<br \/>Suurin kantama: 100 km (avustustila)<br \/>Avustusnopeuden tasot: 12\/16\/20\/23\/25 km\/h<br \/>Vedenpit\u00e4vyystaso: IPX4<br \/>Materiaali: Alumiiniseos<br \/>Jarruj\u00e4rjestelm\u00e4: Etu- ja takalevyjarrut + automaattinen virrankatkaisu<\/span><\/p>\n<\/td>\n<\/tr>\n<tr>\n<td style=\"font-size:14px;text-align:center\" width=\"130\" align=\"center\">\n<p><span style=\"font-size:18px;font-family:&quot;times new roman&quot;, times, serif\">Moottori<\/span><\/p>\n<\/td>\n<td style=\"font-size:14px;text-align:center\" width=\"453\" align=\"center\">\n<p><span style=\"font-size:18px;font-family:&quot;times new roman&quot;, times, serif\">Nimellisteho ja j\u00e4nnite: 250 W, 36 V<br \/>Maksimaalinen hetkellinen teho: 500 W<br \/>Maksimikierrosluku: 260<br \/>Suurin l\u00e4ht\u00f6momentti: 50 Nm<\/span><\/p>\n<\/td>\n<\/tr>\n<tr>\n<td style=\"font-size:14px;text-align:center\" width=\"130\" align=\"center\">\n<p><span style=\"font-size:18px;font-family:&quot;times new roman&quot;, times, serif\">Vaihtaja<\/span><\/p>\n<\/td>\n<td style=\"font-size:14px;text-align:center\" width=\"453\" align=\"center\">\n<p><span style=\"font-size:18px;font-family:&quot;times new roman&quot;, times, serif\">Merkki: Shimano<br \/>Vaihteiden lukum\u00e4\u00e4r\u00e4: 7 (takana)<\/span><\/p>\n<\/td>\n<\/tr>\n<tr>\n<td style=\"font-size:14px;text-align:center\" width=\"130\" align=\"center\">\n<p><span style=\"font-size:18px;font-family:&quot;times new roman&quot;, times, serif\">Jousitus<\/span><\/p>\n<\/td>\n<td style=\"font-size:14px;text-align:center\" width=\"453\" align=\"center\">\n<p><span style=\"font-size:18px;font-family:&quot;times new roman&quot;, times, serif\">Mekaaninen vaimennus lukituksella<\/span><\/p>\n<\/td>\n<\/tr>\n<tr>\n<td style=\"font-size:14px;text-align:center\" width=\"130\" align=\"center\">\n<p><span style=\"font-size:18px;font-family:&quot;times new roman&quot;, times, serif\">Akku<\/span><\/p>\n<\/td>\n<td style=\"font-size:14px;text-align:center\" width=\"453\" align=\"center\">\n<p><span style=\"font-size:18px;font-family:&quot;times new roman&quot;, times, serif\">Kapasiteetti: 13 Ah<br \/>J\u00e4nnite: 36V<br \/>Latausaika: 4-6 tuntia<br \/>Tehokapasiteetti: 468 Wh<br \/>Suojausj\u00e4rjestelm\u00e4: Kyll\u00e4<\/span><\/p>\n<\/td>\n<\/tr>\n<tr>\n<td style=\"font-size:14px;text-align:center\" width=\"130\" align=\"center\">\n<p><span style=\"font-size:18px;font-family:&quot;times new roman&quot;, times, serif\">Laturi<\/span><\/p>\n<\/td>\n<td style=\"font-size:14px;text-align:center\" width=\"453\" align=\"center\">\n<p><span style=\"font-size:18px;font-family:&quot;times new roman&quot;, times, serif\">Tulo: 100\u2013240 V, 1,8 A<br \/>L\u00e4ht\u00f6: 42 V, 2 A<\/span><\/p>\n<\/td>\n<\/tr>\n<tr>\n<td style=\"font-size:14px;text-align:center\" width=\"130\" align=\"center\">\n<p><span style=\"font-size:18px;font-family:&quot;times new roman&quot;, times, serif\">Rengas<\/span><\/p>\n<\/td>\n<td style=\"font-size:14px;text-align:center\" width=\"453\" align=\"center\">\n<p><span style=\"font-size:18px;font-family:&quot;times new roman&quot;, times, serif\">Merkki: CST<br \/>Koko: 27,5&quot; x 2,1&quot;<br \/>Tyyppi: Ilmarengas<br \/>Rengaspaine: 45-65PSI<br \/>Paras rengaspaine: 50 PSI (edess\u00e4), 55 PSI (takana)<\/span><\/p>\n<\/td>\n<\/tr>\n<tr>\n<td style=\"font-size:14px;text-align:center\" width=\"130\" align=\"center\">\n<p><span style=\"font-size:18px;font-family:&quot;times new roman&quot;, times, serif\">N\u00e4ytt\u00f6<\/span><\/p>\n<\/td>\n<td style=\"font-size:14px;text-align:center\" width=\"453\" align=\"center\">\n<p><span style=\"font-size:18px;font-family:&quot;times new roman&quot;, times, serif\">3,5 tuuman LCD-n\u00e4ytt\u00f6<\/span><\/p>\n<\/td>\n<\/tr>\n<tr>\n<td style=\"font-size:14px;text-align:center\" width=\"130\" align=\"center\">\n<p><span style=\"font-size:18px;font-family:&quot;times new roman&quot;, times, serif\">Paketti<\/span><\/p>\n<\/td>\n<td style=\"font-size:14px;text-align:center\" width=\"453\" align=\"center\">\n<p><span style=\"font-size:18px;font-family:&quot;times new roman&quot;, times, serif\">Koko: 1480x250x830 mm<br \/>Kokonaispaino: 30,5 kg<\/span><\/p>\n<\/td>\n<\/tr>\n<\/tbody>\n<\/table>\n<p><\/p>\n<p><span style=\"color:rgb(34, 34, 34);font-size:14px;font-family:&quot;Open Sans&quot;, Roboto, Arial, Helvetica, sans-serif, SimSun\"><strong><span style=\"font-size:24px\"><span style=\"font-family:&quot;times new roman&quot;, times, serif\">&gt;&gt;Tuotekuvat ja -kuvaukset<\/span><\/span><\/strong><\/span><\/p>\n<p><\/p>\n<p><img decoding=\"async\" src=\"https:\/\/ae01.alicdn.com\/kf\/Sb4f47fc8a1b7462cbeee4fd4724dfb3cI.jpg\" slate-data-type=\"image\"\/><img decoding=\"async\" src=\"https:\/\/ae01.alicdn.com\/kf\/S46be507f63f9473c8990cb0b01fb883cL.jpg\" slate-data-type=\"image\"\/><img decoding=\"async\" src=\"https:\/\/ae01.alicdn.com\/kf\/S597251cc06ab4ace88b72e63bcbfc844O.jpg\" slate-data-type=\"image\"\/><img decoding=\"async\" src=\"https:\/\/ae01.alicdn.com\/kf\/S2360a3bea2514d83893cad0828d0d565B.jpg\" slate-data-type=\"image\"\/><img decoding=\"async\" src=\"https:\/\/ae01.alicdn.com\/kf\/Sfdfd76e98f474971ba2dd3cab9cc11dda.jpg\" slate-data-type=\"image\"\/><img decoding=\"async\" src=\"https:\/\/ae01.alicdn.com\/kf\/Sd5e8d03649554d81837c5c2ac253f179H.jpg\" slate-data-type=\"image\"\/><img decoding=\"async\" src=\"https:\/\/ae01.alicdn.com\/kf\/S2ad95c8268474c10a7e289d1271212d4j.jpg\" slate-data-type=\"image\"\/><img decoding=\"async\" src=\"https:\/\/ae01.alicdn.com\/kf\/S1455ae55a0fe4e85abcb72633aa81adba.jpg\" slate-data-type=\"image\"\/><img decoding=\"async\" src=\"https:\/\/ae01.alicdn.com\/kf\/S8c335435f4ee4da9a58df2914e8b4d9cu.jpg\" slate-data-type=\"image\"\/><img decoding=\"async\" src=\"https:\/\/ae01.alicdn.com\/kf\/Sbb91b944ce094c8cb4dc55af381511fbY.jpg\" slate-data-type=\"image\"\/><img decoding=\"async\" src=\"https:\/\/ae01.alicdn.com\/kf\/S86bc0c2a56734be9a014ffe72dd691c9i.jpg\" slate-data-type=\"image\"\/><\/p>","protected":false},"excerpt":{"rendered":"<p>Brand:&nbsp;Eleglide Model:&nbsp;T1 Net Weight:&nbsp;26KG Size of Frame:&nbsp;27.5&quot; x 17.5&quot; Max Load:&nbsp;120KG Max Speed:&nbsp;25KM\/H Max Range:&nbsp;100KM (Assist Mode) Speed Levels of Assist:&nbsp;12\/16\/20\/23\/25 km\/h Features 01:&nbsp;Electric Bicycle Features 02:&nbsp;Electric Bikes Features 03:&nbsp;Electric<\/p>","protected":false},"featured_media":21605,"comment_status":"open","ping_status":"closed","template":"","meta":{"_acf_changed":false},"product_brand":[],"product_cat":[230],"product_tag":[],"class_list":{"0":"post-21603","1":"product","2":"type-product","3":"status-publish","4":"has-post-thumbnail","6":"product_cat-bikes","8":"first","9":"instock","10":"shipping-taxable","11":"purchasable","12":"product-type-variable"},"acf":[],"_links":{"self":[{"href":"https:\/\/electricstore.eu\/fi\/wp-json\/wp\/v2\/product\/21603","targetHints":{"allow":["GET"]}}],"collection":[{"href":"https:\/\/electricstore.eu\/fi\/wp-json\/wp\/v2\/product"}],"about":[{"href":"https:\/\/electricstore.eu\/fi\/wp-json\/wp\/v2\/types\/product"}],"replies":[{"embeddable":true,"href":"https:\/\/electricstore.eu\/fi\/wp-json\/wp\/v2\/comments?post=21603"}],"wp:featuredmedia":[{"embeddable":true,"href":"https:\/\/electricstore.eu\/fi\/wp-json\/wp\/v2\/media\/21605"}],"wp:attachment":[{"href":"https:\/\/electricstore.eu\/fi\/wp-json\/wp\/v2\/media?parent=21603"}],"wp:term":[{"taxonomy":"product_brand","embeddable":true,"href":"https:\/\/electricstore.eu\/fi\/wp-json\/wp\/v2\/product_brand?post=21603"},{"taxonomy":"product_cat","embeddable":true,"href":"https:\/\/electricstore.eu\/fi\/wp-json\/wp\/v2\/product_cat?post=21603"},{"taxonomy":"product_tag","embeddable":true,"href":"https:\/\/electricstore.eu\/fi\/wp-json\/wp\/v2\/product_tag?post=21603"}],"curies":[{"name":"wp","href":"https:\/\/api.w.org\/{rel}","templated":true}]}}