{"id":21590,"date":"2025-05-20T18:20:09","date_gmt":"2025-05-20T18:20:09","guid":{"rendered":"https:\/\/electricstore.eu\/p\/uncategorized\/eleglide-c1-27-5-adult-electric-bike-150km-range-250w-mid-drive-motor-16v-14-5ah-battery-electric-road-bikes-electric-bicycle\/"},"modified":"2025-05-20T18:20:14","modified_gmt":"2025-05-20T18:20:14","slug":"eleglide-c1-27-5-adult-electric-bike-150km-range-250w-mid-drive-motor-16v-14-5ah-battery-electric-road-bikes-electric-bicycle","status":"publish","type":"product","link":"https:\/\/electricstore.eu\/fi\/p\/bikes\/eleglide-c1-27-5-adult-electric-bike-150km-range-250w-mid-drive-motor-16v-14-5ah-battery-electric-road-bikes-electric-bicycle\/","title":{"rendered":"Eglide C1 27.5\u2033 s\u00e4hk\u00f6py\u00f6r\u00e4 aikuisille, toimintas\u00e4de 150 km, 250 W:n keskiajomoottori, 16 V:n 14,5 Ah:n akku, s\u00e4hk\u00f6inen maantiepy\u00f6r\u00e4, s\u00e4hk\u00f6py\u00f6r\u00e4"},"content":{"rendered":"<div class=\"product-specs-list-container\">\n<ul class=\"product-specs-list util-clearfix\">\n<li class=\"product-prop line-limit-length\"><span\n                                        class=\"property-title\">Polkupy\u00f6r\u00e4n jousituksen tyypit:&nbsp;<\/span><span\n                                        class=\"property-desc line-limit-length\">Tukeva<\/span>\n                            <\/li>\n<li class=\"product-prop line-limit-length\"><span\n                                        class=\"property-title\">Jarrutusj\u00e4rjestelm\u00e4:&nbsp;<\/span><span\n                                        class=\"property-desc line-limit-length\">Mekaaninen levyjarru edess\u00e4 ja takana<\/span>\n                            <\/li>\n<li class=\"product-prop line-limit-length\"><span\n                                        class=\"property-title\">Renkaan koko:&nbsp;<\/span><span\n                                        class=\"property-desc line-limit-length\">27.5&#039;&#039;<\/span>\n                            <\/li>\n<li class=\"product-prop line-limit-length\"><span\n                                        class=\"property-title\">Merkki:&nbsp;<\/span><span\n                                        class=\"property-desc line-limit-length\">Eglide<\/span>\n                            <\/li>\n<li class=\"product-prop line-limit-length\"><span\n                                        class=\"property-title\">Nettopaino:&nbsp;<\/span><span\n                                        class=\"property-desc line-limit-length\">5,5 kg<\/span>\n                            <\/li>\n<li class=\"product-prop line-limit-length\"><span\n                                        class=\"property-title\">Kehyksen koko:&nbsp;<\/span><span\n                                        class=\"property-desc line-limit-length\">27,5&quot; x 19&quot;<\/span>\n                            <\/li>\n<li class=\"product-prop line-limit-length\"><span\n                                        class=\"property-title\">Py\u00f6r\u00e4n maksimikuorma:&nbsp;<\/span><span\n                                        class=\"property-desc line-limit-length\">120 kg<\/span>\n                            <\/li>\n<li class=\"product-prop line-limit-length\"><span\n                                        class=\"property-title\">Katkaisunopeus:&nbsp;<\/span><span\n                                        class=\"property-desc line-limit-length\">25 km\/h<\/span>\n                            <\/li>\n<li class=\"product-prop line-limit-length\"><span\n                                        class=\"property-title\">Suurin kantama:&nbsp;<\/span><span\n                                        class=\"property-desc line-limit-length\">150 km (avustustila)<\/span>\n                            <\/li>\n<li class=\"product-prop line-limit-length\"><span\n                                        class=\"property-title\">K\u00e4velytila:&nbsp;<\/span><span\n                                        class=\"property-desc line-limit-length\">6 km\/h<\/span>\n                            <\/li>\n<li class=\"product-prop line-limit-length\"><span\n                                        class=\"property-title\">Nimellisj\u00e4nnite:&nbsp;<\/span><span\n                                        class=\"property-desc line-limit-length\">36V<\/span>\n                            <\/li>\n<li class=\"product-prop line-limit-length\"><span\n                                        class=\"property-title\">Ominaisuudet 01:&nbsp;<\/span><span\n                                        class=\"property-desc line-limit-length\">S\u00e4hk\u00f6py\u00f6r\u00e4<\/span>\n                            <\/li>\n<li class=\"product-prop line-limit-length\"><span\n                                        class=\"property-title\">Ominaisuudet 02:&nbsp;<\/span><span\n                                        class=\"property-desc line-limit-length\">S\u00e4hk\u00f6py\u00f6r\u00e4t<\/span>\n                            <\/li>\n<li class=\"product-prop line-limit-length\"><span\n                                        class=\"property-title\">Ominaisuudet 03:&nbsp;<\/span><span\n                                        class=\"property-desc line-limit-length\">S\u00e4hk\u00f6py\u00f6r\u00e4tarjous<\/span>\n                            <\/li>\n<li class=\"product-prop line-limit-length\"><span\n                                        class=\"property-title\">Ominaisuudet 04:&nbsp;<\/span><span\n                                        class=\"property-desc line-limit-length\">S\u00e4hk\u00f6py\u00f6r\u00e4t aikuisille<\/span>\n                            <\/li>\n<li class=\"product-prop line-limit-length\"><span\n                                        class=\"property-title\">Ominaisuudet 05:&nbsp;<\/span><span\n                                        class=\"property-desc line-limit-length\">Taittuva polkupy\u00f6r\u00e4<\/span>\n                            <\/li>\n<li class=\"product-prop line-limit-length\"><span\n                                        class=\"property-title\">Ominaisuudet 06:&nbsp;<\/span><span\n                                        class=\"property-desc line-limit-length\">S\u00e4hk\u00f6py\u00f6r\u00e4t aikuisille<\/span>\n                            <\/li>\n<li class=\"product-prop line-limit-length\"><span\n                                        class=\"property-title\">Ominaisuudet 07:&nbsp;<\/span><span\n                                        class=\"property-desc line-limit-length\">S\u00e4hk\u00f6py\u00f6r\u00e4<\/span>\n                            <\/li>\n<li class=\"product-prop line-limit-length\"><span\n                                        class=\"property-title\">Ominaisuudet 09:&nbsp;<\/span><span\n                                        class=\"property-desc line-limit-length\">Halvat polkupy\u00f6r\u00e4t<\/span>\n                            <\/li>\n<\/ul><\/div>\n<p><\/p>\n<p style=\"font-family:&quot;Microsoft YaHei&quot;;font-size:medium;font-weight:400;letter-spacing:normal;text-align:start;white-space:normal;color:rgb(0, 0, 0)\" align=\"start\"><span style=\"font-size:x-large\">Kohokohdat<\/span><\/p>\n<p><\/p>\n<p style=\"font-family:&quot;Microsoft YaHei&quot;;font-size:medium;font-weight:400;letter-spacing:normal;text-align:start;white-space:normal;color:rgb(0, 0, 0)\" align=\"start\"><strong>Tehokas keskivetomoottori<br \/><\/strong>C1-s\u00e4hk\u00f6py\u00f6r\u00e4ss\u00e4 on tehokas keskivetoinen harjaton moottori, joka tuottaa 70 Nm v\u00e4\u00e4nt\u00f6momentin, 432 W:n hetkellisen maksimitehon ja 25 km\/h huippunopeuden. Kest\u00e4v\u00e4ss\u00e4 keskivetoisessa moottorissa on alhaisempi vierint\u00e4vastus ja se tarjoaa tehokkaamman tehonjaon, mik\u00e4 mahdollistaa pidemm\u00e4n toimintas\u00e4teen ja paremman v\u00e4\u00e4nt\u00f6momentin m\u00e4kien kiipe\u00e4miseen ja erilaisten maastojen valloittamiseen.\u00a0<strong><\/p>\n<p>Suuri<\/strong><strong><span>\u00a0<\/span><\/strong><strong>Irrotettava akku<br \/><\/strong>Vaihdettavan 522 Wh:n litiumioniakun ansiosta C1-s\u00e4hk\u00f6py\u00f6r\u00e4 liukuu vaivattomasti 150 km (93,2 mailia) yhdell\u00e4 latauksella avustustilassa, mik\u00e4 on enemm\u00e4n kuin tarpeeksi p\u00e4ivitt\u00e4isiin ty\u00f6matkoihin tai pitkien py\u00f6r\u00e4ilyseikkailujen suorittamiseen. C1-py\u00f6r\u00e4ll\u00e4 voit ajaa ilman toimintas\u00e4depelkoa.<strong><br \/><\/strong><br \/><strong>27,5&quot; x 2,25&quot; leve\u00e4t renkaat ja 7-vaihteinen Shimano-vaihteisto<br \/><\/strong>27,5-tuumaisten py\u00f6rien ansiosta C1-s\u00e4hk\u00f6py\u00f6r\u00e4 selviytyy esteist\u00e4 helposti ja vakaasti. 2,25 tuumaa leve\u00e4t ilmat\u00e4ytteiset kumirenkaat tarjoavat paremman iskunvaimennuksen ja enemm\u00e4n pitoa tasaiseen ajoon vaihtelevassa maastossa. Varustettuna 7-vaihteisella ammattitason Shimano-vaihtajalla, se antaa sinun nauttia vaihtelevan nopeuden j\u00e4nnityksest\u00e4 ja helposta teiden l\u00e4pi kulkemisesta. Koe nopea, vaivaton ja nautinnollinen ajomatka C1:n kanssa.<strong><br \/><\/strong><br \/><strong>Hydraulinen jousitus<\/strong><strong><span>\u00a0<\/span><\/strong><strong>&amp;<\/strong><strong><span>\u00a0<\/span><\/strong><strong>Hydrauliset levyjarrut<br \/><\/strong>Hydraulinen jousitus reagoi herkemmin kuin muut jousitusj\u00e4rjestelm\u00e4t, mik\u00e4 tarjoaa tasaisemman ja j\u00e4m\u00e4k\u00e4mm\u00e4n ajokokemuksen. Lukittavan rakenteen ansiosta voit lukita jousituksen nopeaa ajoa varten tasaisilla teill\u00e4 ja avata sen mukavaa matkaa varten kuoppaisilla poluilla. Hydrauliset levyjarrut tarjoavat paremman hallinnan ja tehokkaamman jarrutustehon. Ne haihduttavat l\u00e4mp\u00f6\u00e4 tasaisemmin ja kest\u00e4v\u00e4t yleens\u00e4 pidemp\u00e4\u00e4n kuin perinteiset mekaaniset jarrut, mik\u00e4 mahdollistaa turvallisemman ja kest\u00e4v\u00e4mm\u00e4n ajon.<strong><br \/><\/strong><br \/><strong>\u00c4lyk\u00e4s LCD-ohjaus ja<\/strong><strong><span>\u00a0<\/span><\/strong><strong>5<\/strong><strong><span>\u00a0<\/span><\/strong><strong>Avustustasot<br \/><\/strong>C1:ss\u00e4 on \u00e4lyk\u00e4s LCD-n\u00e4ytt\u00f6, joka pit\u00e4\u00e4 sinut ajan tasalla t\u00e4rkeist\u00e4 tiedoista, kuten reaaliaikaisesta nopeudesta, kuljetusta matkasta ja akun varaustilasta. Voit my\u00f6s vaihtaa helposti viiden poljinavustustason v\u00e4lill\u00e4, mukaan lukien 12, 15, 18, 21 ja 25 km\/h, sek\u00e4 aktivoida 6 km\/h k\u00e4velytilan ja paljon muuta.<strong><br \/><\/strong><br \/><strong>S\u00e4\u00e4dett\u00e4v\u00e4 varsi ja StVZO-sertifioitu valo<br \/><\/strong>S\u00e4\u00e4dett\u00e4v\u00e4n ohjainkannattimen avulla voit mukauttaa ohjaustangon kulmaa ja korkeutta mukavimman ajoasennon saavuttamiseksi. StVZO-sertifioitu py\u00f6r\u00e4nvalomme on suunniteltu t\u00e4ytt\u00e4m\u00e4\u00e4n Saksan tieliikennelupa-asetuksen tiukat vaatimukset. Sen valokeila on muotoiltu parantamaan n\u00e4kyvyytt\u00e4 tiell\u00e4 ja v\u00e4ltt\u00e4m\u00e4\u00e4n muiden tienk\u00e4ytt\u00e4jien h\u00e4ik\u00e4istymist\u00e4, mik\u00e4 tekee teist\u00e4 turvallisempia kaikille. Lis\u00e4ksi t\u00e4m\u00e4 py\u00f6r\u00e4nvalo minimoi valosaasteen, mik\u00e4 tarjoaa luotettavamman ja ymp\u00e4rist\u00f6yst\u00e4v\u00e4llisemm\u00e4n valaistusratkaisun py\u00f6r\u00e4ilij\u00f6ille.<\/p>\n<p><\/p>\n<h2 style=\"font-family:&quot;Microsoft YaHei&quot;;font-size:14px;letter-spacing:normal;text-align:start;white-space:normal;color:rgb(0, 0, 0);margin:10px 0px;margin-bottom:10px;margin-top:10px;margin-left:0px;margin-right:0px;padding:0px;padding-bottom:0px;padding-top:0px;padding-left:0px;padding-right:0px\" align=\"start\">Tekniset tiedot<\/h2>\n<p><\/p>\n<table style=\"border-collapse:collapse;font-family:&quot;Microsoft YaHei&quot;\" border=\"1\" cellpadding=\"8\">\n<tbody>\n<tr>\n<td style=\"width:98px\" width=\"98\">\n<p>Yleist\u00e4<\/p>\n<\/td>\n<td style=\"width:458px\" width=\"458\">\n<p>Merkki: Eleglide<br \/>Malli: C1, C1 ST<br \/>V\u00e4ri: Sininen<\/p>\n<\/td>\n<\/tr>\n<tr>\n<td style=\"width:98px\" width=\"98\">\n<p>Perustiedot<\/p>\n<\/td>\n<td style=\"width:458px\" width=\"458\">\n<p>Nettopaino: 25,5 kg<br \/>Koko avattuna: 1840x660x1170 mm<br \/>Kehyksen koko: 27,5&quot; x 19&quot;<br \/>Ohjaustangon pituus: 660 mm (26&quot;, ilman kahvojen suojuksia), 680 mm (26,8&quot;, kahvojen suojuksilla)<br \/>Satulan korkeus (maasta): 86,5\u2013102,2 cm<br \/>Suositeltu kuljettajan pituus: 170\u2013200 cm (noin 170\u2013180 cm)<br \/>Py\u00f6r\u00e4n maksimikuorma: 120 kg<br \/>Katkaisunopeus: 25 km\/h<br \/>Maksimikantama: 150 km (avustustila)<br \/>Poljinavustustasot: 12\/15\/18\/21\/25 km\/h<br \/>K\u00e4velytila: 6 km\/h<br \/>Vedenpit\u00e4vyystaso: IPX5<br \/>Materiaali: Alumiiniseos (AL6061)<br \/>Jarruj\u00e4rjestelm\u00e4: Hydrauliset levyjarrut ja virrankatkaisutoiminto<br \/>Jousitus: Hydraulinen jousitus lukituksella<\/p>\n<\/td>\n<\/tr>\n<tr>\n<td style=\"width:98px\" width=\"98\">\n<p>Moottori<\/p>\n<\/td>\n<td style=\"width:458px\" width=\"458\">\n<p>Tyyppi: Keskivetomoottori<br \/>Nimellisj\u00e4nnite: 36V<br \/>Hetkellinen maksimiteho: 432 W<br \/>Maksimikierrosluku: 114<br \/>Suurin l\u00e4ht\u00f6momentti: 70 Nm<\/p>\n<\/td>\n<\/tr>\n<tr>\n<td style=\"width:98px\" width=\"98\">\n<p>Vaihtaja<\/p>\n<\/td>\n<td style=\"width:458px\" width=\"458\">\n<p>Merkki: Shimano<br \/>Vaihteiden lukum\u00e4\u00e4r\u00e4: 7 (takana)<\/p>\n<\/td>\n<\/tr>\n<tr>\n<td style=\"width:98px\" width=\"98\">\n<p>Akku<\/p>\n<\/td>\n<td style=\"width:458px\" width=\"458\">\n<p>Kapasiteetti: 14,5 Ah<br \/>J\u00e4nnite: 36V<br \/>Latausaika: 7,5 tuntia<br \/>Tehokapasiteetti: 522 Wh<br \/>Suojausj\u00e4rjestelm\u00e4: Kyll\u00e4<\/p>\n<\/td>\n<\/tr>\n<tr>\n<td style=\"width:98px\" width=\"98\">\n<p>Laturi<\/p>\n<\/td>\n<td style=\"width:458px\" width=\"458\">\n<p>Tulo: 100\u2013240 V, \u22641,8 A<br \/>L\u00e4ht\u00f6: 42 V, 2 A<\/p>\n<\/td>\n<\/tr>\n<tr>\n<td style=\"width:98px\" width=\"98\">\n<p>Renkaat<\/p>\n<\/td>\n<td style=\"width:458px\" width=\"458\">\n<p>Merkki: CST<br \/>Koko: 27,5&quot; x 2,25&quot;<br \/>Tyyppi: Pneumaattiset kumirenkaat<br \/>Rengaspaine: 40-70PSI\u00a0<br \/>Paras rengaspaine: 55\u201360 PSI<\/p>\n<\/td>\n<\/tr>\n<tr>\n<td style=\"width:98px\" width=\"98\">\n<p>N\u00e4ytt\u00f6<\/p>\n<\/td>\n<td style=\"width:458px\" width=\"458\">\n<p>Koko: 1,8&quot;<br \/>Tyyppi: LCD-n\u00e4ytt\u00f6<br \/>Tiedot: Nopeus, Akun varaustaso, Matkamittari, Avustustaso, K\u00e4velytila, Valomerkki, Jarrutusmerkki<br \/>Toiminnot: Virran kytkeminen p\u00e4\u00e4lle\/pois, valon kytkeminen p\u00e4\u00e4lle\/pois, avustustasojen vaihtaminen, k\u00e4velytilan aktivointi, matkatietojen poistaminen, n\u00e4yt\u00f6n aikakatkaisun asettaminen jne.<\/p>\n<\/td>\n<\/tr>\n<tr>\n<td style=\"width:98px\" width=\"98\">\n<p>Paketti<\/p>\n<\/td>\n<td style=\"width:458px\" width=\"458\">\n<p>Koko: 1590x250x800 mm<br \/>Kokonaispaino: 30 kg<\/p>\n<\/td>\n<\/tr>\n<tr>\n<td style=\"width:98px\" width=\"98\">\n<p>Pakettiluettelo<\/p>\n<\/td>\n<td style=\"width:458px\" width=\"458\">\n<p>1 x s\u00e4hk\u00f6py\u00f6r\u00e4 1 x k\u00e4ytt\u00f6ohje<br \/>1 x Laturi 2 x Poljin (Vasen ja Oikea)<br \/>1 x Takavalo 4 x Pinnaheijastin<br \/>1 x ajovalo 1 x satula<br \/>1 x LCD-n\u00e4ytt\u00f6 2 x n\u00e4pp\u00e4in<br \/>1 x ty\u00f6kalusarja<\/p>\n<\/td>\n<\/tr>\n<tr>\n<td style=\"width:556px\" width=\"556\" colspan=\"2\">\n<p>Huomautus: Suurin kantama saavutetaan seuraavissa olosuhteissa: 75 kg:n kuorma, 26 \u2103:n l\u00e4mp\u00f6tila, 15 km\/h tasainen nopeus, tasaisella tiell\u00e4 ilman voimakasta tuulta.<\/p>\n<\/td>\n<\/tr>\n<\/tbody>\n<\/table>\n<p><img decoding=\"async\" src=\"https:\/\/ae01.alicdn.com\/kf\/Sa72b7df8047a4e3092fb426e8cd7b35bf.jpeg\" slate-data-type=\"image\"\/><img decoding=\"async\" src=\"https:\/\/ae01.alicdn.com\/kf\/Sfc8e54d455e64a12a078ce2bf264128f9.jpeg\" slate-data-type=\"image\"\/><img decoding=\"async\" src=\"https:\/\/ae01.alicdn.com\/kf\/Sccb04e8e7b27411db63c158cc6b6118bQ.jpeg\" slate-data-type=\"image\"\/><img decoding=\"async\" src=\"https:\/\/ae01.alicdn.com\/kf\/S69cfafd31ee140468ae93a0915796541Q.jpeg\" slate-data-type=\"image\"\/><img decoding=\"async\" src=\"https:\/\/ae01.alicdn.com\/kf\/Sefd98842256e4fe0915a9c77a5f8b497G.jpeg\" slate-data-type=\"image\"\/><img decoding=\"async\" src=\"https:\/\/ae01.alicdn.com\/kf\/S2ac5afee914a441eb50da2f224d55354Y.jpeg\" slate-data-type=\"image\"\/><img decoding=\"async\" src=\"https:\/\/ae01.alicdn.com\/kf\/S0f6c2b943b3c4dd283fc0172108dea97k.jpeg\" slate-data-type=\"image\"\/><img decoding=\"async\" src=\"https:\/\/ae01.alicdn.com\/kf\/S9c3e7819ba3f4a528b1a705f08f3b570p.jpeg\" slate-data-type=\"image\"\/><img decoding=\"async\" src=\"https:\/\/ae01.alicdn.com\/kf\/S1ab11ecd6e15417a998be932eb16c65cD.jpeg\" slate-data-type=\"image\"\/><img decoding=\"async\" src=\"https:\/\/ae01.alicdn.com\/kf\/S4fded29516e1435f828a510e1d6ec3e8w.jpeg\" slate-data-type=\"image\"\/><img decoding=\"async\" src=\"https:\/\/ae01.alicdn.com\/kf\/S9087bdc3dc3f4bdea4e8bdec4b011129J.jpeg\" slate-data-type=\"image\"\/><img decoding=\"async\" src=\"https:\/\/ae01.alicdn.com\/kf\/S616c60114d0f4b36bdd5e91bbdc82afex.jpeg\" slate-data-type=\"image\"\/><img decoding=\"async\" src=\"https:\/\/ae01.alicdn.com\/kf\/Sa8d8508ca02446a6bf11510fd5ec417ef.jpeg\" slate-data-type=\"image\"\/><img decoding=\"async\" src=\"https:\/\/ae01.alicdn.com\/kf\/Seb20199599334db68e8816da9a67d402c.jpeg\" slate-data-type=\"image\"\/><img decoding=\"async\" src=\"https:\/\/ae01.alicdn.com\/kf\/Sf21826452b5e4a19bdd8cd5171caa139i.jpeg\" slate-data-type=\"image\"\/><img decoding=\"async\" src=\"https:\/\/ae01.alicdn.com\/kf\/S91b676420049452d855855b3d8a7b3327.jpeg\" slate-data-type=\"image\"\/><\/p>","protected":false},"excerpt":{"rendered":"<p>Bike Suspension Types:&nbsp;Sturdy Braking System:&nbsp;Front and Rear Mechanical Disc Brake Wheel Size:&nbsp;27.5&#039;&#039; Brand:&nbsp;Eleglide Net Weight:&nbsp;5.5kg Size of Frame:&nbsp;27.5&quot; x 19&quot; Max Load of Bike:&nbsp;120kg Cut-off Speed:&nbsp;25km\/h Max Range:&nbsp;150km (Assist Mode)<\/p>","protected":false},"featured_media":21591,"comment_status":"open","ping_status":"closed","template":"","meta":{"_acf_changed":false},"product_brand":[],"product_cat":[230],"product_tag":[],"class_list":{"0":"post-21590","1":"product","2":"type-product","3":"status-publish","4":"has-post-thumbnail","6":"product_cat-bikes","8":"first","9":"instock","10":"shipping-taxable","11":"purchasable","12":"product-type-variable"},"acf":[],"_links":{"self":[{"href":"https:\/\/electricstore.eu\/fi\/wp-json\/wp\/v2\/product\/21590","targetHints":{"allow":["GET"]}}],"collection":[{"href":"https:\/\/electricstore.eu\/fi\/wp-json\/wp\/v2\/product"}],"about":[{"href":"https:\/\/electricstore.eu\/fi\/wp-json\/wp\/v2\/types\/product"}],"replies":[{"embeddable":true,"href":"https:\/\/electricstore.eu\/fi\/wp-json\/wp\/v2\/comments?post=21590"}],"wp:featuredmedia":[{"embeddable":true,"href":"https:\/\/electricstore.eu\/fi\/wp-json\/wp\/v2\/media\/21591"}],"wp:attachment":[{"href":"https:\/\/electricstore.eu\/fi\/wp-json\/wp\/v2\/media?parent=21590"}],"wp:term":[{"taxonomy":"product_brand","embeddable":true,"href":"https:\/\/electricstore.eu\/fi\/wp-json\/wp\/v2\/product_brand?post=21590"},{"taxonomy":"product_cat","embeddable":true,"href":"https:\/\/electricstore.eu\/fi\/wp-json\/wp\/v2\/product_cat?post=21590"},{"taxonomy":"product_tag","embeddable":true,"href":"https:\/\/electricstore.eu\/fi\/wp-json\/wp\/v2\/product_tag?post=21590"}],"curies":[{"name":"wp","href":"https:\/\/api.w.org\/{rel}","templated":true}]}}