{"id":21560,"date":"2025-05-20T18:19:54","date_gmt":"2025-05-20T18:19:54","guid":{"rendered":"https:\/\/electricstore.eu\/p\/uncategorized\/touroll-b2-26-electric-bike-25km-h-250w-50nm-torque-36v-15-6ah-100km-range-7-speed-shimano-gear-electric-bicycles\/"},"modified":"2025-05-20T18:19:55","modified_gmt":"2025-05-20T18:19:55","slug":"touroll-b2-26-electric-bike-25km-h-250w-50nm-torque-36v-15-6ah-100km-range-7-speed-shimano-gear-electric-bicycles","status":"publish","type":"product","link":"https:\/\/electricstore.eu\/fi\/p\/bikes\/touroll-b2-26-electric-bike-25km-h-250w-50nm-torque-36v-15-6ah-100km-range-7-speed-shimano-gear-electric-bicycles\/","title":{"rendered":"Touroll B2 26\u2033 s\u00e4hk\u00f6py\u00f6r\u00e4 25 km\/h 250 W 50 Nm v\u00e4\u00e4nt\u00f6momentti 36 V 15,6 Ah 100 km toimintas\u00e4de 7-vaihteinen Shimano-vaihteinen s\u00e4hk\u00f6py\u00f6r\u00e4"},"content":{"rendered":"<div class=\"product-specs-list-container\">\n<ul class=\"product-specs-list util-clearfix\">\n<li class=\"product-prop line-limit-length\"><span\n                                        class=\"property-title\">Polkupy\u00f6r\u00e4n jousituksen tyypit:&nbsp;<\/span><span\n                                        class=\"property-desc line-limit-length\">Tukeva<\/span>\n                            <\/li>\n<li class=\"product-prop line-limit-length\"><span\n                                        class=\"property-title\">Jarrutusj\u00e4rjestelm\u00e4:&nbsp;<\/span><span\n                                        class=\"property-desc line-limit-length\">Mekaaninen levyjarru edess\u00e4 ja takana<\/span>\n                            <\/li>\n<li class=\"product-prop line-limit-length\"><span\n                                        class=\"property-title\">Renkaan koko:&nbsp;<\/span><span\n                                        class=\"property-desc line-limit-length\">26&quot;<\/span>\n                            <\/li>\n<li class=\"product-prop line-limit-length\"><span\n                                        class=\"property-title\">Merkki:&nbsp;<\/span><span\n                                        class=\"property-desc line-limit-length\">Touroll<\/span>\n                            <\/li>\n<li class=\"product-prop line-limit-length\"><span\n                                        class=\"property-title\">Malli:&nbsp;<\/span><span\n                                        class=\"property-desc line-limit-length\">B2<\/span>\n                            <\/li>\n<li class=\"product-prop line-limit-length\"><span\n                                        class=\"property-title\">Kehyksen koko:&nbsp;<\/span><span\n                                        class=\"property-desc line-limit-length\">26&quot;x16&quot;<\/span>\n                            <\/li>\n<li class=\"product-prop line-limit-length\"><span\n                                        class=\"property-title\">Luode:&nbsp;<\/span><span\n                                        class=\"property-desc line-limit-length\">26,7 kg<\/span>\n                            <\/li>\n<li class=\"product-prop line-limit-length\"><span\n                                        class=\"property-title\">Katkaisunopeus:&nbsp;<\/span><span\n                                        class=\"property-desc line-limit-length\">25 km\/h<\/span>\n                            <\/li>\n<li class=\"product-prop line-limit-length\"><span\n                                        class=\"property-title\">Suurin kantama:&nbsp;<\/span><span\n                                        class=\"property-desc line-limit-length\">100 km (avustustila)<\/span>\n                            <\/li>\n<li class=\"product-prop line-limit-length\"><span\n                                        class=\"property-title\">Nimellisteho\/j\u00e4nnite:&nbsp;<\/span><span\n                                        class=\"property-desc line-limit-length\">250 W \/ 36 V<\/span>\n                            <\/li>\n<li class=\"product-prop line-limit-length\"><span\n                                        class=\"property-title\">Latausaika:&nbsp;<\/span><span\n                                        class=\"property-desc line-limit-length\">7\u20138 tuntia<\/span>\n                            <\/li>\n<\/ul><\/div>\n<p><span style=\"font-size:x-large\">Kohokohdat<\/span><\/p>\n<p><\/p>\n<p style=\"font-family:&quot;Noto Sans SC&quot;;font-size:medium;font-weight:400;letter-spacing:normal;text-align:start;white-space:normal;color:rgb(0, 0, 0)\" align=\"start\">Ajatonta eleganssia ja ergonomista mukavuutta<br \/>Touroll B2 -s\u00e4hk\u00f6py\u00f6r\u00e4ss\u00e4 on kauniisti muotoiltu retrotyylinen l\u00e4pimenorunko, joka on suunniteltu t\u00e4ydent\u00e4m\u00e4\u00e4n naisten eleganttia ja mukavaa ajoasentoa. Sen siro siluetti, joka on saatavilla hienostuneissa v\u00e4rivaihtoehdoissa, yhdist\u00e4\u00e4 klassisen estetiikan ergonomiseen tehokkuuteen varmistaen sujuvan ja rentouttavan ajokokemuksen. S\u00e4\u00e4dett\u00e4v\u00e4 ohjaustanko ja istuinkorkeus mahdollistavat kuljettajien mukauttamisen istuvuuteen, kun taas matala runko tekee py\u00f6r\u00e4\u00e4n noususta ja siit\u00e4 poistumisesta vaivatonta \u2013 ihanteellinen niin p\u00e4ivitt\u00e4isiin ty\u00f6matkoihin kuin vapaa-ajan ajeluihinkin.<\/p>\n<p>Turvallisuus ensin -jarrutusj\u00e4rjestelm\u00e4<br \/>Moottorin katkaisulla varustetuilla mekaanisilla levyjarruilla varustettu Touroll B2 pys\u00e4ytt\u00e4\u00e4 voiman v\u00e4litt\u00f6m\u00e4sti jarrutuksen yhteydess\u00e4, mik\u00e4 takaa nopeat ja hallitut pys\u00e4hdykset jopa m\u00e4iss\u00e4. T\u00e4m\u00e4 turvallisuutta korostava jarrutusj\u00e4rjestelm\u00e4 parantaa kuljettajan itseluottamusta erityisesti kaupunkiliikenteess\u00e4 varmistaen paremman vakauden ja hallinnan.<\/p>\n<p>Pitk\u00e4n kantaman irrotettava akku<br \/>36 V:n 15,6 Ah:n (561,6 Wh) akulla varustettu B2-s\u00e4hk\u00f6py\u00f6r\u00e4 tarjoaa vaikuttavan yli 100 km:n toimintas\u00e4teen yhdell\u00e4 latauksella, joten se sopii t\u00e4ydellisesti p\u00e4ivitt\u00e4isiin ty\u00f6matkoihin, kaupunkipy\u00f6r\u00e4ilyyn ja viikonloppumatkoihin. Irrotettava akku mahdollistaa vaivattoman lataamisen kotona tai toimistolla, mik\u00e4 takaa maksimaalisen mukavuuden kuljettajille.<\/p>\n<p>Adaptiivinen teho ja sujuva hallinta<br \/>250 W:n takanapamoottori ja 50 Nm:n v\u00e4\u00e4nt\u00f6momentti yhdistettyn\u00e4 12-magneettiseen poljinnopeusanturiin tarjoavat saumattoman poljinavustuksen ja reagoivat tasaisesti jokaiseen iskuun. Valloita vaivattomasti nousut ja kruisaile kaupungin kaduilla jopa 25 km\/h nopeudella varmistaen tehokkaan mutta luonnollisen ajokokemuksen.<\/p>\n<p>Shimanon 7-vaihteinen vaihdej\u00e4rjestelm\u00e4<br \/>Selviydy vaihtelevissa maastoissa tarkasti Shimanon 7-vaihteisen voimansiirron avulla. Olitpa sitten nousemassa m\u00e4ke\u00e4 yl\u00f6s tai kiihdytt\u00e4m\u00e4ss\u00e4 tasaisilla teill\u00e4, t\u00e4m\u00e4 luotettava vaihdej\u00e4rjestelm\u00e4 varmistaa sujuvan ja energiatehokkaan vaihtamisen mukautuen helposti haluamaasi ajovauhtiin.<\/p>\n<p>K\u00e4ytt\u00e4j\u00e4yst\u00e4v\u00e4lliset ominaisuudet<br \/>Paremman n\u00e4kyvyyden takaamiseksi etu- ja takavalot t\u00e4ytt\u00e4v\u00e4t EU:n StVZO-sertifioinnin, mik\u00e4 tekee y\u00f6ajoista turvallisempia. Intuitiivinen LED-n\u00e4ytt\u00f6 tarjoaa helpon hallinnan kolmella poljinavustustasolla, mik\u00e4 tekee siit\u00e4 aloittelijayst\u00e4v\u00e4llisen ja tarjoaa monipuolisuutta kokeneille ajajille. Tukeva takatavarateline lis\u00e4\u00e4 k\u00e4yt\u00e4nn\u00f6llisyytt\u00e4 ja sopii erinomaisesti p\u00e4ivitt\u00e4istavaroiden, laukkujen tai henkil\u00f6kohtaisten tavaroiden kuljettamiseen \u2013 t\u00e4ydellinen ty\u00f6matkoille, asioiden hoitamiseen ja vapaa-ajan py\u00f6r\u00e4ilyyn.<\/p>\n<p><\/p>\n<h2 style=\"font-family:&quot;Noto Sans SC&quot;;font-size:14px;letter-spacing:normal;text-align:start;white-space:normal;color:rgb(0, 0, 0);margin:10px 0px;margin-bottom:10px;margin-top:10px;margin-left:0px;margin-right:0px;padding:0px;padding-bottom:0px;padding-top:0px;padding-left:0px;padding-right:0px\" align=\"start\">Tekniset tiedot<\/h2>\n<p><\/p>\n<table style=\"border-collapse:collapse;font-family:&quot;Noto Sans SC&quot;\" border=\"1\" cellpadding=\"8\">\n<tbody>\n<tr>\n<td style=\"width:28.2%\" width=\"28.2000%\">\n<p>Yleist\u00e4<\/p>\n<\/td>\n<td style=\"width:71.78%\" width=\"71.7800%\">\n<p>Merkki: Touroll<br \/>Malli: B2<br \/>V\u00e4ri: Vihre\u00e4<\/p>\n<\/td>\n<\/tr>\n<tr>\n<td style=\"width:28.2%\" width=\"28.2000%\">\n<p>Perustiedot<\/p>\n<\/td>\n<td style=\"width:71.78%\" width=\"71.7800%\">\n<p>Kehyksen koko: 26&quot; x 16&quot;<br \/>Koko avattuna: 1910x670x1130 mm<br \/>Ohjaustangon leveys: 670 mm (26,4&quot;)<br \/>Luoteispaino: 26,7 kg<br \/>Vedenpit\u00e4vyystaso: IPX4<br \/>Katkaisunopeus: 25 km\/h<br \/>Maksimikantama: 100 km (avustustila)<br \/>Avustustilan nopeustasot: 15\/20\/25 km\/h (taso 1\u20133)<br \/>Rungon materiaali: STL<br \/>Suositeltu kuljettajan pituus: 160\u2013195 cm (5&#039;3&quot; \u2013 6&#039;5&quot;)<\/p>\n<\/td>\n<\/tr>\n<tr>\n<td style=\"width:28.2%\" width=\"28.2000%\">\n<p>Moottori<\/p>\n<\/td>\n<td style=\"width:71.78%\" width=\"71.7800%\">\n<p>Nimellisteho\/j\u00e4nnite: 250 W \/ 36 V<br \/>Suurin l\u00e4ht\u00f6momentti: 50 Nm<\/p>\n<\/td>\n<\/tr>\n<tr>\n<td style=\"width:28.2%\" width=\"28.2000%\">\n<p>Vaihtaja<\/p>\n<\/td>\n<td style=\"width:71.78%\" width=\"71.7800%\">\n<p>Merkki: Shimano<br \/>Vaihteiden m\u00e4\u00e4r\u00e4: 7 (takana)<\/p>\n<\/td>\n<\/tr>\n<tr>\n<td style=\"width:28.2%\" width=\"28.2000%\">\n<p>Akku<\/p>\n<\/td>\n<td style=\"width:71.78%\" width=\"71.7800%\">\n<p>Kapasiteetti\/J\u00e4nnite: 15,6 Ah\/36 V<br \/>Tehokapasiteetti: 561,6 Wh<br \/>Latausaika: 7-8 tuntia<br \/>Suojausj\u00e4rjestelm\u00e4: Kyll\u00e4<\/p>\n<\/td>\n<\/tr>\n<tr>\n<td style=\"width:28.2%\" width=\"28.2000%\">\n<p>Laturi<\/p>\n<\/td>\n<td style=\"width:71.78%\" width=\"71.7800%\">\n<p>Tuloj\u00e4nnite: 100\u2013240 V<br \/>Tulovirta: 2,0 A (maks.)<br \/>L\u00e4ht\u00f6j\u00e4nnite: 42V<br \/>L\u00e4ht\u00f6virta: 2,0 A, 84 W<\/p>\n<\/td>\n<\/tr>\n<tr>\n<td style=\"width:28.2%\" width=\"28.2000%\">\n<p>Jarru<\/p>\n<\/td>\n<td style=\"width:71.78%\" width=\"71.7800%\">\n<p>Tyyppi: Mekaaninen levyjarru ja s\u00e4hk\u00f6jarru<\/p>\n<\/td>\n<\/tr>\n<tr>\n<td style=\"width:28.2%\" width=\"28.2000%\">\n<p>Jarrulevy<\/p>\n<\/td>\n<td style=\"width:71.78%\" width=\"71.7800%\">\n<p>Ulkohalkaisija: 160 mm (6,3 tuumaa)<br \/>Paksuus: 1,8 mm<br \/>Ohjaus: EU:ssa jarrutetaan etupy\u00f6r\u00e4\u00e4 vasemmalla ja takapy\u00f6r\u00e4\u00e4 oikealla k\u00e4dell\u00e4;<br \/>Jarruta etupy\u00f6r\u00e4\u00e4 oikealla k\u00e4dell\u00e4 ja takapy\u00f6r\u00e4\u00e4 vasemmalla k\u00e4dell\u00e4 Isossa-Britanniassa;<\/p>\n<\/td>\n<\/tr>\n<tr>\n<td style=\"width:28.2%\" width=\"28.2000%\">\n<p>Renkaat<\/p>\n<\/td>\n<td style=\"width:71.78%\" width=\"71.7800%\">\n<p>Koko: 66 cm x 6,7 cm<br \/>Tyyppi\/materiaali: Pneumaattiset kumirenkaat<br \/>Rengaspaine: 30\u201345 PSI<br \/>Paras rengaspaine: 35\u201340 PSI<\/p>\n<\/td>\n<\/tr>\n<tr>\n<td style=\"width:28.2%\" width=\"28.2000%\">\n<p>Instrumentti<\/p>\n<\/td>\n<td style=\"width:71.78%\" width=\"71.7800%\">\n<p>Tyyppi: LED<\/p>\n<\/td>\n<\/tr>\n<tr>\n<td style=\"width:28.2%\" width=\"28.2000%\">\n<p>Paketti<\/p>\n<\/td>\n<td style=\"width:71.78%\" width=\"71.7800%\">\n<p>Koko: 162 x 25 x 83 cm<br \/>Kokonaispaino: 33,7 kg<\/p>\n<\/td>\n<\/tr>\n<tr>\n<td style=\"width:28.2%\" width=\"28.2000%\">\n<p>Pakettiluettelo<\/p>\n<\/td>\n<td style=\"width:71.78%\" width=\"71.7800%\">\n<p>1 x Touroll-polkupy\u00f6r\u00e4<br \/>2 x poljinta (vasen ja oikea)<br \/>2 x pinnaheijastin<br \/>1 k\u00e4ytt\u00f6ohje<br \/>1 x ty\u00f6kalusarja<br \/>1 x Laturi<br \/>2 x avainta<br \/>1 x Ajovalo<br \/>1 x Takateline takavalolla<br \/>2 x Lokasuoja (edess\u00e4 ja takana)<br \/>1 x Instrumentti<\/p>\n<\/td>\n<\/tr>\n<tr>\n<td style=\"width:100%\" width=\"100.0000%\" colspan=\"2\">\n<p>Huomautus: Suurin kantama saavutetaan seuraavissa olosuhteissa: 75 kg:n kuorma, 26 \u2103:n l\u00e4mp\u00f6tila, 15 km\/h tasainen nopeus, tasaisella tiell\u00e4 ilman voimakasta tuulta.<\/p>\n<\/td>\n<\/tr>\n<\/tbody>\n<\/table>\n<h2 style=\"font-family:&quot;Noto Sans SC&quot;;font-size:14px;letter-spacing:normal;text-align:start;white-space:normal;color:rgb(0, 0, 0);margin:10px 0px;margin-bottom:10px;margin-top:10px;margin-left:0px;margin-right:0px;padding:0px;padding-bottom:0px;padding-top:0px;padding-left:0px;padding-right:0px\" align=\"start\"><img decoding=\"async\" src=\"https:\/\/ae01.alicdn.com\/kf\/S3ee568f643054a6bbe40a3f4348fe325p.jpeg\" slate-data-type=\"image\"\/><img decoding=\"async\" src=\"https:\/\/ae01.alicdn.com\/kf\/S433b62c588f94390bef74ac339c31235G.jpeg\" slate-data-type=\"image\"\/><img decoding=\"async\" src=\"https:\/\/ae01.alicdn.com\/kf\/Sc0899f5c9e8f4c32ae381251f377372cE.jpeg\" slate-data-type=\"image\"\/><img decoding=\"async\" src=\"https:\/\/ae01.alicdn.com\/kf\/Sf9e796c6828e4e0cb08ee5ac5af4b72a2.jpeg\" slate-data-type=\"image\"\/><img decoding=\"async\" src=\"https:\/\/ae01.alicdn.com\/kf\/S0aac1681357145648a5b9f41adb134446.jpeg\" slate-data-type=\"image\"\/><img decoding=\"async\" src=\"https:\/\/ae01.alicdn.com\/kf\/S3cf0047595e34953ae36d6b1d788a232F.jpeg\" slate-data-type=\"image\"\/><img decoding=\"async\" src=\"https:\/\/ae01.alicdn.com\/kf\/Sd5de5118332f4281a4a5c8c2443b76784.jpeg\" slate-data-type=\"image\"\/><img decoding=\"async\" src=\"https:\/\/ae01.alicdn.com\/kf\/S3b0371a61293443baa2db52d61e707bdg.jpeg\" slate-data-type=\"image\"\/><img decoding=\"async\" src=\"https:\/\/ae01.alicdn.com\/kf\/S5ea4a5f7a8184a44bb9937ffdd97d1beP.jpeg\" slate-data-type=\"image\"\/><img decoding=\"async\" src=\"https:\/\/ae01.alicdn.com\/kf\/S26d05ae144114d139bc1c13f929a4841L.jpeg\" slate-data-type=\"image\"\/><img decoding=\"async\" src=\"https:\/\/ae01.alicdn.com\/kf\/Sef807152e473437c857ca8051ea0d1a2V.jpeg\" slate-data-type=\"image\"\/><img decoding=\"async\" src=\"https:\/\/ae01.alicdn.com\/kf\/Sf7857045bf244e9f8d275a08a4233331l.jpeg\" slate-data-type=\"image\"\/><img decoding=\"async\" src=\"https:\/\/ae01.alicdn.com\/kf\/S180970779a404a65b342f1f22fa68763n.jpeg\" slate-data-type=\"image\"\/><img decoding=\"async\" src=\"https:\/\/ae01.alicdn.com\/kf\/S179960f8e3014750ac0a7f6f3ddaff5bg.jpeg\" slate-data-type=\"image\"\/><img decoding=\"async\" src=\"https:\/\/ae01.alicdn.com\/kf\/S736bb79c042d4d0aa34cb31f01c2d7f8Z.jpeg\" slate-data-type=\"image\"\/><img decoding=\"async\" src=\"https:\/\/ae01.alicdn.com\/kf\/S7ec4d9d924eb4479b1a51d2d624c35cfi.jpeg\" slate-data-type=\"image\"\/><br \/><\/h2>\n<p><\/p>","protected":false},"excerpt":{"rendered":"<p>Bike Suspension Types:&nbsp;Sturdy Braking System:&nbsp;Front and Rear Mechanical Disc Brake Wheel Size:&nbsp;26&quot; Brand:&nbsp;Touroll Model:&nbsp;B2 Size of Frame:&nbsp;26&quot;x16&quot; N.W.:&nbsp;26.7kg Cut-off Speed:&nbsp;25km\/h Max Range:&nbsp;100km (Assist Mode) Rated Power\/Voltage:&nbsp;250W \/ 36V Charging Time:&nbsp;7-8h<\/p>","protected":false},"featured_media":21561,"comment_status":"open","ping_status":"closed","template":"","meta":{"_acf_changed":false},"product_brand":[],"product_cat":[230],"product_tag":[],"class_list":{"0":"post-21560","1":"product","2":"type-product","3":"status-publish","4":"has-post-thumbnail","6":"product_cat-bikes","8":"first","9":"instock","10":"shipping-taxable","11":"purchasable","12":"product-type-simple"},"acf":[],"_links":{"self":[{"href":"https:\/\/electricstore.eu\/fi\/wp-json\/wp\/v2\/product\/21560","targetHints":{"allow":["GET"]}}],"collection":[{"href":"https:\/\/electricstore.eu\/fi\/wp-json\/wp\/v2\/product"}],"about":[{"href":"https:\/\/electricstore.eu\/fi\/wp-json\/wp\/v2\/types\/product"}],"replies":[{"embeddable":true,"href":"https:\/\/electricstore.eu\/fi\/wp-json\/wp\/v2\/comments?post=21560"}],"wp:featuredmedia":[{"embeddable":true,"href":"https:\/\/electricstore.eu\/fi\/wp-json\/wp\/v2\/media\/21561"}],"wp:attachment":[{"href":"https:\/\/electricstore.eu\/fi\/wp-json\/wp\/v2\/media?parent=21560"}],"wp:term":[{"taxonomy":"product_brand","embeddable":true,"href":"https:\/\/electricstore.eu\/fi\/wp-json\/wp\/v2\/product_brand?post=21560"},{"taxonomy":"product_cat","embeddable":true,"href":"https:\/\/electricstore.eu\/fi\/wp-json\/wp\/v2\/product_cat?post=21560"},{"taxonomy":"product_tag","embeddable":true,"href":"https:\/\/electricstore.eu\/fi\/wp-json\/wp\/v2\/product_tag?post=21560"}],"curies":[{"name":"wp","href":"https:\/\/api.w.org\/{rel}","templated":true}]}}