{"id":9256,"date":"2025-05-20T17:46:17","date_gmt":"2025-05-20T17:46:17","guid":{"rendered":"https:\/\/electricstore.eu\/p\/uncategorized\/cloudenergy-cl48-150a-48v-150ah-cabinet-type-lithium-lifepo4-deep-cycle-battery-pack-7680wh-energy-6000-life-cycles-80-dod\/"},"modified":"2025-05-20T17:46:55","modified_gmt":"2025-05-20T17:46:55","slug":"cloudenergy-cl48-150a-48v-150ah-cabinet-type-lithium-lifepo4-deep-cycle-battery-pack-7680wh-energy-6000-life-cycles-80-dod","status":"publish","type":"product","link":"https:\/\/electricstore.eu\/et\/p\/batteries\/portable-power-stations\/cloudenergy-cl48-150a-48v-150ah-cabinet-type-lithium-lifepo4-deep-cycle-battery-pack-7680wh-energy-6000-life-cycles-80-dod\/","title":{"rendered":"Cloudenergy CL48-150A 48V 150Ah kapis paiknev liitium-LiFePO4 s\u00fcvats\u00fckkelaku, 7680Wh energiat, \u00fcle 6000 eluts\u00fckli ja 80% DOD"},"content":{"rendered":"<div class=\"detailmodule_dynamic\"><kse:widget data-widget-type=\"customText\" id=\"1005000009406803\" type=\"relation\"><\/kse:widget><\/div>\n<div class=\"detailmodule_html\">\n<div class=\"detail-desc-decorate-richtext\">\n<p><\/p>\n<div style=\"background-color:rgb(240, 234, 255);margin:20px 0px 10px;margin-bottom:10px;margin-top:20px;margin-left:0px;margin-right:0px;width:100%;height:34px\"><span style=\"background-color:rgb(55, 139, 238);color:rgb(255, 255, 255);font-size:24px;font-family:Verdana, Arial\">T\u00e4hts\u00fcndmused<\/span><\/div>\n<div class=\"detailmodule_text\">\n<p><strong><span style=\"font-size:16px;font-family:arial, helvetica, sans-serif\">Rahuldage kodu energiavajadus<\/span><\/strong><\/p>\n<p style=\"font-family:&quot;Microsoft YaHei&quot;;font-size:medium;font-weight:400;letter-spacing:normal;text-align:start;white-space:normal;color:rgb(0, 0, 0)\" align=\"start\"><span style=\"font-size:16px;font-family:arial, helvetica, sans-serif\">Cloudenergy 48V 150Ah LiFePO4 s\u00fcgavts\u00fckliga akupakett sobib ideaalselt elamute energiasalvestuss\u00fcsteemide ja p\u00e4ikeseenergia salvestamiseks. See suudab rahuldada enamiku kodumajapidamiste ja kontorite koormusi, sealhulgas k\u00fclmikud, lambid, telerid, ventilaatorid, kliimaseadmed ja muud koormused.<\/span><\/p>\n<div><\/div>\n<p style=\"font-family:&quot;Microsoft YaHei&quot;;letter-spacing:normal;text-align:start;white-space:normal;color:rgb(0, 0, 0)\" align=\"start\"><strong><span style=\"font-size:16px;font-family:arial, helvetica, sans-serif\">6000+ s\u00fcvats\u00fcklit ja 80% DOD<\/span><\/strong><\/p>\n<p style=\"font-family:&quot;Microsoft YaHei&quot;;font-size:medium;font-weight:400;letter-spacing:normal;text-align:start;white-space:normal;color:rgb(0, 0, 0)\" align=\"start\"><span style=\"font-size:16px;font-family:arial, helvetica, sans-serif\">See LiFePO4 aku pakub \u00fcle 6000 s\u00fcvalaadimists\u00fckli, v\u00f5rreldes traditsiooniliste pliiakudega, mis on vaid umbes 300\u2013600 ts\u00fcklit, mis pikendab aku eluiga enam kui 10 korda. 6000+ s\u00fcvalaadimists\u00fcklit ja 80% t\u00fchjenemiss\u00fcgavus on samuti paremad kui paljudel teiste kaubam\u00e4rkide LiFePO4 akudel.<\/span><\/p>\n<div><\/div>\n<p style=\"font-family:&quot;Microsoft YaHei&quot;;letter-spacing:normal;text-align:start;white-space:normal;color:rgb(0, 0, 0)\" align=\"start\"><strong><span style=\"font-size:16px;font-family:arial, helvetica, sans-serif\">Sisseehitatud 100A BMS<\/span><\/strong><\/p>\n<p style=\"font-family:&quot;Microsoft YaHei&quot;;font-size:medium;font-weight:400;letter-spacing:normal;text-align:start;white-space:normal;color:rgb(0, 0, 0)\" align=\"start\"><span style=\"font-size:16px;font-family:arial, helvetica, sans-serif\">Cloudenergy LiFePO4 akul on sisseehitatud BMS, mille temperatuuritaluvus on 75 Celsiuse kraadi. Sisseehitatud k\u00f5rge temperatuuri v\u00e4ljal\u00fclitusfunktsioon hoiab \u00e4ra laadimise temperatuuril \u00fcle 75 Celsiuse kraadi ning aitab v\u00e4ltida l\u00fchiseid, \u00fclelaadimist, \u00fclet\u00fchjenemist ja \u00fclevoolu.<\/span><\/p>\n<div><\/div>\n<p style=\"font-family:&quot;Microsoft YaHei&quot;;letter-spacing:normal;text-align:start;white-space:normal;color:rgb(0, 0, 0)\" align=\"start\"><strong><span style=\"font-size:16px;font-family:arial, helvetica, sans-serif\">Rohkem eeliseid<\/span><\/strong><\/p>\n<p style=\"font-family:&quot;Microsoft YaHei&quot;;font-size:medium;font-weight:400;letter-spacing:normal;text-align:start;white-space:normal;color:rgb(0, 0, 0)\" align=\"start\"><span style=\"font-size:16px;font-family:arial, helvetica, sans-serif\">48 V 150 Ah akusid saab laadida p\u00e4ikeseenergia, seinakontakti ja generaatori abil. See aitab maksimeerida p\u00e4ikeseenergia kasutamist, et s\u00e4\u00e4sta elektrikulusid, saada kohe voolukatkestuse ajal ja v\u00e4hendada s\u00fcsiniku jalaj\u00e4lge.<\/span><\/p>\n<\/div>\n<div style=\"background-color:rgb(240, 234, 255);margin:20px 0px 10px;margin-bottom:10px;margin-top:20px;margin-left:0px;margin-right:0px;width:100%;height:34px\"><span style=\"background-color:rgb(55, 139, 238);color:rgb(255, 255, 255);font-size:24px;font-family:Verdana, Arial\">Toote \u00fcksikasjad<\/span><\/div>\n<p><img decoding=\"async\" src=\"https:\/\/ae01.alicdn.com\/kf\/S90aafbbe2a3d4349829f28c6df36d306g.jpg\" slate-data-type=\"image\"\/><img decoding=\"async\" src=\"https:\/\/ae01.alicdn.com\/kf\/Sbb2584604627454a9af21f3af33331cbo.jpg\" slate-data-type=\"image\"\/><img decoding=\"async\" src=\"https:\/\/ae01.alicdn.com\/kf\/S0b90f799bb6340489b0e541152922a18x.jpg\" slate-data-type=\"image\"\/><img decoding=\"async\" src=\"https:\/\/ae01.alicdn.com\/kf\/Sfb3ec2a1305144e085319f432cf90efbf.jpg\" slate-data-type=\"image\"\/><img decoding=\"async\" src=\"https:\/\/ae01.alicdn.com\/kf\/S814a16ddce724a33a33238981895ecdap.jpg\" slate-data-type=\"image\"\/><img decoding=\"async\" src=\"https:\/\/ae01.alicdn.com\/kf\/S241e64dc395f42dca9f70e268129c5e5K.jpg\" slate-data-type=\"image\"\/><\/p>\n<div style=\"background-color:rgb(240, 234, 255);margin:20px 0px 10px;margin-bottom:10px;margin-top:20px;margin-left:0px;margin-right:0px;width:100%;height:34px\"><span style=\"background-color:rgb(55, 139, 238);color:rgb(255, 255, 255);font-size:24px;font-family:Verdana, Arial\">Spetsifikatsioon<\/span><\/div>\n<div>\u00a0<\/div>\n<table style=\"border-collapse:collapse;font-family:&quot;Microsoft YaHei&quot;;width:1000px\" class=\"jbEidtTable\" border=\"1\" cellpadding=\"5\" cellspacing=\"0\">\n<tbody>\n<tr>\n<td style=\"text-align:left\" align=\"left\">\n<p><span style=\"font-size:16px;font-family:arial, helvetica, sans-serif\">\u00dcldine<\/span><\/p>\n<\/td>\n<td style=\"text-align:left\" align=\"left\">\n<p><span style=\"font-size:16px;font-family:arial, helvetica, sans-serif\">Kaubam\u00e4rk: Cloudenergy<br \/>T\u00fc\u00fcp: s\u00fcgavts\u00fckliga aku moodul<br \/>Model: CL48-150A<br \/>V\u00e4rv: oran\u017e<\/span><\/p>\n<\/td>\n<\/tr>\n<tr>\n<td style=\"text-align:left\" align=\"left\">\n<p><span style=\"font-size:16px;font-family:arial, helvetica, sans-serif\">Spetsifikatsioon<\/span><\/p>\n<\/td>\n<td style=\"text-align:left\" align=\"left\">\n<p><span style=\"font-size:16px;font-family:arial, helvetica, sans-serif\">Nimipinge: 51,2 V<br \/>Nimimaht: 150Ah<br \/>Energia: 7680Wh \u00a0 \u00a0<br \/>Laadimispinge: 58,4 \u00b1 0,75 V<br \/>Soovitatav laadimisvool: 45A (0,3C)<br \/>Aku halduss\u00fcsteemi plaat: 100A<br \/>Maksimaalne pidev laadimis-\/t\u00fchjendusvool: 110A<br \/>Maksimaalne t\u00fchjendusvool 5 sekundi jooksul: 120A<br \/>Maksimaalne koormus: 5120W<br \/>Sisemine takistus: \u226440m\u03a9<br \/>Aku korpus: k\u00fclmvaltsitud terasplaat<br \/>Temperatuurivahemik:\u00a0<br \/>Laadimine: 0\u201350 Celsiuse j\u00e4rgi \/ 32\u2013122 Fahrenheiti;\u00a0<br \/>T\u00fchjendus: -20 - 60 Celsiuse j\u00e4rgi \/ -4 - 140 Fahrenheiti;<br \/>S\u00e4ilitamine: -10\u201350 Celsiuse j\u00e4rgi \/ 14\u2013122 Fahrenheiti<\/span><\/p>\n<\/td>\n<\/tr>\n<tr>\n<td style=\"text-align:left\" align=\"left\">\n<p><span style=\"font-size:16px;font-family:arial, helvetica, sans-serif\">Kaal ja suurus<\/span><\/p>\n<\/td>\n<td style=\"text-align:left\" align=\"left\">\n<p><span style=\"font-size:16px;font-family:arial, helvetica, sans-serif\">Product Weight: 57kg<br \/>Package Weight: 62kg<br \/>Product Size(L x W x H): 49&#215;51.5x16cm<br \/>Package Size(L x W x H): 64x66x31cm<\/span><\/p>\n<\/td>\n<\/tr>\n<tr>\n<td style=\"text-align:left\" align=\"left\">\n<p><span style=\"font-size:16px;font-family:arial, helvetica, sans-serif\">Pakendi sisu<\/span><\/p>\n<\/td>\n<td style=\"text-align:left\" align=\"left\">\n<p><span style=\"font-size:16px;font-family:arial, helvetica, sans-serif\">1 x s\u00fcvats\u00fckkel aku moodul<br \/>1 x kasutusjuhend<\/span><\/p>\n<\/td>\n<\/tr>\n<\/tbody>\n<\/table>\n<\/div>\n<\/div>\n<p><\/p>","protected":false},"excerpt":{"rendered":"<p>Highlights Satisfy Home Energy Need Cloudenergy 48V 150Ah LiFePO4 Deep Cycle Battery Pack is perfect for residential energy storage battery systems and solar energy storage. It can satisfy most household<\/p>","protected":false},"featured_media":9257,"comment_status":"open","ping_status":"closed","template":"","meta":{"_acf_changed":false},"product_brand":[],"product_cat":[515],"product_tag":[],"class_list":{"0":"post-9256","1":"product","2":"type-product","3":"status-publish","4":"has-post-thumbnail","6":"product_cat-portable-power-stations","8":"first","9":"instock","10":"shipping-taxable","11":"purchasable","12":"product-type-simple"},"acf":[],"_links":{"self":[{"href":"https:\/\/electricstore.eu\/et\/wp-json\/wp\/v2\/product\/9256","targetHints":{"allow":["GET"]}}],"collection":[{"href":"https:\/\/electricstore.eu\/et\/wp-json\/wp\/v2\/product"}],"about":[{"href":"https:\/\/electricstore.eu\/et\/wp-json\/wp\/v2\/types\/product"}],"replies":[{"embeddable":true,"href":"https:\/\/electricstore.eu\/et\/wp-json\/wp\/v2\/comments?post=9256"}],"wp:featuredmedia":[{"embeddable":true,"href":"https:\/\/electricstore.eu\/et\/wp-json\/wp\/v2\/media\/9257"}],"wp:attachment":[{"href":"https:\/\/electricstore.eu\/et\/wp-json\/wp\/v2\/media?parent=9256"}],"wp:term":[{"taxonomy":"product_brand","embeddable":true,"href":"https:\/\/electricstore.eu\/et\/wp-json\/wp\/v2\/product_brand?post=9256"},{"taxonomy":"product_cat","embeddable":true,"href":"https:\/\/electricstore.eu\/et\/wp-json\/wp\/v2\/product_cat?post=9256"},{"taxonomy":"product_tag","embeddable":true,"href":"https:\/\/electricstore.eu\/et\/wp-json\/wp\/v2\/product_tag?post=9256"}],"curies":[{"name":"wp","href":"https:\/\/api.w.org\/{rel}","templated":true}]}}