{"id":9227,"date":"2025-05-20T17:46:02","date_gmt":"2025-05-20T17:46:02","guid":{"rendered":"https:\/\/electricstore.eu\/p\/uncategorized\/oukitel-abearl-p5000-portable-power-station-5120wh-lifepo4-5x2200w-ac-outlets-1800w-fast-ac-charging-15-outputs-with-wheels\/"},"modified":"2025-05-20T17:46:35","modified_gmt":"2025-05-20T17:46:35","slug":"oukitel-abearl-p5000-portable-power-station-5120wh-lifepo4-5x2200w-ac-outlets-1800w-fast-ac-charging-15-outputs-with-wheels","status":"publish","type":"product","link":"https:\/\/electricstore.eu\/et\/p\/batteries\/portable-power-stations\/oukitel-abearl-p5000-portable-power-station-5120wh-lifepo4-5x2200w-ac-outlets-1800w-fast-ac-charging-15-outputs-with-wheels\/","title":{"rendered":"OUKITEL Abearl P5000 kaasaskantav elektrijaam 5120Wh LiFePO4 5x2200W vahelduvvoolu pistikupesad 1800W kiire vahelduvvoolu laadimine 15 v\u00e4ljundit ratastel"},"content":{"rendered":"<div class=\"product-specs-list-container\">\n<ul class=\"product-specs-list util-clearfix\">\n<li class=\"product-prop line-limit-length\"><span\n                                        class=\"property-title\">Ekraani kuvamine:&nbsp;<\/span><span\n                                        class=\"property-desc line-limit-length\">Jah<\/span>\n                            <\/li>\n<li class=\"product-prop line-limit-length\"><span\n                                        class=\"property-title\">Nimimaht:&nbsp;<\/span><span\n                                        class=\"property-desc line-limit-length\">&gt;3500mAh<\/span>\n                            <\/li>\n<li class=\"product-prop line-limit-length\"><span\n                                        class=\"property-title\">Mudelinumber:&nbsp;<\/span><span\n                                        class=\"property-desc line-limit-length\">ABEARL P5000<\/span>\n                            <\/li>\n<li class=\"product-prop line-limit-length\"><span\n                                        class=\"property-title\">T\u00fc\u00fcp:&nbsp;<\/span><span\n                                        class=\"property-desc line-limit-length\">LiFePO4<\/span>\n                            <\/li>\n<li class=\"product-prop line-limit-length\"><span\n                                        class=\"property-title\">Komplekti t\u00fc\u00fcp:&nbsp;<\/span><span\n                                        class=\"property-desc line-limit-length\">Laadija komplektid<\/span>\n                            <\/li>\n<li class=\"product-prop line-limit-length\"><span\n                                        class=\"property-title\">Br\u00e4ndi nimi:&nbsp;<\/span><span\n                                        class=\"property-desc line-limit-length\">OUKITEL<\/span>\n                            <\/li>\n<li class=\"product-prop line-limit-length\"><span\n                                        class=\"property-title\">Aku t\u00fc\u00fcp:&nbsp;<\/span><span\n                                        class=\"property-desc line-limit-length\">LiFePO4 aku<\/span>\n                            <\/li>\n<li class=\"product-prop line-limit-length\"><span\n                                        class=\"property-title\">Mahutavus:&nbsp;<\/span><span\n                                        class=\"property-desc line-limit-length\">5120 Wh, 51,2 V, 1600 000 mAh<\/span>\n                            <\/li>\n<li class=\"product-prop line-limit-length\"><span\n                                        class=\"property-title\">Nimiv\u00f5imsus:&nbsp;<\/span><span\n                                        class=\"property-desc line-limit-length\">2200W<\/span>\n                            <\/li>\n<li class=\"product-prop line-limit-length\"><span\n                                        class=\"property-title\">Liigpinge:&nbsp;<\/span><span\n                                        class=\"property-desc line-limit-length\">4000W<\/span>\n                            <\/li>\n<li class=\"product-prop line-limit-length\"><span\n                                        class=\"property-title\">V\u00e4ljundpinge:&nbsp;<\/span><span\n                                        class=\"property-desc line-limit-length\">200\u2013240 V vahelduvvool<\/span>\n                            <\/li>\n<li class=\"product-prop line-limit-length\"><span\n                                        class=\"property-title\">Nimisagedus:&nbsp;<\/span><span\n                                        class=\"property-desc line-limit-length\">60Hz\/50Hz<\/span>\n                            <\/li>\n<\/ul><\/div>\n<div class=\"detailmodule_dynamic\"><kse:widget data-widget-type=\"customText\" id=\"1005000009406803\" type=\"relation\"><\/kse:widget><\/div>\n<div class=\"detailmodule_html\">\n<div class=\"detail-desc-decorate-richtext\">\n<p><\/p>\n<div style=\"background-color:rgb(240, 234, 255);margin:20px 0px 10px;margin-bottom:10px;margin-top:20px;margin-left:0px;margin-right:0px;width:100%;height:34px\"><span style=\"background-color:rgb(55, 139, 238);color:rgb(255, 255, 255);font-size:24px;font-family:Verdana, Arial\">T\u00e4hts\u00fcndmused<\/span><\/div>\n<div class=\"detailmodule_text\">\n<div class=\"detailmodule_html\">\n<div class=\"detail-desc-decorate-richtext\">\n<div class=\"detailmodule_text-image\">\n<div class=\"detailmodule_text-image\">\n<div class=\"detailmodule_text-image\">\n<div class=\"detailmodule_text-image\">\n<p><span style=\"font-size:16px;font-family:arial, helvetica, sans-serif\">1, 5120 Wh suur mahutavus ja 2200 W vahelduvvoolu v\u00e4ljund; <\/span><\/p>\n<p><span style=\"font-size:16px;font-family:arial, helvetica, sans-serif\">2, ohutu LiFePO4 aku;<\/span><\/p>\n<p><span style=\"font-size:16px;font-family:arial, helvetica, sans-serif\">3, MPPT p\u00e4ikeseenergia laadimise kontroller;<\/span><\/p>\n<p><span style=\"font-size:16px;font-family:arial, helvetica, sans-serif\"> 4, 15 v\u00e4ljundit;<\/span><\/p>\n<p><span style=\"font-size:16px;font-family:arial, helvetica, sans-serif\">5, 2000 W UPS; <\/span><\/p>\n<p><span style=\"font-size:16px;font-family:arial, helvetica, sans-serif\">6, nutikas BMS-s\u00fcsteem;<\/span><\/p>\n<p><span style=\"font-size:16px;font-family:arial, helvetica, sans-serif\"> 7, HD LCD-ekraan;<\/span><\/p>\n<p><span style=\"font-size:16px;font-family:arial, helvetica, sans-serif\"> 8, Kohvri disain.<\/span><\/p>\n<\/div>\n<\/div>\n<\/div>\n<\/div>\n<\/div>\n<\/div>\n<\/div>\n<div style=\"background-color:rgb(240, 234, 255);margin:20px 0px 10px;margin-bottom:10px;margin-top:20px;margin-left:0px;margin-right:0px;width:100%;height:34px\"><span style=\"background-color:rgb(55, 139, 238);color:rgb(255, 255, 255);font-size:24px;font-family:Verdana, Arial\">Toote \u00fcksikasjad<\/span><\/div>\n<p><strong><span style=\"font-size:16px;font-family:arial, helvetica, sans-serif\">5120Wh tohutu mahutavus<\/span><\/strong><\/p>\n<div><\/div>\n<div><\/div>\n<p><span style=\"font-size:16px;font-family:arial, helvetica, sans-serif\">OUKITEL ABEARL P5000E on loodud teid h\u00e4daolukordadeks ja v\u00e4litegevusteks valmis hoidma ning suudab toita teie maja olulisi seadmeid p\u00e4evade kaupa \u00e4\u00e4rmuslike elektrikatkestuste ajal v\u00f5i pakkuda avariitoidet elektriautodele ja haagissuvilatele.<\/span><img decoding=\"async\" src=\"https:\/\/ae01.alicdn.com\/kf\/S27bddb88e93e4d47a3d69d4b7f9617a0v.jpg\" slate-data-type=\"image\"\/><\/p>\n<p><strong><span style=\"font-size:16px;font-family:arial, helvetica, sans-serif\">Kodumasinate v\u00f5imsus 99%<\/span><\/strong><\/p>\n<div><\/div>\n<div><\/div>\n<p><span style=\"font-size:16px;font-family:arial, helvetica, sans-serif\">Tohutu 2200 W v\u00e4ljundv\u00f5imsusega ABEARL P5000E suudab toita peaaegu k\u00f5ike, alates olulistest kodumasinatest kuni meditsiiniseadmete, elektriliste t\u00f6\u00f6riistade ja elektriautodeni.<\/span><img decoding=\"async\" src=\"https:\/\/ae01.alicdn.com\/kf\/Se8270ee1d8b54e92a7b59d85b8b9a8866.jpg\" slate-data-type=\"image\"\/><\/p>\n<p><strong><span style=\"font-size:16px;font-family:arial, helvetica, sans-serif\">T\u00f6\u00f6stusharu juhtiv 1800 W vahelduvvoolu laadimine<\/span><\/strong><\/p>\n<div><\/div>\n<div><\/div>\n<p><span style=\"font-size:16px;font-family:arial, helvetica, sans-serif\">T\u00e4nu t\u00f6\u00f6stusharu juhtivale \u00fclikiirele 1800 W vahelduvvoolulaadimisele saab ABEARL P5000E t\u00e4ielikult laadida v\u00e4hem kui 3 tunniga. Kahe sisendiga (vahelduvvoolu pistikupesad ja p\u00e4ikesepaneelid) saab selle t\u00e4ielikult laadida 1,8 tunniga.<\/span><img decoding=\"async\" src=\"https:\/\/ae01.alicdn.com\/kf\/Sd982cb88644943e0ba0b1c0f9cc3a977x.jpg\" slate-data-type=\"image\"\/><\/p>\n<p><strong><span style=\"font-size:16px;font-family:arial, helvetica, sans-serif\">Sujuv UPS 10 ms-ga<\/span><\/strong><\/p>\n<div><\/div>\n<div><\/div>\n<p><span style=\"font-size:16px;font-family:arial, helvetica, sans-serif\">Elektrikatkestuste korral t\u00f6\u00f6tab ABEARL P5000E 1400 W katkematu toiteallikana (UPS). See l\u00fclitub akutoitele 10 ms jooksul ja hoiab \u00fchendatud seadmed t\u00f6\u00f6korras, andes teile piisavalt aega t\u00f6\u00f6 s\u00e4\u00e4stmiseks ja kaitstes pingek\u00f5ikumiste eest.<\/span><\/p>\n<p><img decoding=\"async\" src=\"https:\/\/ae01.alicdn.com\/kf\/Sa4d7e9f0f437415abefd617b2140800bf.jpg\" slate-data-type=\"image\"\/><\/p>\n<p><strong><span style=\"font-size:16px;font-family:arial, helvetica, sans-serif\">Kodune varutoide pistik\u00fchendusega<\/span><\/strong><\/p>\n<div><\/div>\n<div><\/div>\n<p><span style=\"font-size:16px;font-family:arial, helvetica, sans-serif\">\u00dchendage ABEARL P5000E elektrikatkestuse korral oma kodu olemasoleva peamise elektrikilbi v\u00f5i l\u00fclitiga ning see saab majale energiat tarnida sisseehitatud aku v\u00f5i \u00fchendatud p\u00e4ikesepaneelide kaudu ilma keerulise \u00fcmberjuhtmestamiseta.<\/span><img decoding=\"async\" src=\"https:\/\/ae01.alicdn.com\/kf\/Sf44fbc3446de43cb971aad4697a8de79g.jpg\" slate-data-type=\"image\"\/><\/p>\n<p><span style=\"font-size:16px;font-family:arial, helvetica, sans-serif\"><strong>Toetage 1000 W p\u00e4ikeseenergia laadimist<\/strong><\/span><\/p>\n<div><\/div>\n<div><\/div>\n<p><span style=\"font-size:16px;font-family:arial, helvetica, sans-serif\">Sisseehitatud MPPT kontroller pakub 99% muundamise efektiivsust, maksimeerides p\u00e4ikeseenergia kasutamist. Maksimaalse p\u00e4ikeseenergia sisendv\u00f5imsusega 1000 W saate ABEARL P5000E t\u00e4ielikult laadida umbes 5 tunniga. See t\u00f6\u00f6tab suurep\u00e4raselt OUKITELi p\u00e4ikesepaneelide ja kolmandate osapoolte 12\u2013120 V p\u00e4ikesepaneelidega.<\/span><img decoding=\"async\" src=\"https:\/\/ae01.alicdn.com\/kf\/S6662c911dffd4ee3bd34f4fd4db90869g.jpg\" slate-data-type=\"image\"\/><\/p>\n<p><strong><span style=\"font-size:16px;font-family:arial, helvetica, sans-serif\">Esmaklassiline pikaealine LFP aku<\/span><\/strong><\/p>\n<div><\/div>\n<div><\/div>\n<p><span style=\"font-size:16px;font-family:arial, helvetica, sans-serif\">ABEARL P5000E kasutab esmaklassilist elektriautodele m\u00f5eldud LiFePO4 (LFP) akut, millel on \u00fcle 3500 ts\u00fckli, mis t\u00e4hendab, et saate seda kasutada aastaid. OUKITELi nutikas akuhalduss\u00fcsteem pakub mitmeid kaitsefunktsioone, sealhulgas pinge-, voolu-, laadimis- ja temperatuurikaitset.<\/span><img decoding=\"async\" src=\"https:\/\/ae01.alicdn.com\/kf\/S819b2f64354f47e88977bddc3f7d851cE.jpg\" slate-data-type=\"image\"\/><\/p>\n<p><strong><span style=\"font-size:16px;font-family:arial, helvetica, sans-serif\">Kerge ja h\u00f5lpsasti transporditav <\/span><\/strong><\/p>\n<div><\/div>\n<p><span style=\"font-size:16px;font-family:arial, helvetica, sans-serif\">Tohutu 5120 Wh mahutavusega ABEARL P5000 kaalub vaid 56 kg, mis on 63% v\u00f5rra kergem v\u00f5rreldes teiste sama mahutavusega kaasaskantavate j\u00f5ujaamadega. Vastupidavad rattad ja kohvrilaadne teleskoopk\u00e4epide muudavad selle transportimise lihtsaks.<\/span><\/p>\n<p><img decoding=\"async\" src=\"https:\/\/ae01.alicdn.com\/kf\/Se9c717b00ff945c086cc7b5bef6fb23fY.jpg\" slate-data-type=\"image\"\/><img decoding=\"async\" src=\"https:\/\/ae01.alicdn.com\/kf\/S14e90e3f0eb843f39b52358c8f61404c0.jpg\" slate-data-type=\"image\"\/><img decoding=\"async\" src=\"https:\/\/ae01.alicdn.com\/kf\/S9c3d3fe307464ad0b55723975b9aa8a2q.jpg\" slate-data-type=\"image\"\/><\/p>\n<p><strong><span style=\"font-size:16px;font-family:arial, helvetica, sans-serif\">K: Millele pean laadimisel t\u00e4helepanu p\u00f6\u00f6rama? <\/span><\/strong><\/p>\n<p><span style=\"font-size:16px;font-family:arial, helvetica, sans-serif\">A: 1. Andersoni laadimispordi laadimispinge on 12\u201350 V ja see kahjustub, kui see \u00fcletab 50 V. <\/span><\/p>\n<p><span style=\"font-size:16px;font-family:arial, helvetica, sans-serif\">2. Vahelduvvoolupordi sisendpinge on 90V-130V ja v\u00f5imsus ulatub 1100W-ni, vastasel juhul ei saa seda normaalselt laadida.<\/span><\/p>\n<div><\/div>\n<div>\n<\/div>\n<p><strong><span style=\"font-size:16px;font-family:arial, helvetica, sans-serif\">K: Kas seade lukustub p\u00e4rast kasutamist \u00fclepinge korral, seega mida teha selle l\u00e4htestamiseks? <\/span><\/strong><\/p>\n<p><span style=\"font-size:16px;font-family:arial, helvetica, sans-serif\">A: Peate selle l\u00fcliti v\u00e4lja l\u00fclitama ja seej\u00e4rel uuesti sisse l\u00fclitama, lihtsalt tehke nii, nagu see oleks okei.<\/span><\/p>\n<div><\/div>\n<div>\n<\/div>\n<p><strong><span style=\"font-size:16px;font-family:arial, helvetica, sans-serif\">K: Kas see elektrijaam saab laadimise ajal seadmeid laadida? <\/span><\/strong><\/p>\n<p><span style=\"font-size:16px;font-family:arial, helvetica, sans-serif\">V: Jah, see toetab. Kuid palun veenduge, et elektrijaamas oleks v\u00e4hemalt 10% voolu alles.<\/span><\/p>\n<div><\/div>\n<div>\n<\/div>\n<p><strong><span style=\"font-size:16px;font-family:arial, helvetica, sans-serif\">K: Miks peaks generaatori ventilaator sisse ja v\u00e4lja l\u00fclituma, kui seda ei kasutata ega millegagi \u00fchendatud? <\/span><\/strong><\/p>\n<p><span style=\"font-size:16px;font-family:arial, helvetica, sans-serif\">A: Jaamal on sisseehitatud nutikas ja vaikne jahutusventilaator. Laadimise ajal l\u00fclitub ventilaator seadme temperatuuri t\u00f5ustes automaatselt sisse, et seda soojas hoida. Kui temperatuur langeb teatud tasemeni, l\u00fclitub ventilaator v\u00e4lja.<\/span><\/p>\n<div><\/div>\n<div>\n<\/div>\n<p><strong><span style=\"font-size:16px;font-family:arial, helvetica, sans-serif\">K: Kuidas katkematu toiteallikas (UPS) t\u00f6\u00f6tab? <\/span><\/strong><\/p>\n<p><span style=\"font-size:16px;font-family:arial, helvetica, sans-serif\">V: Kui teie kaasaskantav elektrijaam on seinakontakti \u00fchendatud, saavad k\u00f5ik sellega \u00fchendatud elektroonikaseadmed toidet elektriv\u00f5rgust, mitte akust. Kui elektriv\u00f5rk lakkab t\u00f6\u00f6tamast, n\u00e4iteks elektrikatkestuse korral, l\u00fclitub elektrijaam 30 ms jooksul automaatselt akutoitele.<\/span><\/p>\n<div style=\"background-color:rgb(240, 234, 255);margin:20px 0px 10px;margin-bottom:10px;margin-top:20px;margin-left:0px;margin-right:0px;width:100%;height:34px\"><span style=\"background-color:rgb(55, 139, 238);color:rgb(255, 255, 255);font-size:24px;font-family:Verdana, Arial\">Spetsifikatsioon<\/span><\/div>\n<div><\/div>\n<table style=\"border-collapse:collapse;font-family:&quot;Microsoft YaHei&quot;;width:1000px\" class=\"jbEidtTable\" border=\"1\" cellpadding=\"5\" cellspacing=\"0\">\n<tbody>\n<tr>\n<td style=\"text-align:left\" align=\"left\">\n<p><span style=\"font-size:16px;font-family:arial, helvetica, sans-serif\"><strong>\u00dcldine<\/strong><\/span><\/p>\n<\/td>\n<td style=\"text-align:left\" align=\"left\">\n<p><span style=\"font-size:16px;font-family:arial, helvetica, sans-serif\">Kaubam\u00e4rk: OUKITEL<br \/>T\u00fc\u00fcp: Elektrijaam<br \/>Mudel: ABEARL P5000<br \/>V\u00e4rv: hall<\/span><\/p>\n<\/td>\n<\/tr>\n<tr>\n<td style=\"text-align:left\" align=\"left\">\n<p><span style=\"font-size:16px;font-family:arial, helvetica, sans-serif\"><strong>Spetsifikatsioon<\/strong><\/span><\/p>\n<\/td>\n<td style=\"text-align:left\" align=\"left\">\n<p><span style=\"font-size:16px;font-family:arial, helvetica, sans-serif\">Mahutavus: 5120 Wh<br \/>Aku: LiFePO4<br \/>Ts\u00fckli eluiga: 3500+ ts\u00fcklit<br \/>UPS: 2000W<br \/>Kahesuunaline inverter: 2200 W<br \/><\/span><span style=\"font-size:16px;font-family:arial, helvetica, sans-serif\"><strong>V\u00e4ljund<\/strong><\/span><span style=\"font-size:16px;font-family:arial, helvetica, sans-serif\"><br \/>Vahelduvvoolu v\u00e4ljund: 2200 W nimiv\u00f5imsus, 4000 W pinget\u00f5us, puhas siinuslaine, 5 x AC 220\u2013240 V<br \/>Alalisvoolu v\u00e4ljund: 2 x USB-A 12W, 2 x USB-A QC3.0 kiirlaadimine 18W, 2 x USB-C 100W PD, 2 x 12V\/3A<br \/>Lennuki pistikupesa: 1 x 24V\/10A<br \/>Sigaris\u00fc\u00fctaja: 1 x 12v\/10A<br \/><\/span><span style=\"font-size:16px;font-family:arial, helvetica, sans-serif\"><strong>Sisend<\/strong><\/span><span style=\"font-size:16px;font-family:arial, helvetica, sans-serif\"><br \/>Vahelduvvoolu laadimine: max 1800W, AC 220-240V, max 10A<br \/>P\u00e4ikeseenergia laadimine: max 1000W, 12-120V, 15A<br \/>Auto laadimine: 12V\/8A v\u00f5i 24V\/10A<\/span><\/p>\n<\/td>\n<\/tr>\n<tr>\n<td style=\"text-align:left\" align=\"left\">\n<p><span style=\"font-size:16px;font-family:arial, helvetica, sans-serif\"><strong>Kaal ja suurus<\/strong><\/span><\/p>\n<\/td>\n<td style=\"text-align:left\" align=\"left\">\n<p><span style=\"font-size:16px;font-family:arial, helvetica, sans-serif\">Toote kaal: 52 kg<br \/>Paki kaal: 52 kg<br \/>Toote m\u00f5\u00f5dud (P x L x K): 55 \u00d7 29,5 \u00d7 48,7 cm<br \/>Paki m\u00f5\u00f5dud (P x L x K): 69,2 \u00d7 41,3 \u00d7 59,5 cm<\/span><\/p>\n<\/td>\n<\/tr>\n<tr>\n<td style=\"text-align:left\" align=\"left\">\n<p><span style=\"font-size:16px;font-family:arial, helvetica, sans-serif\"><strong>Pakendi sisu<\/strong><\/span><\/p>\n<\/td>\n<td style=\"text-align:left\" align=\"left\">\n<p><span style=\"font-size:16px;font-family:arial, helvetica, sans-serif\">1 x elektrijaam<br \/>1 x p\u00e4ikeselaadimiskaabel<br \/>1 x adapter<br \/>1 x auto laadimiskaabel<br \/>1 x kasutusjuhend<\/span><\/p>\n<\/td>\n<\/tr>\n<\/tbody>\n<\/table>\n<div><\/div>\n<\/div>\n<\/div>\n<p><\/p>","protected":false},"excerpt":{"rendered":"<p>Display screen:&nbsp;Yes Nominal Capacity:&nbsp;&gt;3500mAh Model Number:&nbsp;ABEARL P5000 Type:&nbsp;LiFePO4 Set Type:&nbsp;Charger Sets Brand Name:&nbsp;OUKITEL Battery Type:&nbsp;LiFePO4 battery Capacity:&nbsp;5120Wh, 51.2V, 1600000mAh Rated Power:&nbsp;2200W Surge Power:&nbsp;4000W Output Voltage:&nbsp;200-240V AC Rated Frequency:&nbsp;60Hz\/50Hz Highlights 1,<\/p>","protected":false},"featured_media":9229,"comment_status":"open","ping_status":"closed","template":"","meta":{"_acf_changed":false},"product_brand":[],"product_cat":[515],"product_tag":[],"class_list":{"0":"post-9227","1":"product","2":"type-product","3":"status-publish","4":"has-post-thumbnail","6":"product_cat-portable-power-stations","8":"first","9":"instock","10":"shipping-taxable","11":"purchasable","12":"product-type-simple"},"acf":[],"_links":{"self":[{"href":"https:\/\/electricstore.eu\/et\/wp-json\/wp\/v2\/product\/9227","targetHints":{"allow":["GET"]}}],"collection":[{"href":"https:\/\/electricstore.eu\/et\/wp-json\/wp\/v2\/product"}],"about":[{"href":"https:\/\/electricstore.eu\/et\/wp-json\/wp\/v2\/types\/product"}],"replies":[{"embeddable":true,"href":"https:\/\/electricstore.eu\/et\/wp-json\/wp\/v2\/comments?post=9227"}],"wp:featuredmedia":[{"embeddable":true,"href":"https:\/\/electricstore.eu\/et\/wp-json\/wp\/v2\/media\/9229"}],"wp:attachment":[{"href":"https:\/\/electricstore.eu\/et\/wp-json\/wp\/v2\/media?parent=9227"}],"wp:term":[{"taxonomy":"product_brand","embeddable":true,"href":"https:\/\/electricstore.eu\/et\/wp-json\/wp\/v2\/product_brand?post=9227"},{"taxonomy":"product_cat","embeddable":true,"href":"https:\/\/electricstore.eu\/et\/wp-json\/wp\/v2\/product_cat?post=9227"},{"taxonomy":"product_tag","embeddable":true,"href":"https:\/\/electricstore.eu\/et\/wp-json\/wp\/v2\/product_tag?post=9227"}],"curies":[{"name":"wp","href":"https:\/\/api.w.org\/{rel}","templated":true}]}}