{"id":9214,"date":"2025-05-20T17:45:55","date_gmt":"2025-05-20T17:45:55","guid":{"rendered":"https:\/\/electricstore.eu\/p\/uncategorized\/oukitel-bp2000-portable-power-station-oukitel-b2000-battery-pack-2048wh-battery-pack-640000mah-7-b2000-2200w-ac-output-1800w-ac\/"},"modified":"2025-05-20T17:46:42","modified_gmt":"2025-05-20T17:46:42","slug":"oukitel-bp2000-portable-power-station-oukitel-b2000-battery-pack-2048wh-battery-pack-640000mah-7-b2000-2200w-ac-output-1800w-ac","status":"publish","type":"product","link":"https:\/\/electricstore.eu\/et\/p\/batteries\/portable-power-stations\/oukitel-bp2000-portable-power-station-oukitel-b2000-battery-pack-2048wh-battery-pack-640000mah-7-b2000-2200w-ac-output-1800w-ac\/","title":{"rendered":"OUKITEL BP2000 kaasaskantav elektrijaam + OUKITEL B2000 akupakk 2048Wh akupakk 640000mAh 7 B2000 2200W vahelduvvoolu v\u00e4ljund 1800W vahelduvvool"},"content":{"rendered":"<div class=\"product-specs-list-container\">\n<ul class=\"product-specs-list util-clearfix\">\n<li class=\"product-prop line-limit-length\"><span\n                                        class=\"property-title\">Ekraani kuvamine:&nbsp;<\/span><span\n                                        class=\"property-desc line-limit-length\">Jah<\/span>\n                            <\/li>\n<li class=\"product-prop line-limit-length\"><span\n                                        class=\"property-title\">Nimimaht:&nbsp;<\/span><span\n                                        class=\"property-desc line-limit-length\">&gt;3500mAh<\/span>\n                            <\/li>\n<li class=\"product-prop line-limit-length\"><span\n                                        class=\"property-title\">Mudelinumber:&nbsp;<\/span><span\n                                        class=\"property-desc line-limit-length\">BP2000<\/span>\n                            <\/li>\n<li class=\"product-prop line-limit-length\"><span\n                                        class=\"property-title\">T\u00fc\u00fcp:&nbsp;<\/span><span\n                                        class=\"property-desc line-limit-length\">LiFePO4<\/span>\n                            <\/li>\n<li class=\"product-prop line-limit-length\"><span\n                                        class=\"property-title\">Komplekti t\u00fc\u00fcp:&nbsp;<\/span><span\n                                        class=\"property-desc line-limit-length\">Laadija komplektid<\/span>\n                            <\/li>\n<li class=\"product-prop line-limit-length\"><span\n                                        class=\"property-title\">Br\u00e4ndi nimi:&nbsp;<\/span><span\n                                        class=\"property-desc line-limit-length\">OUKITEL<\/span>\n                            <\/li>\n<li class=\"product-prop line-limit-length\"><span\n                                        class=\"property-title\">V\u00f5imsus:&nbsp;<\/span><span\n                                        class=\"property-desc line-limit-length\">2048 Wh (51,2 V)<\/span>\n                            <\/li>\n<li class=\"product-prop line-limit-length\"><span\n                                        class=\"property-title\">Mahutavus:&nbsp;<\/span><span\n                                        class=\"property-desc line-limit-length\">640000mAh<\/span>\n                            <\/li>\n<li class=\"product-prop line-limit-length\"><span\n                                        class=\"property-title\">Ts\u00fckli eluiga:&nbsp;<\/span><span\n                                        class=\"property-desc line-limit-length\">3500+<\/span>\n                            <\/li>\n<li class=\"product-prop line-limit-length\"><span\n                                        class=\"property-title\">Vahelduvvoolu laadija:&nbsp;<\/span><span\n                                        class=\"property-desc line-limit-length\">Max 1800W, AC 200-240Vac Max 15A<\/span>\n                            <\/li>\n<li class=\"product-prop line-limit-length\"><span\n                                        class=\"property-title\">Vahelduvvoolu laadimise aeg:&nbsp;<\/span><span\n                                        class=\"property-desc line-limit-length\">\u00dclikiire laadimine, 1,8 tundi (80% v\u00f5imsus)<\/span>\n                            <\/li>\n<li class=\"product-prop line-limit-length\"><span\n                                        class=\"property-title\">Solar Charging Time:&nbsp;<\/span><span\n                                        class=\"property-desc line-limit-length\">2.5 hours<\/span>\n                            <\/li>\n<li class=\"product-prop line-limit-length\"><span\n                                        class=\"property-title\">Auto laadimine:&nbsp;<\/span><span\n                                        class=\"property-desc line-limit-length\">12V\/8A, 24V\/10A<\/span>\n                            <\/li>\n<li class=\"product-prop line-limit-length\"><span\n                                        class=\"property-title\">Nimiv\u00f5imsus:&nbsp;<\/span><span\n                                        class=\"property-desc line-limit-length\">2200W<\/span>\n                            <\/li>\n<li class=\"product-prop line-limit-length\"><span\n                                        class=\"property-title\">UPS Rated Power:&nbsp;<\/span><span\n                                        class=\"property-desc line-limit-length\">2000W<\/span>\n                            <\/li>\n<li class=\"product-prop line-limit-length\"><span\n                                        class=\"property-title\">Liigpinge:&nbsp;<\/span><span\n                                        class=\"property-desc line-limit-length\">4000W<\/span>\n                            <\/li>\n<li class=\"product-prop line-limit-length\"><span\n                                        class=\"property-title\">Pinge:&nbsp;<\/span><span\n                                        class=\"property-desc line-limit-length\">200-240Vac<\/span>\n                            <\/li>\n<li class=\"product-prop line-limit-length\"><span\n                                        class=\"property-title\">Nimisagedus:&nbsp;<\/span><span\n                                        class=\"property-desc line-limit-length\">60Hz\/50Hz<\/span>\n                            <\/li>\n<li class=\"product-prop line-limit-length\"><span\n                                        class=\"property-title\">Inverter Efficiency:&nbsp;<\/span><span\n                                        class=\"property-desc line-limit-length\">\u03b7=90%<\/span>\n                            <\/li>\n<li class=\"product-prop line-limit-length\"><span\n                                        class=\"property-title\">Depth of Discharge:&nbsp;<\/span><span\n                                        class=\"property-desc line-limit-length\">DOD=90%<\/span>\n                            <\/li>\n<li class=\"product-prop line-limit-length\"><span\n                                        class=\"property-title\">Vahelduvvoolu v\u00e4ljund:&nbsp;<\/span><span\n                                        class=\"property-desc line-limit-length\">5 ports *AC 2200W<\/span>\n                            <\/li>\n<li class=\"product-prop line-limit-length\"><span\n                                        class=\"property-title\">Start Time:&nbsp;<\/span><span\n                                        class=\"property-desc line-limit-length\">&lt;10mS<\/span>\n                            <\/li>\n<li class=\"product-prop line-limit-length\"><span\n                                        class=\"property-title\">Juhtimiss\u00fcsteem:&nbsp;<\/span><span\n                                        class=\"property-desc line-limit-length\">BMS Management<\/span>\n                            <\/li>\n<li class=\"product-prop line-limit-length\"><span\n                                        class=\"property-title\">Humidity:&nbsp;<\/span><span\n                                        class=\"property-desc line-limit-length\">10%-90%<\/span>\n                            <\/li>\n<li class=\"product-prop line-limit-length\"><span\n                                        class=\"property-title\">Cooling Strategy:&nbsp;<\/span><span\n                                        class=\"property-desc line-limit-length\">6*Fans<\/span>\n                            <\/li>\n<\/ul><\/div>\n<div class=\"detailmodule_dynamic\"><kse:widget data-widget-type=\"customText\" id=\"1005000009406803\" type=\"relation\"><\/kse:widget><\/div>\n<div class=\"detailmodule_html\">\n<div class=\"detail-desc-decorate-richtext\">\n<p><\/p>\n<div style=\"background-color:rgb(240, 234, 255);margin:20px 0px 10px;margin-bottom:10px;margin-top:20px;margin-left:0px;margin-right:0px;width:100%;height:34px\"><span style=\"background-color:rgb(55, 139, 238);color:rgb(255, 255, 255);font-size:24px;font-family:Verdana, Arial\">T\u00e4hts\u00fcndmused<\/span><\/div>\n<div class=\"detailmodule_text\">\n<div class=\"detailmodule_html\">\n<div class=\"detail-desc-decorate-richtext\">\n<div class=\"detailmodule_text-image\">\n<div class=\"detailmodule_text-image\">\n<div class=\"detailmodule_text-image\">\n<div class=\"detailmodule_text-image\">\n<p><span style=\"font-size:16px;font-family:arial, helvetica, sans-serif\">BP2000 kaasaskantav elektrijaam on varustatud tipptasemel kahesuunalise inverteriga, mis v\u00f5imaldab \u00fclikiiret vahelduvvoolu laadimist kuni 1800 W-ni, mis on v\u00f5rgutoitel saavutatav suurim v\u00f5imsus. See kasutab esmaklassilisi plahvatuskindlaid LiFePO4 akusid, millel on 3500 eluts\u00fcklit, ja nutikat BMS-i ohutuks ja stabiilseks toiteks. Sellel on MPPT toitekiip t\u00f5husaks p\u00e4ikeseenergial laadimiseks ja see saab voolukatkestuste ajal toimida UPS-ina. Samuti saab see paralleelselt \u00fchendada lisaakusid, et rahuldada erinevaid energiavajadusi.<\/span><\/p>\n<\/div>\n<\/div>\n<\/div>\n<\/div>\n<\/div>\n<\/div>\n<\/div>\n<div style=\"background-color:rgb(240, 234, 255);margin:20px 0px 10px;margin-bottom:10px;margin-top:20px;margin-left:0px;margin-right:0px;width:100%;height:34px\"><span style=\"background-color:rgb(55, 139, 238);color:rgb(255, 255, 255);font-size:24px;font-family:Verdana, Arial\">Toote \u00fcksikasjad<\/span><\/div>\n<p><img decoding=\"async\" src=\"https:\/\/ae01.alicdn.com\/kf\/Sba8451d5f8cf4ad9a7ecf0921ed168645.jpg\" slate-data-type=\"image\"\/><img decoding=\"async\" src=\"https:\/\/ae01.alicdn.com\/kf\/Sb1a9118055374ce9be0481d3c80a03737.jpg\" slate-data-type=\"image\"\/><img decoding=\"async\" src=\"https:\/\/ae01.alicdn.com\/kf\/S9acf727d490c47d89d3811d1c6ff68d0B.jpg\" slate-data-type=\"image\"\/><img decoding=\"async\" src=\"https:\/\/ae01.alicdn.com\/kf\/S74d7a0a938cd454e97fc5232fc3f671bX.jpg\" slate-data-type=\"image\"\/><img decoding=\"async\" src=\"https:\/\/ae01.alicdn.com\/kf\/S97a4e576c0f44ab4932a505c14b8de1dJ.jpg\" slate-data-type=\"image\"\/><img decoding=\"async\" src=\"https:\/\/ae01.alicdn.com\/kf\/S0ba87de2edeb42d28172ce8c5daeb61fe.jpg\" slate-data-type=\"image\"\/><img decoding=\"async\" src=\"https:\/\/ae01.alicdn.com\/kf\/S489b1c2234af49bf98cb4320aa303f069.jpg\" slate-data-type=\"image\"\/><img decoding=\"async\" src=\"https:\/\/ae01.alicdn.com\/kf\/S07ec58da814f4ccca368341f59e7cb6e5.jpg\" slate-data-type=\"image\"\/><img decoding=\"async\" src=\"https:\/\/ae01.alicdn.com\/kf\/S350d6aee5f7c441197ae433f2ce85bd3e.jpg\" slate-data-type=\"image\"\/><img decoding=\"async\" src=\"https:\/\/ae01.alicdn.com\/kf\/S0d386b1c436e42e1819059a2fb86e1c0W.jpg\" slate-data-type=\"image\"\/><img decoding=\"async\" src=\"https:\/\/ae01.alicdn.com\/kf\/S4af50a4243b045829ac4e660cb31be66c.jpg\" slate-data-type=\"image\"\/><img decoding=\"async\" src=\"https:\/\/ae01.alicdn.com\/kf\/S2cf01a6e623b4b9a8a6c15a967780ccaU.jpg\" slate-data-type=\"image\"\/><\/p>\n<p><strong><span style=\"font-size:16px;font-family:arial, helvetica, sans-serif\">Q: How many B2000 battery packs can I connect?<\/span><\/strong><\/p>\n<p><span style=\"font-size:16px;font-family:arial, helvetica, sans-serif\">A: Up to 7 x B2000 for 16384Wh huge capacity.<\/span><\/p>\n<p><\/p>\n<div>\n<\/div>\n<p><strong><span style=\"font-size:16px;font-family:arial, helvetica, sans-serif\">Q: How do I know whether my appliance can work well with the BP2000?<\/span><\/strong><\/p>\n<p><span style=\"font-size:16px;font-family:arial, helvetica, sans-serif\">A: Please calculate the total wattage of your devices. BP2000 should work if the load doesn&#x27;t exceed its rated 2200W.<\/span><\/p>\n<p><\/p>\n<div>\n<\/div>\n<p><strong><span style=\"font-size:16px;font-family:arial, helvetica, sans-serif\">Q: Does BP2000 have UPS function?<\/span><\/strong><\/p>\n<p><span style=\"font-size:16px;font-family:arial, helvetica, sans-serif\">A: Yes, the UPS switchover time is less than 10ms.<\/span><\/p>\n<p><\/p>\n<div>\n<\/div>\n<p><strong><span style=\"font-size:16px;font-family:arial, helvetica, sans-serif\">Q: Will the BP2000 UPS function get an electric shock?<\/span><\/strong><\/p>\n<p><span style=\"font-size:16px;font-family:arial, helvetica, sans-serif\">A: No, the BP2000 is designed with grounding wires that protect it from damage caused by power surges, lightning strikes, or other electrical disturbances, and prevent electric shock incidents that might result from internal insulation damage, shell electrification, and so on.<\/span><\/p>\n<p><\/p>\n<div>\n<\/div>\n<p><strong><span style=\"font-size:16px;font-family:arial, helvetica, sans-serif\">Q: Can BP2000 be charged with solar panels and wall outlets simultaneously?<\/span><\/strong><\/p>\n<p><span style=\"font-size:16px;font-family:arial, helvetica, sans-serif\">A: Yes, the charging time will be just 1 hour.<\/span><\/p>\n<p><\/p>\n<div>\n<\/div>\n<p><strong><span style=\"font-size:16px;font-family:arial, helvetica, sans-serif\">Q: Can I use OUKITEL B2000 expansion battery separately?<\/span><\/strong><\/p>\n<p><span style=\"font-size:16px;font-family:arial, helvetica, sans-serif\">A: Yes, the B2000 expansion battery can be as a standalone portable power station.<\/span><\/p>\n<p><\/p>\n<div>\n<\/div>\n<p><strong><span style=\"font-size:16px;font-family:arial, helvetica, sans-serif\">Q: Can I use third-party solar panels and what are the prerequisites?<\/span><\/strong><\/p>\n<p><span style=\"font-size:16px;font-family:arial, helvetica, sans-serif\">A: Yes, you can. The solar array must meet:<\/span><\/p>\n<p><span style=\"font-size:16px;font-family:arial, helvetica, sans-serif\">1. MC4 connectors<\/span><\/p>\n<p><span style=\"font-size:16px;font-family:arial, helvetica, sans-serif\">2. Total open circuit voltage(Voc) falls in the range of 12-120V\/MAX.15A<\/span><\/p>\n<p><\/p>\n<div>\n<\/div>\n<p><strong><span style=\"font-size:16px;font-family:arial, helvetica, sans-serif\">Q: Can BP2000 charge and discharge at the same time?<\/span><\/strong><\/p>\n<p><span style=\"font-size:16px;font-family:arial, helvetica, sans-serif\">A: Yes.<\/span><\/p>\n<p><\/p>\n<div>\n<\/div>\n<p><strong><span style=\"font-size:16px;font-family:arial, helvetica, sans-serif\">Q: How to store?<\/span><\/strong><\/p>\n<p><span style=\"font-size:16px;font-family:arial, helvetica, sans-serif\">A: Please turn off the product and place it in a dry environment. Do not place this product near water. And we recommend using the product every three months (run out the remaining power first and recharge it to the percentage you want, such as 50%).<\/span><\/p>\n<div style=\"background-color:rgb(240, 234, 255);margin:20px 0px 10px;margin-bottom:10px;margin-top:20px;margin-left:0px;margin-right:0px;width:100%;height:34px\"><span style=\"background-color:rgb(55, 139, 238);color:rgb(255, 255, 255);font-size:24px;font-family:Verdana, Arial\">Spetsifikatsioon<\/span><\/div>\n<p><\/p>\n<table style=\"border-collapse:collapse;font-family:&quot;Microsoft YaHei&quot;;width:1000px\" class=\"jbEidtTable\" border=\"1\" cellpadding=\"5\" cellspacing=\"0\">\n<tbody>\n<tr>\n<td style=\"text-align:left;height:80px\" align=\"left\">\n<p><span style=\"font-size:16px;font-family:arial, helvetica, sans-serif\">\u00dcldine<\/span><\/p>\n<\/td>\n<td style=\"text-align:left;height:80px\" align=\"left\">\n<p><span style=\"font-size:16px;font-family:arial, helvetica, sans-serif\">Kaubam\u00e4rk: OUKITEL<br \/>T\u00fc\u00fcp: Elektrijaam<br \/>Model: BP2000<br \/>V\u00e4rv: must<\/span><\/p>\n<\/td>\n<\/tr>\n<tr>\n<td style=\"text-align:left;height:22px\" align=\"left\">\n<p><span style=\"font-size:16px;font-family:arial, helvetica, sans-serif\">Spetsifikatsioon<\/span><\/p>\n<\/td>\n<td style=\"text-align:left;height:22px\" align=\"left\">\n<div><span style=\"font-size:16px;font-family:arial, helvetica, sans-serif\"><strong>Electrical Specifications:<\/strong><\/span><span style=\"font-size:16px;font-family:arial, helvetica, sans-serif\"><br \/>Power: 2048Wh (51.2V )<br \/>Capacity: 640000mAh<br \/>Aku: LiFePO4<br \/>Cycle Life: 3500+<br \/>Battery Expansion Port: 1* ports (Up to 7 battery packs can be expanded)<br \/>Inverter: Pure Sine Wave, Bidirectional Inverter<\/span><\/div>\n<p><span style=\"font-size:16px;font-family:arial, helvetica, sans-serif\"><strong>Charging Input:<\/strong><\/span><span style=\"font-size:16px;font-family:arial, helvetica, sans-serif\"><br \/>AC Charger: Max1800W, AC200-240Vac Max15A<br \/>AC Charging Time: Super Fast Charge, 1.8 hours (80% \u00a0power)<br \/>Solar Charger: 1* XT60 Port, 12V-120V \/ 15A , MPPT MAX 1000W<br \/>Solar Charging Time: 2.5 hours<br \/>Auto laadimine: 12V\/8A, 24V\/10A<br \/>Same-time charging and discharging: Support<\/span><\/p>\n<p><span style=\"font-size:16px;font-family:arial, helvetica, sans-serif\"><strong>Vahelduvvoolu v\u00e4ljund:<\/strong><\/span><span style=\"font-size:16px;font-family:arial, helvetica, sans-serif\"><br \/>Rated Power: 2200W<br \/>UPS Rated Power: 2000W<br \/>Surge Power: 4000W<br \/>Pinge: 200\u2013240 V vahelduvvool<br \/>Nimisagedus: 60Hz\/50Hz<br \/>Over Load: 2200W \u2264 load &lt; 3000W constant power; 3000W \u2264 load 4000W @5s; 4000W \u2264 load @0.5s<br \/>Inverteri efektiivsus: \u03b7=90%<br \/>T\u00fchjenduss\u00fcgavus: DOD = 90%<br \/>AC Output: 5 ports *AC 2200W<\/span><\/p>\n<p><span style=\"font-size:16px;font-family:arial, helvetica, sans-serif\"><strong>USB Output:\u00a0<\/strong><\/span><span style=\"font-size:16px;font-family:arial, helvetica, sans-serif\"><br \/>USB-A: 2* 12W (5V\/2.4A)<br \/>USB-A, QC3.0: 2* 18W (5V\/3A ; 9V\/2A; 12V\/1.5A)<br \/>Type-C: 2* PD100W (5V 3A; 9V 3A; 12V 3A; 15V 3A; 20V 5A )<\/span><\/p>\n<p><span style=\"font-size:16px;font-family:arial, helvetica, sans-serif\"><strong>Alalisvoolu v\u00e4ljund:\u00a0<\/strong><\/span><span style=\"font-size:16px;font-family:arial, helvetica, sans-serif\"><br \/>RV (Aviation Port): 1* 24V\/10A socket<br \/>DC5521: 2* 12V\/3A socket<br \/>Sigaretis\u00fc\u00fctaja port: 1 * 12V\/10A pistikupesa<\/span><\/p>\n<p><span style=\"font-size:16px;font-family:arial, helvetica, sans-serif\"><strong>Operating Condition:\u00a0<\/strong><\/span><span style=\"font-size:16px;font-family:arial, helvetica, sans-serif\"><br \/>Start Time: &lt;10mS<br \/>Halduss\u00fcsteem: BMS-i haldus<br \/>Charging Temperature: 0-40 Celsius \/ 32-104 Fahrenheit<br \/>Discharging Temperature: -10-40 Celsius \/14-104 Fahrenheit<br \/>Niiskus: 10%-90%<br \/>Jahutusstrateegia: 6*ventilaatorit<\/span><\/p>\n<p><span style=\"font-size:16px;font-family:arial, helvetica, sans-serif\"><strong>Mechanical Specifications:<\/strong><\/span><span style=\"font-size:16px;font-family:arial, helvetica, sans-serif\"><br \/>Kaitse: p\u00e4\u00e4ste- ja l\u00fchisekaitse, \u00fclevoolukaitse, \u00fclepingekaitse, madalpingekaitse, \u00fclekoormuskaitse, \u00fclekuumenemise kaitse, \u00fclelaadimise kaitse<br \/>Shell Material: ABS+PC<br \/>Fire rating: V0<br \/>Certificate: CE, FCC, PSE, UN38.3, EMC, LVD, RoHS, MSDS, METI<\/span><\/p>\n<\/td>\n<\/tr>\n<tr>\n<td style=\"text-align:left;height:89px\" align=\"left\">\n<p><span style=\"font-size:16px;font-family:arial, helvetica, sans-serif\">Kaal ja suurus<\/span><\/p>\n<\/td>\n<td style=\"text-align:left;height:89px\" align=\"left\">\n<p><span style=\"font-size:16px;font-family:arial, helvetica, sans-serif\">Product Weight: 22kg<br \/>Package Weight: 23.5kg<br \/>Product Size(L x W x H): 48.2&#215;29.6&#215;31.8cm<br \/>Package Size(L x W x H): 58.5&#215;40.6x42cm<\/span><\/p>\n<\/td>\n<\/tr>\n<tr>\n<td style=\"text-align:left;height:76px\" align=\"left\">\n<p><span style=\"font-size:16px;font-family:arial, helvetica, sans-serif\">Pakendi sisu<\/span><\/p>\n<\/td>\n<td style=\"text-align:left;height:76px\" align=\"left\">\n<p><span style=\"font-size:16px;font-family:arial, helvetica, sans-serif\">1 x BP2000 Portable Power Station<br \/>1 x AC Cable<br \/>1 x MC4 kaabel<br \/>1 x auto laadimiskaabel<br \/>1 x kasutusjuhend<\/span><\/p>\n<\/td>\n<\/tr>\n<\/tbody>\n<\/table>\n<p><\/p>\n<\/div>\n<\/div>\n<p><\/p>","protected":false},"excerpt":{"rendered":"<p>Display screen:&nbsp;Yes Nominal Capacity:&nbsp;&gt;3500mAh Model Number:&nbsp;BP2000 Type:&nbsp;LiFePO4 Set Type:&nbsp;Charger Sets Brand Name:&nbsp;OUKITEL Power:&nbsp;2048Wh (51.2V ) Capacity:&nbsp;640000mAh Cycle Life:&nbsp;3500+ AC Charger:&nbsp;Max1800W, AC200-240Vac Max15A AC Charging Time:&nbsp;Super Fast Charge, 1.8 hours (80%<\/p>","protected":false},"featured_media":9216,"comment_status":"open","ping_status":"closed","template":"","meta":{"_acf_changed":false},"product_brand":[],"product_cat":[515],"product_tag":[],"class_list":{"0":"post-9214","1":"product","2":"type-product","3":"status-publish","4":"has-post-thumbnail","6":"product_cat-portable-power-stations","8":"first","9":"instock","10":"shipping-taxable","11":"purchasable","12":"product-type-variable"},"acf":[],"_links":{"self":[{"href":"https:\/\/electricstore.eu\/et\/wp-json\/wp\/v2\/product\/9214","targetHints":{"allow":["GET"]}}],"collection":[{"href":"https:\/\/electricstore.eu\/et\/wp-json\/wp\/v2\/product"}],"about":[{"href":"https:\/\/electricstore.eu\/et\/wp-json\/wp\/v2\/types\/product"}],"replies":[{"embeddable":true,"href":"https:\/\/electricstore.eu\/et\/wp-json\/wp\/v2\/comments?post=9214"}],"wp:featuredmedia":[{"embeddable":true,"href":"https:\/\/electricstore.eu\/et\/wp-json\/wp\/v2\/media\/9216"}],"wp:attachment":[{"href":"https:\/\/electricstore.eu\/et\/wp-json\/wp\/v2\/media?parent=9214"}],"wp:term":[{"taxonomy":"product_brand","embeddable":true,"href":"https:\/\/electricstore.eu\/et\/wp-json\/wp\/v2\/product_brand?post=9214"},{"taxonomy":"product_cat","embeddable":true,"href":"https:\/\/electricstore.eu\/et\/wp-json\/wp\/v2\/product_cat?post=9214"},{"taxonomy":"product_tag","embeddable":true,"href":"https:\/\/electricstore.eu\/et\/wp-json\/wp\/v2\/product_tag?post=9214"}],"curies":[{"name":"wp","href":"https:\/\/api.w.org\/{rel}","templated":true}]}}