{"id":9143,"date":"2025-05-20T17:45:17","date_gmt":"2025-05-20T17:45:17","guid":{"rendered":"https:\/\/electricstore.eu\/p\/uncategorized\/fossibot-sp200-18v-200w-foldable-solar-panel-23-4-high-efficiency-monocrystalline-solar-cells-for-power-station-mppt-ip67\/"},"modified":"2025-05-20T17:45:35","modified_gmt":"2025-05-20T17:45:35","slug":"fossibot-sp200-18v-200w-foldable-solar-panel-23-4-high-efficiency-monocrystalline-solar-cells-for-power-station-mppt-ip67","status":"publish","type":"product","link":"https:\/\/electricstore.eu\/et\/p\/batteries\/foldable-solar-panels\/fossibot-sp200-18v-200w-foldable-solar-panel-23-4-high-efficiency-monocrystalline-solar-cells-for-power-station-mppt-ip67\/","title":{"rendered":"FOSSiBOT SP200 18V 200W kokkupandav p\u00e4ikesepaneel, 23.4% suure t\u00f5hususega monokristallilised p\u00e4ikesepatareid, elektrijaama MPPT IP67 jaoks"},"content":{"rendered":"<div class=\"product-specs-list-container\">\n<ul class=\"product-specs-list util-clearfix\">\n<li class=\"product-prop line-limit-length\"><span\n                                        class=\"property-title\">Rakendus:&nbsp;<\/span><span\n                                        class=\"property-desc line-limit-length\">KODU<\/span>\n                            <\/li>\n<li class=\"product-prop line-limit-length\"><span\n                                        class=\"property-title\">Mudelinumber:&nbsp;<\/span><span\n                                        class=\"property-desc line-limit-length\">SP200<\/span>\n                            <\/li>\n<li class=\"product-prop line-limit-length\"><span\n                                        class=\"property-title\">Tippv\u00f5imsus:&nbsp;<\/span><span\n                                        class=\"property-desc line-limit-length\">200W (50W x 4)<\/span>\n                            <\/li>\n<li class=\"product-prop line-limit-length\"><span\n                                        class=\"property-title\">Vmp:&nbsp;<\/span><span\n                                        class=\"property-desc line-limit-length\">18V<\/span>\n                            <\/li>\n<li class=\"product-prop line-limit-length\"><span\n                                        class=\"property-title\">Imp:&nbsp;<\/span><span\n                                        class=\"property-desc line-limit-length\">11.1A<\/span>\n                            <\/li>\n<li class=\"product-prop line-limit-length\"><span\n                                        class=\"property-title\">Vokaal:&nbsp;<\/span><span\n                                        class=\"property-desc line-limit-length\">23,4 V<\/span>\n                            <\/li>\n<li class=\"product-prop line-limit-length\"><span\n                                        class=\"property-title\">Isc:&nbsp;<\/span><span\n                                        class=\"property-desc line-limit-length\">13.32A<\/span>\n                            <\/li>\n<li class=\"product-prop line-limit-length\"><span\n                                        class=\"property-title\">Maksimaalne s\u00fcsteemi pinge:&nbsp;<\/span><span\n                                        class=\"property-desc line-limit-length\">1000 V<\/span>\n                            <\/li>\n<li class=\"product-prop line-limit-length\"><span\n                                        class=\"property-title\">V\u00e4ljundport:&nbsp;<\/span><span\n                                        class=\"property-desc line-limit-length\">MC3<\/span>\n                            <\/li>\n<\/ul><\/div>\n<div class=\"detailmodule_dynamic\"><kse:widget data-widget-type=\"relatedProduct\" id=\"1005000009406803\" title=\"\" type=\"relation\"><\/kse:widget><\/div>\n<div class=\"detailmodule_html\">\n<div class=\"detail-desc-decorate-richtext\">\n<p><\/p>\n<div style=\"background-color:rgb(240, 234, 255);margin:20px 0px 10px;margin-bottom:10px;margin-top:20px;margin-left:0px;margin-right:0px;width:100%;height:34px\">\n <span style=\"background-color:rgb(55, 139, 238);color:rgb(255, 255, 255);font-size:24px;font-family:Verdana, Arial\">T\u00e4hts\u00fcndmused<\/span><br \/>\n \n<\/div>\n<div class=\"detailmodule_text\">\n<div class=\"detailmodule_html\">\n<div class=\"detail-desc-decorate-richtext\">\n<div class=\"detailmodule_text\">\n    <\/p>\n<div class=\"detailmodule_html\">\n<div class=\"detail-desc-decorate-richtext\">\n<div class=\"detailmodule_text\">\n<p style=\"font-family:&quot;Microsoft YaHei&quot;;font-size:medium;font-weight:400;letter-spacing:normal;text-align:start;white-space:normal;color:rgb(0, 0, 0)\" align=\"start\"><span style=\"font-size:16px;font-family:arial, helvetica, sans-serif\"><strong>23% k\u00f5rge p\u00e4ikeseenergia muundamise efektiivsus<\/strong><\/span><span style=\"font-size:16px;font-family:arial, helvetica, sans-serif\"><br \/>Kuni 23% suure t\u00f5hususega monokristalliliste p\u00e4ikesepatareidega SP200 t\u00f6\u00f6tab paremini kui sarnase v\u00f5imsusega pol\u00fckristallilised p\u00e4ikesepaneelid h\u00e4maras valguses. See v\u00f5imaldab teil nautida oma seiklusi \u00f5ues, neelates p\u00e4ikeseenergiat matkates, telkides, haagissuvilates, haagissuvilates, paatides, kuurides ja kajutites.<\/span><\/p>\n<p style=\"font-family:&quot;Microsoft YaHei&quot;;font-size:medium;font-weight:400;letter-spacing:normal;text-align:start;white-space:normal;color:rgb(0, 0, 0)\" align=\"start\"><span style=\"font-size:16px;font-family:arial, helvetica, sans-serif\"><br \/><\/span><span style=\"font-size:16px;font-family:arial, helvetica, sans-serif\"><strong>Vastupidav, veekindel ja kriimustuskindel<\/strong><\/span><span style=\"font-size:16px;font-family:arial, helvetica, sans-serif\"><br \/>T\u00e4nu t\u00e4iustatud lamineerimistehnoloogiale ja kauakestvale ETFE-materjalile pinnal on see vastupidavam ja kriimustuskindlam. Paneel on valmistatud ka vastavalt IP65 veekindluse standardile, mist\u00f5ttu on see ideaalne v\u00e4litegevusteks, nagu telkimine, ronimine, matkamine ja isegi halbade ilmastikutingimuste korral.<\/span><\/p>\n<p style=\"font-family:&quot;Microsoft YaHei&quot;;font-size:medium;font-weight:400;letter-spacing:normal;text-align:start;white-space:normal;color:rgb(0, 0, 0)\" align=\"start\"><span style=\"font-size:16px;font-family:arial, helvetica, sans-serif\"><br \/><\/span><span style=\"font-size:16px;font-family:arial, helvetica, sans-serif\"><strong>Lai \u00fchilduvus<\/strong><\/span><span style=\"font-size:16px;font-family:arial, helvetica, sans-serif\"><br \/>Kasutades MC*3 pistikut, on see 200W p\u00e4ikesepaneel m\u00f5eldud kasutamiseks enamiku turul olevate p\u00e4ikesegeneraatoritega, sealhulgas k\u00f5igi FOSSiBOT p\u00e4ikesegeneraatoritega (F1200\/F2400\/F3600).<\/span><\/p>\n<p style=\"font-family:&quot;Microsoft YaHei&quot;;font-size:medium;font-weight:400;letter-spacing:normal;text-align:start;white-space:normal;color:rgb(0, 0, 0)\" align=\"start\"><span style=\"font-size:16px;font-family:arial, helvetica, sans-serif\"><br \/><\/span><span style=\"font-size:16px;font-family:arial, helvetica, sans-serif\"><strong>Kokkupandav ja kaasaskantav<\/strong><\/span><span style=\"font-size:16px;font-family:arial, helvetica, sans-serif\"><br \/>Kokkupandult on m\u00f5\u00f5tmed 53,8 x 61 x 0,35 cm ja kaal vaid 8,14 kg, mist\u00f5ttu on FOSSiBOT SP200 lihtne transportida ja paigaldada iga\u00fche jaoks.<\/span><\/p>\n<\/p><\/div><\/div><\/div><\/div><\/div><\/div>\n<\/div>\n<div style=\"background-color:rgb(240, 234, 255);margin:20px 0px 10px;margin-bottom:10px;margin-top:20px;margin-left:0px;margin-right:0px;width:100%;height:34px\">\n <span style=\"background-color:rgb(55, 139, 238);color:rgb(255, 255, 255);font-size:24px;font-family:Verdana, Arial\">Toote \u00fcksikasjad<\/span>\n<\/div>\n<p><img decoding=\"async\" src=\"https:\/\/ae01.alicdn.com\/kf\/S89269d1304d244d6825085ed26a94199U.jpg\" slate-data-type=\"image\" \/><img decoding=\"async\" src=\"https:\/\/ae01.alicdn.com\/kf\/S32da7a1cd93048cba18ad1f62617dedau.jpg\" slate-data-type=\"image\" \/><img decoding=\"async\" src=\"https:\/\/ae01.alicdn.com\/kf\/Sff50f17c033e41d7a5020a06abb677a5T.jpg\" slate-data-type=\"image\" \/><img decoding=\"async\" src=\"https:\/\/ae01.alicdn.com\/kf\/S943fd2cc02804e219cbaf439fcebaacc3.jpg\" slate-data-type=\"image\" \/><img decoding=\"async\" src=\"https:\/\/ae01.alicdn.com\/kf\/Se7cb5e74cd1e4d63955e4bb873234717N.jpg\" slate-data-type=\"image\" \/><img decoding=\"async\" src=\"https:\/\/ae01.alicdn.com\/kf\/S7b8bc89d3f664401a4ac84b13ac23a76H.jpg\" slate-data-type=\"image\" \/><img decoding=\"async\" src=\"https:\/\/ae01.alicdn.com\/kf\/S572f9a44f32f491ba072effdc79548e0o.jpg\" slate-data-type=\"image\" \/><img decoding=\"async\" src=\"https:\/\/ae01.alicdn.com\/kf\/S688f5faf9fc24134a20e112a89c2d2cdD.jpg\" slate-data-type=\"image\" \/><img decoding=\"async\" src=\"https:\/\/ae01.alicdn.com\/kf\/S32b6b6a1f9c14618a4d15c6d5b5c583aj.jpg\" slate-data-type=\"image\" \/><img decoding=\"async\" src=\"https:\/\/ae01.alicdn.com\/kf\/S720dab6e06e742bb947400fd438cb56bk.jpg\" slate-data-type=\"image\" \/><img decoding=\"async\" src=\"https:\/\/ae01.alicdn.com\/kf\/Sc90b9735d7a24aceaa67b785deec98e00.jpg\" slate-data-type=\"image\" \/><img decoding=\"async\" src=\"https:\/\/ae01.alicdn.com\/kf\/S31cfafb54fcf406d8f81b87e9705b9f5i.jpg\" slate-data-type=\"image\" \/><\/p>\n<div style=\"background-color:rgb(240, 234, 255);margin:20px 0px 10px;margin-bottom:10px;margin-top:20px;margin-left:0px;margin-right:0px;width:100%;height:34px\">\n <span style=\"background-color:rgb(55, 139, 238);color:rgb(255, 255, 255);font-size:24px;font-family:Verdana, Arial\">Spetsifikatsioon<\/span>\n<\/div>\n<p><\/p>\n<table style=\"border-collapse:collapse;font-family:&quot;Microsoft YaHei&quot;;width:1000px\" class=\"jbEidtTable\" border=\"1\" cellpadding=\"5\" cellspacing=\"0\">\n<tbody>\n<tr>\n<td style=\"text-align:left\" align=\"left\">\n<p><span style=\"font-size:16px;font-family:arial, helvetica, sans-serif\"><strong>\u00dcldine<\/strong><\/span><\/p>\n<\/td>\n<td style=\"text-align:left\" align=\"left\">\n<p><span style=\"font-size:16px;font-family:arial, helvetica, sans-serif\">Kaubam\u00e4rk: FOSSiBOT<br \/>T\u00fc\u00fcp: P\u00e4ikesepaneel<br \/>Mudel: SP200 uus versioon<br \/>V\u00e4rv: hall<\/span><\/p>\n<\/td>\n<\/tr>\n<tr>\n<td style=\"text-align:left\" align=\"left\">\n<p><span style=\"font-size:16px;font-family:arial, helvetica, sans-serif\"><strong>Spetsifikatsioon<\/strong><\/span><\/p>\n<\/td>\n<td style=\"text-align:left\" align=\"left\">\n<p><span style=\"font-size:16px;font-family:arial, helvetica, sans-serif\">Tippv\u00f5imsus: 200W (50Wx4)<br \/>Tolerants: \u00b110%<br \/>Aku t\u00fc\u00fcp: Monoelement (166x166mm)<br \/>Konversioonit\u00f5husus: 23,4%<br \/>Pinge: 18V<br \/>Vool: 11,1 A<br \/>Voolupinge: 21,6 V<br \/>Isc: 13,3 A<br \/>V\u00e4ljundport: MC4<br \/>T\u00f6\u00f6temperatuur: -10\u201365 Celsiuse j\u00e4rgi<br \/>S\u00e4ilitustemperatuur: -10\u201365 Celsiuse j\u00e4rgi<br \/>L\u00e4bilaskvus kokku: 97%<br \/>Niiskuse l\u00e4bilaskvus: 40 Celsiuse j\u00e4rgi \/ 90%RH g\/M2 p\u00e4evas<br \/>Veeimavus: 2,5% (24H)<br \/>Katse standardtingimused: Am1.5 25 Celsiuse j\u00e4rgi 1000 W\/m2<\/span><\/p>\n<\/td>\n<\/tr>\n<tr>\n<td style=\"text-align:left\" align=\"left\">\n<p><span style=\"font-size:16px;font-family:arial, helvetica, sans-serif\"><strong>Kaal ja suurus<\/strong><\/span><\/p>\n<\/td>\n<td style=\"text-align:left\" align=\"left\">\n<p><span style=\"font-size:16px;font-family:arial, helvetica, sans-serif\">Toote kaal: 8 kg<br \/>Paki kaal: 9,07 kg<br \/>Toote m\u00f5\u00f5dud (P x L x K): 531 * 2400 mm<br \/>Paki suurus (P x L x K): 590 * 95 * 710 mm<\/span><\/p>\n<\/td>\n<\/tr>\n<tr>\n<td style=\"text-align:left\" align=\"left\">\n<p><span style=\"font-size:16px;font-family:arial, helvetica, sans-serif\"><strong>Pakendi sisu<\/strong><\/span><\/p>\n<\/td>\n<td style=\"text-align:left\" align=\"left\">\n<p><span style=\"font-size:16px;font-family:arial, helvetica, sans-serif\">1 x 200W p\u00e4ikesepaneel&nbsp;<br \/>1 x kasutusjuhend<\/span><\/p>\n<\/td>\n<\/tr>\n<\/tbody>\n<\/table>\n<p><\/div>\n<\/div>","protected":false},"excerpt":{"rendered":"<p>Application:&nbsp;HOME Model Number:&nbsp;SP200 Peak Power:&nbsp;200W (50Wx4) Vmp:&nbsp;18V Imp:&nbsp;11.1A Voc:&nbsp;23.4V Isc:&nbsp;13.32A Maximum System Voltage:&nbsp;1000V Output Port:&nbsp;MC3 Highlights 23% High Solar Conversion EfficiencyWith up to 23% high-efficiency monocrystalline solar cells, SP200 performs<\/p>","protected":false},"featured_media":9144,"comment_status":"open","ping_status":"closed","template":"","meta":{"_acf_changed":false},"product_brand":[],"product_cat":[531],"product_tag":[],"class_list":{"0":"post-9143","1":"product","2":"type-product","3":"status-publish","4":"has-post-thumbnail","6":"product_cat-foldable-solar-panels","8":"first","9":"instock","10":"shipping-taxable","11":"purchasable","12":"product-type-simple"},"acf":[],"_links":{"self":[{"href":"https:\/\/electricstore.eu\/et\/wp-json\/wp\/v2\/product\/9143","targetHints":{"allow":["GET"]}}],"collection":[{"href":"https:\/\/electricstore.eu\/et\/wp-json\/wp\/v2\/product"}],"about":[{"href":"https:\/\/electricstore.eu\/et\/wp-json\/wp\/v2\/types\/product"}],"replies":[{"embeddable":true,"href":"https:\/\/electricstore.eu\/et\/wp-json\/wp\/v2\/comments?post=9143"}],"wp:featuredmedia":[{"embeddable":true,"href":"https:\/\/electricstore.eu\/et\/wp-json\/wp\/v2\/media\/9144"}],"wp:attachment":[{"href":"https:\/\/electricstore.eu\/et\/wp-json\/wp\/v2\/media?parent=9143"}],"wp:term":[{"taxonomy":"product_brand","embeddable":true,"href":"https:\/\/electricstore.eu\/et\/wp-json\/wp\/v2\/product_brand?post=9143"},{"taxonomy":"product_cat","embeddable":true,"href":"https:\/\/electricstore.eu\/et\/wp-json\/wp\/v2\/product_cat?post=9143"},{"taxonomy":"product_tag","embeddable":true,"href":"https:\/\/electricstore.eu\/et\/wp-json\/wp\/v2\/product_tag?post=9143"}],"curies":[{"name":"wp","href":"https:\/\/api.w.org\/{rel}","templated":true}]}}