{"id":9127,"date":"2025-05-20T17:45:09","date_gmt":"2025-05-20T17:45:09","guid":{"rendered":"https:\/\/electricstore.eu\/p\/uncategorized\/fossibot-sp420-420w-portable-foldable-solar-panel-23-4-conversion-efficiency-ip67-waterproof-durable-scratch-resistant\/"},"modified":"2025-05-20T17:45:23","modified_gmt":"2025-05-20T17:45:23","slug":"fossibot-sp420-420w-portable-foldable-solar-panel-23-4-conversion-efficiency-ip67-waterproof-durable-scratch-resistant","status":"publish","type":"product","link":"https:\/\/electricstore.eu\/et\/p\/batteries\/foldable-solar-panels\/fossibot-sp420-420w-portable-foldable-solar-panel-23-4-conversion-efficiency-ip67-waterproof-durable-scratch-resistant\/","title":{"rendered":"FOSSiBOT SP420 420W kaasaskantav kokkupandav p\u00e4ikesepaneel, 23.4% konversioonit\u00f5husus, IP67 veekindel, vastupidav, kriimustuskindel"},"content":{"rendered":"<div class=\"product-specs-list-container\">\n<ul class=\"product-specs-list util-clearfix\">\n<li class=\"product-prop line-limit-length\"><span\n                                        class=\"property-title\">Rakendus:&nbsp;<\/span><span\n                                        class=\"property-desc line-limit-length\">KODU<\/span>\n                            <\/li>\n<li class=\"product-prop line-limit-length\"><span\n                                        class=\"property-title\">Mudelinumber:&nbsp;<\/span><span\n                                        class=\"property-desc line-limit-length\">SP420<\/span>\n                            <\/li>\n<li class=\"product-prop line-limit-length\"><span\n                                        class=\"property-title\">Tippv\u00f5imsus:&nbsp;<\/span><span\n                                        class=\"property-desc line-limit-length\">420W (105W*4)<\/span>\n                            <\/li>\n<li class=\"product-prop line-limit-length\"><span\n                                        class=\"property-title\">Rakut\u00fc\u00fcp:&nbsp;<\/span><span\n                                        class=\"property-desc line-limit-length\">MonoCell (182 * 182 mm)<\/span>\n                            <\/li>\n<li class=\"product-prop line-limit-length\"><span\n                                        class=\"property-title\">Konversioonit\u00f5husus:&nbsp;<\/span><span\n                                        class=\"property-desc line-limit-length\">23.4%<\/span>\n                            <\/li>\n<li class=\"product-prop line-limit-length\"><span\n                                        class=\"property-title\">Vmp:&nbsp;<\/span><span\n                                        class=\"property-desc line-limit-length\">32V<\/span>\n                            <\/li>\n<li class=\"product-prop line-limit-length\"><span\n                                        class=\"property-title\">Imp:&nbsp;<\/span><span\n                                        class=\"property-desc line-limit-length\">13.1A<\/span>\n                            <\/li>\n<li class=\"product-prop line-limit-length\"><span\n                                        class=\"property-title\">Vokaal:&nbsp;<\/span><span\n                                        class=\"property-desc line-limit-length\">38.4V<\/span>\n                            <\/li>\n<li class=\"product-prop line-limit-length\"><span\n                                        class=\"property-title\">Isc:&nbsp;<\/span><span\n                                        class=\"property-desc line-limit-length\">15.7A<\/span>\n                            <\/li>\n<li class=\"product-prop line-limit-length\"><span\n                                        class=\"property-title\">V\u00e4ljundport:&nbsp;<\/span><span\n                                        class=\"property-desc line-limit-length\">MC4<\/span>\n                            <\/li>\n<li class=\"product-prop line-limit-length\"><span\n                                        class=\"property-title\">T\u00f6\u00f6temperatuur:&nbsp;<\/span><span\n                                        class=\"property-desc line-limit-length\">-10 &#8211; 65 Celsius<\/span>\n                            <\/li>\n<li class=\"product-prop line-limit-length\"><span\n                                        class=\"property-title\">Storage Ambient Temperature:&nbsp;<\/span><span\n                                        class=\"property-desc line-limit-length\">-10 &#8211; 65 Celsius<\/span>\n                            <\/li>\n<li class=\"product-prop line-limit-length\"><span\n                                        class=\"property-title\">Total Transmittance:&nbsp;<\/span><span\n                                        class=\"property-desc line-limit-length\">97%<\/span>\n                            <\/li>\n<\/ul><\/div>\n<div class=\"detailmodule_dynamic\"><kse:widget data-widget-type=\"relatedProduct\" id=\"1005000009406803\" title=\"\" type=\"relation\"><\/kse:widget><\/div>\n<div class=\"detailmodule_html\">\n<div class=\"detail-desc-decorate-richtext\">\n<p><\/p>\n<div style=\"background-color:rgb(240, 234, 255);margin:20px 0px 10px;margin-bottom:10px;margin-top:20px;margin-left:0px;margin-right:0px;width:100%;height:34px\">\n <span style=\"background-color:rgb(55, 139, 238);color:rgb(255, 255, 255);font-size:24px;font-family:Verdana, Arial\">T\u00e4hts\u00fcndmused<\/span><br \/>\n \n<\/div>\n<div class=\"detailmodule_text\">\n<div>\n  &nbsp;\n <\/div>\n<div class=\"detailmodule_html\">\n<div class=\"detail-desc-decorate-richtext\">\n<div class=\"detailmodule_text\">\n<p style=\"font-family:&quot;Microsoft YaHei&quot;;font-size:medium;font-weight:400;letter-spacing:normal;text-align:start;white-space:normal;color:rgb(0, 0, 0)\" align=\"start\"><span style=\"font-size:16px;font-family:arial, helvetica, sans-serif\"><strong>23.4% k\u00f5rge p\u00e4ikeseenergia muundamise efektiivsus<\/strong><\/span><span style=\"font-size:16px;font-family:arial, helvetica, sans-serif\"><br \/>With up to 23.4% high-efficiency monocrystalline solar cells, SP420 performs better than similarly rated polycrystalline solar panels at low-light conditions. It allows you to enjoy your outdoor adventures absorbing solar energy while hiking, camping, RVs, trailers, boats, sheds, and cabins.<\/span><\/p>\n<div>\n     \n    <\/div>\n<p style=\"font-family:&quot;Microsoft YaHei&quot;;font-size:medium;font-weight:400;letter-spacing:normal;text-align:start;white-space:normal;color:rgb(0, 0, 0)\" align=\"start\"><span style=\"font-size:16px;font-family:arial, helvetica, sans-serif\"><strong>Vastupidav, veekindel ja kriimustuskindel<\/strong><\/span><span style=\"font-size:16px;font-family:arial, helvetica, sans-serif\"><br \/>Adopting durable EFTE coating on the surface, it is more long-lasting and scratch-resistant. The panel is also manufactured in accordance with the IP67 waterproof standard, making it ideal for outdoor activities, such as camping, climbing, hiking, and even in poor weather conditions.<\/span><\/p>\n<div>\n     \n    <\/div>\n<p style=\"font-family:&quot;Microsoft YaHei&quot;;font-size:medium;font-weight:400;letter-spacing:normal;text-align:start;white-space:normal;color:rgb(0, 0, 0)\" align=\"start\"><span style=\"font-size:16px;font-family:arial, helvetica, sans-serif\"><strong>Lai \u00fchilduvus<\/strong><\/span><span style=\"font-size:16px;font-family:arial, helvetica, sans-serif\"><br \/>SP420 is a perfect match for FOSSiBOT F3600. With 4 SP420 solar panels, F3600 can be fully charged in about 2 hours and 16 minutes. Using a 3-in-1 solar charging cable, this 420W solar panel is designed to be used with most solar generators on the market.<\/span><\/p>\n<div>\n     \n    <\/div>\n<p style=\"font-family:&quot;Microsoft YaHei&quot;;font-size:medium;font-weight:400;letter-spacing:normal;text-align:start;white-space:normal;color:rgb(0, 0, 0)\" align=\"start\"><span style=\"font-size:16px;font-family:arial, helvetica, sans-serif\"><strong>Kokkupandav ja kaasaskantav<\/strong><\/span><span style=\"font-size:16px;font-family:arial, helvetica, sans-serif\"><br \/>With a folded size of 55 x 103.6cm and weighing in at only 13.97Kg, the FOSSiBOT SP420 is easy to transport and install for anyone. It also has adjustable kickstands which enable you to adjust the solar panel according to the sun.<\/span><\/p>\n<\/p><\/div><\/div><\/div>\n<\/div>\n<div style=\"background-color:rgb(240, 234, 255);margin:20px 0px 10px;margin-bottom:10px;margin-top:20px;margin-left:0px;margin-right:0px;width:100%;height:34px\">\n <span style=\"background-color:rgb(55, 139, 238);color:rgb(255, 255, 255);font-size:24px;font-family:Verdana, Arial\">Toote \u00fcksikasjad<\/span>\n<\/div>\n<p><img decoding=\"async\" src=\"https:\/\/ae01.alicdn.com\/kf\/S62ec3a0c3e644bd99cd6619bcd7e42acC.jpg\" slate-data-type=\"image\" \/><img decoding=\"async\" src=\"https:\/\/ae01.alicdn.com\/kf\/Sa47407bc49344f1d80350890cb0399f2I.jpg\" slate-data-type=\"image\" \/><img decoding=\"async\" src=\"https:\/\/ae01.alicdn.com\/kf\/S15014a276b8748e2b0da3b0642f8a55dp.jpg\" slate-data-type=\"image\" \/><img decoding=\"async\" src=\"https:\/\/ae01.alicdn.com\/kf\/Sb4d2896d72f14d5dbd3527071ef00d67q.jpg\" slate-data-type=\"image\" \/><img decoding=\"async\" src=\"https:\/\/ae01.alicdn.com\/kf\/Sfd38ecc39c984d278e032c35e8b996a4L.jpg\" slate-data-type=\"image\" \/><img decoding=\"async\" src=\"https:\/\/ae01.alicdn.com\/kf\/Se3012de06b4b415592d48cccb43353e68.jpg\" slate-data-type=\"image\" \/><img decoding=\"async\" src=\"https:\/\/ae01.alicdn.com\/kf\/S5e27bdd183694e4489a441b03ceeb6dej.jpg\" slate-data-type=\"image\" \/><img decoding=\"async\" src=\"https:\/\/ae01.alicdn.com\/kf\/Se34fe8313fa54c7fbe713ff14402ac6c7.jpg\" slate-data-type=\"image\" \/><\/p>\n<div style=\"background-color:rgb(240, 234, 255);margin:20px 0px 10px;margin-bottom:10px;margin-top:20px;margin-left:0px;margin-right:0px;width:100%;height:34px\">\n <span style=\"background-color:rgb(55, 139, 238);color:rgb(255, 255, 255);font-size:24px;font-family:Verdana, Arial\">Spetsifikatsioon<\/span>\n<\/div>\n<p><\/p>\n<table style=\"border-collapse:collapse;font-family:&quot;Microsoft YaHei&quot;;width:1000px\" class=\"jbEidtTable\" border=\"1\" cellpadding=\"5\" cellspacing=\"0\">\n<tbody>\n<tr>\n<td style=\"text-align:left\" align=\"left\">\n<p><span style=\"font-size:16px;font-family:arial, helvetica, sans-serif\"><strong>\u00dcldine<\/strong><\/span><\/p>\n<\/td>\n<td style=\"text-align:left\" align=\"left\">\n<p><span style=\"font-size:16px;font-family:arial, helvetica, sans-serif\">Kaubam\u00e4rk: FOSSiBOT<br \/>T\u00fc\u00fcp: P\u00e4ikesepaneel<br \/>Mudel: SP420<br \/>V\u00e4rv: must<\/span><\/p>\n<\/td>\n<\/tr>\n<tr>\n<td style=\"text-align:left\" align=\"left\">\n<p><span style=\"font-size:16px;font-family:arial, helvetica, sans-serif\"><strong>Spetsifikatsioon<\/strong><\/span><\/p>\n<\/td>\n<td style=\"text-align:left\" align=\"left\">\n<p><span style=\"font-size:16px;font-family:arial, helvetica, sans-serif\">Tippv\u00f5imsus: 420W (105W*4)<br \/>Elementide t\u00fc\u00fcp: MonoCell (182 * 182 mm)<br \/>Konversioonit\u00f5husus: 23,4%<br \/>Pinge: 32V<br \/>Vool: 13,1 A<br \/>Voolupinge: 38,4 V<br \/>Isc: 15,7 A<br \/>V\u00e4ljundport: MC4<br \/>T\u00f6\u00f6temperatuur: -10\u201365 Celsiuse j\u00e4rgi<br \/>S\u00e4ilitustemperatuur: -10\u201365 Celsiuse j\u00e4rgi<br \/>L\u00e4bilaskvus kokku: 97%<br \/>Moisture Permeability: 40Celsius \/ 90%RH g\/M&sup2;. Day<br \/>Veeimavus: 2,5% (24H)<br \/>Katse standardtingimused: Am1.5 25Celsius 1000W\/\u33a1<br \/>\u00dcks-kolm \u00fclekandejuhtmestik: kehtib k\u00f5igile FOSSiBOT toiteallikatele, aga ka teistele energiabr\u00e4ndidele<br \/>salvestustoiteallikas<\/span><\/p>\n<\/td>\n<\/tr>\n<tr>\n<td style=\"text-align:left\" align=\"left\">\n<p><span style=\"font-size:16px;font-family:arial, helvetica, sans-serif\"><strong>Kaal ja suurus<\/strong><\/span><\/p>\n<\/td>\n<td style=\"text-align:left\" align=\"left\">\n<p><span style=\"font-size:16px;font-family:arial, helvetica, sans-serif\">Toote kaal: 13,97 kg<br \/>Paki kaal: 15 kg<br \/>Kokkupandud suurus: 550 * 1036 mm<br \/>Voltimata suurus: 2231 * 1036 mm<br \/>Paki suurus (P x L x K): 1070 * 135 * 800 mm<\/span><\/p>\n<\/td>\n<\/tr>\n<tr>\n<td style=\"text-align:left\" align=\"left\">\n<p><span style=\"font-size:16px;font-family:arial, helvetica, sans-serif\"><strong>Pakendi sisu<\/strong><\/span><\/p>\n<\/td>\n<td style=\"text-align:left\" align=\"left\">\n<p><span style=\"font-size:16px;font-family:arial, helvetica, sans-serif\">1 x p\u00e4ikesepaneel<br \/>1 x kasutusjuhend<\/span><\/p>\n<\/td>\n<\/tr>\n<\/tbody>\n<\/table>\n<p><\/p>\n<\/div>\n<\/div>","protected":false},"excerpt":{"rendered":"<p>Application:&nbsp;HOME Model Number:&nbsp;SP420 Peak Power:&nbsp;420W (105W*4) Cell Type:&nbsp;MonoCell (182*182mm) Conversion Efficiency:&nbsp;23.4% Vmp:&nbsp;32V Imp:&nbsp;13.1A Voc:&nbsp;38.4V Isc:&nbsp;15.7A Output Port:&nbsp;MC4 Working Temperature:&nbsp;-10 &#8211; 65 Celsius Storage Ambient Temperature:&nbsp;-10 &#8211; 65 Celsius Total Transmittance:&nbsp;97%<\/p>","protected":false},"featured_media":9129,"comment_status":"open","ping_status":"closed","template":"","meta":{"_acf_changed":false},"product_brand":[],"product_cat":[531],"product_tag":[],"class_list":{"0":"post-9127","1":"product","2":"type-product","3":"status-publish","4":"has-post-thumbnail","6":"product_cat-foldable-solar-panels","8":"first","9":"instock","10":"shipping-taxable","11":"purchasable","12":"product-type-simple"},"acf":[],"_links":{"self":[{"href":"https:\/\/electricstore.eu\/et\/wp-json\/wp\/v2\/product\/9127","targetHints":{"allow":["GET"]}}],"collection":[{"href":"https:\/\/electricstore.eu\/et\/wp-json\/wp\/v2\/product"}],"about":[{"href":"https:\/\/electricstore.eu\/et\/wp-json\/wp\/v2\/types\/product"}],"replies":[{"embeddable":true,"href":"https:\/\/electricstore.eu\/et\/wp-json\/wp\/v2\/comments?post=9127"}],"wp:featuredmedia":[{"embeddable":true,"href":"https:\/\/electricstore.eu\/et\/wp-json\/wp\/v2\/media\/9129"}],"wp:attachment":[{"href":"https:\/\/electricstore.eu\/et\/wp-json\/wp\/v2\/media?parent=9127"}],"wp:term":[{"taxonomy":"product_brand","embeddable":true,"href":"https:\/\/electricstore.eu\/et\/wp-json\/wp\/v2\/product_brand?post=9127"},{"taxonomy":"product_cat","embeddable":true,"href":"https:\/\/electricstore.eu\/et\/wp-json\/wp\/v2\/product_cat?post=9127"},{"taxonomy":"product_tag","embeddable":true,"href":"https:\/\/electricstore.eu\/et\/wp-json\/wp\/v2\/product_tag?post=9127"}],"curies":[{"name":"wp","href":"https:\/\/api.w.org\/{rel}","templated":true}]}}