{"id":9114,"date":"2025-05-20T17:45:02","date_gmt":"2025-05-20T17:45:02","guid":{"rendered":"https:\/\/electricstore.eu\/p\/uncategorized\/cloudenergy-12v-200ah-lifepo4-battery-pack-backup-power-2560wh-energy-6000-cycles-built-in-100a-bms-support-in-series-parallel\/"},"modified":"2025-05-20T17:45:02","modified_gmt":"2025-05-20T17:45:02","slug":"cloudenergy-12v-200ah-lifepo4-battery-pack-backup-power-2560wh-energy-6000-cycles-built-in-100a-bms-support-in-series-parallel","status":"publish","type":"product","link":"https:\/\/electricstore.eu\/et\/p\/batteries\/lifepo4-batteries\/200ah-lifepo4-batteries\/cloudenergy-12v-200ah-lifepo4-battery-pack-backup-power-2560wh-energy-6000-cycles-built-in-100a-bms-support-in-series-parallel\/","title":{"rendered":"Cloudenergy 12V 200Ah LiFePO4 akupakett Varuv\u00f5imsus 2560Wh Energia 6000+ ts\u00fcklit Sisseehitatud 100A BMS tugi jada-\/paralleel\u00fchenduses"},"content":{"rendered":"<div class=\"product-specs-list-container\">\n<ul class=\"product-specs-list util-clearfix\">\n<li class=\"product-prop line-limit-length\"><span\n                                        class=\"property-title\">Ekraani kuvamine:&nbsp;<\/span><span\n                                        class=\"property-desc line-limit-length\">Jah<\/span>\n                            <\/li>\n<li class=\"product-prop line-limit-length\"><span\n                                        class=\"property-title\">Nimimaht:&nbsp;<\/span><span\n                                        class=\"property-desc line-limit-length\">&gt;3500mAh<\/span>\n                            <\/li>\n<li class=\"product-prop line-limit-length\"><span\n                                        class=\"property-title\">Mudelinumber:&nbsp;<\/span><span\n                                        class=\"property-desc line-limit-length\">CL12-200<\/span>\n                            <\/li>\n<li class=\"product-prop line-limit-length\"><span\n                                        class=\"property-title\">T\u00fc\u00fcp:&nbsp;<\/span><span\n                                        class=\"property-desc line-limit-length\">LiFePO4<\/span>\n                            <\/li>\n<li class=\"product-prop line-limit-length\"><span\n                                        class=\"property-title\">Komplekti t\u00fc\u00fcp:&nbsp;<\/span><span\n                                        class=\"property-desc line-limit-length\">Laadija komplektid<\/span>\n                            <\/li>\n<\/ul><\/div>\n<div class=\"detailmodule_dynamic\"><kse:widget data-widget-type=\"customText\" id=\"1005000009406803\" type=\"relation\"><\/kse:widget><\/div>\n<div class=\"detailmodule_html\">\n<div class=\"detail-desc-decorate-richtext\">\n<p><\/p>\n<div style=\"background-color:rgb(240, 234, 255);margin:20px 0px 10px;margin-bottom:10px;margin-top:20px;margin-left:0px;margin-right:0px;width:100%;height:34px\"><span style=\"background-color:rgb(55, 139, 238);color:rgb(255, 255, 255);font-size:24px;font-family:Verdana, Arial\">T\u00e4hts\u00fcndmused<\/span><\/div>\n<div class=\"detailmodule_text\">\n<p style=\"font-family:&quot;Microsoft YaHei&quot;;letter-spacing:normal;text-align:start;white-space:normal;color:rgb(0, 0, 0)\" align=\"start\"><strong><span style=\"font-size:16px;font-family:arial, helvetica, sans-serif\">Usaldusv\u00e4\u00e4rne autot\u00f6\u00f6stusele sobiv liitiumaku<\/span><\/strong><\/p>\n<p style=\"font-family:&quot;Microsoft YaHei&quot;;font-size:medium;font-weight:400;letter-spacing:normal;text-align:start;white-space:normal;color:rgb(0, 0, 0)\" align=\"start\"><span style=\"font-size:16px;font-family:arial, helvetica, sans-serif\">Cloudenegy LiFePO4 akud on erakordse kvaliteediga, kuna need on valmistatud autot\u00f6\u00f6stusele m\u00f5eldud LiFePO4 elementidest, millel on suurem energiatihedus, stabiilsem j\u00f5udlus ja suurem v\u00f5imsus. K\u00f5rgeim ohutustase p\u00f5hineb aku sees oleva elemendi UL-testimise sertifikaadil ja sisseehitatud 100A BMS-il, mis kaitseb seda \u00fclelaadimise, \u00fclet\u00fchjenemise, \u00fclevoolu ja l\u00fchise eest suurep\u00e4rase iset\u00fchjenemise kiirusega. 100% ohutu, mittetoksiline, taastuvenergia.<\/span><\/p>\n<p><\/p>\n<p style=\"font-family:&quot;Microsoft YaHei&quot;;letter-spacing:normal;text-align:start;white-space:normal;color:rgb(0, 0, 0)\" align=\"start\"><strong><span style=\"font-size:16px;font-family:arial, helvetica, sans-serif\">Ideaalne v\u00f5rguv\u00e4liseks ja v\u00e4litingimustes kasutamiseks<\/span><\/strong><\/p>\n<p style=\"font-family:&quot;Microsoft YaHei&quot;;font-size:medium;font-weight:400;letter-spacing:normal;text-align:start;white-space:normal;color:rgb(0, 0, 0)\" align=\"start\"><span style=\"font-size:16px;font-family:arial, helvetica, sans-serif\">Cloudenegy LiFePO4 akut saab \u00fchendada paralleelselt ja j\u00e4rjestikku suurema mahutavuse (max 1200 Ah) ja k\u00f5rgema pinge (24 V, 36 V, 48 V) saavutamiseks, mis teeb selle ideaalseks v\u00f5rguv\u00e4liste p\u00e4ikeses\u00fcsteemide ja v\u00e4litingimuste jaoks, n\u00e4iteks koduse varutoiteallika, haagissuvila, telkimise, purjepaadi jms jaoks. Te ei pea muretsema, et akut ei saa pilvisel p\u00e4eval laadida, kuna aku pikk t\u00f6\u00f6iga tagab teile usaldusv\u00e4\u00e4rse toite v\u00f5i pikemad ja nauditavamad reisid.<\/span><\/p>\n<\/div>\n<p style=\"background-color:rgb(240, 234, 255);margin:20px 0px 10px;margin-bottom:10px;margin-top:20px;margin-left:0px;margin-right:0px;width:100%;height:34px\"><span style=\"background-color:rgb(55, 139, 238);color:rgb(255, 255, 255);font-size:24px;font-family:arial, helvetica, sans-serif\">Toote \u00fcksikasjad<\/span><\/p>\n<p><img decoding=\"async\" src=\"https:\/\/ae01.alicdn.com\/kf\/S822ca4e687e94c8d919f098006b9f1dcQ.jpg\" slate-data-type=\"image\"\/><img decoding=\"async\" src=\"https:\/\/ae01.alicdn.com\/kf\/Sa01ef147b9d648e19ceab5cc2cd1eb99x.jpg\" slate-data-type=\"image\"\/><img decoding=\"async\" src=\"https:\/\/ae01.alicdn.com\/kf\/S60c16e941a244e4a8eee26ecf5c9efedp.jpg\" slate-data-type=\"image\"\/><img decoding=\"async\" src=\"https:\/\/ae01.alicdn.com\/kf\/S58d99ef8f4c24db5b42c435e4f3dbf18g.jpg\" slate-data-type=\"image\"\/><img decoding=\"async\" src=\"https:\/\/ae01.alicdn.com\/kf\/S484ac22225bc4b5391285e1a6e0ccbfcZ.jpg\" slate-data-type=\"image\"\/><img decoding=\"async\" src=\"https:\/\/ae01.alicdn.com\/kf\/S33aebde8eaba44fea230eb640473d6318.jpg\" slate-data-type=\"image\"\/><img decoding=\"async\" src=\"https:\/\/ae01.alicdn.com\/kf\/S2b2770b31d1b4d3981b94d65582a0533E.jpg\" slate-data-type=\"image\"\/><img decoding=\"async\" src=\"https:\/\/ae01.alicdn.com\/kf\/Sfbbc8adc32a04d33be55472718724c23e.jpg\" slate-data-type=\"image\"\/><img decoding=\"async\" src=\"https:\/\/ae01.alicdn.com\/kf\/Se0a2305d5e4e4aa693575eccfe0f2ec1A.jpg\" slate-data-type=\"image\"\/><img decoding=\"async\" src=\"https:\/\/ae01.alicdn.com\/kf\/S6feae6d3da7f4067bbfaebe5277d3b75d.jpg\" slate-data-type=\"image\"\/><\/p>\n<div style=\"background-color:rgb(240, 234, 255);margin:20px 0px 10px;margin-bottom:10px;margin-top:20px;margin-left:0px;margin-right:0px;width:100%;height:34px\"><span style=\"background-color:rgb(55, 139, 238);color:rgb(255, 255, 255);font-size:24px;font-family:Verdana, Arial\">Spetsifikatsioon<\/span><\/div>\n<div>\u00a0<\/div>\n<table style=\"border-collapse:collapse;font-family:&quot;Microsoft YaHei&quot;;width:1000px\" class=\"jbEidtTable\" border=\"1\" cellpadding=\"5\" cellspacing=\"0\">\n<tbody>\n<tr>\n<td style=\"text-align:left\" align=\"left\">\n<p><strong>\u00dcldine<\/strong><\/p>\n<\/td>\n<td style=\"text-align:left\" align=\"left\">\n<p><span style=\"font-size:16px;font-family:arial, helvetica, sans-serif\">Kaubam\u00e4rk: Cloudenergy<br \/>T\u00fc\u00fcp: LiFePO4 akupakett<br \/>Mudel: CL12-200<br \/>V\u00e4rv: oran\u017e+must<\/span><\/p>\n<\/td>\n<\/tr>\n<tr>\n<td style=\"text-align:left\" align=\"left\">\n<p><strong>Spetsifikatsioon<\/strong><\/p>\n<\/td>\n<td style=\"text-align:left\" align=\"left\">\n<p><span style=\"font-size:16px;font-family:arial, helvetica, sans-serif\">Nimipinge: 12,8 V<br \/>Nimimaht: 200Ah<br \/>Laadimispinge: 14,2\u201314,6 V<br \/>Energia: 2560Wh<br \/>Maksimaalne pidev laadimisvool: 100A<br \/>Maksimaalne pidev t\u00fchjendusvool: 100A<br \/>Soovitatav laadimisvool: 40A (0,2C)<br \/>Maksimaalne koormus \/ inverteri v\u00f5imsus: 1280W<br \/>Laadimistemperatuur: 0\u201350 Celsiuse j\u00e4rgi (32\u2013122 Fahrenheiti j\u00e4rgi)<br \/>T\u00fchjendustemperatuur: -20 kuni 60 Celsiuse j\u00e4rgi (-4 kuni 140 Fahrenheiti j\u00e4rgi)<br \/>S\u00e4ilitustemperatuur: -10 kuni 50 Celsiuse j\u00e4rgi (14 kuni 122 Fahrenheiti j\u00e4rgi)<br \/>Veekindel: IP63<br \/>Terminal: M8<\/span><\/p>\n<\/td>\n<\/tr>\n<tr>\n<td style=\"text-align:left\" align=\"left\">\n<p><strong>Kaal ja suurus<\/strong><\/p>\n<\/td>\n<td style=\"text-align:left\" align=\"left\">\n<p><span style=\"font-size:16px;font-family:arial, helvetica, sans-serif\">Toote kaal: 19,5 kg<br \/>Paki kaal: 21 kg<br \/>Toote m\u00f5\u00f5dud (P x L x K): 53,2 \u00d7 20,7 \u00d7 21,5 cm<br \/>Paki m\u00f5\u00f5dud (P x L x K): 56,2 \u00d7 24,7 \u00d7 24,5 cm<\/span><\/p>\n<\/td>\n<\/tr>\n<tr>\n<td style=\"text-align:left\" align=\"left\">\n<p><strong>Pakendi sisu<\/strong><\/p>\n<\/td>\n<td style=\"text-align:left\" align=\"left\">\n<p>1 x LiFePO4 akupakett<br \/>1 x kasutusjuhend<\/p>\n<\/td>\n<\/tr>\n<\/tbody>\n<\/table>\n<\/div>\n<\/div>\n<p><\/p>","protected":false},"excerpt":{"rendered":"<p>Display screen:&nbsp;Yes Nominal Capacity:&nbsp;&gt;3500mAh Model Number:&nbsp;CL12-200 Type:&nbsp;LiFePO4 Set Type:&nbsp;Charger Sets Highlights Reliable Automotive Grade Lithium Battery Cloudenegy LiFePO4 batteries have exceptional quality since they are manufactured by automotive-grade LiFePO4 Cells<\/p>","protected":false},"featured_media":9115,"comment_status":"open","ping_status":"closed","template":"","meta":{"_acf_changed":false},"product_brand":[],"product_cat":[238],"product_tag":[],"class_list":{"0":"post-9114","1":"product","2":"type-product","3":"status-publish","4":"has-post-thumbnail","6":"product_cat-200ah-lifepo4-batteries","8":"first","9":"instock","10":"shipping-taxable","11":"purchasable","12":"product-type-simple"},"acf":[],"_links":{"self":[{"href":"https:\/\/electricstore.eu\/et\/wp-json\/wp\/v2\/product\/9114","targetHints":{"allow":["GET"]}}],"collection":[{"href":"https:\/\/electricstore.eu\/et\/wp-json\/wp\/v2\/product"}],"about":[{"href":"https:\/\/electricstore.eu\/et\/wp-json\/wp\/v2\/types\/product"}],"replies":[{"embeddable":true,"href":"https:\/\/electricstore.eu\/et\/wp-json\/wp\/v2\/comments?post=9114"}],"wp:featuredmedia":[{"embeddable":true,"href":"https:\/\/electricstore.eu\/et\/wp-json\/wp\/v2\/media\/9115"}],"wp:attachment":[{"href":"https:\/\/electricstore.eu\/et\/wp-json\/wp\/v2\/media?parent=9114"}],"wp:term":[{"taxonomy":"product_brand","embeddable":true,"href":"https:\/\/electricstore.eu\/et\/wp-json\/wp\/v2\/product_brand?post=9114"},{"taxonomy":"product_cat","embeddable":true,"href":"https:\/\/electricstore.eu\/et\/wp-json\/wp\/v2\/product_cat?post=9114"},{"taxonomy":"product_tag","embeddable":true,"href":"https:\/\/electricstore.eu\/et\/wp-json\/wp\/v2\/product_tag?post=9114"}],"curies":[{"name":"wp","href":"https:\/\/api.w.org\/{rel}","templated":true}]}}