{"id":9090,"date":"2025-05-20T17:44:47","date_gmt":"2025-05-20T17:44:47","guid":{"rendered":"https:\/\/electricstore.eu\/p\/uncategorized\/flashfish-p63-portable-power-station-520wh-140400mah-lithium-battery-solar-generator-500w-ac-output-5xdc-ouputs-4xusb-outputs\/"},"modified":"2025-05-20T17:45:01","modified_gmt":"2025-05-20T17:45:01","slug":"flashfish-p63-portable-power-station-520wh-140400mah-lithium-battery-solar-generator-500w-ac-output-5xdc-ouputs-4xusb-outputs","status":"publish","type":"product","link":"https:\/\/electricstore.eu\/et\/p\/batteries\/portable-power-stations\/flashfish-p63-portable-power-station-520wh-140400mah-lithium-battery-solar-generator-500w-ac-output-5xdc-ouputs-4xusb-outputs\/","title":{"rendered":"Flashfish P63 kaasaskantav elektrijaam 520Wh\/140-400mAh liitiumakuga p\u00e4ikesegeneraator, 500W vahelduvvoolu v\u00e4ljund, 5xDC v\u00e4ljundit, 4xUSB v\u00e4ljundit"},"content":{"rendered":"<div class=\"product-specs-list-container\">\n<ul class=\"product-specs-list util-clearfix\">\n<li class=\"product-prop line-limit-length\"><span\n                                        class=\"property-title\">Ekraani kuvamine:&nbsp;<\/span><span\n                                        class=\"property-desc line-limit-length\">Jah<\/span>\n                            <\/li>\n<li class=\"product-prop line-limit-length\"><span\n                                        class=\"property-title\">Nimimaht:&nbsp;<\/span><span\n                                        class=\"property-desc line-limit-length\">&gt;3500mAh<\/span>\n                            <\/li>\n<li class=\"product-prop line-limit-length\"><span\n                                        class=\"property-title\">Mudelinumber:&nbsp;<\/span><span\n                                        class=\"property-desc line-limit-length\">P63<\/span>\n                            <\/li>\n<li class=\"product-prop line-limit-length\"><span\n                                        class=\"property-title\">T\u00fc\u00fcp:&nbsp;<\/span><span\n                                        class=\"property-desc line-limit-length\">LiFePO4<\/span>\n                            <\/li>\n<li class=\"product-prop line-limit-length\"><span\n                                        class=\"property-title\">Komplekti t\u00fc\u00fcp:&nbsp;<\/span><span\n                                        class=\"property-desc line-limit-length\">Laadija komplektid<\/span>\n                            <\/li>\n<\/ul><\/div>\n<div class=\"detailmodule_dynamic\"><kse:widget data-widget-type=\"customText\" id=\"1005000009406803\" type=\"relation\"><\/kse:widget><\/div>\n<div class=\"detailmodule_html\">\n<div class=\"detail-desc-decorate-richtext\">\n<p><\/p>\n<div style=\"background-color:rgb(240, 234, 255);margin:20px 0px 10px;margin-bottom:10px;margin-top:20px;margin-left:0px;margin-right:0px;width:100%;height:34px\"><span style=\"background-color:rgb(55, 139, 238);color:rgb(255, 255, 255);font-size:24px;font-family:Verdana, Arial\">T\u00e4hts\u00fcndmused<\/span><\/div>\n<div class=\"detailmodule_text\">\n<div class=\"detailmodule_html\">\n<div class=\"detail-desc-decorate-richtext\">\n<div class=\"detailmodule_text-image\">\n<div class=\"detailmodule_text-image\">\n<div class=\"detailmodule_text-image\">\n<div class=\"detailmodule_text-image\">\n<p><span style=\"color:rgb(0, 0, 0);font-size:16px;font-family:arial, helvetica, sans-serif\">Sisseehitatud mitmeotstarbelised kaitsed (tr\u00fckkplaadi lC temperatuuri reguleerimine)<br \/>1. Sisseehitatud suure v\u00f5imsusega 18650 liitiumioonaku;<br \/>2. Kuni 520 Wh aku v\u00f5imsus;<br \/>3. Vahelduvvoolu puhas siinuslaine v\u00e4ljund parema energiat\u00f5hususe tagamiseks;<br \/>4. Kuni 500 W vahelduvvoolu pidev v\u00e4ljund, 1000 W maksimaalne v\u00e4ljundv\u00f5imsus;<br \/>5. Toetab 1 * C-t\u00fc\u00fcpi 5V-9V\/2A v\u00e4ljundit;<br \/>6. Toetab 1 * QC USB v\u00e4ljundit, 2 * USB 5V\/2A v\u00e4ljundit;<br \/>7. Toetab 5 * DC 12V10A v\u00e4ljundeid;<br \/>8. Kaitse, sealhulgas l\u00fchise-, \u00fclekoormuse-, \u00fclekuumenemiskindlus jne.<br \/>9. Sisseehitatud nutikas ventilaator soojuse hajutamiseks;<br \/>10. CPAP-aparaadi v\u00f5rguv\u00e4line toide;<\/span><\/p>\n<\/div>\n<\/div>\n<\/div>\n<\/div>\n<\/div>\n<\/div>\n<\/div>\n<div style=\"background-color:rgb(240, 234, 255);margin:20px 0px 10px;margin-bottom:10px;margin-top:20px;margin-left:0px;margin-right:0px;width:100%;height:34px\"><span style=\"background-color:rgb(55, 139, 238);color:rgb(255, 255, 255);font-size:24px;font-family:Verdana, Arial\">Toote \u00fcksikasjad<\/span><\/div>\n<p><img decoding=\"async\" src=\"https:\/\/ae01.alicdn.com\/kf\/S29ae8d171a7a4701b10c116a689be171m.jpg\" slate-data-type=\"image\"\/><img decoding=\"async\" src=\"https:\/\/ae01.alicdn.com\/kf\/S208fe539e6c0463cb36cf31adbe4edc0X.jpg\" slate-data-type=\"image\"\/><img decoding=\"async\" src=\"https:\/\/ae01.alicdn.com\/kf\/S096b1ea5ecf44e6487a041999866b9c1G.jpg\" slate-data-type=\"image\"\/><img decoding=\"async\" src=\"https:\/\/ae01.alicdn.com\/kf\/Sd84a5b22ec85414d840be0ab661fa2c06.jpg\" slate-data-type=\"image\"\/><img decoding=\"async\" src=\"https:\/\/ae01.alicdn.com\/kf\/Sd164a500a6b7460689dddd559b91f6dfA.jpg\" slate-data-type=\"image\"\/><img decoding=\"async\" src=\"https:\/\/ae01.alicdn.com\/kf\/Sb8b8bf08b9df44dda2dace8eea10d925T.jpg\" slate-data-type=\"image\"\/><img decoding=\"async\" src=\"https:\/\/ae01.alicdn.com\/kf\/Sf13c80a79b5d444a8a4be36127c52cceU.jpg\" slate-data-type=\"image\"\/><img decoding=\"async\" src=\"https:\/\/ae01.alicdn.com\/kf\/S5daa2c8bad004e7dbb16dd069936a088L.jpg\" slate-data-type=\"image\"\/><img decoding=\"async\" src=\"https:\/\/ae01.alicdn.com\/kf\/S828d5726c2764efaae1ebe35d76f56b7a.jpg\" slate-data-type=\"image\"\/><img decoding=\"async\" src=\"https:\/\/ae01.alicdn.com\/kf\/S4a744652bcb146c49280b7969fa9e8d8f.jpg\" slate-data-type=\"image\"\/><\/p>\n<div style=\"background-color:rgb(240, 234, 255);margin:20px 0px 10px;margin-bottom:10px;margin-top:20px;margin-left:0px;margin-right:0px;width:100%;height:34px\"><span style=\"background-color:rgb(55, 139, 238);color:rgb(255, 255, 255);font-size:24px;font-family:Verdana, Arial\">Spetsifikatsioon <\/span><\/div>\n<table style=\"border-collapse:collapse;font-family:&quot;Microsoft YaHei&quot;;width:1000px\" class=\"jbEidtTable\" border=\"1\" cellpadding=\"5\" cellspacing=\"0\">\n<tbody>\n<tr>\n<td style=\"text-align:left;height:93px\" align=\"left\">\n<p><span style=\"font-size:16px;font-family:arial, helvetica, sans-serif\">\u00dcldine<\/span><\/p>\n<\/td>\n<td style=\"text-align:left;height:93px\" align=\"left\">\n<p><span style=\"font-size:16px;font-family:arial, helvetica, sans-serif\">Kaubam\u00e4rk: Flashfish\u00a0<br \/>T\u00fc\u00fcp: Li-ioon kaasaskantav elektrijaam<br \/>Mudel: P63<br \/>V\u00e4rv: must+tumehall<\/span><\/p>\n<\/td>\n<\/tr>\n<tr>\n<td style=\"text-align:left;height:10px\" align=\"left\">\n<p><span style=\"font-size:16px;font-family:arial, helvetica, sans-serif\">Spetsifikatsioon<\/span><\/p>\n<\/td>\n<td style=\"text-align:left;height:10px\" align=\"left\">\n<div><span style=\"font-size:16px;font-family:arial, helvetica, sans-serif\">\u00dcldised parameetrid<br \/>Sisseehitatud aku: 18650 liitiumaku<br \/>Aku mahtuvus: 520Wh, 140400mAh\/3,7V<br \/>Sisendlaadimine: DC 15V\/6.0A<br \/>P\u00e4ikesepaneelide laadimine: 13V-22V\/6.0A<br \/>T\u00e4islaadimise aeg (adapter): umbes 8 tundi<\/span><\/div>\n<p><span style=\"font-size:16px;font-family:arial, helvetica, sans-serif\">USB v\u00e4ljund: kokku 67W max.<br \/>USB QC3.0 (x1): 5V-9V\/2A, 18W max.<br \/>C-t\u00fc\u00fcpi QC3.0 (x1): 5V-9V\/2A, 18W max.<br \/>USB-A (x2): 5V\/3.1A, 15.5W max.<\/span><\/p>\n<p><span style=\"font-size:16px;font-family:arial, helvetica, sans-serif\">Alalisvoolu v\u00e4ljund: kokku 126 W max.<br \/>DC5521 v\u00e4ljund (x4): 9\u201312,6 V \/ 10 A (kokku max 12 A), max 126 W.<br \/>Sigaretis\u00fc\u00fctaja v\u00e4ljund (x1): 9v-12.6v 10A, 126W max.<\/span><\/p>\n<p><span style=\"font-size:16px;font-family:arial, helvetica, sans-serif\">Vahelduvvoolu v\u00e4ljund: 2 x vahelduvvoolu 230V\/110V puhas siinuslaine v\u00e4ljund<br \/>Vahelduvvoolu pidev koguv\u00e4ljundv\u00f5imsus: 500 W<br \/>Vahelduvvoolu tippv\u00f5imsus: 1000 W<\/span><\/p>\n<p><span style=\"font-size:16px;font-family:arial, helvetica, sans-serif\">T\u00f6\u00f6temperatuur: -10 \u2103 -40 \u2103<br \/>Eluts\u00fckkel: &gt;2000 korda<\/span><\/p>\n<p><span style=\"font-size:16px;font-family:arial, helvetica, sans-serif\">Toote kaitse:<br \/>a. L\u00fchisekaitse<br \/>b. \u00dclekoormuskaitse<br \/>c. \u00dclepingekaitse<br \/>d. Alapingekaitse<br \/>e. \u00dclekoormuskaitse<br \/>f. \u00dclekuumenemise kaitse<\/span><\/p>\n<p><span style=\"font-size:16px;font-family:arial, helvetica, sans-serif\">Adapteri parameetrid<br \/>V\u00e4ljund: 15V 6A<br \/>Alalisvooluliides: lauaarvuti<br \/>Kuju: Lauaarvuti<\/p>\n<p>Sisendlaadimise funktsioon<br \/>Toetage toiteadapteri laadimist: tugi<br \/>Toetage p\u00e4ikesepaneelide laadimist: tugi<\/p>\n<p>Struktuur<br \/>Tulekindluse reiting: 94-V0<br \/>Materjal: ABS-plastik + alumiiniumkest, plastkesta tulekindlus 94-V0<\/span><\/p>\n<p><span style=\"font-size:16px;font-family:arial, helvetica, sans-serif\">Kasutage stseenire\u017eiimi<br \/>Kohaldatav elektrikatkestuste, v\u00e4litingimuste, \u00f6\u00f6turu elektri, p\u00e4\u00e4stet\u00f6\u00f6de, meditsiini, kodumajapidamiste energia salvestamise jms korral.<\/span><\/p>\n<\/td>\n<\/tr>\n<tr>\n<td style=\"text-align:left;height:84px\" align=\"left\">\n<p><span style=\"font-size:16px;font-family:arial, helvetica, sans-serif\">Kaal ja suurus<\/span><\/p>\n<\/td>\n<td style=\"text-align:left;height:84px\" align=\"left\">\n<p><span style=\"font-size:16px;font-family:arial, helvetica, sans-serif\">Toote kaal: 6,4 kg<br \/>Paki kaal: 8,2 kg<br \/>Toote m\u00f5\u00f5dud (P x L x K): 30,6 * 20 * 17,6 cm<br \/>Paki suurus (P x L x K): 40,8 * 28,5 * 28 cm<\/span><\/p>\n<\/td>\n<\/tr>\n<tr>\n<td style=\"text-align:left;height:55px\" align=\"left\">\n<p><span style=\"font-size:16px;font-family:arial, helvetica, sans-serif\">Pakendi sisu<\/span><\/p>\n<\/td>\n<td style=\"text-align:left;height:55px\" align=\"left\">\n<p><span style=\"font-size:16px;font-family:arial, helvetica, sans-serif\">1 x kaasaskantav elektrijaam<br \/>1 x seinakontakti toiteadapter<br \/>1 x autolaadija kaabel<br \/>1 x kasutusjuhend<\/span><\/p>\n<\/td>\n<\/tr>\n<\/tbody>\n<\/table>\n<div><\/div>\n<\/div>\n<\/div>\n<p><\/p>","protected":false},"excerpt":{"rendered":"<p>Display screen:&nbsp;Yes Nominal Capacity:&nbsp;&gt;3500mAh Model Number:&nbsp;P63 Type:&nbsp;LiFePO4 Set Type:&nbsp;Charger Sets Highlights Built-in multi-safety protections(Circuit board lC temperature control)1. Built-in high-power 18650 Lithium-ion battery;2. Up to 520Wh battery power;3. AC pure<\/p>","protected":false},"featured_media":9091,"comment_status":"open","ping_status":"closed","template":"","meta":{"_acf_changed":false},"product_brand":[],"product_cat":[515],"product_tag":[],"class_list":{"0":"post-9090","1":"product","2":"type-product","3":"status-publish","4":"has-post-thumbnail","6":"product_cat-portable-power-stations","8":"first","9":"instock","10":"shipping-taxable","11":"purchasable","12":"product-type-simple"},"acf":[],"_links":{"self":[{"href":"https:\/\/electricstore.eu\/et\/wp-json\/wp\/v2\/product\/9090","targetHints":{"allow":["GET"]}}],"collection":[{"href":"https:\/\/electricstore.eu\/et\/wp-json\/wp\/v2\/product"}],"about":[{"href":"https:\/\/electricstore.eu\/et\/wp-json\/wp\/v2\/types\/product"}],"replies":[{"embeddable":true,"href":"https:\/\/electricstore.eu\/et\/wp-json\/wp\/v2\/comments?post=9090"}],"wp:featuredmedia":[{"embeddable":true,"href":"https:\/\/electricstore.eu\/et\/wp-json\/wp\/v2\/media\/9091"}],"wp:attachment":[{"href":"https:\/\/electricstore.eu\/et\/wp-json\/wp\/v2\/media?parent=9090"}],"wp:term":[{"taxonomy":"product_brand","embeddable":true,"href":"https:\/\/electricstore.eu\/et\/wp-json\/wp\/v2\/product_brand?post=9090"},{"taxonomy":"product_cat","embeddable":true,"href":"https:\/\/electricstore.eu\/et\/wp-json\/wp\/v2\/product_cat?post=9090"},{"taxonomy":"product_tag","embeddable":true,"href":"https:\/\/electricstore.eu\/et\/wp-json\/wp\/v2\/product_tag?post=9090"}],"curies":[{"name":"wp","href":"https:\/\/api.w.org\/{rel}","templated":true}]}}