{"id":8887,"date":"2025-05-19T21:19:40","date_gmt":"2025-05-19T21:19:40","guid":{"rendered":"https:\/\/electricstore.eu\/product\/uncategorized\/engwe-mapfour-n1-air-st-250w-36v-10ah-100km-25km-h-carbon-fiber-city-ebike\/"},"modified":"2025-05-21T05:41:20","modified_gmt":"2025-05-21T05:41:20","slug":"engwe-mapfour-n1-air-st-250w-36v-10ah-100km-25km-h-carbon-fiber-city-ebike","status":"publish","type":"product","link":"https:\/\/electricstore.eu\/et\/p\/bikes\/electric-city-bikes\/engwe-mapfour-n1-air-st-250w-36v-10ah-100km-25km-h-carbon-fiber-city-ebike\/","title":{"rendered":"ENGWE MAPFOUR N1 AIR ST 250W 36V 10Ah 25km\/h 100km 20\u2033 linna elektriratas"},"content":{"rendered":"<div class=\"product-specs-list-container\">\n<ul class=\"product-specs-list util-clearfix\">\n<li class=\"product-prop line-limit-length\"><span\n                                        class=\"property-title\">Mudelinumber:&nbsp;<\/span><span\n                                        class=\"property-desc line-limit-length\">ENGWE MAPFOUR N1 AIR ST<\/span>\n                            <\/li>\n<li class=\"product-prop line-limit-length\"><span\n                                        class=\"property-title\">Reisijate nimimaht:&nbsp;<\/span><span\n                                        class=\"property-desc line-limit-length\">\u00dcks istekoht<\/span>\n                            <\/li>\n<li class=\"product-prop line-limit-length\"><span\n                                        class=\"property-title\">Stiil:&nbsp;<\/span><span\n                                        class=\"property-desc line-limit-length\">Luksuslik t\u00fc\u00fcp<\/span>\n                            <\/li>\n<li class=\"product-prop line-limit-length\"><span\n                                        class=\"property-title\">Maksimaalne kiirus:&nbsp;<\/span><span\n                                        class=\"property-desc line-limit-length\">&lt;25 km\/h<\/span>\n                            <\/li>\n<li class=\"product-prop line-limit-length\"><span\n                                        class=\"property-title\">V\u00f5imsuse vahemik:&nbsp;<\/span><span\n                                        class=\"property-desc line-limit-length\">&gt; 60 kilomeetrit<\/span>\n                            <\/li>\n<li class=\"product-prop line-limit-length\"><span\n                                        class=\"property-title\">V\u00f5imsus:&nbsp;<\/span><span\n                                        class=\"property-desc line-limit-length\">200\u2013250 W<\/span>\n                            <\/li>\n<li class=\"product-prop line-limit-length\"><span\n                                        class=\"property-title\">Toiteallikas:&nbsp;<\/span><span\n                                        class=\"property-desc line-limit-length\">liitiumaku<\/span>\n                            <\/li>\n<li class=\"product-prop line-limit-length\"><span\n                                        class=\"property-title\">Pinge:&nbsp;<\/span><span\n                                        class=\"property-desc line-limit-length\">48V<\/span>\n                            <\/li>\n<li class=\"product-prop line-limit-length\"><span\n                                        class=\"property-title\">P\u00e4ritolu:&nbsp;<\/span><span\n                                        class=\"property-desc line-limit-length\">Mandri-Hiina<\/span>\n                            <\/li>\n<li class=\"product-prop line-limit-length\"><span\n                                        class=\"property-title\">Mootor:&nbsp;<\/span><span\n                                        class=\"property-desc line-limit-length\">Harjadeta<\/span>\n                            <\/li>\n<li class=\"product-prop line-limit-length\"><span\n                                        class=\"property-title\">Ratta suurus:&nbsp;<\/span><span\n                                        class=\"property-desc line-limit-length\">20 tolli<\/span>\n                            <\/li>\n<li class=\"product-prop line-limit-length\"><span\n                                        class=\"property-title\">Raami materjal:&nbsp;<\/span><span\n                                        class=\"property-desc line-limit-length\">s\u00fcsinikkiud<\/span>\n                            <\/li>\n<\/ul><\/div>\n<p><span style=\"color:rgb(244, 78, 59)\"><u>Kallis s\u00f5ber,<\/u><\/span><\/p>\n<h3 style=\"font-family:&quot;TT Norms Pro&quot;, &quot;Open Sans&quot;, Roboto, Arial, Helvetica, sans-serif, SimSun;letter-spacing:normal;text-align:start;white-space:normal;color:rgb(34, 34, 34);box-sizing:border-box\" align=\"start\"><span style=\"color:rgb(244, 78, 59)\"><u>Meil on Poolas professionaalne remondimeeskond ja m\u00fc\u00fcgij\u00e4rgne teenindus.<\/u><\/span><\/h3>\n<h3 style=\"font-family:&quot;TT Norms Pro&quot;, &quot;Open Sans&quot;, Roboto, Arial, Helvetica, sans-serif, SimSun;letter-spacing:normal;text-align:start;white-space:normal;color:rgb(34, 34, 34);box-sizing:border-box\" align=\"start\"><span style=\"color:rgb(244, 78, 59)\"><u>Ostetud elektriratas saadetakse Poolast, mille kohta saame v\u00e4ljastada arve. K\u00fcsimuste korral v\u00f5tke meiega \u00fchendust.<\/u><\/span><\/h3>\n<p style=\"font-family:&quot;TT Norms Pro&quot;, &quot;Open Sans&quot;, Roboto, Arial, Helvetica, sans-serif, SimSun;font-size:14px;font-weight:400;letter-spacing:normal;line-height:inherit;text-align:start;white-space:normal;color:rgb(34, 34, 34);margin:0px;margin-bottom:0px;margin-top:0px;margin-left:0px;margin-right:0px;padding:0px;padding-bottom:0px;padding-top:0px;padding-left:0px;padding-right:0px;box-sizing:border-box\" align=\"start\"><\/p>\n<h2 style=\"font-family:&quot;TT Norms Pro&quot;, &quot;Open Sans&quot;, Roboto, Arial, Helvetica, sans-serif, SimSun;letter-spacing:normal;text-align:start;white-space:normal;color:rgb(34, 34, 34);box-sizing:border-box\" align=\"start\"><\/h2>\n<h1 style=\"text-align:center\" align=\"center\"><strong>ENGWE MAPFOUR N1 AIR ST elektriratas naistele p\u00f6\u00f6rdemomendi anduriga 250W 36V 10Ah akuga 100km 25km\/h s\u00fcsinikkiust linnaratas <\/strong><\/h1>\n<div style=\"text-align:center\" align=\"center\"><\/div>\n<p style=\"font-family:Poppins, sans-serif;font-size:13px;font-weight:500;letter-spacing:0.65px;line-height:inherit;text-align:start;white-space:normal;color:rgb(83, 81, 81);margin:0px 0px 25px;margin-bottom:25px;margin-top:0px;margin-left:0px;margin-right:0px;padding:0px;padding-bottom:0px;padding-top:0px;padding-left:0px;padding-right:0px;box-sizing:border-box\" align=\"start\"><strong>250 W v\u00f5imas mootor (tippkiirus 25 km\/h)<\/strong><\/p>\n<p style=\"font-family:Poppins, sans-serif;font-size:13px;font-weight:500;letter-spacing:0.65px;line-height:inherit;text-align:start;white-space:normal;color:rgb(83, 81, 81);margin:0px 0px 25px;margin-bottom:25px;margin-top:0px;margin-left:0px;margin-right:0px;padding:0px;padding-bottom:0px;padding-top:0px;padding-left:0px;padding-right:0px;box-sizing:border-box\" align=\"start\">N1 AIR elektriratas on varustatud 250 W suure t\u00f5hususega mootoriga, mis mitte ainult ei paku suurt v\u00f5imsust, vaid ka kuni 40 Nm p\u00f6\u00f6rdemomenti, v\u00f5imaldades teil h\u00f5lpsalt juhtida erinevaid maastikke.<\/p>\n<p style=\"font-family:Poppins, sans-serif;font-size:13px;font-weight:500;letter-spacing:0.65px;line-height:inherit;text-align:start;white-space:normal;color:rgb(83, 81, 81);margin:0px 0px 25px;margin-bottom:25px;margin-top:0px;margin-left:0px;margin-right:0px;padding:0px;padding-bottom:0px;padding-top:0px;padding-left:0px;padding-right:0px;box-sizing:border-box\" align=\"start\"><strong>Eemaldatav aku 36V 10Ah (360Wh)<\/strong><\/p>\n<p style=\"font-family:Poppins, sans-serif;font-size:13px;font-weight:500;letter-spacing:0.65px;line-height:inherit;text-align:start;white-space:normal;color:rgb(83, 81, 81);margin:0px 0px 25px;margin-bottom:25px;margin-top:0px;margin-left:0px;margin-right:0px;padding:0px;padding-bottom:0px;padding-top:0px;padding-left:0px;padding-right:0px;box-sizing:border-box\" align=\"start\">Kaasaskantav ja vargusvastane, mis suudab ASSIST-re\u017eiimis \u00fche laadimisega l\u00e4bida 100 kilomeetrit. (Konkreetseid andmeid m\u00f5jutavad koormus, temperatuur, teeolud jne.)<\/p>\n<p style=\"font-family:Poppins, sans-serif;font-size:13px;font-weight:500;letter-spacing:0.65px;line-height:inherit;text-align:start;white-space:normal;color:rgb(83, 81, 81);margin:0px 0px 25px;margin-bottom:25px;margin-top:0px;margin-left:0px;margin-right:0px;padding:0px;padding-bottom:0px;padding-top:0px;padding-left:0px;padding-right:0px;box-sizing:border-box\" align=\"start\"><strong>Shimano 7-k\u00e4iguline k\u00e4iguvahetaja<\/strong><\/p>\n<p style=\"font-family:Poppins, sans-serif;font-size:13px;font-weight:500;letter-spacing:0.65px;line-height:inherit;text-align:start;white-space:normal;color:rgb(83, 81, 81);margin:0px 0px 25px;margin-bottom:25px;margin-top:0px;margin-left:0px;margin-right:0px;padding:0px;padding-bottom:0px;padding-top:0px;padding-left:0px;padding-right:0px;box-sizing:border-box\" align=\"start\">Shimano 7-k\u00e4iguline k\u00e4iguvahetaja tagab t\u00e4pse ja sujuva k\u00e4iguvahetuse, tagades j\u00f5u\u00fclekande pikaajalise reageerimise.<\/p>\n<p style=\"font-family:Poppins, sans-serif;font-size:13px;font-weight:500;letter-spacing:0.65px;line-height:inherit;text-align:start;white-space:normal;color:rgb(83, 81, 81);margin:0px 0px 25px;margin-bottom:25px;margin-top:0px;margin-left:0px;margin-right:0px;padding:0px;padding-bottom:0px;padding-top:0px;padding-left:0px;padding-right:0px;box-sizing:border-box\" align=\"start\"><strong>P\u00f6\u00f6rdemomendi andur<\/strong><\/p>\n<p style=\"font-family:Poppins, sans-serif;font-size:13px;font-weight:500;letter-spacing:0.65px;line-height:inherit;text-align:start;white-space:normal;color:rgb(83, 81, 81);margin:0px 0px 25px;margin-bottom:25px;margin-top:0px;margin-left:0px;margin-right:0px;padding:0px;padding-bottom:0px;padding-top:0px;padding-left:0px;padding-right:0px;box-sizing:border-box\" align=\"start\">Suur tundlikkus ja t\u00e4psus tuvastamisel, mis v\u00f5imaldab tuvastada staatilist ja d\u00fcnaamilist p\u00f6\u00f6rdemomenti ning tagada elektrijalgrataste stabiilse s\u00f5iduomaduse ilma nullist k\u00e4ivitumata rattas\u00f5idu ajal.<\/p>\n<p style=\"font-family:Poppins, sans-serif;font-size:13px;font-weight:500;letter-spacing:0.65px;line-height:inherit;text-align:start;white-space:normal;color:rgb(83, 81, 81);margin:0px 0px 25px;margin-bottom:25px;margin-top:0px;margin-left:0px;margin-right:0px;padding:0px;padding-bottom:0px;padding-top:0px;padding-left:0px;padding-right:0px;box-sizing:border-box\" align=\"start\"><strong>\u00dclikerge s\u00fcsinikkiust<\/strong><\/p>\n<p style=\"font-family:Poppins, sans-serif;font-size:13px;font-weight:500;letter-spacing:0.65px;line-height:inherit;text-align:start;white-space:normal;color:rgb(83, 81, 81);margin:0px 0px 25px;margin-bottom:25px;margin-top:0px;margin-left:0px;margin-right:0px;padding:0px;padding-bottom:0px;padding-top:0px;padding-left:0px;padding-right:0px;box-sizing:border-box\" align=\"start\">\u00dclikerge s\u00fcsinikkiust raam, vaid 1,28 kg, on konstrueeritud optimaalse aerod\u00fcnaamika tagamiseks, pakkudes sujuvamat ja stabiilsemat s\u00f5itu v\u00e4iksema tuuletakistusega.<\/p>\n<p style=\"font-family:Poppins, sans-serif;font-size:13px;font-weight:500;letter-spacing:0.65px;line-height:inherit;text-align:start;white-space:normal;color:rgb(83, 81, 81);margin:0px 0px 25px;margin-bottom:25px;margin-top:0px;margin-left:0px;margin-right:0px;padding:0px;padding-bottom:0px;padding-top:0px;padding-left:0px;padding-right:0px;box-sizing:border-box\" align=\"start\"><strong>Vargusvastane kaitse<\/strong><\/p>\n<p style=\"font-family:Poppins, sans-serif;font-size:13px;font-weight:500;letter-spacing:0.65px;line-height:inherit;text-align:start;white-space:normal;color:rgb(83, 81, 81);margin:0px 0px 25px;margin-bottom:25px;margin-top:0px;margin-left:0px;margin-right:0px;padding:0px;padding-bottom:0px;padding-top:0px;padding-left:0px;padding-right:0px;box-sizing:border-box\" align=\"start\"><span>Kaitse oma s\u00f5itu nutika tehnoloogiaga, mis tuvastab ohte ja hoiab su jalgratta j\u00e4lgitavana, tagades muretu ja turvalise linnas liikumise.<\/span><\/p>\n<p style=\"font-family:&quot;PT Sans&quot;, sans-serif;font-size:17px;font-weight:400;letter-spacing:normal;line-height:inherit;text-align:start;white-space:normal;color:rgb(45, 55, 72);background-color:rgb(255, 255, 255);margin:0px;margin-bottom:0px;margin-top:0px;margin-left:0px;margin-right:0px;padding:0px;padding-bottom:0px;padding-top:0px;padding-left:0px;padding-right:0px;box-sizing:inherit\" align=\"start\"><img decoding=\"async\" src=\"https:\/\/ae01.alicdn.com\/kf\/S1f135265c73b48bd9221312b2b99be09O.jpg\" slate-data-type=\"image\"\/><img decoding=\"async\" src=\"https:\/\/ae01.alicdn.com\/kf\/S9d1059aa782d41248ba26cfc09dec356d.jpg\" slate-data-type=\"image\"\/><img decoding=\"async\" src=\"https:\/\/ae01.alicdn.com\/kf\/Se99784f086ff47fa8c279f7943b8f51dd.jpg\" slate-data-type=\"image\"\/><img decoding=\"async\" src=\"https:\/\/ae01.alicdn.com\/kf\/S8a277f74de3646ae8523f7c40c345637J.jpg\" slate-data-type=\"image\"\/><img decoding=\"async\" src=\"https:\/\/ae01.alicdn.com\/kf\/S132059b415844a3fb5004cd8b687e081G.jpg\" slate-data-type=\"image\"\/><img decoding=\"async\" src=\"https:\/\/ae01.alicdn.com\/kf\/S962a9d83c59940b8b6371a09929a9249O.jpg\" slate-data-type=\"image\"\/><img decoding=\"async\" src=\"https:\/\/ae01.alicdn.com\/kf\/S9c9d75b853af421ea4d7358d9c10148bt.jpg\" slate-data-type=\"image\"\/><img decoding=\"async\" src=\"https:\/\/ae01.alicdn.com\/kf\/Sded2e615e6ab4178ae5d96e2be29da926.jpg\" slate-data-type=\"image\"\/><img decoding=\"async\" src=\"https:\/\/ae01.alicdn.com\/kf\/Sa04a9c05288e42ea8e8e5e489d1dd167n.jpg\" slate-data-type=\"image\"\/><img decoding=\"async\" src=\"https:\/\/ae01.alicdn.com\/kf\/Sfa9efd33edeb4be7adbb38c64f48653eh.jpg\" slate-data-type=\"image\"\/><img decoding=\"async\" src=\"https:\/\/ae01.alicdn.com\/kf\/S60e3144072be4f2a9d817335cff7867dR.jpg\" slate-data-type=\"image\"\/><img decoding=\"async\" src=\"https:\/\/ae01.alicdn.com\/kf\/Sde36b6af43f94de1ac1ea23cd5583801N.jpg\" slate-data-type=\"image\"\/><img fetchpriority=\"high\" decoding=\"async\" width=\"944\" height=\"181\" src=\"https:\/\/ae01.alicdn.com\/kf\/S3445910837dd4ea18b75555c44d7f53bg.jpg\" slate-data-type=\"image\"\/><\/p>","protected":false},"excerpt":{"rendered":"<p>Model Number:&nbsp;ENGWE MAPFOUR N1 AIR ST Rated Passenger Capacity:&nbsp;One Seat Style:&nbsp;Luxury Type Max Speed:&nbsp;&lt;25km\/h Range per Power:&nbsp;&gt; 60 km Wattage:&nbsp;200 &#8211; 250w Power Supply:&nbsp;lithium battery Voltage:&nbsp;48V Origin:&nbsp;Mainland China Motor:&nbsp;Brushless Wheel<\/p>","protected":false},"featured_media":8888,"comment_status":"open","ping_status":"closed","template":"","meta":{"_acf_changed":false},"product_brand":[],"product_cat":[298],"product_tag":[],"class_list":{"0":"post-8887","1":"product","2":"type-product","3":"status-publish","4":"has-post-thumbnail","6":"product_cat-electric-city-bikes","8":"first","9":"instock","10":"shipping-taxable","11":"purchasable","12":"product-type-variable"},"acf":[],"_links":{"self":[{"href":"https:\/\/electricstore.eu\/et\/wp-json\/wp\/v2\/product\/8887","targetHints":{"allow":["GET"]}}],"collection":[{"href":"https:\/\/electricstore.eu\/et\/wp-json\/wp\/v2\/product"}],"about":[{"href":"https:\/\/electricstore.eu\/et\/wp-json\/wp\/v2\/types\/product"}],"replies":[{"embeddable":true,"href":"https:\/\/electricstore.eu\/et\/wp-json\/wp\/v2\/comments?post=8887"}],"wp:featuredmedia":[{"embeddable":true,"href":"https:\/\/electricstore.eu\/et\/wp-json\/wp\/v2\/media\/8888"}],"wp:attachment":[{"href":"https:\/\/electricstore.eu\/et\/wp-json\/wp\/v2\/media?parent=8887"}],"wp:term":[{"taxonomy":"product_brand","embeddable":true,"href":"https:\/\/electricstore.eu\/et\/wp-json\/wp\/v2\/product_brand?post=8887"},{"taxonomy":"product_cat","embeddable":true,"href":"https:\/\/electricstore.eu\/et\/wp-json\/wp\/v2\/product_cat?post=8887"},{"taxonomy":"product_tag","embeddable":true,"href":"https:\/\/electricstore.eu\/et\/wp-json\/wp\/v2\/product_tag?post=8887"}],"curies":[{"name":"wp","href":"https:\/\/api.w.org\/{rel}","templated":true}]}}