{"id":8805,"date":"2025-05-19T21:18:55","date_gmt":"2025-05-19T21:18:55","guid":{"rendered":"https:\/\/electricstore.eu\/product\/uncategorized\/engwe-ep-2-pro-250w-48v-13ah-city-commuter-electric-bicycle\/"},"modified":"2025-05-21T05:41:22","modified_gmt":"2025-05-21T05:41:22","slug":"engwe-ep-2-pro-250w-48v-13ah-city-commuter-electric-bicycle","status":"publish","type":"product","link":"https:\/\/www.electricstore.eu\/et\/p\/bikes\/folding-bikes\/engwe-ep-2-pro-250w-48v-13ah-city-commuter-electric-bicycle\/","title":{"rendered":"ENGWE EP-2 Pro 250W 48V 13Ah 30-50km\/h &gt;60km 20\u2033 kokkupandav elektrijalgratas"},"content":{"rendered":"<div class=\"product-specs-list-container\">\n<ul class=\"product-specs-list util-clearfix\">\n<li class=\"product-prop line-limit-length\"><span\n                                        class=\"property-title\">Mudelinumber:&nbsp;<\/span><span\n                                        class=\"property-desc line-limit-length\">ENGWE EP-2 Pro<\/span>\n                            <\/li>\n<li class=\"product-prop line-limit-length\"><span\n                                        class=\"property-title\">Reisijate nimimaht:&nbsp;<\/span><span\n                                        class=\"property-desc line-limit-length\">Kaks istekohta<\/span>\n                            <\/li>\n<li class=\"product-prop line-limit-length\"><span\n                                        class=\"property-title\">Stiil:&nbsp;<\/span><span\n                                        class=\"property-desc line-limit-length\">Mini t\u00fc\u00fcp<\/span>\n                            <\/li>\n<li class=\"product-prop line-limit-length\"><span\n                                        class=\"property-title\">Maksimaalne kiirus:&nbsp;<\/span><span\n                                        class=\"property-desc line-limit-length\">30\u201350 km\/h<\/span>\n                            <\/li>\n<li class=\"product-prop line-limit-length\"><span\n                                        class=\"property-title\">V\u00f5imsuse vahemik:&nbsp;<\/span><span\n                                        class=\"property-desc line-limit-length\">&gt; 60 kilomeetrit<\/span>\n                            <\/li>\n<li class=\"product-prop line-limit-length\"><span\n                                        class=\"property-title\">V\u00f5imsus:&nbsp;<\/span><span\n                                        class=\"property-desc line-limit-length\">200\u2013250 W<\/span>\n                            <\/li>\n<li class=\"product-prop line-limit-length\"><span\n                                        class=\"property-title\">Toiteallikas:&nbsp;<\/span><span\n                                        class=\"property-desc line-limit-length\">liitiumaku<\/span>\n                            <\/li>\n<li class=\"product-prop line-limit-length\"><span\n                                        class=\"property-title\">Pinge:&nbsp;<\/span><span\n                                        class=\"property-desc line-limit-length\">48V<\/span>\n                            <\/li>\n<li class=\"product-prop line-limit-length\"><span\n                                        class=\"property-title\">P\u00e4ritolu:&nbsp;<\/span><span\n                                        class=\"property-desc line-limit-length\">Mandri-Hiina<\/span>\n                            <\/li>\n<li class=\"product-prop line-limit-length\"><span\n                                        class=\"property-title\">Kokkupandud:&nbsp;<\/span><span\n                                        class=\"property-desc line-limit-length\">Jah<\/span>\n                            <\/li>\n<li class=\"product-prop line-limit-length\"><span\n                                        class=\"property-title\">Mootor:&nbsp;<\/span><span\n                                        class=\"property-desc line-limit-length\">Harjadeta<\/span>\n                            <\/li>\n<li class=\"product-prop line-limit-length\"><span\n                                        class=\"property-title\">Ratta suurus:&nbsp;<\/span><span\n                                        class=\"property-desc line-limit-length\">20 tolli<\/span>\n                            <\/li>\n<li class=\"product-prop line-limit-length\"><span\n                                        class=\"property-title\">Raami materjal:&nbsp;<\/span><span\n                                        class=\"property-desc line-limit-length\">Alumiiniumsulam<\/span>\n                            <\/li>\n<\/ul><\/div>\n<p><span style=\"color:rgba(244,78,59,255)\"><u>Kallis s\u00f5ber,<\/u><\/span><\/p>\n<h3 style=\"font-family:&quot;TT Norms Pro&quot;, &quot;Open Sans&quot;, Roboto, Arial, Helvetica, sans-serif, SimSun;letter-spacing:normal;text-align:start;white-space:normal;color:rgb(34, 34, 34);box-sizing:border-box\" align=\"start\"><span style=\"color:rgba(244,78,59,255)\"><u>Meil on Poolas professionaalne remondimeeskond ja m\u00fc\u00fcgij\u00e4rgne teenindus.<\/u><\/span><\/h3>\n<h3 style=\"font-family:&quot;TT Norms Pro&quot;, &quot;Open Sans&quot;, Roboto, Arial, Helvetica, sans-serif, SimSun;letter-spacing:normal;text-align:start;white-space:normal;color:rgb(34, 34, 34);box-sizing:border-box\" align=\"start\"><span style=\"color:rgba(244,78,59,255)\"><u>Ostetud elektriratas saadetakse Poolast, mille kohta saame v\u00e4ljastada arve. K\u00fcsimuste korral v\u00f5tke meiega \u00fchendust.<\/u><\/span><\/h3>\n<p style=\"font-family:&quot;TT Norms Pro&quot;, &quot;Open Sans&quot;, Roboto, Arial, Helvetica, sans-serif, SimSun;font-size:14px;font-weight:400;letter-spacing:normal;line-height:inherit;text-align:start;white-space:normal;color:rgb(34, 34, 34);margin:0px;margin-bottom:0px;margin-top:0px;margin-left:0px;margin-right:0px;padding:0px;padding-bottom:0px;padding-top:0px;padding-left:0px;padding-right:0px;box-sizing:border-box\" align=\"start\"><\/p>\n<h2 style=\"font-family:&quot;TT Norms Pro&quot;, &quot;Open Sans&quot;, Roboto, Arial, Helvetica, sans-serif, SimSun;letter-spacing:normal;text-align:start;white-space:normal;color:rgb(34, 34, 34);box-sizing:border-box\" align=\"start\">\n<h1 style=\"text-align:center\" align=\"center\"><strong>ENGWE EP-2 Pro elektriratas 250W 48V 13AH 20*4.0&quot; Fat rehvidega kokkupandav m\u00e4gijalgratas t\u00e4iskasvanutele fatbike linna pendeldamise elektriratas<\/strong><\/h1>\n<div style=\"text-align:center\" align=\"center\"><\/div>\n<\/h2>\n<h3 style=\"font-family:var(--global-heading-font-family);font-size:24px;font-weight:700;letter-spacing:normal;line-height:1.5;text-align:start;white-space:normal;color:var(--global-palette3);background-color:rgb(255, 255, 255);margin:0px;margin-bottom:0px;margin-top:0px;margin-left:0px;margin-right:0px;padding:0px;padding-bottom:0px;padding-top:0px;padding-left:0px;padding-right:0px;box-sizing:inherit\" class=\"wp-block-heading\" align=\"start\">Spetsifikatsioon<\/h3>\n<ul style=\"font-family:&quot;PT Sans&quot;, sans-serif;font-size:17px;font-weight:400;letter-spacing:normal;text-align:start;white-space:normal;color:rgb(45, 55, 72);background-color:rgb(255, 255, 255);margin:0px 0px 1.5em 1.5em;margin-bottom:1.5em;margin-top:0px;margin-left:1.5em;margin-right:0px;padding:0px;padding-bottom:0px;padding-top:0px;padding-left:0px;padding-right:0px;list-style:disc;box-sizing:border-box\" class=\"wp-block-list\" align=\"start\">\n<li style=\"margin:0px;margin-bottom:0px;margin-top:0px;margin-left:0px;margin-right:0px;padding:0px;padding-bottom:0px;padding-top:0px;padding-left:0px;padding-right:0px;box-sizing:inherit\">\n<p style=\"line-height:inherit;margin:0px;margin-bottom:0px;margin-top:0px;margin-left:0px;margin-right:0px;padding:0px;padding-bottom:0px;padding-top:0px;padding-left:0px;padding-right:0px;box-sizing:border-box\">250W mootor<\/p>\n<\/li>\n<li style=\"margin:0px;margin-bottom:0px;margin-top:0px;margin-left:0px;margin-right:0px;padding:0px;padding-bottom:0px;padding-top:0px;padding-left:0px;padding-right:0px;box-sizing:inherit\">\n<p style=\"line-height:inherit;margin:0px;margin-bottom:0px;margin-top:0px;margin-left:0px;margin-right:0px;padding:0px;padding-bottom:0px;padding-top:0px;padding-left:0px;padding-right:0px;box-sizing:border-box\">V\u00e4ljaku v\u00e4lisk\u00fcljel paksud rehvid 20\u00d74.0<\/p>\n<\/li>\n<li style=\"margin:0px;margin-bottom:0px;margin-top:0px;margin-left:0px;margin-right:0px;padding:0px;padding-bottom:0px;padding-top:0px;padding-left:0px;padding-right:0px;box-sizing:inherit\">\n<p style=\"line-height:inherit;margin:0px;margin-bottom:0px;margin-top:0px;margin-left:0px;margin-right:0px;padding:0px;padding-bottom:0px;padding-top:0px;padding-left:0px;padding-right:0px;box-sizing:border-box\">3-astmeline kokkupandav alumiiniumsulamist raam<\/p>\n<\/li>\n<li style=\"margin:0px;margin-bottom:0px;margin-top:0px;margin-left:0px;margin-right:0px;padding:0px;padding-bottom:0px;padding-top:0px;padding-left:0px;padding-right:0px;box-sizing:inherit\">\n<p style=\"line-height:inherit;margin:0px;margin-bottom:0px;margin-top:0px;margin-left:0px;margin-right:0px;padding:0px;padding-bottom:0px;padding-top:0px;padding-left:0px;padding-right:0px;box-sizing:border-box\">Eemaldatav liitiumaku 48V 13Ah<\/p>\n<\/li>\n<li style=\"margin:0px;margin-bottom:0px;margin-top:0px;margin-left:0px;margin-right:0px;padding:0px;padding-bottom:0px;padding-top:0px;padding-left:0px;padding-right:0px;box-sizing:inherit\">\n<p style=\"line-height:inherit;margin:0px;margin-bottom:0px;margin-top:0px;margin-left:0px;margin-right:0px;padding:0px;padding-bottom:0px;padding-top:0px;padding-left:0px;padding-right:0px;box-sizing:border-box\">Mehaanilised ketaspidurid TEKTRO<\/p>\n<\/li>\n<li style=\"margin:0px;margin-bottom:0px;margin-top:0px;margin-left:0px;margin-right:0px;padding:0px;padding-bottom:0px;padding-top:0px;padding-left:0px;padding-right:0px;box-sizing:inherit\">\n<p style=\"line-height:inherit;margin:0px;margin-bottom:0px;margin-top:0px;margin-left:0px;margin-right:0px;padding:0px;padding-bottom:0px;padding-top:0px;padding-left:0px;padding-right:0px;box-sizing:border-box\">P\u00fcsikiiruse hoidja<\/p>\n<\/li>\n<li style=\"margin:0px;margin-bottom:0px;margin-top:0px;margin-left:0px;margin-right:0px;padding:0px;padding-bottom:0px;padding-top:0px;padding-left:0px;padding-right:0px;box-sizing:inherit\">\n<p style=\"line-height:inherit;margin:0px;margin-bottom:0px;margin-top:0px;margin-left:0px;margin-right:0px;padding:0px;padding-bottom:0px;padding-top:0px;padding-left:0px;padding-right:0px;box-sizing:border-box\">LCD-ekraan<\/p>\n<\/li>\n<li style=\"margin:0px;margin-bottom:0px;margin-top:0px;margin-left:0px;margin-right:0px;padding:0px;padding-bottom:0px;padding-top:0px;padding-left:0px;padding-right:0px;box-sizing:inherit\">\n<p style=\"line-height:inherit;margin:0px;margin-bottom:0px;margin-top:0px;margin-left:0px;margin-right:0px;padding:0px;padding-bottom:0px;padding-top:0px;padding-left:0px;padding-right:0px;box-sizing:border-box\">7 metastaatiline (Shimano)<\/p>\n<\/li>\n<li style=\"margin:0px;margin-bottom:0px;margin-top:0px;margin-left:0px;margin-right:0px;padding:0px;padding-bottom:0px;padding-top:0px;padding-left:0px;padding-right:0px;box-sizing:inherit\">\n<p style=\"line-height:inherit;margin:0px;margin-bottom:0px;margin-top:0px;margin-left:0px;margin-right:0px;padding:0px;padding-bottom:0px;padding-top:0px;padding-left:0px;padding-right:0px;box-sizing:border-box\">M\u00f5\u00f5dud 169x57x120 cm<\/p>\n<\/li>\n<li style=\"margin:0px;margin-bottom:0px;margin-top:0px;margin-left:0px;margin-right:0px;padding:0px;padding-bottom:0px;padding-top:0px;padding-left:0px;padding-right:0px;box-sizing:inherit\">\n<p style=\"line-height:inherit;margin:0px;margin-bottom:0px;margin-top:0px;margin-left:0px;margin-right:0px;padding:0px;padding-bottom:0px;padding-top:0px;padding-left:0px;padding-right:0px;box-sizing:border-box\">M\u00f5\u00f5dud kokkupandult 99x55x76 cm<\/p>\n<\/li>\n<li style=\"margin:0px;margin-bottom:0px;margin-top:0px;margin-left:0px;margin-right:0px;padding:0px;padding-bottom:0px;padding-top:0px;padding-left:0px;padding-right:0px;box-sizing:inherit\">\n<p style=\"line-height:inherit;margin:0px;margin-bottom:0px;margin-top:0px;margin-left:0px;margin-right:0px;padding:0px;padding-bottom:0px;padding-top:0px;padding-left:0px;padding-right:0px;box-sizing:border-box\">Mehaaniline amortisaator esiosale<\/p>\n<\/li>\n<li style=\"margin:0px;margin-bottom:0px;margin-top:0px;margin-left:0px;margin-right:0px;padding:0px;padding-bottom:0px;padding-top:0px;padding-left:0px;padding-right:0px;box-sizing:inherit\">\n<p style=\"line-height:inherit;margin:0px;margin-bottom:0px;margin-top:0px;margin-left:0px;margin-right:0px;padding:0px;padding-bottom:0px;padding-top:0px;padding-left:0px;padding-right:0px;box-sizing:border-box\">IP2 veekindluse klass<\/p>\n<\/li>\n<li style=\"margin:0px;margin-bottom:0px;margin-top:0px;margin-left:0px;margin-right:0px;padding:0px;padding-bottom:0px;padding-top:0px;padding-left:0px;padding-right:0px;box-sizing:inherit\">\n<p style=\"line-height:inherit;margin:0px;margin-bottom:0px;margin-top:0px;margin-left:0px;margin-right:0px;padding:0px;padding-bottom:0px;padding-top:0px;padding-left:0px;padding-right:0px;box-sizing:border-box\">CE-sertifikaat, EN15194, ROHS<\/p>\n<\/li>\n<li style=\"margin:0px;margin-bottom:0px;margin-top:0px;margin-left:0px;margin-right:0px;padding:0px;padding-bottom:0px;padding-top:0px;padding-left:0px;padding-right:0px;box-sizing:inherit\">\n<p style=\"line-height:inherit;margin:0px;margin-bottom:0px;margin-top:0px;margin-left:0px;margin-right:0px;padding:0px;padding-bottom:0px;padding-top:0px;padding-left:0px;padding-right:0px;box-sizing:border-box\">Maksimaalne koormus: 120 kg<\/p>\n<\/li>\n<\/ul>\n<h3 style=\"font-family:var(--global-heading-font-family);font-size:24px;font-weight:700;letter-spacing:normal;line-height:1.5;text-align:start;white-space:normal;color:var(--global-palette3);background-color:rgb(255, 255, 255);margin:0px;margin-bottom:0px;margin-top:0px;margin-left:0px;margin-right:0px;padding:0px;padding-bottom:0px;padding-top:0px;padding-left:0px;padding-right:0px;box-sizing:inherit\" class=\"wp-block-heading\" align=\"start\">PAKID SISALDAVAD<\/h3>\n<ul style=\"font-family:&quot;PT Sans&quot;, sans-serif;font-size:17px;font-weight:400;letter-spacing:normal;text-align:start;white-space:normal;color:rgb(45, 55, 72);background-color:rgb(255, 255, 255);margin:0px 0px 1.5em 1.5em;margin-bottom:1.5em;margin-top:0px;margin-left:1.5em;margin-right:0px;padding:0px;padding-bottom:0px;padding-top:0px;padding-left:0px;padding-right:0px;list-style:disc;box-sizing:border-box\" class=\"wp-block-list\" align=\"start\">\n<li style=\"margin:0px;margin-bottom:0px;margin-top:0px;margin-left:0px;margin-right:0px;padding:0px;padding-bottom:0px;padding-top:0px;padding-left:0px;padding-right:0px;box-sizing:inherit\">\n<p style=\"line-height:inherit;margin:0px;margin-bottom:0px;margin-top:0px;margin-left:0px;margin-right:0px;padding:0px;padding-bottom:0px;padding-top:0px;padding-left:0px;padding-right:0px;box-sizing:border-box\">EP-2 Pro elektriratas<\/p>\n<\/li>\n<li style=\"margin:0px;margin-bottom:0px;margin-top:0px;margin-left:0px;margin-right:0px;padding:0px;padding-bottom:0px;padding-top:0px;padding-left:0px;padding-right:0px;box-sizing:inherit\">\n<p style=\"line-height:inherit;margin:0px;margin-bottom:0px;margin-top:0px;margin-left:0px;margin-right:0px;padding:0px;padding-bottom:0px;padding-top:0px;padding-left:0px;padding-right:0px;box-sizing:border-box\">Laadija<\/p>\n<\/li>\n<li style=\"margin:0px;margin-bottom:0px;margin-top:0px;margin-left:0px;margin-right:0px;padding:0px;padding-bottom:0px;padding-top:0px;padding-left:0px;padding-right:0px;box-sizing:inherit\">\n<p style=\"line-height:inherit;margin:0px;margin-bottom:0px;margin-top:0px;margin-left:0px;margin-right:0px;padding:0px;padding-bottom:0px;padding-top:0px;padding-left:0px;padding-right:0px;box-sizing:border-box\">Kasutusjuhend<\/p>\n<\/li>\n<\/ul>\n<p style=\"font-family:&quot;PT Sans&quot;, sans-serif;font-size:17px;font-weight:400;letter-spacing:normal;line-height:inherit;text-align:start;white-space:normal;color:rgb(45, 55, 72);background-color:rgb(255, 255, 255);margin:0px;margin-bottom:0px;margin-top:0px;margin-left:0px;margin-right:0px;padding:0px;padding-bottom:0px;padding-top:0px;padding-left:0px;padding-right:0px;box-sizing:inherit\" align=\"start\">T\u00e4iustatud versioon <strong>ENGWE EP-2Pro i<\/strong>See on \u0161ikk ja stiilne elektriline m\u00e4gijalgratas paksude rehvidega. 20-tolline alumiiniumsulamist raam on l\u00e4ikiva harjatud viimistlusega. 3-kraadine kergesti kokkupandav raam muudab selle kaasaskantavaks ja mugavaks autos v\u00f5i mujal hoiustamiseks. Jalgratta kokkupanemine v\u00f5tab vaid 10 sekundit.<\/p>\n<p><\/p>\n<h3 style=\"font-family:var(--global-heading-font-family);font-size:24px;font-weight:700;letter-spacing:normal;line-height:1.5;text-align:start;white-space:normal;color:var(--global-palette3);background-color:rgb(255, 255, 255);margin:0px;margin-bottom:0px;margin-top:0px;margin-left:0px;margin-right:0px;padding:0px;padding-bottom:0px;padding-top:0px;padding-left:0px;padding-right:0px;box-sizing:inherit\" class=\"wp-block-heading\" align=\"start\">OMADUSED<\/h3>\n<p style=\"font-family:&quot;PT Sans&quot;, sans-serif;font-size:17px;font-weight:400;letter-spacing:normal;line-height:inherit;text-align:start;white-space:normal;color:rgb(45, 55, 72);background-color:rgb(255, 255, 255);margin:0px;margin-bottom:0px;margin-top:0px;margin-left:0px;margin-right:0px;padding:0px;padding-bottom:0px;padding-top:0px;padding-left:0px;padding-right:0px;box-sizing:inherit\" align=\"start\"><span style=\"font-size:24px\"><strong>V\u00f5imas mootor<\/strong><\/span><strong> <\/strong>250 W harjadeta k\u00e4igukastiga mootorid, 48 V nutikas kontroller ja paksud rehvid v\u00f5imaldavad s\u00f5ita igasugusel maastikul ja h\u00f5lpsalt ronida maksimaalse kiirusega 25 km\/h.<\/p>\n<p style=\"font-family:&quot;PT Sans&quot;, sans-serif;font-size:17px;font-weight:400;letter-spacing:normal;line-height:inherit;text-align:start;white-space:normal;color:rgb(45, 55, 72);background-color:rgb(255, 255, 255);margin:0px;margin-bottom:0px;margin-top:0px;margin-left:0px;margin-right:0px;padding:0px;padding-bottom:0px;padding-top:0px;padding-left:0px;padding-right:0px;box-sizing:inherit\" align=\"start\"><span style=\"font-size:24px\"><strong>S\u00f5idure\u017eiimid<\/strong><\/span><\/p>\n<p style=\"font-family:&quot;PT Sans&quot;, sans-serif;font-size:17px;font-weight:400;letter-spacing:normal;line-height:inherit;text-align:start;white-space:normal;color:rgb(45, 55, 72);background-color:rgb(255, 255, 255);margin:0px;margin-bottom:0px;margin-top:0px;margin-left:0px;margin-right:0px;padding:0px;padding-bottom:0px;padding-top:0px;padding-left:0px;padding-right:0px;box-sizing:inherit\" align=\"start\"><strong>ENGWE EP 2 PRO <\/strong>Sellel on t\u00e4iselektriline s\u00f5idure\u017eiim ja abire\u017eiim ehk pedaalimise abire\u017eiim. S\u00f5idure\u017eiimi saab LCD-ekraanilt ise valida. V\u00f5imsustasemeid saab vastavalt vajadusele h\u00f5lpsalt muuta &quot;M&quot;-nupu vajutamisega.<\/p>\n<p style=\"font-family:&quot;PT Sans&quot;, sans-serif;font-size:17px;font-weight:400;letter-spacing:normal;line-height:inherit;text-align:start;white-space:normal;color:rgb(45, 55, 72);background-color:rgb(255, 255, 255);margin:0px;margin-bottom:0px;margin-top:0px;margin-left:0px;margin-right:0px;padding:0px;padding-bottom:0px;padding-top:0px;padding-left:0px;padding-right:0px;box-sizing:inherit\" align=\"start\"><span style=\"font-size:24px\"><strong>Kvaliteetsed pidurid ja k\u00e4iguvahetajad<\/strong><\/span><\/p>\n<p style=\"font-family:&quot;PT Sans&quot;, sans-serif;font-size:17px;font-weight:400;letter-spacing:normal;line-height:inherit;text-align:start;white-space:normal;color:rgb(45, 55, 72);background-color:rgb(255, 255, 255);margin:0px;margin-bottom:0px;margin-top:0px;margin-left:0px;margin-right:0px;padding:0px;padding-bottom:0px;padding-top:0px;padding-left:0px;padding-right:0px;box-sizing:inherit\" align=\"start\"><strong>ENGWE EP 2 PRO <\/strong>See on varustatud esi- ja tagaketaspiduritega ning seitsme k\u00e4iguvahetajaga. Saate h\u00f5lpsalt valida mis tahes kiiruse, et nautida sujuvat s\u00f5itu igasugustes teeoludes ja kvaliteetseid pidureid v\u00f5imalikult ohutult.<\/p>\n<p style=\"font-family:&quot;PT Sans&quot;, sans-serif;font-size:17px;font-weight:400;letter-spacing:normal;line-height:inherit;text-align:start;white-space:normal;color:rgb(45, 55, 72);background-color:rgb(255, 255, 255);margin:0px;margin-bottom:0px;margin-top:0px;margin-left:0px;margin-right:0px;padding:0px;padding-bottom:0px;padding-top:0px;padding-left:0px;padding-right:0px;box-sizing:inherit\" align=\"start\"><span style=\"font-size:24px\"><strong>Parem aku<\/strong><\/span><\/p>\n<p style=\"font-family:&quot;PT Sans&quot;, sans-serif;font-size:17px;font-weight:400;letter-spacing:normal;line-height:inherit;text-align:start;white-space:normal;color:rgb(45, 55, 72);background-color:rgb(255, 255, 255);margin:0px;margin-bottom:0px;margin-top:0px;margin-left:0px;margin-right:0px;padding:0px;padding-bottom:0px;padding-top:0px;padding-left:0px;padding-right:0px;box-sizing:inherit\" align=\"start\"><strong>ENGWE EP-2 PRO kokkupandav elektriratas <\/strong>Seda toidab 48 V 13 Ah liitiumaku, mis v\u00f5imaldab elektrire\u017eiimis s\u00f5ita maksimaalse kiirusega 25 km\/h. Aku on raami kokkupanduna h\u00f5lpsasti eemaldatav. Akusid saab laadida nii raami sees kui ka p\u00e4rast eemaldamist.<\/p>\n<p style=\"font-family:&quot;PT Sans&quot;, sans-serif;font-size:17px;font-weight:400;letter-spacing:normal;line-height:inherit;text-align:start;white-space:normal;color:rgb(45, 55, 72);background-color:rgb(255, 255, 255);margin:0px;margin-bottom:0px;margin-top:0px;margin-left:0px;margin-right:0px;padding:0px;padding-bottom:0px;padding-top:0px;padding-left:0px;padding-right:0px;box-sizing:inherit\" align=\"start\"><span style=\"font-size:24px\"><strong>Kvaliteetsed materjalid<\/strong><\/span><\/p>\n<p style=\"font-family:&quot;PT Sans&quot;, sans-serif;font-size:17px;font-weight:400;letter-spacing:normal;line-height:inherit;text-align:start;white-space:normal;color:rgb(45, 55, 72);background-color:rgb(255, 255, 255);margin:0px;margin-bottom:0px;margin-top:0px;margin-left:0px;margin-right:0px;padding:0px;padding-bottom:0px;padding-top:0px;padding-left:0px;padding-right:0px;box-sizing:inherit\" align=\"start\"><strong>ENGWE EP-2 PRO elektriratas <\/strong>Sellel on kvaliteetne alumiiniumsulamist raam, see on v\u00e4ga tugev ja korrosioonikindel. Esihark on valmistatud \u00fclitugevast s\u00fcsinikterasest ja pakub pehmendust maksimaalse s\u00f5idumugavuse tagamiseks. Kerge ja t\u00f5husa konstruktsiooni ning 20-tolliste ratastega sobib see nii linna- kui ka maastikus\u00f5iduks.<\/p>\n<p style=\"font-family:&quot;PT Sans&quot;, sans-serif;font-size:17px;font-weight:400;letter-spacing:normal;line-height:inherit;text-align:start;white-space:normal;color:rgb(45, 55, 72);background-color:rgb(255, 255, 255);margin:0px;margin-bottom:0px;margin-top:0px;margin-left:0px;margin-right:0px;padding:0px;padding-bottom:0px;padding-top:0px;padding-left:0px;padding-right:0px;box-sizing:inherit\" align=\"start\"><span style=\"font-size:24px\"><strong>Lihtne kokku voltida<\/strong><\/span><\/p>\n<p style=\"font-family:&quot;PT Sans&quot;, sans-serif;font-size:17px;font-weight:400;letter-spacing:normal;line-height:inherit;text-align:start;white-space:normal;color:rgb(45, 55, 72);background-color:rgb(255, 255, 255);margin:0px;margin-bottom:0px;margin-top:0px;margin-left:0px;margin-right:0px;padding:0px;padding-bottom:0px;padding-top:0px;padding-left:0px;padding-right:0px;box-sizing:inherit\" align=\"start\"><strong>ENGWE EP-2 PRO <\/strong>Lihtne kokku panna. Kokkupandav raam muudab selle kaasaskantavaks ja seda on lihtne autos kaasas kanda v\u00f5i k\u00f5ikjal hoiustada.<\/p>\n<p style=\"font-family:&quot;PT Sans&quot;, sans-serif;font-size:17px;font-weight:400;letter-spacing:normal;line-height:inherit;text-align:start;white-space:normal;color:rgb(45, 55, 72);background-color:rgb(255, 255, 255);margin:0px;margin-bottom:0px;margin-top:0px;margin-left:0px;margin-right:0px;padding:0px;padding-bottom:0px;padding-top:0px;padding-left:0px;padding-right:0px;box-sizing:inherit\" align=\"start\"><img decoding=\"async\" src=\"https:\/\/ae01.alicdn.com\/kf\/Sa49b74b9947d4f2c92cf968fd324757bD.jpg\" slate-data-type=\"image\"\/><img decoding=\"async\" src=\"https:\/\/ae01.alicdn.com\/kf\/S112328800e6845839463c160cdaf210eb.jpg\" slate-data-type=\"image\"\/><img decoding=\"async\" src=\"https:\/\/ae01.alicdn.com\/kf\/S91777e08cf004da5b106322b2efcd382a.jpg\" slate-data-type=\"image\"\/><img decoding=\"async\" src=\"https:\/\/ae01.alicdn.com\/kf\/S09247cbbe63046eaad061e4afc4c74794.jpg\" slate-data-type=\"image\"\/><img decoding=\"async\" src=\"https:\/\/ae01.alicdn.com\/kf\/Sbb6d706545fe4c5c87f5ac21cccb42561.jpg\" slate-data-type=\"image\"\/><img decoding=\"async\" src=\"https:\/\/ae01.alicdn.com\/kf\/Sefa5c608e4d04e10819ee5ac05be4f672.jpg\" slate-data-type=\"image\"\/><img decoding=\"async\" src=\"https:\/\/ae01.alicdn.com\/kf\/S1054dbccc1b8486aa7969ab3789df658r.jpg\" slate-data-type=\"image\"\/><img decoding=\"async\" src=\"https:\/\/ae01.alicdn.com\/kf\/S3fafe99a2b4745eb87046aa2d6daf276U.jpg\" slate-data-type=\"image\"\/><img decoding=\"async\" src=\"https:\/\/ae01.alicdn.com\/kf\/S40eec98ad8c84d2dbf8f1f054ea74ebe9.jpg\" slate-data-type=\"image\"\/><img decoding=\"async\" src=\"https:\/\/ae01.alicdn.com\/kf\/Sc9fcac7a9b7848788b7eca1390fc2397m.jpg\" slate-data-type=\"image\"\/><img decoding=\"async\" src=\"https:\/\/ae01.alicdn.com\/kf\/S60345cc157af42b2abd2ff2fd83ae252s.jpg\" slate-data-type=\"image\"\/><\/p>","protected":false},"excerpt":{"rendered":"<p>Model Number:&nbsp;ENGWE EP-2 Pro Rated Passenger Capacity:&nbsp;Two Seat Style:&nbsp;Mini Type Max Speed:&nbsp;30-50km\/h Range per Power:&nbsp;&gt; 60 km Wattage:&nbsp;200 &#8211; 250w Power Supply:&nbsp;lithium battery Voltage:&nbsp;48V Origin:&nbsp;Mainland China Folded:&nbsp;Yes Motor:&nbsp;Brushless Wheel Size:&nbsp;20\u201c<\/p>","protected":false},"featured_media":8807,"comment_status":"open","ping_status":"closed","template":"","meta":{"_acf_changed":false},"product_brand":[],"product_cat":[298,300,296],"product_tag":[],"class_list":{"0":"post-8805","1":"product","2":"type-product","3":"status-publish","4":"has-post-thumbnail","6":"product_cat-electric-city-bikes","7":"product_cat-electric-fat-bikes","8":"product_cat-folding-bikes","10":"first","11":"instock","12":"shipping-taxable","13":"purchasable","14":"product-type-variable"},"acf":[],"_links":{"self":[{"href":"https:\/\/www.electricstore.eu\/et\/wp-json\/wp\/v2\/product\/8805","targetHints":{"allow":["GET"]}}],"collection":[{"href":"https:\/\/www.electricstore.eu\/et\/wp-json\/wp\/v2\/product"}],"about":[{"href":"https:\/\/www.electricstore.eu\/et\/wp-json\/wp\/v2\/types\/product"}],"replies":[{"embeddable":true,"href":"https:\/\/www.electricstore.eu\/et\/wp-json\/wp\/v2\/comments?post=8805"}],"wp:featuredmedia":[{"embeddable":true,"href":"https:\/\/www.electricstore.eu\/et\/wp-json\/wp\/v2\/media\/8807"}],"wp:attachment":[{"href":"https:\/\/www.electricstore.eu\/et\/wp-json\/wp\/v2\/media?parent=8805"}],"wp:term":[{"taxonomy":"product_brand","embeddable":true,"href":"https:\/\/www.electricstore.eu\/et\/wp-json\/wp\/v2\/product_brand?post=8805"},{"taxonomy":"product_cat","embeddable":true,"href":"https:\/\/www.electricstore.eu\/et\/wp-json\/wp\/v2\/product_cat?post=8805"},{"taxonomy":"product_tag","embeddable":true,"href":"https:\/\/www.electricstore.eu\/et\/wp-json\/wp\/v2\/product_tag?post=8805"}],"curies":[{"name":"wp","href":"https:\/\/api.w.org\/{rel}","templated":true}]}}