{"id":8517,"date":"2025-05-19T20:31:39","date_gmt":"2025-05-19T20:31:39","guid":{"rendered":"https:\/\/electricstore.eu\/product\/uncategorized\/x10-electric-scooter-off-road-scooter-11-inch-60v-6000w-dual-motor-40ah\/"},"modified":"2025-05-20T13:07:32","modified_gmt":"2025-05-20T13:07:32","slug":"x10-electric-scooter-off-road-scooter-11-inch-60v-6000w-dual-motor-40ah","status":"publish","type":"product","link":"https:\/\/electricstore.eu\/et\/p\/scooters\/electric-off-road-scooter\/x10-electric-scooter-off-road-scooter-11-inch-60v-6000w-dual-motor-40ah\/","title":{"rendered":"X10 elektrit\u00f5ukeratas, X10, 6000W, 60V, 40Ah, 75-85KM\/H, 60-100km, 11\u2033 maastikut\u00f5ukeratas"},"content":{"rendered":"<div class=\"product-specs-list-container\">\n<ul class=\"product-specs-list util-clearfix\">\n<li class=\"product-prop line-limit-length\"><span\n                                        class=\"property-title\">Rehvi suurus:&nbsp;<\/span><span\n                                        class=\"property-desc line-limit-length\">11 tolli<\/span>\n                            <\/li>\n<li class=\"product-prop line-limit-length\"><span\n                                        class=\"property-title\">Mudelinumber:&nbsp;<\/span><span\n                                        class=\"property-desc line-limit-length\">X10<\/span>\n                            <\/li>\n<li class=\"product-prop line-limit-length\"><span\n                                        class=\"property-title\">Kategooria:&nbsp;<\/span><span\n                                        class=\"property-desc line-limit-length\">Kaherattaline t\u00f5ukeratas<\/span>\n                            <\/li>\n<li class=\"product-prop line-limit-length\"><span\n                                        class=\"property-title\">Kohaldatavad inimesed:&nbsp;<\/span><span\n                                        class=\"property-desc line-limit-length\">Unisex<\/span>\n                            <\/li>\n<li class=\"product-prop line-limit-length\"><span\n                                        class=\"property-title\">Ulatus laadimise kohta:&nbsp;<\/span><span\n                                        class=\"property-desc line-limit-length\">60\u201380 km<\/span>\n                            <\/li>\n<li class=\"product-prop line-limit-length\"><span\n                                        class=\"property-title\">Laadimisaeg:&nbsp;<\/span><span\n                                        class=\"property-desc line-limit-length\">8\u201310 tundi<\/span>\n                            <\/li>\n<li class=\"product-prop line-limit-length\"><span\n                                        class=\"property-title\">Pinge:&nbsp;<\/span><span\n                                        class=\"property-desc line-limit-length\">60v<\/span>\n                            <\/li>\n<li class=\"product-prop line-limit-length\"><span\n                                        class=\"property-title\">Kokkupandud:&nbsp;<\/span><span\n                                        class=\"property-desc line-limit-length\">JAH<\/span>\n                            <\/li>\n<li class=\"product-prop line-limit-length\"><span\n                                        class=\"property-title\">P\u00e4ritolu:&nbsp;<\/span><span\n                                        class=\"property-desc line-limit-length\">Mandri-Hiina<\/span>\n                            <\/li>\n<li class=\"product-prop line-limit-length\"><span\n                                        class=\"property-title\">V\u00f5imsus (W):&nbsp;<\/span><span\n                                        class=\"property-desc line-limit-length\">1001\u20132000 W<\/span>\n                            <\/li>\n<li class=\"product-prop line-limit-length\"><span\n                                        class=\"property-title\">P\u00e4ritolukoht:&nbsp;<\/span><span\n                                        class=\"property-desc line-limit-length\">Jiangsu, Hiina<\/span>\n                            <\/li>\n<li class=\"product-prop line-limit-length\"><span\n                                        class=\"property-title\">Br\u00e4nd:&nbsp;<\/span><span\n                                        class=\"property-desc line-limit-length\">geofought<\/span>\n                            <\/li>\n<li class=\"product-prop line-limit-length\"><span\n                                        class=\"property-title\">Mudelinumber:&nbsp;<\/span><span\n                                        class=\"property-desc line-limit-length\">X10<\/span>\n                            <\/li>\n<li class=\"product-prop line-limit-length\"><span\n                                        class=\"property-title\">Laadimisaeg:&nbsp;<\/span><span\n                                        class=\"property-desc line-limit-length\">6\u20138 tundi<\/span>\n                            <\/li>\n<li class=\"product-prop line-limit-length\"><span\n                                        class=\"property-title\">Kokkupandav:&nbsp;<\/span><span\n                                        class=\"property-desc line-limit-length\">Jah<\/span>\n                            <\/li>\n<li class=\"product-prop line-limit-length\"><span\n                                        class=\"property-title\">Ulatus laadimise kohta:&nbsp;<\/span><span\n                                        class=\"property-desc line-limit-length\">80-100km<\/span>\n                            <\/li>\n<li class=\"product-prop line-limit-length\"><span\n                                        class=\"property-title\">Maksimaalne kiirus:&nbsp;<\/span><span\n                                        class=\"property-desc line-limit-length\">75-85KM\/H<\/span>\n                            <\/li>\n<li class=\"product-prop line-limit-length\"><span\n                                        class=\"property-title\">Kategooria:&nbsp;<\/span><span\n                                        class=\"property-desc line-limit-length\">E-rattaga t\u00f5ukeratas<\/span>\n                            <\/li>\n<li class=\"product-prop line-limit-length\"><span\n                                        class=\"property-title\">Rahvahulga suhtes kohaldatav:&nbsp;<\/span><span\n                                        class=\"property-desc line-limit-length\">Unisex<\/span>\n                            <\/li>\n<li class=\"product-prop line-limit-length\"><span\n                                        class=\"property-title\">Nutikas t\u00fc\u00fcp:&nbsp;<\/span><span\n                                        class=\"property-desc line-limit-length\">Elektrooniline<\/span>\n                            <\/li>\n<li class=\"product-prop line-limit-length\"><span\n                                        class=\"property-title\">Aku mahtuvus:&nbsp;<\/span><span\n                                        class=\"property-desc line-limit-length\">35AH<\/span>\n                            <\/li>\n<li class=\"product-prop line-limit-length\"><span\n                                        class=\"property-title\">Development size:&nbsp;<\/span><span\n                                        class=\"property-desc line-limit-length\">140*28*64CM<\/span>\n                            <\/li>\n<li class=\"product-prop line-limit-length\"><span\n                                        class=\"property-title\">Materjal:&nbsp;<\/span><span\n                                        class=\"property-desc line-limit-length\">Tugevdatud raud + alumiiniumisulam<\/span>\n                            <\/li>\n<li class=\"product-prop line-limit-length\"><span\n                                        class=\"property-title\">Pakendi suurus:&nbsp;<\/span><span\n                                        class=\"property-desc line-limit-length\">130*33*64CM<\/span>\n                            <\/li>\n<li class=\"product-prop line-limit-length\"><span\n                                        class=\"property-title\">Body weight:&nbsp;<\/span><span\n                                        class=\"property-desc line-limit-length\">47KG<\/span>\n                            <\/li>\n<li class=\"product-prop line-limit-length\"><span\n                                        class=\"property-title\">Rehvi suurus:&nbsp;<\/span><span\n                                        class=\"property-desc line-limit-length\">11inch off-road tires<\/span>\n                            <\/li>\n<li class=\"product-prop line-limit-length\"><span\n                                        class=\"property-title\">Mootor:&nbsp;<\/span><span\n                                        class=\"property-desc line-limit-length\">6000W<\/span>\n                            <\/li>\n<li class=\"product-prop line-limit-length\"><span\n                                        class=\"property-title\">Pidur:&nbsp;<\/span><span\n                                        class=\"property-desc line-limit-length\">Front and rear CNC oil brake<\/span>\n                            <\/li>\n<li class=\"product-prop line-limit-length\"><span\n                                        class=\"property-title\">Aku mahtuvus:&nbsp;<\/span><span\n                                        class=\"property-desc line-limit-length\">35ah<\/span>\n                            <\/li>\n<li class=\"product-prop line-limit-length\"><span\n                                        class=\"property-title\">Sertifitseerimine:&nbsp;<\/span><span\n                                        class=\"property-desc line-limit-length\">CE<\/span>\n                            <\/li>\n<li class=\"product-prop line-limit-length\"><span\n                                        class=\"property-title\">Maksimaalne koormus:&nbsp;<\/span><span\n                                        class=\"property-desc line-limit-length\">150 kg<\/span>\n                            <\/li>\n<li class=\"product-prop line-limit-length\"><span\n                                        class=\"property-title\">Sertifikaat:&nbsp;<\/span><span\n                                        class=\"property-desc line-limit-length\"><\/span>\n                            <\/li>\n<\/ul><\/div>\n<div class=\"detailmodule_html\">\n<div class=\"detail-desc-decorate-richtext\">\n<div id=\"detail_decorate_root\">\n<div>&nbsp;<\/div>\n<div>\n<div>\n<div>\n<h3 class=\"magic-4\"><span>Hot Sale 11inch dual motor 6000w 60V fast electric scooter with seat<\/span><\/h3>\n<div>\n<div>\n<div><strong>Power\u951b\ufffd<\/strong>6000w(3000w*2 dual motor)<br \/>\n<strong>Rehvi suurus:<\/strong>11 Inch Off-Road Tires<br \/>\n<strong>Battery Capacity : <\/strong>60V 38ah Battery<br \/>\n<strong>Vahemik: <\/strong>75-105km(45-60miles);<\/div>\n<\/div>\n<\/div>\n<\/div>\n<\/div>\n<\/div>\n<div>&nbsp;<\/div>\n<div>\n<div>\n<div>\n<div>\n<div>\n<div>\n<div><a href=\"\" target=\"_blank\"><span class=\"magic-12\"><strong class=\"magic-13\">Want this cool light pls leave me meassages<\/strong><\/span><\/a><\/div>\n<\/div>\n<\/div>\n<\/div>\n<\/div>\n<\/div>\n<\/div>\n<div>\n<div id=\"ali-anchor-AliMagic-hpbqty\">Toodete kirjeldus<\/div>\n<\/div>\n<div>\n<div>\n<div>\n<div>\n<div>\n<div>\n<div><strong class=\"magic-12\"><span>long range scooters and electric scooters adult with seat for adults<\/span><\/strong><\/div>\n<\/div>\n<\/div>\n<\/div>\n<\/div>\n<\/div>\n<\/div>\n<div>\n<div>\n<table class=\"hight-light-first-column all magic-15\" style=\"border-collapse:collapse\">\n<tbody>\n<tr>\n<td colspan=\"1\" rowspan=\"1\">\n<div>\n<div><strong>Kere suurus<\/strong><\/div>\n<\/div>\n<\/td>\n<td colspan=\"4\" rowspan=\"1\">\n<div>128*28*140CM<\/div>\n<\/td>\n<td class=\"magic-19\" rowspan=\"0\">\n<div>&nbsp;<\/div>\n<\/td>\n<td class=\"magic-19\" rowspan=\"0\">\n<div>&nbsp;<\/div>\n<\/td>\n<td class=\"magic-19\" rowspan=\"0\">\n<div>&nbsp;<\/div>\n<\/td>\n<\/tr>\n<tr>\n<td colspan=\"1\" rowspan=\"1\">\n<div>\n<div><strong>Body weight<\/strong><\/div>\n<\/div>\n<\/td>\n<td colspan=\"4\" rowspan=\"1\">\n<div>35KG<\/div>\n<\/td>\n<td class=\"magic-19\" rowspan=\"0\">\n<div>&nbsp;<\/div>\n<\/td>\n<td class=\"magic-19\" rowspan=\"0\">\n<div>&nbsp;<\/div>\n<\/td>\n<td class=\"magic-19\" rowspan=\"0\">\n<div>&nbsp;<\/div>\n<\/td>\n<\/tr>\n<tr>\n<td colspan=\"1\" rowspan=\"1\">\n<div>\n<div><strong>Materjal<\/strong><\/div>\n<\/div>\n<\/td>\n<td colspan=\"4\" rowspan=\"1\">\n<div>Tugevdatud raud + alumiiniumisulam<\/div>\n<\/td>\n<td class=\"magic-19\" rowspan=\"0\">\n<div>&nbsp;<\/div>\n<\/td>\n<td class=\"magic-19\" rowspan=\"0\">\n<div>&nbsp;<\/div>\n<\/td>\n<td class=\"magic-19\" rowspan=\"0\">\n<div>&nbsp;<\/div>\n<\/td>\n<\/tr>\n<tr>\n<td colspan=\"1\" rowspan=\"1\">\n<div>\n<div><strong>Maximum load<\/strong><\/div>\n<\/div>\n<\/td>\n<td colspan=\"4\" rowspan=\"1\">\n<div>400KG<\/div>\n<\/td>\n<td class=\"magic-19\" rowspan=\"0\">\n<div>&nbsp;<\/div>\n<\/td>\n<td class=\"magic-19\" rowspan=\"0\">\n<div>&nbsp;<\/div>\n<\/td>\n<td class=\"magic-19\" rowspan=\"0\">\n<div>&nbsp;<\/div>\n<\/td>\n<\/tr>\n<tr>\n<td colspan=\"1\" rowspan=\"1\">\n<div>\n<div><strong>Rehvi suurus<\/strong><\/div>\n<\/div>\n<\/td>\n<td colspan=\"4\" rowspan=\"1\">\n<div>11 lnch<\/div>\n<\/td>\n<td class=\"magic-19\" rowspan=\"0\">\n<div>&nbsp;<\/div>\n<\/td>\n<td class=\"magic-19\" rowspan=\"0\">\n<div>&nbsp;<\/div>\n<\/td>\n<td class=\"magic-19\" rowspan=\"0\">\n<div>&nbsp;<\/div>\n<\/td>\n<\/tr>\n<tr>\n<td colspan=\"1\" rowspan=\"1\">\n<div>\n<div><strong>Pidur<\/strong><\/div>\n<\/div>\n<\/td>\n<td colspan=\"4\" rowspan=\"1\">\n<div>Front and rear CNC oil brake<\/div>\n<\/td>\n<td class=\"magic-19\" rowspan=\"0\">\n<div>&nbsp;<\/div>\n<\/td>\n<td class=\"magic-19\" rowspan=\"0\">\n<div>&nbsp;<\/div>\n<\/td>\n<td class=\"magic-19\" rowspan=\"0\">\n<div>&nbsp;<\/div>\n<\/td>\n<\/tr>\n<tr>\n<td colspan=\"1\" rowspan=\"1\">\n<div>\n<div><strong>Laadimisaeg<\/strong><\/div>\n<\/div>\n<\/td>\n<td colspan=\"4\" rowspan=\"1\">\n<div>5-6H<\/div>\n<\/td>\n<td class=\"magic-19\" rowspan=\"0\">\n<div>&nbsp;<\/div>\n<\/td>\n<td class=\"magic-19\" rowspan=\"0\">\n<div>&nbsp;<\/div>\n<\/td>\n<td class=\"magic-19\" rowspan=\"0\">\n<div>&nbsp;<\/div>\n<\/td>\n<\/tr>\n<tr>\n<td colspan=\"1\" rowspan=\"1\">\n<div>\n<div><strong>Shock absorption<\/strong><\/div>\n<\/div>\n<\/td>\n<td colspan=\"4\" rowspan=\"1\">\n<div>Front double stable spring damping + rear single spring damping<\/div>\n<\/td>\n<td class=\"magic-19\" rowspan=\"0\">\n<div>&nbsp;<\/div>\n<\/td>\n<td class=\"magic-19\" rowspan=\"0\">\n<div>&nbsp;<\/div>\n<\/td>\n<td class=\"magic-19\" rowspan=\"0\">\n<div>&nbsp;<\/div>\n<\/td>\n<\/tr>\n<\/tbody>\n<\/table>\n<\/div>\n<\/div>\n<div>\n<div>\n<div>\n<div>\n<div>\n<div>\n<div><strong><span>Super power\u951b\u5b6fange upgrade, Sensitive double Oil brake<\/span><\/strong><\/div>\n<\/div>\n<\/div>\n<\/div>\n<\/div>\n<\/div>\n<\/div>\n<div>\n<div>\n<div>\n<div>\n<div>\n<div>\n<div>\n<div><strong class=\"magic-13\">\u9225\u7c58his scooter has an <\/strong> <span class=\"magic-13\"><strong>all-aluminum alloy<\/strong><\/span> <strong class=\"magic-13\"> frame. Different from the iron frame on the market. <\/strong><\/div>\n<div><strong class=\"magic-13\">\u9225\u7c44nd our frames are painted by oxidation. Unlike the iron frame, it is ordinary spray paint, so it is easy to fall off the paint due to collision.<br \/>\n\u9225\u7c44nd our aluminum frames won&#8217;t rust.<br \/>\n\u9225\u7c5be use Panasonic 21700 battery<br \/>\n\u9225\u7c5be do better in product details<\/strong><\/div>\n<\/div>\n<\/div>\n<\/div>\n<div>\n<div><img decoding=\"async\" class=\"magic-28\" slate-data-type=\"image\" src=\"https:\/\/ae01.alicdn.com\/kf\/S824348223c104f2ebf2471cea476f9f81.jpg?width=3024&#038;height=3024&#038;hash=6048\"><\/div>\n<\/div>\n<\/div>\n<\/div>\n<\/div>\n<\/div>\n<div>\n<div>&nbsp;<\/div>\n<div>\n<div>\n<div>\n<div><strong>1.<\/strong> <strong><span class=\"magic-30\">6000W<\/span><\/strong> <strong> High Power Brushless Motor &#8211; With More Powerful 3000W Dual Motor That Goes Up To 50 Mph And 50% Hill Grade (Max Load<br \/>\n440Lbs). <\/strong><\/div>\n<div><strong>2.11 Inch Big And Wide Tire &#8211; Suitable For All Terrain Roads,You Can Ride It For Commuting,Hunting,Speed Racing Or Outdoor Travel.Also It Is Foldable, After Folding It Takes Up Less Space. 3.Lithium Battery , Long Range. \u951b\u5735e can also customize<br \/>\naccording to your needs.\u951b\ufffd<\/strong><\/div>\n<\/div>\n<\/div>\n<\/div>\n<\/div>\n<div>\n<div>\n<div>\n<div>\n<div>\n<div><img decoding=\"async\" class=\"magic-32\" slate-data-type=\"image\" src=\"https:\/\/ae01.alicdn.com\/kf\/S85db0a1499e9410abc213e958354922e5.jpg?width=752&#038;height=1046&#038;hash=1798\"><\/div>\n<\/div>\n<\/div>\n<\/div>\n<\/div>\n<\/div>\n<div>\n<div>\n<div>\n<div>\n<div>\n<div><img decoding=\"async\" class=\"magic-34\" slate-data-type=\"image\" src=\"https:\/\/ae01.alicdn.com\/kf\/Sdf52c8e236184985871fe13a0729bd73J.jpg?width=752&#038;height=995&#038;hash=1747\"><\/div>\n<\/div>\n<\/div>\n<\/div>\n<\/div>\n<\/div>\n<div>\n<div>\n<div>\n<div>\n<div>\n<div><img decoding=\"async\" class=\"magic-36\" slate-data-type=\"image\" src=\"https:\/\/ae01.alicdn.com\/kf\/Sbf8478ad384544239859f998e3760556u.jpg?width=718&#038;height=928&#038;hash=1646\"><\/div>\n<\/div>\n<\/div>\n<\/div>\n<\/div>\n<\/div>\n<div>\n<div>\n<div>\n<div>\n<div>\n<div><img decoding=\"async\" class=\"magic-38\" slate-data-type=\"image\" src=\"https:\/\/ae01.alicdn.com\/kf\/S134143afbedb4611bb4261609d1afd15O.jpg?width=718&#038;height=912&#038;hash=1630\"><\/div>\n<\/div>\n<\/div>\n<\/div>\n<\/div>\n<\/div>\n<div>\n<div>\n<div>\n<div>\n<div>\n<div><img decoding=\"async\" class=\"magic-40\" slate-data-type=\"image\" src=\"https:\/\/ae01.alicdn.com\/kf\/Sf7d4d63f85c448d08ff3e7aad90eeca8L.jpg?width=664&#038;height=1136&#038;hash=1800\"><\/div>\n<\/div>\n<\/div>\n<\/div>\n<\/div>\n<\/div>\n<div>\n<div>\n<div>\n<div>\n<div>\n<div><img decoding=\"async\" class=\"magic-42\" slate-data-type=\"image\" src=\"https:\/\/ae01.alicdn.com\/kf\/Scea370ce52af471cb06f64bd6478af326.jpg?width=790&#038;height=1451&#038;hash=2241\"><\/div>\n<\/div>\n<\/div>\n<\/div>\n<\/div>\n<\/div>\n<div>\n<div>\n<div>\n<div>\n<div>\n<div><strong>Folding Details<\/strong><\/div>\n<\/div>\n<\/div>\n<\/div>\n<\/div>\n<\/div>\n<div>\n<div>\n<div>\n<div>\n<div>\n<div><img decoding=\"async\" class=\"magic-44\" slate-data-type=\"image\" src=\"https:\/\/ae01.alicdn.com\/kf\/S285ad5ab65cb4bc7856364d0221e9e41A.jpg?width=476&#038;height=460&#038;hash=936\"><\/div>\n<div><img decoding=\"async\" class=\"magic-46\" slate-data-type=\"image\" src=\"https:\/\/ae01.alicdn.com\/kf\/Sab77106c630b48d7bccfbf13e9b25b3by.jpg?width=476&#038;height=507&#038;hash=983\"><\/div>\n<\/div>\n<\/div>\n<\/div>\n<\/div>\n<\/div>\n<div>\n<div>\n<div>\n<h3 class=\"magic-4\">&nbsp;<\/h3>\n<div>\n<div>\n<div><strong><span>Klientide tagasiside<\/span><\/strong><\/div>\n<\/div>\n<\/div>\n<\/div>\n<\/div>\n<\/div>\n<div>\n<div>\n<div>\n<div>\n<div>\n<div><img decoding=\"async\" class=\"magic-48\" slate-data-type=\"image\" src=\"https:\/\/ae01.alicdn.com\/kf\/S4064f1924e3740a2be7bb532e50bad4b3.jpg?width=540&#038;height=1200&#038;hash=1740\"><\/div>\n<div><img decoding=\"async\" class=\"magic-48\" slate-data-type=\"image\" src=\"https:\/\/ae01.alicdn.com\/kf\/Sd1227447f1fb41a8806364479aaf7273d.jpg?width=1080&#038;height=2400&#038;hash=3480\"><\/div>\n<\/div>\n<\/div>\n<\/div>\n<\/div>\n<\/div>\n<div>\n<div>\n<div>\n<div>\n<div>\n<div><img decoding=\"async\" class=\"magic-51\" slate-data-type=\"image\" src=\"https:\/\/ae01.alicdn.com\/kf\/Sb2947600e10746a592b59dfdcae41c7f8.jpg?width=525&#038;height=355&#038;hash=880\"><\/div>\n<div><img decoding=\"async\" class=\"magic-53\" slate-data-type=\"image\" src=\"https:\/\/ae01.alicdn.com\/kf\/S6d9fde792670452593ff1680dc28a41fG.jpg?width=553&#038;height=341&#038;hash=894\"><\/div>\n<\/div>\n<\/div>\n<\/div>\n<\/div>\n<\/div>\n<div>\n<div>\n<div>\n<div>\n<div>\n<div><strong>Saatmiseks valmis<\/strong><\/div>\n<\/div>\n<\/div>\n<\/div>\n<\/div>\n<\/div>\n<div>\n<div>\n<div>\n<div>\n<div>\n<div><img decoding=\"async\" class=\"magic-55\" slate-data-type=\"image\" src=\"https:\/\/ae01.alicdn.com\/kf\/S4bfc9e7f2abf44568d895ce20ae48f29H.jpg?width=790&#038;height=642&#038;hash=1432\"><\/div>\n<div><img decoding=\"async\" class=\"magic-57\" slate-data-type=\"image\" src=\"https:\/\/ae01.alicdn.com\/kf\/S2b60eeace5e640b18d2bf55250817ad5P.jpg?width=760&#038;height=826&#038;hash=1586\"><\/div>\n<\/div>\n<\/div>\n<\/div>\n<\/div>\n<\/div>\n<div>\n<div id=\"ali-anchor-AliMagic-flw5dt\">Soovita tooteid<\/div>\n<\/div>\n<div>&nbsp;<\/div>\n<div>\n<div id=\"ali-anchor-AliMagic-fnihlt\">Ettev\u00f5tte profiil<\/div>\n<\/div>\n<div>\n<div>\n<div>\n<div>\n<div>\n<div><img decoding=\"async\" class=\"magic-59\" slate-data-type=\"image\" src=\"https:\/\/ae01.alicdn.com\/kf\/Sdc0a94a4c561474bbea9063d559b98986.jpg?width=750&#038;height=594&#038;hash=1344\"><\/div>\n<\/div>\n<\/div>\n<\/div>\n<\/div>\n<\/div>\n<div>\n<div id=\"ali-anchor-AliMagic-lq4sta\">Sertifikaadid<\/div>\n<\/div>\n<div>\n<div>\n<div>\n<div>\n<div>\n<div><img decoding=\"async\" class=\"magic-61\" slate-data-type=\"image\" src=\"https:\/\/ae01.alicdn.com\/kf\/S258c5264ede447a9a113b1cc9babdeafJ.jpg?width=741&#038;height=243&#038;hash=984\"><\/div>\n<\/div>\n<\/div>\n<\/div>\n<\/div>\n<\/div>\n<div>\n<div id=\"ali-anchor-AliMagic-2l23ma\">Packaging &amp;Shipping<\/div>\n<\/div>\n<div>\n<div>\n<div>\n<div>\n<div>\n<div><img decoding=\"async\" class=\"magic-63\" slate-data-type=\"image\" src=\"https:\/\/ae01.alicdn.com\/kf\/Sa38e98837f77475084395011507cabe4L.jpg?width=1440&#038;height=1080&#038;hash=2520\"><\/div>\n<\/div>\n<\/div>\n<\/div>\n<\/div>\n<\/div>\n<div>\n<div id=\"ali-anchor-AliMagic-qh0aoq\">KKK<\/div>\n<\/div>\n<div>\n<div>\n<div>\n<div>\n<div>\n<div>\n<div><span><strong>1. Miks valida meid?<\/strong><\/span> <span><br \/>\nProfessionaalsed m\u00fc\u00fcjad ja uurimisr\u00fchm;<br \/>\nOstja kaitsmiseks aktsepteerige kaubanduse tagamise korraldust;<br \/>\nSaame teha OEM\/ODM tooteid;<br \/>\n\u00d5igeaegne kohaletoimetamine.<\/span><br \/>\n<span><strong>2. Kuidas saada n\u00e4idist ja s\u00e4\u00e4sta kulusid?<\/strong><\/span> <span><br \/>\nN\u00e4idiskaart v\u00f5ib pakkuda tasuta, pakkuda ainult veokulusid.<br \/>\nKohandatud proovi saamiseks v\u00f5tke meiega \u00fchendust proovi maksumuse kohta.<br \/>\nKui tellite otse, saame teile kvaliteedi kontrollimiseks pakkuda tasuta n\u00e4idist.<\/span><br \/>\n<span><strong>3. Mis on teie makset\u00e4htaeg?<\/strong><\/span> <span><br \/>\n30% sissemakse ja 70% saldomakse.<\/span><br \/>\n<span><strong>4. Kuidas teie kvaliteedikontroll toimib?<\/strong><\/span> <span><br \/>\nMeil on professionaalne kvaliteedikontrolli meeskond, kontrollime kauba kvaliteeti kogu masstootmise ajal.<\/span><br \/>\n<span><strong>5 Kui meil Hiinas pole \u00fchtegi ekspediitorit, kas saaksite seda meie heaks teha?<\/strong><\/span> <span><br \/>\nMeil on ekspediitorfirmaga v\u00e4ga head suhted, saame teile saata parima saatmishinna ja suurep\u00e4rase teeninduse.<\/span><\/div>\n<div><span><strong>If you have any needs, please contact us immediately, we will provide more perfect service.<\/strong><\/span><\/div>\n<\/div>\n<\/div>\n<\/div>\n<\/div>\n<\/div>\n<\/div>\n<div>\n<div>\n<div>\n<div>\n<div>\n<div><span class=\"magic-25\">If you are interested in any type, please send the details to us by email or online. We will quote you the best price with the superior standardknowledge. And we warmly welcome friends from all over the world to visit our factories for business. Send your Inquiry Details in the Below, Click &#8220;<\/span> <a href=\"\" target=\"_blank\">Contact Supplier<\/a> <span class=\"magic-25\">&#8221; Now! Click here back &#8220;<\/span> <a href=\"\" target=\"_blank\">KODU<\/a> <span class=\"magic-25\">&#8220;<\/span><\/div>\n<\/div>\n<\/div>\n<\/div>\n<\/div>\n<\/div>\n<\/div>\n<\/div>\n<\/div>","protected":false},"excerpt":{"rendered":"<p>Tire Size:&nbsp;11 inch Model Number:&nbsp;X10 Category:&nbsp;Two-wheel Scooter Applicable People:&nbsp;Unisex Range Per Charge:&nbsp;60-80km Charging Time:&nbsp;8-10h Voltage:&nbsp;60v Folded:&nbsp;YES Origin:&nbsp;Mainland China Power (W):&nbsp;1001-2000w Place of Origin:&nbsp;Jiangsu, China Brand:&nbsp;geofought Model Number:&nbsp;X10 Charging Time:&nbsp;6-8h Foldable:&nbsp;Yes<\/p>","protected":false},"featured_media":8519,"comment_status":"open","ping_status":"closed","template":"","meta":{"_acf_changed":false},"product_brand":[],"product_cat":[468,297],"product_tag":[],"class_list":{"0":"post-8517","1":"product","2":"type-product","3":"status-publish","4":"has-post-thumbnail","6":"product_cat-electric-off-road-scooter","7":"product_cat-scooters","9":"first","10":"instock","11":"shipping-taxable","12":"purchasable","13":"product-type-simple"},"acf":[],"_links":{"self":[{"href":"https:\/\/electricstore.eu\/et\/wp-json\/wp\/v2\/product\/8517","targetHints":{"allow":["GET"]}}],"collection":[{"href":"https:\/\/electricstore.eu\/et\/wp-json\/wp\/v2\/product"}],"about":[{"href":"https:\/\/electricstore.eu\/et\/wp-json\/wp\/v2\/types\/product"}],"replies":[{"embeddable":true,"href":"https:\/\/electricstore.eu\/et\/wp-json\/wp\/v2\/comments?post=8517"}],"wp:featuredmedia":[{"embeddable":true,"href":"https:\/\/electricstore.eu\/et\/wp-json\/wp\/v2\/media\/8519"}],"wp:attachment":[{"href":"https:\/\/electricstore.eu\/et\/wp-json\/wp\/v2\/media?parent=8517"}],"wp:term":[{"taxonomy":"product_brand","embeddable":true,"href":"https:\/\/electricstore.eu\/et\/wp-json\/wp\/v2\/product_brand?post=8517"},{"taxonomy":"product_cat","embeddable":true,"href":"https:\/\/electricstore.eu\/et\/wp-json\/wp\/v2\/product_cat?post=8517"},{"taxonomy":"product_tag","embeddable":true,"href":"https:\/\/electricstore.eu\/et\/wp-json\/wp\/v2\/product_tag?post=8517"}],"curies":[{"name":"wp","href":"https:\/\/api.w.org\/{rel}","templated":true}]}}