{"id":8505,"date":"2025-05-19T20:31:34","date_gmt":"2025-05-19T20:31:34","guid":{"rendered":"https:\/\/electricstore.eu\/product\/uncategorized\/x6-x6pro-electric-scooter-2400w-48v21ah\/"},"modified":"2025-05-21T05:41:27","modified_gmt":"2025-05-21T05:41:27","slug":"x6-x6pro-electric-scooter-2400w-48v21ah","status":"publish","type":"product","link":"https:\/\/electricstore.eu\/et\/p\/scooters\/electric-off-road-scooter\/x6-x6pro-electric-scooter-2400w-48v21ah\/","title":{"rendered":"SUNNIGOO X6 X6PRO 2400W 48V 21Ah 60KM\/H 60-80Km 10\u2033 kaherattaline elektriroller"},"content":{"rendered":"<div class=\"product-specs-list-container\">\n<ul class=\"product-specs-list util-clearfix\">\n<li class=\"product-prop line-limit-length\"><span\n                                        class=\"property-title\">Rehvi suurus:&nbsp;<\/span><span\n                                        class=\"property-desc line-limit-length\">10 tolli<\/span>\n                            <\/li>\n<li class=\"product-prop line-limit-length\"><span\n                                        class=\"property-title\">Mudelinumber:&nbsp;<\/span><span\n                                        class=\"property-desc line-limit-length\">X6 X6pro<\/span>\n                            <\/li>\n<li class=\"product-prop line-limit-length\"><span\n                                        class=\"property-title\">Kategooria:&nbsp;<\/span><span\n                                        class=\"property-desc line-limit-length\">Kaherattaline t\u00f5ukeratas<\/span>\n                            <\/li>\n<li class=\"product-prop line-limit-length\"><span\n                                        class=\"property-title\">Kohaldatavad inimesed:&nbsp;<\/span><span\n                                        class=\"property-desc line-limit-length\">Unisex<\/span>\n                            <\/li>\n<li class=\"product-prop line-limit-length\"><span\n                                        class=\"property-title\">Ulatus laadimise kohta:&nbsp;<\/span><span\n                                        class=\"property-desc line-limit-length\">60\u201380 km<\/span>\n                            <\/li>\n<li class=\"product-prop line-limit-length\"><span\n                                        class=\"property-title\">Laadimisaeg:&nbsp;<\/span><span\n                                        class=\"property-desc line-limit-length\">8\u201310 tundi<\/span>\n                            <\/li>\n<li class=\"product-prop line-limit-length\"><span\n                                        class=\"property-title\">Pinge:&nbsp;<\/span><span\n                                        class=\"property-desc line-limit-length\">48v<\/span>\n                            <\/li>\n<li class=\"product-prop line-limit-length\"><span\n                                        class=\"property-title\">Kokkupandud:&nbsp;<\/span><span\n                                        class=\"property-desc line-limit-length\">JAH<\/span>\n                            <\/li>\n<li class=\"product-prop line-limit-length\"><span\n                                        class=\"property-title\">P\u00e4ritolu:&nbsp;<\/span><span\n                                        class=\"property-desc line-limit-length\">Mandri-Hiina<\/span>\n                            <\/li>\n<li class=\"product-prop line-limit-length\"><span\n                                        class=\"property-title\">V\u00f5imsus (W):&nbsp;<\/span><span\n                                        class=\"property-desc line-limit-length\">1001\u20132000 W<\/span>\n                            <\/li>\n<li class=\"product-prop line-limit-length\"><span\n                                        class=\"property-title\">P\u00e4ritolukoht:&nbsp;<\/span><span\n                                        class=\"property-desc line-limit-length\">Zhengjiang<\/span>\n                            <\/li>\n<li class=\"product-prop line-limit-length\"><span\n                                        class=\"property-title\">Br\u00e4nd:&nbsp;<\/span><span\n                                        class=\"property-desc line-limit-length\">SUNNIGOO<\/span>\n                            <\/li>\n<li class=\"product-prop line-limit-length\"><span\n                                        class=\"property-title\">Mudelinumber:&nbsp;<\/span><span\n                                        class=\"property-desc line-limit-length\">X6<\/span>\n                            <\/li>\n<li class=\"product-prop line-limit-length\"><span\n                                        class=\"property-title\">Laadimisaeg:&nbsp;<\/span><span\n                                        class=\"property-desc line-limit-length\">8\u20139 tundi<\/span>\n                            <\/li>\n<li class=\"product-prop line-limit-length\"><span\n                                        class=\"property-title\">Kokkupandav:&nbsp;<\/span><span\n                                        class=\"property-desc line-limit-length\">Jah<\/span>\n                            <\/li>\n<li class=\"product-prop line-limit-length\"><span\n                                        class=\"property-title\">Ulatus laadimise kohta:&nbsp;<\/span><span\n                                        class=\"property-desc line-limit-length\">60 km<\/span>\n                            <\/li>\n<li class=\"product-prop line-limit-length\"><span\n                                        class=\"property-title\">Maksimaalne kiirus:&nbsp;<\/span><span\n                                        class=\"property-desc line-limit-length\">60 km\/h, 60 km\/h<\/span>\n                            <\/li>\n<li class=\"product-prop line-limit-length\"><span\n                                        class=\"property-title\">Kategooria:&nbsp;<\/span><span\n                                        class=\"property-desc line-limit-length\">Kaherattaline t\u00f5ukeratas<\/span>\n                            <\/li>\n<li class=\"product-prop line-limit-length\"><span\n                                        class=\"property-title\">Rahvahulga suhtes kohaldatav:&nbsp;<\/span><span\n                                        class=\"property-desc line-limit-length\">Unisex<\/span>\n                            <\/li>\n<li class=\"product-prop line-limit-length\"><span\n                                        class=\"property-title\">Nutikas t\u00fc\u00fcp:&nbsp;<\/span><span\n                                        class=\"property-desc line-limit-length\">Digitaalne<\/span>\n                            <\/li>\n<li class=\"product-prop line-limit-length\"><span\n                                        class=\"property-title\">Aku mahtuvus:&nbsp;<\/span><span\n                                        class=\"property-desc line-limit-length\">48 V 24 Ah<\/span>\n                            <\/li>\n<li class=\"product-prop line-limit-length\"><span\n                                        class=\"property-title\">Patenteeritud toode:&nbsp;<\/span><span\n                                        class=\"property-desc line-limit-length\">EI<\/span>\n                            <\/li>\n<li class=\"product-prop line-limit-length\"><span\n                                        class=\"property-title\">Toote nimi:&nbsp;<\/span><span\n                                        class=\"property-desc line-limit-length\">Kahe mootoriga elektriroller<\/span>\n                            <\/li>\n<li class=\"product-prop line-limit-length\"><span\n                                        class=\"property-title\">Mootori v\u00f5imsus:&nbsp;<\/span><span\n                                        class=\"property-desc line-limit-length\">1200W*2<\/span>\n                            <\/li>\n<li class=\"product-prop line-limit-length\"><span\n                                        class=\"property-title\">Aku t\u00fc\u00fcp:&nbsp;<\/span><span\n                                        class=\"property-desc line-limit-length\">48 V 21 Ah<\/span>\n                            <\/li>\n<li class=\"product-prop line-limit-length\"><span\n                                        class=\"property-title\">L\u00e4bis\u00f5it \u00fche laadimisega:&nbsp;<\/span><span\n                                        class=\"property-desc line-limit-length\">60 km<\/span>\n                            <\/li>\n<li class=\"product-prop line-limit-length\"><span\n                                        class=\"property-title\">Maksimaalne laadimisv\u00f5imsus:&nbsp;<\/span><span\n                                        class=\"property-desc line-limit-length\">150 kg<\/span>\n                            <\/li>\n<li class=\"product-prop line-limit-length\"><span\n                                        class=\"property-title\">Elektriliste t\u00f5ukerataste netokaal:&nbsp;<\/span><span\n                                        class=\"property-desc line-limit-length\">30 kg<\/span>\n                            <\/li>\n<li class=\"product-prop line-limit-length\"><span\n                                        class=\"property-title\">M\u00f5\u00f5tmed (P * L * K):&nbsp;<\/span><span\n                                        class=\"property-desc line-limit-length\">124 * 30 * 60 cm<\/span>\n                            <\/li>\n<li class=\"product-prop line-limit-length\"><span\n                                        class=\"property-title\">Sertifitseerimine:&nbsp;<\/span><span\n                                        class=\"property-desc line-limit-length\">CE<\/span>\n                            <\/li>\n<li class=\"product-prop line-limit-length\"><span\n                                        class=\"property-title\">Maksimaalne ronimine:&nbsp;<\/span><span\n                                        class=\"property-desc line-limit-length\">35\u00b0<\/span>\n                            <\/li>\n<li class=\"product-prop line-limit-length\"><span\n                                        class=\"property-title\">Sertifikaat:&nbsp;<\/span><span\n                                        class=\"property-desc line-limit-length\"><\/span>\n                            <\/li>\n<\/ul><\/div>\n<div class=\"detailmodule_html\">\n<div class=\"detail-desc-decorate-richtext\">\n<div id=\"detail_decorate_root\">\n<div>\u00a0<\/div>\n<div>\n<div id=\"ali-anchor-AliMagic-agvs2i\">Toote v\u00e4ljapanek<\/div>\n<\/div>\n<div>\n<div>\n<table style=\"border-collapse:collapse\" class=\"has-title hight-light-first-column all magic-1\">\n<tbody>\n<tr>\n<td rowspan=\"1\" colspan=\"1\">\n<div>\n<div>Mudelinumber<\/div>\n<\/div>\n<\/td>\n<td rowspan=\"1\" colspan=\"1\">\n<div>\n<div><span class=\"magic-6\">X6<\/span><\/div>\n<\/div>\n<\/td>\n<\/tr>\n<tr>\n<td rowspan=\"1\" colspan=\"1\">\n<div>\n<div>Maksimaalne l\u00e4bis\u00f5it<\/div>\n<\/div>\n<\/td>\n<td rowspan=\"1\" colspan=\"1\">\n<div>\n<div>60 km<\/div>\n<\/div>\n<\/td>\n<\/tr>\n<tr>\n<td rowspan=\"1\" colspan=\"1\">\n<div>\n<div>Maksimaalne kiirus<\/div>\n<\/div>\n<\/td>\n<td rowspan=\"1\" colspan=\"1\">\n<div>\n<div>60 km\/h<\/div>\n<\/div>\n<\/td>\n<\/tr>\n<tr>\n<td rowspan=\"1\" colspan=\"1\">\n<div>\n<div>Aku mahtuvus<\/div>\n<\/div>\n<\/td>\n<td rowspan=\"1\" colspan=\"1\">\n<div>\n<div><span class=\"magic-6\">48 V 21 Ah\u00a0<\/span><\/div>\n<\/div>\n<\/td>\n<\/tr>\n<tr>\n<td rowspan=\"1\" colspan=\"1\">\n<div>\n<div>Mootor (tagumine + esimootor)<\/div>\n<\/div>\n<\/td>\n<td rowspan=\"1\" colspan=\"1\">\n<div>\n<div><span class=\"magic-6\">1200W*2<\/span><\/div>\n<\/div>\n<\/td>\n<\/tr>\n<tr>\n<td rowspan=\"1\" colspan=\"1\">\n<div>\n<div>Laadija pinge<\/div>\n<\/div>\n<\/td>\n<td rowspan=\"1\" colspan=\"1\">\n<div>\n<div><span class=\"magic-6\">48 V - 2 A<\/span><\/div>\n<\/div>\n<\/td>\n<\/tr>\n<tr>\n<td rowspan=\"1\" colspan=\"1\">\n<div>\n<div>Laadimisaeg<\/div>\n<\/div>\n<\/td>\n<td rowspan=\"1\" colspan=\"1\">\n<div>\n<div>9\u20139,5 tundi<\/div>\n<\/div>\n<\/td>\n<\/tr>\n<tr>\n<td rowspan=\"1\" colspan=\"1\">\n<div>\n<div>Maksimaalne t\u00f5usuv\u00f5ime<\/div>\n<\/div>\n<\/td>\n<td rowspan=\"1\" colspan=\"1\">\n<div>\n<div><span class=\"magic-6\">35\u00b0<\/span><\/div>\n<\/div>\n<\/td>\n<\/tr>\n<tr>\n<td rowspan=\"1\" colspan=\"1\">\n<div>\n<div>Maksimaalne koormus<\/div>\n<\/div>\n<\/td>\n<td rowspan=\"1\" colspan=\"1\">\n<div>\n<div><span class=\"magic-6\">150 kg<\/span><\/div>\n<\/div>\n<\/td>\n<\/tr>\n<tr>\n<td rowspan=\"1\" colspan=\"1\">\n<div>\n<div>Rehv<\/div>\n<\/div>\n<\/td>\n<td rowspan=\"1\" colspan=\"1\">\n<div>\n<div><span class=\"magic-6\">10-tolline maastikurehv<\/span><\/div>\n<\/div>\n<\/td>\n<\/tr>\n<tr>\n<td rowspan=\"1\" colspan=\"1\">\n<div>\n<div>M\u00f5\u00f5tmed (P \u00d7 L \u00d7 K)<\/div>\n<\/div>\n<\/td>\n<td rowspan=\"1\" colspan=\"1\">\n<div>\n<div><span class=\"magic-6\">120 * 60 * (80 ~ 120) cm<\/span><\/div>\n<\/div>\n<\/td>\n<\/tr>\n<tr>\n<td rowspan=\"1\" colspan=\"1\">\n<div>\n<div><span class=\"magic-6\">V\u00e4\u00e4ndekangi k\u00f5rgus reguleeritav<\/span><\/div>\n<\/div>\n<\/td>\n<td rowspan=\"1\" colspan=\"1\">\n<div>\n<div>Jah<\/div>\n<\/div>\n<\/td>\n<\/tr>\n<tr>\n<td rowspan=\"1\" colspan=\"1\">\n<div>\n<div>Kaal<\/div>\n<\/div>\n<\/td>\n<td rowspan=\"1\" colspan=\"1\">\n<div>\n<div>30 kg<\/div>\n<\/div>\n<\/td>\n<\/tr>\n<\/tbody>\n<\/table>\n<\/div>\n<\/div>\n<div>\n<div>\n<div>\n<div>\n<div>\n<div><img decoding=\"async\" class=\"magic-10\" src=\"https:\/\/ae01.alicdn.com\/kf\/S738a11fc049e45cfb97041937d36616be.jpg?width=1200&amp;height=1200&amp;hash=2400\" slate-data-type=\"image\"\/><\/div>\n<\/div>\n<\/div>\n<\/div>\n<\/div>\n<\/div>\n<div>\n<div>\n<div>\n<div>\n<div>\n<div><img decoding=\"async\" class=\"magic-10\" src=\"https:\/\/ae01.alicdn.com\/kf\/S10e8bd323a8e4395ba596690122816d1i.jpg?width=1200&amp;height=1200&amp;hash=2400\" slate-data-type=\"image\"\/><\/div>\n<\/div>\n<\/div>\n<\/div>\n<\/div>\n<\/div>\n<div>\n<div>\n<div>\n<div>\n<div>\n<div><img decoding=\"async\" class=\"magic-10\" src=\"https:\/\/ae01.alicdn.com\/kf\/S47aca432607d45668f0506dfac2998f1P.jpg?width=1200&amp;height=1200&amp;hash=2400\" slate-data-type=\"image\"\/><\/div>\n<\/div>\n<\/div>\n<\/div>\n<\/div>\n<\/div>\n<div>\n<div>\n<div>\n<div>\n<div>\n<div><img decoding=\"async\" class=\"magic-10\" src=\"https:\/\/ae01.alicdn.com\/kf\/Sb0f36a5f25834ba68e27030f9b7ab8beE.jpg?width=1200&amp;height=1200&amp;hash=2400\" slate-data-type=\"image\"\/><\/div>\n<\/div>\n<\/div>\n<\/div>\n<\/div>\n<\/div>\n<div>\n<div>\n<div>\n<div>\n<div>\n<div><img decoding=\"async\" class=\"magic-10\" src=\"https:\/\/ae01.alicdn.com\/kf\/S8d8dea03cf7b403091b42b5976350799g.jpg?width=1200&amp;height=1200&amp;hash=2400\" slate-data-type=\"image\"\/><\/div>\n<\/div>\n<\/div>\n<\/div>\n<\/div>\n<\/div>\n<div>\n<div>\n<div>\n<div>\n<div>\n<div><img decoding=\"async\" class=\"magic-10\" src=\"https:\/\/ae01.alicdn.com\/kf\/Sa742b6d7538e447796ed6da385d48656X.jpg?width=1200&amp;height=1200&amp;hash=2400\" slate-data-type=\"image\"\/><\/div>\n<\/div>\n<\/div>\n<\/div>\n<\/div>\n<\/div>\n<div>\n<div id=\"ali-anchor-AliMagic-d5p1ge\">Pakkimine ja saatmine<\/div>\n<\/div>\n<div>\n<div>\n<div>\n<div>\n<div>\n<div><img decoding=\"async\" class=\"magic-12\" src=\"https:\/\/ae01.alicdn.com\/kf\/S5d577428ebe74dabb5581bf96d7db1f9j.jpg?width=663&amp;height=486&amp;hash=1149\" slate-data-type=\"image\"\/><\/div>\n<\/div>\n<\/div>\n<\/div>\n<\/div>\n<\/div>\n<div>\n<div>\n<div>\n<div>\n<div>\n<div><img decoding=\"async\" class=\"magic-14\" src=\"https:\/\/ae01.alicdn.com\/kf\/S25a27ea53fe443b78dbc9fd0dbf6e4b7X.jpg?width=1217&amp;height=524&amp;hash=1741\" slate-data-type=\"image\"\/><\/div>\n<\/div>\n<\/div>\n<\/div>\n<\/div>\n<\/div>\n<div>\n<div>\n<div>\n<div>\n<div>\n<div><img decoding=\"async\" class=\"magic-16\" src=\"https:\/\/ae01.alicdn.com\/kf\/Sa797650f2f7f464d8d0f6f7db35b34c9t.jpg?width=1317&amp;height=704&amp;hash=2021\" slate-data-type=\"image\"\/><\/div>\n<\/div>\n<\/div>\n<\/div>\n<\/div>\n<\/div>\n<div>\n<div>\n<div>\n<h3 class=\"magic-18\">Saatmisteenus Ameerika \u00dchendriikidesse ja \u00dchendkuningriigisse, EL-i klientidele<\/h3>\n<div>\n<div>\n<div>\n<div>1.7 Kohalikud laod<\/div>\n<div>a.Oaklandi ladu Californias, Ameerika \u00dchendriikides<\/div>\n<div>b.D\u00fcsseldorf, Berliin, Frankfordi ladu<\/div>\n<div>c.Poland Warehouse<\/div>\n<div>d.Belgiumi ladu<\/div>\n<div>e.\u00dchendkuningriigi ladu<\/div>\n<\/div>\n<\/div>\n<\/div>\n<\/div>\n<\/div>\n<\/div>\n<div>\n<div>\n<div>\n<div>\n<div>\n<div><img decoding=\"async\" class=\"magic-23\" src=\"https:\/\/ae01.alicdn.com\/kf\/Sc6c8920a9b0c47fe81888811ef111c8fN.jpg?width=897&amp;height=636&amp;hash=1533\" slate-data-type=\"image\"\/><\/div>\n<\/div>\n<\/div>\n<\/div>\n<div>\n<div>\u00a0<\/div>\n<div><span>We are fully support additional accessories and customization according to customers&#x27; requirement, which will be delivered from China, such as phone holder, storage bag, helmet, ultra-bright lights, LED color lights on top of deck or side of deck, hydraulic oil brake, logo customization on torsion bar or deck, seat, trunk, color changing of overall electric scooter and any other reasonable customization requirements.<\/span><\/div>\n<\/div>\n<\/div>\n<\/div>\n<div>\n<div>\n<div>\n<div>\n<div>\n<div><img decoding=\"async\" class=\"magic-26\" src=\"https:\/\/ae01.alicdn.com\/kf\/Sbc8662730c154f46a53ce912d60659c9f.jpg?width=994&amp;height=555&amp;hash=1549\" slate-data-type=\"image\"\/><\/div>\n<\/div>\n<\/div>\n<\/div>\n<\/div>\n<\/div>\n<div>\n<div>\n<div>\n<h3 class=\"magic-18\"><span>OEM\/ODM-teenus<\/span><\/h3>\n<div>\n<div>\n<div>Toetame t\u00e4ielikult OEM\/ODM teenust.<\/div>\n<\/div>\n<\/div>\n<\/div>\n<\/div>\n<\/div>\n<div>\n<div>\n<div>\n<h3 class=\"magic-18\">Makse<\/h3>\n<div>\n<div>\n<div><span>Toetame Visa, T\/T, L\/C, Western Unioni, MoneyGrami ja PayPali makseviise.<\/span><\/div>\n<\/div>\n<\/div>\n<\/div>\n<\/div>\n<\/div>\n<div>\n<div id=\"ali-anchor-AliMagic-9yekuv\">Meie ettev\u00f5te ja tehas<\/div>\n<\/div>\n<div>\n<div>\n<div>\n<div>\n<div>\n<div>\n<div>Hangzhou Neighbor Intelligent Technology Co., Ltd on professionaalne elektrirollerite disaini, m\u00fc\u00fcgi, juhtumilahenduste ja m\u00fc\u00fcgij\u00e4rgse teeninduse alal ning asub Hangzhous, Zhejiangi provintsis Hiinas.<\/div>\n<div><span>Meie tooteid usaldavad supermarketid, spordi- ja v\u00e4litarvete jaem\u00fc\u00fcjad ning e-kaubanduse m\u00fc\u00fcjad Suurbritannias, Euroopa riikides (Prantsusmaa, Itaalia, Hispaania, Holland, Rootsi, Poola, Ungari jne), USA-s, Peruus ja Kagu-Aasia riikides. <\/span><\/div>\n<div><span>We develop 5-10 series of new scooters yearly to help customers win the market and related parts to enrich customer&#x27;s productline. We also have distributor growing up plan to support customer sales. <\/span><\/div>\n<div><span>K\u00f5ik elektrit\u00f5ukerattad on CE ja FCC poolt heaks kiidetud. Meil on MSDS, transpordiaruanne ja UN 38.3 aitab liitiumakudega tooteid eksportida. Oleme INTEKERiga koost\u00f6\u00f6d teinud kuldse tarnija sertifikaadi saamiseks. Oleme head OEM-ide tootjad. Pakume tootekujundust, logoteenust ja pakendikujundusteenust v\u00e4lismaistes ladudes ja meie tehastes Hiinas. <\/span><\/div>\n<div><span>Meil on oma EL-is\/Suurbritannias\/USA-s asuvad laod ning meie p\u00fchendunud kohalikud kolleegid vastutavad m\u00fc\u00fcgij\u00e4rgse teeninduse ja ekspressteeninduse eest. <\/span><\/div>\n<div><span>Ootan koost\u00f6\u00f6d teiega! <\/span><\/div>\n<\/div>\n<\/div>\n<\/div>\n<\/div>\n<\/div>\n<\/div>\n<div>\u00a0<\/div>\n<div>\n<div>\n<div>\n<div>\n<div>\n<div><img decoding=\"async\" class=\"magic-30\" src=\"https:\/\/ae01.alicdn.com\/kf\/S48a535b6ed8548eab40c4f23fb83d8c8b.jpg?width=750&amp;height=611&amp;hash=1361\" slate-data-type=\"image\"\/><\/div>\n<\/div>\n<\/div>\n<\/div>\n<\/div>\n<\/div>\n<div>\n<div>\n<div>\n<div>\n<div>\n<div>\n<div>Aku test<\/div>\n<\/div>\n<\/div>\n<\/div>\n<div>\n<div>\n<div>\n<div>K\u00f5ikide osade kokkupanek 1<\/div>\n<\/div>\n<\/div>\n<\/div>\n<div>\n<div>\n<div>\n<div>K\u00f5ikide osade kokkupanek 2<\/div>\n<\/div>\n<\/div>\n<\/div>\n<\/div>\n<\/div>\n<\/div>\n<div>\n<div>\n<div>\n<div>\n<div>\n<div><img decoding=\"async\" class=\"magic-34\" src=\"https:\/\/ae01.alicdn.com\/kf\/S48a535b6ed8548eab40c4f23fb83d8c8b.jpg?width=750&amp;height=611&amp;hash=1361\" slate-data-type=\"image\"\/><\/div>\n<\/div>\n<\/div>\n<\/div>\n<\/div>\n<\/div>\n<div>\n<div>\n<div>\n<div>\n<div>\n<div>\n<div>Kokkupanek on l\u00f5petatud<\/div>\n<\/div>\n<\/div>\n<\/div>\n<div>\n<div>\n<div>\n<div>Vastupidavuskatse<\/div>\n<\/div>\n<\/div>\n<\/div>\n<div>\n<div>\n<div>\n<div>Koormuskandekatse<\/div>\n<\/div>\n<\/div>\n<\/div>\n<\/div>\n<\/div>\n<\/div>\n<div>\n<div>\n<div>\n<div>\n<div>\n<div><img decoding=\"async\" class=\"magic-36\" src=\"https:\/\/ae01.alicdn.com\/kf\/S48a535b6ed8548eab40c4f23fb83d8c8b.jpg?width=750&amp;height=611&amp;hash=1361\" slate-data-type=\"image\"\/><\/div>\n<\/div>\n<\/div>\n<\/div>\n<\/div>\n<\/div>\n<div>\n<div>\n<div>\n<div>\n<div>\n<div>\n<div>Pakkimine 1<\/div>\n<\/div>\n<\/div>\n<\/div>\n<div>\n<div>\n<div>\n<div>Pakkimine 2<\/div>\n<\/div>\n<\/div>\n<\/div>\n<div>\n<div>\n<div>\n<div>Saatmiseks valmis<\/div>\n<\/div>\n<\/div>\n<\/div>\n<\/div>\n<\/div>\n<\/div>\n<div>\n<div id=\"ali-anchor-AliMagic-1yprpi\">Sertifikaadid<\/div>\n<\/div>\n<div>\n<div>\n<div>\n<div>\n<div>\n<div><img decoding=\"async\" class=\"magic-38\" src=\"https:\/\/ae01.alicdn.com\/kf\/Se0d9a8b42b96406c9b5ff1720ce5cbdar.jpg?width=732&amp;height=1033&amp;hash=1765\" slate-data-type=\"image\"\/><\/div>\n<div><img decoding=\"async\" class=\"magic-38\" src=\"https:\/\/ae01.alicdn.com\/kf\/S26a1533af9a64124a7a7c8dd3c16e5f7b.jpg?width=716&amp;height=1011&amp;hash=1727\" slate-data-type=\"image\"\/><\/div>\n<div><img decoding=\"async\" class=\"magic-38\" src=\"https:\/\/ae01.alicdn.com\/kf\/S723c38b8f20e4e048568af3d6db47a99Y.jpg?width=731&amp;height=1033&amp;hash=1764\" slate-data-type=\"image\"\/><\/div>\n<\/div>\n<\/div>\n<\/div>\n<\/div>\n<\/div>\n<div>\n<div id=\"ali-anchor-AliMagic-qzg55o\">Klientide tagasiside<\/div>\n<\/div>\n<div>\n<div>\n<div>\n<div>\n<div>\n<div><img decoding=\"async\" class=\"magic-41\" src=\"https:\/\/ae01.alicdn.com\/kf\/S0290caa8aff64c95af25bad046547246H.jpg?width=750&amp;height=1127&amp;hash=1877\" slate-data-type=\"image\"\/><\/div>\n<\/div>\n<\/div>\n<\/div>\n<\/div>\n<\/div>\n<div>\n<div id=\"ali-anchor-AliMagic-hgbt6o\">KKK<\/div>\n<\/div>\n<div>\n<div>\n<div>\n<div>\n<div>\n<div>\n<div><strong>K1. Kas teil on v\u00e4lismaine ladu?<\/strong> Jah, meil on EL-i ladu ja USA ladu.<\/div>\n<div>\n<div>1) EL-i ja \u00dchendkuningriigi ladu on j\u00e4rgmine: 3 ladu Saksamaal, linnad on Berliin, D\u00fcsseldorf ja Dietzenbach. 1 ladu linnas <span>Belgia<\/span>. 1 ladu Poolas. 1 ladu \u00dchendkuningriigis.<\/div>\n<div>\n<div>2) USA ladu on j\u00e4rgmine: \u00dcks ladu Californias, linn on Oakland.<\/div>\n<div><strong>2. k\u00fcsimus. <\/strong> <strong><span>Milline on teie tarneaeg? <\/span><\/strong><\/div>\n<div><span class=\"magic-6\">1) <\/span> <span class=\"magic-6\"><span>6-9 t\u00f6\u00f6p\u00e4eva v\u00e4lislaost EL-i, \u00dchendkuningriigi ja USA laos.<\/span><\/span><\/div>\n<div><span class=\"magic-6\">2) Hiinas saab standardse elektrilise t\u00f5ukeratta tarnida 7 p\u00e4eva jooksul.<\/span><\/div>\n<div><span class=\"magic-6\">3) OEM-i lahtiselt m\u00fc\u00fcdav elektriroller saab tarnida 20\u201330 p\u00e4eva jooksul.<\/span><\/div>\n<div>\u00a0<\/div>\n<div><span class=\"magic-6\"><span><strong>K3. Mis on maksega?<\/strong><\/span><\/span><\/div>\n<div><span class=\"magic-6\"><span>1) V\u00f5tame vastu Alipay krediitkaarti ja TT makseid.<\/span><\/span><\/div>\n<div><span class=\"magic-6\"><span>2) Hiinast p\u00e4rit hulgitellimuste puhul aktsepteerime ettemaksuga 30% ja konossemendiga 70%.<\/span><\/span><\/div>\n<div><span>3) V\u00e4ike tellimus Hiinast aktsepteerime 100% ettemaksuga.<\/span><\/div>\n<div>\u00a0<\/div>\n<div><strong>K4. Kui oleme selles valdkonnas uued, siis millist teenust saate pakkuda?<\/strong><\/div>\n<div>1) Pakume sobivat elektrirollerit <span>vastavalt teie sihtr\u00fchmale.<\/span><\/div>\n<div>2) Pakume teile pilti ja elektrilise t\u00f5ukeratta \u00fcksikasju, kui te neid veebis postitaksite, t\u00e4iskasvanute elektrilise t\u00f5ukeratta parameetrite andmeid ja <span>Video, kui vajate, selle mudeli m\u00fc\u00fcgiargument.<\/span><\/div>\n<div>3) Teatud turgudel on meil kohalik m\u00fc\u00fcgij\u00e4rgne teeninduskeskus, palun konsulteerige meie m\u00fc\u00fcgiosakonnaga.<\/div>\n<div>\u00a0<\/div>\n<div><strong>K5. Miks paljud kliendid teid valivad?<\/strong><\/div>\n<div>1) L\u00e4\u00e4ne <span class=\"magic-43\">Oleme varem ise Amazonist ja eBayst ostnud ning teame, et tarneaeg, reageerimisaeg ja laoseis on veebim\u00fc\u00fcjate jaoks olulised.<\/span><\/div>\n<div>\u00a0<\/div>\n<div><span class=\"magic-43\">2) Meil on kogemusi populaarsete mudelitega, me teame, milline elektriroller oleks populaarne.<\/span><\/div>\n<div>\u00a0<\/div>\n<div><span class=\"magic-43\">3) Me teame, et veebip\u00f5hine \u00e4ri muutub kiiresti, seega kulutame igal aastal palju raha uute mudelite v\u00e4ljat\u00f6\u00f6tamisele.<\/span><\/div>\n<div>\u00a0<\/div>\n<div><span class=\"magic-43\">4) Meil on partnerite kasvu kogemus. Me ei otsi mitte ainult kliente, vaid ka partnereid, kes koos meiega \u00fcles kasvavad ja turgu edukalt vallutavad.<\/span><\/div>\n<div>\u00a0<\/div>\n<div><span class=\"magic-43\">5) Meil on 13-aastane tehasekogemus, me teame, kuidas kvaliteeti kontrollida.<\/span><\/div>\n<div>\u00a0<\/div>\n<div><strong>K6. Kuidas teie tehas kvaliteedikontrolli teostab?<\/strong> Edusammude tabelis p\u00f6\u00f6rasime kvaliteedikontrollile suurt t\u00e4helepanu. Igal meie toote osal on oma kvaliteedikontroll.<\/div>\n<\/div>\n<\/div>\n<\/div>\n<\/div>\n<\/div>\n<\/div>\n<\/div>\n<\/div>\n<\/div>\n<div><\/div>\n<\/div>\n<\/div>\n<p><\/p>","protected":false},"excerpt":{"rendered":"<p>Tire Size:&nbsp;10 inch Model Number:&nbsp;X6 X6pro Category:&nbsp;Two-wheel Scooter Applicable People:&nbsp;Unisex Range Per Charge:&nbsp;60-80km Charging Time:&nbsp;8-10h Voltage:&nbsp;48v Folded:&nbsp;YES Origin:&nbsp;Mainland China Power (W):&nbsp;1001-2000w Place of Origin:&nbsp;Zhengjiang Brand:&nbsp;SUNNIGOO Model Number:&nbsp;X6 Charging Time:&nbsp;8-9h Foldable:&nbsp;Yes<\/p>","protected":false},"featured_media":8476,"comment_status":"open","ping_status":"closed","template":"","meta":{"_acf_changed":false},"product_brand":[],"product_cat":[468,297],"product_tag":[],"class_list":{"0":"post-8505","1":"product","2":"type-product","3":"status-publish","4":"has-post-thumbnail","6":"product_cat-electric-off-road-scooter","7":"product_cat-scooters","9":"first","10":"instock","11":"shipping-taxable","12":"purchasable","13":"product-type-variable"},"acf":[],"_links":{"self":[{"href":"https:\/\/electricstore.eu\/et\/wp-json\/wp\/v2\/product\/8505","targetHints":{"allow":["GET"]}}],"collection":[{"href":"https:\/\/electricstore.eu\/et\/wp-json\/wp\/v2\/product"}],"about":[{"href":"https:\/\/electricstore.eu\/et\/wp-json\/wp\/v2\/types\/product"}],"replies":[{"embeddable":true,"href":"https:\/\/electricstore.eu\/et\/wp-json\/wp\/v2\/comments?post=8505"}],"wp:featuredmedia":[{"embeddable":true,"href":"https:\/\/electricstore.eu\/et\/wp-json\/wp\/v2\/media\/8476"}],"wp:attachment":[{"href":"https:\/\/electricstore.eu\/et\/wp-json\/wp\/v2\/media?parent=8505"}],"wp:term":[{"taxonomy":"product_brand","embeddable":true,"href":"https:\/\/electricstore.eu\/et\/wp-json\/wp\/v2\/product_brand?post=8505"},{"taxonomy":"product_cat","embeddable":true,"href":"https:\/\/electricstore.eu\/et\/wp-json\/wp\/v2\/product_cat?post=8505"},{"taxonomy":"product_tag","embeddable":true,"href":"https:\/\/electricstore.eu\/et\/wp-json\/wp\/v2\/product_tag?post=8505"}],"curies":[{"name":"wp","href":"https:\/\/api.w.org\/{rel}","templated":true}]}}