{"id":8486,"date":"2025-05-19T20:31:26","date_gmt":"2025-05-19T20:31:26","guid":{"rendered":"https:\/\/electricstore.eu\/product\/uncategorized\/e5b-6000w60v40ah-folding-85-km-h-electric-scooter\/"},"modified":"2025-05-20T13:07:46","modified_gmt":"2025-05-20T13:07:46","slug":"e5b-6000w60v40ah-folding-85-km-h-electric-scooter","status":"publish","type":"product","link":"https:\/\/electricstore.eu\/et\/p\/scooters\/electric-off-road-scooter\/e5b-6000w60v40ah-folding-85-km-h-electric-scooter\/","title":{"rendered":"Elektriline E5B 6000W 60V 40Ah 85km\/h 150km 11\u2033 kokkupandav elektrit\u00f5ukeratas"},"content":{"rendered":"<div class=\"product-specs-list-container\">\n<ul class=\"product-specs-list util-clearfix\">\n<li class=\"product-prop line-limit-length\"><span\n                                        class=\"property-title\">Mudelinumber:&nbsp;<\/span><span\n                                        class=\"property-desc line-limit-length\">E5B<\/span>\n                            <\/li>\n<li class=\"product-prop line-limit-length\"><span\n                                        class=\"property-title\">Kategooria:&nbsp;<\/span><span\n                                        class=\"property-desc line-limit-length\">Kaherattaline t\u00f5ukeratas<\/span>\n                            <\/li>\n<li class=\"product-prop line-limit-length\"><span\n                                        class=\"property-title\">Kohaldatavad inimesed:&nbsp;<\/span><span\n                                        class=\"property-desc line-limit-length\">Unisex<\/span>\n                            <\/li>\n<li class=\"product-prop line-limit-length\"><span\n                                        class=\"property-title\">Ulatus laadimise kohta:&nbsp;<\/span><span\n                                        class=\"property-desc line-limit-length\">60\u201380 km<\/span>\n                            <\/li>\n<li class=\"product-prop line-limit-length\"><span\n                                        class=\"property-title\">Laadimisaeg:&nbsp;<\/span><span\n                                        class=\"property-desc line-limit-length\">6\u20138 tundi<\/span>\n                            <\/li>\n<li class=\"product-prop line-limit-length\"><span\n                                        class=\"property-title\">Pinge:&nbsp;<\/span><span\n                                        class=\"property-desc line-limit-length\">60v<\/span>\n                            <\/li>\n<li class=\"product-prop line-limit-length\"><span\n                                        class=\"property-title\">Kokkupandud:&nbsp;<\/span><span\n                                        class=\"property-desc line-limit-length\">JAH<\/span>\n                            <\/li>\n<li class=\"product-prop line-limit-length\"><span\n                                        class=\"property-title\">P\u00e4ritolu:&nbsp;<\/span><span\n                                        class=\"property-desc line-limit-length\">Mandri-Hiina<\/span>\n                            <\/li>\n<li class=\"product-prop line-limit-length\"><span\n                                        class=\"property-title\">V\u00f5imsus (W):&nbsp;<\/span><span\n                                        class=\"property-desc line-limit-length\">6000W<\/span>\n                            <\/li>\n<li class=\"product-prop line-limit-length\"><span\n                                        class=\"property-title\">p\u00e4ritoluriik:&nbsp;<\/span><span\n                                        class=\"property-desc line-limit-length\">Anhui, Hiina<\/span>\n                            <\/li>\n<li class=\"product-prop line-limit-length\"><span\n                                        class=\"property-title\">kaubam\u00e4rk:&nbsp;<\/span><span\n                                        class=\"property-desc line-limit-length\">WO YU<\/span>\n                            <\/li>\n<li class=\"product-prop line-limit-length\"><span\n                                        class=\"property-title\">Mudel:&nbsp;<\/span><span\n                                        class=\"property-desc line-limit-length\">E5B<\/span>\n                            <\/li>\n<li class=\"product-prop line-limit-length\"><span\n                                        class=\"property-title\">laadimisaeg:&nbsp;<\/span><span\n                                        class=\"property-desc line-limit-length\">8-10 hours<\/span>\n                            <\/li>\n<li class=\"product-prop line-limit-length\"><span\n                                        class=\"property-title\">Kas voltida:&nbsp;<\/span><span\n                                        class=\"property-desc line-limit-length\">Jah<\/span>\n                            <\/li>\n<li class=\"product-prop line-limit-length\"><span\n                                        class=\"property-title\">kilomeetrit\/\u00fchekordne laadimine:&nbsp;<\/span><span\n                                        class=\"property-desc line-limit-length\">150km<\/span>\n                            <\/li>\n<li class=\"product-prop line-limit-length\"><span\n                                        class=\"property-title\">Maksimaalne kiirus:&nbsp;<\/span><span\n                                        class=\"property-desc line-limit-length\">85km\/h<\/span>\n                            <\/li>\n<li class=\"product-prop line-limit-length\"><span\n                                        class=\"property-title\">klassifikatsioon:&nbsp;<\/span><span\n                                        class=\"property-desc line-limit-length\">kaherattaline t\u00f5ukeratas<\/span>\n                            <\/li>\n<li class=\"product-prop line-limit-length\"><span\n                                        class=\"property-title\">kohaldatav populatsioon:&nbsp;<\/span><span\n                                        class=\"property-desc line-limit-length\">Unisex<\/span>\n                            <\/li>\n<li class=\"product-prop line-limit-length\"><span\n                                        class=\"property-title\">Intelligentne:&nbsp;<\/span><span\n                                        class=\"property-desc line-limit-length\">elektrooniline<\/span>\n                            <\/li>\n<li class=\"product-prop line-limit-length\"><span\n                                        class=\"property-title\">Aku mahtuvus:&nbsp;<\/span><span\n                                        class=\"property-desc line-limit-length\">40Ah<\/span>\n                            <\/li>\n<li class=\"product-prop line-limit-length\"><span\n                                        class=\"property-title\">patenteeritud toode:&nbsp;<\/span><span\n                                        class=\"property-desc line-limit-length\">Appearance patents, invention patents, utility model patents<\/span>\n                            <\/li>\n<li class=\"product-prop line-limit-length\"><span\n                                        class=\"property-title\">Toote nimi:&nbsp;<\/span><span\n                                        class=\"property-desc line-limit-length\">2-Wheel electric scooter<\/span>\n                            <\/li>\n<li class=\"product-prop line-limit-length\"><span\n                                        class=\"property-title\">Aku:&nbsp;<\/span><span\n                                        class=\"property-desc line-limit-length\">60V 40Ah<\/span>\n                            <\/li>\n<li class=\"product-prop line-limit-length\"><span\n                                        class=\"property-title\">tire:&nbsp;<\/span><span\n                                        class=\"property-desc line-limit-length\">Eleven inches.<\/span>\n                            <\/li>\n<li class=\"product-prop line-limit-length\"><span\n                                        class=\"property-title\">v\u00e4rv:&nbsp;<\/span><span\n                                        class=\"property-desc line-limit-length\">must<\/span>\n                            <\/li>\n<li class=\"product-prop line-limit-length\"><span\n                                        class=\"property-title\">Pidur:&nbsp;<\/span><span\n                                        class=\"property-desc line-limit-length\">Rear disc brake<\/span>\n                            <\/li>\n<li class=\"product-prop line-limit-length\"><span\n                                        class=\"property-title\">keyword:&nbsp;<\/span><span\n                                        class=\"property-desc line-limit-length\">Kokkupandav elektriroller<\/span>\n                            <\/li>\n<li class=\"product-prop line-limit-length\"><span\n                                        class=\"property-title\">Maksimaalne koormus:&nbsp;<\/span><span\n                                        class=\"property-desc line-limit-length\">150 kg<\/span>\n                            <\/li>\n<li class=\"product-prop line-limit-length\"><span\n                                        class=\"property-title\">material:&nbsp;<\/span><span\n                                        class=\"property-desc line-limit-length\">Alluminum alloy<\/span>\n                            <\/li>\n<li class=\"product-prop line-limit-length\"><span\n                                        class=\"property-title\">mootor:&nbsp;<\/span><span\n                                        class=\"property-desc line-limit-length\">6000W<\/span>\n                            <\/li>\n<li class=\"product-prop line-limit-length\"><span\n                                        class=\"property-title\">scope:&nbsp;<\/span><span\n                                        class=\"property-desc line-limit-length\">170KM<\/span>\n                            <\/li>\n<li class=\"product-prop line-limit-length\"><span\n                                        class=\"property-title\">Sertifikaat:&nbsp;<\/span><span\n                                        class=\"property-desc line-limit-length\"><\/span>\n                            <\/li>\n<\/ul><\/div>\n<div class=\"detailmodule_html\">\n<div class=\"detail-desc-decorate-richtext\">\n<div id=\"detail_decorate_root\">\n<div>&nbsp;<\/div>\n<div class=\"J_module\">\n<div class=\"magic-0\" id=\"ali-anchor-AliMagic-nsq3f0\">Spetsifikatsioon<\/div>\n<\/div>\n<div class=\"J_module\">\n<div class=\"ife-detail-decorate-table\">\n<table class=\"all magic-1\" style=\"border-collapse:collapse\">\n<tbody>\n<tr>\n<td colspan=\"1\" rowspan=\"1\">\n<div class=\"magic-2\">Aku<\/div>\n<\/td>\n<td colspan=\"1\" rowspan=\"1\">\n<div class=\"magic-3\">60V 40Ah<\/div>\n<\/td>\n<\/tr>\n<tr>\n<td colspan=\"1\" rowspan=\"1\">\n<div class=\"magic-2\">Maksimaalne koormus<\/div>\n<\/td>\n<td colspan=\"1\" rowspan=\"1\">\n<div class=\"magic-3\">150 kg<\/div>\n<\/td>\n<\/tr>\n<tr>\n<td colspan=\"1\" rowspan=\"1\">\n<div class=\"magic-2\">Materjal<\/div>\n<\/td>\n<td colspan=\"1\" rowspan=\"1\">\n<div class=\"magic-3\">Alluminum Alloy<\/div>\n<\/td>\n<\/tr>\n<tr>\n<td colspan=\"1\" rowspan=\"1\">\n<div class=\"magic-2\">Mootor<\/div>\n<\/td>\n<td colspan=\"1\" rowspan=\"1\">\n<div class=\"magic-3\">6000W<\/div>\n<\/td>\n<\/tr>\n<\/tbody>\n<\/table>\n<\/div>\n<\/div>\n<div class=\"J_module\">\n<div class=\"magic-0\" id=\"ali-anchor-AliMagic-of90id\">Toodete kirjeldus<\/div>\n<\/div>\n<div class=\"J_module\">\n<div class=\"icbu-pc-detailManyImage magic-4\">\n<div class=\"magic-5\"><img decoding=\"async\" class=\"magic-6\" slate-data-type=\"image\" src=\"https:\/\/ae01.alicdn.com\/kf\/S65820a7038f74ae2962d6fa7dd49633cU.jpg?width=515&#038;height=486&#038;hash=1001\"><\/div>\n<div class=\"magic-5\"><img decoding=\"async\" class=\"magic-6\" slate-data-type=\"image\" src=\"https:\/\/ae01.alicdn.com\/kf\/S18a0638a27494cbcb2b027fb8e402defR.jpg?width=750&#038;height=500&#038;hash=1250\"><\/div>\n<div class=\"magic-5\"><img decoding=\"async\" class=\"magic-6\" slate-data-type=\"image\" src=\"https:\/\/ae01.alicdn.com\/kf\/Sfb8b0d08a8ba43f0a3dbaa62e1121c2aY.jpg?width=1200&#038;height=1200&#038;hash=2400\"><\/div>\n<div class=\"magic-5\"><img decoding=\"async\" class=\"magic-6\" slate-data-type=\"image\" src=\"https:\/\/ae01.alicdn.com\/kf\/Scc990049c36d4b37b24dad34dad1ec3cy.jpg?width=1200&#038;height=1200&#038;hash=2400\"><\/div>\n<div class=\"magic-5\"><img decoding=\"async\" class=\"magic-6\" slate-data-type=\"image\" src=\"https:\/\/ae01.alicdn.com\/kf\/S634a46af9b3d487b88a9aaff14bf8170J.jpg?width=1200&#038;height=1200&#038;hash=2400\"><\/div>\n<div class=\"magic-5\"><img decoding=\"async\" class=\"magic-6\" slate-data-type=\"image\" src=\"https:\/\/ae01.alicdn.com\/kf\/S5945295c1a9e46d1bff322cec005f4edG.jpg?width=750&#038;height=510&#038;hash=1260\"><\/div>\n<\/div>\n<\/div>\n<div class=\"J_module\">\n<div class=\"magic-0\" id=\"ali-anchor-AliMagic-6h2bwz\">Toote pakend<\/div>\n<\/div>\n<div class=\"J_module\">\n<div class=\"icbu-pc-images magic-7\">\n<div>\n<div class=\"flex-layout-h\">\n<div class=\"flex-layout-v magic-8\">\n<div class=\"magic-9\"><img decoding=\"async\" class=\"magic-10\" slate-data-type=\"image\" src=\"https:\/\/ae01.alicdn.com\/kf\/Se230d80ee316434eb1ab9ed49ecceefcf.jpg?width=1280&#038;height=960&#038;hash=2240\"><\/div>\n<div class=\"magic-11\"><img decoding=\"async\" class=\"magic-12\" slate-data-type=\"image\" src=\"https:\/\/ae01.alicdn.com\/kf\/S931dedc708334ca2a5c3db969308fbe3G.jpg?width=800&#038;height=800&#038;hash=1600\"><\/div>\n<\/div>\n<div class=\"magic-13\"><img decoding=\"async\" class=\"magic-14\" slate-data-type=\"image\" src=\"https:\/\/ae01.alicdn.com\/kf\/S927640a021c846eea487f0093ab20dd7C.jpg?width=600&#038;height=800&#038;hash=1400\"><\/div>\n<\/div>\n<\/div>\n<\/div>\n<\/div>\n<div class=\"J_module\">\n<div class=\"icbu-pc-images magic-7\">\n<div>\n<div class=\"flex-layout-h\">\n<div class=\"flex-layout-v magic-15\">\n<div class=\"magic-16\"><img decoding=\"async\" class=\"magic-17\" slate-data-type=\"image\" src=\"https:\/\/ae01.alicdn.com\/kf\/S6c36c4e783784b24ae8e7c7eb35646f8U.jpg?width=600&#038;height=800&#038;hash=1400\"><\/div>\n<\/div>\n<div class=\"text-wrapper magic-18\">\n<div class=\"text-wrapper-right text-theme-light text-align-left\">\n<div class=\"text-content\">\n<div>&nbsp;<\/div>\n<div>&nbsp;<\/div>\n<div>&nbsp;<\/div>\n<div>&nbsp;<\/div>\n<div><span><strong>To better ensure the safety of&nbsp; your goods, professional,&nbsp; environmentally friendly,&nbsp; &nbsp;convenient and efficient&nbsp;packaging services<br \/>\nwill be provided<\/strong><\/span><\/div>\n<\/div>\n<\/div>\n<\/div>\n<\/div>\n<\/div>\n<\/div>\n<\/div>\n<div class=\"J_module\">\n<div class=\"icbu-pc-images magic-7\">\n<div>\n<div class=\"flex-layout-v\">\n<div class=\"magic-19\">N\u00e4itus<\/div>\n<\/div>\n<\/div>\n<\/div>\n<\/div>\n<div class=\"J_module\">\n<div class=\"icbu-pc-images magic-7\">\n<div class=\"flex-layout-h\">\n<div class=\"text-wrapper magic-18\">\n<div class=\"text-wrapper-right text-theme-light text-align-left\">\n<div class=\"text-title\">\n<div class=\"magic-29\">&nbsp;<\/div>\n<\/div>\n<div class=\"text-content\">E-ONE on ettev\u00f5te, mis tegeleb peamiselt uute energiatoodete ekspordiga. Ettev\u00f5te asub Anhui provintsi pealinnas Hefeis. E-ONE <strong>on ametlikult volitatud <\/strong>l\u00e4bi tuntud t\u00f6\u00f6stusbr\u00e4ndide, n\u00e4iteks <strong>Segway-Ninebot, Intex, DYU, HIMO, Kugoo<\/strong> ja m\u00f5ned teised tuntud ettev\u00f5tted. Peamiselt h\u00f5lmab meie t\u00e4ielik valik j\u00e4tkusuutlikke rohelisi ja puhtaid tooteid alates <strong>elektrilised t\u00f5ukerattad, elektrilised tasakaaluliikurid, elektrilised \u00fcherattalised,<\/strong> <span><strong>elektrilised kardis\u00f5iduautod<\/strong><\/span> <strong>, elektrilised jalgrattad, elektrilised mootorrattad<\/strong>K\u00f5ikide saadaolevate seotud sertifikaatidega, mis kindlasti paneb meid oma kvaliteedile orienteeritud tooteid kogu maailmas m\u00fc\u00fcma.<\/div>\n<\/div>\n<\/div>\n<\/div>\n<\/div>\n<\/div>\n<div class=\"J_module\">\n<div class=\"magic-0\" id=\"ali-anchor-AliMagic-9cjdi5\">KKK<\/div>\n<\/div>\n<div class=\"J_module\">\n<div class=\"detail-decorate-json-renderer-container\">\n<div class=\"magic-30\">\n<h3 class=\"magic-31\">&nbsp;<\/h3>\n<div class=\"magic-32\">\n<div class=\"magic-33\">\n<div class=\"magic-34\"><strong>K<\/strong>: Kas olete tootja? <strong>A<\/strong>: Yes, we are manufacturers.We can provide OEM \/ ODM customized service according to our customers\u2019 various application and demands.All of our products are fully patented, design, hardware and software,mold,assembly are done by our own team. <strong>K<\/strong>: Milline on minimaalne tellimus (MOQ)? <strong>A<\/strong>Standardtoodete puhul aktsepteerime \u00fchte \u00fchikut. Vajadusel saame seda isegi teie logoga kohandada. Kui vajate OEM-i, vaatame \u00fcksikasjalikke n\u00f5udeid ja kinnitame teile meie m\u00fc\u00fcgiosakonna poolt minimaalse tellimuse koguse. <strong>K<\/strong>: Kas me saame tasuta proovi? <strong>A<\/strong>Vabandust, \u00fcldiselt me tasuta n\u00e4idist ei paku. Kui klient kinnitab spetsifikatsiooni ja hinna, saab ta esmalt tellida n\u00e4idise testimiseks ja hindamiseks. <strong>K<\/strong>: Kuidas tellida ja maksta? <strong>A<\/strong>Aktsepteerime T\/T (panga\u00fclekanne), Alibaba online&#039;i, Western Union 1 Trade Assurance&#039;i <strong>K<\/strong>: What&#8217;s Your Products Warranty? <strong>A<\/strong>: Pakume 24-kuulist garantiid p\u00e4rast saatmist. <strong>K<\/strong>: Kui kaua kohaletoimetamine aega v\u00f5tab? <strong>A<\/strong>Tootmise tarneaeg on umbes 3\u201310 p\u00e4eva, olenevalt vajadusest, ja DHL\/UPS\/FEDEX\/TNT saatmisaeg on umbes 3\u20137 t\u00f6\u00f6p\u00e4eva. M\u00f5nedes kaugemates kohtades v\u00f5ib tarneaeg olla veidi pikem. <strong>K<\/strong> Kuidas seadet parandada, kui sellega peaks probleeme tekkima? <strong>A<\/strong>Pakume probleemi lahendamiseks veebis tehnilist tuge; Riistvaraprobleemi korral v\u00f5ime saata osad v\u00f5i komponendid ja \u00f5petada klienti neid paigaldama, kui neil on tehnik v\u00f5i nad saavad meile ka probleemi lahendamiseks tagasi saata. <strong>K<\/strong>: Kas saate meie toodet kohandada ja levitada? <strong>A<\/strong>: Oleme professionaalne e-jalgrataste tootja, kellel on 8-aastane tootmiskogemus. Toetame toodete kohandamist, levitamist ja hulgim\u00fc\u00fcki.<\/div>\n<\/div>\n<\/div>\n<\/div>\n<\/div>\n<\/div>\n<\/div>\n<p>&nbsp;<\/p>\n<\/div>\n<\/div>","protected":false},"excerpt":{"rendered":"<p>Model Number:&nbsp;E5B Category:&nbsp;Two-wheel Scooter Applicable People:&nbsp;Unisex Range Per Charge:&nbsp;60-80km Charging Time:&nbsp;6-8h Voltage:&nbsp;60v Folded:&nbsp;YES Origin:&nbsp;Mainland China Power (W):&nbsp;6000W country of origin:&nbsp;Anhui, China brand:&nbsp;WO YU Model:&nbsp;E5B charging time:&nbsp;8-10 hours Whether to fold:&nbsp;Yes<\/p>","protected":false},"featured_media":8487,"comment_status":"open","ping_status":"closed","template":"","meta":{"_acf_changed":false},"product_brand":[],"product_cat":[468,297],"product_tag":[],"class_list":{"0":"post-8486","1":"product","2":"type-product","3":"status-publish","4":"has-post-thumbnail","6":"product_cat-electric-off-road-scooter","7":"product_cat-scooters","9":"first","10":"instock","11":"shipping-taxable","12":"purchasable","13":"product-type-simple"},"acf":[],"_links":{"self":[{"href":"https:\/\/electricstore.eu\/et\/wp-json\/wp\/v2\/product\/8486","targetHints":{"allow":["GET"]}}],"collection":[{"href":"https:\/\/electricstore.eu\/et\/wp-json\/wp\/v2\/product"}],"about":[{"href":"https:\/\/electricstore.eu\/et\/wp-json\/wp\/v2\/types\/product"}],"replies":[{"embeddable":true,"href":"https:\/\/electricstore.eu\/et\/wp-json\/wp\/v2\/comments?post=8486"}],"wp:featuredmedia":[{"embeddable":true,"href":"https:\/\/electricstore.eu\/et\/wp-json\/wp\/v2\/media\/8487"}],"wp:attachment":[{"href":"https:\/\/electricstore.eu\/et\/wp-json\/wp\/v2\/media?parent=8486"}],"wp:term":[{"taxonomy":"product_brand","embeddable":true,"href":"https:\/\/electricstore.eu\/et\/wp-json\/wp\/v2\/product_brand?post=8486"},{"taxonomy":"product_cat","embeddable":true,"href":"https:\/\/electricstore.eu\/et\/wp-json\/wp\/v2\/product_cat?post=8486"},{"taxonomy":"product_tag","embeddable":true,"href":"https:\/\/electricstore.eu\/et\/wp-json\/wp\/v2\/product_tag?post=8486"}],"curies":[{"name":"wp","href":"https:\/\/api.w.org\/{rel}","templated":true}]}}