{"id":8441,"date":"2025-05-19T20:30:58","date_gmt":"2025-05-19T20:30:58","guid":{"rendered":"https:\/\/electricstore.eu\/product\/uncategorized\/l12-48v-max-speed-45-mph-range-35-45-km-electric-scooter\/"},"modified":"2025-05-21T05:41:28","modified_gmt":"2025-05-21T05:41:28","slug":"l12-48v-max-speed-45-mph-range-35-45-km-electric-scooter","status":"publish","type":"product","link":"https:\/\/electricstore.eu\/et\/p\/scooters\/electric-off-road-scooter\/l12-48v-max-speed-45-mph-range-35-45-km-electric-scooter\/","title":{"rendered":"Geofought L12 500W 48V 13Ah 45km\/h 35-45km 10\u2033 kaherattaline t\u00f5ukeratas"},"content":{"rendered":"<div class=\"product-specs-list-container\">\n<ul class=\"product-specs-list util-clearfix\">\n<li class=\"product-prop line-limit-length\"><span\n                                        class=\"property-title\">Rehvi suurus:&nbsp;<\/span><span\n                                        class=\"property-desc line-limit-length\">10 tolli<\/span>\n                            <\/li>\n<li class=\"product-prop line-limit-length\"><span\n                                        class=\"property-title\">Mudelinumber:&nbsp;<\/span><span\n                                        class=\"property-desc line-limit-length\">L12<\/span>\n                            <\/li>\n<li class=\"product-prop line-limit-length\"><span\n                                        class=\"property-title\">Kategooria:&nbsp;<\/span><span\n                                        class=\"property-desc line-limit-length\">Kaherattaline t\u00f5ukeratas<\/span>\n                            <\/li>\n<li class=\"product-prop line-limit-length\"><span\n                                        class=\"property-title\">Kohaldatavad inimesed:&nbsp;<\/span><span\n                                        class=\"property-desc line-limit-length\">Unisex<\/span>\n                            <\/li>\n<li class=\"product-prop line-limit-length\"><span\n                                        class=\"property-title\">Ulatus laadimise kohta:&nbsp;<\/span><span\n                                        class=\"property-desc line-limit-length\">40\u201360 km<\/span>\n                            <\/li>\n<li class=\"product-prop line-limit-length\"><span\n                                        class=\"property-title\">Laadimisaeg:&nbsp;<\/span><span\n                                        class=\"property-desc line-limit-length\">6\u20138 tundi<\/span>\n                            <\/li>\n<li class=\"product-prop line-limit-length\"><span\n                                        class=\"property-title\">Pinge:&nbsp;<\/span><span\n                                        class=\"property-desc line-limit-length\">48v<\/span>\n                            <\/li>\n<li class=\"product-prop line-limit-length\"><span\n                                        class=\"property-title\">Kokkupandud:&nbsp;<\/span><span\n                                        class=\"property-desc line-limit-length\">JAH<\/span>\n                            <\/li>\n<li class=\"product-prop line-limit-length\"><span\n                                        class=\"property-title\">P\u00e4ritolu:&nbsp;<\/span><span\n                                        class=\"property-desc line-limit-length\">Mandri-Hiina<\/span>\n                            <\/li>\n<li class=\"product-prop line-limit-length\"><span\n                                        class=\"property-title\">V\u00f5imsus (W):&nbsp;<\/span><span\n                                        class=\"property-desc line-limit-length\">201\u2013500 W<\/span>\n                            <\/li>\n<li class=\"product-prop line-limit-length\"><span\n                                        class=\"property-title\">P\u00e4ritolukoht:&nbsp;<\/span><span\n                                        class=\"property-desc line-limit-length\">Jiangsu, Hiina<\/span>\n                            <\/li>\n<li class=\"product-prop line-limit-length\"><span\n                                        class=\"property-title\">Br\u00e4nd:&nbsp;<\/span><span\n                                        class=\"property-desc line-limit-length\">Geofought<\/span>\n                            <\/li>\n<li class=\"product-prop line-limit-length\"><span\n                                        class=\"property-title\">Mudelinumber:&nbsp;<\/span><span\n                                        class=\"property-desc line-limit-length\">L12<\/span>\n                            <\/li>\n<li class=\"product-prop line-limit-length\"><span\n                                        class=\"property-title\">V\u00f5imsus:&nbsp;<\/span><span\n                                        class=\"property-desc line-limit-length\">500 W, 500 W mootor<\/span>\n                            <\/li>\n<li class=\"product-prop line-limit-length\"><span\n                                        class=\"property-title\">Pinge:&nbsp;<\/span><span\n                                        class=\"property-desc line-limit-length\">48V<\/span>\n                            <\/li>\n<li class=\"product-prop line-limit-length\"><span\n                                        class=\"property-title\">Laadimisaeg:&nbsp;<\/span><span\n                                        class=\"property-desc line-limit-length\">6\u201310 tundi<\/span>\n                            <\/li>\n<li class=\"product-prop line-limit-length\"><span\n                                        class=\"property-title\">Kokkupandav:&nbsp;<\/span><span\n                                        class=\"property-desc line-limit-length\">Jah<\/span>\n                            <\/li>\n<li class=\"product-prop line-limit-length\"><span\n                                        class=\"property-title\">Ulatus laadimise kohta:&nbsp;<\/span><span\n                                        class=\"property-desc line-limit-length\">35\u201345 km<\/span>\n                            <\/li>\n<li class=\"product-prop line-limit-length\"><span\n                                        class=\"property-title\">Maksimaalne kiirus:&nbsp;<\/span><span\n                                        class=\"property-desc line-limit-length\">41\u201350 km\/h, 45 km\/h<\/span>\n                            <\/li>\n<li class=\"product-prop line-limit-length\"><span\n                                        class=\"property-title\">Kategooria:&nbsp;<\/span><span\n                                        class=\"property-desc line-limit-length\">Kaherattaline t\u00f5ukeratas<\/span>\n                            <\/li>\n<li class=\"product-prop line-limit-length\"><span\n                                        class=\"property-title\">Rahvahulga suhtes kohaldatav:&nbsp;<\/span><span\n                                        class=\"property-desc line-limit-length\">Unisex<\/span>\n                            <\/li>\n<li class=\"product-prop line-limit-length\"><span\n                                        class=\"property-title\">Nutikas t\u00fc\u00fcp:&nbsp;<\/span><span\n                                        class=\"property-desc line-limit-length\">Elektrooniline<\/span>\n                            <\/li>\n<li class=\"product-prop line-limit-length\"><span\n                                        class=\"property-title\">Aku mahtuvus:&nbsp;<\/span><span\n                                        class=\"property-desc line-limit-length\">13AH<\/span>\n                            <\/li>\n<li class=\"product-prop line-limit-length\"><span\n                                        class=\"property-title\">Br\u00e4ndi nimi:&nbsp;<\/span><span\n                                        class=\"property-desc line-limit-length\">Geofought t\u00f5ukeratas<\/span>\n                            <\/li>\n<li class=\"product-prop line-limit-length\"><span\n                                        class=\"property-title\">Rehv:&nbsp;<\/span><span\n                                        class=\"property-desc line-limit-length\">10 tolli<\/span>\n                            <\/li>\n<li class=\"product-prop line-limit-length\"><span\n                                        class=\"property-title\">Vahemik:&nbsp;<\/span><span\n                                        class=\"property-desc line-limit-length\">35\u201345 km<\/span>\n                            <\/li>\n<li class=\"product-prop line-limit-length\"><span\n                                        class=\"property-title\">Aku t\u00fc\u00fcp:&nbsp;<\/span><span\n                                        class=\"property-desc line-limit-length\">Liitiumaku<\/span>\n                            <\/li>\n<li class=\"product-prop line-limit-length\"><span\n                                        class=\"property-title\">Aku:&nbsp;<\/span><span\n                                        class=\"property-desc line-limit-length\">13 tundi<\/span>\n                            <\/li>\n<li class=\"product-prop line-limit-length\"><span\n                                        class=\"property-title\">Maksimaalne koormus (KG):&nbsp;<\/span><span\n                                        class=\"property-desc line-limit-length\">150 kg<\/span>\n                            <\/li>\n<li class=\"product-prop line-limit-length\"><span\n                                        class=\"property-title\">K\u00e4ik:&nbsp;<\/span><span\n                                        class=\"property-desc line-limit-length\">3 k\u00e4iku<\/span>\n                            <\/li>\n<li class=\"product-prop line-limit-length\"><span\n                                        class=\"property-title\">Pakendi suurus:&nbsp;<\/span><span\n                                        class=\"property-desc line-limit-length\">128 * 28 * 52 cm<\/span>\n                            <\/li>\n<li class=\"product-prop line-limit-length\"><span\n                                        class=\"property-title\">Sertifikaat:&nbsp;<\/span><span\n                                        class=\"property-desc line-limit-length\"><\/span>\n                            <\/li>\n<\/ul><\/div>\n<div class=\"detailmodule_html\">\n<div class=\"detail-desc-decorate-richtext\">\n<div id=\"detail_decorate_root\">\n<div>\u00a0<\/div>\n<div>\n<div id=\"ali-anchor-AliMagic-gzf72v\">Toodete kirjeldus<\/div>\n<\/div>\n<div>\n<div>\n<div>\n<div>\n<div>\n<div>\n<div><strong>EL-is laos elektriline astmeline elektrit\u00f5ukeratas 10-tolline 500w 45kmh maksimaalne kiirus vahetatav akuga elektrit\u00f5ukeratas <\/strong><\/div>\n<div>\n<div><span>48v 500w \u00fchemootoriline mootor <\/span><\/div>\n<div><span>T\u00fc\u00fcp: 10-tolline maanteerehv Aku mahtuvus: 48v 13ah Kiirus: 45km\/h, 3 k\u00e4iku L\u00e4bis\u00f5it: 35-45km<\/span><\/div>\n<\/div>\n<\/div>\n<\/div>\n<\/div>\n<\/div>\n<\/div>\n<\/div>\n<div>\n<div>\n<div>\n<div>\n<div>\n<div><img decoding=\"async\" class=\"magic-8\" src=\"https:\/\/ae01.alicdn.com\/kf\/S4ed53e5dfba1433584b8e0b9c189dd85b.jpg?width=1000&amp;height=1000&amp;hash=2000\" slate-data-type=\"image\"\/><\/div>\n<\/div>\n<\/div>\n<\/div>\n<\/div>\n<\/div>\n<div>\u00a0<\/div>\n<div>\n<div>\n<table style=\"border-collapse:collapse\" class=\"has-title all magic-10\">\n<tbody>\n<tr>\n<td rowspan=\"1\" colspan=\"1\">\n<div>toote nimi<\/div>\n<\/td>\n<td rowspan=\"1\" colspan=\"1\">\n<div>Geofought L12<\/div>\n<\/td>\n<\/tr>\n<tr>\n<td rowspan=\"1\" colspan=\"1\">\n<div>Mootori nimiv\u00f5imsus<\/div>\n<\/td>\n<td rowspan=\"1\" colspan=\"1\">\n<div>500w<\/div>\n<\/td>\n<\/tr>\n<tr>\n<td rowspan=\"1\" colspan=\"1\">\n<div>L\u00e4bis\u00f5it (km)<\/div>\n<\/td>\n<td rowspan=\"1\" colspan=\"1\">\n<div>35\u201345 km<\/div>\n<\/td>\n<\/tr>\n<tr>\n<td rowspan=\"1\" colspan=\"1\">\n<div>Aku t\u00fc\u00fcp<\/div>\n<\/td>\n<td rowspan=\"1\" colspan=\"1\">\n<div>Liitiumaku<\/div>\n<\/td>\n<\/tr>\n<tr>\n<td rowspan=\"1\" colspan=\"1\">\n<div>Aku mahtuvus (AH)<\/div>\n<\/td>\n<td rowspan=\"1\" colspan=\"1\">\n<div><span class=\"magic-13\">48 V 13 Ah<\/span><\/div>\n<\/td>\n<\/tr>\n<tr>\n<td rowspan=\"1\" colspan=\"1\">\n<div>Tippkiirus (KM\/H)<\/div>\n<\/td>\n<td rowspan=\"1\" colspan=\"1\">\n<div>45 km\/h<\/div>\n<\/td>\n<\/tr>\n<tr>\n<td rowspan=\"1\" colspan=\"1\">\n<div>Maksimaalne koormus (KG)<\/div>\n<\/td>\n<td rowspan=\"1\" colspan=\"1\">\n<div>150 kg<\/div>\n<\/td>\n<\/tr>\n<tr>\n<td rowspan=\"1\" colspan=\"1\">\n<div>Rehvi suurus<\/div>\n<\/td>\n<td rowspan=\"1\" colspan=\"1\">\n<div>10 tolli\u00a0<\/div>\n<\/td>\n<\/tr>\n<tr>\n<td rowspan=\"1\" colspan=\"1\">\n<div>Pidur<\/div>\n<\/td>\n<td rowspan=\"1\" colspan=\"1\">\n<div>Ketaspidur\u00a0<\/div>\n<\/td>\n<\/tr>\n<tr>\n<td rowspan=\"1\" colspan=\"1\">\n<div>Kere suurus<\/div>\n<\/td>\n<td rowspan=\"1\" colspan=\"1\">\n<div>128*28*54<\/div>\n<\/td>\n<\/tr>\n<\/tbody>\n<\/table>\n<\/div>\n<\/div>\n<div>\n<div>\n<div>\n<div>\n<div>\n<div><span><strong>Detailne pilt<\/strong><\/span><\/div>\n<\/div>\n<\/div>\n<\/div>\n<\/div>\n<\/div>\n<div>\n<div>\n<div>\n<div>\n<div>\n<div><img decoding=\"async\" class=\"magic-16\" src=\"https:\/\/ae01.alicdn.com\/kf\/S970ee5b33c4e4b25b4f65a171e7a61d0j.jpg?width=750&amp;height=1200&amp;hash=1950\" slate-data-type=\"image\"\/><\/div>\n<\/div>\n<\/div>\n<\/div>\n<\/div>\n<\/div>\n<div>\n<div>\n<div>\n<div>\n<div>\n<div><img decoding=\"async\" class=\"magic-18\" src=\"https:\/\/ae01.alicdn.com\/kf\/S8e522b3a41da4fbb8c4e70ba1661bfecg.jpg?width=750&amp;height=1258&amp;hash=2008\" slate-data-type=\"image\"\/><\/div>\n<\/div>\n<\/div>\n<\/div>\n<\/div>\n<\/div>\n<div>\n<div>\n<div>\n<div>\n<div>\n<div><img decoding=\"async\" class=\"magic-20\" src=\"https:\/\/ae01.alicdn.com\/kf\/Sf29a88e4a8e14e70b8483e0da7d6f2d0I.jpg?width=1920&amp;height=1080&amp;hash=3000\" slate-data-type=\"image\"\/><\/div>\n<\/div>\n<\/div>\n<\/div>\n<\/div>\n<\/div>\n<div>\n<div>\n<div>\n<div>\n<div>\n<div><img decoding=\"async\" class=\"magic-22\" src=\"https:\/\/ae01.alicdn.com\/kf\/Sf6c9e27028b348259cbfb3c3a96b0483V.jpg?width=1440&amp;height=1080&amp;hash=2520\" slate-data-type=\"image\"\/><\/div>\n<\/div>\n<\/div>\n<\/div>\n<\/div>\n<\/div>\n<div>\n<div id=\"ali-anchor-AliMagic-s22dnq\">Klientide tagasiside<\/div>\n<\/div>\n<div>\n<div>\n<div>\n<div>\n<div>\n<div><img decoding=\"async\" class=\"magic-24\" src=\"https:\/\/ae01.alicdn.com\/kf\/Sdc13db1a3ab74cf2904abd72c61d48d0b.jpg?width=540&amp;height=1200&amp;hash=1740\" slate-data-type=\"image\"\/><\/div>\n<div><img decoding=\"async\" class=\"magic-24\" src=\"https:\/\/ae01.alicdn.com\/kf\/S1fbc61221bd5448684f23007acd22025B.jpg?width=1080&amp;height=2400&amp;hash=3480\" slate-data-type=\"image\"\/><\/div>\n<\/div>\n<\/div>\n<\/div>\n<\/div>\n<\/div>\n<div>\n<div>\n<div>\n<div>\n<div>\n<div><img decoding=\"async\" class=\"magic-27\" src=\"https:\/\/ae01.alicdn.com\/kf\/S474162c8d33c4784b28148568327068fj.jpg?width=476&amp;height=460&amp;hash=936\" slate-data-type=\"image\"\/><\/div>\n<div><img decoding=\"async\" class=\"magic-29\" src=\"https:\/\/ae01.alicdn.com\/kf\/S6e9edb81d801437597dd48b431b84fe51.jpg?width=476&amp;height=507&amp;hash=983\" slate-data-type=\"image\"\/><\/div>\n<\/div>\n<\/div>\n<\/div>\n<\/div>\n<\/div>\n<div>\n<div id=\"ali-anchor-AliMagic-xj7rlm\">Saatmiseks valmis<\/div>\n<\/div>\n<div>\n<div>\n<div>\n<div>\n<div>\n<div><img decoding=\"async\" class=\"magic-31\" src=\"https:\/\/ae01.alicdn.com\/kf\/S41cc3d7521dc45a8ab8bc2f34ed014b4o.jpg?width=3648&amp;height=2736&amp;hash=6384\" slate-data-type=\"image\"\/><\/div>\n<div><img decoding=\"async\" class=\"magic-31\" src=\"https:\/\/ae01.alicdn.com\/kf\/S4bd2163e88934eebaefd9184ac0cba08s.jpg?width=1440&amp;height=1080&amp;hash=2520\" slate-data-type=\"image\"\/><\/div>\n<\/div>\n<\/div>\n<\/div>\n<\/div>\n<\/div>\n<div>\n<div>\n<div>\n<div>\n<div>\n<div><img decoding=\"async\" class=\"magic-31\" src=\"https:\/\/ae01.alicdn.com\/kf\/S59de090934e04fed9d5b5067d3b1ed3ah.jpg?width=1440&amp;height=1080&amp;hash=2520\" slate-data-type=\"image\"\/><\/div>\n<div><img decoding=\"async\" class=\"magic-31\" src=\"https:\/\/ae01.alicdn.com\/kf\/S2717488a6b454b5f87641267fe8ae193q.jpg?width=1440&amp;height=1080&amp;hash=2520\" slate-data-type=\"image\"\/><\/div>\n<\/div>\n<\/div>\n<\/div>\n<\/div>\n<\/div>\n<div>\n<div id=\"ali-anchor-AliMagic-vgy8yv\">Soovita tooteid<\/div>\n<\/div>\n<div>\u00a0<\/div>\n<div>\n<div id=\"ali-anchor-AliMagic-iwf6hj\">Ettev\u00f5tte profiil<\/div>\n<\/div>\n<div>\n<div>\n<div>\n<div>\n<div>\n<div><img decoding=\"async\" class=\"magic-20\" src=\"https:\/\/ae01.alicdn.com\/kf\/S4458afffa07b45e3a37be52dc76765019.jpg?width=1920&amp;height=1080&amp;hash=3000\" slate-data-type=\"image\"\/><\/div>\n<\/div>\n<\/div>\n<\/div>\n<\/div>\n<\/div>\n<div>\n<div>\n<div>\n<div>\n<div>\n<div><img decoding=\"async\" class=\"magic-34\" src=\"https:\/\/ae01.alicdn.com\/kf\/S827d20bb45af402db729719212895de1T.jpg?width=830&amp;height=499&amp;hash=1329\" slate-data-type=\"image\"\/><\/div>\n<\/div>\n<\/div>\n<\/div>\n<\/div>\n<\/div>\n<div>\n<div>\n<div>\n<div>\n<div>\n<div><img decoding=\"async\" class=\"magic-36\" src=\"https:\/\/ae01.alicdn.com\/kf\/Sf500f1b955ea40ee95c2d3210f14e325d.jpg?width=750&amp;height=810&amp;hash=1560\" slate-data-type=\"image\"\/><\/div>\n<\/div>\n<\/div>\n<\/div>\n<\/div>\n<\/div>\n<div>\n<div id=\"ali-anchor-AliMagic-09s5h7\">Toote pakend<\/div>\n<\/div>\n<div>\n<div>\n<div>\n<div>\n<div>\n<div><img decoding=\"async\" class=\"magic-31\" src=\"https:\/\/ae01.alicdn.com\/kf\/S29723daf908b4c4f9e710b391df94ab3x.jpg?width=1440&amp;height=1080&amp;hash=2520\" slate-data-type=\"image\"\/><\/div>\n<div><img decoding=\"async\" class=\"magic-31\" src=\"https:\/\/ae01.alicdn.com\/kf\/Sd54e04ecd11c410ba1e8766bc0bc9767R.jpg?width=1440&amp;height=1080&amp;hash=2520\" slate-data-type=\"image\"\/><\/div>\n<\/div>\n<\/div>\n<\/div>\n<\/div>\n<\/div>\n<div>\n<div id=\"ali-anchor-AliMagic-nsikbv\">KKK<\/div>\n<\/div>\n<div>\n<div>\n<div>\n<div>\n<div>\n<div>\n<div><span><strong>1. Miks valida meid?<\/strong><\/span> <span><br \/>Professionaalsed m\u00fc\u00fcjad ja uurimisr\u00fchm;<br \/>Ostja kaitsmiseks aktsepteerige kaubanduse tagamise korraldust;<br \/>Saame teha OEM\/ODM tooteid;<br \/>\u00d5igeaegne kohaletoimetamine.<\/span><br \/><span><strong>2. Kuidas saada n\u00e4idist ja s\u00e4\u00e4sta kulusid?<\/strong><\/span> <span><br \/>N\u00e4idiskaart v\u00f5ib pakkuda tasuta, pakkuda ainult veokulusid.<br \/>Kohandatud proovi saamiseks v\u00f5tke meiega \u00fchendust proovi maksumuse kohta.<br \/>Kui tellite otse, saame teile kvaliteedi kontrollimiseks pakkuda tasuta n\u00e4idist.<\/span><br \/><span><strong>3\u9286\u4e44hat&#x27;s your payment term?<\/strong><\/span> <span><br \/>30% sissemakse ja 70% saldomakse.<\/span><br \/><span><strong>4. Kuidas teie kvaliteedikontroll toimib?<\/strong><\/span> <span><br \/>Meil on professionaalne kvaliteedikontrolli meeskond, kontrollime kauba kvaliteeti kogu masstootmise ajal.<\/span><br \/><span><strong>5\u9286\u4e21f we don&#x27;t have any shipping forwarder in China, could you do this for us?<\/strong><\/span> <span><br \/>Meil on ekspediitorfirmaga v\u00e4ga head suhted, saame teile saata parima saatmishinna ja suurep\u00e4rase teeninduse.<\/span><\/div>\n<div><span>Kui olete huvitatud mis tahes t\u00fc\u00fcbist, saatke meile \u00fcksikasjad e-posti v\u00f5i veebi teel. Pakume teile parima hinnapakkumise koos<br \/>\u00fclima standardteadmised. Ja me tervitame soojalt s\u00f5pru \u00fcle kogu maailma, et nad k\u00fclastaksid meie tehaseid \u00e4riasjade jaoks. <\/span><\/div>\n<\/div>\n<\/div>\n<\/div>\n<\/div>\n<\/div>\n<\/div>\n<\/div>\n<\/div>\n<\/div>\n<p><\/p>","protected":false},"excerpt":{"rendered":"<p>Tire Size:&nbsp;10 inch Model Number:&nbsp;L12 Category:&nbsp;Two-wheel Scooter Applicable People:&nbsp;Unisex Range Per Charge:&nbsp;40-60km Charging Time:&nbsp;6-8h Voltage:&nbsp;48v Folded:&nbsp;YES Origin:&nbsp;Mainland China Power (W):&nbsp;201-500W Place of Origin:&nbsp;Jiangsu, China Brand:&nbsp;Geofought Model Number:&nbsp;L12 Power:&nbsp;500W, 500w motor<\/p>","protected":false},"featured_media":8442,"comment_status":"open","ping_status":"closed","template":"","meta":{"_acf_changed":false},"product_brand":[],"product_cat":[468,297],"product_tag":[],"class_list":{"0":"post-8441","1":"product","2":"type-product","3":"status-publish","4":"has-post-thumbnail","6":"product_cat-electric-off-road-scooter","7":"product_cat-scooters","9":"first","10":"instock","11":"shipping-taxable","12":"purchasable","13":"product-type-variable"},"acf":[],"_links":{"self":[{"href":"https:\/\/electricstore.eu\/et\/wp-json\/wp\/v2\/product\/8441","targetHints":{"allow":["GET"]}}],"collection":[{"href":"https:\/\/electricstore.eu\/et\/wp-json\/wp\/v2\/product"}],"about":[{"href":"https:\/\/electricstore.eu\/et\/wp-json\/wp\/v2\/types\/product"}],"replies":[{"embeddable":true,"href":"https:\/\/electricstore.eu\/et\/wp-json\/wp\/v2\/comments?post=8441"}],"wp:featuredmedia":[{"embeddable":true,"href":"https:\/\/electricstore.eu\/et\/wp-json\/wp\/v2\/media\/8442"}],"wp:attachment":[{"href":"https:\/\/electricstore.eu\/et\/wp-json\/wp\/v2\/media?parent=8441"}],"wp:term":[{"taxonomy":"product_brand","embeddable":true,"href":"https:\/\/electricstore.eu\/et\/wp-json\/wp\/v2\/product_brand?post=8441"},{"taxonomy":"product_cat","embeddable":true,"href":"https:\/\/electricstore.eu\/et\/wp-json\/wp\/v2\/product_cat?post=8441"},{"taxonomy":"product_tag","embeddable":true,"href":"https:\/\/electricstore.eu\/et\/wp-json\/wp\/v2\/product_tag?post=8441"}],"curies":[{"name":"wp","href":"https:\/\/api.w.org\/{rel}","templated":true}]}}