{"id":8437,"date":"2025-05-19T20:30:55","date_gmt":"2025-05-19T20:30:55","guid":{"rendered":"https:\/\/electricstore.eu\/product\/uncategorized\/hx-x6-250w36v5ah\/"},"modified":"2025-05-20T13:08:17","modified_gmt":"2025-05-20T13:08:17","slug":"hx-x6-250w36v5ah","status":"publish","type":"product","link":"https:\/\/electricstore.eu\/et\/p\/scooters\/electric-city-scooters\/hx-x6-250w36v5ah\/","title":{"rendered":"WOYU X6 250W 36V 5Ah 25km\/h 40-60km kokkupandav kaherattaline t\u00f5ukeratas"},"content":{"rendered":"<div class=\"product-specs-list-container\">\n<ul class=\"product-specs-list util-clearfix\">\n<li class=\"product-prop line-limit-length\"><span\n                                        class=\"property-title\">Mudelinumber:&nbsp;<\/span><span\n                                        class=\"property-desc line-limit-length\">X6<\/span>\n                            <\/li>\n<li class=\"product-prop line-limit-length\"><span\n                                        class=\"property-title\">Kategooria:&nbsp;<\/span><span\n                                        class=\"property-desc line-limit-length\">Kaherattaline t\u00f5ukeratas<\/span>\n                            <\/li>\n<li class=\"product-prop line-limit-length\"><span\n                                        class=\"property-title\">Kohaldatavad inimesed:&nbsp;<\/span><span\n                                        class=\"property-desc line-limit-length\">Unisex<\/span>\n                            <\/li>\n<li class=\"product-prop line-limit-length\"><span\n                                        class=\"property-title\">Ulatus laadimise kohta:&nbsp;<\/span><span\n                                        class=\"property-desc line-limit-length\">40\u201360 km<\/span>\n                            <\/li>\n<li class=\"product-prop line-limit-length\"><span\n                                        class=\"property-title\">Laadimisaeg:&nbsp;<\/span><span\n                                        class=\"property-desc line-limit-length\">1-2 tundi<\/span>\n                            <\/li>\n<li class=\"product-prop line-limit-length\"><span\n                                        class=\"property-title\">Pinge:&nbsp;<\/span><span\n                                        class=\"property-desc line-limit-length\">36v<\/span>\n                            <\/li>\n<li class=\"product-prop line-limit-length\"><span\n                                        class=\"property-title\">Kokkupandud:&nbsp;<\/span><span\n                                        class=\"property-desc line-limit-length\">JAH<\/span>\n                            <\/li>\n<li class=\"product-prop line-limit-length\"><span\n                                        class=\"property-title\">P\u00e4ritolu:&nbsp;<\/span><span\n                                        class=\"property-desc line-limit-length\">Mandri-Hiina<\/span>\n                            <\/li>\n<li class=\"product-prop line-limit-length\"><span\n                                        class=\"property-title\">V\u00f5imsus (W):&nbsp;<\/span><span\n                                        class=\"property-desc line-limit-length\">201\u2013500 W<\/span>\n                            <\/li>\n<li class=\"product-prop line-limit-length\"><span\n                                        class=\"property-title\">P\u00e4ritolukoht:&nbsp;<\/span><span\n                                        class=\"property-desc line-limit-length\">Anhui, Hiina<\/span>\n                            <\/li>\n<li class=\"product-prop line-limit-length\"><span\n                                        class=\"property-title\">Br\u00e4nd:&nbsp;<\/span><span\n                                        class=\"property-desc line-limit-length\">WOYU<\/span>\n                            <\/li>\n<li class=\"product-prop line-limit-length\"><span\n                                        class=\"property-title\">Mudelinumber:&nbsp;<\/span><span\n                                        class=\"property-desc line-limit-length\">X6<\/span>\n                            <\/li>\n<li class=\"product-prop line-limit-length\"><span\n                                        class=\"property-title\">Laadimisaeg:&nbsp;<\/span><span\n                                        class=\"property-desc line-limit-length\">2-3h<\/span>\n                            <\/li>\n<li class=\"product-prop line-limit-length\"><span\n                                        class=\"property-title\">Kokkupandav:&nbsp;<\/span><span\n                                        class=\"property-desc line-limit-length\">Jah<\/span>\n                            <\/li>\n<li class=\"product-prop line-limit-length\"><span\n                                        class=\"property-title\">Ulatus laadimise kohta:&nbsp;<\/span><span\n                                        class=\"property-desc line-limit-length\">15\u201325 km<\/span>\n                            <\/li>\n<li class=\"product-prop line-limit-length\"><span\n                                        class=\"property-title\">Maksimaalne kiirus:&nbsp;<\/span><span\n                                        class=\"property-desc line-limit-length\">25KM\/h<\/span>\n                            <\/li>\n<li class=\"product-prop line-limit-length\"><span\n                                        class=\"property-title\">Kategooria:&nbsp;<\/span><span\n                                        class=\"property-desc line-limit-length\">Kaherattaline t\u00f5ukeratas<\/span>\n                            <\/li>\n<li class=\"product-prop line-limit-length\"><span\n                                        class=\"property-title\">Rahvahulga suhtes kohaldatav:&nbsp;<\/span><span\n                                        class=\"property-desc line-limit-length\">Unisex<\/span>\n                            <\/li>\n<li class=\"product-prop line-limit-length\"><span\n                                        class=\"property-title\">Nutikas t\u00fc\u00fcp:&nbsp;<\/span><span\n                                        class=\"property-desc line-limit-length\">Elektrooniline<\/span>\n                            <\/li>\n<li class=\"product-prop line-limit-length\"><span\n                                        class=\"property-title\">Aku mahtuvus:&nbsp;<\/span><span\n                                        class=\"property-desc line-limit-length\">5Ah<\/span>\n                            <\/li>\n<li class=\"product-prop line-limit-length\"><span\n                                        class=\"property-title\">Patenteeritud toode:&nbsp;<\/span><span\n                                        class=\"property-desc line-limit-length\">EI<\/span>\n                            <\/li>\n<li class=\"product-prop line-limit-length\"><span\n                                        class=\"property-title\">Sertifikaat:&nbsp;<\/span><span\n                                        class=\"property-desc line-limit-length\"><\/span>\n                            <\/li>\n<\/ul><\/div>\n<div class=\"detailmodule_html\">\n<div class=\"detail-desc-decorate-richtext\">\n<div id=\"detail_decorate_root\">\n<div>\u00a0<\/div>\n<div>\n<div id=\"ali-anchor-AliMagic-r9fewk\">Spetsifikatsioon<\/div>\n<\/div>\n<div>\n<div>\n<table style=\"border-collapse:collapse\" class=\"all magic-1\">\n<tbody>\n<tr>\n<td rowspan=\"1\" colspan=\"1\">\n<div>Product Name<\/div>\n<\/td>\n<td rowspan=\"1\" colspan=\"1\">\n<div>X6 Foldable Electric Scooter<\/div>\n<\/td>\n<\/tr>\n<tr>\n<td rowspan=\"1\" colspan=\"1\">\n<div>P\u00f6\u00f6ratud pinge<\/div>\n<\/td>\n<td rowspan=\"1\" colspan=\"1\">\n<div>DC25.2V<\/div>\n<\/td>\n<\/tr>\n<tr>\n<td rowspan=\"1\" colspan=\"1\">\n<div>Mootor<\/div>\n<\/td>\n<td rowspan=\"1\" colspan=\"1\">\n<div>250W<\/div>\n<\/td>\n<\/tr>\n<tr>\n<td rowspan=\"1\" colspan=\"1\">\n<div>Materjal<\/div>\n<\/td>\n<td rowspan=\"1\" colspan=\"1\">\n<div>Alumiiniumsulam<\/div>\n<\/td>\n<\/tr>\n<tr>\n<td rowspan=\"1\" colspan=\"1\">\n<div>Piduris\u00fcsteem<\/div>\n<\/td>\n<td rowspan=\"1\" colspan=\"1\">\n<div>Foot brake\/electric brake<\/div>\n<\/td>\n<\/tr>\n<tr>\n<td rowspan=\"1\" colspan=\"1\">\n<div>Maksimaalne kiirus<\/div>\n<\/td>\n<td rowspan=\"1\" colspan=\"1\">\n<div>25 km\/h<\/div>\n<\/td>\n<\/tr>\n<tr>\n<td rowspan=\"1\" colspan=\"1\">\n<div>S\u00f5idukilomeetris\u00f5it<\/div>\n<\/td>\n<td rowspan=\"1\" colspan=\"1\">\n<div>10-20Km<\/div>\n<\/td>\n<\/tr>\n<tr>\n<td rowspan=\"1\" colspan=\"1\">\n<div>Maksimaalne koormus<\/div>\n<\/td>\n<td rowspan=\"1\" colspan=\"1\">\n<div>100-120 KG<\/div>\n<\/td>\n<\/tr>\n<\/tbody>\n<\/table>\n<\/div>\n<\/div>\n<div>\n<div id=\"ali-anchor-AliMagic-q46x71\">Toodete kirjeldus<\/div>\n<\/div>\n<div>\n<div>\n<div><img decoding=\"async\" class=\"magic-6\" src=\"https:\/\/ae01.alicdn.com\/kf\/S36d3973e15ed4356948b6da5d2136ab6P.jpg?width=1000&amp;height=599&amp;hash=1599\" slate-data-type=\"image\"\/><\/div>\n<div><img decoding=\"async\" class=\"magic-6\" src=\"https:\/\/ae01.alicdn.com\/kf\/Sc0b2a428a141494b8753f1a74f366430D.jpg?width=1000&amp;height=600&amp;hash=1600\" slate-data-type=\"image\"\/><\/div>\n<div><img decoding=\"async\" class=\"magic-6\" src=\"https:\/\/ae01.alicdn.com\/kf\/Se88d0293175c4e6091f4b97c58a6d6289.jpg?width=1000&amp;height=600&amp;hash=1600\" slate-data-type=\"image\"\/><\/div>\n<div><img decoding=\"async\" class=\"magic-6\" src=\"https:\/\/ae01.alicdn.com\/kf\/S60c03cde4565400999b731dbf1bfc1a3f.jpg?width=1000&amp;height=600&amp;hash=1600\" slate-data-type=\"image\"\/><\/div>\n<div><img decoding=\"async\" class=\"magic-6\" src=\"https:\/\/ae01.alicdn.com\/kf\/S3ec6b44fcb5c4d288c1a6669cc7554b4H.jpg?width=589&amp;height=600&amp;hash=1189\" slate-data-type=\"image\"\/><\/div>\n<div><img decoding=\"async\" class=\"magic-6\" src=\"https:\/\/ae01.alicdn.com\/kf\/S8a9433f09f924c71a407b200602e8687m.jpg?width=1000&amp;height=601&amp;hash=1601\" slate-data-type=\"image\"\/><\/div>\n<div><img decoding=\"async\" class=\"magic-6\" src=\"https:\/\/ae01.alicdn.com\/kf\/Sfd2920eee88f4e5f8b8198bf1ccca7b6N.jpg?width=1000&amp;height=600&amp;hash=1600\" slate-data-type=\"image\"\/><\/div>\n<div><img decoding=\"async\" class=\"magic-6\" src=\"https:\/\/ae01.alicdn.com\/kf\/S606047fbcda74fa09dc7f473e3099c2bh.jpg?width=1000&amp;height=600&amp;hash=1600\" slate-data-type=\"image\"\/><\/div>\n<\/div>\n<\/div>\n<div>\n<div id=\"ali-anchor-AliMagic-gt2oye\">Toote pakend<\/div>\n<\/div>\n<div>\n<div>\n<div>\n<div>\n<div>\n<div><img decoding=\"async\" class=\"magic-10\" src=\"https:\/\/ae01.alicdn.com\/kf\/S603c352f31ec4ee7928249922cde2535G.jpg?width=1280&amp;height=960&amp;hash=2240\" slate-data-type=\"image\"\/><\/div>\n<div><img decoding=\"async\" class=\"magic-12\" src=\"https:\/\/ae01.alicdn.com\/kf\/S95bfd1d7a07f4f3d9b400cf282483639t.jpg?width=800&amp;height=800&amp;hash=1600\" slate-data-type=\"image\"\/><\/div>\n<\/div>\n<div><img decoding=\"async\" class=\"magic-14\" src=\"https:\/\/ae01.alicdn.com\/kf\/Sf819f886e9ee42da834170d7fbd1b7ach.jpg?width=600&amp;height=800&amp;hash=1400\" slate-data-type=\"image\"\/><\/div>\n<\/div>\n<\/div>\n<\/div>\n<\/div>\n<div>\n<div>\n<div>\n<div>\n<div>\n<div><img decoding=\"async\" class=\"magic-17\" src=\"https:\/\/ae01.alicdn.com\/kf\/S84939f2b10d24bd89ebbf28984b35e9cV.jpg?width=600&amp;height=800&amp;hash=1400\" slate-data-type=\"image\"\/><\/div>\n<\/div>\n<div>\n<div>\n<div>\n<div>\u00a0<\/div>\n<div>\u00a0<\/div>\n<div>\u00a0<\/div>\n<div>\u00a0<\/div>\n<div><span><strong>Teie kaupade ohutuse paremaks tagamiseks pakume professionaalseid, keskkonnas\u00f5bralikke, mugavaid ja t\u00f5husaid pakkimisteenuseid.<br \/>pakutakse.<\/strong><\/span><\/div>\n<\/div>\n<\/div>\n<\/div>\n<\/div>\n<\/div>\n<\/div>\n<\/div>\n<div>\n<div>\u00a0<\/div>\n<div>\n<div><img decoding=\"async\" class=\"magic-22\" src=\"https:\/\/ae01.alicdn.com\/kf\/Sd01d98a5d2e34d649f49394465343dbe4.jpg?width=693&amp;height=978&amp;hash=1671\" slate-data-type=\"image\"\/><\/div>\n<div><img decoding=\"async\" class=\"magic-24\" src=\"https:\/\/ae01.alicdn.com\/kf\/S3674a5ba838d4dd18bd1e5064ce9acd0Y.jpg?width=696&amp;height=980&amp;hash=1676\" slate-data-type=\"image\"\/><\/div>\n<\/div>\n<\/div>\n<div>\n<div id=\"ali-anchor-AliMagic-08we1r\">N\u00e4itus<\/div>\n<\/div>\n<div>\n<div>\n<div>\n<div>\n<div>\n<div><img decoding=\"async\" class=\"magic-26\" src=\"https:\/\/ae01.alicdn.com\/kf\/Scc76444e41d347fbad43d728c374f28cx.jpg?width=940&amp;height=562&amp;hash=1502\" slate-data-type=\"image\"\/><\/div>\n<\/div>\n<\/div>\n<\/div>\n<\/div>\n<\/div>\n<div>\n<div id=\"ali-anchor-AliMagic-zzqent\">Ettev\u00f5tte profiil<\/div>\n<\/div>\n<div>\n<div>\u00a0<\/div>\n<div>\n<div>\n<div>\u00a0<\/div>\n<div>E-ONE on ettev\u00f5te, mis tegeleb peamiselt uute energiatoodete ekspordiga. Ettev\u00f5te asub Anhui provintsi pealinnas Hefeis. E-ONE <strong>on ametlikult volitatud <\/strong>l\u00e4bi tuntud t\u00f6\u00f6stusbr\u00e4ndide, n\u00e4iteks <strong>Segway-Ninebot, Intex, DYU, HIMO, Kugoo<\/strong> ja m\u00f5ned teised tuntud ettev\u00f5tted. Peamiselt h\u00f5lmab meie t\u00e4ielik valik j\u00e4tkusuutlikke rohelisi ja puhtaid tooteid alates <strong>elektrilised t\u00f5ukerattad, elektrilised tasakaaluliikurid, elektrilised \u00fcherattalised,<\/strong> <span><strong>elektrilised kardis\u00f5iduautod<\/strong><\/span> <strong>, elektrilised jalgrattad, elektrilised mootorrattad<\/strong>K\u00f5ikide saadaolevate seotud sertifikaatidega, mis kindlasti paneb meid oma kvaliteedile orienteeritud tooteid kogu maailmas m\u00fc\u00fcma.<\/div>\n<\/div>\n<\/div>\n<\/div>\n<div>\n<div id=\"ali-anchor-AliMagic-fpcuhm\">KKK<\/div>\n<\/div>\n<div>\n<div>\n<div>\n<h3 class=\"magic-31\"><\/h3>\n<div>\n<div>\n<div><strong>K<\/strong>: Kas olete tootja? <strong>A<\/strong>Jah, me oleme tootjad. Pakume OEM\/ODM-i kohandatud teenust vastavalt klientide erinevatele rakendustele ja n\u00f5udmistele. K\u00f5ik meie tooted on t\u00e4ielikult patenteeritud, disaini, riist- ja tarkvara, vormimise ja montaa\u017ei teeb meie enda meeskond. <strong>K<\/strong>: Milline on minimaalne tellimus (MOQ)? <strong>A<\/strong>Standardtoodete puhul aktsepteerime \u00fchte \u00fchikut. Vajadusel saame seda isegi teie logoga kohandada. Kui vajate OEM-i, vaatame \u00fcksikasjalikke n\u00f5udeid ja kinnitame teile meie m\u00fc\u00fcgiosakonna poolt minimaalse tellimuse koguse. <strong>K<\/strong>: Kas me saame tasuta proovi? <strong>A<\/strong>Vabandust, \u00fcldiselt me tasuta n\u00e4idist ei paku. Kui klient kinnitab spetsifikatsiooni ja hinna, saab ta esmalt tellida n\u00e4idise testimiseks ja hindamiseks. <strong>K<\/strong>: Kuidas tellida ja maksta? <strong>A<\/strong>Aktsepteerime T\/T (panga\u00fclekanne), Alibaba online&#039;i, Western Union 1 Trade Assurance&#039;i <strong>K<\/strong>: Milline on teie toote garantii? <strong>A<\/strong>: Pakume 24-kuulist garantiid p\u00e4rast saatmist. <strong>K<\/strong>: Kui kaua kohaletoimetamine aega v\u00f5tab? <strong>A<\/strong>Tootmise tarneaeg on umbes 3\u201310 p\u00e4eva, olenevalt vajadusest, ja DHL\/UPS\/FEDEX\/TNT saatmisaeg on umbes 3\u20137 t\u00f6\u00f6p\u00e4eva. M\u00f5nedes kaugemates kohtades v\u00f5ib tarneaeg olla veidi pikem. <strong>K<\/strong> Kuidas seadet parandada, kui sellega peaks probleeme tekkima? <strong>A<\/strong>Pakume probleemi lahendamiseks veebis tehnilist tuge; Riistvaraprobleemi korral v\u00f5ime saata osad v\u00f5i komponendid ja \u00f5petada klienti neid paigaldama, kui neil on tehnik v\u00f5i nad saavad meile ka probleemi lahendamiseks tagasi saata. <strong>K<\/strong>: Kas saate meie toodet kohandada ja levitada? <strong>A<\/strong>: Oleme professionaalne e-jalgrataste tootja, kellel on 8-aastane tootmiskogemus. Toetame toodete kohandamist, levitamist ja hulgim\u00fc\u00fcki.<\/div>\n<\/div>\n<\/div>\n<\/div>\n<\/div>\n<\/div>\n<\/div>\n<div><\/div>\n<\/div>\n<\/div>\n<p><\/p>","protected":false},"excerpt":{"rendered":"<p>Model Number:&nbsp;X6 Category:&nbsp;Two-wheel Scooter Applicable People:&nbsp;Unisex Range Per Charge:&nbsp;40-60km Charging Time:&nbsp;1-2h Voltage:&nbsp;36v Folded:&nbsp;YES Origin:&nbsp;Mainland China Power (W):&nbsp;201-500W Place of Origin:&nbsp;Anhui, China Brand:&nbsp;WOYU Model Number:&nbsp;X6 Charging Time:&nbsp;2-3h Foldable:&nbsp;Yes Range Per Charge:&nbsp;15-25KM<\/p>","protected":false},"featured_media":8438,"comment_status":"open","ping_status":"closed","template":"","meta":{"_acf_changed":false},"product_brand":[],"product_cat":[469],"product_tag":[],"class_list":{"0":"post-8437","1":"product","2":"type-product","3":"status-publish","4":"has-post-thumbnail","6":"product_cat-electric-city-scooters","8":"first","9":"instock","10":"shipping-taxable","11":"purchasable","12":"product-type-simple"},"acf":[],"_links":{"self":[{"href":"https:\/\/electricstore.eu\/et\/wp-json\/wp\/v2\/product\/8437","targetHints":{"allow":["GET"]}}],"collection":[{"href":"https:\/\/electricstore.eu\/et\/wp-json\/wp\/v2\/product"}],"about":[{"href":"https:\/\/electricstore.eu\/et\/wp-json\/wp\/v2\/types\/product"}],"replies":[{"embeddable":true,"href":"https:\/\/electricstore.eu\/et\/wp-json\/wp\/v2\/comments?post=8437"}],"wp:featuredmedia":[{"embeddable":true,"href":"https:\/\/electricstore.eu\/et\/wp-json\/wp\/v2\/media\/8438"}],"wp:attachment":[{"href":"https:\/\/electricstore.eu\/et\/wp-json\/wp\/v2\/media?parent=8437"}],"wp:term":[{"taxonomy":"product_brand","embeddable":true,"href":"https:\/\/electricstore.eu\/et\/wp-json\/wp\/v2\/product_brand?post=8437"},{"taxonomy":"product_cat","embeddable":true,"href":"https:\/\/electricstore.eu\/et\/wp-json\/wp\/v2\/product_cat?post=8437"},{"taxonomy":"product_tag","embeddable":true,"href":"https:\/\/electricstore.eu\/et\/wp-json\/wp\/v2\/product_tag?post=8437"}],"curies":[{"name":"wp","href":"https:\/\/api.w.org\/{rel}","templated":true}]}}