{"id":8401,"date":"2025-05-19T20:30:33","date_gmt":"2025-05-19T20:30:33","guid":{"rendered":"https:\/\/electricstore.eu\/product\/uncategorized\/humsienk-lifepo4-lithium-battery-24v-100ah\/"},"modified":"2025-05-20T13:37:37","modified_gmt":"2025-05-20T13:37:37","slug":"humsienk-lifepo4-lithium-battery-24v-100ah","status":"publish","type":"product","link":"https:\/\/electricstore.eu\/et\/p\/batteries\/lifepo4-batteries\/100-200ah-lifepo4-batteries\/humsienk-lifepo4-lithium-battery-24v-100ah\/","title":{"rendered":"Humsienk 100Ah 24V LiFePO4 aku"},"content":{"rendered":"<div class=\"product-specs-list-container\">\n<ul class=\"product-specs-list util-clearfix\">\n<li class=\"product-prop line-limit-length\"><span\n                                        class=\"property-title\">K\u00f5rge riskiga kemikaal:&nbsp;<\/span><span\n                                        class=\"property-desc line-limit-length\">Puudub<\/span>\n                            <\/li>\n<li class=\"product-prop line-limit-length\"><span\n                                        class=\"property-title\">Nimimaht:&nbsp;<\/span><span\n                                        class=\"property-desc line-limit-length\">100Ah<\/span>\n                            <\/li>\n<li class=\"product-prop line-limit-length\"><span\n                                        class=\"property-title\">Kaal:&nbsp;<\/span><span\n                                        class=\"property-desc line-limit-length\">44,0 naela \/ 19,96 kg<\/span>\n                            <\/li>\n<li class=\"product-prop line-limit-length\"><span\n                                        class=\"property-title\">Pinge:&nbsp;<\/span><span\n                                        class=\"property-desc line-limit-length\">24V<\/span>\n                            <\/li>\n<li class=\"product-prop line-limit-length\"><span\n                                        class=\"property-title\">Suurus:&nbsp;<\/span><span\n                                        class=\"property-desc line-limit-length\">21,8 x 9,4 x 11,8 tolli<\/span>\n                            <\/li>\n<li class=\"product-prop line-limit-length\"><span\n                                        class=\"property-title\">Rakendus:&nbsp;<\/span><span\n                                        class=\"property-desc line-limit-length\">V\u00e4listingimustes kasutatav toiteallikas<\/span>\n                            <\/li>\n<li class=\"product-prop line-limit-length\"><span\n                                        class=\"property-title\">Mudelinumber:&nbsp;<\/span><span\n                                        class=\"property-desc line-limit-length\">24 V 100 Ah<\/span>\n                            <\/li>\n<li class=\"product-prop line-limit-length\"><span\n                                        class=\"property-title\">T\u00fc\u00fcp:&nbsp;<\/span><span\n                                        class=\"property-desc line-limit-length\">LiFePO4<\/span>\n                            <\/li>\n<li class=\"product-prop line-limit-length\"><span\n                                        class=\"property-title\">Br\u00e4ndi nimi:&nbsp;<\/span><span\n                                        class=\"property-desc line-limit-length\">Humsienk<\/span>\n                            <\/li>\n<li class=\"product-prop line-limit-length\"><span\n                                        class=\"property-title\">P\u00e4ritolu:&nbsp;<\/span><span\n                                        class=\"property-desc line-limit-length\">Mandri-Hiina<\/span>\n                            <\/li>\n<li class=\"product-prop line-limit-length\"><span\n                                        class=\"property-title\">Nimipinge:&nbsp;<\/span><span\n                                        class=\"property-desc line-limit-length\">Teised<\/span>\n                            <\/li>\n<li class=\"product-prop line-limit-length\"><span\n                                        class=\"property-title\">Veekindel:&nbsp;<\/span><span\n                                        class=\"property-desc line-limit-length\">IP65<\/span>\n                            <\/li>\n<li class=\"product-prop line-limit-length\"><span\n                                        class=\"property-title\">Omadused:&nbsp;<\/span><span\n                                        class=\"property-desc line-limit-length\">Kaasaskantav T\u00f5hus Ohutum Vastupidav Keskkonnas\u00f5bralik Mitmek\u00fclgne<\/span>\n                            <\/li>\n<\/ul><\/div>\n<p><strong><span style=\"font-size:18px;font-family:arial, helvetica, sans-serif\">A+ klassi autoakud: <\/span><\/strong><\/p>\n<p><span style=\"font-size:18px;font-family:arial, helvetica, sans-serif\">Humsienki 24V 100AhLiFePO4 aku on varustatud A+ klassi autot\u00f6\u00f6stuse LiFePO4 elementidega, mis tagavad tipptasemel ohutuse, energiatiheduse, v\u00f5imsuse ja stabiilsuse. See aku pakub usaldusv\u00e4\u00e4rset ja kauakestvat v\u00f5imsust minimaalse iset\u00fchjenemise kiirusega vaid 3% kuus. Sellel on tugev kaitse \u00fclelaadimise, \u00fclet\u00fchjenemise, \u00fclevoolu ja l\u00fchiste eest, pakkudes meelerahu ja usaldusv\u00e4\u00e4rset j\u00f5udlust.<\/span><\/p>\n<p><\/p>\n<p><strong><span style=\"font-size:18px;font-family:arial, helvetica, sans-serif\">Nutikas hoonete automaatika (BMS):<\/span><\/strong><\/p>\n<p><span style=\"font-size:18px;font-family:arial, helvetica, sans-serif\">See on varustatud suure j\u00f5udlusega 100A akuhalduss\u00fcsteemiga (BMS), mis haldab laadimis- ja t\u00fchjendusts\u00fckleid, kaitstes samal ajal akut \u00fclelaadimise, \u00fclet\u00fchjendamise ja l\u00fchiste eest. See t\u00e4iustatud BMS suurendab nii ohutust kui ka t\u00f5husust.<\/span><\/p>\n<p><\/p>\n<p><strong><span style=\"font-size:18px;font-family:arial, helvetica, sans-serif\">Pikaealisus: <\/span><\/strong><\/p>\n<p><span style=\"font-size:18px;font-family:arial, helvetica, sans-serif\">Kuni 10-aastase eluea ja 5000\u201315 000 laadimists\u00fckliga toodab see aku oma eluea jooksul (2560 Wh x 5000 ts\u00fcklit) kokku 12 800 kWh energiat. See pikaealisus t\u00e4hendab m\u00e4rkimisv\u00e4\u00e4rset kulude kokkuhoidu, pakkudes kuni 50% energias\u00e4\u00e4stu v\u00f5rreldes tavalise vooluv\u00f5rguga.<\/span><\/p>\n<p><\/p>\n<p><strong><span style=\"font-size:18px;font-family:arial, helvetica, sans-serif\">Kulut\u00f5hus: <\/span><\/strong><\/p>\n<p><span style=\"font-size:18px;font-family:arial, helvetica, sans-serif\">WattCycle 24V 100Ah aku on ka kulut\u00f5hus, pakkudes v\u00f5imsat energiasalvestust haagissuvilatele, mererakendustele v\u00f5i v\u00f5rguv\u00e4lise kasutamise jaoks. See on kerge, kaaludes vaid 20 kg.<\/span><\/p>\n<p><\/p>\n<p><strong><span style=\"font-size:18px;font-family:arial, helvetica, sans-serif\">Kerge kaal: <\/span><\/strong><\/p>\n<p><span style=\"font-size:18px;font-family:arial, helvetica, sans-serif\">24V 100Ah liitiumaku kaalub vaid kolmandiku sama mahutavusega v\u00f5rreldavast pliiakust, olles veidi kergem kui kahe pakiga WattCycle 12V 100Ah LiFePO4 akusid.<\/span><\/p>\n<p><\/p>\n<p><strong><span style=\"font-size:18px;font-family:arial, helvetica, sans-serif\">K\u00f5rge energiatihedus: <\/span><\/strong><\/p>\n<p><span style=\"font-size:18px;font-family:arial, helvetica, sans-serif\">Aku uhkustab suure energiatihedusega 60 Wh\/lb (2560 Wh \/ 44 naela \u2248 58 Wh\/lb).<\/span><\/p>\n<p><\/p>\n<p><strong><span style=\"font-size:18px;font-family:arial, helvetica, sans-serif\">Kiire laadimise v\u00f5imalused: <\/span><\/strong><\/p>\n<p><span style=\"font-size:18px;font-family:arial, helvetica, sans-serif\">See toetab kiirlaadimist, mis v\u00f5imaldab kiiremat laadimist ja minimeerib seisakuid kasutuskordade vahel.<\/span><\/p>\n<p><img decoding=\"async\" src=\"https:\/\/ae01.alicdn.com\/kf\/S919f57880b3a4421a3befbed3acce9410.jpg\" slate-data-type=\"image\"\/><img decoding=\"async\" src=\"https:\/\/ae01.alicdn.com\/kf\/Sd5ba8ef3527a4510bc9efcf32b8eb861V.jpg\" slate-data-type=\"image\"\/><img decoding=\"async\" src=\"https:\/\/ae01.alicdn.com\/kf\/S33645654898f4b5bb389c1657e83b85ct.jpg\" slate-data-type=\"image\"\/><img decoding=\"async\" src=\"https:\/\/ae01.alicdn.com\/kf\/S3452eb79bd874b4a8e1784c7bfa4eaee0.jpg\" slate-data-type=\"image\"\/><img decoding=\"async\" src=\"https:\/\/ae01.alicdn.com\/kf\/S22323eb9d9aa4931b005adb08bee883cO.jpg\" slate-data-type=\"image\"\/><img decoding=\"async\" src=\"https:\/\/ae01.alicdn.com\/kf\/S68d6d344d5c54aa0833e3e993ed0b15c8.jpg\" slate-data-type=\"image\"\/><\/p>","protected":false},"excerpt":{"rendered":"<p>Hign-concerned Chemical:&nbsp;None Nominal Capacity:&nbsp;100Ah Weight:&nbsp;44.0 lbs \/ 19.96kg Voltage:&nbsp;24V Size:&nbsp;21.8 x 9.4 x 11.8 inches Application:&nbsp;Outdoor Power Supply Model Number:&nbsp;24V 100Ah Type:&nbsp;LiFePO4 Brand Name:&nbsp;Humsienk Origin:&nbsp;Mainland China Rated Voltage:&nbsp;Others Waterproof:&nbsp;IP65 Features:&nbsp;Portable<\/p>","protected":false},"featured_media":8402,"comment_status":"open","ping_status":"closed","template":"","meta":{"_acf_changed":false},"product_brand":[],"product_cat":[237],"product_tag":[],"class_list":{"0":"post-8401","1":"product","2":"type-product","3":"status-publish","4":"has-post-thumbnail","6":"product_cat-100-200ah-lifepo4-batteries","8":"first","9":"instock","10":"shipping-taxable","11":"purchasable","12":"product-type-simple"},"acf":[],"_links":{"self":[{"href":"https:\/\/electricstore.eu\/et\/wp-json\/wp\/v2\/product\/8401","targetHints":{"allow":["GET"]}}],"collection":[{"href":"https:\/\/electricstore.eu\/et\/wp-json\/wp\/v2\/product"}],"about":[{"href":"https:\/\/electricstore.eu\/et\/wp-json\/wp\/v2\/types\/product"}],"replies":[{"embeddable":true,"href":"https:\/\/electricstore.eu\/et\/wp-json\/wp\/v2\/comments?post=8401"}],"wp:featuredmedia":[{"embeddable":true,"href":"https:\/\/electricstore.eu\/et\/wp-json\/wp\/v2\/media\/8402"}],"wp:attachment":[{"href":"https:\/\/electricstore.eu\/et\/wp-json\/wp\/v2\/media?parent=8401"}],"wp:term":[{"taxonomy":"product_brand","embeddable":true,"href":"https:\/\/electricstore.eu\/et\/wp-json\/wp\/v2\/product_brand?post=8401"},{"taxonomy":"product_cat","embeddable":true,"href":"https:\/\/electricstore.eu\/et\/wp-json\/wp\/v2\/product_cat?post=8401"},{"taxonomy":"product_tag","embeddable":true,"href":"https:\/\/electricstore.eu\/et\/wp-json\/wp\/v2\/product_tag?post=8401"}],"curies":[{"name":"wp","href":"https:\/\/api.w.org\/{rel}","templated":true}]}}