{"id":8362,"date":"2025-05-19T20:30:17","date_gmt":"2025-05-19T20:30:17","guid":{"rendered":"https:\/\/electricstore.eu\/product\/uncategorized\/humsienk-12v-200ah-100a\/"},"modified":"2025-05-20T13:38:42","modified_gmt":"2025-05-20T13:38:42","slug":"humsienk-12v-200ah-100a","status":"publish","type":"product","link":"https:\/\/electricstore.eu\/et\/p\/batteries\/lifepo4-batteries\/100-200ah-lifepo4-batteries\/humsienk-12v-200ah-100a\/","title":{"rendered":"Humsienk 200Ah 12V LiFePO4 aku"},"content":{"rendered":"<div class=\"product-specs-list-container\">\n<ul class=\"product-specs-list util-clearfix\">\n<li class=\"product-prop line-limit-length\"><span\n                                        class=\"property-title\">K\u00f5rge riskiga kemikaal:&nbsp;<\/span><span\n                                        class=\"property-desc line-limit-length\">Puudub<\/span>\n                            <\/li>\n<li class=\"product-prop line-limit-length\"><span\n                                        class=\"property-title\">Nimimaht:&nbsp;<\/span><span\n                                        class=\"property-desc line-limit-length\">100Ah<\/span>\n                            <\/li>\n<li class=\"product-prop line-limit-length\"><span\n                                        class=\"property-title\">Kaal:&nbsp;<\/span><span\n                                        class=\"property-desc line-limit-length\">20,3 kg<\/span>\n                            <\/li>\n<li class=\"product-prop line-limit-length\"><span\n                                        class=\"property-title\">Pinge:&nbsp;<\/span><span\n                                        class=\"property-desc line-limit-length\">12,8 V<\/span>\n                            <\/li>\n<li class=\"product-prop line-limit-length\"><span\n                                        class=\"property-title\">Suurus:&nbsp;<\/span><span\n                                        class=\"property-desc line-limit-length\">19,0 x 6,7 x 9,5 tolli<\/span>\n                            <\/li>\n<li class=\"product-prop line-limit-length\"><span\n                                        class=\"property-title\">Mudelinumber:&nbsp;<\/span><span\n                                        class=\"property-desc line-limit-length\">12V 200AH 100<\/span>\n                            <\/li>\n<li class=\"product-prop line-limit-length\"><span\n                                        class=\"property-title\">T\u00fc\u00fcp:&nbsp;<\/span><span\n                                        class=\"property-desc line-limit-length\">LiFePO4<\/span>\n                            <\/li>\n<li class=\"product-prop line-limit-length\"><span\n                                        class=\"property-title\">Br\u00e4ndi nimi:&nbsp;<\/span><span\n                                        class=\"property-desc line-limit-length\">Humsienk<\/span>\n                            <\/li>\n<li class=\"product-prop line-limit-length\"><span\n                                        class=\"property-title\">P\u00e4ritolu:&nbsp;<\/span><span\n                                        class=\"property-desc line-limit-length\">Mandri-Hiina<\/span>\n                            <\/li>\n<li class=\"product-prop line-limit-length\"><span\n                                        class=\"property-title\">Nimipinge:&nbsp;<\/span><span\n                                        class=\"property-desc line-limit-length\">Teised<\/span>\n                            <\/li>\n<\/ul><\/div>\n<p><strong><span style=\"font-size:18px;font-family:arial, helvetica, sans-serif\">Erakordne ts\u00fckli eluiga ja efektiivsus:<\/span><\/strong><\/p>\n<p><span style=\"font-size:18px;font-family:arial, helvetica, sans-serif\">Meie aku, millel on v\u00f5imekus l\u00e4bida \u00fcle 15 000 ts\u00fckli, on traditsiooniliste valikutega v\u00f5rreldes 63% v\u00f5rra efektiivsem. Selle pikaajaline vastupidavus ja k\u00f5rge efektiivsus muudavad selle ideaalseks valikuks pikaajaliseks ja sagedaseks kasutamiseks erinevates keskkondades.<\/span><\/p>\n<p><\/p>\n<p><strong><span style=\"font-size:18px;font-family:arial, helvetica, sans-serif\">Mitmek\u00fclgsed laadimisv\u00f5imalused ja madalal temperatuuril s\u00e4ilitamine:<\/span><\/strong><\/p>\n<p><span style=\"font-size:18px;font-family:arial, helvetica, sans-serif\">See mitmek\u00fclgne aku toetab kolme laadimismeetodit: spetsiaalne LiFePO4 laadija, p\u00e4ikesepaneeliga + MPPT laadija ja generaatorist tulev alalisvoolu-alalisvoolu muundur. Lisaks on sellel madala temperatuuri s\u00e4\u00e4stmise funktsioon, mis v\u00f5imaldab aku sujuvat toimimist ekstreemsetes tingimustes, tagades aastaringse t\u00f6\u00f6kindluse.<\/span><\/p>\n<p><\/p>\n<p><strong><span style=\"font-size:18px;font-family:arial, helvetica, sans-serif\">Skaleeritavad energialahendused:<\/span><\/strong><\/p>\n<p><span style=\"font-size:18px;font-family:arial, helvetica, sans-serif\">Meie aku on h\u00f5lpsasti 4S4P konfiguratsioonideks skaleeritav ja suudab pakkuda maksimaalset energiat 40,96 kWh. Selle modulaarne disain sobib erinevate energiavajadustega, muutes selle v\u00e4ga kohandatavaks paljude stsenaariumide jaoks, alates vaba aja tegevustest kuni kriitiliste v\u00f5rguv\u00e4liste s\u00fcsteemideni, suurendades teie energias\u00f5ltumatust ja mugavust.<\/span><\/p>\n<p><\/p>\n<p><strong><span style=\"font-size:18px;font-family:arial, helvetica, sans-serif\">Mitmek\u00fclgne toiteallikas erinevateks rakendusteks:<\/span><\/strong><\/p>\n<p><span style=\"font-size:18px;font-family:arial, helvetica, sans-serif\">See on loodud paljudeks rakendusteks ning on suurep\u00e4rane valik haagissuvilatele, merealustele, elektriv\u00f5rgust s\u00f5ltumatutele eluruumidele, telkimisreisidele ja avariivarus\u00fcsteemidele, tagades pideva ja usaldusv\u00e4\u00e4rse toiteallika k\u00f5ikjal, kuhu l\u00e4hete.<\/span><img decoding=\"async\" src=\"https:\/\/ae01.alicdn.com\/kf\/Sb7fe9276d0a7498995f4c89ff45d0ccdW.png\" slate-data-type=\"image\"\/><img decoding=\"async\" src=\"https:\/\/ae01.alicdn.com\/kf\/S8732b7b2356c46b1aaf39a35be29bfdcY.png\" slate-data-type=\"image\"\/><img decoding=\"async\" src=\"https:\/\/ae01.alicdn.com\/kf\/Sacd42f691f8f47f89d6f77cc4ff692a2v.png\" slate-data-type=\"image\"\/><img decoding=\"async\" src=\"https:\/\/ae01.alicdn.com\/kf\/S2b3ca2afba6941a5b38bf4a0e804dca44.png\" slate-data-type=\"image\"\/><img decoding=\"async\" src=\"https:\/\/ae01.alicdn.com\/kf\/S710e707facee431da90507ad715bcf19S.png\" slate-data-type=\"image\"\/><img decoding=\"async\" src=\"https:\/\/ae01.alicdn.com\/kf\/S020e558e6160483782eac7b919253ce2b.png\" slate-data-type=\"image\"\/><\/p>","protected":false},"excerpt":{"rendered":"<p>Hign-concerned Chemical:&nbsp;None Nominal Capacity:&nbsp;100Ah Weight:&nbsp;20.3kg Voltage:&nbsp;12.8V Size:&nbsp;19.0 x 6.7x 9.5 Inches Model Number:&nbsp;12V 200AH 100 Type:&nbsp;LiFePO4 Brand Name:&nbsp;Humsienk Origin:&nbsp;Mainland China Rated Voltage:&nbsp;Others Exceptional Cycle Life &amp; Efficiency: With the capability<\/p>","protected":false},"featured_media":8363,"comment_status":"open","ping_status":"closed","template":"","meta":{"_acf_changed":false},"product_brand":[],"product_cat":[237],"product_tag":[],"class_list":{"0":"post-8362","1":"product","2":"type-product","3":"status-publish","4":"has-post-thumbnail","6":"product_cat-100-200ah-lifepo4-batteries","8":"first","9":"instock","10":"shipping-taxable","11":"purchasable","12":"product-type-simple"},"acf":[],"_links":{"self":[{"href":"https:\/\/electricstore.eu\/et\/wp-json\/wp\/v2\/product\/8362","targetHints":{"allow":["GET"]}}],"collection":[{"href":"https:\/\/electricstore.eu\/et\/wp-json\/wp\/v2\/product"}],"about":[{"href":"https:\/\/electricstore.eu\/et\/wp-json\/wp\/v2\/types\/product"}],"replies":[{"embeddable":true,"href":"https:\/\/electricstore.eu\/et\/wp-json\/wp\/v2\/comments?post=8362"}],"wp:featuredmedia":[{"embeddable":true,"href":"https:\/\/electricstore.eu\/et\/wp-json\/wp\/v2\/media\/8363"}],"wp:attachment":[{"href":"https:\/\/electricstore.eu\/et\/wp-json\/wp\/v2\/media?parent=8362"}],"wp:term":[{"taxonomy":"product_brand","embeddable":true,"href":"https:\/\/electricstore.eu\/et\/wp-json\/wp\/v2\/product_brand?post=8362"},{"taxonomy":"product_cat","embeddable":true,"href":"https:\/\/electricstore.eu\/et\/wp-json\/wp\/v2\/product_cat?post=8362"},{"taxonomy":"product_tag","embeddable":true,"href":"https:\/\/electricstore.eu\/et\/wp-json\/wp\/v2\/product_tag?post=8362"}],"curies":[{"name":"wp","href":"https:\/\/api.w.org\/{rel}","templated":true}]}}