{"id":8316,"date":"2025-05-19T20:29:57","date_gmt":"2025-05-19T20:29:57","guid":{"rendered":"https:\/\/electricstore.eu\/product\/uncategorized\/gaiaray-eve-3-2v-50ah-lifepo4\/"},"modified":"2025-05-21T05:39:59","modified_gmt":"2025-05-21T05:39:59","slug":"gaiaray-eve-3-2v-50ah-lifepo4","status":"publish","type":"product","link":"https:\/\/electricstore.eu\/et\/p\/batteries\/lifepo4-batteries\/lifepo4-battery-cells\/gaiaray-eve-3-2v-50ah-lifepo4\/","title":{"rendered":"GaiaRay LF50K 150Ah 3.2V LiFePO4 akuelemendid"},"content":{"rendered":"<div class=\"product-specs-list-container\">\n<ul class=\"product-specs-list util-clearfix\">\n<li class=\"product-prop line-limit-length\"><span\n                                        class=\"property-title\">K\u00f5rge riskiga kemikaal:&nbsp;<\/span><span\n                                        class=\"property-desc line-limit-length\">Puudub<\/span>\n                            <\/li>\n<li class=\"product-prop line-limit-length\"><span\n                                        class=\"property-title\">Pakett:&nbsp;<\/span><span\n                                        class=\"property-desc line-limit-length\">Pakett 1<\/span>\n                            <\/li>\n<li class=\"product-prop line-limit-length\"><span\n                                        class=\"property-title\">Suurus:&nbsp;<\/span><span\n                                        class=\"property-desc line-limit-length\">F<\/span>\n                            <\/li>\n<li class=\"product-prop line-limit-length\"><span\n                                        class=\"property-title\">Vahetusaku:&nbsp;<\/span><span\n                                        class=\"property-desc line-limit-length\">Ei<\/span>\n                            <\/li>\n<li class=\"product-prop line-limit-length\"><span\n                                        class=\"property-title\">Komplekti t\u00fc\u00fcp:&nbsp;<\/span><span\n                                        class=\"property-desc line-limit-length\">Ainult patareid<\/span>\n                            <\/li>\n<li class=\"product-prop line-limit-length\"><span\n                                        class=\"property-title\">T\u00fc\u00fcp:&nbsp;<\/span><span\n                                        class=\"property-desc line-limit-length\">LiFePO4<\/span>\n                            <\/li>\n<li class=\"product-prop line-limit-length\"><span\n                                        class=\"property-title\">Nimimaht:&nbsp;<\/span><span\n                                        class=\"property-desc line-limit-length\">50Ah<\/span>\n                            <\/li>\n<li class=\"product-prop line-limit-length\"><span\n                                        class=\"property-title\">Mudelinumber:&nbsp;<\/span><span\n                                        class=\"property-desc line-limit-length\">LF50K<\/span>\n                            <\/li>\n<li class=\"product-prop line-limit-length\"><span\n                                        class=\"property-title\">Br\u00e4ndi nimi:&nbsp;<\/span><span\n                                        class=\"property-desc line-limit-length\">GaiaRay<\/span>\n                            <\/li>\n<li class=\"product-prop line-limit-length\"><span\n                                        class=\"property-title\">P\u00e4ritolu:&nbsp;<\/span><span\n                                        class=\"property-desc line-limit-length\">Mandri-Hiina<\/span>\n                            <\/li>\n<li class=\"product-prop line-limit-length\"><span\n                                        class=\"property-title\">Nimipinge:&nbsp;<\/span><span\n                                        class=\"property-desc line-limit-length\">3,2 V<\/span>\n                            <\/li>\n<li class=\"product-prop line-limit-length\"><span\n                                        class=\"property-title\">Nimiv\u00f5imsus:&nbsp;<\/span><span\n                                        class=\"property-desc line-limit-length\">50Ah<\/span>\n                            <\/li>\n<li class=\"product-prop line-limit-length\"><span\n                                        class=\"property-title\">Hinne:&nbsp;<\/span><span\n                                        class=\"property-desc line-limit-length\">A-klass<\/span>\n                            <\/li>\n<li class=\"product-prop line-limit-length\"><span\n                                        class=\"property-title\">Laadimisvool:&nbsp;<\/span><span\n                                        class=\"property-desc line-limit-length\">3C-5C<\/span>\n                            <\/li>\n<li class=\"product-prop line-limit-length\"><span\n                                        class=\"property-title\">T\u00fchjendusvool:&nbsp;<\/span><span\n                                        class=\"property-desc line-limit-length\">3C-5C<\/span>\n                            <\/li>\n<li class=\"product-prop line-limit-length\"><span\n                                        class=\"property-title\">Laadimise t\u00f6\u00f6temperatuur:&nbsp;<\/span><span\n                                        class=\"property-desc line-limit-length\">0\u201355 \u00b0C<\/span>\n                            <\/li>\n<li class=\"product-prop line-limit-length\"><span\n                                        class=\"property-title\">T\u00fchjendustemperatuur:&nbsp;<\/span><span\n                                        class=\"property-desc line-limit-length\">-20\u201355 \u00b0C<\/span>\n                            <\/li>\n<\/ul><\/div>\n<div class=\"detailmodule_dynamic\"><kse:widget data-widget-type=\"customText\" id=\"1005000021400404\" type=\"custom\"><\/kse:widget><\/div>\n<div class=\"detailmodule_html\">\n<div class=\"detail-desc-decorate-richtext\">\n<p style=\"text-align:left\" align=\"left\"><i><span style=\"font-size:20px\"><strong>Mudel: LF50K<\/strong><\/span><\/i><\/p>\n<p style=\"text-align:left\" align=\"left\"><i><span style=\"font-size:20px\"><strong>Maksimaalne laadimispinge: 3,65 V<\/strong><\/span><\/i><\/p>\n<p style=\"text-align:left\" align=\"left\"><i><span style=\"font-size:20px\"><strong>Kaal: 1390+50g<\/strong><\/span><\/i><\/p>\n<p style=\"text-align:left\" align=\"left\"><i><span style=\"font-size:20px\"><strong>Maksimaalne t\u00fchjendusvool: 315A<\/strong><\/span><\/i><\/p>\n<p style=\"text-align:left\" align=\"left\"><i><span style=\"font-size:20px\"><strong>T\u00fchjendustemperatuur: -30&#039;C~60\u00b0<\/strong><\/span><\/i><\/p>\n<p style=\"text-align:left\" align=\"left\"><i><span style=\"font-size:20px\"><strong>Nimipinge: 3,2 V<\/strong><\/span><\/i><\/p>\n<p style=\"text-align:left\" align=\"left\"><i><span style=\"font-size:20px\"><strong>Laadimistemperatuur: -5&#039;C-60\u00b0<\/strong><\/span><\/i><\/p>\n<p style=\"text-align:left\" align=\"left\"><i><span style=\"font-size:20px\"><strong>Tegelik mahutavus: 150Ah<\/strong><\/span><\/i><\/p>\n<p style=\"text-align:left\" align=\"left\"><i><span style=\"font-size:20px\"><strong>Vahelduvvoolu takistus: \u22640,7 mQ<\/strong><\/span><\/i><\/p>\n<p style=\"text-align:left\" align=\"left\"><i><span style=\"font-size:20px\"><strong>M\u00f5\u00f5tmed (P * L * K): 185,8 * 138,3 * 31,4 mm<\/strong><\/span><\/i><\/p>\n<p style=\"text-align:left\" align=\"left\"><i><span style=\"font-size:20px\"><strong>Gaiaray EVE 3.2V 50AH liitiumraudfosfaat aku LF50K liitiumaku LiFePo4 koduseks energia salvestamiseks p\u00e4ikesepatareideks<\/strong><\/span><\/i><\/p>\n<p style=\"text-align:left\" align=\"left\"><i><span style=\"font-size:20px\"><strong>Meil on laod Euroopas Poolas ja Ukrainas. Euroopa riikidesse j\u00f5uame kauba 3-7 p\u00e4evaga.<\/strong><\/span><\/i><\/p>\n<p><span style=\"background-color:rgb(247, 247, 247);color:rgb(17, 17, 17);font-size:24px;font-family:Arial, Helvetica, sans-serif\">N\u00e4pun\u00e4ited: Euroopas on laos, saate valida Hiinast saatmise, saadame selle teile Poola laost ja aeg saabub 3-7 p\u00e4eva jooksul.<\/span><\/p>\n<p style=\"text-align:left\" align=\"left\"><i><span style=\"font-size:20px\"><strong>Hiinast Euroopasse: 50\u201360 p\u00e4eva<\/strong><\/span><\/i><\/p>\n<p style=\"text-align:left\" align=\"left\"><i><span style=\"font-size:20px\"><strong>Jaapan: 7-15 p\u00e4eva<\/strong><\/span><\/i><\/p>\n<p style=\"text-align:left\" align=\"left\"><i><span style=\"font-size:20px\"><strong>Korea: 7-15 p\u00e4eva<\/strong><\/span><\/i><\/p>\n<p style=\"text-align:left\" align=\"left\"><i><span style=\"font-size:20px\"><strong>Venemaa: 40-50 p\u00e4eva<\/strong><\/span><\/i><\/p>\n<p style=\"text-align:left\" align=\"left\"><i><span style=\"font-size:20px\"><strong>USA: 50\u201360 p\u00e4eva<\/strong><\/span><\/i><\/p>\n<p style=\"text-align:left\" align=\"left\"><i><span style=\"font-size:20px\"><strong>Kanada Kanada: 50\u201360 p\u00e4eva<\/strong><\/span><\/i><\/p>\n<p style=\"text-align:left\" align=\"left\"><i><span style=\"font-size:20px\"><strong>Austraalia: 50\u201360 p\u00e4eva<\/strong><\/span><\/i><\/p>\n<p style=\"text-align:left\" align=\"left\"><i><span style=\"font-size:20px\"><strong>Ukraina: 60\u201370 p\u00e4eva<\/strong><\/span><\/i><\/p>\n<p style=\"text-align:left\" align=\"left\"><i><span style=\"font-size:20px\"><strong>Soojad n\u00e4pun\u00e4ited: Ukraina valib \u00f5hutranspordi, kohalej\u00f5udmine v\u00f5tab 7\u201315 p\u00e4eva!<\/strong><\/span><\/i><\/p>\n<p><img decoding=\"async\" src=\"https:\/\/ae01.alicdn.com\/kf\/S8805556a88ef4954ae6bf43618f4d9f68.jpg\" slate-data-type=\"image\"\/><\/p>\n<div><img decoding=\"async\" src=\"https:\/\/ae01.alicdn.com\/kf\/Sa81ee990624a49718bcc18fd48bf1a58n.jpg\" slate-data-type=\"image\"\/><\/div>\n<p><img decoding=\"async\" src=\"https:\/\/ae01.alicdn.com\/kf\/S383c255afa0f496ca224790dc7dd2d31k.jpg\" slate-data-type=\"image\"\/><img decoding=\"async\" src=\"https:\/\/ae01.alicdn.com\/kf\/Sbb5931b5e25a41a8bc77debd563bdbf0I.jpg\" slate-data-type=\"image\"\/><img decoding=\"async\" src=\"https:\/\/ae01.alicdn.com\/kf\/S423355189db4456788b7af3633e782375.jpg\" slate-data-type=\"image\"\/><img decoding=\"async\" src=\"https:\/\/ae01.alicdn.com\/kf\/S06182a503a71488db894cb863e287518B.jpg\" slate-data-type=\"image\"\/><img decoding=\"async\" src=\"https:\/\/ae01.alicdn.com\/kf\/Sa20de9ef1ac1486388183dccef5f6f72D.jpg\" slate-data-type=\"image\"\/><img decoding=\"async\" src=\"https:\/\/ae01.alicdn.com\/kf\/S53887c48e74f4e85862fdf8d8d70ec7c3.jpg\" slate-data-type=\"image\"\/><img decoding=\"async\" src=\"https:\/\/ae01.alicdn.com\/kf\/S328d0e391e8c46a491d661c287b79a96c.jpg\" slate-data-type=\"image\"\/><img decoding=\"async\" src=\"https:\/\/ae01.alicdn.com\/kf\/Sda4bb0b5abd14d0ca32990fb67d2ef7a2.jpg\" slate-data-type=\"image\"\/><img decoding=\"async\" src=\"https:\/\/ae01.alicdn.com\/kf\/S7a5b854e3ccb4d8caab3cbdb3247b0ccC.jpg\" slate-data-type=\"image\"\/><img fetchpriority=\"high\" decoding=\"async\" width=\"1000\" height=\"1349\" src=\"https:\/\/ae01.alicdn.com\/kf\/S0cbfad07f3404acfb79b530599804c09J.jpg\" slate-data-type=\"image\"\/><img decoding=\"async\" width=\"1000\" height=\"1792\" src=\"https:\/\/ae01.alicdn.com\/kf\/S4fb9783f0f51452784a47a197cc74b03h.jpg\" slate-data-type=\"image\"\/><\/p>\n<p><img decoding=\"async\" src=\"https:\/\/ae01.alicdn.com\/kf\/Sda4bb0b5abd14d0ca32990fb67d2ef7a2.jpg\" slate-data-type=\"image\"\/><img decoding=\"async\" src=\"https:\/\/ae01.alicdn.com\/kf\/S7a5b854e3ccb4d8caab3cbdb3247b0ccC.jpg\" slate-data-type=\"image\"\/><img decoding=\"async\" src=\"https:\/\/ae01.alicdn.com\/kf\/S999e99335961489dbd66ec23c5d4d036n.jpg\" slate-data-type=\"image\"\/><\/p>\n<\/div>\n<\/div>\n<p><\/p>","protected":false},"excerpt":{"rendered":"<p>Hign-concerned Chemical:&nbsp;None Bundle:&nbsp;Bundle 1 Size:&nbsp;F Replacement Battery:&nbsp;No Set Type:&nbsp;Batteries Only Type:&nbsp;LiFePO4 Nominal Capacity:&nbsp;50Ah Model Number:&nbsp;LF50K Brand Name:&nbsp;GaiaRay Origin:&nbsp;Mainland China Rated voltage:&nbsp;3.2V Rated capacity:&nbsp;50Ah Grade:&nbsp;Grade A Charging current:&nbsp;3C-5C Discharge current:&nbsp;3C-5C Charge<\/p>","protected":false},"featured_media":8240,"comment_status":"open","ping_status":"closed","template":"","meta":{"_acf_changed":false},"product_brand":[],"product_cat":[235],"product_tag":[],"class_list":{"0":"post-8316","1":"product","2":"type-product","3":"status-publish","4":"has-post-thumbnail","6":"product_cat-lifepo4-battery-cells","8":"first","9":"instock","10":"shipping-taxable","11":"purchasable","12":"product-type-variable"},"acf":[],"_links":{"self":[{"href":"https:\/\/electricstore.eu\/et\/wp-json\/wp\/v2\/product\/8316","targetHints":{"allow":["GET"]}}],"collection":[{"href":"https:\/\/electricstore.eu\/et\/wp-json\/wp\/v2\/product"}],"about":[{"href":"https:\/\/electricstore.eu\/et\/wp-json\/wp\/v2\/types\/product"}],"replies":[{"embeddable":true,"href":"https:\/\/electricstore.eu\/et\/wp-json\/wp\/v2\/comments?post=8316"}],"wp:featuredmedia":[{"embeddable":true,"href":"https:\/\/electricstore.eu\/et\/wp-json\/wp\/v2\/media\/8240"}],"wp:attachment":[{"href":"https:\/\/electricstore.eu\/et\/wp-json\/wp\/v2\/media?parent=8316"}],"wp:term":[{"taxonomy":"product_brand","embeddable":true,"href":"https:\/\/electricstore.eu\/et\/wp-json\/wp\/v2\/product_brand?post=8316"},{"taxonomy":"product_cat","embeddable":true,"href":"https:\/\/electricstore.eu\/et\/wp-json\/wp\/v2\/product_cat?post=8316"},{"taxonomy":"product_tag","embeddable":true,"href":"https:\/\/electricstore.eu\/et\/wp-json\/wp\/v2\/product_tag?post=8316"}],"curies":[{"name":"wp","href":"https:\/\/api.w.org\/{rel}","templated":true}]}}