{"id":8270,"date":"2025-05-19T20:29:40","date_gmt":"2025-05-19T20:29:40","guid":{"rendered":"https:\/\/electricstore.eu\/product\/uncategorized\/gaiary-1-4pcs-3-2v-30ah-lifepo4-battery\/"},"modified":"2025-05-21T05:40:01","modified_gmt":"2025-05-21T05:40:01","slug":"gaiary-1-4pcs-3-2v-30ah-lifepo4-battery","status":"publish","type":"product","link":"https:\/\/electricstore.eu\/et\/p\/batteries\/lifepo4-batteries\/lifepo4-battery-cells\/gaiary-1-4pcs-3-2v-30ah-lifepo4-battery\/","title":{"rendered":"GaiaRay 30Ah 3,2 V LiFePO4 aku"},"content":{"rendered":"<div class=\"product-specs-list-container\">\n<ul class=\"product-specs-list util-clearfix\">\n<li class=\"product-prop line-limit-length\"><span\n                                        class=\"property-title\">K\u00f5rge riskiga kemikaal:&nbsp;<\/span><span\n                                        class=\"property-desc line-limit-length\">Puudub<\/span>\n                            <\/li>\n<li class=\"product-prop line-limit-length\"><span\n                                        class=\"property-title\">Nimimaht:&nbsp;<\/span><span\n                                        class=\"property-desc line-limit-length\">30AH<\/span>\n                            <\/li>\n<li class=\"product-prop line-limit-length\"><span\n                                        class=\"property-title\">Kaal:&nbsp;<\/span><span\n                                        class=\"property-desc line-limit-length\">0,6 kg<\/span>\n                            <\/li>\n<li class=\"product-prop line-limit-length\"><span\n                                        class=\"property-title\">Pinge:&nbsp;<\/span><span\n                                        class=\"property-desc line-limit-length\">3,2 V<\/span>\n                            <\/li>\n<li class=\"product-prop line-limit-length\"><span\n                                        class=\"property-title\">Suurus:&nbsp;<\/span><span\n                                        class=\"property-desc line-limit-length\">155 * 100 * 20 mm<\/span>\n                            <\/li>\n<li class=\"product-prop line-limit-length\"><span\n                                        class=\"property-title\">Mudelinumber:&nbsp;<\/span><span\n                                        class=\"property-desc line-limit-length\">30 ah<\/span>\n                            <\/li>\n<li class=\"product-prop line-limit-length\"><span\n                                        class=\"property-title\">T\u00fc\u00fcp:&nbsp;<\/span><span\n                                        class=\"property-desc line-limit-length\">LiFePO4<\/span>\n                            <\/li>\n<li class=\"product-prop line-limit-length\"><span\n                                        class=\"property-title\">Br\u00e4ndi nimi:&nbsp;<\/span><span\n                                        class=\"property-desc line-limit-length\">GaiaRay<\/span>\n                            <\/li>\n<li class=\"product-prop line-limit-length\"><span\n                                        class=\"property-title\">P\u00e4ritolu:&nbsp;<\/span><span\n                                        class=\"property-desc line-limit-length\">Mandri-Hiina<\/span>\n                            <\/li>\n<li class=\"product-prop line-limit-length\"><span\n                                        class=\"property-title\">Nimipinge:&nbsp;<\/span><span\n                                        class=\"property-desc line-limit-length\">Teised<\/span>\n                            <\/li>\n<li class=\"product-prop line-limit-length\"><span\n                                        class=\"property-title\">Nimimaht:&nbsp;<\/span><span\n                                        class=\"property-desc line-limit-length\">30AH<\/span>\n                            <\/li>\n<li class=\"product-prop line-limit-length\"><span\n                                        class=\"property-title\">Kaal:&nbsp;<\/span><span\n                                        class=\"property-desc line-limit-length\">0,6 kg<\/span>\n                            <\/li>\n<li class=\"product-prop line-limit-length\"><span\n                                        class=\"property-title\">M\u00f5\u00f5tmed:&nbsp;<\/span><span\n                                        class=\"property-desc line-limit-length\">155 * 100 * 20 mm<\/span>\n                            <\/li>\n<li class=\"product-prop line-limit-length\"><span\n                                        class=\"property-title\">Laadimise\/t\u00fchjendamise piirpinge::&nbsp;<\/span><span\n                                        class=\"property-desc line-limit-length\">3,65 V\/2,5 V<\/span>\n                            <\/li>\n<li class=\"product-prop line-limit-length\"><span\n                                        class=\"property-title\">Kruvi suurus:&nbsp;<\/span><span\n                                        class=\"property-desc line-limit-length\">M6<\/span>\n                            <\/li>\n<li class=\"product-prop line-limit-length\"><span\n                                        class=\"property-title\">Ts\u00fckli eluiga:&nbsp;<\/span><span\n                                        class=\"property-desc line-limit-length\">4000 ts\u00fcklit<\/span>\n                            <\/li>\n<li class=\"product-prop line-limit-length\"><span\n                                        class=\"property-title\">Sobib s\u00fcsteemile:&nbsp;<\/span><span\n                                        class=\"property-desc line-limit-length\">12,8 V<\/span>\n                            <\/li>\n<li class=\"product-prop line-limit-length\"><span\n                                        class=\"property-title\">Taotlus:&nbsp;<\/span><span\n                                        class=\"property-desc line-limit-length\">Elektrijalgrattad, v\u00e4ikesed UPS-toiteallikad v\u00f5i kaasaskantavad seadmed<\/span>\n                            <\/li>\n<\/ul><\/div>\n<div class=\"detailmodule_dynamic\"><kse:widget data-widget-type=\"customText\" id=\"1005000021400404\" type=\"custom\"><\/kse:widget><\/div>\n<div class=\"detailmodule_html\">\n<div class=\"detail-desc-decorate-richtext\">\n<div class=\"detailmodule_text\">\n<p style=\"text-align:center\" align=\"center\"><span style=\"color:rgb(250, 40, 255);font-size:24px\"><strong>Toote parameeter<\/strong><\/span><\/p>\n<p style=\"text-align:left\" align=\"left\"><strong><span style=\"font-size:20px\">Mudel: 30AH<\/span><\/strong><\/p>\n<p style=\"text-align:left\" align=\"left\"><strong><span style=\"font-size:20px\">Maksimaalne laadimispinge: 3,65 V<\/span><\/strong><\/p>\n<p style=\"text-align:left\" align=\"left\"><strong><span style=\"font-size:20px\">Kaal: 0,75 kg<\/span><\/strong><\/p>\n<p style=\"text-align:left\" align=\"left\"><strong><span style=\"font-size:20px\">Maksimaalne t\u00fchjendusvool: 315A<\/span><\/strong><\/p>\n<p style=\"text-align:left\" align=\"left\"><strong><span style=\"font-size:20px\">T\u00fchjendustemperatuur: -30&#039;C~60\u00b0<\/span><\/strong><\/p>\n<p style=\"text-align:left\" align=\"left\"><strong><span style=\"font-size:20px\">Nimipinge: 3,2 V<\/span><\/strong><\/p>\n<p style=\"text-align:left\" align=\"left\"><strong><span style=\"font-size:20px\">Laadimistemperatuur: -5&#039;C-60\u00b0<\/span><\/strong><\/p>\n<p style=\"text-align:left\" align=\"left\"><strong><span style=\"font-size:20px\">Tegelik mahutavus: 30Ah<\/span><\/strong><\/p>\n<p style=\"text-align:left\" align=\"left\"><strong><span style=\"font-size:20px\">Vahelduvvoolu takistus: \u22640,5 mQ<\/span><\/strong><\/p>\n<p style=\"text-align:left\" align=\"left\"><strong><span style=\"font-size:20px\">M\u00f5\u00f5tmed (P * L * K): 155 * 100 * 20 mm<\/span><\/strong><\/p>\n<div><span style=\"color:rgb(123, 100, 255)\"><strong>Gaiary 1-4 tk 3,2 V 30 AH Lifepo4 aku laetav siinilatt, uus 4000 ts\u00fcklit p\u00e4ikeseenergia 12 V 24 V 48 V liitiumaku jaoks<\/strong><\/span><\/div>\n<div><strong><span style=\"background-color:rgb(255, 255, 255);color:rgb(0, 0, 0);font-size:20px\">Meil on laod Euroopas Poolas ja Ukrainas. Euroopa riikidesse j\u00f5uame kauba 3-7 p\u00e4evaga.<\/span><\/strong><\/div>\n<p><strong><span style=\"background-color:rgb(255, 255, 255);color:rgb(0, 0, 0);font-size:20px\">N\u00e4pun\u00e4ited: Euroopas on kaup ajutiselt laost otsas, saate valida saatmise Hiinast!<\/span><\/strong><\/p>\n<p><strong><span style=\"background-color:rgb(255, 255, 255);color:rgb(0, 0, 0);font-size:20px\">Valige saatmine Hiinast ilma makse maksmata<\/span><\/strong><\/p>\n<p><strong><span style=\"background-color:rgb(255, 255, 255);color:rgb(0, 0, 0);font-size:20px\">Tarneaeg<\/span><\/strong><\/p>\n<p><strong><span style=\"background-color:rgb(255, 255, 255);color:rgb(0, 0, 0);font-size:20px\">Hiinast Euroopasse: 50\u201360 p\u00e4eva<\/span><\/strong><\/p>\n<p><strong><span style=\"background-color:rgb(255, 255, 255);color:rgb(0, 0, 0);font-size:20px\">Jaapan: 7-15 p\u00e4eva<\/span><\/strong><\/p>\n<p><strong><span style=\"background-color:rgb(255, 255, 255);color:rgb(0, 0, 0);font-size:20px\">Korea: 7-15 p\u00e4eva<\/span><\/strong><\/p>\n<p><strong><span style=\"background-color:rgb(255, 255, 255);color:rgb(0, 0, 0);font-size:20px\">Venemaa: 40-50 p\u00e4eva<\/span><\/strong><\/p>\n<p><strong><span style=\"background-color:rgb(255, 255, 255);color:rgb(0, 0, 0);font-size:20px\">USA: 50\u201360 p\u00e4eva<\/span><\/strong><\/p>\n<p><strong><span style=\"background-color:rgb(255, 255, 255);color:rgb(0, 0, 0);font-size:20px\">Kanada Kanada: 50\u201360 p\u00e4eva<\/span><\/strong><\/p>\n<p><strong><span style=\"background-color:rgb(255, 255, 255);color:rgb(0, 0, 0);font-size:20px\">Austraalia: 50\u201360 p\u00e4eva<\/span><\/strong><\/p>\n<p><strong><span style=\"background-color:rgb(255, 255, 255);color:rgb(0, 0, 0);font-size:20px\">Ukraina: 60\u201370 p\u00e4eva<\/span><\/strong><\/p>\n<p><strong><span style=\"background-color:rgb(255, 255, 255);color:rgb(0, 0, 0);font-size:20px\">Soojad n\u00e4pun\u00e4ited: Ukraina valib \u00f5hutranspordi, kohalej\u00f5udmine v\u00f5tab 7\u201315 p\u00e4eva!<\/span><\/strong><\/p>\n<p><img decoding=\"async\" src=\"https:\/\/ae01.alicdn.com\/kf\/S9ecd6cccf952482cbff40e3d530a1576R.jpg\" slate-data-type=\"image\"\/><\/p>\n<p><img decoding=\"async\" src=\"https:\/\/ae01.alicdn.com\/kf\/S5d20589d3de14d1cb1a97c6eb32a7696a.jpg\" slate-data-type=\"image\"\/><img decoding=\"async\" src=\"https:\/\/ae01.alicdn.com\/kf\/S66ae14480ccc4f87a063f92dcede2293h.jpg\" slate-data-type=\"image\"\/><img decoding=\"async\" src=\"https:\/\/ae01.alicdn.com\/kf\/S423df794b2f24eb2bd2dc3afce2a1133d.jpg\" slate-data-type=\"image\"\/><\/p>\n<div>\n<\/div>\n<p><img decoding=\"async\" src=\"https:\/\/ae01.alicdn.com\/kf\/S6204808dc371413caebffccd6c6e52001.jpg\" slate-data-type=\"image\"\/><img decoding=\"async\" src=\"https:\/\/ae01.alicdn.com\/kf\/S432e0912b4b64b519cfaf3e47ee9af9bR.jpg\" slate-data-type=\"image\"\/><img decoding=\"async\" src=\"https:\/\/ae01.alicdn.com\/kf\/S4a8d41f8d0704f32aa6e1d0ca8af6a06r.jpg\" slate-data-type=\"image\"\/><img decoding=\"async\" src=\"https:\/\/ae01.alicdn.com\/kf\/S2e2eac5ceb2d4c0b809771f0f9ee9529U.jpg\" slate-data-type=\"image\"\/><img decoding=\"async\" src=\"https:\/\/ae01.alicdn.com\/kf\/S1e0276134b9a4dc1bdf9d72a8ee80fccr.jpg\" slate-data-type=\"image\"\/><img decoding=\"async\" src=\"https:\/\/ae01.alicdn.com\/kf\/S38671a3ca21442099a860e3f1f42f6adW.jpg\" slate-data-type=\"image\"\/><img decoding=\"async\" src=\"https:\/\/ae01.alicdn.com\/kf\/S8ff204c0788640de948dfbd443fbddeb1.jpg\" slate-data-type=\"image\"\/><img decoding=\"async\" src=\"https:\/\/ae01.alicdn.com\/kf\/Scef16ebcfa004a86aaf167c55d1b4c26i.jpg\" slate-data-type=\"image\"\/><img fetchpriority=\"high\" decoding=\"async\" width=\"1000\" height=\"1349\" src=\"https:\/\/ae01.alicdn.com\/kf\/S93798ecd936542e79002467516643b9fh.jpg\" slate-data-type=\"image\"\/><img decoding=\"async\" width=\"1000\" height=\"1792\" src=\"https:\/\/ae01.alicdn.com\/kf\/Sc368c8588aed4f0e9d14c7a9b6375c1al.jpg\" slate-data-type=\"image\"\/><img decoding=\"async\" src=\"https:\/\/ae01.alicdn.com\/kf\/S13a69f7bae12424783781bad86b04841U.jpg\" slate-data-type=\"image\"\/><\/p>\n<\/div>\n<p><\/p>\n<\/div>\n<\/div>\n<p><\/p>","protected":false},"excerpt":{"rendered":"<p>Hign-concerned Chemical:&nbsp;None Nominal Capacity:&nbsp;30AH Weight:&nbsp;0.6KG Voltage:&nbsp;3.2v Size:&nbsp;155*100*20mm Model Number:&nbsp;30ah Type:&nbsp;LiFePO4 Brand Name:&nbsp;GaiaRay Origin:&nbsp;Mainland China Rated Voltage:&nbsp;Others Nominal Capacity:&nbsp;30AH Weight:&nbsp;0.6KG Dimension:&nbsp;155*100*20mm Charge\/discharge cut-off voltage::&nbsp;3.65 V\/2.5 V Screw Size:&nbsp;M6 Cycle life:&nbsp;4000 Cycle<\/p>","protected":false},"featured_media":8271,"comment_status":"open","ping_status":"closed","template":"","meta":{"_acf_changed":false},"product_brand":[],"product_cat":[235],"product_tag":[],"class_list":{"0":"post-8270","1":"product","2":"type-product","3":"status-publish","4":"has-post-thumbnail","6":"product_cat-lifepo4-battery-cells","8":"first","9":"instock","10":"shipping-taxable","11":"purchasable","12":"product-type-variable"},"acf":[],"_links":{"self":[{"href":"https:\/\/electricstore.eu\/et\/wp-json\/wp\/v2\/product\/8270","targetHints":{"allow":["GET"]}}],"collection":[{"href":"https:\/\/electricstore.eu\/et\/wp-json\/wp\/v2\/product"}],"about":[{"href":"https:\/\/electricstore.eu\/et\/wp-json\/wp\/v2\/types\/product"}],"replies":[{"embeddable":true,"href":"https:\/\/electricstore.eu\/et\/wp-json\/wp\/v2\/comments?post=8270"}],"wp:featuredmedia":[{"embeddable":true,"href":"https:\/\/electricstore.eu\/et\/wp-json\/wp\/v2\/media\/8271"}],"wp:attachment":[{"href":"https:\/\/electricstore.eu\/et\/wp-json\/wp\/v2\/media?parent=8270"}],"wp:term":[{"taxonomy":"product_brand","embeddable":true,"href":"https:\/\/electricstore.eu\/et\/wp-json\/wp\/v2\/product_brand?post=8270"},{"taxonomy":"product_cat","embeddable":true,"href":"https:\/\/electricstore.eu\/et\/wp-json\/wp\/v2\/product_cat?post=8270"},{"taxonomy":"product_tag","embeddable":true,"href":"https:\/\/electricstore.eu\/et\/wp-json\/wp\/v2\/product_tag?post=8270"}],"curies":[{"name":"wp","href":"https:\/\/api.w.org\/{rel}","templated":true}]}}