{"id":7781,"date":"2025-05-15T19:56:30","date_gmt":"2025-05-15T19:56:30","guid":{"rendered":"https:\/\/electricstore.eu\/product\/evercross-tech-ev-07m-20-km-h-10-km-11-children-electric-motorbike\/"},"modified":"2025-05-21T05:40:08","modified_gmt":"2025-05-21T05:40:08","slug":"evercross-tech-ev-07m-20-km-h-10-km-11-children-electric-motorbike","status":"publish","type":"product","link":"https:\/\/electricstore.eu\/et\/p\/motorbikes\/electric-children-motorbikes\/evercross-tech-ev-07m-20-km-h-10-km-11-children-electric-motorbike\/","title":{"rendered":"EVERCROSS TECH EV07M 300W 24V 4Ah 20km\/h 10-30km 11\u2033 laste elektrimootorratas"},"content":{"rendered":"<div class=\"product-specs-list-container\">\n<ul class=\"product-specs-list util-clearfix\">\n<li class=\"product-prop line-limit-length\"><span\n                                        class=\"property-title\">Mudelinumber:&nbsp;<\/span><span\n                                        class=\"property-desc line-limit-length\">EV07M<\/span>\n                            <\/li>\n<li class=\"product-prop line-limit-length\"><span\n                                        class=\"property-title\">Reisijate nimimaht:&nbsp;<\/span><span\n                                        class=\"property-desc line-limit-length\">\u00dcks istekoht<\/span>\n                            <\/li>\n<li class=\"product-prop line-limit-length\"><span\n                                        class=\"property-title\">Stiil:&nbsp;<\/span><span\n                                        class=\"property-desc line-limit-length\">Standardne t\u00fc\u00fcp<\/span>\n                            <\/li>\n<li class=\"product-prop line-limit-length\"><span\n                                        class=\"property-title\">Maksimaalne kiirus:&nbsp;<\/span><span\n                                        class=\"property-desc line-limit-length\">&lt;25 km\/h<\/span>\n                            <\/li>\n<li class=\"product-prop line-limit-length\"><span\n                                        class=\"property-title\">V\u00f5imsuse vahemik:&nbsp;<\/span><span\n                                        class=\"property-desc line-limit-length\">10\u201330 km<\/span>\n                            <\/li>\n<li class=\"product-prop line-limit-length\"><span\n                                        class=\"property-title\">V\u00f5imsus:&nbsp;<\/span><span\n                                        class=\"property-desc line-limit-length\">251\u2013350 W<\/span>\n                            <\/li>\n<li class=\"product-prop line-limit-length\"><span\n                                        class=\"property-title\">Toiteallikas:&nbsp;<\/span><span\n                                        class=\"property-desc line-limit-length\">liitiumaku<\/span>\n                            <\/li>\n<li class=\"product-prop line-limit-length\"><span\n                                        class=\"property-title\">Pinge:&nbsp;<\/span><span\n                                        class=\"property-desc line-limit-length\">24V<\/span>\n                            <\/li>\n<li class=\"product-prop line-limit-length\"><span\n                                        class=\"property-title\">Br\u00e4ndi nimi:&nbsp;<\/span><span\n                                        class=\"property-desc line-limit-length\">EVERCROSS TECH<\/span>\n                            <\/li>\n<li class=\"product-prop line-limit-length\"><span\n                                        class=\"property-title\">Toiteallikas:&nbsp;<\/span><span\n                                        class=\"property-desc line-limit-length\">liitiumaku<\/span>\n                            <\/li>\n<li class=\"product-prop line-limit-length\"><span\n                                        class=\"property-title\">P\u00e4ritolu:&nbsp;<\/span><span\n                                        class=\"property-desc line-limit-length\">Mandri-Hiina<\/span>\n                            <\/li>\n<li class=\"product-prop line-limit-length\"><span\n                                        class=\"property-title\">Kokkupandud:&nbsp;<\/span><span\n                                        class=\"property-desc line-limit-length\">Ei<\/span>\n                            <\/li>\n<li class=\"product-prop line-limit-length\"><span\n                                        class=\"property-title\">Ratta suurus:&nbsp;<\/span><span\n                                        class=\"property-desc line-limit-length\">12\u201d<\/span>\n                            <\/li>\n<\/ul><\/div>\n<div class=\"detailmodule_html\">\n<div class=\"detail-desc-decorate-richtext\">\n<p><strong><span style=\"font-size:10.5pt;font-family:Calibri\">V\u00c4HENDATUD V\u00d5IMSUS OHUTUKS JA L\u00d5BUSAKS S\u00d5IDUKS<\/span><\/strong><\/p>\n<p class=\"MsoNormal\"><span style=\"font-size:10.5pt;font-family:Calibri\">Elektrimootorratas<\/span><span style=\"font-size:10.5pt;font-family:\u5b8b\u4f53\">EVERROSS TECH<\/span><span style=\"font-size:10.5pt;font-family:Calibri\">EV07M saavutab maksimaalse kiiruse 20 km\/h, mis sobib ideaalselt 3\u201312-aastastele lastele p\u00f5neva s\u00f5idukogemuse pakkumiseks, tagades samal ajal nende turvalisuse. Kiirus on hoolikalt kalibreeritud, et saavutada vanematele ideaalne tasakaal naudingu ja meelerahu vahel.<\/span><\/p>\n<p><\/p>\n<p class=\"MsoNormal\"><strong><span style=\"font-size:10.5pt;font-family:Calibri\">VASTUPIDAV DISAIN JA LASTELE KOHANDATUD<\/span><\/strong><\/p>\n<p class=\"MsoNormal\"><span style=\"font-size:10.5pt;font-family:Calibri\">Tugeva raami ja 11-tolliste ratastega varustatud mootorratas toetab kuni 60 kg, mist\u00f5ttu sobib see erinevas suuruses lastele. Selle moodne disain ja erksad v\u00e4rvivalikud meeldivad nii poistele kui ka t\u00fcdrukutele, pakkudes stiili, mida lapsed armastavad.<\/span><\/p>\n<p><\/p>\n<p class=\"MsoNormal\"><strong><span style=\"font-size:10.5pt;font-family:Calibri\">PIKA-PIKA AUTONOOMIA ROHKEMATE NAUDINGUTE JAOKS<\/span><\/strong><\/p>\n<p class=\"MsoNormal\"><span style=\"font-size:10.5pt;font-family:Calibri\">T\u00e4nu 25,2 V 4AH (100,8 Wh) akule pakub elektrimootorratas kuni 10 km l\u00e4bis\u00f5itu \u00fche laadimisega, mis sobib ideaalselt seiklusteks vabas \u00f5hus. Vaid 4\u20136-tunnise laadimisajaga saavad lapsed p\u00e4rast pausi oma tegevustega kiiresti j\u00e4tkata.<\/span><\/p>\n<p><\/p>\n<p class=\"MsoNormal\"><strong><span style=\"font-size:10.5pt;font-family:Calibri\">CARACT\u00c9RISTIQUES TURVALISUS TUGENDAB<\/span><\/strong><\/p>\n<p class=\"MsoNormal\"><span style=\"font-size:10.5pt;font-family:Calibri\">EV07M mudel on varustatud t\u00f5husa ketaspiduris\u00fcsteemi ja paremini paigutatud raskuskeskmega, mis tagavad parema stabiilsuse ja optimaalse juhitavuse. Need omadused tagavad ohutu s\u00f5idu isegi noortele, algajatele juhtidele.<\/span><\/p>\n<p><\/p>\n<p class=\"MsoNormal\"><strong><span style=\"font-size:10.5pt;font-family:Calibri\">MOOTOR PUUDUB ERINEVATEL MAASTIKUL<\/span><\/strong><\/p>\n<p class=\"MsoNormal\"><span style=\"font-size:10.5pt;font-family:Calibri\">300 W mootoriga suudab see elektrimootorratas \u00fcletada kuni 8\u00b0 kalletega n\u00f5lvu, mist\u00f5ttu on see ideaalne valik mitmekesisel maastikul s\u00f5itmiseks. EV07M pakub sujuvat ja usaldusv\u00e4\u00e4rset j\u00f5udlust nii tasasel pinnal kui ka kergetel k\u00fcngastel. See on ideaalne kingitus, mis julgustab lapsi oma s\u00f5iduoskusi avastama ja arendama.<\/span><\/p>\n<\/div>\n<\/div>","protected":false},"excerpt":{"rendered":"<p>Model Number:&nbsp;EV07M Rated Passenger Capacity:&nbsp;One Seat Style:&nbsp;Standard Type Max Speed:&nbsp;&lt;25km\/h Range per Power:&nbsp;10 &#8211; 30 km Wattage:&nbsp;251 &#8211; 350w Power Supply:&nbsp;lithium battery Voltage:&nbsp;24V Brand Name:&nbsp;EVERCROSS TECH Power Source:&nbsp;lithium battery Origin:&nbsp;Mainland<\/p>","protected":false},"featured_media":7782,"comment_status":"open","ping_status":"closed","template":"","meta":{"_acf_changed":false},"product_brand":[],"product_cat":[313],"product_tag":[327],"class_list":{"0":"post-7781","1":"product","2":"type-product","3":"status-publish","4":"has-post-thumbnail","6":"product_cat-electric-children-motorbikes","7":"product_tag-evercross","9":"first","10":"instock","11":"shipping-taxable","12":"purchasable","13":"product-type-variable"},"acf":[],"_links":{"self":[{"href":"https:\/\/electricstore.eu\/et\/wp-json\/wp\/v2\/product\/7781","targetHints":{"allow":["GET"]}}],"collection":[{"href":"https:\/\/electricstore.eu\/et\/wp-json\/wp\/v2\/product"}],"about":[{"href":"https:\/\/electricstore.eu\/et\/wp-json\/wp\/v2\/types\/product"}],"replies":[{"embeddable":true,"href":"https:\/\/electricstore.eu\/et\/wp-json\/wp\/v2\/comments?post=7781"}],"wp:featuredmedia":[{"embeddable":true,"href":"https:\/\/electricstore.eu\/et\/wp-json\/wp\/v2\/media\/7782"}],"wp:attachment":[{"href":"https:\/\/electricstore.eu\/et\/wp-json\/wp\/v2\/media?parent=7781"}],"wp:term":[{"taxonomy":"product_brand","embeddable":true,"href":"https:\/\/electricstore.eu\/et\/wp-json\/wp\/v2\/product_brand?post=7781"},{"taxonomy":"product_cat","embeddable":true,"href":"https:\/\/electricstore.eu\/et\/wp-json\/wp\/v2\/product_cat?post=7781"},{"taxonomy":"product_tag","embeddable":true,"href":"https:\/\/electricstore.eu\/et\/wp-json\/wp\/v2\/product_tag?post=7781"}],"curies":[{"name":"wp","href":"https:\/\/api.w.org\/{rel}","templated":true}]}}