{"id":7723,"date":"2025-05-15T19:52:37","date_gmt":"2025-05-15T19:52:37","guid":{"rendered":"https:\/\/electricstore.eu\/product\/electric-mobility-scooter\/"},"modified":"2025-05-21T05:40:10","modified_gmt":"2025-05-21T05:40:10","slug":"electric-mobility-scooter","status":"publish","type":"product","link":"https:\/\/electricstore.eu\/et\/p\/electric-mobility-scooters\/electric-mobility-scooter\/","title":{"rendered":"ZHANGU DH0305 500W 36V 10.5Ah &lt;30km\/h 40-60km 10&quot; neljarattaline elektriroller"},"content":{"rendered":"<div class=\"product-specs-list-container\">\n<ul class=\"product-specs-list util-clearfix\">\n<li class=\"product-prop line-limit-length\"><span\n                                        class=\"property-title\">Kategooria:&nbsp;<\/span><span\n                                        class=\"property-desc line-limit-length\">Neljarattaline t\u00f5ukeratas<\/span>\n                            <\/li>\n<li class=\"product-prop line-limit-length\"><span\n                                        class=\"property-title\">Kohaldatavad inimesed:&nbsp;<\/span><span\n                                        class=\"property-desc line-limit-length\">Unisex<\/span>\n                            <\/li>\n<li class=\"product-prop line-limit-length\"><span\n                                        class=\"property-title\">Ulatus laadimise kohta:&nbsp;<\/span><span\n                                        class=\"property-desc line-limit-length\">40\u201360 km<\/span>\n                            <\/li>\n<li class=\"product-prop line-limit-length\"><span\n                                        class=\"property-title\">Laadimisaeg:&nbsp;<\/span><span\n                                        class=\"property-desc line-limit-length\">1-2 tundi<\/span>\n                            <\/li>\n<li class=\"product-prop line-limit-length\"><span\n                                        class=\"property-title\">Pinge:&nbsp;<\/span><span\n                                        class=\"property-desc line-limit-length\">36V<\/span>\n                            <\/li>\n<li class=\"product-prop line-limit-length\"><span\n                                        class=\"property-title\">Kokkupandud:&nbsp;<\/span><span\n                                        class=\"property-desc line-limit-length\">Ei<\/span>\n                            <\/li>\n<li class=\"product-prop line-limit-length\"><span\n                                        class=\"property-title\">P\u00e4ritolu:&nbsp;<\/span><span\n                                        class=\"property-desc line-limit-length\">Mandri-Hiina<\/span>\n                            <\/li>\n<li class=\"product-prop line-limit-length\"><span\n                                        class=\"property-title\">V\u00f5imsus (W):&nbsp;<\/span><span\n                                        class=\"property-desc line-limit-length\">201\u2013500 W<\/span>\n                            <\/li>\n<li class=\"product-prop line-limit-length\"><span\n                                        class=\"property-title\">Br\u00e4ndi nimi:&nbsp;<\/span><span\n                                        class=\"property-desc line-limit-length\">\u017dANGU<\/span>\n                            <\/li>\n<li class=\"product-prop line-limit-length\"><span\n                                        class=\"property-title\">P\u00e4ritolukoht:&nbsp;<\/span><span\n                                        class=\"property-desc line-limit-length\">Zhejiang, Hiina<\/span>\n                            <\/li>\n<li class=\"product-prop line-limit-length\"><span\n                                        class=\"property-title\">Mudelinumber:&nbsp;<\/span><span\n                                        class=\"property-desc line-limit-length\">DH0305<\/span>\n                            <\/li>\n<li class=\"product-prop line-limit-length\"><span\n                                        class=\"property-title\">K\u00e4igud:&nbsp;<\/span><span\n                                        class=\"property-desc line-limit-length\">3 kiirust<\/span>\n                            <\/li>\n<li class=\"product-prop line-limit-length\"><span\n                                        class=\"property-title\">V\u00f5imsuse vahemik:&nbsp;<\/span><span\n                                        class=\"property-desc line-limit-length\">31\u201360 km<\/span>\n                            <\/li>\n<li class=\"product-prop line-limit-length\"><span\n                                        class=\"property-title\">Raami materjal:&nbsp;<\/span><span\n                                        class=\"property-desc line-limit-length\">Teras<\/span>\n                            <\/li>\n<li class=\"product-prop line-limit-length\"><span\n                                        class=\"property-title\">Ratta suurus:&nbsp;<\/span><span\n                                        class=\"property-desc line-limit-length\">10 tolli<\/span>\n                            <\/li>\n<li class=\"product-prop line-limit-length\"><span\n                                        class=\"property-title\">Maksimaalne kiirus:&nbsp;<\/span><span\n                                        class=\"property-desc line-limit-length\">&lt;30 km\/h<\/span>\n                            <\/li>\n<li class=\"product-prop line-limit-length\"><span\n                                        class=\"property-title\">Toiteallikas:&nbsp;<\/span><span\n                                        class=\"property-desc line-limit-length\">liitiumaku<\/span>\n                            <\/li>\n<li class=\"product-prop line-limit-length\"><span\n                                        class=\"property-title\">Piduris\u00fcsteem:&nbsp;<\/span><span\n                                        class=\"property-desc line-limit-length\">Ketaspidur<\/span>\n                            <\/li>\n<li class=\"product-prop line-limit-length\"><span\n                                        class=\"property-title\">P\u00f6\u00f6rdemoment:&nbsp;<\/span><span\n                                        class=\"property-desc line-limit-length\">30\u201350 Nm<\/span>\n                            <\/li>\n<li class=\"product-prop line-limit-length\"><span\n                                        class=\"property-title\">Laadimisaeg:&nbsp;<\/span><span\n                                        class=\"property-desc line-limit-length\">&gt;3 tundi<\/span>\n                            <\/li>\n<li class=\"product-prop line-limit-length\"><span\n                                        class=\"property-title\">Mootori asend:&nbsp;<\/span><span\n                                        class=\"property-desc line-limit-length\">Tagumise rummu mootor<\/span>\n                            <\/li>\n<li class=\"product-prop line-limit-length\"><span\n                                        class=\"property-title\">Aku asukoht:&nbsp;<\/span><span\n                                        class=\"property-desc line-limit-length\">Integreeritud aku<\/span>\n                            <\/li>\n<li class=\"product-prop line-limit-length\"><span\n                                        class=\"property-title\">Aku mahtuvus:&nbsp;<\/span><span\n                                        class=\"property-desc line-limit-length\">10,5 Ah<\/span>\n                            <\/li>\n<li class=\"product-prop line-limit-length\"><span\n                                        class=\"property-title\">Toote nimi:&nbsp;<\/span><span\n                                        class=\"property-desc line-limit-length\">Elektrimootorratas<\/span>\n                            <\/li>\n<li class=\"product-prop line-limit-length\"><span\n                                        class=\"property-title\">Mootori v\u00f5imsus:&nbsp;<\/span><span\n                                        class=\"property-desc line-limit-length\">250W topelt tagumine mootor<\/span>\n                            <\/li>\n<li class=\"product-prop line-limit-length\"><span\n                                        class=\"property-title\">Aku:&nbsp;<\/span><span\n                                        class=\"property-desc line-limit-length\">36V10.4AH kuni 36V45AH<\/span>\n                            <\/li>\n<li class=\"product-prop line-limit-length\"><span\n                                        class=\"property-title\">Mootor:&nbsp;<\/span><span\n                                        class=\"property-desc line-limit-length\">Harjadeta<\/span>\n                            <\/li>\n<li class=\"product-prop line-limit-length\"><span\n                                        class=\"property-title\">Maksimaalne koormus:&nbsp;<\/span><span\n                                        class=\"property-desc line-limit-length\">120 kg<\/span>\n                            <\/li>\n<li class=\"product-prop line-limit-length\"><span\n                                        class=\"property-title\">Vahemik:&nbsp;<\/span><span\n                                        class=\"property-desc line-limit-length\">25 km<\/span>\n                            <\/li>\n<li class=\"product-prop line-limit-length\"><span\n                                        class=\"property-title\">Kontroller:&nbsp;<\/span><span\n                                        class=\"property-desc line-limit-length\">Nutikas kontroller<\/span>\n                            <\/li>\n<li class=\"product-prop line-limit-length\"><span\n                                        class=\"property-title\">Materjal:&nbsp;<\/span><span\n                                        class=\"property-desc line-limit-length\">K\u00f5rgtugev teras<\/span>\n                            <\/li>\n<li class=\"product-prop line-limit-length\"><span\n                                        class=\"property-title\">Sertifitseerimine:&nbsp;<\/span><span\n                                        class=\"property-desc line-limit-length\">ce<\/span>\n                            <\/li>\n<li class=\"product-prop line-limit-length\"><span\n                                        class=\"property-title\">Sertifikaat:&nbsp;<\/span><span\n                                        class=\"property-desc line-limit-length\"><\/span>\n                            <\/li>\n<\/ul><\/div>\n<div class=\"detailmodule_html\">\n<div class=\"detail-desc-decorate-richtext\">\n<div>\n<div>\n<div>\u00a0<\/div>\n<div id=\"detail_decorate_root\">\n<div>\n<div id=\"ali-anchor-AliMagic-5d4zru\">Toote kirjeldus<\/div>\n<\/div>\n<div>\n<div>\n<div>\n<div>\n<div>\n<div><img decoding=\"async\" class=\"magic-3\" src=\"https:\/\/ae01.alicdn.com\/kf\/S65346f3ff9684171bdb54084884cf8b4u.jpg?width=1007&amp;height=997&amp;hash=2004\" slate-data-type=\"image\"\/><\/div>\n<\/div>\n<\/div>\n<\/div>\n<\/div>\n<\/div>\n<div>\n<div>\n<table style=\"border-collapse:collapse\" class=\"has-title all magic-4\">\n<tbody>\n<tr>\n<td>\n<div><strong>Mudelinumber\u00a0<\/strong><\/div>\n<\/td>\n<td>\n<div>DH0305<\/div>\n<\/td>\n<td>\n<div>\u00a0<\/div>\n<\/td>\n<td>\n<div>\u00a0<\/div>\n<\/td>\n<\/tr>\n<tr>\n<td>\n<div><strong>Mootor<\/strong><\/div>\n<\/td>\n<td>\n<div>500W harjadeta tagumine mootor<\/div>\n<\/td>\n<td>\n<div><strong>Raam<\/strong><\/div>\n<\/td>\n<td>\n<div>Kvaliteetne s\u00fcsinikteras<\/div>\n<\/td>\n<\/tr>\n<tr>\n<td>\n<div><strong>Aku<\/strong><\/div>\n<\/td>\n<td>\n<div>36V10AH\u201315.6AH liitiumaku<\/div>\n<\/td>\n<td>\n<div><strong>Esi-\/tagarehvid<\/strong><\/div>\n<\/td>\n<td>\n<div>10\/8-tollised rehvid<\/div>\n<\/td>\n<\/tr>\n<tr>\n<td>\n<div><strong>Laadija<\/strong><\/div>\n<\/td>\n<td>\n<div>100\u2013240 V, 50\u201360 Hz, nutikas laadija<\/div>\n<\/td>\n<td>\n<div><strong>Lenks<\/strong><\/div>\n<\/td>\n<td>\n<div>Alumiiniumsulam<\/div>\n<\/td>\n<\/tr>\n<tr>\n<td>\n<div><strong>Kontroller<\/strong><\/div>\n<\/td>\n<td>\n<div>K\u00f5rge efektiivsusega intelligentne kontroller<\/div>\n<\/td>\n<td>\n<div><strong>Haare<\/strong><\/div>\n<\/td>\n<td>\n<div>Mugav k\u00e4epide<\/div>\n<\/td>\n<\/tr>\n<tr>\n<td>\n<div><strong>Ekraan<\/strong><\/div>\n<\/td>\n<td>\n<div>LED-ekraan<\/div>\n<\/td>\n<td>\n<div><strong>Sadul<\/strong><\/div>\n<\/td>\n<td>\n<div>Pehme topeltsadul<\/div>\n<\/td>\n<\/tr>\n<tr>\n<td>\n<div><strong>Valgus<\/strong><\/div>\n<\/td>\n<td>\n<div>LED-valgus\u00a0<\/div>\n<\/td>\n<td>\n<div><strong>V\u00e4rv<\/strong><\/div>\n<\/td>\n<td>\n<div>Avatud<\/div>\n<\/td>\n<\/tr>\n<tr>\n<td colspan=\"4\">\n<div>\u00a0<\/div>\n<\/td>\n<td class=\"magic-11\">\n<div>\u00a0<\/div>\n<\/td>\n<td class=\"magic-11\">\n<div>\u00a0<\/div>\n<\/td>\n<td class=\"magic-11\">\n<div>\u00a0<\/div>\n<\/td>\n<\/tr>\n<tr>\n<td>\n<div><strong>Maksimaalne kiirus<\/strong><\/div>\n<\/td>\n<td>\n<div>18 km\/h<\/div>\n<\/td>\n<td>\n<div><strong>Toote suurus<\/strong><\/div>\n<\/td>\n<td>\n<div>980 * 550 * 830 mm<\/div>\n<\/td>\n<\/tr>\n<tr>\n<td>\n<div><strong>S\u00f5iduteekond<\/strong><\/div>\n<\/td>\n<td>\n<div>25 km<\/div>\n<\/td>\n<td>\n<div><strong>Pakendi suurus<\/strong><\/div>\n<\/td>\n<td>\n<div>575 * 400 * 720 mm<\/div>\n<\/td>\n<\/tr>\n<tr>\n<td>\n<div><strong>Laadimisaeg<\/strong><\/div>\n<\/td>\n<td>\n<div>5 tundi<\/div>\n<\/td>\n<td>\n<div>\u00a0<\/div>\n<\/td>\n<td>\n<div>\u00a0<\/div>\n<\/td>\n<\/tr>\n<tr>\n<td>\n<div><strong>Maksimaalne laadimine<\/strong><\/div>\n<\/td>\n<td>\n<div>120 kg<\/div>\n<\/td>\n<td>\n<div>\u00a0<\/div>\n<\/td>\n<td>\n<div>\u00a0<\/div>\n<\/td>\n<\/tr>\n<\/tbody>\n<\/table>\n<\/div>\n<\/div>\n<div>\n<div id=\"ali-anchor-AliMagic-o1csom\">Tootepildid<\/div>\n<\/div>\n<div>\n<div>\n<div>\n<div>\n<div>\n<div><img decoding=\"async\" class=\"magic-14\" src=\"https:\/\/ae01.alicdn.com\/kf\/Se1e040235e9846b8bb063af2468f694c2.jpg?width=631&amp;height=631&amp;hash=1262\" slate-data-type=\"image\"\/><\/div>\n<\/div>\n<\/div>\n<\/div>\n<\/div>\n<\/div>\n<div>\n<div>\n<div>\n<div>\n<div>\n<div><img decoding=\"async\" class=\"magic-15\" src=\"https:\/\/ae01.alicdn.com\/kf\/S76a2495475da433e8ed55ec374928a3fF.jpg?width=1000&amp;height=1000&amp;hash=2000\" slate-data-type=\"image\"\/><\/div>\n<\/div>\n<\/div>\n<\/div>\n<\/div>\n<\/div>\n<div>\n<div>\n<div>\n<div>\n<div>\n<div><img decoding=\"async\" class=\"magic-17\" src=\"https:\/\/ae01.alicdn.com\/kf\/S616be776d11341b7864980594822f8a1Q.jpg?width=649&amp;height=650&amp;hash=1299\" slate-data-type=\"image\"\/><\/div>\n<div><img decoding=\"async\" class=\"magic-19\" src=\"https:\/\/ae01.alicdn.com\/kf\/S73267641890a4d88ae4e3f39032cd597m.jpg?width=650&amp;height=649&amp;hash=1299\" slate-data-type=\"image\"\/><\/div>\n<\/div>\n<\/div>\n<\/div>\n<\/div>\n<\/div>\n<div>\n<div>\n<div>\n<div>\n<div>\n<div><img decoding=\"async\" class=\"magic-21\" src=\"https:\/\/ae01.alicdn.com\/kf\/S1cd4cd6aa0a5496c889f1933cfd987cbe.jpg?width=970&amp;height=1500&amp;hash=2470\" slate-data-type=\"image\"\/><\/div>\n<\/div>\n<\/div>\n<\/div>\n<\/div>\n<\/div>\n<div>\n<div>\n<div>\n<div>\n<div>\n<div><img decoding=\"async\" class=\"magic-23\" src=\"https:\/\/ae01.alicdn.com\/kf\/S9a4792b775d54a9498ae331261cca280e.jpg?width=1265&amp;height=1500&amp;hash=2765\" slate-data-type=\"image\"\/><\/div>\n<\/div>\n<\/div>\n<\/div>\n<\/div>\n<\/div>\n<div>\n<div>\n<div>\n<div>\n<div>\n<div><img decoding=\"async\" class=\"magic-25\" src=\"https:\/\/ae01.alicdn.com\/kf\/Se434e2a48d80405d990cb55432385d948.jpg?width=1352&amp;height=1500&amp;hash=2852\" slate-data-type=\"image\"\/><\/div>\n<\/div>\n<\/div>\n<\/div>\n<\/div>\n<\/div>\n<div>\n<div>\n<div>\n<div>\n<div>\n<div><img decoding=\"async\" class=\"magic-27\" src=\"https:\/\/ae01.alicdn.com\/kf\/S32ea4943f3924d5584b71dd45e45df53S.jpg?width=1000&amp;height=750&amp;hash=1750\" slate-data-type=\"image\"\/><\/div>\n<\/div>\n<\/div>\n<\/div>\n<\/div>\n<\/div>\n<div>\n<div id=\"ali-anchor-AliMagic-qqhum3\">Meie ettev\u00f5te<\/div>\n<\/div>\n<div>\n<div>\n<div>\n<div>\n<div>\n<div><img decoding=\"async\" class=\"magic-29\" src=\"https:\/\/ae01.alicdn.com\/kf\/Sb0b0449c0dcf4df0aa0e69a41b0dbb92S.jpg?width=750&amp;height=400&amp;hash=1150\" slate-data-type=\"image\"\/><\/div>\n<\/div>\n<\/div>\n<\/div>\n<\/div>\n<\/div>\n<div>\n<div>\n<div>\n<div>\n<div>\n<div><img decoding=\"async\" class=\"magic-30\" src=\"https:\/\/ae01.alicdn.com\/kf\/S164111958a284dd08f5012fa8fb1ed21q.jpg?width=4032&amp;height=3024&amp;hash=7056\" slate-data-type=\"image\"\/><\/div>\n<\/div>\n<\/div>\n<\/div>\n<\/div>\n<\/div>\n<div>\n<div>\n<div>\n<div>\n<div>\n<div>\n<div>\u00a0<\/div>\n<div><span> Yongkang Dahai Industry and Trade Co., LTD. asutati 2011. aastal ja omab rikkalikke kogemusi elektris\u00f5idukite valdkonnas ning pakub teile usaldusv\u00e4\u00e4rseid elektris\u00f5idukite lahendusi, nagu elektrirollerid ja elektrimootorrattad. Pakume OEM- ja ODM-teenuseid; Meie tooteid m\u00fc\u00fcakse enam kui 50 riigis ja piirkonnas \u00fcle maailma; Meil on CE, ROSH, FCC ja muud rahvusvahelised sertifikaadid ning palju tootepatente; Meil on tugev tootearenduse ja -v\u00f5imekus, ranged juhtimis- ja kvaliteedikontrollis\u00fcsteemid; Meie professionaalne v\u00e4liskaubanduse meeskond on t\u00e4is entusiasmi klientide teenindamisel ning p\u00fc\u00fcdleb konkurentsis arengu ja tipptaseme poole; Loodame luua teiega pikaajalise koost\u00f6\u00f6 ja v\u00f5ita teie jaoks!<\/span><\/div>\n<div>\u00a0<\/div>\n<\/div>\n<\/div>\n<\/div>\n<\/div>\n<\/div>\n<\/div>\n<div>\u00a0<\/div>\n<div>\n<div id=\"ali-anchor-AliMagic-22j5mo\">Sertifikaadid<\/div>\n<\/div>\n<div>\n<div>\n<div>\n<div>\n<div>\n<div><img decoding=\"async\" class=\"magic-41\" src=\"https:\/\/ae01.alicdn.com\/kf\/S6dfa9042940d4bd79773e8c3f2e3d3acI.jpg?width=790&amp;height=953&amp;hash=1743\" slate-data-type=\"image\"\/><\/div>\n<\/div>\n<\/div>\n<\/div>\n<\/div>\n<\/div>\n<div>\n<div id=\"ali-anchor-AliMagic-uhh5q1\">Ostjate arvustused<\/div>\n<\/div>\n<div>\u00a0<\/div>\n<div>\n<div id=\"ali-anchor-AliMagic-kpnqam\">Pakkimine ja kohaletoimetamine<\/div>\n<\/div>\n<div>\n<div>\n<div>\n<div>\n<div>\n<div><img decoding=\"async\" class=\"magic-47\" src=\"https:\/\/ae01.alicdn.com\/kf\/S32ea4943f3924d5584b71dd45e45df53S.jpg?width=1000&amp;height=750&amp;hash=1750\" slate-data-type=\"image\"\/><\/div>\n<\/div>\n<div>\u00a0<\/div>\n<div>\u00a0<\/div>\n<\/div>\n<div>\n<div>\n<div><img decoding=\"async\" class=\"magic-50\" src=\"https:\/\/ae01.alicdn.com\/kf\/S09841dbaae10458eba8ca805856c4f68a.jpg?width=1440&amp;height=1080&amp;hash=2520\" slate-data-type=\"image\"\/><\/div>\n<\/div>\n<div>\u00a0<\/div>\n<div>\u00a0<\/div>\n<\/div>\n<div>\n<div>\n<div><img decoding=\"async\" class=\"magic-50\" src=\"https:\/\/ae01.alicdn.com\/kf\/S6f3348679c394569902e96ab82057e0b1.jpg?width=1440&amp;height=1080&amp;hash=2520\" slate-data-type=\"image\"\/><\/div>\n<\/div>\n<div>\u00a0<\/div>\n<div>\u00a0<\/div>\n<\/div>\n<\/div>\n<\/div>\n<\/div>\n<div>\n<div id=\"ali-anchor-AliMagic-yqexns\">Meie teenus<\/div>\n<\/div>\n<div>\n<div>\n<div>\n<div>\n<div>\n<div>\n<div>1. OEM on lubatud<\/p>\n<p>2. N\u00e4idistellimus<\/p>\n<p>3. Vastame teie p\u00e4ringule 24 tunni jooksul.<\/p>\n<p>4. P\u00e4rast saatmist j\u00e4lgime tooteid iga kahe p\u00e4eva tagant, kuni olete tooted k\u00e4tte saanud. Kui olete kauba k\u00e4tte saanud, testige seda ja andke mulle tagasisidet. Kui teil on probleemi kohta k\u00fcsimusi, v\u00f5tke meiega \u00fchendust, pakume teile lahenduse.<\/p>\n<p><span>5. Meie garantiiaeg on j\u00e4rgmine:<br \/>\u25c612 kuud elektrimootori jaoks<br \/>\u25c612 kuud liitiumioonaku jaoks<br \/>\u25c6 Raami puhul 24 kuud.<br \/>\u25c612 kuud kontrollerile.<br \/>\u25c6Laadijale 12 kuud.<br \/>\u25c66 kuud teiste osade puhul.<\/span><\/div>\n<p class=\"magic-35\">.<\/p>\n<\/div>\n<\/div>\n<\/div>\n<\/div>\n<\/div>\n<\/div>\n<div>\n<div id=\"ali-anchor-AliMagic-yvqitf\">KKK<\/div>\n<\/div>\n<div>\n<div>\n<div>\n<div>\n<div>\n<div>\n<p class=\"magic-35\"><strong>K1. Millised on teie pakkimistingimused? <\/strong><br \/>V: \u00dcldiselt pakime oma kauba neutraalsetesse valgetesse kastidesse ja pruunidesse karpidesse. Kui teil on seaduslikult registreeritud patent, saame kauba p\u00e4rast teie volituskirjade saamist teie kaubam\u00e4rgiga kastidesse pakkida.<\/p>\n<p><strong>K2. Millised on teie maksetingimused?<\/strong><br \/>A: T\/T 30% tagatisrahana ja 70% enne kohaletoimetamist. Enne saldo tasumist n\u00e4itame teile toodete ja pakendite fotosid.<\/p>\n<p><strong>K3. Millised on teie tarnetingimused?<\/strong><br \/>V: EXW, FOB, CIF.<\/p>\n<p><strong>Q4. Kuidas on lood teie tarneajaga?<\/strong><br \/>V: \u00dcldiselt kulub ettemaksu laekumist 30\u201360 p\u00e4eva. Konkreetne tarneaeg s\u00f5ltub tellimuse esemetest ja kogusest.<\/p>\n<p><strong>K5. Kas saate toota vastavalt n\u00e4idistele?<\/strong><br \/>V: Jah, me saame toota teie n\u00e4idiste v\u00f5i tehniliste jooniste j\u00e4rgi. Saame ehitada vorme ja kinnitusvahendeid.<\/p>\n<p><strong>K6. Milline on teie n\u00e4idispoliitika?<\/strong><br \/>V: Me saame proovi tarnida, kui meil on laos valmisosad, kuid kliendid peavad tasuma proovi ja kulleri maksumuse.<\/p>\n<p><strong>K7. Kas te testite k\u00f5iki oma kaupu enne kohaletoimetamist?<\/strong><br \/>V: Jah, enne kohaletoimetamist on meil 100% test<\/p>\n<p><strong>K8: Kuidas teete meie \u00e4ri pikaajaliseks ja heaks suhteks?<\/strong><br \/>A: 1. Hoiame head kvaliteeti ja konkurentsiv\u00f5imelist hinda, et tagada oma klientidele kasu; 2. Austame iga klienti kui oma s\u00f5pra ning teeme siiralt \u00e4ri ja s\u00f5bruneme nendega, olenemata nende p\u00e4ritolust.<\/p>\n<p><strong>K9: Kas me saame oma logo v\u00f5i kaubam\u00e4rgi mootorrattale panna?<\/strong><br \/>V: Jah, me aktsepteerime OEM-i.<\/p>\n<\/div>\n<\/div>\n<\/div>\n<\/div>\n<\/div>\n<\/div>\n<\/div>\n<\/div>\n<\/div>\n<div><\/div>\n<\/div>\n<\/div>\n<p><\/p>","protected":false},"excerpt":{"rendered":"<p>Category:&nbsp;Four-wheel Scooter Applicable People:&nbsp;Unisex Range Per Charge:&nbsp;40-60km Charging Time:&nbsp;1-2h Voltage:&nbsp;36V Folded:&nbsp;No Origin:&nbsp;Mainland China Power (W):&nbsp;201-500W Brand Name:&nbsp;ZHANGU Place of Origin:&nbsp;Zhejiang, China Model Number:&nbsp;DH0305 Gears:&nbsp;3 Speed Range per Power:&nbsp;31 &#8211; 60<\/p>","protected":false},"featured_media":7724,"comment_status":"open","ping_status":"closed","template":"","meta":{"_acf_changed":false},"product_brand":[],"product_cat":[301],"product_tag":[],"class_list":{"0":"post-7723","1":"product","2":"type-product","3":"status-publish","4":"has-post-thumbnail","6":"product_cat-electric-mobility-scooters","8":"first","9":"instock","10":"shipping-taxable","11":"purchasable","12":"product-type-variable"},"acf":[],"_links":{"self":[{"href":"https:\/\/electricstore.eu\/et\/wp-json\/wp\/v2\/product\/7723","targetHints":{"allow":["GET"]}}],"collection":[{"href":"https:\/\/electricstore.eu\/et\/wp-json\/wp\/v2\/product"}],"about":[{"href":"https:\/\/electricstore.eu\/et\/wp-json\/wp\/v2\/types\/product"}],"replies":[{"embeddable":true,"href":"https:\/\/electricstore.eu\/et\/wp-json\/wp\/v2\/comments?post=7723"}],"wp:featuredmedia":[{"embeddable":true,"href":"https:\/\/electricstore.eu\/et\/wp-json\/wp\/v2\/media\/7724"}],"wp:attachment":[{"href":"https:\/\/electricstore.eu\/et\/wp-json\/wp\/v2\/media?parent=7723"}],"wp:term":[{"taxonomy":"product_brand","embeddable":true,"href":"https:\/\/electricstore.eu\/et\/wp-json\/wp\/v2\/product_brand?post=7723"},{"taxonomy":"product_cat","embeddable":true,"href":"https:\/\/electricstore.eu\/et\/wp-json\/wp\/v2\/product_cat?post=7723"},{"taxonomy":"product_tag","embeddable":true,"href":"https:\/\/electricstore.eu\/et\/wp-json\/wp\/v2\/product_tag?post=7723"}],"curies":[{"name":"wp","href":"https:\/\/api.w.org\/{rel}","templated":true}]}}