{"id":7628,"date":"2025-05-15T19:33:19","date_gmt":"2025-05-15T19:33:19","guid":{"rendered":"https:\/\/electricstore.eu\/product\/gaiaray-4-32pcs-3-2v-280ah-lifepo4-battery-cells\/"},"modified":"2025-05-21T05:40:12","modified_gmt":"2025-05-21T05:40:12","slug":"gaiaray-4-32pcs-3-2v-280ah-lifepo4-battery-cells","status":"publish","type":"product","link":"https:\/\/electricstore.eu\/et\/p\/batteries\/lifepo4-batteries\/lifepo4-battery-cells\/gaiaray-4-32pcs-3-2v-280ah-lifepo4-battery-cells\/","title":{"rendered":"GaiaRay LF280K 280Ah 3.2V LiFePO4 akuelement"},"content":{"rendered":"<div class=\"product-specs-list-container\">\n<ul class=\"product-specs-list util-clearfix\">\n<li class=\"product-prop line-limit-length\"><span\n                                        class=\"property-title\">\u00dchendus:&nbsp;<\/span><span\n                                        class=\"property-desc line-limit-length\">Teised<\/span>\n                            <\/li>\n<li class=\"product-prop line-limit-length\"><span\n                                        class=\"property-title\">K\u00f5rge riskiga kemikaal:&nbsp;<\/span><span\n                                        class=\"property-desc line-limit-length\">Puudub<\/span>\n                            <\/li>\n<li class=\"product-prop line-limit-length\"><span\n                                        class=\"property-title\">Nimimaht:&nbsp;<\/span><span\n                                        class=\"property-desc line-limit-length\">280AH<\/span>\n                            <\/li>\n<li class=\"product-prop line-limit-length\"><span\n                                        class=\"property-title\">Kaal:&nbsp;<\/span><span\n                                        class=\"property-desc line-limit-length\">5,5 kg<\/span>\n                            <\/li>\n<li class=\"product-prop line-limit-length\"><span\n                                        class=\"property-title\">Pinge:&nbsp;<\/span><span\n                                        class=\"property-desc line-limit-length\">3,2 V<\/span>\n                            <\/li>\n<li class=\"product-prop line-limit-length\"><span\n                                        class=\"property-title\">Suurus:&nbsp;<\/span><span\n                                        class=\"property-desc line-limit-length\">173 * 71 * 204 mm<\/span>\n                            <\/li>\n<li class=\"product-prop line-limit-length\"><span\n                                        class=\"property-title\">Rakendus:&nbsp;<\/span><span\n                                        class=\"property-desc line-limit-length\">Haagissuvila, merepaat, veomootor, p\u00e4ikeseenergia salvestamine, v\u00f5rguv\u00e4line p\u00e4ikeseenergia s\u00fcsteem, muu<\/span>\n                            <\/li>\n<li class=\"product-prop line-limit-length\"><span\n                                        class=\"property-title\">Mudelinumber:&nbsp;<\/span><span\n                                        class=\"property-desc line-limit-length\">LF280K<\/span>\n                            <\/li>\n<li class=\"product-prop line-limit-length\"><span\n                                        class=\"property-title\">T\u00fc\u00fcp:&nbsp;<\/span><span\n                                        class=\"property-desc line-limit-length\">LiFePO4<\/span>\n                            <\/li>\n<li class=\"product-prop line-limit-length\"><span\n                                        class=\"property-title\">Br\u00e4ndi nimi:&nbsp;<\/span><span\n                                        class=\"property-desc line-limit-length\">GaiaRay<\/span>\n                            <\/li>\n<li class=\"product-prop line-limit-length\"><span\n                                        class=\"property-title\">P\u00e4ritolu:&nbsp;<\/span><span\n                                        class=\"property-desc line-limit-length\">Mandri-Hiina<\/span>\n                            <\/li>\n<li class=\"product-prop line-limit-length\"><span\n                                        class=\"property-title\">Nimipinge:&nbsp;<\/span><span\n                                        class=\"property-desc line-limit-length\">Teised<\/span>\n                            <\/li>\n<li class=\"product-prop line-limit-length\"><span\n                                        class=\"property-title\">Nimimaht:&nbsp;<\/span><span\n                                        class=\"property-desc line-limit-length\">280AH<\/span>\n                            <\/li>\n<li class=\"product-prop line-limit-length\"><span\n                                        class=\"property-title\">Kaal:&nbsp;<\/span><span\n                                        class=\"property-desc line-limit-length\">5,6 kg<\/span>\n                            <\/li>\n<li class=\"product-prop line-limit-length\"><span\n                                        class=\"property-title\">M\u00f5\u00f5tmed:&nbsp;<\/span><span\n                                        class=\"property-desc line-limit-length\">173 * 71 * 204 mm<\/span>\n                            <\/li>\n<li class=\"product-prop line-limit-length\"><span\n                                        class=\"property-title\">Laadimise\/t\u00fchjendamise piirpinge::&nbsp;<\/span><span\n                                        class=\"property-desc line-limit-length\">3,65 V\/2,5 V<\/span>\n                            <\/li>\n<li class=\"product-prop line-limit-length\"><span\n                                        class=\"property-title\">Kruvi suurus:&nbsp;<\/span><span\n                                        class=\"property-desc line-limit-length\">M6<\/span>\n                            <\/li>\n<li class=\"product-prop line-limit-length\"><span\n                                        class=\"property-title\">Ts\u00fckli eluiga:&nbsp;<\/span><span\n                                        class=\"property-desc line-limit-length\">8000 ts\u00fcklit<\/span>\n                            <\/li>\n<li class=\"product-prop line-limit-length\"><span\n                                        class=\"property-title\">Sobib s\u00fcsteemile:&nbsp;<\/span><span\n                                        class=\"property-desc line-limit-length\">12V 24V 48V 72V 96V 108V p\u00e4ikeseenergia salvestuss\u00fcsteem<\/span>\n                            <\/li>\n<li class=\"product-prop line-limit-length\"><span\n                                        class=\"property-title\">Taotlus:&nbsp;<\/span><span\n                                        class=\"property-desc line-limit-length\">Haagissuvilad Kaubikud Haagissuvilad Elektripaadid Jahid Golfik\u00e4rud Kahvelt\u00f5stukid P\u00e4ikesepatareid<\/span>\n                            <\/li>\n<\/ul><\/div>\n<div class=\"detailmodule_text\">\n<p style=\"font-size:20px;font-weight:bold;text-align:center;color:rgb(245, 166, 35);display:block;width:100%\" align=\"center\">[Kirjeldus]<\/p>\n<\/div>\n<div class=\"detailmodule_text\">\n<p style=\"font-size:16px;font-weight:bold;color:rgb(0, 0, 0)\">Toote kirjeldus<\/p>\n<\/div>\n<div class=\"detailmodule_text\">\n<p style=\"font-size:16px;font-weight:bold\">Apexius REPT280AH lifepo4 akupakett<\/p>\n<\/div>\n<div class=\"detailmodule_text\">\n<p style=\"font-size:16px;font-weight:bold\">Tegelik mahutavus 280 Ah<\/p>\n<\/div>\n<div class=\"detailmodule_text\">\n<p style=\"font-size:16px;font-weight:bold\">Nimipinge 3,2 V<\/p>\n<\/div>\n<div class=\"detailmodule_text\">\n<p style=\"font-size:16px;font-weight:bold\">High life expectancy 8000-10000cycles<\/p>\n<\/div>\n<div class=\"detailmodule_text\">\n<p style=\"font-size:16px;font-weight:bold\">Maksimaalne laadimispinge 3,65 V<\/p>\n<\/div>\n<div class=\"detailmodule_text\">\n<p style=\"font-size:16px;font-weight:bold\">Vahelduvvoolu takistus 0,25 mOhm<\/p>\n<\/div>\n<div class=\"detailmodule_text\">\n<p style=\"font-size:16px;font-weight:bold\">Laadimistemperatuur -5\u201360 \u00b0C<\/p>\n<\/div>\n<div class=\"detailmodule_text\">\n<p style=\"font-size:16px;font-weight:bold\">Kaal 5,6 kg<\/p>\n<\/div>\n<div class=\"detailmodule_text\">\n<p style=\"font-size:16px;font-weight:bold\">M\u00f5\u00f5tmed 202 * 172 * 72 mm<\/p>\n<\/div>\n<div class=\"detailmodule_text\">\n<p style=\"font-size:16px;font-weight:bold\">\u5546\u54c1\u4ee3\u91d1\u306b\u306f\u65e5\u672c\u56fd\u5185\u3067\u306e\u6d88\u8cbb\u7a0e\u306f\u542b\u307e\u308c\u3066\u304a\u308a\u307e\u305b\u3093\u306e\u3067\u3001\u3054\u4e86\u627f\u3044\u305f\u3060\u3051\u308b\u65b9\u306e\u307f\u767a\u9001\u3055\u305b\u3066\u3044\u305f\u3060\u304d\u307e\u3059\u3002<\/p>\n<\/div>\n<div class=\"detailmodule_text\">\n<p style=\"font-family:OpenSans;font-size:14px;font-weight:300;line-height:20px;white-space:pre-wrap;color:rgb(0, 0, 0);margin-bottom:12px\" class=\"detail-desc-decorate-content\">Ukrainasse saab saata Poola ladudest ja see v\u00f5ib kohale j\u00f5uda 3-7 p\u00e4eva jooksul p\u00e4rast ostmist.<\/p>\n<\/div>\n<div class=\"detailmodule_image\"><img decoding=\"async\" class=\"detail-desc-decorate-image\" src=\"https:\/\/ae01.alicdn.com\/kf\/S9ecd6cccf952482cbff40e3d530a1576R.jpg\" slate-data-type=\"image\"\/><\/div>\n<div class=\"detailmodule_text\">\n<p style=\"font-size:16px;font-weight:bold\">Gaiaray EVE A-klassi 3,2 V 100 Ah 120 Ah 280 Ah aku LiFePO4 liitiumraudfosfaat 12 V 24 V 4S e-t\u00f5ukeratta ja haagissuvila p\u00e4ikeseenergia salvestamiseks<\/p>\n<\/div>\n<div class=\"detailmodule_text\">\n<p style=\"font-size:16px;font-weight:bold\">K: Miks peaksin saatmiskulusid lisama?<\/p>\n<\/div>\n<div class=\"detailmodule_text\">\n<p style=\"font-size:13px;font-weight:bold\">Vastus: Kaugemates piirkondades on vaja lisatasu, palun saatke enne ostmist kinnitamiseks oma aadress, vastasel juhul \u00e4rge tellimust esitage.<\/p>\n<\/div>\n<div class=\"detailmodule_text\">\n<p style=\"font-size:16px;font-weight:bold\">N\u00e4pun\u00e4ited:\u2708Meil on Poola laos 100ah, 280ah akusid laos, EL-i riikidest saab otse osta, saabumisaeg 3-7 p\u00e4eva.<\/p>\n<\/div>\n<div class=\"detailmodule_text\">\n<p style=\"font-size:16px;font-weight:bold;color:rgb(0, 0, 0)\">Tarneaeg<\/p>\n<\/div>\n<div class=\"detailmodule_text\">\n<p style=\"font-size:16px;font-weight:bold;color:rgb(0, 0, 0)\">Hiinast Euroopasse: 50\u201360 p\u00e4eva<\/p>\n<\/div>\n<div class=\"detailmodule_text\">\n<p style=\"font-size:16px;font-weight:bold;color:rgb(0, 0, 0)\">Jaapan: 7-15 p\u00e4eva<\/p>\n<\/div>\n<div class=\"detailmodule_text\">\n<p style=\"font-size:16px;font-weight:bold;color:rgb(0, 0, 0)\">Korea: 7-15 p\u00e4eva<\/p>\n<\/div>\n<div class=\"detailmodule_text\">\n<p style=\"font-size:16px;font-weight:bold;color:rgb(0, 0, 0)\">Venemaa: 40-50 p\u00e4eva<\/p>\n<\/div>\n<div class=\"detailmodule_text\">\n<p style=\"font-size:16px;font-weight:bold;color:rgb(0, 0, 0)\">USA: 50\u201360 p\u00e4eva<\/p>\n<\/div>\n<div class=\"detailmodule_text\">\n<p style=\"font-size:16px;font-weight:bold;color:rgb(0, 0, 0)\">Kanada Kanada: 50\u201360 p\u00e4eva<\/p>\n<\/div>\n<div class=\"detailmodule_text\">\n<p style=\"font-size:16px;font-weight:bold;color:rgb(0, 0, 0)\">Austraalia: 50\u201360 p\u00e4eva<\/p>\n<\/div>\n<div class=\"detailmodule_text\">\n<p style=\"font-size:16px;font-weight:bold;color:rgb(0, 0, 0)\">Ukraina: 60\u201370 p\u00e4eva<\/p>\n<\/div>\n<div class=\"detailmodule_text\">\n<p style=\"font-size:16px;font-weight:bold;color:rgb(0, 0, 0)\">Soojad n\u00e4pun\u00e4ited: Ukraina valib \u00f5hutranspordi, kohalej\u00f5udmine v\u00f5tab 7\u201315 p\u00e4eva!<\/p>\n<\/div>\n<div class=\"detailmodule_text\">\n<p style=\"font-size:16px;font-weight:bold\">Soojad n\u00e4pun\u00e4ited<\/p>\n<\/div>\n<div class=\"detailmodule_text\">\n<p style=\"font-size:16px;font-weight:bold\">K: Miks peate Euroopa Liidus lisatasusid maksma?<\/p>\n<\/div>\n<div class=\"detailmodule_image\"><img decoding=\"async\" class=\"detail-desc-decorate-image\" src=\"https:\/\/ae01.alicdn.com\/kf\/S2c55404059a1490896241d537b7f052ar.jpg\" slate-data-type=\"image\"\/><\/div>\n<div class=\"detailmodule_image\"><img decoding=\"async\" style=\"margin-bottom:10px\" class=\"detail-desc-decorate-image\" src=\"https:\/\/ae01.alicdn.com\/kf\/Sb7f7abd4cafe46c4955ab2fc4decb35fN.jpg\" slate-data-type=\"image\"\/><img decoding=\"async\" style=\"margin-bottom:10px\" class=\"detail-desc-decorate-image\" src=\"https:\/\/ae01.alicdn.com\/kf\/S4d0f74e89b97413bb5008e972e4824bbS.jpg\" slate-data-type=\"image\"\/><img decoding=\"async\" class=\"detail-desc-decorate-image\" src=\"https:\/\/ae01.alicdn.com\/kf\/Se6070fd68bc24190845528d16ae8e61c2.jpg\" slate-data-type=\"image\"\/><\/div>\n<div class=\"detailmodule_image\"><img fetchpriority=\"high\" decoding=\"async\" class=\"detail-desc-decorate-image\" width=\"1000\" height=\"1000\" src=\"https:\/\/ae01.alicdn.com\/kf\/S4ce68901942c4924ae926283e7b70cd1g.jpg\" slate-data-type=\"image\"\/><img decoding=\"async\" class=\"detail-desc-decorate-image\" width=\"1000\" height=\"1000\" src=\"https:\/\/ae01.alicdn.com\/kf\/S64fa33490fdb4f35868a049564bcc2330.jpg\" slate-data-type=\"image\"\/><img decoding=\"async\" class=\"detail-desc-decorate-image\" src=\"https:\/\/ae01.alicdn.com\/kf\/Sf1e1fc0d53664845ae05fbd93a369acd2.jpg\" slate-data-type=\"image\"\/><img decoding=\"async\" class=\"detail-desc-decorate-image\" src=\"https:\/\/ae01.alicdn.com\/kf\/S3f16c1c71264487ca375043e8f58b075d.jpg\" slate-data-type=\"image\"\/><\/div>\n<div class=\"detailmodule_image\"><img decoding=\"async\" class=\"detail-desc-decorate-image\" src=\"https:\/\/ae01.alicdn.com\/kf\/S3bd9415f10ea4faab1a0d7813692f4d6P.jpg\" slate-data-type=\"image\"\/><img decoding=\"async\" class=\"detail-desc-decorate-image\" src=\"https:\/\/ae01.alicdn.com\/kf\/Sb54e82fbf2e440edb64e7e7821f2fe89h.png\" slate-data-type=\"image\"\/><img decoding=\"async\" class=\"detail-desc-decorate-image\" src=\"https:\/\/ae01.alicdn.com\/kf\/S3af62ed51a6c4c9aaf6b1a74f942731d7.jpg\" slate-data-type=\"image\"\/><img decoding=\"async\" class=\"detail-desc-decorate-image\" src=\"https:\/\/ae01.alicdn.com\/kf\/Sa525f81f13fa45d5a4d28e743ba1abd0r.jpg\" slate-data-type=\"image\"\/><img decoding=\"async\" class=\"detail-desc-decorate-image\" src=\"https:\/\/ae01.alicdn.com\/kf\/Sd38090f9a3a04d9cbe8750c62a40b127u.jpg\" slate-data-type=\"image\"\/><img decoding=\"async\" class=\"detail-desc-decorate-image\" src=\"https:\/\/ae01.alicdn.com\/kf\/Sc1f01b78a31c4945a44765c40f701120P.jpg\" slate-data-type=\"image\"\/><img decoding=\"async\" class=\"detail-desc-decorate-image\" src=\"https:\/\/ae01.alicdn.com\/kf\/S2fd873fa2d0647c38d6b0b7c2e150b78d.jpg\" slate-data-type=\"image\"\/><\/div>\n<p><\/p>","protected":false},"excerpt":{"rendered":"<p>Connection:&nbsp;Others Hign-concerned Chemical:&nbsp;None Nominal Capacity:&nbsp;280AH Weight:&nbsp;5.5KG Voltage:&nbsp;3.2v Size:&nbsp;173*71*204mm Application:&nbsp;RV,Marine Boat,Trolling Motor,Solar Power Storage,Off-Grid Solar Power System,Others Model Number:&nbsp;LF280K Type:&nbsp;LiFePO4 Brand Name:&nbsp;GaiaRay Origin:&nbsp;Mainland China Rated Voltage:&nbsp;Others Nominal Capacity:&nbsp;280AH Weight:&nbsp;5.6KG Dimension:&nbsp;173*71*204mm Charge\/discharge<\/p>","protected":false},"featured_media":7629,"comment_status":"open","ping_status":"closed","template":"","meta":{"_acf_changed":false},"product_brand":[],"product_cat":[235],"product_tag":[271],"class_list":{"0":"post-7628","1":"product","2":"type-product","3":"status-publish","4":"has-post-thumbnail","6":"product_cat-lifepo4-battery-cells","7":"product_tag-gaiary","9":"first","10":"instock","11":"shipping-taxable","12":"purchasable","13":"product-type-variable"},"acf":[],"_links":{"self":[{"href":"https:\/\/electricstore.eu\/et\/wp-json\/wp\/v2\/product\/7628","targetHints":{"allow":["GET"]}}],"collection":[{"href":"https:\/\/electricstore.eu\/et\/wp-json\/wp\/v2\/product"}],"about":[{"href":"https:\/\/electricstore.eu\/et\/wp-json\/wp\/v2\/types\/product"}],"replies":[{"embeddable":true,"href":"https:\/\/electricstore.eu\/et\/wp-json\/wp\/v2\/comments?post=7628"}],"wp:featuredmedia":[{"embeddable":true,"href":"https:\/\/electricstore.eu\/et\/wp-json\/wp\/v2\/media\/7629"}],"wp:attachment":[{"href":"https:\/\/electricstore.eu\/et\/wp-json\/wp\/v2\/media?parent=7628"}],"wp:term":[{"taxonomy":"product_brand","embeddable":true,"href":"https:\/\/electricstore.eu\/et\/wp-json\/wp\/v2\/product_brand?post=7628"},{"taxonomy":"product_cat","embeddable":true,"href":"https:\/\/electricstore.eu\/et\/wp-json\/wp\/v2\/product_cat?post=7628"},{"taxonomy":"product_tag","embeddable":true,"href":"https:\/\/electricstore.eu\/et\/wp-json\/wp\/v2\/product_tag?post=7628"}],"curies":[{"name":"wp","href":"https:\/\/api.w.org\/{rel}","templated":true}]}}