{"id":7561,"date":"2025-05-15T19:32:37","date_gmt":"2025-05-15T19:32:37","guid":{"rendered":"https:\/\/electricstore.eu\/product\/usamr-4-pcs-350ah-lifepo4-battery-cells-3-2v\/"},"modified":"2025-05-20T13:33:58","modified_gmt":"2025-05-20T13:33:58","slug":"usamr-4-pcs-350ah-lifepo4-battery-cells-3-2v","status":"publish","type":"product","link":"https:\/\/electricstore.eu\/et\/p\/batteries\/lifepo4-batteries\/lifepo4-battery-cells\/usamr-4-pcs-350ah-lifepo4-battery-cells-3-2v\/","title":{"rendered":"Likctt 350Ah 3.2V LiFePO4 akuelemendid"},"content":{"rendered":"<div class=\"product-specs-list-container\">\n<ul class=\"product-specs-list util-clearfix\">\n<li class=\"product-prop line-limit-length\"><span\n                                        class=\"property-title\">Nimimaht:&nbsp;<\/span><span\n                                        class=\"property-desc line-limit-length\">350AH<\/span>\n                            <\/li>\n<li class=\"product-prop line-limit-length\"><span\n                                        class=\"property-title\">Kaal:&nbsp;<\/span><span\n                                        class=\"property-desc line-limit-length\">About 5.6KG<\/span>\n                            <\/li>\n<li class=\"product-prop line-limit-length\"><span\n                                        class=\"property-title\">Suurus:&nbsp;<\/span><span\n                                        class=\"property-desc line-limit-length\">174 * 72 * 207 mm<\/span>\n                            <\/li>\n<li class=\"product-prop line-limit-length\"><span\n                                        class=\"property-title\">Rakendus:&nbsp;<\/span><span\n                                        class=\"property-desc line-limit-length\">Elektriauto, haagissuvila, merepaat, veomootor, kodune energia, p\u00e4ikeseenergia salvestamine, v\u00f5rguv\u00e4line p\u00e4ikeseenergia s\u00fcsteem, muud<\/span>\n                            <\/li>\n<li class=\"product-prop line-limit-length\"><span\n                                        class=\"property-title\">Mudelinumber:&nbsp;<\/span><span\n                                        class=\"property-desc line-limit-length\">3,2 V Liferpo4 aku<\/span>\n                            <\/li>\n<li class=\"product-prop line-limit-length\"><span\n                                        class=\"property-title\">T\u00fc\u00fcp:&nbsp;<\/span><span\n                                        class=\"property-desc line-limit-length\">LiFePO4<\/span>\n                            <\/li>\n<li class=\"product-prop line-limit-length\"><span\n                                        class=\"property-title\">Br\u00e4ndi nimi:&nbsp;<\/span><span\n                                        class=\"property-desc line-limit-length\">Likctt<\/span>\n                            <\/li>\n<li class=\"product-prop line-limit-length\"><span\n                                        class=\"property-title\">P\u00e4ritolu:&nbsp;<\/span><span\n                                        class=\"property-desc line-limit-length\">Mandri-Hiina<\/span>\n                            <\/li>\n<\/ul><\/div>\n<div class=\"detailmodule_html\">\n<div class=\"detail-desc-decorate-richtext\">\n<p class=\"word-break white-space mt-10\" style=\"text-align:left;color:#ff0000;font-size:16px;font-weight:bold;\">Note: This product is available in A and B styles, and we will ship it randomly.<\/p>\n<p><img fetchpriority=\"high\" decoding=\"async\" height=\"1000\" referrerpolicy=\"no-referrer\" src=\"https:\/\/ae01.alicdn.com\/kf\/S1532e78c3f4b497c8d6cc18c643be48co.jpg\" style=\"width: 100%; height: auto; vertical-align: middle;\" width=\"1000\"><\/p>\n<p class=\"word-break white-space mt-10\" style=\"color:#434649;\">The EU warehouse(German warehouse)has arrived (350AH) 200pcs. Friends who need it can place an order now. First place the order and arrange the shipment first. You can receive the goods within 3-7 days after the shipment.<\/p>\n<p class=\"word-break white-space mt-10\" style=\"text-align:left;color:#434649;font-size:13px;font-weight:normal;\">Toote spetsifikatsioonid<br \/>\nToote nimetus: liitiumfosfaatraud<br \/>\nHinne: A-klass<br \/>\nKvaliteet: t\u00e4iesti uus<br \/>\nMaterjal: alumiinium<br \/>\nRated capacity: 350Ah<br \/>\nMinimum capacity: 350Ah<br \/>\nSisemine takistus: 0,1\u20130,5 m\u03a9<br \/>\nNimipinge: 3,2 V<br \/>\nSuurus (P * L * K): 174 * 72 * 207 mm (+\/- 10 mm)<br \/>\nBattery weight: About 5.6KG<br \/>\nRecommended current constant: 350A (1C)<br \/>\nT\u00fchjenduspinge: 2,5 V<br \/>\nRecommended constant current: 350A (1C)<br \/>\nLaadimispinge: 3,65 V<br \/>\nMaximum continuous discharge current: 350A (1C)<br \/>\nEluts\u00fckkel (90% DOD): 6000<br \/>\nLaadimistemperatuur: -5~60\u00b0C<br \/>\nT\u00fchjendustemperatuur: -30~60\u00b0C<br \/>\nIsetegemise kohta: Kuna isetegemise puhul kasutatakse aku positiivse ja negatiivse pooluse \u00fchendamiseks laserit, on m\u00f5nes keevituspunktis keevitusj\u00e4lgi, mis ei m\u00f5juta aku kasutamist. Palun tutvuge sellega.<br \/>\nKasutusala: mootori k\u00e4ivitusakud, elektrilised jalgrattad \/ mootorrattad \/ t\u00f5ukerattad, golfik\u00e4rud \/ -k\u00e4rud, elektrilised t\u00f6\u00f6riistad \/ p\u00e4ikese- ja tuuleenergias\u00fcsteemid, matkaautod, haagissuvilad \/ varus\u00fcsteem ja UPS.<br \/>\nM\u00e4rkus: Iga akuga on kaasas 1 metallpistik + 2 metallmutrit + 2 lameseibi tasuta.<\/p>\n<p><img decoding=\"async\" height=\"1000\" referrerpolicy=\"no-referrer\" src=\"https:\/\/ae01.alicdn.com\/kf\/S70f7fe4ac85e425d9af32019ce6df00a1.jpg\" style=\"width: 100%; height: auto; vertical-align: middle;\" width=\"1000\"><img decoding=\"async\" height=\"1000\" referrerpolicy=\"no-referrer\" src=\"https:\/\/ae01.alicdn.com\/kf\/Sb27b7d4064b943fd83b1fba731473704K.jpg\" style=\"width: 100%; height: auto; vertical-align: middle;\" width=\"1000\"><img loading=\"lazy\" decoding=\"async\" height=\"1000\" referrerpolicy=\"no-referrer\" src=\"https:\/\/ae01.alicdn.com\/kf\/S358fa734cc1f4bb382f471fda4b30b4dK.jpg\" style=\"width: 100%; height: auto; vertical-align: middle;\" width=\"1000\"><img loading=\"lazy\" decoding=\"async\" height=\"1000\" referrerpolicy=\"no-referrer\" src=\"https:\/\/ae01.alicdn.com\/kf\/Sa67775ecc16043abbe1953f07e8d7937N.jpg\" style=\"width: 100%; height: auto; vertical-align: middle;\" width=\"1000\"><img loading=\"lazy\" decoding=\"async\" height=\"1000\" referrerpolicy=\"no-referrer\" src=\"https:\/\/ae01.alicdn.com\/kf\/S68e8016d2ba743e2b7b98ee5d3ce7258p.jpg\" style=\"width: 100%; height: auto; vertical-align: middle;\" width=\"1000\"><img loading=\"lazy\" decoding=\"async\" height=\"1000\" referrerpolicy=\"no-referrer\" src=\"https:\/\/ae01.alicdn.com\/kf\/S55edc1cfe069408897e51df3b8ad42b3I.jpg\" style=\"width: 100%; height: auto; vertical-align: middle;\" width=\"1000\"><img loading=\"lazy\" decoding=\"async\" height=\"1000\" referrerpolicy=\"no-referrer\" src=\"https:\/\/ae01.alicdn.com\/kf\/S4ceaef45ee774471a6ea50ec9d040b9cV.jpg\" style=\"width: 100%; height: auto; vertical-align: middle;\" width=\"1000\"><img loading=\"lazy\" decoding=\"async\" height=\"1000\" referrerpolicy=\"no-referrer\" src=\"https:\/\/ae01.alicdn.com\/kf\/Sad2d94d572004438ba560a76eb2bce0cY.jpg\" style=\"width: 100%; height: auto; vertical-align: middle;\" width=\"1000\"><img loading=\"lazy\" decoding=\"async\" height=\"1000\" referrerpolicy=\"no-referrer\" src=\"https:\/\/ae01.alicdn.com\/kf\/S2f9d60010e614866be6425608b5e1c3dR.jpg\" style=\"width: 100%; height: auto; vertical-align: middle;\" width=\"1000\"><img loading=\"lazy\" decoding=\"async\" height=\"1000\" referrerpolicy=\"no-referrer\" src=\"https:\/\/ae01.alicdn.com\/kf\/S92c3b30a902949efaad240200ffff083e.jpg\" style=\"width: 100%; height: auto; vertical-align: middle;\" width=\"1000\"><img loading=\"lazy\" decoding=\"async\" height=\"1000\" referrerpolicy=\"no-referrer\" src=\"https:\/\/ae01.alicdn.com\/kf\/Se67c36ca8cf740d29a0a1e9c0720b276H.jpg\" style=\"width: 100%; height: auto; vertical-align: middle;\" width=\"1000\"><img loading=\"lazy\" decoding=\"async\" height=\"1000\" referrerpolicy=\"no-referrer\" src=\"https:\/\/ae01.alicdn.com\/kf\/Se25f70b2a8e0459da01a28566215c2661.jpg\" style=\"width: 100%; height: auto; vertical-align: middle;\" width=\"1000\"><img loading=\"lazy\" decoding=\"async\" height=\"1000\" referrerpolicy=\"no-referrer\" src=\"https:\/\/ae01.alicdn.com\/kf\/Sdf45bcf43bdb4e6cb4df66e9bb09fdbbp.jpg\" style=\"width: 100%; height: auto; vertical-align: middle;\" width=\"1000\"><\/div>\n<\/div>","protected":false},"excerpt":{"rendered":"<p>Nominal Capacity:&nbsp;350AH Weight:&nbsp;About 5.6KG Size:&nbsp;174*72*207mm Application:&nbsp;EV,RV,Marine Boat,Trolling Motor,Home Energy,Solar Power Storage,Off-Grid Solar Power System,Others Model Number:&nbsp;3.2V Liferpo4 Battery Type:&nbsp;LiFePO4 Brand Name:&nbsp;Likctt Origin:&nbsp;Mainland China Note: This product is available in A<\/p>","protected":false},"featured_media":7562,"comment_status":"open","ping_status":"closed","template":"","meta":{"_acf_changed":false},"product_brand":[],"product_cat":[235],"product_tag":[243],"class_list":{"0":"post-7561","1":"product","2":"type-product","3":"status-publish","4":"has-post-thumbnail","6":"product_cat-lifepo4-battery-cells","7":"product_tag-usamr","9":"first","10":"instock","11":"shipping-taxable","12":"purchasable","13":"product-type-simple"},"acf":[],"_links":{"self":[{"href":"https:\/\/electricstore.eu\/et\/wp-json\/wp\/v2\/product\/7561","targetHints":{"allow":["GET"]}}],"collection":[{"href":"https:\/\/electricstore.eu\/et\/wp-json\/wp\/v2\/product"}],"about":[{"href":"https:\/\/electricstore.eu\/et\/wp-json\/wp\/v2\/types\/product"}],"replies":[{"embeddable":true,"href":"https:\/\/electricstore.eu\/et\/wp-json\/wp\/v2\/comments?post=7561"}],"wp:featuredmedia":[{"embeddable":true,"href":"https:\/\/electricstore.eu\/et\/wp-json\/wp\/v2\/media\/7562"}],"wp:attachment":[{"href":"https:\/\/electricstore.eu\/et\/wp-json\/wp\/v2\/media?parent=7561"}],"wp:term":[{"taxonomy":"product_brand","embeddable":true,"href":"https:\/\/electricstore.eu\/et\/wp-json\/wp\/v2\/product_brand?post=7561"},{"taxonomy":"product_cat","embeddable":true,"href":"https:\/\/electricstore.eu\/et\/wp-json\/wp\/v2\/product_cat?post=7561"},{"taxonomy":"product_tag","embeddable":true,"href":"https:\/\/electricstore.eu\/et\/wp-json\/wp\/v2\/product_tag?post=7561"}],"curies":[{"name":"wp","href":"https:\/\/api.w.org\/{rel}","templated":true}]}}