{"id":7525,"date":"2025-05-15T19:32:16","date_gmt":"2025-05-15T19:32:16","guid":{"rendered":"https:\/\/electricstore.eu\/product\/usamr-3-2v-320ah-lifepo4-battery-cells\/"},"modified":"2025-05-21T05:40:16","modified_gmt":"2025-05-21T05:40:16","slug":"usamr-3-2v-320ah-lifepo4-battery-cells","status":"publish","type":"product","link":"https:\/\/electricstore.eu\/et\/p\/batteries\/lifepo4-batteries\/lifepo4-battery-cells\/usamr-3-2v-320ah-lifepo4-battery-cells\/","title":{"rendered":"Likctt 320Ah 3.2V LiFePO4 akuelemendid"},"content":{"rendered":"<div class=\"product-specs-list-container\">\n<ul class=\"product-specs-list util-clearfix\">\n<li class=\"product-prop line-limit-length\"><span\n                                        class=\"property-title\">Nimimaht:&nbsp;<\/span><span\n                                        class=\"property-desc line-limit-length\">320AH<\/span>\n                            <\/li>\n<li class=\"product-prop line-limit-length\"><span\n                                        class=\"property-title\">Kaal:&nbsp;<\/span><span\n                                        class=\"property-desc line-limit-length\">Umbes 5,5 kg<\/span>\n                            <\/li>\n<li class=\"product-prop line-limit-length\"><span\n                                        class=\"property-title\">Suurus:&nbsp;<\/span><span\n                                        class=\"property-desc line-limit-length\">174 * 72 * 207 mm<\/span>\n                            <\/li>\n<li class=\"product-prop line-limit-length\"><span\n                                        class=\"property-title\">Rakendus:&nbsp;<\/span><span\n                                        class=\"property-desc line-limit-length\">Elektriauto, haagissuvila, merepaat, veomootor, kodune energia, p\u00e4ikeseenergia salvestamine, v\u00f5rguv\u00e4line p\u00e4ikeseenergia s\u00fcsteem, muud<\/span>\n                            <\/li>\n<li class=\"product-prop line-limit-length\"><span\n                                        class=\"property-title\">Mudelinumber:&nbsp;<\/span><span\n                                        class=\"property-desc line-limit-length\">3,2 V Liferpo4 aku<\/span>\n                            <\/li>\n<li class=\"product-prop line-limit-length\"><span\n                                        class=\"property-title\">T\u00fc\u00fcp:&nbsp;<\/span><span\n                                        class=\"property-desc line-limit-length\">LiFePO4<\/span>\n                            <\/li>\n<li class=\"product-prop line-limit-length\"><span\n                                        class=\"property-title\">Br\u00e4ndi nimi:&nbsp;<\/span><span\n                                        class=\"property-desc line-limit-length\">Likctt<\/span>\n                            <\/li>\n<li class=\"product-prop line-limit-length\"><span\n                                        class=\"property-title\">P\u00e4ritolu:&nbsp;<\/span><span\n                                        class=\"property-desc line-limit-length\">Mandri-Hiina<\/span>\n                            <\/li>\n<\/ul><\/div>\n<div class=\"detailmodule_html\">\n<div class=\"detail-desc-decorate-richtext\">\n<p class=\"word-break white-space mt-10\" style=\"text-align:left;color:#ff0000;font-size:16px;font-weight:bold;\">M\u00e4rkus: Sellel akul on kaks stiili, saadame need juhuslikult. Kui te ei pahanda, v\u00f5tke meiega \u00fchendust, ait\u00e4h.<\/p>\n<p><img fetchpriority=\"high\" decoding=\"async\" height=\"1000\" referrerpolicy=\"no-referrer\" src=\"https:\/\/ae01.alicdn.com\/kf\/Sf583fc62b6c04f8994a48d26fe5868beZ.jpg\" style=\"width: 100%; height: auto; vertical-align: middle;\" width=\"1000\"><\/p>\n<p class=\"word-break white-space mt-10\" style=\"text-align:left;color:#434649;font-size:16px;font-weight:bold;\">EL-i lattu (Saksamaa lattu) on saabunud (320AH) 200 tk. S\u00f5brad, kes seda vajavad, saavad kohe tellimuse esitada. Esmalt esitage tellimus ja korraldage saatmine. Saate kauba k\u00e4tte 3-7 p\u00e4eva jooksul p\u00e4rast saatmist.<\/p>\n<p class=\"word-break white-space mt-10\" style=\"text-align:left;color:#434649;font-size:13px;font-weight:normal;\">Toote spetsifikatsioonid<br \/>\nToote nimetus: liitiumfosfaatraud<br \/>\nHinne: A-klass<br \/>\nKvaliteet: t\u00e4iesti uus<br \/>\nMaterjal: alumiinium<br \/>\nNimiv\u00f5imsus: 320Ah<br \/>\nMinimaalne mahutavus: 320Ah<br \/>\nSisemine takistus: 0,1\u20130,5 m\u03a9<br \/>\nNimipinge: 3,2 V<br \/>\nSuurus (P * L * K): 174 * 72 * 207 mm (+\/- 10 mm)<br \/>\nAku kaal: umbes 5,5 kg<br \/>\nSoovitatav voolukonstant: 320A (1C)<br \/>\nT\u00fchjenduspinge: 2,5 V<br \/>\nSoovitatav p\u00fcsivool: 320A (1C)<br \/>\nLaadimispinge: 3,65 V<br \/>\nMaksimaalne pidev t\u00fchjendusvool: 320A (1C)<br \/>\nEluts\u00fckkel (90% DOD): 6000<br \/>\nLaadimistemperatuur: -5~60\u00b0C<br \/>\nT\u00fchjendustemperatuur: -30~60\u00b0C<br \/>\nIsetegemise kohta: Kuna isetegemise puhul kasutatakse aku positiivse ja negatiivse pooluse \u00fchendamiseks laserit, on m\u00f5nes keevituspunktis keevitusj\u00e4lgi, mis ei m\u00f5juta aku kasutamist. Palun tutvuge sellega.<br \/>\nKasutusala: mootori k\u00e4ivitusakud, elektrilised jalgrattad \/ mootorrattad \/ t\u00f5ukerattad, golfik\u00e4rud \/ -k\u00e4rud, elektrilised t\u00f6\u00f6riistad \/ p\u00e4ikese- ja tuuleenergias\u00fcsteemid, matkaautod, haagissuvilad \/ varus\u00fcsteem ja UPS.<br \/>\nM\u00e4rkus: Iga akuga on kaasas 1 metallpistik + 2 metallmutrit + 2 lameseibi tasuta.<\/p>\n<p><img decoding=\"async\" height=\"1000\" referrerpolicy=\"no-referrer\" src=\"https:\/\/ae01.alicdn.com\/kf\/Sa579968b17094380b0702b41e137e09cz.jpg\" style=\"width: 100%; height: auto; vertical-align: middle;\" width=\"1000\"><img decoding=\"async\" height=\"1000\" referrerpolicy=\"no-referrer\" src=\"https:\/\/ae01.alicdn.com\/kf\/S40fc54a38afe448db36da05908967f4ay.jpg\" style=\"width: 100%; height: auto; vertical-align: middle;\" width=\"1000\"><img loading=\"lazy\" decoding=\"async\" height=\"1000\" referrerpolicy=\"no-referrer\" src=\"https:\/\/ae01.alicdn.com\/kf\/Sb1564486067942fbb7c0cb76d1c5bec7a.jpg\" style=\"width: 100%; height: auto; vertical-align: middle;\" width=\"1000\"><img loading=\"lazy\" decoding=\"async\" height=\"1000\" referrerpolicy=\"no-referrer\" src=\"https:\/\/ae01.alicdn.com\/kf\/S13f9643d37524d8597b1a08fca750c54e.jpg\" style=\"width: 100%; height: auto; vertical-align: middle;\" width=\"1000\"><img loading=\"lazy\" decoding=\"async\" height=\"1000\" referrerpolicy=\"no-referrer\" src=\"https:\/\/ae01.alicdn.com\/kf\/S4a735b32a23749ee9ec1305516f08915I.jpg\" style=\"width: 100%; height: auto; vertical-align: middle;\" width=\"1000\"><img loading=\"lazy\" decoding=\"async\" height=\"1000\" referrerpolicy=\"no-referrer\" src=\"https:\/\/ae01.alicdn.com\/kf\/Sd6a7eaf9ca264368bcd0d53d3117f931F.jpg\" style=\"width: 100%; height: auto; vertical-align: middle;\" width=\"1000\"><img loading=\"lazy\" decoding=\"async\" height=\"1000\" referrerpolicy=\"no-referrer\" src=\"https:\/\/ae01.alicdn.com\/kf\/Se41027738ecc4f1c8352c36e6da525940.jpg\" style=\"width: 100%; height: auto; vertical-align: middle;\" width=\"1000\"><img loading=\"lazy\" decoding=\"async\" height=\"1000\" referrerpolicy=\"no-referrer\" src=\"https:\/\/ae01.alicdn.com\/kf\/S0221f3593c3f4ad4916e99e02182e8b8e.jpg\" style=\"width: 100%; height: auto; vertical-align: middle;\" width=\"1000\"><img loading=\"lazy\" decoding=\"async\" height=\"1000\" referrerpolicy=\"no-referrer\" src=\"https:\/\/ae01.alicdn.com\/kf\/Scf8f9ea17a284df5a1e180603fd7337bh.jpg\" style=\"width: 100%; height: auto; vertical-align: middle;\" width=\"1000\"><img loading=\"lazy\" decoding=\"async\" height=\"1000\" referrerpolicy=\"no-referrer\" src=\"https:\/\/ae01.alicdn.com\/kf\/Sc23d822cf837475c93208c8d5a3bf8c7N.jpg\" style=\"width: 100%; height: auto; vertical-align: middle;\" width=\"1000\"><img loading=\"lazy\" decoding=\"async\" height=\"1000\" referrerpolicy=\"no-referrer\" src=\"https:\/\/ae01.alicdn.com\/kf\/Sd42558d4bf844282becdb25c00d53620a.jpg\" style=\"width: 100%; height: auto; vertical-align: middle;\" width=\"1000\"><img loading=\"lazy\" decoding=\"async\" height=\"1000\" referrerpolicy=\"no-referrer\" src=\"https:\/\/ae01.alicdn.com\/kf\/Sa1c91d12a6cd442bb27532d300ec322e7.jpg\" style=\"width: 100%; height: auto; vertical-align: middle;\" width=\"1000\"><img loading=\"lazy\" decoding=\"async\" height=\"1000\" referrerpolicy=\"no-referrer\" src=\"https:\/\/ae01.alicdn.com\/kf\/Sf1bd0f1069b3461a9cfa5fc74c72aa73L.jpg\" style=\"width: 100%; height: auto; vertical-align: middle;\" width=\"1000\"><\/div>\n<\/div>","protected":false},"excerpt":{"rendered":"<p>Nominal Capacity:&nbsp;320AH Weight:&nbsp;About 5.5KG Size:&nbsp;174*72*207mm Application:&nbsp;EV,RV,Marine Boat,Trolling Motor,Home Energy,Solar Power Storage,Off-Grid Solar Power System,Others Model Number:&nbsp;3.2V Liferpo4 Battery Type:&nbsp;LiFePO4 Brand Name:&nbsp;Likctt Origin:&nbsp;Mainland China Note: This battery has two styles, we<\/p>","protected":false},"featured_media":7526,"comment_status":"open","ping_status":"closed","template":"","meta":{"_acf_changed":false},"product_brand":[],"product_cat":[235],"product_tag":[243],"class_list":{"0":"post-7525","1":"product","2":"type-product","3":"status-publish","4":"has-post-thumbnail","6":"product_cat-lifepo4-battery-cells","7":"product_tag-usamr","9":"first","10":"instock","11":"shipping-taxable","12":"purchasable","13":"product-type-variable"},"acf":[],"_links":{"self":[{"href":"https:\/\/electricstore.eu\/et\/wp-json\/wp\/v2\/product\/7525","targetHints":{"allow":["GET"]}}],"collection":[{"href":"https:\/\/electricstore.eu\/et\/wp-json\/wp\/v2\/product"}],"about":[{"href":"https:\/\/electricstore.eu\/et\/wp-json\/wp\/v2\/types\/product"}],"replies":[{"embeddable":true,"href":"https:\/\/electricstore.eu\/et\/wp-json\/wp\/v2\/comments?post=7525"}],"wp:featuredmedia":[{"embeddable":true,"href":"https:\/\/electricstore.eu\/et\/wp-json\/wp\/v2\/media\/7526"}],"wp:attachment":[{"href":"https:\/\/electricstore.eu\/et\/wp-json\/wp\/v2\/media?parent=7525"}],"wp:term":[{"taxonomy":"product_brand","embeddable":true,"href":"https:\/\/electricstore.eu\/et\/wp-json\/wp\/v2\/product_brand?post=7525"},{"taxonomy":"product_cat","embeddable":true,"href":"https:\/\/electricstore.eu\/et\/wp-json\/wp\/v2\/product_cat?post=7525"},{"taxonomy":"product_tag","embeddable":true,"href":"https:\/\/electricstore.eu\/et\/wp-json\/wp\/v2\/product_tag?post=7525"}],"curies":[{"name":"wp","href":"https:\/\/api.w.org\/{rel}","templated":true}]}}