{"id":25747,"date":"2025-05-20T19:01:09","date_gmt":"2025-05-20T19:01:09","guid":{"rendered":"https:\/\/electricstore.eu\/p\/uncategorized\/isinwheel-gt2-electric-scooter-800w-motor-48v15ah-battery-40km-h-11-inch-off-road-tire-foldable-smart-app-adult-escooter-kick\/"},"modified":"2025-05-20T19:06:40","modified_gmt":"2025-05-20T19:06:40","slug":"isinwheel-gt2-electric-scooter-800w-motor-48v15ah-battery-40km-h-11-inch-off-road-tire-foldable-smart-app-adult-escooter-kick","status":"publish","type":"product","link":"https:\/\/electricstore.eu\/et\/p\/scooters\/isinwheel-gt2-electric-scooter-800w-motor-48v15ah-battery-40km-h-11-inch-off-road-tire-foldable-smart-app-adult-escooter-kick\/","title":{"rendered":"isinwheel GT2 elektrit\u00f5ukeratas 800W mootor 48V15Ah aku 40km\/h 11-tolline maastikurehv kokkupandav nutikas rakendus t\u00e4iskasvanutele m\u00f5eldud t\u00f5ukeratta l\u00f6\u00f6k"},"content":{"rendered":"<div class=\"product-specs-list-container\">\n<ul class=\"product-specs-list util-clearfix\">\n<li class=\"product-prop line-limit-length\"><span\n                                        class=\"property-title\">Rehvi suurus:&nbsp;<\/span><span\n                                        class=\"property-desc line-limit-length\">10 tolli<\/span>\n                            <\/li>\n<li class=\"product-prop line-limit-length\"><span\n                                        class=\"property-title\">Mudelinumber:&nbsp;<\/span><span\n                                        class=\"property-desc line-limit-length\">isinwheel GT2<\/span>\n                            <\/li>\n<li class=\"product-prop line-limit-length\"><span\n                                        class=\"property-title\">Kategooria:&nbsp;<\/span><span\n                                        class=\"property-desc line-limit-length\">Kaherattaline t\u00f5ukeratas<\/span>\n                            <\/li>\n<li class=\"product-prop line-limit-length\"><span\n                                        class=\"property-title\">Kohaldatavad inimesed:&nbsp;<\/span><span\n                                        class=\"property-desc line-limit-length\">Unisex<\/span>\n                            <\/li>\n<li class=\"product-prop line-limit-length\"><span\n                                        class=\"property-title\">Ulatus laadimise kohta:&nbsp;<\/span><span\n                                        class=\"property-desc line-limit-length\">60\u201380 km<\/span>\n                            <\/li>\n<li class=\"product-prop line-limit-length\"><span\n                                        class=\"property-title\">Laadimisaeg:&nbsp;<\/span><span\n                                        class=\"property-desc line-limit-length\">8\u201310 tundi<\/span>\n                            <\/li>\n<li class=\"product-prop line-limit-length\"><span\n                                        class=\"property-title\">Pinge:&nbsp;<\/span><span\n                                        class=\"property-desc line-limit-length\">48v<\/span>\n                            <\/li>\n<li class=\"product-prop line-limit-length\"><span\n                                        class=\"property-title\">Kokkupandud:&nbsp;<\/span><span\n                                        class=\"property-desc line-limit-length\">JAH<\/span>\n                            <\/li>\n<li class=\"product-prop line-limit-length\"><span\n                                        class=\"property-title\">P\u00e4ritolu:&nbsp;<\/span><span\n                                        class=\"property-desc line-limit-length\">Mandri-Hiina<\/span>\n                            <\/li>\n<li class=\"product-prop line-limit-length\"><span\n                                        class=\"property-title\">V\u00f5imsus (W):&nbsp;<\/span><span\n                                        class=\"property-desc line-limit-length\">501\u20131000 W<\/span>\n                            <\/li>\n<li class=\"product-prop line-limit-length\"><span\n                                        class=\"property-title\">Maksimaalne mootor:&nbsp;<\/span><span\n                                        class=\"property-desc line-limit-length\">8000W<\/span>\n                            <\/li>\n<li class=\"product-prop line-limit-length\"><span\n                                        class=\"property-title\">maksimaalne ulatus:&nbsp;<\/span><span\n                                        class=\"property-desc line-limit-length\">50KM<\/span>\n                            <\/li>\n<li class=\"product-prop line-limit-length\"><span\n                                        class=\"property-title\">maksimaalne kiirus:&nbsp;<\/span><span\n                                        class=\"property-desc line-limit-length\">40 km\/h<\/span>\n                            <\/li>\n<li class=\"product-prop line-limit-length\"><span\n                                        class=\"property-title\">Ronimisv\u00f5ime:&nbsp;<\/span><span\n                                        class=\"property-desc line-limit-length\">35\u00b0<\/span>\n                            <\/li>\n<li class=\"product-prop line-limit-length\"><span\n                                        class=\"property-title\">Kohaldatav maastik:&nbsp;<\/span><span\n                                        class=\"property-desc line-limit-length\">Maantee, linn, maastik<\/span>\n                            <\/li>\n<li class=\"product-prop line-limit-length\"><span\n                                        class=\"property-title\">Sertifikaat:&nbsp;<\/span><span\n                                        class=\"property-desc line-limit-length\"><\/span>\n                            <\/li>\n<\/ul><\/div>\n<h1 style=\"text-align:center\" align=\"center\"><strong>isinwheel GT2 elektrit\u00f5ukeratas 800W mootor 48V15Ah aku 40km\/h 11-tolline maastikurehv kokkupandav nutikas rakendus t\u00e4iskasvanutele m\u00f5eldud t\u00f5ukeratta l\u00f6\u00f6k<\/strong><\/h1>\n<p style=\"text-align:center\" align=\"center\"><strong><\/strong><img decoding=\"async\" src=\"https:\/\/ae01.alicdn.com\/kf\/S4bb2662b2f1d4c9e8a6f325fb0f0f46c7.jpg\" slate-data-type=\"image\"\/><strong><\/strong><img decoding=\"async\" src=\"https:\/\/ae01.alicdn.com\/kf\/Sa4f548d0f5424ff39267a45aefbd365aj.jpg\" slate-data-type=\"image\"\/><strong><\/strong><img decoding=\"async\" src=\"https:\/\/ae01.alicdn.com\/kf\/S08465b35205b41728bc5b50a4b4abdfaS.jpg\" slate-data-type=\"image\"\/><strong><\/strong><img decoding=\"async\" src=\"https:\/\/ae01.alicdn.com\/kf\/Sc45242d78d0a44ffafbe281a4413bc622.jpg\" slate-data-type=\"image\"\/><strong><\/strong><img decoding=\"async\" src=\"https:\/\/ae01.alicdn.com\/kf\/Se69751dbd3224702b0e929ac16acc8c6J.jpg\" slate-data-type=\"image\"\/><strong><\/strong><img decoding=\"async\" src=\"https:\/\/ae01.alicdn.com\/kf\/S8203b58eba344d2c902878a3711df23cC.jpg\" slate-data-type=\"image\"\/><strong><\/strong><img decoding=\"async\" src=\"https:\/\/ae01.alicdn.com\/kf\/S26e9e39e3c6a4f0383fc46e27f12e8f1o.jpg\" slate-data-type=\"image\"\/><strong><\/strong><img decoding=\"async\" src=\"https:\/\/ae01.alicdn.com\/kf\/S187fab9e2d244b34bc4655b89fada9d54.jpg\" slate-data-type=\"image\"\/><strong><\/strong><img decoding=\"async\" src=\"https:\/\/ae01.alicdn.com\/kf\/Sf17f2fcfd7c54ae48f5628beea321d5aX.jpg\" slate-data-type=\"image\"\/><strong><\/strong><img decoding=\"async\" src=\"https:\/\/ae01.alicdn.com\/kf\/S48c8c15d62d74224acc47a98cd64e200m.jpg\" slate-data-type=\"image\"\/><strong><\/strong><img decoding=\"async\" src=\"https:\/\/ae01.alicdn.com\/kf\/S58c7d9d893f8401fa103689c1ce6e851e.jpg\" slate-data-type=\"image\"\/><strong><\/strong><img decoding=\"async\" src=\"https:\/\/ae01.alicdn.com\/kf\/S774745442fba401993f9cbfae1a6426bs.jpg\" slate-data-type=\"image\"\/><strong><\/strong><img decoding=\"async\" src=\"https:\/\/ae01.alicdn.com\/kf\/S9d61246823904b53a9beeedf04615c89T.jpg\" slate-data-type=\"image\"\/><strong><\/strong><img decoding=\"async\" src=\"https:\/\/ae01.alicdn.com\/kf\/S17a2c0fa271041b4988c716dd1a824d2n.jpg\" slate-data-type=\"image\"\/><strong><\/strong><\/p>\n<p><\/p>","protected":false},"excerpt":{"rendered":"<p>Tire Size:&nbsp;10 inch Model Number:&nbsp;isinwheel GT2 Category:&nbsp;Two-wheel Scooter Applicable People:&nbsp;Unisex Range Per Charge:&nbsp;60-80km Charging Time:&nbsp;8-10h Voltage:&nbsp;48v Folded:&nbsp;YES Origin:&nbsp;Mainland China Power (W):&nbsp;501-1000w Max motor:&nbsp;8000W max range:&nbsp;50KM max speed:&nbsp;40KM\/H Climbing ability:&nbsp;35\u00b0 Applicable<\/p>","protected":false},"featured_media":25748,"comment_status":"open","ping_status":"closed","template":"","meta":{"_acf_changed":false},"product_brand":[],"product_cat":[297],"product_tag":[],"class_list":{"0":"post-25747","1":"product","2":"type-product","3":"status-publish","4":"has-post-thumbnail","6":"product_cat-scooters","8":"first","9":"instock","10":"shipping-taxable","11":"purchasable","12":"product-type-simple"},"acf":[],"_links":{"self":[{"href":"https:\/\/electricstore.eu\/et\/wp-json\/wp\/v2\/product\/25747","targetHints":{"allow":["GET"]}}],"collection":[{"href":"https:\/\/electricstore.eu\/et\/wp-json\/wp\/v2\/product"}],"about":[{"href":"https:\/\/electricstore.eu\/et\/wp-json\/wp\/v2\/types\/product"}],"replies":[{"embeddable":true,"href":"https:\/\/electricstore.eu\/et\/wp-json\/wp\/v2\/comments?post=25747"}],"wp:featuredmedia":[{"embeddable":true,"href":"https:\/\/electricstore.eu\/et\/wp-json\/wp\/v2\/media\/25748"}],"wp:attachment":[{"href":"https:\/\/electricstore.eu\/et\/wp-json\/wp\/v2\/media?parent=25747"}],"wp:term":[{"taxonomy":"product_brand","embeddable":true,"href":"https:\/\/electricstore.eu\/et\/wp-json\/wp\/v2\/product_brand?post=25747"},{"taxonomy":"product_cat","embeddable":true,"href":"https:\/\/electricstore.eu\/et\/wp-json\/wp\/v2\/product_cat?post=25747"},{"taxonomy":"product_tag","embeddable":true,"href":"https:\/\/electricstore.eu\/et\/wp-json\/wp\/v2\/product_tag?post=25747"}],"curies":[{"name":"wp","href":"https:\/\/api.w.org\/{rel}","templated":true}]}}