{"id":25696,"date":"2025-05-20T19:00:35","date_gmt":"2025-05-20T19:00:35","guid":{"rendered":"https:\/\/electricstore.eu\/p\/uncategorized\/q130-114-70km-h-4wd-rc-car-with-light-brushless-motor-remote-control-cars-high-speed-drift-monster-truck-toys-for-adults-kids\/"},"modified":"2025-05-20T19:05:50","modified_gmt":"2025-05-20T19:05:50","slug":"q130-114-70km-h-4wd-rc-car-with-light-brushless-motor-remote-control-cars-high-speed-drift-monster-truck-toys-for-adults-kids","status":"publish","type":"product","link":"https:\/\/electricstore.eu\/et\/p\/rc\/rc-cars\/q130-114-70km-h-4wd-rc-car-with-light-brushless-motor-remote-control-cars-high-speed-drift-monster-truck-toys-for-adults-kids\/","title":{"rendered":"Q130 1:14 70KM\/H 4WD RC auto kerge harjadeta mootoriga kaugjuhtimispuldiga autod kiire triiviga koletisveok m\u00e4nguasjad t\u00e4iskasvanutele ja lastele"},"content":{"rendered":"<div class=\"product-specs-list-container\">\n<ul class=\"product-specs-list util-clearfix\">\n<li class=\"product-prop line-limit-length\"><span\n                                        class=\"property-title\">Sertifikaadi number:&nbsp;<\/span><span\n                                        class=\"property-desc line-limit-length\">Nagu n\u00e4itama<\/span>\n                            <\/li>\n<li class=\"product-prop line-limit-length\"><span\n                                        class=\"property-title\">CE:&nbsp;<\/span><span\n                                        class=\"property-desc line-limit-length\">Tunnistus<\/span>\n                            <\/li>\n<li class=\"product-prop line-limit-length\"><span\n                                        class=\"property-title\">Kas elektriline:&nbsp;<\/span><span\n                                        class=\"property-desc line-limit-length\">liitiumaku<\/span>\n                            <\/li>\n<li class=\"product-prop line-limit-length\"><span\n                                        class=\"property-title\">Triipkood:&nbsp;<\/span><span\n                                        class=\"property-desc line-limit-length\">Ei<\/span>\n                            <\/li>\n<li class=\"product-prop line-limit-length\"><span\n                                        class=\"property-title\">Drosseli servo:&nbsp;<\/span><span\n                                        class=\"property-desc line-limit-length\">2847 harjadeta mootor \/ 390 s\u00fcsinikharjaga tugev magnetmootor<\/span>\n                            <\/li>\n<li class=\"product-prop line-limit-length\"><span\n                                        class=\"property-title\">Rooliv\u00f5imendi:&nbsp;<\/span><span\n                                        class=\"property-desc line-limit-length\">Harjadega: viiejuhtmeline 17G rooliv\u00f5imendi \/ harjadeta: kolmejuhtmeline 17G digitaalne<\/span>\n                            <\/li>\n<li class=\"product-prop line-limit-length\"><span\n                                        class=\"property-title\">V\u00f5imsus:&nbsp;<\/span><span\n                                        class=\"property-desc line-limit-length\">70 km\/h v\u00f5i 50 km\/h<\/span>\n                            <\/li>\n<li class=\"product-prop line-limit-length\"><span\n                                        class=\"property-title\">Assamblee osariik:&nbsp;<\/span><span\n                                        class=\"property-desc line-limit-length\">Valmis minema<\/span>\n                            <\/li>\n<li class=\"product-prop line-limit-length\"><span\n                                        class=\"property-title\">Lennuaeg:&nbsp;<\/span><span\n                                        class=\"property-desc line-limit-length\">15\u201318 minutit (pidev t\u00e4iskiirusel jooksmine)<\/span>\n                            <\/li>\n<li class=\"product-prop line-limit-length\"><span\n                                        class=\"property-title\">Rehvij\u00e4lg:&nbsp;<\/span><span\n                                        class=\"property-desc line-limit-length\">188 mm<\/span>\n                            <\/li>\n<li class=\"product-prop line-limit-length\"><span\n                                        class=\"property-title\">Teljevahe:&nbsp;<\/span><span\n                                        class=\"property-desc line-limit-length\">185 mm<\/span>\n                            <\/li>\n<li class=\"product-prop line-limit-length\"><span\n                                        class=\"property-title\">Hoiatus:&nbsp;<\/span><span\n                                        class=\"property-desc line-limit-length\">Eemal tule<\/span>\n                            <\/li>\n<li class=\"product-prop line-limit-length\"><span\n                                        class=\"property-title\">Kaugus:&nbsp;<\/span><span\n                                        class=\"property-desc line-limit-length\">120 meetrit<\/span>\n                            <\/li>\n<li class=\"product-prop line-limit-length\"><span\n                                        class=\"property-title\">Garantii:&nbsp;<\/span><span\n                                        class=\"property-desc line-limit-length\">Puudub<\/span>\n                            <\/li>\n<li class=\"product-prop line-limit-length\"><span\n                                        class=\"property-title\">Skaala:&nbsp;<\/span><span\n                                        class=\"property-desc line-limit-length\">1:14<\/span>\n                            <\/li>\n<li class=\"product-prop line-limit-length\"><span\n                                        class=\"property-title\">M\u00f5\u00f5tmed:&nbsp;<\/span><span\n                                        class=\"property-desc line-limit-length\">34,5 * 20,5 * 14,8 CM<\/span>\n                            <\/li>\n<li class=\"product-prop line-limit-length\"><span\n                                        class=\"property-title\">P\u00f6\u00f6rdemoment:&nbsp;<\/span><span\n                                        class=\"property-desc line-limit-length\">Nagu n\u00e4itama<\/span>\n                            <\/li>\n<li class=\"product-prop line-limit-length\"><span\n                                        class=\"property-title\">Mudelinumber:&nbsp;<\/span><span\n                                        class=\"property-desc line-limit-length\">S344<\/span>\n                            <\/li>\n<li class=\"product-prop line-limit-length\"><span\n                                        class=\"property-title\">Kujundus:&nbsp;<\/span><span\n                                        class=\"property-desc line-limit-length\">Krossiratas<\/span>\n                            <\/li>\n<li class=\"product-prop line-limit-length\"><span\n                                        class=\"property-title\">Pakett sisaldab:&nbsp;<\/span><span\n                                        class=\"property-desc line-limit-length\">Patareid, Kasutusjuhend, Pult, USB-kaabel<\/span>\n                            <\/li>\n<li class=\"product-prop line-limit-length\"><span\n                                        class=\"property-title\">Juhtimiskanalid:&nbsp;<\/span><span\n                                        class=\"property-desc line-limit-length\">4 kanalit<\/span>\n                            <\/li>\n<li class=\"product-prop line-limit-length\"><span\n                                        class=\"property-title\">Kontrolleri re\u017eiim:&nbsp;<\/span><span\n                                        class=\"property-desc line-limit-length\">RE\u017dIIM2<\/span>\n                            <\/li>\n<li class=\"product-prop line-limit-length\"><span\n                                        class=\"property-title\">Laadimispinge:&nbsp;<\/span><span\n                                        class=\"property-desc line-limit-length\">5V<\/span>\n                            <\/li>\n<li class=\"product-prop line-limit-length\"><span\n                                        class=\"property-title\">Kaugjuhtimispult:&nbsp;<\/span><span\n                                        class=\"property-desc line-limit-length\">Jah<\/span>\n                            <\/li>\n<li class=\"product-prop line-limit-length\"><span\n                                        class=\"property-title\">Materjal:&nbsp;<\/span><span\n                                        class=\"property-desc line-limit-length\">Metall, Plastik<\/span>\n                            <\/li>\n<li class=\"product-prop line-limit-length\"><span\n                                        class=\"property-title\">Br\u00e4ndi nimi:&nbsp;<\/span><span\n                                        class=\"property-desc line-limit-length\">WDSZKMYF<\/span>\n                            <\/li>\n<li class=\"product-prop line-limit-length\"><span\n                                        class=\"property-title\">Soovitatav vanus:&nbsp;<\/span><span\n                                        class=\"property-desc line-limit-length\">14+ a<\/span>\n                            <\/li>\n<li class=\"product-prop line-limit-length\"><span\n                                        class=\"property-title\">P\u00e4ritolu:&nbsp;<\/span><span\n                                        class=\"property-desc line-limit-length\">Mandri-Hiina<\/span>\n                            <\/li>\n<li class=\"product-prop line-limit-length\"><span\n                                        class=\"property-title\">T\u00fc\u00fcp:&nbsp;<\/span><span\n                                        class=\"property-desc line-limit-length\">Auto<\/span>\n                            <\/li>\n<li class=\"product-prop line-limit-length\"><span\n                                        class=\"property-title\">Omadused:&nbsp;<\/span><span\n                                        class=\"property-desc line-limit-length\">KAUGJUHTIMISPULT<\/span>\n                            <\/li>\n<\/ul><\/div>\n<div class=\"detailmodule_html\">\n<div class=\"detail-desc-decorate-richtext\">\n<p><\/p>\n<div>\u00a0<\/div>\n<p><span style=\"background-color:rgb(252, 220, 0);color:rgb(244, 78, 59);font-size:18px\"><strong>M\u00c4RKUS:<\/strong><\/span><\/p>\n<p><span style=\"color:rgb(244, 78, 59);font-size:18px\">1. See ei ole tavaline m\u00e4nguasja puldiga auto, kuna puldiga auto on liiga kiire, on soovitatav puldiga autot kasutada avatud aladel, et v\u00e4ltida takistustele otsas\u00f5itmist.<\/span><\/p>\n<p><span style=\"color:rgb(244, 78, 59);font-size:18px\">2. Jaem\u00fc\u00fcgipakend on valmistatud vahtkarpidest, mis aitavad v\u00e4hendada toote kahjustumist transportimise ajal. Originaalkarbid ei kuulu komplekti.<\/span><\/p>\n<p><\/p>\n<p><\/p>\n<p><strong><span style=\"font-size:18px\">Aku kasutamisel palun arvestage j\u00e4rgmisega: (m\u00fc\u00fcn eraldi akusid, vajadusel v\u00f5tke minuga \u00fchendust)<\/span><\/strong><\/p>\n<p><span style=\"font-size:18px\">1. Kui aku on t\u00fchi, tuleb see \u00f5igeaegselt laadida, et tagada aku \u00fclej\u00e4\u00e4k. Kui aku on t\u00e4iesti t\u00fchi, ei saa akut laadida.<\/span><\/p>\n<p><span style=\"font-size:18px\">2. Aku laadimisel \u00fchendage lahti \u00fchendus puldiga autoga. V\u00f5tke aku kindlasti eraldi laadimiseks v\u00e4lja.<\/span><\/p>\n<p><span style=\"font-size:18px\">3. Kui te ei kasuta puldiga autot, eemaldage aku puldiga auto juhtmest, \u00e4rge mingil juhul \u00fchendage seda ja laadige aku t\u00e4ielikult, vastasel juhul kahjustab see akut.<\/span><\/p>\n<p><\/p>\n<p><\/p>\n<p><strong><span style=\"font-size:18px\">1:14 70KM\/H 4WD RC auto LED-tuledega kaugjuhtimispuldiga autodele lastele m\u00f5eldud kiire triiviga koletisveok<\/span><\/strong><\/p>\n<p><\/p>\n<p><\/p>\n<p><span style=\"font-size:18px\">M\u00e4rkus: Palun eristage enne tellimuse esitamist mudel. Mudeli parameetrid on j\u00e4rgmised:<\/span><\/p>\n<p><\/p>\n<p><\/p>\n<p><span style=\"font-size:18px\">Toote konfiguratsioon: elektriline nelikveoline maastikus\u00f5iduk (UDR)<\/span><\/p>\n<p><span style=\"font-size:18px\">Toote materjal: riistvara; elektroonika; plastik<\/span><\/p>\n<p><span style=\"font-size:18px\">Toote suurus: 34,5 * 20,5 * 14,8 CM<\/span><\/p>\n<p><span style=\"font-size:18px\">V\u00e4rv: sinine\/punane (harjaga), oran\u017e (harjadeta)<\/span><\/p>\n<p><span style=\"font-size:18px\">Kere aku: harjadega: 7,4 V 1300 mAh 15C liitiumioonaku (T-pistik) Harjadeta: 7,4 V 1500 mAh 15C liitiumioonaku (T-pistik)<\/span><\/p>\n<p><span style=\"font-size:18px\">T\u00f6\u00f6aeg: 15\u201318 minutit (pidev t\u00e4iskiirusel t\u00f6\u00f6tamine)<\/span><\/p>\n<p><span style=\"font-size:18px\">Puldi patareid: 3 AA (ei kuulu komplekti)<\/span><\/p>\n<p><span style=\"font-size:18px\">Laadimisaeg: 3\u20133,5 tundi (USB-laadimine)<\/span><\/p>\n<p><span style=\"font-size:18px\">Sagedus: 2,4 GHz (toetab mitut autot samal v\u00e4ljakul)<\/span><\/p>\n<p><span style=\"font-size:18px\">Kaugjuhtimise kategooria: t\u00e4isskaala s\u00fcnkroonne juhtimiss\u00fcsteem (relvajuhtimine)<\/span><\/p>\n<p><span style=\"font-size:18px\">ESC\/vastuv\u00f5tja: 35A ESC\/vastuv\u00f5tja integreeritud juhtseade (pritsmekindel)<\/span><\/p>\n<p><span style=\"font-size:18px\">Kiirus: Harjadega: 50 km\/h (tippkiirus) Harjadeta: 70 km\/h<\/span><\/p>\n<p><span style=\"font-size:18px\">Valguskonfiguratsioon: LED-esituled, LED-kuplvalgustid, LED-tagakuplvalgustid<\/span><\/p>\n<p><span style=\"font-size:18px\">Puldi kaugus (m): \u2265120 m<\/span><\/p>\n<p><span style=\"font-size:18px\">Mootor: harjadega: RC390 kiire s\u00fcsinikhari, tugeva magnetiga (magnetiline kaitse + jahutusradiaator), harjadeta: 2847 harjadeta mootor (4000 kV v\u00e4\u00e4rtus)<\/span><\/p>\n<p><span style=\"font-size:18px\">Servo: harjatud: viiejuhtmeline 17G rooliservo, harjadeta: kolmejuhtmeline 17G digitaalne servo<\/span><\/p>\n<p><span style=\"font-size:18px\">Teljevahe parameetrid: teljevahe: 185 mm; teljevahe: 188 mm; ratta l\u00e4bim\u00f5\u00f5t: 85 mm<\/span><\/p>\n<p><span style=\"font-size:18px\">Diferentsiaalstruktuur: planetaar\u00fclekande diferentsiaal<\/span><\/p>\n<p><\/p>\n<p><span style=\"font-size:18px\">Kaitsefunktsioon: 1. laadimine; 2. kinnikiilumine; 3. k\u00f5rge temperatuur; 4. madal r\u00f5hk<\/span><\/p>\n<p><\/p>\n<p><\/p>\n<p><strong><span style=\"font-size:18px\">Funktsioon:<\/span><\/strong><\/p>\n<p><\/p>\n<p><span style=\"font-size:18px\">1. Simulatsioonistruktuuri disaini kasutamine koos reaalse autojuhtimise tundega, et saavutada t\u00e4ielik proportsionaalne astmevaba kiirus, kiire s\u00f5itmine, kiire kiirendus, aeglustus, pidurdamine, tagurdamine, vasakp\u00f6\u00f6re, paremp\u00f6\u00f6re.<\/span><\/p>\n<p><span style=\"font-size:18px\">2. Kohaldatavad kohad: tasane, liiv, muda, rohi.<\/span><\/p>\n<p><span style=\"font-size:18px\">3. Nelikvedu: ees ja taga p\u00fcstvedrustusega amortisatsioon, topelt\u00f5\u00f5tsharkidega s\u00f5ltumatu vedrustuss\u00fcsteem.<\/span><\/p>\n<p><span style=\"font-size:18px\">4. 2.4G t\u00e4isproportsionaalne s\u00fcnkroniseeritud kaugjuhtimiss\u00fcsteem. T\u00e4isproportsionaalne gaasi-\/roolis\u00fcsteem.<\/span><\/p>\n<p><span style=\"font-size:18px\">5. 2.4G pritsmekindel neljasuunaline 30A integreeritud ESC\/vastuv\u00f5tja.<\/span><\/p>\n<p><span style=\"font-size:18px\">6. Esiratta rist-kuulliigendiga veov\u00f5ll, tagaratta jagatud koeraluu-veov\u00f5ll.<\/span><\/p>\n<p><span style=\"font-size:18px\">7. Viiejuhtmeline 17G servo.<\/span><\/p>\n<p><span style=\"font-size:18px\">8. Super aku v\u00f5imsus: 7,4 V, 18650-1500\/1300 mAh liitiumioonaku (T-pistik), t\u00fchjenemiskiirus 10 \u00b0C.<\/span><\/p>\n<p><span style=\"font-size:18px\">9. Terve auto 16 kuullaagriga.<\/span><\/p>\n<p><span style=\"font-size:18px\">10. Metallist teine p\u00f5randaplaat, metallist esi- ja tagahoova kood, metallist keskmine veov\u00f5ll.<\/span><\/p>\n<p><span style=\"font-size:18px\">11. Kest v\u00f5tab vastu \u00fclitugeva plahvatuskindla PVC kesta.<\/span><\/p>\n<p><span style=\"font-size:18px\">12. Kere on varustatud LED-esitulede, LED-kuplivalgustuse ja LED-tagakuplivalgustusega (kolm re\u017eiimi: pidev tuli, aeglane vilkumine, kiire vilkumine).<\/span><\/p>\n<p><span style=\"font-size:18px\">13. Maastikurehvide simulatsioon, tugev haarduvus.<\/span><\/p>\n<p><\/p>\n<p><\/p>\n<p><span style=\"font-size:18px\">Lisatarvikud: 1) kogu auto; 2) pult; 3) hiina ja inglise keeles kirjutatud juhised; 4) liitiumaku; 5) USB tasakaalustuslaadija; 6) tagaosa; 7) esiklaasile kinnitatav rool; 8) amortisaatori reguleerimislukk; 9) metalltihvtid; 10) kuusnurkne h\u00fclss; 11) harjadeta versioon juhistest ja bro\u0161\u00fc\u00fcrist<\/span><\/p>\n<p><\/p>\n<p><\/p>\n<p><strong><span style=\"font-size:18px\">M\u00e4rkus:<\/span><\/strong><\/p>\n<p><span style=\"font-size:18px\">1: Laadimiskaitse: konstantse voolu ja pingega tasakaalustatud laadimine, kaitsefunktsioon aku \u00fclelaadimise ja \u00fclekoormuse eest.<\/span><\/p>\n<p><span style=\"font-size:18px\">2: Mootori kinnikiilumiskaitse: mootor lakkab t\u00f6\u00f6tamast \u00fclekoormuse korral<\/span><\/p>\n<p><span style=\"font-size:18px\">3: k\u00f5rge temperatuuri kaitse: kui t\u00f6\u00f6temperatuur on seatud v\u00e4\u00e4rtusest k\u00f5rgem, peatab ajami juhtimisahel t\u00f6\u00f6tamise ja j\u00e4tkab t\u00f6\u00f6d p\u00e4rast temperatuuri langemist ohutule v\u00e4\u00e4rtusele.<\/span><\/p>\n<p><span style=\"font-size:18px\">4: ESC madalpinge v\u00e4ljal\u00fclitusfunktsioon, aku alla 6,3\u20136,4 V, automaatne v\u00e4ljal\u00fclitus, et v\u00e4ltida aku kahjustamist \u00fclet\u00fchjenemise korral. <\/span><\/p>\n<p><img decoding=\"async\" src=\"https:\/\/ae01.alicdn.com\/kf\/Se567db099fec4a92bd20ebfba3621e3bl.jpg?width=1000&amp;height=563&amp;hash=1563\" slate-data-type=\"image\"\/><img decoding=\"async\" src=\"https:\/\/ae01.alicdn.com\/kf\/S53c3d7c524304dd79a1886aa2584f3efC.jpg?width=1920&amp;height=1080&amp;hash=3000\" slate-data-type=\"image\"\/><img decoding=\"async\" src=\"https:\/\/ae01.alicdn.com\/kf\/S9510f83b39cc44f0bbdf6cedf30b7c3c9.jpg?width=1000&amp;height=563&amp;hash=1563\" slate-data-type=\"image\"\/><img decoding=\"async\" src=\"https:\/\/ae01.alicdn.com\/kf\/S9ef33f0694c14d4a9f811426034ff526f.jpg?width=1000&amp;height=1441&amp;hash=2441\" slate-data-type=\"image\"\/><img decoding=\"async\" src=\"https:\/\/ae01.alicdn.com\/kf\/S61f050d298fe420195142a9333e3f435u.jpg?width=1000&amp;height=1400&amp;hash=2400\" slate-data-type=\"image\"\/><img decoding=\"async\" src=\"https:\/\/ae01.alicdn.com\/kf\/S3c618fa993be4c0fb97db5009d3fde1fN.jpg?width=1000&amp;height=1405&amp;hash=2405\" slate-data-type=\"image\"\/><img decoding=\"async\" src=\"https:\/\/ae01.alicdn.com\/kf\/S4c644255151e434392918fb12bcefd9f1.jpg?width=1000&amp;height=1399&amp;hash=2399\" slate-data-type=\"image\"\/><img decoding=\"async\" src=\"https:\/\/ae01.alicdn.com\/kf\/Sa9ab599225c14e41a1e95825a3ebbf8de.jpg?width=1000&amp;height=1397&amp;hash=2397\" slate-data-type=\"image\"\/><img decoding=\"async\" src=\"https:\/\/ae01.alicdn.com\/kf\/Secd4dda439db4628abbe77ce4db4a9ebN.jpg?width=1000&amp;height=1404&amp;hash=2404\" slate-data-type=\"image\"\/><img decoding=\"async\" src=\"https:\/\/ae01.alicdn.com\/kf\/S47a9cbcfd5e54669bda823cf0ac5a039V.jpg?width=1000&amp;height=1397&amp;hash=2397\" slate-data-type=\"image\"\/><img decoding=\"async\" src=\"https:\/\/ae01.alicdn.com\/kf\/Sa76f77c19e0b47f4af0c3be2e78d05bfL.jpg?width=1000&amp;height=1397&amp;hash=2397\" slate-data-type=\"image\"\/><img decoding=\"async\" src=\"https:\/\/ae01.alicdn.com\/kf\/S77000bbb2bf94ed59306cab7def97382g.jpg?width=1000&amp;height=1397&amp;hash=2397\" slate-data-type=\"image\"\/><img decoding=\"async\" src=\"https:\/\/ae01.alicdn.com\/kf\/Scf3666ab514040df8464cccd282a6da95.jpg?width=1000&amp;height=1385&amp;hash=2385\" slate-data-type=\"image\"\/><img decoding=\"async\" src=\"https:\/\/ae01.alicdn.com\/kf\/S9e2e5d55c3424102a3f6b3137de8a594M.jpg?width=1000&amp;height=1449&amp;hash=2449\" slate-data-type=\"image\"\/><img decoding=\"async\" src=\"https:\/\/ae01.alicdn.com\/kf\/S4dfcff3ac53e4d67a744f11cc0708bd8C.jpg?width=1000&amp;height=1761&amp;hash=2761\" slate-data-type=\"image\"\/><img decoding=\"async\" src=\"https:\/\/ae01.alicdn.com\/kf\/S19fc1169693c44a399265a91c9455a2dz.jpg?width=1000&amp;height=1928&amp;hash=2928\" slate-data-type=\"image\"\/><img decoding=\"async\" src=\"https:\/\/ae01.alicdn.com\/kf\/S0ba84fbb3176483396415be9ef4133b3N.jpg?width=1000&amp;height=1080&amp;hash=2080\" slate-data-type=\"image\"\/><img decoding=\"async\" src=\"https:\/\/ae01.alicdn.com\/kf\/S2b682f577c8b494c92ac54f1aec56d32z.jpg?width=1000&amp;height=1639&amp;hash=2639\" slate-data-type=\"image\"\/><img decoding=\"async\" src=\"https:\/\/ae01.alicdn.com\/kf\/S6be2c491d0754d85b25534db2dce6db5E.jpg?width=1000&amp;height=1820&amp;hash=2820\" slate-data-type=\"image\"\/><img decoding=\"async\" src=\"https:\/\/ae01.alicdn.com\/kf\/Saa56d418672947e2bcbafa0cfc1120a1A.jpg?width=1000&amp;height=2258&amp;hash=3258\" slate-data-type=\"image\"\/><img decoding=\"async\" src=\"https:\/\/ae01.alicdn.com\/kf\/S66c5f994236b46929dbcfd1289e1eb141.jpg?width=1000&amp;height=1963&amp;hash=2963\" slate-data-type=\"image\"\/><img decoding=\"async\" src=\"https:\/\/ae01.alicdn.com\/kf\/S9299c24b12654ad5b0a25aec88462a69Y.jpg?width=1000&amp;height=2037&amp;hash=3037\" slate-data-type=\"image\"\/><img decoding=\"async\" src=\"https:\/\/ae01.alicdn.com\/kf\/S8ac5907d9f30484da270822a42d2822cR.jpg?width=1000&amp;height=2072&amp;hash=3072\" slate-data-type=\"image\"\/><img decoding=\"async\" src=\"https:\/\/ae01.alicdn.com\/kf\/Sd5f7a02f4e14434ba3f7335c9a267524K.jpg?width=1000&amp;height=1456&amp;hash=2456\" slate-data-type=\"image\"\/><img decoding=\"async\" src=\"https:\/\/ae01.alicdn.com\/kf\/S81362050aba64a44953c2ec135c0f34bu.jpg?width=1000&amp;height=2296&amp;hash=3296\" slate-data-type=\"image\"\/><img decoding=\"async\" src=\"https:\/\/ae01.alicdn.com\/kf\/S7e943d06e7304a77a66facc4ee541992N.jpg?width=1000&amp;height=1632&amp;hash=2632\" slate-data-type=\"image\"\/><img decoding=\"async\" src=\"https:\/\/ae01.alicdn.com\/kf\/S2c1f060449dc44078676b395f1db3487a.jpg?width=1000&amp;height=1120&amp;hash=2120\" slate-data-type=\"image\"\/><img decoding=\"async\" src=\"https:\/\/ae01.alicdn.com\/kf\/S96c2af7ccf384397a23d085c99f9152b2.jpg?width=1000&amp;height=1099&amp;hash=2099\" slate-data-type=\"image\"\/><img decoding=\"async\" src=\"https:\/\/ae01.alicdn.com\/kf\/S1a23ecc43dfa45f2b167e0d57a62586e3.jpg?width=1000&amp;height=1163&amp;hash=2163\" slate-data-type=\"image\"\/><img decoding=\"async\" src=\"https:\/\/ae01.alicdn.com\/kf\/Sc407db5976c144ccb639172761b2b061O.jpg?width=1000&amp;height=1203&amp;hash=2203\" slate-data-type=\"image\"\/><img decoding=\"async\" src=\"https:\/\/ae01.alicdn.com\/kf\/Sf1a233edfa63481685584aae710cd82fd.jpg?width=1000&amp;height=1495&amp;hash=2495\" slate-data-type=\"image\"\/><\/p>\n<p><\/div>\n<\/div>\n<p><\/p>","protected":false},"excerpt":{"rendered":"<p>Certificate Number:&nbsp;As Show CE:&nbsp;Certificate Is Electric:&nbsp;lithium battery Barcode:&nbsp;No Throttle servo:&nbsp;2847 brushless motor\/390 carbon brush strong magnetic motor Steering servo:&nbsp;Brushed: five-wire 17G steering servo \/ Brushless: three-wire 17G digi Power:&nbsp;70KM\/H or<\/p>","protected":false},"featured_media":25697,"comment_status":"open","ping_status":"closed","template":"","meta":{"_acf_changed":false},"product_brand":[],"product_cat":[519],"product_tag":[],"class_list":{"0":"post-25696","1":"product","2":"type-product","3":"status-publish","4":"has-post-thumbnail","6":"product_cat-rc-cars","8":"first","9":"instock","10":"shipping-taxable","11":"purchasable","12":"product-type-variable"},"acf":[],"_links":{"self":[{"href":"https:\/\/electricstore.eu\/et\/wp-json\/wp\/v2\/product\/25696","targetHints":{"allow":["GET"]}}],"collection":[{"href":"https:\/\/electricstore.eu\/et\/wp-json\/wp\/v2\/product"}],"about":[{"href":"https:\/\/electricstore.eu\/et\/wp-json\/wp\/v2\/types\/product"}],"replies":[{"embeddable":true,"href":"https:\/\/electricstore.eu\/et\/wp-json\/wp\/v2\/comments?post=25696"}],"wp:featuredmedia":[{"embeddable":true,"href":"https:\/\/electricstore.eu\/et\/wp-json\/wp\/v2\/media\/25697"}],"wp:attachment":[{"href":"https:\/\/electricstore.eu\/et\/wp-json\/wp\/v2\/media?parent=25696"}],"wp:term":[{"taxonomy":"product_brand","embeddable":true,"href":"https:\/\/electricstore.eu\/et\/wp-json\/wp\/v2\/product_brand?post=25696"},{"taxonomy":"product_cat","embeddable":true,"href":"https:\/\/electricstore.eu\/et\/wp-json\/wp\/v2\/product_cat?post=25696"},{"taxonomy":"product_tag","embeddable":true,"href":"https:\/\/electricstore.eu\/et\/wp-json\/wp\/v2\/product_tag?post=25696"}],"curies":[{"name":"wp","href":"https:\/\/api.w.org\/{rel}","templated":true}]}}