{"id":25643,"date":"2025-05-20T19:00:23","date_gmt":"2025-05-20T19:00:23","guid":{"rendered":"https:\/\/electricstore.eu\/p\/uncategorized\/wltoys-16101-4wd-remote-control-car-with-led-off-road-4x4-rc-50km-h-high-speed-buggy-truck-super-desert-racing-toy-kids-adults\/"},"modified":"2025-05-20T19:05:28","modified_gmt":"2025-05-20T19:05:28","slug":"wltoys-16101-4wd-remote-control-car-with-led-off-road-4x4-rc-50km-h-high-speed-buggy-truck-super-desert-racing-toy-kids-adults","status":"publish","type":"product","link":"https:\/\/electricstore.eu\/et\/p\/rc\/rc-cars\/wltoys-16101-4wd-remote-control-car-with-led-off-road-4x4-rc-50km-h-high-speed-buggy-truck-super-desert-racing-toy-kids-adults\/","title":{"rendered":"WLtoys 16101 4WD kaugjuhtimisega auto LED-valgustusega maastikus\u00f5iduk 4\u00d74 RC 50KM\/H kiire bagi veoauto super k\u00f5rbe v\u00f5idus\u00f5idum\u00e4nguasi lastele t\u00e4iskasvanutele"},"content":{"rendered":"<div class=\"product-specs-list-container\">\n<ul class=\"product-specs-list util-clearfix\">\n<li class=\"product-prop line-limit-length\"><span\n                                        class=\"property-title\">K\u00f5rge riskiga kemikaal:&nbsp;<\/span><span\n                                        class=\"property-desc line-limit-length\">Puudub<\/span>\n                            <\/li>\n<li class=\"product-prop line-limit-length\"><span\n                                        class=\"property-title\">Sertifikaadi number:&nbsp;<\/span><span\n                                        class=\"property-desc line-limit-length\">Nagu n\u00e4itama<\/span>\n                            <\/li>\n<li class=\"product-prop line-limit-length\"><span\n                                        class=\"property-title\">CE:&nbsp;<\/span><span\n                                        class=\"property-desc line-limit-length\">Tunnistus<\/span>\n                            <\/li>\n<li class=\"product-prop line-limit-length\"><span\n                                        class=\"property-title\">Kas elektriline:&nbsp;<\/span><span\n                                        class=\"property-desc line-limit-length\">liitiumaku<\/span>\n                            <\/li>\n<li class=\"product-prop line-limit-length\"><span\n                                        class=\"property-title\">Triipkood:&nbsp;<\/span><span\n                                        class=\"property-desc line-limit-length\">Ei<\/span>\n                            <\/li>\n<li class=\"product-prop line-limit-length\"><span\n                                        class=\"property-title\">Drosseli servo:&nbsp;<\/span><span\n                                        class=\"property-desc line-limit-length\">Nagu n\u00e4itama<\/span>\n                            <\/li>\n<li class=\"product-prop line-limit-length\"><span\n                                        class=\"property-title\">Rooliv\u00f5imendi:&nbsp;<\/span><span\n                                        class=\"property-desc line-limit-length\">5 rida, 17 g<\/span>\n                            <\/li>\n<li class=\"product-prop line-limit-length\"><span\n                                        class=\"property-title\">V\u00f5imsus:&nbsp;<\/span><span\n                                        class=\"property-desc line-limit-length\">RC390 kiire mootor<\/span>\n                            <\/li>\n<li class=\"product-prop line-limit-length\"><span\n                                        class=\"property-title\">Assamblee osariik:&nbsp;<\/span><span\n                                        class=\"property-desc line-limit-length\">Valmis minema<\/span>\n                            <\/li>\n<li class=\"product-prop line-limit-length\"><span\n                                        class=\"property-title\">Lennuaeg:&nbsp;<\/span><span\n                                        class=\"property-desc line-limit-length\">15\u201318 minutit (pidev t\u00e4iskiirusel jooksmine)<\/span>\n                            <\/li>\n<li class=\"product-prop line-limit-length\"><span\n                                        class=\"property-title\">Rehvij\u00e4lg:&nbsp;<\/span><span\n                                        class=\"property-desc line-limit-length\">172 mm<\/span>\n                            <\/li>\n<li class=\"product-prop line-limit-length\"><span\n                                        class=\"property-title\">Teljevahe:&nbsp;<\/span><span\n                                        class=\"property-desc line-limit-length\">185 mm<\/span>\n                            <\/li>\n<li class=\"product-prop line-limit-length\"><span\n                                        class=\"property-title\">Hoiatus:&nbsp;<\/span><span\n                                        class=\"property-desc line-limit-length\">Puudub<\/span>\n                            <\/li>\n<li class=\"product-prop line-limit-length\"><span\n                                        class=\"property-title\">Kaugus:&nbsp;<\/span><span\n                                        class=\"property-desc line-limit-length\">80 meetrit<\/span>\n                            <\/li>\n<li class=\"product-prop line-limit-length\"><span\n                                        class=\"property-title\">Garantii:&nbsp;<\/span><span\n                                        class=\"property-desc line-limit-length\">Puudub<\/span>\n                            <\/li>\n<li class=\"product-prop line-limit-length\"><span\n                                        class=\"property-title\">Skaala:&nbsp;<\/span><span\n                                        class=\"property-desc line-limit-length\">1:16<\/span>\n                            <\/li>\n<li class=\"product-prop line-limit-length\"><span\n                                        class=\"property-title\">M\u00f5\u00f5tmed:&nbsp;<\/span><span\n                                        class=\"property-desc line-limit-length\">32 * 20,5 * 14 CM<\/span>\n                            <\/li>\n<li class=\"product-prop line-limit-length\"><span\n                                        class=\"property-title\">P\u00f6\u00f6rdemoment:&nbsp;<\/span><span\n                                        class=\"property-desc line-limit-length\">Nagu n\u00e4itama<\/span>\n                            <\/li>\n<li class=\"product-prop line-limit-length\"><span\n                                        class=\"property-title\">Mudelinumber:&nbsp;<\/span><span\n                                        class=\"property-desc line-limit-length\">S386<\/span>\n                            <\/li>\n<li class=\"product-prop line-limit-length\"><span\n                                        class=\"property-title\">Pakett sisaldab:&nbsp;<\/span><span\n                                        class=\"property-desc line-limit-length\">Patareid, Kasutusjuhend, Pult, USB-kaabel<\/span>\n                            <\/li>\n<li class=\"product-prop line-limit-length\"><span\n                                        class=\"property-title\">Juhtimiskanalid:&nbsp;<\/span><span\n                                        class=\"property-desc line-limit-length\">4 kanalit<\/span>\n                            <\/li>\n<li class=\"product-prop line-limit-length\"><span\n                                        class=\"property-title\">Kontrolleri re\u017eiim:&nbsp;<\/span><span\n                                        class=\"property-desc line-limit-length\">RE\u017dIIM2<\/span>\n                            <\/li>\n<li class=\"product-prop line-limit-length\"><span\n                                        class=\"property-title\">Laadimispinge:&nbsp;<\/span><span\n                                        class=\"property-desc line-limit-length\">5V<\/span>\n                            <\/li>\n<li class=\"product-prop line-limit-length\"><span\n                                        class=\"property-title\">Kaugjuhtimispult:&nbsp;<\/span><span\n                                        class=\"property-desc line-limit-length\">Jah<\/span>\n                            <\/li>\n<li class=\"product-prop line-limit-length\"><span\n                                        class=\"property-title\">Materjal:&nbsp;<\/span><span\n                                        class=\"property-desc line-limit-length\">Metall, Plastik<\/span>\n                            <\/li>\n<li class=\"product-prop line-limit-length\"><span\n                                        class=\"property-title\">Br\u00e4ndi nimi:&nbsp;<\/span><span\n                                        class=\"property-desc line-limit-length\">WDSZKMYF<\/span>\n                            <\/li>\n<li class=\"product-prop line-limit-length\"><span\n                                        class=\"property-title\">Soovitatav vanus:&nbsp;<\/span><span\n                                        class=\"property-desc line-limit-length\">14+ a<\/span>\n                            <\/li>\n<li class=\"product-prop line-limit-length\"><span\n                                        class=\"property-title\">P\u00e4ritolu:&nbsp;<\/span><span\n                                        class=\"property-desc line-limit-length\">Mandri-Hiina<\/span>\n                            <\/li>\n<li class=\"product-prop line-limit-length\"><span\n                                        class=\"property-title\">Kujundus:&nbsp;<\/span><span\n                                        class=\"property-desc line-limit-length\">Krossiratas<\/span>\n                            <\/li>\n<li class=\"product-prop line-limit-length\"><span\n                                        class=\"property-title\">T\u00fc\u00fcp:&nbsp;<\/span><span\n                                        class=\"property-desc line-limit-length\">Auto<\/span>\n                            <\/li>\n<li class=\"product-prop line-limit-length\"><span\n                                        class=\"property-title\">Omadused:&nbsp;<\/span><span\n                                        class=\"property-desc line-limit-length\">KAUGJUHTIMISPULT<\/span>\n                            <\/li>\n<\/ul><\/div>\n<div class=\"detailmodule_html\">\n<div class=\"detail-desc-decorate-richtext\">\n<div><span style=\"color:rgba(244,78,59,255)\"><strong>Kallis s\u00f5ber, sa saad valida \u00fche v\u00f5i kahe aku vahel<br \/><\/strong><\/span><\/div>\n<p><strong><span style=\"color:rgb(0, 0, 0)\">K\u00fcsimused ja vastused<\/span><\/strong><\/p>\n<p><span style=\"color:rgb(0, 0, 0)\">K1: Miks on puldiga auto rehvid paljad?<\/span><\/p>\n<p><span style=\"color:rgb(0, 0, 0)\">A: [Eriline disain] Varvaste haare on tugev ja ei kaldu kergesti k\u00f5rvale, mis aitab parandada kere stabiilsust ja rehvi haarduvust kurvides.<\/span><\/p>\n<p><span style=\"color:rgb(0, 0, 0)\">K2: Kuidas reguleerida puldiga auto rehvide kallet?<\/span><\/p>\n<p><span style=\"color:rgb(0, 0, 0)\">A: Seda saab reguleerida kaugjuhtimispuldi peenh\u00e4\u00e4lestamise ja drosseli peenh\u00e4\u00e4lestamise nuppude abil.<\/span><\/p>\n<p><span style=\"color:rgb(0, 0, 0)\">K3: Mida peaksin tegema, kui ma ei leia oma tarvikuid?<\/span><\/p>\n<p><span style=\"color:rgb(0, 0, 0)\">V: Palun kontrollige k\u00f5igepealt pakendit hoolikalt; kui te seda ei leia, palun aidake meil teha t\u00e4ielik lahtipakkimisvideo ja me kontrollime seda probleemi oma laos ning pakume vastava lahenduse.<\/span><\/p>\n<p><span style=\"color:rgb(0, 0, 0)\">K4: K: Mida peaksin tegema, kui mul on m\u00fc\u00fcgij\u00e4rgseid probleeme?<\/span><\/p>\n<p><span style=\"color:rgb(0, 0, 0)\">V: V\u00f5ite kindlad olla, et probleemide korral oleme alati teie teenistuses, et teie probleemi t\u00f5husamalt lahendada ja professionaalset abi pakkuda. Nad vastavad teie k\u00fcsimustele 24 tunni jooksul.<\/span><\/p>\n<p><span style=\"color:rgb(0, 0, 0)\">K5: Mida peaksin tegema, kui mu kaugjuhtimispulti ei saa puldiga \u00fchendada?<\/span><\/p>\n<p><span style=\"color:rgb(0, 0, 0)\">V: Palun veenduge, et aku on t\u00e4ielikult laetud. Seej\u00e4rel \u00fchendage m\u00e4nguauto ja kaugjuhtimispult k\u00e4sitsi. M\u00e4nguauto sobitamise kohta leiate lisateavet kasutusjuhendist. Probleemi anal\u00fc\u00fcsimiseks v\u00f5ite testida emaplaadi pinget.<\/span><\/p>\n<p><span style=\"color:rgb(0, 0, 0)\">K6: Mida peaksin tegema, kui m\u00e4nguauto saab p\u00f6\u00f6rata, aga ei saa edasi ega tagasi liikuda p\u00e4rast seda, kui puld on puldiga \u00fchendatud?<\/span><\/p>\n<p><span style=\"color:rgb(0, 0, 0)\">A: Palun kontrollige k\u00f5igepealt, kas aku on t\u00e4ielikult laetud, ja seej\u00e4rel testige emaplaadi ja mootori pinget, et saaksite anal\u00fc\u00fcsida, milles probleem seisneb.<\/span><\/p>\n<p><span style=\"background-color:rgb(252, 220, 0);color:rgb(244, 78, 59)\"><strong>M\u00c4RKUS:<\/strong><\/span><\/p>\n<p><span style=\"color:rgb(244, 78, 59)\">1. SCY-16106 ideaalne kiirus on 50 km\/h, kuid tegelikku kiirust m\u00f5jutavad ka muud tegurid, n\u00e4iteks asukoht. SCY-16106 tegelik kiirus on umbes 38 km\/h.<\/span><\/p>\n<p><span style=\"color:rgb(244, 78, 59)\">2. Jaem\u00fc\u00fcgipakend on valmistatud vahtkarpidest, mis aitavad v\u00e4hendada toote kahjustumist transportimise ajal. Originaalkarbid ei kuulu komplekti.<\/span><\/p>\n<p><strong>Aku kasutamisel palun arvestage j\u00e4rgmisega:<\/strong><\/p>\n<p>P\u00e4rast toote k\u00e4ttesaamist eemaldage aku ja laadige see ning seej\u00e4rel kasutage seda p\u00e4rast laadimist.<\/p>\n<p>1. Kui aku on t\u00fchi, tuleb see \u00f5igeaegselt laadida, et tagada aku \u00fclej\u00e4\u00e4k. Kui aku on t\u00e4iesti t\u00fchi, ei saa akut laadida.<\/p>\n<p>2. Aku laadimisel \u00fchendage lahti \u00fchendus puldiga autoga. V\u00f5tke aku kindlasti eraldi laadimiseks v\u00e4lja.<\/p>\n<p>3. Kui te ei kasuta puldiga autot, eemaldage aku puldiga auto juhtmest, \u00e4rge mingil juhul \u00fchendage seda ja laadige aku t\u00e4ielikult, vastasel juhul kahjustab see akut.<\/p>\n<p>4. Aku ostulink: https:\/\/www.aliexpress.us\/item\/3256805004857810.html?spm=5261.ProductManageOnline.0.0.65ca4edfQ08pDK&amp;gatewayAdapt=glo2usa4itemAdapt&amp;_randl_shipto=US<\/p>\n<p><strong>Soovitame: enne ostmist vaadata videot ja lugeda hoolikalt meie kirjeldust<\/strong><\/p>\n<p>Toote nimi: SCY-16106<\/p>\n<p>Suurus: 32 * 20,5 * 14 cm<\/p>\n<p>Maksimaalne kiirus: 50 km\/h<\/p>\n<p>Aku: 7,4 V 1300 mAh<\/p>\n<p>Ajamimootor: RC390 kiire s\u00fcsinikharjaga tugev magnetiline (magnetiline kaitse + jahutusradiaator) mootor<\/p>\n<p>T\u00f6\u00f6aeg: 15-18 minutit<\/p>\n<p><strong>Omadused<\/strong><\/p>\n<p>1. Simulatsioonistruktuuri disaini kasutamine koos reaalse autojuhtimise tundega, et saavutada t\u00e4isskaala astmevaba kiirus, kiire s\u00f5itmine, kiire kiirendus, aeglustus, pidurdamine, tagurdamine, vasakp\u00f6\u00f6re, paremp\u00f6\u00f6re.<\/p>\n<p>2. Kohaldatavad kohad: tasane maa, liiv, muda, rohi.<\/p>\n<p>3. Nelikvedu: ees ja taga p\u00fcstvedrustusega amortisatsioon, topelt\u00f5\u00f5tsharkidega s\u00f5ltumatu vedrustuss\u00fcsteem.<\/p>\n<p>4. 2.4G t\u00e4isproportsionaalne s\u00fcnkroniseeritud kaugjuhtimiss\u00fcsteem. T\u00e4isproportsionaalne gaasi-\/roolis\u00fcsteem.<\/p>\n<p>5. 2.4G pritsmekindel neljasuunaline 30A integreeritud ESC\/vastuv\u00f5tja.<\/p>\n<p>6. Esiratta rist-kuulliigendiga veov\u00f5ll, tagaratta jagatud koeraluu-veov\u00f5ll.<\/p>\n<p>7. Viiejuhtmeline 17G servo.<\/p>\n<p>8. Super aku v\u00f5imsus: 7,4 V, 18650\u20131300 mAh liitiumioonaku (T-pistik), t\u00fchjenemiskiirus 10 \u00b0C.<\/p>\n<p>9. 16 kuullaagrit kogu s\u00f5idukis.<\/p>\n<p>10. Metallist teise p\u00f5randaplaat, metallist esi- ja tagahoova kood, metallist keskmine veov\u00f5ll.<\/p>\n<p>Kest v\u00f5tab vastu \u00fclitugeva plahvatuskindla PVC-kesta + \u00fclitugeva veeremisvastase skeleti.<\/p>\n<p>11. Kere on varustatud LED-esitulede, LED-katuseesitulede ja LED-katusetagatuledega; (kolm re\u017eiimi: pidev tuli, aeglane vilkumine, kiire vilkumine)<\/p>\n<p>12. Maastikurehvide simulatsioon, tugev haarduvus.<\/p>\n<p><img decoding=\"async\" src=\"https:\/\/ae01.alicdn.com\/kf\/Sb380b75922034046853d0a7e094248631.jpg?width=1000&amp;height=1441&amp;hash=2441\" slate-data-type=\"image\"\/><img decoding=\"async\" src=\"https:\/\/ae01.alicdn.com\/kf\/S78e5fd6623c448abb866844b09f51dd8P.jpg?width=1000&amp;height=1400&amp;hash=2400\" slate-data-type=\"image\"\/><img decoding=\"async\" src=\"https:\/\/ae01.alicdn.com\/kf\/S74cf5551c3dd46c589b1000e469d8ef5L.jpg?width=1000&amp;height=1405&amp;hash=2405\" slate-data-type=\"image\"\/><img decoding=\"async\" src=\"https:\/\/ae01.alicdn.com\/kf\/Sfd93e3740d334489b426303a395c52fdF.jpg?width=1000&amp;height=1399&amp;hash=2399\" slate-data-type=\"image\"\/><img decoding=\"async\" src=\"https:\/\/ae01.alicdn.com\/kf\/S15141754318b454c8825f46c5c420e8eX.jpg?width=1000&amp;height=1397&amp;hash=2397\" slate-data-type=\"image\"\/><img decoding=\"async\" src=\"https:\/\/ae01.alicdn.com\/kf\/S8a29c57ba47f48119928241c8f39c157o.jpg?width=1000&amp;height=1404&amp;hash=2404\" slate-data-type=\"image\"\/><img decoding=\"async\" src=\"https:\/\/ae01.alicdn.com\/kf\/Sf773cc710b8048e7b73a0c365d81e1b9q.jpg?width=1000&amp;height=1397&amp;hash=2397\" slate-data-type=\"image\"\/><img decoding=\"async\" src=\"https:\/\/ae01.alicdn.com\/kf\/Sab54b4a3686744f384dac0714f51e72fp.jpg?width=1000&amp;height=1799&amp;hash=2799\" slate-data-type=\"image\"\/><img decoding=\"async\" src=\"https:\/\/ae01.alicdn.com\/kf\/Sf734bd064e4f49619411c9f6f2252e4aP.jpg?width=1000&amp;height=1944&amp;hash=2944\" slate-data-type=\"image\"\/><img decoding=\"async\" src=\"https:\/\/ae01.alicdn.com\/kf\/Sa384ea5a78c24d49988ad89359e9b23aT.jpg?width=1000&amp;height=1677&amp;hash=2677\" slate-data-type=\"image\"\/><img decoding=\"async\" src=\"https:\/\/ae01.alicdn.com\/kf\/S5852843b625748a3a014ae5d00f4cc382.jpg?width=1000&amp;height=1851&amp;hash=2851\" slate-data-type=\"image\"\/><img decoding=\"async\" src=\"https:\/\/ae01.alicdn.com\/kf\/Sd8fd64d2b79441c8b7e3c339ee2f311bk.jpg?width=1000&amp;height=2209&amp;hash=3209\" slate-data-type=\"image\"\/><img decoding=\"async\" src=\"https:\/\/ae01.alicdn.com\/kf\/S4f92581c5f844f238eaf4e54b6144661I.jpg?width=1000&amp;height=2011&amp;hash=3011\" slate-data-type=\"image\"\/><img decoding=\"async\" src=\"https:\/\/ae01.alicdn.com\/kf\/S71ffc064cc14406a985585e5361a096cF.jpg?width=1000&amp;height=2039&amp;hash=3039\" slate-data-type=\"image\"\/><img decoding=\"async\" src=\"https:\/\/ae01.alicdn.com\/kf\/S9af29e92d1594a22ac323d1aca4530298.jpg?width=1000&amp;height=1886&amp;hash=2886\" slate-data-type=\"image\"\/><img decoding=\"async\" src=\"https:\/\/ae01.alicdn.com\/kf\/S687e21b96c734a3fa6d1bdda5e1eac80p.jpg?width=1000&amp;height=1616&amp;hash=2616\" slate-data-type=\"image\"\/><img decoding=\"async\" src=\"https:\/\/ae01.alicdn.com\/kf\/S692b55ae25dd4471a1f128ff2de7a0c43.jpg?width=1000&amp;height=2206&amp;hash=3206\" slate-data-type=\"image\"\/><img decoding=\"async\" src=\"https:\/\/ae01.alicdn.com\/kf\/S8a740a41cc01481598e908eae186adbfl.jpg?width=1000&amp;height=1265&amp;hash=2265\" slate-data-type=\"image\"\/><img decoding=\"async\" src=\"https:\/\/ae01.alicdn.com\/kf\/Sdcc86a84a58743c99171b3abeabd13aam.jpg?width=1000&amp;height=1156&amp;hash=2156\" slate-data-type=\"image\"\/><img decoding=\"async\" src=\"https:\/\/ae01.alicdn.com\/kf\/Sf6f0ef33372b4f4896805a193b5b1c14Y.jpg?width=1000&amp;height=1097&amp;hash=2097\" slate-data-type=\"image\"\/><img decoding=\"async\" src=\"https:\/\/ae01.alicdn.com\/kf\/S86e992edd3a54719ac9b4d504e2eb39e9.jpg?width=1000&amp;height=1162&amp;hash=2162\" slate-data-type=\"image\"\/><img decoding=\"async\" src=\"https:\/\/ae01.alicdn.com\/kf\/S7d53844b6e82444faca8781650a8ff74F.jpg?width=1000&amp;height=1197&amp;hash=2197\" slate-data-type=\"image\"\/><img decoding=\"async\" src=\"https:\/\/ae01.alicdn.com\/kf\/S0cd8f57d7dd14de19cb293da8455b1c01.jpg?width=1000&amp;height=1500&amp;hash=2500\" slate-data-type=\"image\"\/><\/p>\n<div>\n<\/div>\n<div><\/div>\n<\/div>\n<\/div>\n<p><\/p>","protected":false},"excerpt":{"rendered":"<p>Hign-concerned Chemical:&nbsp;None Certificate Number:&nbsp;As Show CE:&nbsp;Certificate Is Electric:&nbsp;lithium battery Barcode:&nbsp;No Throttle servo:&nbsp;As Show Steering servo:&nbsp;5 lines,17g Power:&nbsp;RC390 high-speed motor State of Assembly:&nbsp;Ready-to-Go Flight Time:&nbsp;15-18 minutes (continuous full speed running) Tire<\/p>","protected":false},"featured_media":25644,"comment_status":"open","ping_status":"closed","template":"","meta":{"_acf_changed":false},"product_brand":[],"product_cat":[519],"product_tag":[],"class_list":{"0":"post-25643","1":"product","2":"type-product","3":"status-publish","4":"has-post-thumbnail","6":"product_cat-rc-cars","8":"first","9":"instock","10":"shipping-taxable","11":"purchasable","12":"product-type-variable"},"acf":[],"_links":{"self":[{"href":"https:\/\/electricstore.eu\/et\/wp-json\/wp\/v2\/product\/25643","targetHints":{"allow":["GET"]}}],"collection":[{"href":"https:\/\/electricstore.eu\/et\/wp-json\/wp\/v2\/product"}],"about":[{"href":"https:\/\/electricstore.eu\/et\/wp-json\/wp\/v2\/types\/product"}],"replies":[{"embeddable":true,"href":"https:\/\/electricstore.eu\/et\/wp-json\/wp\/v2\/comments?post=25643"}],"wp:featuredmedia":[{"embeddable":true,"href":"https:\/\/electricstore.eu\/et\/wp-json\/wp\/v2\/media\/25644"}],"wp:attachment":[{"href":"https:\/\/electricstore.eu\/et\/wp-json\/wp\/v2\/media?parent=25643"}],"wp:term":[{"taxonomy":"product_brand","embeddable":true,"href":"https:\/\/electricstore.eu\/et\/wp-json\/wp\/v2\/product_brand?post=25643"},{"taxonomy":"product_cat","embeddable":true,"href":"https:\/\/electricstore.eu\/et\/wp-json\/wp\/v2\/product_cat?post=25643"},{"taxonomy":"product_tag","embeddable":true,"href":"https:\/\/electricstore.eu\/et\/wp-json\/wp\/v2\/product_tag?post=25643"}],"curies":[{"name":"wp","href":"https:\/\/api.w.org\/{rel}","templated":true}]}}