{"id":25631,"date":"2025-05-20T19:00:19","date_gmt":"2025-05-20T19:00:19","guid":{"rendered":"https:\/\/electricstore.eu\/p\/uncategorized\/wltoys-116-scale-large-rc-car-50km-h-high-speed-4wd-children-toy-for-boys-remote-control-car-2-4g-off-road-monster-truck-rc-toy\/"},"modified":"2025-05-20T19:05:28","modified_gmt":"2025-05-20T19:05:28","slug":"wltoys-116-scale-large-rc-car-50km-h-high-speed-4wd-children-toy-for-boys-remote-control-car-2-4g-off-road-monster-truck-rc-toy","status":"publish","type":"product","link":"https:\/\/electricstore.eu\/et\/p\/rc\/rc-cars\/wltoys-116-scale-large-rc-car-50km-h-high-speed-4wd-children-toy-for-boys-remote-control-car-2-4g-off-road-monster-truck-rc-toy\/","title":{"rendered":"WLtoys 1:16 skaala suur RC auto 50km\/h kiire 4WD laste m\u00e4nguasi poistele puldiga auto 2.4G maastikul koletisveok RC m\u00e4nguasi"},"content":{"rendered":"<div class=\"product-specs-list-container\">\n<ul class=\"product-specs-list util-clearfix\">\n<li class=\"product-prop line-limit-length\"><span\n                                        class=\"property-title\">K\u00f5rge riskiga kemikaal:&nbsp;<\/span><span\n                                        class=\"property-desc line-limit-length\">Puudub<\/span>\n                            <\/li>\n<li class=\"product-prop line-limit-length\"><span\n                                        class=\"property-title\">Sertifikaadi number:&nbsp;<\/span><span\n                                        class=\"property-desc line-limit-length\">Nagu n\u00e4itama<\/span>\n                            <\/li>\n<li class=\"product-prop line-limit-length\"><span\n                                        class=\"property-title\">CE:&nbsp;<\/span><span\n                                        class=\"property-desc line-limit-length\">Tunnistus<\/span>\n                            <\/li>\n<li class=\"product-prop line-limit-length\"><span\n                                        class=\"property-title\">Kas elektriline:&nbsp;<\/span><span\n                                        class=\"property-desc line-limit-length\">liitiumaku<\/span>\n                            <\/li>\n<li class=\"product-prop line-limit-length\"><span\n                                        class=\"property-title\">Triipkood:&nbsp;<\/span><span\n                                        class=\"property-desc line-limit-length\">Ei<\/span>\n                            <\/li>\n<li class=\"product-prop line-limit-length\"><span\n                                        class=\"property-title\">Drosseli servo:&nbsp;<\/span><span\n                                        class=\"property-desc line-limit-length\">Nagu n\u00e4itama<\/span>\n                            <\/li>\n<li class=\"product-prop line-limit-length\"><span\n                                        class=\"property-title\">Rooliv\u00f5imendi:&nbsp;<\/span><span\n                                        class=\"property-desc line-limit-length\">Nagu n\u00e4itama<\/span>\n                            <\/li>\n<li class=\"product-prop line-limit-length\"><span\n                                        class=\"property-title\">V\u00f5imsus:&nbsp;<\/span><span\n                                        class=\"property-desc line-limit-length\">Nagu n\u00e4itama<\/span>\n                            <\/li>\n<li class=\"product-prop line-limit-length\"><span\n                                        class=\"property-title\">Assamblee osariik:&nbsp;<\/span><span\n                                        class=\"property-desc line-limit-length\">Valmis minema<\/span>\n                            <\/li>\n<li class=\"product-prop line-limit-length\"><span\n                                        class=\"property-title\">Lennuaeg:&nbsp;<\/span><span\n                                        class=\"property-desc line-limit-length\">20 minutit<\/span>\n                            <\/li>\n<li class=\"product-prop line-limit-length\"><span\n                                        class=\"property-title\">Rehvij\u00e4lg:&nbsp;<\/span><span\n                                        class=\"property-desc line-limit-length\">185 mm<\/span>\n                            <\/li>\n<li class=\"product-prop line-limit-length\"><span\n                                        class=\"property-title\">Teljevahe:&nbsp;<\/span><span\n                                        class=\"property-desc line-limit-length\">188 mm<\/span>\n                            <\/li>\n<li class=\"product-prop line-limit-length\"><span\n                                        class=\"property-title\">Hoiatus:&nbsp;<\/span><span\n                                        class=\"property-desc line-limit-length\">Tulest eemal<\/span>\n                            <\/li>\n<li class=\"product-prop line-limit-length\"><span\n                                        class=\"property-title\">Kaugus:&nbsp;<\/span><span\n                                        class=\"property-desc line-limit-length\">50 meetrit<\/span>\n                            <\/li>\n<li class=\"product-prop line-limit-length\"><span\n                                        class=\"property-title\">Garantii:&nbsp;<\/span><span\n                                        class=\"property-desc line-limit-length\">Nagu n\u00e4itama<\/span>\n                            <\/li>\n<li class=\"product-prop line-limit-length\"><span\n                                        class=\"property-title\">Skaala:&nbsp;<\/span><span\n                                        class=\"property-desc line-limit-length\">1:16<\/span>\n                            <\/li>\n<li class=\"product-prop line-limit-length\"><span\n                                        class=\"property-title\">M\u00f5\u00f5tmed:&nbsp;<\/span><span\n                                        class=\"property-desc line-limit-length\">30 * 23 * 11,5 cm<\/span>\n                            <\/li>\n<li class=\"product-prop line-limit-length\"><span\n                                        class=\"property-title\">P\u00f6\u00f6rdemoment:&nbsp;<\/span><span\n                                        class=\"property-desc line-limit-length\">Nagu n\u00e4itama<\/span>\n                            <\/li>\n<li class=\"product-prop line-limit-length\"><span\n                                        class=\"property-title\">Mudelinumber:&nbsp;<\/span><span\n                                        class=\"property-desc line-limit-length\">S140<\/span>\n                            <\/li>\n<li class=\"product-prop line-limit-length\"><span\n                                        class=\"property-title\">Pakett sisaldab:&nbsp;<\/span><span\n                                        class=\"property-desc line-limit-length\">Kaugjuhtimispult, USB-kaabel<\/span>\n                            <\/li>\n<li class=\"product-prop line-limit-length\"><span\n                                        class=\"property-title\">Juhtimiskanalid:&nbsp;<\/span><span\n                                        class=\"property-desc line-limit-length\">4 kanalit<\/span>\n                            <\/li>\n<li class=\"product-prop line-limit-length\"><span\n                                        class=\"property-title\">Kontrolleri re\u017eiim:&nbsp;<\/span><span\n                                        class=\"property-desc line-limit-length\">RE\u017dIIM1<\/span>\n                            <\/li>\n<li class=\"product-prop line-limit-length\"><span\n                                        class=\"property-title\">Laadimispinge:&nbsp;<\/span><span\n                                        class=\"property-desc line-limit-length\">5V<\/span>\n                            <\/li>\n<li class=\"product-prop line-limit-length\"><span\n                                        class=\"property-title\">Kaugjuhtimispult:&nbsp;<\/span><span\n                                        class=\"property-desc line-limit-length\">Jah<\/span>\n                            <\/li>\n<li class=\"product-prop line-limit-length\"><span\n                                        class=\"property-title\">Materjal:&nbsp;<\/span><span\n                                        class=\"property-desc line-limit-length\">Plastik, PVC<\/span>\n                            <\/li>\n<li class=\"product-prop line-limit-length\"><span\n                                        class=\"property-title\">Br\u00e4ndi nimi:&nbsp;<\/span><span\n                                        class=\"property-desc line-limit-length\">WDSZKMYF<\/span>\n                            <\/li>\n<li class=\"product-prop line-limit-length\"><span\n                                        class=\"property-title\">Soovitatav vanus:&nbsp;<\/span><span\n                                        class=\"property-desc line-limit-length\">14+ a<\/span>\n                            <\/li>\n<li class=\"product-prop line-limit-length\"><span\n                                        class=\"property-title\">P\u00e4ritolu:&nbsp;<\/span><span\n                                        class=\"property-desc line-limit-length\">Mandri-Hiina<\/span>\n                            <\/li>\n<li class=\"product-prop line-limit-length\"><span\n                                        class=\"property-title\">Kujundus:&nbsp;<\/span><span\n                                        class=\"property-desc line-limit-length\">Krossiratas<\/span>\n                            <\/li>\n<li class=\"product-prop line-limit-length\"><span\n                                        class=\"property-title\">T\u00fc\u00fcp:&nbsp;<\/span><span\n                                        class=\"property-desc line-limit-length\">Auto<\/span>\n                            <\/li>\n<li class=\"product-prop line-limit-length\"><span\n                                        class=\"property-title\">Omadused:&nbsp;<\/span><span\n                                        class=\"property-desc line-limit-length\">KAUGJUHTIMISPULT<\/span>\n                            <\/li>\n<\/ul><\/div>\n<div class=\"detailmodule_html\">\n<div class=\"detail-desc-decorate-richtext\">\n<div>Selle eseme kohta:<\/div>\n<div>\u3010\u00c4\u00e4rmuslik rehvik\u00f5rvetav tegevus\u3011: V\u00f5imsate sisseehitatud mootoritega on meie RC 4\u00d74 maastikus\u00f5idukid veekindlad ja t\u00e4ielikult kokkupandud ning kohe karbist v\u00f5ttes s\u00f5iduvalmis. Need saavutavad kiiruse kuni 50 km\/h, mis teeb auto teistest kiiremaks.<\/div>\n<p class=\"paragraph___1C-HL\">\u3010Simulatsioonistruktuuri disain\u3011: Simulatsioonistruktuuri disaini kasutamine koos reaalse autojuhtimise tundega, et saavutada t\u00e4ism\u00f5\u00f5duline astmevaba kiirus, kiire s\u00f5itmine, kiire kiirendus, aeglustus, pidurdamine, tagurdamine, vasakp\u00f6\u00f6re, paremp\u00f6\u00f6re.<\/p>\n<p class=\"paragraph___1C-HL\">\u30102,4 GHz kaugjuhtimispult\u3011: 2,4 GHz sagedusel on suurep\u00e4rane h\u00e4iretevastane v\u00f5ime ja see v\u00f5imaldab teil t\u00e4ielikult t\u00e4pset juhtimist. Kaugjuhtimispuldi ulatus on \u00fcle 80 m \/ 262 jala, mis teeb sellest suurep\u00e4rase maastikus\u00f5iduki nii sise- kui ka v\u00e4listingimustes kasutamiseks.<\/p>\n<p class=\"paragraph___1C-HL\">\u3010Kiire triiv\u3011: V\u00f5imsa RC390 mootoriga ja ainulaadse esi- ja tagak\u00e4igulise planetaarse diferentsiaaliga v\u00f5idus\u00f5iduauto m\u00e4nguasi suudab triivida ja saavutada kiiruse kuni 50 km\/h, pakkudes p\u00f5nevat triivikogemust.<\/p>\n<p class=\"paragraph___1C-HL\">\u3010Maastikuauto roomik\u3011: Nelikveos\u00fcsteem ja tugev haarduvus tagavad, et kaugjuhtimisega auto suudab ronida 45-kraadistele n\u00f5lvadele ja vallutada k\u00f5ik maastikud, nagu rohi, liiv, muda, kivid jne. See on suurep\u00e4rane kingitus teie lastele v\u00f5i s\u00f5pradele.<\/p>\n<p class=\"paragraph___1C-HL\">\u3010Kokkup\u00f5rkeabi\u3011: RC-auto on valmistatud \u00fclitugevast plahvatuskindlast PVC-kestast, millel on esi- ja tagavedrud ning 4 suuremat s\u00f5ltumatut amortisaatorit, millel on suurep\u00e4rane kokkup\u00f5rkeabi efekt ja mis suudab t\u00f5husalt kohaneda erinevate karmide ja suure vibratsiooniga stseenidega.<\/p>\n<p class=\"paragraph___1C-HL\">\u3010Laetavad suure mahutavusega 1300 mAh akud\u3011 Maastikuauto on varustatud 7,4 V 1300 mAh laetavate liitium-ioonpatareidega. See poistele ja t\u00e4iskasvanutele m\u00f5eldud kaugjuhtimisega auto t\u00f6\u00f6tab kuni 10\u201315 minutit, olenevalt kiirusre\u017eiimi seadistusest. Laiendage oma naudingut ja see on loodud k\u00f5rge RC-v\u00f5idus\u00f5iduv\u00f5imekuse saavutamiseks.<\/p>\n<p><span style=\"color:rgb(244, 78, 59)\">Aku kasutamisel palun arvestage j\u00e4rgmisega:<\/span><\/p>\n<p><span style=\"color:rgb(244, 78, 59)\">1. Kui aku on t\u00fchi, tuleb see \u00f5igeaegselt laadida, et tagada aku \u00fclej\u00e4\u00e4k. Kui aku on t\u00e4iesti t\u00fchi, ei saa akut laadida.<\/span><\/p>\n<p><span style=\"color:rgb(244, 78, 59)\">2. Aku laadimisel \u00fchendage lahti \u00fchendus puldiga autoga. V\u00f5tke aku kindlasti eraldi laadimiseks v\u00e4lja.<\/span><\/p>\n<p><span style=\"color:rgb(244, 78, 59)\">3. Kui te ei kasuta puldiga autot, eemaldage aku puldiga auto juhtmest, \u00e4rge mingil juhul \u00fchendage seda ja laadige aku t\u00e4ielikult, vastasel juhul kahjustab see akut.<\/span><\/p>\n<p class=\"paragraph___1C-HL\"><img decoding=\"async\" src=\"https:\/\/ae01.alicdn.com\/kf\/Sc7d8f1752eeb429cbcb49c0aea5bccc5O.jpg?width=1000&amp;height=1000&amp;hash=2000\" slate-data-type=\"image\"\/><img decoding=\"async\" src=\"https:\/\/ae01.alicdn.com\/kf\/S0538d3087c1c46d98d8ea6d73921502df.jpg?width=1000&amp;height=500&amp;hash=1500\" slate-data-type=\"image\"\/><img decoding=\"async\" src=\"https:\/\/ae01.alicdn.com\/kf\/Sa38b7df136814a38aa944342d3e82ebcb.jpg?width=1000&amp;height=1000&amp;hash=2000\" slate-data-type=\"image\"\/><img decoding=\"async\" src=\"https:\/\/ae01.alicdn.com\/kf\/S0a7289c8211d4a129312975daca49c5eK.jpg?width=1000&amp;height=1000&amp;hash=2000\" slate-data-type=\"image\"\/><img decoding=\"async\" src=\"https:\/\/ae01.alicdn.com\/kf\/S178b80007ce24fc8bc570c945a26b53by.jpg?width=1000&amp;height=1000&amp;hash=2000\" slate-data-type=\"image\"\/><img decoding=\"async\" src=\"https:\/\/ae01.alicdn.com\/kf\/S702086c0a0674b44868383d9048b2437T.jpg?width=1000&amp;height=1000&amp;hash=2000\" slate-data-type=\"image\"\/><img decoding=\"async\" src=\"https:\/\/ae01.alicdn.com\/kf\/S2859ddd4afcc4cacb58ba7b460b7b0cf0.jpg?width=1000&amp;height=1000&amp;hash=2000\" slate-data-type=\"image\"\/><img decoding=\"async\" src=\"https:\/\/ae01.alicdn.com\/kf\/Sa2fe2065268c4296a88f554e0853f64dJ.jpg?width=1000&amp;height=1000&amp;hash=2000\" slate-data-type=\"image\"\/><img decoding=\"async\" src=\"https:\/\/ae01.alicdn.com\/kf\/S6c861508a6bf463fab7480a07df383e8t.jpg?width=1000&amp;height=1000&amp;hash=2000\" slate-data-type=\"image\"\/><img decoding=\"async\" src=\"https:\/\/ae01.alicdn.com\/kf\/S1d5616a1786f41898797dc1b9593c1ea9.jpg?width=1000&amp;height=1000&amp;hash=2000\" slate-data-type=\"image\"\/><img decoding=\"async\" src=\"https:\/\/ae01.alicdn.com\/kf\/Sd8b948712cbd4c119217cfee121ec4daN.jpg?width=1000&amp;height=1000&amp;hash=2000\" slate-data-type=\"image\"\/><img decoding=\"async\" src=\"https:\/\/ae01.alicdn.com\/kf\/Sb46b5b3b77ab4516863741f1a7f0c9bdc.jpg?width=1000&amp;height=1000&amp;hash=2000\" slate-data-type=\"image\"\/><img decoding=\"async\" src=\"https:\/\/ae01.alicdn.com\/kf\/S7d3b899c240d4f79bd3deea2cbfaa03dh.jpg?width=1000&amp;height=1000&amp;hash=2000\" slate-data-type=\"image\"\/><img decoding=\"async\" src=\"https:\/\/ae01.alicdn.com\/kf\/Sed481e62dcd641959690a6be31d77e661.jpg?width=1000&amp;height=1000&amp;hash=2000\" slate-data-type=\"image\"\/><img decoding=\"async\" src=\"https:\/\/ae01.alicdn.com\/kf\/S34f8680be4ab48efa3b34f7e2f0acfbdh.jpg?width=1000&amp;height=1000&amp;hash=2000\" slate-data-type=\"image\"\/><img decoding=\"async\" src=\"https:\/\/ae01.alicdn.com\/kf\/Sd94f8033ef494b0b999bd1dc5b60829es.jpg?width=1000&amp;height=1000&amp;hash=2000\" slate-data-type=\"image\"\/><\/p>\n<div>\n<\/div>\n<div><\/div>\n<\/div>\n<\/div>\n<p><\/p>","protected":false},"excerpt":{"rendered":"<p>Hign-concerned Chemical:&nbsp;None Certificate Number:&nbsp;As Show CE:&nbsp;Certificate Is Electric:&nbsp;lithium battery Barcode:&nbsp;No Throttle servo:&nbsp;As Show Steering servo:&nbsp;As Show Power:&nbsp;As Show State of Assembly:&nbsp;Ready-to-Go Flight Time:&nbsp;20min Tire Track:&nbsp;185mm Wheelbase:&nbsp;188mm Warning:&nbsp;Away from fire Remote<\/p>","protected":false},"featured_media":25632,"comment_status":"open","ping_status":"closed","template":"","meta":{"_acf_changed":false},"product_brand":[],"product_cat":[519],"product_tag":[],"class_list":{"0":"post-25631","1":"product","2":"type-product","3":"status-publish","4":"has-post-thumbnail","6":"product_cat-rc-cars","8":"first","9":"instock","10":"shipping-taxable","11":"purchasable","12":"product-type-variable"},"acf":[],"_links":{"self":[{"href":"https:\/\/electricstore.eu\/et\/wp-json\/wp\/v2\/product\/25631","targetHints":{"allow":["GET"]}}],"collection":[{"href":"https:\/\/electricstore.eu\/et\/wp-json\/wp\/v2\/product"}],"about":[{"href":"https:\/\/electricstore.eu\/et\/wp-json\/wp\/v2\/types\/product"}],"replies":[{"embeddable":true,"href":"https:\/\/electricstore.eu\/et\/wp-json\/wp\/v2\/comments?post=25631"}],"wp:featuredmedia":[{"embeddable":true,"href":"https:\/\/electricstore.eu\/et\/wp-json\/wp\/v2\/media\/25632"}],"wp:attachment":[{"href":"https:\/\/electricstore.eu\/et\/wp-json\/wp\/v2\/media?parent=25631"}],"wp:term":[{"taxonomy":"product_brand","embeddable":true,"href":"https:\/\/electricstore.eu\/et\/wp-json\/wp\/v2\/product_brand?post=25631"},{"taxonomy":"product_cat","embeddable":true,"href":"https:\/\/electricstore.eu\/et\/wp-json\/wp\/v2\/product_cat?post=25631"},{"taxonomy":"product_tag","embeddable":true,"href":"https:\/\/electricstore.eu\/et\/wp-json\/wp\/v2\/product_tag?post=25631"}],"curies":[{"name":"wp","href":"https:\/\/api.w.org\/{rel}","templated":true}]}}