{"id":25391,"date":"2025-05-20T18:59:01","date_gmt":"2025-05-20T18:59:01","guid":{"rendered":"https:\/\/electricstore.eu\/p\/uncategorized\/vevor-500lbs-beach-fishing-cart-marine-cart-with-four-13-big-wheels-6-rod-holders-aluminum-pier-wagon-trolley-for-sand-picnic\/"},"modified":"2025-05-20T19:00:58","modified_gmt":"2025-05-20T19:00:58","slug":"vevor-500lbs-beach-fishing-cart-marine-cart-with-four-13-big-wheels-6-rod-holders-aluminum-pier-wagon-trolley-for-sand-picnic","status":"publish","type":"product","link":"https:\/\/electricstore.eu\/et\/p\/o\/bike-trailers-and-wagons\/vevor-500lbs-beach-fishing-cart-marine-cart-with-four-13-big-wheels-6-rod-holders-aluminum-pier-wagon-trolley-for-sand-picnic\/","title":{"rendered":"VEVOR 500 naela kaaluv rannakalastusk\u00e4ru, merek\u00e4ru nelja 13-tollise suure rattaga, 6 ridvahoidjaga, alumiiniumist kai\u00e4\u00e4rega k\u00e4ru liivapiknikuks"},"content":{"rendered":"<div class=\"product-specs-list-container\">\n<ul class=\"product-specs-list util-clearfix\">\n<li class=\"product-prop line-limit-length\"><span\n                                        class=\"property-title\">K\u00f5rge riskiga kemikaal:&nbsp;<\/span><span\n                                        class=\"property-desc line-limit-length\">Puudub<\/span>\n                            <\/li>\n<li class=\"product-prop line-limit-length\"><span\n                                        class=\"property-title\">P\u00e4ritolu:&nbsp;<\/span><span\n                                        class=\"property-desc line-limit-length\">Mandri-Hiina<\/span>\n                            <\/li>\n<li class=\"product-prop line-limit-length\"><span\n                                        class=\"property-title\">Mudelinumber:&nbsp;<\/span><span\n                                        class=\"property-desc line-limit-length\">YK-500<\/span>\n                            <\/li>\n<li class=\"product-prop line-limit-length\"><span\n                                        class=\"property-title\">Kandev\u00f5ime:&nbsp;<\/span><span\n                                        class=\"property-desc line-limit-length\">500 lbs\/226.79 kg<\/span>\n                            <\/li>\n<li class=\"product-prop line-limit-length\"><span\n                                        class=\"property-title\">Br\u00e4ndi nimi:&nbsp;<\/span><span\n                                        class=\"property-desc line-limit-length\">VEVOR<\/span>\n                            <\/li>\n<li class=\"product-prop line-limit-length\"><span\n                                        class=\"property-title\">Br\u00e4nd:&nbsp;<\/span><span\n                                        class=\"property-desc line-limit-length\">VEVOR<\/span>\n                            <\/li>\n<li class=\"product-prop line-limit-length\"><span\n                                        class=\"property-title\">Toote kaal:&nbsp;<\/span><span\n                                        class=\"property-desc line-limit-length\">44.53 lbs\/20.2 kg<\/span>\n                            <\/li>\n<li class=\"product-prop line-limit-length\"><span\n                                        class=\"property-title\">Maksimaalne kandev\u00f5ime:&nbsp;<\/span><span\n                                        class=\"property-desc line-limit-length\">500 lbs\/226.79 kg<\/span>\n                            <\/li>\n<li class=\"product-prop line-limit-length\"><span\n                                        class=\"property-title\">Ratta suurus:&nbsp;<\/span><span\n                                        class=\"property-desc line-limit-length\">12 in\/305 mm (13 in\/330 mm after inflation)<\/span>\n                            <\/li>\n<li class=\"product-prop line-limit-length\"><span\n                                        class=\"property-title\">Inner Frame Size:&nbsp;<\/span><span\n                                        class=\"property-desc line-limit-length\">45.9 x 27 x 7.9 in\/1165 x 685 x 200 mm<\/span>\n                            <\/li>\n<li class=\"product-prop line-limit-length\"><span\n                                        class=\"property-title\">Toote suurus:&nbsp;<\/span><span\n                                        class=\"property-desc line-limit-length\">53.14 x 31.1 x 38.58 in\/1350 x 790 x 980 mm<\/span>\n                            <\/li>\n<li class=\"product-prop line-limit-length\"><span\n                                        class=\"property-title\">T\u00fc\u00fcp:&nbsp;<\/span><span\n                                        class=\"property-desc line-limit-length\">Rannap\u00fc\u00fcgik\u00e4ru<\/span>\n                            <\/li>\n<\/ul><\/div>\n<div class=\"detailmodule_dynamic\"><kse:widget data-widget-type=\"customText\" id=\"1005000000821364\" type=\"relation\"><\/kse:widget><\/div>\n<div class=\"detailmodule_html\">\n<div class=\"detail-desc-decorate-richtext\">\n<div style=\"font-family:&quot;Open sans&quot;, Arial, Helvetica, sans-serif\">\n<div><img decoding=\"async\" style=\"width:100%\" width=\"100%\" src=\"https:\/\/d2qc09rl1gfuof.cloudfront.net\/vevor\/boutique-banner\/pc\/banner-en.jpg\" slate-data-type=\"image\"\/><\/div>\n<div>\n<div style=\"font-size:16px;font-weight:bold;text-align:center;color:rgb(34, 34, 34);margin:24px 0px;margin-bottom:24px;margin-top:24px;margin-left:0px;margin-right:0px\" align=\"center\">VEVOR rannakalastusk\u00e4ru: sinu usaldusv\u00e4\u00e4rne kaaslane \u00f5ues<\/div>\n<div><img decoding=\"async\" style=\"width:100%\" width=\"100%\" src=\"https:\/\/d2qc09rl1gfuof.cloudfront.net\/product\/SLKYJCBKZD00X0T74\/fishing-cart-a100-1.4.jpg\" slate-data-type=\"image\"\/><\/div>\n<div style=\"font-size:14px;text-align:center;color:rgb(34, 34, 34);margin:16px 0px 24px;margin-bottom:24px;margin-top:16px;margin-left:0px;margin-right:0px\" align=\"center\">Picture this: a fishing cart with a solid aluminum frame, rolling smoothly on 13-inch PU inflatable wheels. Sized at 45.9 x 27 x 7.9 inches and ready to carry up to 500 lbs with 6 rod holders, it&#x27;s your perfect partner for fishing adventures.<\/div>\n<\/div>\n<div>\n<div style=\"margin:8px 0px;margin-bottom:8px;margin-top:8px;margin-left:0px;margin-right:0px\"><img decoding=\"async\" style=\"width:100%\" width=\"100%\" src=\"https:\/\/d2qc09rl1gfuof.cloudfront.net\/product\/SLKYJCBKZD00X0T74\/fishing-cart-a100-2.2.jpg\" slate-data-type=\"image\"\/><\/div>\n<div style=\"font-size:14px;text-align:center;color:rgb(34, 34, 34);margin:16px 0px 24px;margin-bottom:24px;margin-top:16px;margin-left:0px;margin-right:0px\" align=\"center\">Meie rannakalastusk\u00e4ru uhkeldab ratastega, mis armastavad v\u00e4ljakutseid \u2013 olgu selleks liivarand, kivised rajad v\u00f5i rohumaad, need muudavad iga teekonna sujuvaks ja pingutuseta.<\/div>\n<\/div>\n<div>\n<div style=\"margin:8px 0px;margin-bottom:8px;margin-top:8px;margin-left:0px;margin-right:0px\"><img decoding=\"async\" style=\"width:100%\" width=\"100%\" src=\"https:\/\/d2qc09rl1gfuof.cloudfront.net\/product\/SLKYJCBKZD00X0T74\/fishing-cart-a100-2.3.jpg\" slate-data-type=\"image\"\/><\/div>\n<div style=\"font-size:14px;text-align:center;color:rgb(34, 34, 34);margin:16px 0px 24px;margin-bottom:24px;margin-top:16px;margin-left:0px;margin-right:0px\" align=\"center\">Oleme uuendanud poldid roostevabast terasest, mis on vastupidavad l\u00f5dvenemisele, roostele ja kulumisele, tagades vastupidava ja t\u00f6\u00f6kindla kalap\u00fc\u00fcgik\u00e4ru, mis p\u00fcsib vormis ka pikaajalisel kasutamisel.<\/div>\n<\/div>\n<div>\n<div style=\"margin:8px 0px;margin-bottom:8px;margin-top:8px;margin-left:0px;margin-right:0px\"><img decoding=\"async\" style=\"width:100%\" width=\"100%\" src=\"https:\/\/d2qc09rl1gfuof.cloudfront.net\/product\/SLKYJCBKZD00X0T74\/fishing-cart-a100-2.4.jpg\" slate-data-type=\"image\"\/><\/div>\n<div style=\"font-size:14px;text-align:center;color:rgb(34, 34, 34);margin:16px 0px 24px;margin-bottom:24px;margin-top:16px;margin-left:0px;margin-right:0px\" align=\"center\">J\u00e4ta h\u00fcvasti t\u00fc\u00fctu rataste paigaldamisega. Meie kai\u00e4\u00e4rel on lihtne tihvtmehhanism rataste kiireks ja h\u00f5lpsaks kinnitamiseks ja eemaldamiseks ning O-r\u00f5ngastihvt lisameelerahu tagamiseks.<\/div>\n<\/div>\n<div>\n<div style=\"margin:8px 0px;margin-bottom:8px;margin-top:8px;margin-left:0px;margin-right:0px\"><img decoding=\"async\" style=\"width:100%\" width=\"100%\" src=\"https:\/\/d2qc09rl1gfuof.cloudfront.net\/product\/SLKYJCBKZD00X0T74\/fishing-cart-a100-2.5.jpg\" slate-data-type=\"image\"\/><\/div>\n<div style=\"font-size:14px;text-align:center;color:rgb(34, 34, 34);margin:16px 0px 24px;margin-bottom:24px;margin-top:16px;margin-left:0px;margin-right:0px\" align=\"center\">Rohkem kui lihtsalt kalastuskaaslane! Olgu tegemist \u00f5ues pildistamise, pikniku pidamise v\u00f5i telkimisega, see kai\u00e4\u00e4rne kalastusk\u00e4ru mahutab kogu teie varustuse h\u00f5lpsalt \u00e4ra, s\u00e4\u00e4stes teid edasi-tagasi s\u00f5itudest.<\/div>\n<\/div>\n<div style=\"margin:16px 0px 24px;margin-bottom:24px;margin-top:16px;margin-left:0px;margin-right:0px\"><\/div>\n<div style=\"margin:24px 0px;margin-bottom:24px;margin-top:24px;margin-left:0px;margin-right:0px\">\n<div style=\"font-size:16px;font-weight:bold;color:rgb(34, 34, 34);margin:24px 0px 16px;margin-bottom:16px;margin-top:24px;margin-left:0px;margin-right:0px\">Omadused ja \u00fcksikasjad<\/div>\n<ul style=\"margin:16px 0px 24px;margin-bottom:24px;margin-top:16px;margin-left:0px;margin-right:0px\">\n<li style=\"font-size:14px;color:rgb(34, 34, 34)\">\n<p>Sturdy Frame: Meet the VEVOR beach fishing cart, crafted with high-grade aluminum for a frame that&#x27;s not just tough but also rust-resistant. It&#x27;s like having a reliable fishing buddy who never lets you down. Plus, it&#x27;s lightweight \u2013 so you can focus on the catch, not the carry!<\/p>\n<\/li>\n<li style=\"font-size:14px;color:rgb(34, 34, 34)\">\n<p>Practical PU Wheels: This fishing beach cart is outfitted with 13-inch PU inflatable wheels that glide over sand, mud, gravel, and grass like a dream. These wheels don&#x27;t just carry your load; they make your journey to the perfect fishing spot as smooth as your favorite fishing line.<\/p>\n<\/li>\n<li style=\"font-size:14px;color:rgb(34, 34, 34)\">\n<p>Ample Storage Space: With a frame that&#x27;s 45.9 inches long, 27 inches wide, and 7.9 inches high, plus sturdy 13-inch wheels, this fishing cart can handle up to 500 lbs. Surf gear, beach essentials, you name it \u2013 pack it up and head out without a worry!<\/p>\n<\/li>\n<li style=\"font-size:14px;color:rgb(34, 34, 34)\">\n<p>Sealed Leak-Proof Design: Say goodbye to the hassle of lost items! Our pier fishing cart features a cleverly designed sealed bottom, keeping everything from tiny tackle to bigger gear safely in place. It&#x27;s all about tidy, organized trips every time.<\/p>\n<\/li>\n<li style=\"font-size:14px;color:rgb(34, 34, 34)\">\n<p>Multifunctional &amp; Portable: Equipped with 6 rod holders and a portable rod-insertion design, this pier cart is a game-changer for anglers. The 2-inch diameter holders accommodate various fishing rods. It&#x27;s all about convenience: grab a rod, cast it, and you&#x27;re fishing in no time.<\/p>\n<\/li>\n<\/ul>\n<\/div>\n<div>\n<div>\n<div style=\"margin:16px 0px 24px;margin-bottom:24px;margin-top:16px;margin-left:0px;margin-right:0px\"><img decoding=\"async\" style=\"width:100%\" width=\"100%\" src=\"https:\/\/d2qc09rl1gfuof.cloudfront.net\/product\/SLKYJCBKZD00X0T74\/fishing-cart-a100-1.11.jpg\" slate-data-type=\"image\"\/><\/div>\n<\/div>\n<\/div>\n<\/div>\n<\/div>\n<\/div>\n<div class=\"detailmodule_dynamic\"><kse:widget data-widget-type=\"customText\" id=\"1005000000397265\" type=\"custom\"><\/kse:widget><\/div>\n<p><\/p>","protected":false},"excerpt":{"rendered":"<p>Hign-concerned Chemical:&nbsp;None Origin:&nbsp;Mainland China Model Number:&nbsp;YK-500 Load Capacity:&nbsp;500 lbs\/226.79 kg Brand Name:&nbsp;VEVOR Brand:&nbsp;VEVOR Item Weight:&nbsp;44.53 lbs\/20.2 kg Maximum Weight Capacity:&nbsp;500 lbs\/226.79 kg Wheel Size:&nbsp;12 in\/305 mm (13 in\/330 mm after<\/p>","protected":false},"featured_media":25393,"comment_status":"open","ping_status":"closed","template":"","meta":{"_acf_changed":false},"product_brand":[],"product_cat":[523],"product_tag":[],"class_list":{"0":"post-25391","1":"product","2":"type-product","3":"status-publish","4":"has-post-thumbnail","6":"product_cat-bike-trailers-and-wagons","8":"first","9":"instock","10":"shipping-taxable","11":"purchasable","12":"product-type-simple"},"acf":[],"_links":{"self":[{"href":"https:\/\/electricstore.eu\/et\/wp-json\/wp\/v2\/product\/25391","targetHints":{"allow":["GET"]}}],"collection":[{"href":"https:\/\/electricstore.eu\/et\/wp-json\/wp\/v2\/product"}],"about":[{"href":"https:\/\/electricstore.eu\/et\/wp-json\/wp\/v2\/types\/product"}],"replies":[{"embeddable":true,"href":"https:\/\/electricstore.eu\/et\/wp-json\/wp\/v2\/comments?post=25391"}],"wp:featuredmedia":[{"embeddable":true,"href":"https:\/\/electricstore.eu\/et\/wp-json\/wp\/v2\/media\/25393"}],"wp:attachment":[{"href":"https:\/\/electricstore.eu\/et\/wp-json\/wp\/v2\/media?parent=25391"}],"wp:term":[{"taxonomy":"product_brand","embeddable":true,"href":"https:\/\/electricstore.eu\/et\/wp-json\/wp\/v2\/product_brand?post=25391"},{"taxonomy":"product_cat","embeddable":true,"href":"https:\/\/electricstore.eu\/et\/wp-json\/wp\/v2\/product_cat?post=25391"},{"taxonomy":"product_tag","embeddable":true,"href":"https:\/\/electricstore.eu\/et\/wp-json\/wp\/v2\/product_tag?post=25391"}],"curies":[{"name":"wp","href":"https:\/\/api.w.org\/{rel}","templated":true}]}}