{"id":25336,"date":"2025-05-20T18:58:42","date_gmt":"2025-05-20T18:58:42","guid":{"rendered":"https:\/\/electricstore.eu\/p\/uncategorized\/vevor-440lbs-wireless-electric-lifting-hoist-with-40ft-single-20ft-double-slings-lifting-height-lift-hoist-for-garage-warehouse\/"},"modified":"2025-05-20T19:00:04","modified_gmt":"2025-05-20T19:00:04","slug":"vevor-440lbs-wireless-electric-lifting-hoist-with-40ft-single-20ft-double-slings-lifting-height-lift-hoist-for-garage-warehouse","status":"publish","type":"product","link":"https:\/\/electricstore.eu\/et\/p\/o\/electric-lifting-hoists\/vevor-440lbs-wireless-electric-lifting-hoist-with-40ft-single-20ft-double-slings-lifting-height-lift-hoist-for-garage-warehouse\/","title":{"rendered":"VEVOR 440 naela juhtmevaba elektriline t\u00f5stuk 40 jala \u00fche-\/20 jala kahekordse tropiga, t\u00f5stek\u00f5rguse t\u00f5stuk garaa\u017ei ja lao jaoks"},"content":{"rendered":"<div class=\"product-specs-list-container\">\n<ul class=\"product-specs-list util-clearfix\">\n<li class=\"product-prop line-limit-length\"><span\n                                        class=\"property-title\">K\u00f5rge riskiga kemikaal:&nbsp;<\/span><span\n                                        class=\"property-desc line-limit-length\">Puudub<\/span>\n                            <\/li>\n<li class=\"product-prop line-limit-length\"><span\n                                        class=\"property-title\">Mudelinumber:&nbsp;<\/span><span\n                                        class=\"property-desc line-limit-length\">PA200<\/span>\n                            <\/li>\n<li class=\"product-prop line-limit-length\"><span\n                                        class=\"property-title\">P\u00e4ritolu:&nbsp;<\/span><span\n                                        class=\"property-desc line-limit-length\">Mandri-Hiina<\/span>\n                            <\/li>\n<li class=\"product-prop line-limit-length\"><span\n                                        class=\"property-title\">Br\u00e4ndi nimi:&nbsp;<\/span><span\n                                        class=\"property-desc line-limit-length\">VEVOR<\/span>\n                            <\/li>\n<\/ul><\/div>\n<div class=\"detailmodule_html\">\n<div class=\"detail-desc-decorate-richtext\">\n<div style=\"font-family:&quot;Open sans&quot;, Arial, Helvetica, sans-serif\">\n<div><img decoding=\"async\" style=\"width:100%\" width=\"100%\" src=\"https:\/\/d2qc09rl1gfuof.cloudfront.net\/vevor\/boutique-banner\/pc\/banner-en.jpg\" slate-data-type=\"image\"\/><\/div>\n<div>\n<div style=\"font-size:16px;font-weight:bold;text-align:center;color:rgb(34, 34, 34);margin:24px 0px;margin-bottom:24px;margin-top:24px;margin-left:0px;margin-right:0px\" align=\"center\">VEVOR elektriline t\u00f5stuk \u2013 t\u00f5stke oma lasti vaevata<\/div>\n<div><img decoding=\"async\" style=\"width:100%\" width=\"100%\" src=\"https:\/\/d2qc09rl1gfuof.cloudfront.net\/product\/DDGSSHLYXWXSZ60OH\/electric-hoist-a100-1.4-pt.jpg\" slate-data-type=\"image\"\/><\/div>\n<div style=\"font-size:14px;text-align:center;color:rgb(34, 34, 34);margin:16px 0px 24px;margin-bottom:24px;margin-top:16px;margin-left:0px;margin-right:0px\" align=\"center\">Varustatud usaldusv\u00e4\u00e4rse \u00f5hkjahutusega vaskmootoriga, muudab see elektriline t\u00f5stuk t\u00f5stmise lihtsaks ja \u00fchtlaseks. Selle jahutuss\u00fcsteem ja ventilaator aitavad v\u00e4ltida \u00fclekuumenemist, nii et saate kauem t\u00f5rgeteta t\u00f6\u00f6tada.<\/div>\n<\/div>\n<div>\n<div style=\"margin:8px 0px;margin-bottom:8px;margin-top:8px;margin-left:0px;margin-right:0px\"><img decoding=\"async\" style=\"width:100%\" width=\"100%\" src=\"https:\/\/d2qc09rl1gfuof.cloudfront.net\/product\/DDGSSHLYXWXSZ60OH\/electric-hoist-a100-2.2-pt.jpg\" slate-data-type=\"image\"\/><\/div>\n<div style=\"font-size:14px;text-align:center;color:rgb(34, 34, 34);margin:16px 0px 24px;margin-bottom:24px;margin-top:16px;margin-left:0px;margin-right:0px\" align=\"center\">Vajad kiirust v\u00f5i j\u00f5udu? Vali \u00fchetrossire\u017eiimi vahel kiiremate t\u00f5stete jaoks kergemate koormate jaoks v\u00f5i kahetrossire\u017eiimi vahel raskemate t\u00f6\u00f6de jaoks. Meie elektrivints on loodud hakkama saama k\u00f5igega, mida sa sellele ette heidad.<\/div>\n<\/div>\n<div>\n<div style=\"margin:8px 0px;margin-bottom:8px;margin-top:8px;margin-left:0px;margin-right:0px\"><img decoding=\"async\" style=\"width:100%\" width=\"100%\" src=\"https:\/\/d2qc09rl1gfuof.cloudfront.net\/product\/DDGSSHLYXWXSZ60OH\/electric-hoist-a100-2.3-pt.jpg\" slate-data-type=\"image\"\/><\/div>\n<div style=\"font-size:14px;text-align:center;color:rgb(34, 34, 34);margin:16px 0px 24px;margin-bottom:24px;margin-top:16px;margin-left:0px;margin-right:0px\" align=\"center\">Olenemata sellest, kas olete l\u00e4hedal v\u00f5i kaugel, pakub see laet\u00f5stuk nii juhtmega kui ka juhtmevaba juhtimist. Kuni 100 m (328 jala) ulatuse ja avariil\u00fclitiga saate meelerahu ja paindlikkuse t\u00f6\u00f6 \u00f5igesti tegemiseks.<\/div>\n<\/div>\n<div>\n<div style=\"margin:8px 0px;margin-bottom:8px;margin-top:8px;margin-left:0px;margin-right:0px\"><img decoding=\"async\" style=\"width:100%\" width=\"100%\" src=\"https:\/\/d2qc09rl1gfuof.cloudfront.net\/product\/DDGSSHLYXWXSZ60OH\/electric-hoist-a100-2.4-pt.jpg\" slate-data-type=\"image\"\/><\/div>\n<div style=\"font-size:14px;text-align:center;color:rgb(34, 34, 34);margin:16px 0px 24px;margin-bottom:24px;margin-top:16px;margin-left:0px;margin-right:0px\" align=\"center\">Vastupidavast legeerterasest ja kaetud terastrossist valmistatud garaa\u017eit\u00f5stuk on stabiilsuse keskmes. Paks tross ja \u00fcmberkukkumisvastane disain t\u00e4hendavad, et see saab ohutult k\u00e4sitseda raskeid koormaid, samas kui \u00fclekuumenemiskaitse tagab k\u00f5ige sujuva t\u00f6\u00f6.<\/div>\n<\/div>\n<div>\n<div style=\"margin:8px 0px;margin-bottom:8px;margin-top:8px;margin-left:0px;margin-right:0px\"><img decoding=\"async\" style=\"width:100%\" width=\"100%\" src=\"https:\/\/d2qc09rl1gfuof.cloudfront.net\/product\/DDGSSHLYXWXSZ60OH\/electric-hoist-a100-2.5-pt.jpg\" slate-data-type=\"image\"\/><\/div>\n<div style=\"font-size:14px;text-align:center;color:rgb(34, 34, 34);margin:16px 0px 24px;margin-bottom:24px;margin-top:16px;margin-left:0px;margin-right:0px\" align=\"center\">Olenemata sellest, kas t\u00f6\u00f6tate garaa\u017eis, laos v\u00f5i t\u00f6\u00f6kojas, kohandub see elektriline kaablit\u00f5stuk mitmesuguste \u00fclesannetega, muutes selle ideaalseks t\u00f6\u00f6riistaks iga projekti jaoks.<\/div>\n<\/div>\n<div style=\"margin:16px 0px 24px;margin-bottom:24px;margin-top:16px;margin-left:0px;margin-right:0px\"><\/div>\n<div style=\"margin:24px 0px;margin-bottom:24px;margin-top:24px;margin-left:0px;margin-right:0px\">\n<div style=\"font-size:16px;font-weight:bold;color:rgb(34, 34, 34);margin:24px 0px 16px;margin-bottom:16px;margin-top:24px;margin-left:0px;margin-right:0px\">Omadused ja \u00fcksikasjad<\/div>\n<ul style=\"margin:16px 0px 24px;margin-bottom:24px;margin-top:16px;margin-left:0px;margin-right:0px\">\n<li style=\"font-size:14px;color:rgb(34, 34, 34)\">\n<p>440 naela kandev\u00f5ime: See elektriline t\u00f5stuk suudab h\u00f5lpsalt t\u00f5sta v\u00e4ikeseid mootoreid, k\u00e4igukaste, suuri t\u00f6\u00f6koja t\u00f6\u00f6riistu v\u00f5i ehitusmaterjale. T\u00f5stev\u00f5ime: 220 naela\/100 kg (\u00fcksiktross), 440 naela\/200 kg (topelttross).<\/p>\n<\/li>\n<li style=\"font-size:14px;color:rgb(34, 34, 34)\">\n<p>V\u00f5imas mootor: Kvaliteetne vaskmootor pakub suurt v\u00f5imsust, mis talub suuri j\u00f5ude ilma elektrivintsi deformeerimata. Lisaks suudab suur jahutusventilaator masinat kiiresti jahutada, et v\u00e4ltida \u00fclekuumenemist. Seega tagab see v\u00f5imas mootor t\u00f5husa t\u00f6\u00f6 ning s\u00e4\u00e4stab teie aega ja energiat.<\/p>\n<\/li>\n<li style=\"font-size:14px;color:rgb(34, 34, 34)\">\n<p>Mugav paigaldada: Meie garaa\u017eit\u00f5stukit saab otse lakke riputada metall- v\u00f5i t\u00e4ispuidust liistude abil. Lisaks on see varustatud avariil\u00fcliti ja elektromagnetilise piduris\u00fcsteemiga, et v\u00e4ltida ebanormaalset libisemist.<\/p>\n<\/li>\n<li style=\"font-size:14px;color:rgb(34, 34, 34)\">\n<p>Kahekordse juhtimise valikud: Selle laet\u00f5stuki juhtmega ja juhtmevaba puldiga saate k\u00f5ike juhtida. Juhtmega pult ulatub 4,2 m kaugusele, juhtmevaba pult aga v\u00f5imaldab teil t\u00f6\u00f6tada kuni 100 m kauguselt. See pakub suurep\u00e4rast l\u00fclitusfunktsiooni, mis v\u00f5imaldab seadet \u00fche k\u00e4ega t\u00f5sta, langetada ja paigutada.<\/p>\n<\/li>\n<li style=\"font-size:14px;color:rgb(34, 34, 34)\">\n<p>Mitmek\u00fclgne kasutus: Seda elektrilist trosst\u00f5stukit kasutatakse laialdaselt garaa\u017eides, tehastes, ladudes ja peredes, aga ka nii professionaalide kui ka amat\u00f6\u00f6ride poolt. See sobib laevade, autode, muruniidukite, golfik\u00e4rude, kodukaunistuse, mootorite, r\u00e4ndrahnude, puude jms parandamiseks.<\/p>\n<\/li>\n<\/ul>\n<\/div>\n<div>\n<div>\n<div style=\"margin:16px 0px 24px;margin-bottom:24px;margin-top:16px;margin-left:0px;margin-right:0px\"><img decoding=\"async\" style=\"width:100%\" width=\"100%\" src=\"https:\/\/d2qc09rl1gfuof.cloudfront.net\/product\/DDGSSHLYXWXSZ60OH\/electric-hoist-a100-1.11-pt.jpg\" slate-data-type=\"image\"\/><\/div>\n<\/div>\n<\/div>\n<\/div>\n<div><\/div>\n<\/div>\n<\/div>\n<p><\/p>","protected":false},"excerpt":{"rendered":"<p>Hign-concerned Chemical:&nbsp;None Model Number:&nbsp;PA200 Origin:&nbsp;Mainland China Brand Name:&nbsp;VEVOR VEVOR Electric Hoist \u2013 Lift Your Cargo with No Effort Equipped with a reliable air-cooled copper motor, this electric hoist makes lifting<\/p>","protected":false},"featured_media":25337,"comment_status":"open","ping_status":"closed","template":"","meta":{"_acf_changed":false},"product_brand":[],"product_cat":[517],"product_tag":[],"class_list":{"0":"post-25336","1":"product","2":"type-product","3":"status-publish","4":"has-post-thumbnail","6":"product_cat-electric-lifting-hoists","8":"first","9":"instock","10":"shipping-taxable","11":"purchasable","12":"product-type-variable"},"acf":[],"_links":{"self":[{"href":"https:\/\/electricstore.eu\/et\/wp-json\/wp\/v2\/product\/25336","targetHints":{"allow":["GET"]}}],"collection":[{"href":"https:\/\/electricstore.eu\/et\/wp-json\/wp\/v2\/product"}],"about":[{"href":"https:\/\/electricstore.eu\/et\/wp-json\/wp\/v2\/types\/product"}],"replies":[{"embeddable":true,"href":"https:\/\/electricstore.eu\/et\/wp-json\/wp\/v2\/comments?post=25336"}],"wp:featuredmedia":[{"embeddable":true,"href":"https:\/\/electricstore.eu\/et\/wp-json\/wp\/v2\/media\/25337"}],"wp:attachment":[{"href":"https:\/\/electricstore.eu\/et\/wp-json\/wp\/v2\/media?parent=25336"}],"wp:term":[{"taxonomy":"product_brand","embeddable":true,"href":"https:\/\/electricstore.eu\/et\/wp-json\/wp\/v2\/product_brand?post=25336"},{"taxonomy":"product_cat","embeddable":true,"href":"https:\/\/electricstore.eu\/et\/wp-json\/wp\/v2\/product_cat?post=25336"},{"taxonomy":"product_tag","embeddable":true,"href":"https:\/\/electricstore.eu\/et\/wp-json\/wp\/v2\/product_tag?post=25336"}],"curies":[{"name":"wp","href":"https:\/\/api.w.org\/{rel}","templated":true}]}}