{"id":25319,"date":"2025-05-20T18:58:37","date_gmt":"2025-05-20T18:58:37","guid":{"rendered":"https:\/\/electricstore.eu\/p\/uncategorized\/vevor-1700lbs-2200lbs-wired-electric-hoist-crane-with-trolley-portable-lifter-overhead-winch-effort-elevator-for-garage-lifting\/"},"modified":"2025-05-20T18:59:43","modified_gmt":"2025-05-20T18:59:43","slug":"vevor-1700lbs-2200lbs-wired-electric-hoist-crane-with-trolley-portable-lifter-overhead-winch-effort-elevator-for-garage-lifting","status":"publish","type":"product","link":"https:\/\/electricstore.eu\/et\/p\/o\/electric-lifting-hoists\/vevor-1700lbs-2200lbs-wired-electric-hoist-crane-with-trolley-portable-lifter-overhead-winch-effort-elevator-for-garage-lifting\/","title":{"rendered":"VEVOR 1700LBS\/2200LBS juhtmega elektriline t\u00f5stukkraana koos k\u00e4ru kaasaskantava t\u00f5stukiga, \u00f5hkvintsiga pingutuslift garaa\u017ei t\u00f5stmiseks"},"content":{"rendered":"<div class=\"product-specs-list-container\">\n<ul class=\"product-specs-list util-clearfix\">\n<li class=\"product-prop line-limit-length\"><span\n                                        class=\"property-title\">K\u00f5rge riskiga kemikaal:&nbsp;<\/span><span\n                                        class=\"property-desc line-limit-length\">Puudub<\/span>\n                            <\/li>\n<li class=\"product-prop line-limit-length\"><span\n                                        class=\"property-title\">P\u00e4ritolu:&nbsp;<\/span><span\n                                        class=\"property-desc line-limit-length\">Mandri-Hiina<\/span>\n                            <\/li>\n<li class=\"product-prop line-limit-length\"><span\n                                        class=\"property-title\">Br\u00e4ndi nimi:&nbsp;<\/span><span\n                                        class=\"property-desc line-limit-length\">VEVOR<\/span>\n                            <\/li>\n<li class=\"product-prop line-limit-length\"><span\n                                        class=\"property-title\">\u00dche-\/kahekordse kaabli maht:&nbsp;<\/span><span\n                                        class=\"property-desc line-limit-length\">1700 naela \/ 220 naela<\/span>\n                            <\/li>\n<li class=\"product-prop line-limit-length\"><span\n                                        class=\"property-title\">V\u00f5imsus 1700 naela:&nbsp;<\/span><span\n                                        class=\"property-desc line-limit-length\">1300W<\/span>\n                            <\/li>\n<li class=\"product-prop line-limit-length\"><span\n                                        class=\"property-title\">2200 naela v\u00f5imsus:&nbsp;<\/span><span\n                                        class=\"property-desc line-limit-length\">1800W<\/span>\n                            <\/li>\n<li class=\"product-prop line-limit-length\"><span\n                                        class=\"property-title\">Materjal:&nbsp;<\/span><span\n                                        class=\"property-desc line-limit-length\">Teras, malm ja alumiinium<\/span>\n                            <\/li>\n<\/ul><\/div>\n<div class=\"detailmodule_html\">\n<div class=\"detail-desc-decorate-richtext\"><\/p>\n<div class=\"detailmodule_html\">\n<div class=\"detail-desc-decorate-richtext\">\n<div style=\"padding:20px;padding-bottom:20px;padding-top:20px;padding-left:20px;padding-right:20px\">\n<div style=\"text-align:center;width:100%\" align=\"center\"><img decoding=\"async\" src=\"https:\/\/vevor-bmp-prm.s3.ap-east-1.amazonaws.com\/default\/vevor-1.png\" slate-data-type=\"image\"\/><\/div>\n<div style=\"font-size:16px;font-weight:bold;line-height:36px\">Toote kirjeldus<\/div>\n<div style=\"width:100%\"><img decoding=\"async\" src=\"https:\/\/d2qc09rl1gfuof.cloudfront.net\/product\/DDHL800KGXCZH0001\/lift-electric-hoist-a100-1.4.jpg\" slate-data-type=\"image\"\/><\/div>\n<div style=\"margin-top:15px;display:flex\">\n<div style=\"width:33%\"><img decoding=\"async\" style=\"width:100%\" width=\"100%\" src=\"https:\/\/d2qc09rl1gfuof.cloudfront.net\/product\/DDHL800KGXCZH0001\/lift-electric-hoist-x1.jpg\" slate-data-type=\"image\"\/><\/div>\n<div style=\"padding:0px 15px;padding-bottom:0px;padding-top:0px;padding-left:15px;padding-right:15px;width:33%\">\n<div style=\"font-size:16px;font-weight:bold;line-height:36px\">1700 naela elektriline t\u00f5stuk k\u00e4ruga<\/div>\n<div style=\"font-size:14px\"><\/div>\n<div style=\"font-size:14px\">1300 W vaskmootor ja p\u00f6\u00f6rlemisvastane terastraat ning k\u00f5rge turvalisus<\/div>\n<p>See universaalne elektriline t\u00f5stuk on loodud raskete rakenduste t\u00f5stmiseks ja teisaldamiseks. Teraskonstruktsioon ja puhtast vasest mootor muudavad selle vastupidavaks ja suure efektiivsusega. R\u00f6\u00f6pa laiust saab reguleerida seibi ja kvaliteetsete mutrite abil. See on ideaalne materjalik\u00e4itlusvahend tehastesse, kaevandustesse, dokkidesse, ladudesse, kauba t\u00f5stmiseks, ehitusplatsidele ja muudesse kohtadesse raskete rakenduste t\u00f5stmiseks ja teisaldamiseks.<\/p>\n<ul style=\"font-size:14px;background-color:rgb(243, 243, 243);border:1px solid rgb(204, 204, 204);margin-top:8px;padding:10px 40px;padding-bottom:10px;padding-top:10px;padding-left:40px;padding-right:40px\">\n<li>\n<p>S\u00f5bralik m\u00e4rkus<\/p>\n<\/li>\n<li>\n<p>Elektriline t\u00f5stuk ja k\u00e4ru v\u00f5ivad olla erinevates pakendites ja tarnitakse eraldi.<\/p>\n<\/li>\n<li>\n<p>Palun \u00e4rge muretsege, saate K\u00d5IK pakid k\u00e4tte viimastel p\u00e4evadel p\u00e4rast tellimuse esitamist.<\/p>\n<\/li>\n<li>\n<p>Premium k\u00e4ru<\/p>\n<\/li>\n<li>\n<p>Kandev\u00f5ime 1700 naela<\/p>\n<\/li>\n<li>\n<p>1300 W v\u00f5imas mootor<\/p>\n<\/li>\n<li>\n<p>4,6 jala pikkune juhtkaabel<\/p>\n<\/li>\n<li>\n<p>Turvaline struktuur<\/p>\n<\/li>\n<\/ul>\n<\/div>\n<div style=\"border-left:1px solid rgb(204, 204, 204);padding:0px 15px;padding-bottom:0px;padding-top:0px;padding-left:15px;padding-right:15px;width:33%\">\n<div> <\/div>\n<div style=\"padding:0px 15px;padding-bottom:0px;padding-top:0px;padding-left:15px;padding-right:15px\">\n<div><img decoding=\"async\" style=\"width:100%\" width=\"100%\" src=\"https:\/\/www.jinlantrade.com\/ebay\/VEVOR\/vevor-2.png\" slate-data-type=\"image\"\/><\/div>\n<div style=\"font-size:14px;font-weight:bold;line-height:24px\">Vastupidav varustus ja t\u00f6\u00f6riistad, maksa v\u00e4hem<\/div>\n<div style=\"font-size:12px;margin:8px 0px;margin-bottom:8px;margin-top:8px;margin-left:0px;margin-right:0px\">VEVOR on juhtiv kaubam\u00e4rk, mis on spetsialiseerunud seadmetele ja t\u00f6\u00f6riistadele. Koos tuhandete motiveeritud t\u00f6\u00f6tajatega on VEVOR p\u00fchendunud pakkuma oma klientidele vastupidavaid seadmeid ja t\u00f6\u00f6riistu uskumatult madalate hindadega. T\u00e4nap\u00e4eval m\u00fc\u00fcakse VEVORi tooteid enam kui 200 riigis ja piirkonnas ning ettev\u00f5ttel on \u00fcle maailma \u00fcle 10 miljoni liikme.<\/div>\n<div style=\"font-size:14px;font-weight:bold;line-height:24px\">Miks valida VEVOR?<\/div>\n<ul style=\"font-size:14px;background-color:rgb(243, 243, 243);border:1px solid rgb(204, 204, 204);margin-top:8px;padding:10px 40px;padding-bottom:10px;padding-top:10px;padding-left:40px;padding-right:40px\">\n<li>\n<p>Esmaklassiline vastupidav kvaliteet<\/p>\n<\/li>\n<li>\n<p>Uskumatult madalad hinnad<\/p>\n<\/li>\n<li>\n<p>Kiire ja turvaline kohaletoimetamine<\/p>\n<\/li>\n<li>\n<p>30-p\u00e4evane tasuta tagastus\u00f5igus<\/p>\n<\/li>\n<li>\n<p>T\u00e4helepanelik teenindus \u00f6\u00f6p\u00e4evaringselt<\/p>\n<\/li>\n<\/ul>\n<\/div>\n<\/div>\n<\/div>\n<div style=\"margin-top:30px\">\n<div style=\"font-size:16px;font-weight:bold;line-height:36px\">Peamised omadused<\/div>\n<div style=\"padding:30px;padding-bottom:30px;padding-top:30px;padding-left:30px;padding-right:30px\">\n<div>\n<div style=\"margin-top:15px;padding:0px 15px;padding-bottom:0px;padding-top:0px;padding-left:15px;padding-right:15px;display:inline-block;width:33%;box-sizing:border-box\">\n<div><img decoding=\"async\" style=\"width:100%\" width=\"100%\" src=\"https:\/\/d2qc09rl1gfuof.cloudfront.net\/product\/DDHL800KGXCZH0001\/lift-electric-hoist-m100-2.jpg\" slate-data-type=\"image\"\/> <\/div>\n<div style=\"font-size:16px;font-weight:bold;line-height:36px\">\u00dclit\u00f5hus k\u00e4ru<\/div>\n<div style=\"font-size:14px\">Elektrilisel k\u00e4rul on mitu seibi r\u00f6\u00f6pa laiuse reguleerimiseks. Karastatud neli ratast on tugevad ja vastupidavad, suletud laagrid pika eluea ja v\u00e4iksema hooldusvajaduse tagamiseks. Sobiv laius on 80\u2013110 mm (3\u20134,3 tolli), t\u00f6\u00f6kiirus on 13 m\/min (42,7 jalga\/min).<\/div>\n<\/div>\n<div style=\"margin-top:15px;padding:0px 15px;padding-bottom:0px;padding-top:0px;padding-left:15px;padding-right:15px;display:inline-block;width:33%;box-sizing:border-box\">\n<div><img decoding=\"async\" style=\"width:100%\" width=\"100%\" src=\"https:\/\/d2qc09rl1gfuof.cloudfront.net\/product\/DDHL800KGXCZH0001\/lift-electric-hoist-m100-3.jpg\" slate-data-type=\"image\"\/> <\/div>\n<div style=\"font-size:16px;font-weight:bold;line-height:36px\">Puhas vaskmootor<\/div>\n<div style=\"font-size:14px\">1300 W vaskmootorid on kaetud vastupidava ja korrosioonikindla alumiiniumisulamist korpusega, mist\u00f5ttu on elektrivintsil k\u00f5rge efektiivsus ja madal m\u00fcratase. Lisaks saab elektrivints t\u00e4nu kiirele kiirgamisele pikka aega pidevalt t\u00f6\u00f6tada.<\/div>\n<\/div>\n<div style=\"margin-top:15px;padding:0px 15px;padding-bottom:0px;padding-top:0px;padding-left:15px;padding-right:15px;display:inline-block;width:33%;box-sizing:border-box\">\n<div><img decoding=\"async\" style=\"width:100%\" width=\"100%\" src=\"https:\/\/d2qc09rl1gfuof.cloudfront.net\/product\/DDHL800KGXCZH0001\/lift-electric-hoist-m100-4.jpg\" slate-data-type=\"image\"\/> <\/div>\n<div style=\"font-size:16px;font-weight:bold;line-height:36px\">Suur koormust kandev<\/div>\n<div style=\"font-size:14px\">Meie elektriline t\u00f5stuk vastab teie erinevatele tugevus- ja k\u00f5vadusn\u00f5uetele. Kandev\u00f5ime ja t\u00f5stekiirused on 800 kg ja 400 kg. K\u00f5rge kvaliteet rahuldab teie erinevaid vajadusi.<\/div>\n<\/div>\n<div style=\"margin-top:15px;padding:0px 15px;padding-bottom:0px;padding-top:0px;padding-left:15px;padding-right:15px;display:inline-block;width:33%;box-sizing:border-box\">\n<div><img decoding=\"async\" style=\"width:100%\" width=\"100%\" src=\"https:\/\/d2qc09rl1gfuof.cloudfront.net\/product\/DDHL800KGXCZH0001\/lift-electric-hoist-m100-5.jpg\" slate-data-type=\"image\"\/> <\/div>\n<div style=\"font-size:16px;font-weight:bold;line-height:36px\">Kaugjuhtimispult<\/div>\n<div style=\"font-size:14px\">Juhtmega kaugjuhtimispuldil on \u00fcles\/alla nupp ja vasakule\/paremale nupp t\u00f5stuki juhtimiseks kaugelt. Lisaks on lisatud avariipeatusnupp, et parandada ohutust t\u00f6\u00f6 ajal.<\/div>\n<\/div>\n<div style=\"margin-top:15px;padding:0px 15px;padding-bottom:0px;padding-top:0px;padding-left:15px;padding-right:15px;display:inline-block;width:33%;box-sizing:border-box\">\n<div><img decoding=\"async\" style=\"width:100%\" width=\"100%\" src=\"https:\/\/d2qc09rl1gfuof.cloudfront.net\/product\/DDHL800KGXCZH0001\/lift-electric-hoist-m100-6.jpg\" slate-data-type=\"image\"\/> <\/div>\n<div style=\"font-size:16px;font-weight:bold;line-height:36px\">Turvadisain<\/div>\n<div style=\"font-size:14px\">Piirl\u00fcliti on paigaldatud nii, et mootor peatub automaatselt ja ketid ei lase ohutuse tagamiseks \u00fcle piiri minna. Mn-terasest konks riiviga ja tsingitud terastraadiga tagab topeltkaitsmega t\u00f6\u00f6.<\/div>\n<\/div>\n<div style=\"margin-top:15px;padding:0px 15px;padding-bottom:0px;padding-top:0px;padding-left:15px;padding-right:15px;display:inline-block;width:33%;box-sizing:border-box\">\n<div><img decoding=\"async\" style=\"width:100%\" width=\"100%\" src=\"https:\/\/d2qc09rl1gfuof.cloudfront.net\/product\/DDHL800KGXCZH0001\/lift-electric-hoist-m100-7.jpg\" slate-data-type=\"image\"\/> <\/div>\n<div style=\"font-size:16px;font-weight:bold;line-height:36px\">Laialdased kasutusalad<\/div>\n<div style=\"font-size:14px\">See elektriline t\u00f5stuk on suurep\u00e4rane valik korrap\u00e4rase v\u00f5i ebakorrap\u00e4rase kujuga esemete, n\u00e4iteks kivide, puude, niidukite, mootorite jms t\u00f5stmiseks. Seet\u00f5ttu kasutatakse seda laialdaselt autotootjatel, ehitusplatsidel, logistikas, ladudes jne.<\/div>\n<\/div>\n<\/div>\n<\/div>\n<\/div>\n<div style=\"margin-top:15px;display:flex\">\n<div style=\"width:33%\"><img decoding=\"async\" style=\"width:100%\" width=\"100%\" src=\"https:\/\/d2qc09rl1gfuof.cloudfront.net\/product\/DDHL800KGXCZH0001\/lift-electric-hoist-a100-2.jpg\" slate-data-type=\"image\"\/><\/div>\n<div style=\"padding:0px 15px;padding-bottom:0px;padding-top:0px;padding-left:15px;padding-right:15px;width:33%\">\n<div style=\"font-size:16px;font-weight:bold;line-height:36px\">Spetsifikatsioonid<\/div>\n<ul style=\"font-size:14px;border:1px solid rgb(204, 204, 204);margin-top:8px;padding:10px 40px;padding-bottom:10px;padding-top:10px;padding-left:40px;padding-right:40px\">\n<li>\n<p>Elektriline t\u00f5stuk<\/p>\n<\/li>\n<li>\n<p>Mudel: PA800<\/p>\n<\/li>\n<li>\n<p>Materjal: malm ja alumiinium<\/p>\n<\/li>\n<li>\n<p>Pinge: 220V\/50Hz<\/p>\n<\/li>\n<li>\n<p>V\u00f5imsus: 1300W<\/p>\n<\/li>\n<li>\n<p>Kaugjuhtimispuldi juhe: 1,4 m<\/p>\n<\/li>\n<li>\n<p>N\u00f6\u00f6ri l\u00e4bim\u00f5\u00f5t: 0,2 tolli \/ 5,1 mm<\/p>\n<\/li>\n<li>\n<p>Kaabli pikkus: 12 m, 6 m<\/p>\n<\/li>\n<li>\n<p>Kaabli kiirus: 40 jalga\/min (12 m\/min), 20 jalga\/min (6 m\/min)<\/p>\n<\/li>\n<li>\n<p>Nimit\u00f5stev\u00f5ime: kahe k\u00f6iega 1700 naela \/ 800 kg, \u00fche k\u00f6iega 880 naela \/ 400 kg<\/p>\n<\/li>\n<li>\n<p>Toote m\u00f5\u00f5dud: 15,8 x 6 x 13,8 tolli \/ 40 x 15 x 35 cm<\/p>\n<\/li>\n<li>\n<p>Netokaal: 75 naela \/ 34 kg<\/p>\n<\/li>\n<li>\n<p>K\u00e4ru<\/p>\n<\/li>\n<li>\n<p>Nimikoormus: 2200 naela \/ 1 t<\/p>\n<\/li>\n<li>\n<p>T\u00f6\u00f6kiirus: 42,7 jalga\/min (13 m\/min)<\/p>\n<\/li>\n<li>\n<p>Standardne t\u00f6\u00f6k\u00f5rgus: 3 m \/ 10 jalga<\/p>\n<\/li>\n<li>\n<p>Sobiv laius: 80\u2013110 mm (3\u20134,3 tolli)<\/p>\n<\/li>\n<\/ul>\n<\/div>\n<div style=\"border-left:1px solid rgb(204, 204, 204);padding:0px 15px;padding-bottom:0px;padding-top:0px;padding-left:15px;padding-right:15px;width:33%\">\n<div style=\"width:100%\"><img decoding=\"async\" style=\"width:100%\" width=\"100%\" src=\"https:\/\/d2qc09rl1gfuof.cloudfront.net\/product\/DDHL800KGXCZH0001\/lift-electric-hoist-a100-3.jpg\" slate-data-type=\"image\"\/><\/div>\n<div style=\"font-size:14px;font-weight:bold;line-height:24px\">Pakendi sisu<\/div>\n<ul style=\"font-size:14px;background-color:rgb(243, 243, 243);border:1px solid rgb(204, 204, 204);margin-top:8px;padding:10px 40px;padding-bottom:10px;padding-top:10px;padding-left:40px;padding-right:40px\">\n<li>\n<p>1 x elektriline t\u00f5stuk<\/p>\n<\/li>\n<li>\n<p>1 x k\u00e4ru<\/p>\n<\/li>\n<\/ul>\n<\/div>\n<\/div>\n<div> <\/div>\n<div>\n<div style=\"font-size:16px;font-weight:bold;line-height:36px\">Omadused ja \u00fcksikasjad<\/div>\n<ul style=\"font-size:14px;padding-left:40px\">\n<li>\n<p>Premium-klassi k\u00e4ru: Komplektis on elektriline t\u00f5stuk ja k\u00e4ru. See k\u00f5ik-\u00fches toode sobib suurep\u00e4raselt v\u00e4ikeste mootorite, k\u00e4igukastide, suuremate t\u00f6\u00f6riistade v\u00f5i ehitusmaterjalide t\u00f5stmiseks. Neljarattaline k\u00e4ru on valmistatud Q235 terasest, mis on korrosioonikindel ja vastupidavam. Reguleeritav r\u00f6\u00f6pmelaius vastab teie erinevatele vajadustele ilma pingutuseta. Sobiv laius on vahemikus 3\u20134,3 tolli (80\u2013110 mm).<\/p>\n<\/li>\n<li>\n<p>Kandev\u00f5ime 1700 naela: T\u00f5stek\u00e4rul on piisav kandev\u00f5ime erinevate esemete t\u00f5stmiseks. \u00dche k\u00f6ie kandev\u00f5ime: 880 naela\/400 kg, 40 jalga\/min (12 m\/min). Kahe k\u00f6ie kandev\u00f5ime: 1700 naela\/800 kg, 20 jalga\/min (6 m\/min). Piirl\u00fcliti ja Mn-terasest konks on konstrueeritud nii, et need ei lase j\u00e4rsult alla kukkuda. Kahekordne k\u00f6is 1700 naela\/800 kg, \u00fchekordne k\u00f6is 880 naela\/400 kg.<\/p>\n<\/li>\n<li>\n<p>1300 W v\u00f5imas mootor: Kvaliteetne vaskmootor pakub 1800 W v\u00f5imsust, et taluda suurt j\u00f5udu ilma deformatsiooni ja kahjustusteta. Lisaks jahutab suur radiaatoriventilaator masinat kiiresti \u00fclekuumenemiskaitse abil. Seega tagab see v\u00f5imas mootor suure efektiivsusega t\u00f6\u00f6 madala m\u00fcratasemega.<\/p>\n<\/li>\n<li>\n<p>4,6 jala pikkune juhtjuhe: Meie kaugjuhtimisega elektriline t\u00f5stuk juhitakse k\u00e4epidemest l\u00fcliti abil. Kaabli pikkus: 4,6 jalga \/ 1,4 m. Juhtige t\u00f5ste- ja langetusnuppudega kaugelt. Lisaks pakub see l\u00fcliti turvalisuse tagamiseks t\u00e4iendavat avariiseiskamisnuppu.<\/p>\n<\/li>\n<li>\n<p>Turvaline konstruktsioon: See elektriline t\u00f5stukvints on valmistatud alumiiniumisulamist kestast ja tsingitud terastraadist, mis kaitseb erosiooni, rooste ja vihma eest. Terastrossi pikkus: 30 m; l\u00e4bim\u00f5\u00f5t: 5,1 mm. T\u00e4nu sellele m\u00f5istlikule konstruktsioonile saab masinat pikka aega kasutada.<\/p>\n<\/li>\n<\/ul>\n<\/div>\n<\/div>\n<\/div>\n<\/div>\n<p><\/p>\n<\/div>\n<\/div>\n<p><\/p>","protected":false},"excerpt":{"rendered":"<p>Hign-concerned Chemical:&nbsp;None Origin:&nbsp;Mainland China Brand Name:&nbsp;VEVOR Capacity of Single\/Double Cable:&nbsp;1700 lbs\/220 LBS 1700 LBS Power:&nbsp;1300W 2200 LBS Power:&nbsp;1800W Material:&nbsp;Steel,Cast Iron &amp; Aluminum Product Description 1700lbs Electric Hoist With Trolley 1300W<\/p>","protected":false},"featured_media":25321,"comment_status":"open","ping_status":"closed","template":"","meta":{"_acf_changed":false},"product_brand":[],"product_cat":[517],"product_tag":[],"class_list":{"0":"post-25319","1":"product","2":"type-product","3":"status-publish","4":"has-post-thumbnail","6":"product_cat-electric-lifting-hoists","8":"first","9":"instock","10":"shipping-taxable","11":"purchasable","12":"product-type-variable"},"acf":[],"_links":{"self":[{"href":"https:\/\/electricstore.eu\/et\/wp-json\/wp\/v2\/product\/25319","targetHints":{"allow":["GET"]}}],"collection":[{"href":"https:\/\/electricstore.eu\/et\/wp-json\/wp\/v2\/product"}],"about":[{"href":"https:\/\/electricstore.eu\/et\/wp-json\/wp\/v2\/types\/product"}],"replies":[{"embeddable":true,"href":"https:\/\/electricstore.eu\/et\/wp-json\/wp\/v2\/comments?post=25319"}],"wp:featuredmedia":[{"embeddable":true,"href":"https:\/\/electricstore.eu\/et\/wp-json\/wp\/v2\/media\/25321"}],"wp:attachment":[{"href":"https:\/\/electricstore.eu\/et\/wp-json\/wp\/v2\/media?parent=25319"}],"wp:term":[{"taxonomy":"product_brand","embeddable":true,"href":"https:\/\/electricstore.eu\/et\/wp-json\/wp\/v2\/product_brand?post=25319"},{"taxonomy":"product_cat","embeddable":true,"href":"https:\/\/electricstore.eu\/et\/wp-json\/wp\/v2\/product_cat?post=25319"},{"taxonomy":"product_tag","embeddable":true,"href":"https:\/\/electricstore.eu\/et\/wp-json\/wp\/v2\/product_tag?post=25319"}],"curies":[{"name":"wp","href":"https:\/\/api.w.org\/{rel}","templated":true}]}}