{"id":25293,"date":"2025-05-20T18:58:30","date_gmt":"2025-05-20T18:58:30","guid":{"rendered":"https:\/\/electricstore.eu\/p\/uncategorized\/vevor-1100lbs-1500w-electric-hoist-winch-3-in-1-portable-power-winch-crane-with-wireless-remote-control-for-overload-protection\/"},"modified":"2025-05-20T18:59:22","modified_gmt":"2025-05-20T18:59:22","slug":"vevor-1100lbs-1500w-electric-hoist-winch-3-in-1-portable-power-winch-crane-with-wireless-remote-control-for-overload-protection","status":"publish","type":"product","link":"https:\/\/electricstore.eu\/et\/p\/o\/electric-lifting-hoists\/vevor-1100lbs-1500w-electric-hoist-winch-3-in-1-portable-power-winch-crane-with-wireless-remote-control-for-overload-protection\/","title":{"rendered":"VEVOR 1100 naela 1500 W elektriline t\u00f5stukvints 3-\u00fches kaasaskantav elektriline vintskraana juhtmevaba kaugjuhtimispuldiga \u00fclekoormuskaitseks"},"content":{"rendered":"<div class=\"product-specs-list-container\">\n<ul class=\"product-specs-list util-clearfix\">\n<li class=\"product-prop line-limit-length\"><span\n                                        class=\"property-title\">K\u00f5rge riskiga kemikaal:&nbsp;<\/span><span\n                                        class=\"property-desc line-limit-length\">Puudub<\/span>\n                            <\/li>\n<li class=\"product-prop line-limit-length\"><span\n                                        class=\"property-title\">P\u00e4ritolu:&nbsp;<\/span><span\n                                        class=\"property-desc line-limit-length\">Mandri-Hiina<\/span>\n                            <\/li>\n<li class=\"product-prop line-limit-length\"><span\n                                        class=\"property-title\">Br\u00e4ndi nimi:&nbsp;<\/span><span\n                                        class=\"property-desc line-limit-length\">VEVOR<\/span>\n                            <\/li>\n<\/ul><\/div>\n<p><\/p>\n<div class=\"detailmodule_html\">\n<div class=\"detail-desc-decorate-richtext\">\n<div style=\"font-family:&quot;Open sans&quot;, Arial, Helvetica, sans-serif\">\n<div style=\"font-family:&quot;Open sans&quot;, Arial, Helvetica, sans-serif\"><img decoding=\"async\" style=\"width:100%\" width=\"100%\" src=\"https:\/\/d2qc09rl1gfuof.cloudfront.net\/vevor\/boutique-banner\/pc\/banner-en.jpg\" slate-data-type=\"image\"\/><\/div>\n<div style=\"font-family:&quot;Open sans&quot;, Arial, Helvetica, sans-serif\">\n<div style=\"font-size:16px;font-weight:bold;text-align:center;color:rgb(34, 34, 34);margin:24px 0px;margin-bottom:24px;margin-top:24px;margin-left:0px;margin-right:0px\" align=\"center\">VEVOR kaasaskantav elektriline t\u00f5stukvints<\/div>\n<div><img decoding=\"async\" style=\"width:100%\" width=\"100%\" src=\"https:\/\/d2qc09rl1gfuof.cloudfront.net\/product\/BXSDDHL1100BE27PC\/electric-hoist-a100-1.4.jpg\" slate-data-type=\"image\"\/><\/div>\n<div style=\"font-size:14px;text-align:center;color:rgb(34, 34, 34);margin:16px 0px 24px;margin-bottom:24px;margin-top:16px;margin-left:0px;margin-right:0px\" align=\"center\">Meie elektriline t\u00f5stukvints on eelk\u00f5ige mugavus. Haarake see, \u00fchendage vooluv\u00f5rku ja oletegi t\u00f5stmiseks valmis! Olenemata sellest, kas olete toas v\u00f5i \u00f5ues, saab see h\u00f5lpsalt hakkama kuni 1100 naela (533 kg) kaaluvate koormatega.<\/div>\n<\/div>\n<div style=\"font-family:&quot;Open sans&quot;, Arial, Helvetica, sans-serif\">\n<div>\u00a0<\/div>\n<div style=\"margin:8px 0px;margin-bottom:8px;margin-top:8px;margin-left:0px;margin-right:0px\"><img decoding=\"async\" style=\"width:100%\" width=\"100%\" src=\"https:\/\/d2qc09rl1gfuof.cloudfront.net\/product\/BXSDDHL1100BE27PC\/electric-hoist-a100-2.2.jpg\" slate-data-type=\"image\"\/><\/div>\n<div style=\"font-size:14px;text-align:center;color:rgb(34, 34, 34);margin:16px 0px 24px;margin-bottom:24px;margin-top:16px;margin-left:0px;margin-right:0px\" align=\"center\">Vali meie kaasaskantava elektrilise vintsiga kolme juhtimisv\u00f5imaluse vahel. L\u00e4hedalasuvate kiirete t\u00f6\u00f6de jaoks vali manuaalne re\u017eiim, keskmise ulatusega t\u00f6\u00f6de jaoks l\u00fclitu 19 jala pikkusele juhtmega puldile v\u00f5i naudi meie 200 jala pikkuse juhtmevaba juhtimise vabadust.<\/div>\n<\/div>\n<div style=\"font-family:&quot;Open sans&quot;, Arial, Helvetica, sans-serif\">\n<div>\u00a0<\/div>\n<div style=\"margin:8px 0px;margin-bottom:8px;margin-top:8px;margin-left:0px;margin-right:0px\"><img decoding=\"async\" style=\"width:100%\" width=\"100%\" src=\"https:\/\/d2qc09rl1gfuof.cloudfront.net\/product\/BXSDDHL1100BE27PC\/electric-hoist-a100-2.3.jpg\" slate-data-type=\"image\"\/><\/div>\n<div style=\"font-size:14px;text-align:center;color:rgb(34, 34, 34);margin:16px 0px 24px;margin-bottom:24px;margin-top:16px;margin-left:0px;margin-right:0px\" align=\"center\">Suurenda efektiivsust meie elektrilise vintsiga kraana esmaklassilise vaskmootori ja alumiiniumist k\u00e4igukastiga. Asi pole ainult v\u00f5imsuses \u2013 see on umbes 1500 W sujuvalt ja jahedalt t\u00f6\u00f6tavat j\u00f5udu, mis sobib ideaalselt pikkadeks t\u00f5stesessioonideks.<\/div>\n<\/div>\n<div style=\"font-family:&quot;Open sans&quot;, Arial, Helvetica, sans-serif\">\n<div>\u00a0<\/div>\n<div style=\"margin:8px 0px;margin-bottom:8px;margin-top:8px;margin-left:0px;margin-right:0px\"><img decoding=\"async\" style=\"width:100%\" width=\"100%\" src=\"https:\/\/d2qc09rl1gfuof.cloudfront.net\/product\/BXSDDHL1100BE27PC\/electric-hoist-a100-2.4.jpg\" slate-data-type=\"image\"\/><\/div>\n<div style=\"font-size:14px;text-align:center;color:rgb(34, 34, 34);margin:16px 0px 24px;margin-bottom:24px;margin-top:16px;margin-left:0px;margin-right:0px\" align=\"center\">Oleme oma elektrilise t\u00f5stukitrossiga pingutanud veelgi rohkem. Siin pole mingeid keerdk\u00e4ike \u2013 meie paks tsingitud terasest tross on loodud stabiilsuse ja turvalisuse tagamiseks, tagades teie koormate sujuva t\u00f5stmise.<\/div>\n<\/div>\n<div style=\"font-family:&quot;Open sans&quot;, Arial, Helvetica, sans-serif\">\n<div>\u00a0<\/div>\n<div style=\"margin:8px 0px;margin-bottom:8px;margin-top:8px;margin-left:0px;margin-right:0px\"><img decoding=\"async\" style=\"width:100%\" width=\"100%\" src=\"https:\/\/d2qc09rl1gfuof.cloudfront.net\/product\/BXSDDHL1100BE27PC\/electric-hoist-a100-2.5.jpg\" slate-data-type=\"image\"\/><\/div>\n<div style=\"font-size:14px;text-align:center;color:rgb(34, 34, 34);margin:16px 0px 24px;margin-bottom:24px;margin-top:16px;margin-left:0px;margin-right:0px\" align=\"center\">Siseruumides, \u00f5ues, k\u00f5rgel v\u00f5i horisontaalselt \u2013 meie kaasaskantav vints on teie valik k\u00f5ige vaevata teisaldamiseks k\u00f5ikjal. J\u00e4tke h\u00fcvasti \u00e4gava t\u00f6\u00f6ga ja tere tulemast pingutuseta t\u00f5stmisele.<\/div>\n<\/div>\n<div style=\"margin:16px 0px 24px;margin-bottom:24px;margin-top:16px;margin-left:0px;margin-right:0px\"><\/div>\n<div style=\"margin:24px 0px;margin-bottom:24px;margin-top:24px;margin-left:0px;margin-right:0px\">\n<div style=\"font-size:16px;font-weight:bold;color:rgb(34, 34, 34);margin:24px 0px 16px;margin-bottom:16px;margin-top:24px;margin-left:0px;margin-right:0px\">Omadused ja \u00fcksikasjad<\/div>\n<ul style=\"margin:16px 0px 24px;margin-bottom:24px;margin-top:16px;margin-left:0px;margin-right:0px\">\n<li style=\"font-size:14px;color:rgb(34, 34, 34)\">\n<p>3-\u00fches juhtimismeetodid: Tutvuge meie mitmek\u00fclgse elektrilise t\u00f5stukiga, millel on 3 juhtimisre\u017eiimi. Hankige praktiline manuaalne juhtimine kiireteks ja l\u00fchikese vahemaa t\u00f5mmeteks. 19 jala pikkune juhtmega pult on teie usaldusv\u00e4\u00e4rne abiline l\u00e4hedalasuvate raskete koormate t\u00f5stmiseks. V\u00f5i s\u00f5itke kaugele meie 200 jala pikkuse juhtmevaba puldiga \u2013 ideaalne k\u00f5rgelennuliste \u00fclesannete jaoks. M\u00c4RKUS. \u00c4rge laske esimesel kasutamisel t\u00f5stukil t\u00fchjalt t\u00f6\u00f6tada!<\/p>\n<\/li>\n<li style=\"font-size:14px;color:rgb(34, 34, 34)\">\n<p>200 jala pikkune juhtmevaba kaugjuhtimispult: Meie elektrilise vintsi juhtmevaba kaugjuhtimispult ulatub muljetavaldava 200 jala kaugusele. Kahe kaasasoleva kontrolleriga (ja v\u00f5imalusega lisada veel kolm) pole meeskonnat\u00f6\u00f6 t\u00f5stmine kunagi olnud lihtsam. Olgu tegemist mootorite v\u00f5i kaupade t\u00f5stmisega ladudes, meil on teile lahendus k\u00f5rgete ja kaugete \u00fclesannete jaoks.<\/p>\n<\/li>\n<li style=\"font-size:14px;color:rgb(34, 34, 34)\">\n<p>1500 W v\u00f5imas: Laadige alla meie kaasaskantava elektrilise vintsi 1500 W mootor \u2013 see on tasakaalus j\u00f5u ja kiirusega. T\u00f5stekiirusega kuni 13 jalga minutis ja 22,9 jala k\u00f5rgusega t\u00f5stuk on eelk\u00f5ige efektiivne v\u00f5imsusega. Lisaks t\u00e4hendab meie jahedalt t\u00f6\u00f6tav k\u00e4igukast, et olete valmis pikaks ja vastupidavaks veoks.<\/p>\n<\/li>\n<li style=\"font-size:14px;color:rgb(34, 34, 34)\">\n<p>Lennunduskvaliteediga materjal: Meie elektrivintskraana lennunduskvaliteediga tsingitud terastross kohtub tugevuse ja keerukusega. J\u00e4tke h\u00fcvasti keerdumistega ja tervitage vastupidavust, mis talub kuni 1520 MPa t\u00f5mbetugevust. K\u00f5ik seisneb enesekindlas ja meelerahus t\u00f5stmises.<\/p>\n<\/li>\n<li style=\"font-size:14px;color:rgb(34, 34, 34)\">\n<p>Tugev t\u00f5stekonks: Meie kaasaskantava vintsi tugev t\u00f5stekonks muudab m\u00e4ngu reegleid. See on v\u00f5imeline t\u00f5stma kuni 550 kg ehk \u00e4\u00e4rmiselt vastupidav. 360\u00b0 p\u00f6\u00f6rlemise ja tugeva turvalukuga p\u00fcsivad teie koormad kindlalt ja on kergesti man\u00f6\u00f6verdatavad. Seega t\u00f5stke see lehm (v\u00f5i \u00fcksk\u00f5ik mis muu) kergusega \u00fcles!<\/p>\n<\/li>\n<\/ul>\n<\/div>\n<div>\n<div>\u00a0<\/div>\n<div>\n<div>\u00a0<\/div>\n<div style=\"margin:16px 0px 24px;margin-bottom:24px;margin-top:16px;margin-left:0px;margin-right:0px\"><strong>500-A k\u00e4sitsi\/juhtmega\/juhtmevaba<\/strong><\/div>\n<div style=\"margin:16px 0px 24px;margin-bottom:24px;margin-top:16px;margin-left:0px;margin-right:0px\"><img decoding=\"async\" style=\"width:100%\" width=\"100%\" src=\"https:\/\/d2qc09rl1gfuof.cloudfront.net\/product\/BXSDDHL1100BE27PC\/electric-hoist-a100-1.11.jpg\" slate-data-type=\"image\"\/><\/div>\n<\/div>\n<\/div>\n<div style=\"font-family:&quot;Open sans&quot;, Arial, Helvetica, sans-serif\">\n<div>\u00a0<\/div>\n<div>\n<div style=\"margin:16px 0px 24px;margin-bottom:24px;margin-top:16px;margin-left:0px;margin-right:0px\"><span style=\"font-family:&quot;Microsoft YaHei&quot;\"><span style=\"font-family:&quot;Open sans&quot;, Arial, Helvetica, sans-serif\"><strong>500-B <\/strong><\/span><\/span><span style=\"font-family:&quot;Microsoft YaHei&quot;\"><strong>Manuaalne\/juhtmevaba<\/strong><\/span><\/div>\n<div style=\"margin:16px 0px 24px;margin-bottom:24px;margin-top:16px;margin-left:0px;margin-right:0px\"><img decoding=\"async\" style=\"width:100%\" width=\"100%\" src=\"https:\/\/d2qc09rl1gfuof.cloudfront.net\/product\/BXSDDHL1100BF7XB2\/electric-hoist-a100-1.11.jpg\" slate-data-type=\"image\"\/><\/div>\n<\/div>\n<\/div>\n<div style=\"font-family:&quot;Open sans&quot;, Arial, Helvetica, sans-serif\">\n<div>\u00a0<\/div>\n<div>\n<div style=\"margin:16px 0px 24px;margin-bottom:24px;margin-top:16px;margin-left:0px;margin-right:0px\"><span style=\"font-family:&quot;Microsoft YaHei&quot;\"><span style=\"font-family:&quot;Open sans&quot;, Arial, Helvetica, sans-serif\"><strong>500-C <\/strong><\/span><\/span><span style=\"font-family:&quot;Microsoft YaHei&quot;\"><strong>Manuaalne\/juhtmega<\/strong><\/span><\/div>\n<div style=\"margin:16px 0px 24px;margin-bottom:24px;margin-top:16px;margin-left:0px;margin-right:0px\"><img decoding=\"async\" style=\"width:100%\" width=\"100%\" src=\"https:\/\/d2qc09rl1gfuof.cloudfront.net\/product\/BXSDDHL1100BSJQDB\/electric-hoist-a100-1.11.jpg\" slate-data-type=\"image\"\/><\/div>\n<\/div>\n<\/div>\n<\/div>\n<p><\/div>\n<\/div>\n<p><\/p>","protected":false},"excerpt":{"rendered":"<p>Hign-concerned Chemical:&nbsp;None Origin:&nbsp;Mainland China Brand Name:&nbsp;VEVOR VEVOR Portable Electric Hoist Winch Our electric hoist winch is all about convenience. Grab it, plug it, and you&#x27;re set to lift! Whether you&#x27;re<\/p>","protected":false},"featured_media":25294,"comment_status":"open","ping_status":"closed","template":"","meta":{"_acf_changed":false},"product_brand":[],"product_cat":[517],"product_tag":[],"class_list":{"0":"post-25293","1":"product","2":"type-product","3":"status-publish","4":"has-post-thumbnail","6":"product_cat-electric-lifting-hoists","8":"first","9":"instock","10":"shipping-taxable","11":"purchasable","12":"product-type-variable"},"acf":[],"_links":{"self":[{"href":"https:\/\/electricstore.eu\/et\/wp-json\/wp\/v2\/product\/25293","targetHints":{"allow":["GET"]}}],"collection":[{"href":"https:\/\/electricstore.eu\/et\/wp-json\/wp\/v2\/product"}],"about":[{"href":"https:\/\/electricstore.eu\/et\/wp-json\/wp\/v2\/types\/product"}],"replies":[{"embeddable":true,"href":"https:\/\/electricstore.eu\/et\/wp-json\/wp\/v2\/comments?post=25293"}],"wp:featuredmedia":[{"embeddable":true,"href":"https:\/\/electricstore.eu\/et\/wp-json\/wp\/v2\/media\/25294"}],"wp:attachment":[{"href":"https:\/\/electricstore.eu\/et\/wp-json\/wp\/v2\/media?parent=25293"}],"wp:term":[{"taxonomy":"product_brand","embeddable":true,"href":"https:\/\/electricstore.eu\/et\/wp-json\/wp\/v2\/product_brand?post=25293"},{"taxonomy":"product_cat","embeddable":true,"href":"https:\/\/electricstore.eu\/et\/wp-json\/wp\/v2\/product_cat?post=25293"},{"taxonomy":"product_tag","embeddable":true,"href":"https:\/\/electricstore.eu\/et\/wp-json\/wp\/v2\/product_tag?post=25293"}],"curies":[{"name":"wp","href":"https:\/\/api.w.org\/{rel}","templated":true}]}}