{"id":25236,"date":"2025-05-20T18:58:08","date_gmt":"2025-05-20T18:58:08","guid":{"rendered":"https:\/\/electricstore.eu\/p\/uncategorized\/vevor-hand-winch-boat-trailer-winch-heavy-duty-rope-crank-polyester-strap-and-two-way-ratchet-manual-operated-hand-crank-winch\/"},"modified":"2025-05-20T18:58:37","modified_gmt":"2025-05-20T18:58:37","slug":"vevor-hand-winch-boat-trailer-winch-heavy-duty-rope-crank-polyester-strap-and-two-way-ratchet-manual-operated-hand-crank-winch","status":"publish","type":"product","link":"https:\/\/electricstore.eu\/et\/p\/o\/electric-winches\/vevor-hand-winch-boat-trailer-winch-heavy-duty-rope-crank-polyester-strap-and-two-way-ratchet-manual-operated-hand-crank-winch\/","title":{"rendered":"VEVOR k\u00e4sivints paadihaagise vints vastupidav k\u00f6isv\u00e4nt pol\u00fcesterrihm ja kahesuunaline hammasratas k\u00e4sitsi juhitav k\u00e4siv\u00e4ntvints"},"content":{"rendered":"<div class=\"product-specs-list-container\">\n<ul class=\"product-specs-list util-clearfix\">\n<li class=\"product-prop line-limit-length\"><span\n                                        class=\"property-title\">K\u00f5rge riskiga kemikaal:&nbsp;<\/span><span\n                                        class=\"property-desc line-limit-length\">Puudub<\/span>\n                            <\/li>\n<li class=\"product-prop line-limit-length\"><span\n                                        class=\"property-title\">P\u00e4ritolu:&nbsp;<\/span><span\n                                        class=\"property-desc line-limit-length\">Mandri-Hiina<\/span>\n                            <\/li>\n<li class=\"product-prop line-limit-length\"><span\n                                        class=\"property-title\">Br\u00e4ndi nimi:&nbsp;<\/span><span\n                                        class=\"property-desc line-limit-length\">VEVOR<\/span>\n                            <\/li>\n<li class=\"product-prop line-limit-length\"><span\n                                        class=\"property-title\">Toote mudelinumber:&nbsp;<\/span><span\n                                        class=\"property-desc line-limit-length\">KW3500<\/span>\n                            <\/li>\n<li class=\"product-prop line-limit-length\"><span\n                                        class=\"property-title\">Maksimaalne t\u00f5mbev\u00f5ime:&nbsp;<\/span><span\n                                        class=\"property-desc line-limit-length\">3500 naela \/ 2000 naela \/ 1600 naela \/ 1200 naela<\/span>\n                            <\/li>\n<li class=\"product-prop line-limit-length\"><span\n                                        class=\"property-title\">Toote kaal:&nbsp;<\/span><span\n                                        class=\"property-desc line-limit-length\">11,35 naela \/ 7,6 naela \/ 8,59 naela \/ 6,28 naela<\/span>\n                            <\/li>\n<li class=\"product-prop line-limit-length\"><span\n                                        class=\"property-title\">3500 naela toote suurus:&nbsp;<\/span><span\n                                        class=\"property-desc line-limit-length\">10,23 x 6,29 x 7,08 tolli \/ 260 x 160 x 180 mm<\/span>\n                            <\/li>\n<li class=\"product-prop line-limit-length\"><span\n                                        class=\"property-title\">2000 naela toote suurus:&nbsp;<\/span><span\n                                        class=\"property-desc line-limit-length\">8,18 x 4,13 x 5,94 tolli \/ 208 x 105 x 151 mm<\/span>\n                            <\/li>\n<li class=\"product-prop line-limit-length\"><span\n                                        class=\"property-title\">1600 naela toote suurus:&nbsp;<\/span><span\n                                        class=\"property-desc line-limit-length\">8,81 x 5,94 x 6,96 tolli \/ 224 x 151 x 177 mm<\/span>\n                            <\/li>\n<li class=\"product-prop line-limit-length\"><span\n                                        class=\"property-title\">1200 naela toote suurus:&nbsp;<\/span><span\n                                        class=\"property-desc line-limit-length\">8,18 x 5,43 x 5,86 tolli \/ 208 x 138 x 149 mm<\/span>\n                            <\/li>\n<\/ul><\/div>\n<div class=\"detailmodule_dynamic\"><kse:widget data-widget-type=\"customText\" id=\"1005000000790434\" type=\"relation\"><\/kse:widget><\/div>\n<div class=\"detailmodule_html\">\n<div class=\"detail-desc-decorate-richtext\">\n<div style=\"font-family:&quot;Open sans&quot;, Arial, Helvetica, sans-serif\">\n<div><img decoding=\"async\" style=\"width:100%\" width=\"100%\" src=\"https:\/\/d2qc09rl1gfuof.cloudfront.net\/vevor\/boutique-banner\/pc\/banner-en.jpg\" slate-data-type=\"image\"\/><\/div>\n<div>\n<div style=\"font-size:16px;font-weight:bold;text-align:center;color:rgb(34, 34, 34);margin:24px 0px;margin-bottom:24px;margin-top:24px;margin-left:0px;margin-right:0px\" align=\"center\">VEVOR k\u00e4sivints \u2013 k\u00f5ik t\u00f5mbej\u00f5u ja lihtsuse kohta<\/div>\n<div><img decoding=\"async\" style=\"width:100%\" width=\"100%\" src=\"https:\/\/d2qc09rl1gfuof.cloudfront.net\/product\/CYSDJP3500BDRD94X\/hand-winch-a100-1.4.jpg\" slate-data-type=\"image\"\/><\/div>\n<div style=\"font-size:14px;text-align:center;color:rgb(34, 34, 34);margin:16px 0px 24px;margin-bottom:24px;margin-top:16px;margin-left:0px;margin-right:0px\" align=\"center\">Sinu uus abiline rasketeks t\u00f5mmeteks \u2013 meie k\u00e4sivints. 3500 naela kandev\u00f5imega, 33 jala pikkuse rihmaga, 4:1\/8:1 kahekiiruselise kahesuunalise hammasrattaga ja 10-tollise mugava k\u00e4epidemega on see valmis sinu veoj\u00f5uproffiks liikvel olles.<\/div>\n<div style=\"font-size:14px;text-align:center;color:rgb(34, 34, 34);margin:16px 0px 24px;margin-bottom:24px;margin-top:16px;margin-left:0px;margin-right:0px\" align=\"center\"><img decoding=\"async\" src=\"https:\/\/d2qc09rl1gfuof.cloudfront.net\/product\/CYSDJP2000BDI2OUW\/hand-winch-a100-1.4.jpg\" slate-data-type=\"image\"\/><\/div>\n<div style=\"font-size:14px;text-align:center;color:rgb(34, 34, 34);margin:16px 0px 24px;margin-bottom:24px;margin-top:16px;margin-left:0px;margin-right:0px\" align=\"center\"><span style=\"background-color:rgb(255, 255, 255);color:rgb(13, 17, 17);font-family:&quot;Roboto Condensed&quot;\">Sinu uus abiline rasketeks t\u00f5mmeteks \u2013 meie k\u00e4sivints. 900-naelase kandev\u00f5imega, 7,8 meetri pikkuse rihmaga, 4:1 \u00fchekiiruselise kahesuunalise hammasratta ja 20-tollise mugava k\u00e4epidemega on see valmis sinu veoj\u00f5uproffiks liikvel olles.<\/span><\/div>\n<div style=\"font-size:14px;text-align:center;color:rgb(34, 34, 34);margin:16px 0px 24px;margin-bottom:24px;margin-top:16px;margin-left:0px;margin-right:0px\" align=\"center\"><img decoding=\"async\" src=\"https:\/\/d2qc09rl1gfuof.cloudfront.net\/product\/CYSDJP1600BDKMHDE\/hand-winch-a100-1.4.jpg\" slate-data-type=\"image\"\/><\/div>\n<div style=\"font-size:14px;text-align:center;color:rgb(34, 34, 34);margin:16px 0px 24px;margin-bottom:24px;margin-top:16px;margin-left:0px;margin-right:0px\" align=\"center\"><span style=\"background-color:rgb(255, 255, 255);color:rgb(13, 17, 17);font-family:&quot;Roboto Condensed&quot;\">Sinu uus abiline rasketeks t\u00f5mmeteks \u2013 meie k\u00e4sivints. 727 kg kandev\u00f5imega, 10-meetrise rihmaga, 4:1 \u00fchekiiruselise kahesuunalise hammasratta ja 20-tollise mugava k\u00e4epidemega on see valmis sinu veoj\u00f5uekspert liikvel olles.<\/span><\/div>\n<div style=\"font-size:14px;text-align:center;color:rgb(34, 34, 34);margin:16px 0px 24px;margin-bottom:24px;margin-top:16px;margin-left:0px;margin-right:0px\" align=\"center\"><img decoding=\"async\" src=\"https:\/\/d2qc09rl1gfuof.cloudfront.net\/product\/CYSDJP1200BDE18BE\/hand-winch-a100-1.4.jpg\" slate-data-type=\"image\"\/><\/div>\n<div style=\"font-size:14px;text-align:center;color:rgb(34, 34, 34);margin:16px 0px 24px;margin-bottom:24px;margin-top:16px;margin-left:0px;margin-right:0px\" align=\"center\"><span style=\"background-color:rgb(255, 255, 255);color:rgb(13, 17, 17);font-family:&quot;Roboto Condensed&quot;\">Sinu uus abiline rasketeks t\u00f5mmeteks \u2013 meie k\u00e4sivints. 1200 naela kandev\u00f5imega, 23 jala pikkuse rihmaga, 4:1 \u00fchekiiruselise kahesuunalise hammasratta ja 8-tollise mugava k\u00e4epidemega on see valmis sinu veoj\u00f5uproffiks liikvel olles.<\/span><\/div>\n<\/div>\n<div>\n<div>\u00a0<\/div>\n<div style=\"margin:8px 0px;margin-bottom:8px;margin-top:8px;margin-left:0px;margin-right:0px\"><img decoding=\"async\" style=\"width:100%\" width=\"100%\" src=\"https:\/\/d2qc09rl1gfuof.cloudfront.net\/product\/CYSDJP3500BDRD94X\/hand-winch-a100-2.2.jpg\" slate-data-type=\"image\"\/><\/div>\n<div style=\"font-size:14px;text-align:center;color:rgb(34, 34, 34);margin:16px 0px 24px;margin-bottom:24px;margin-top:16px;margin-left:0px;margin-right:0px\" align=\"center\">Kas seisate silmitsi kinni j\u00e4\u00e4nud s\u00f5iduki v\u00f5i paadiga, mis lihtsalt ei liigu? Meie paadivints p\u00e4\u00e4stab teid! See on loodud k\u00f5ige keerulisemate t\u00f5mmetega hakkama saamiseks, pakkudes 3500 naela (1529 kg) t\u00f5mbej\u00f5udu k\u00f5igi teie igap\u00e4evaste v\u00e4ljakutsete jaoks.<\/div>\n<div style=\"font-size:14px;text-align:center;color:rgb(34, 34, 34);margin:16px 0px 24px;margin-bottom:24px;margin-top:16px;margin-left:0px;margin-right:0px\" align=\"center\"><img decoding=\"async\" src=\"https:\/\/d2qc09rl1gfuof.cloudfront.net\/product\/CYSDJP2000BDI2OUW\/hand-winch-a100-2.2.jpg\" slate-data-type=\"image\"\/><\/div>\n<div style=\"font-size:14px;text-align:center;color:rgb(34, 34, 34);margin:16px 0px 24px;margin-bottom:24px;margin-top:16px;margin-left:0px;margin-right:0px\" align=\"center\"><span style=\"background-color:rgb(255, 255, 255);color:rgb(13, 17, 17);font-family:&quot;Roboto Condensed&quot;\">Kas seisate silmitsi kinni j\u00e4\u00e4nud s\u00f5iduki v\u00f5i paadiga, mis lihtsalt ei liigu? Meie paadivints p\u00e4\u00e4stab teid! See on loodud k\u00f5ige keerulisemate t\u00f5mmetega hakkama saamiseks, pakkudes 2000 naela (900 kg) t\u00f5mbej\u00f5udu k\u00f5igi teie igap\u00e4evaste v\u00e4ljakutsete jaoks.<\/span><\/div>\n<div style=\"font-size:14px;text-align:center;color:rgb(34, 34, 34);margin:16px 0px 24px;margin-bottom:24px;margin-top:16px;margin-left:0px;margin-right:0px\" align=\"center\"><img decoding=\"async\" src=\"https:\/\/d2qc09rl1gfuof.cloudfront.net\/product\/CYSDJP1600BDKMHDE\/hand-winch-a100-2.2.jpg\" slate-data-type=\"image\"\/><\/div>\n<div style=\"font-size:14px;text-align:center;color:rgb(34, 34, 34);margin:16px 0px 24px;margin-bottom:24px;margin-top:16px;margin-left:0px;margin-right:0px\" align=\"center\"><span style=\"background-color:rgb(255, 255, 255);color:rgb(13, 17, 17);font-family:&quot;Roboto Condensed&quot;\">Kas seisate silmitsi kinni j\u00e4\u00e4nud s\u00f5iduki v\u00f5i paadiga, mis lihtsalt ei liigu? Meie paadivints p\u00e4\u00e4stab teid! See on loodud k\u00f5ige keerulisemate t\u00f5mmetega hakkama saamiseks, pakkudes 1600 naela (727 kg) t\u00f5mbej\u00f5udu k\u00f5igi teie igap\u00e4evaste v\u00e4ljakutsete jaoks.<\/span><\/div>\n<div style=\"font-size:14px;text-align:center;color:rgb(34, 34, 34);margin:16px 0px 24px;margin-bottom:24px;margin-top:16px;margin-left:0px;margin-right:0px\" align=\"center\"><img decoding=\"async\" src=\"https:\/\/d2qc09rl1gfuof.cloudfront.net\/product\/CYSDJP1200BDE18BE\/hand-winch-a100-2.2.jpg\" slate-data-type=\"image\"\/><\/div>\n<div style=\"font-size:14px;text-align:center;color:rgb(34, 34, 34);margin:16px 0px 24px;margin-bottom:24px;margin-top:16px;margin-left:0px;margin-right:0px\" align=\"center\"><span style=\"background-color:rgb(255, 255, 255);color:rgb(13, 17, 17);font-family:&quot;Roboto Condensed&quot;\">Kas seisate silmitsi kinni j\u00e4\u00e4nud s\u00f5iduki v\u00f5i paadiga, mis lihtsalt ei liigu? Meie paadivints p\u00e4\u00e4stab teid! See on loodud k\u00f5ige keerulisemate t\u00f5mmetega hakkama saamiseks, pakkudes 1200 naela (500 kg) t\u00f5mbej\u00f5udu k\u00f5igi teie igap\u00e4evaste v\u00e4ljakutsete jaoks.<\/span><\/div>\n<\/div>\n<div>\n<div>\u00a0<\/div>\n<div style=\"margin:8px 0px;margin-bottom:8px;margin-top:8px;margin-left:0px;margin-right:0px\"><img decoding=\"async\" style=\"width:100%\" width=\"100%\" src=\"https:\/\/d2qc09rl1gfuof.cloudfront.net\/product\/CYSDJP3500BDRD94X\/hand-winch-a100-2.3.jpg\" slate-data-type=\"image\"\/><\/div>\n<div style=\"font-size:14px;text-align:center;color:rgb(34, 34, 34);margin:16px 0px 24px;margin-bottom:24px;margin-top:16px;margin-left:0px;margin-right:0px\" align=\"center\">Unustage k\u00e4igud, mis esimeste ilmastikum\u00e4rkide ilmnedes alla annavad. Meie paadik\u00f6ie v\u00e4nda k\u00e4igud on kuumt\u00f6\u00f6deldud, et need peaksid vastu k\u00f5igele \u2013 olgu selleks lumetorm v\u00f5i p\u00e4ikesepaisteline p\u00e4ev. Roostekindlad ja sujuvalt t\u00f6\u00f6tavad \u2013 need k\u00e4igud on t\u00f6\u00f6kindlad.<\/div>\n<\/div>\n<div>\n<div>\u00a0<\/div>\n<div style=\"margin:8px 0px;margin-bottom:8px;margin-top:8px;margin-left:0px;margin-right:0px\"><img decoding=\"async\" style=\"width:100%\" width=\"100%\" src=\"https:\/\/d2qc09rl1gfuof.cloudfront.net\/product\/CYSDJP3500BDRD94X\/hand-winch-a100-2.4.jpg\" slate-data-type=\"image\"\/><\/div>\n<div style=\"font-size:14px;text-align:center;color:rgb(34, 34, 34);margin:16px 0px 24px;margin-bottom:24px;margin-top:16px;margin-left:0px;margin-right:0px\" align=\"center\">Meie k\u00e4siv\u00e4ntaga vintsil on tugev, \u00fches t\u00fckis sepistatud konks, mis on piisavalt tugev ka k\u00f5ige raskemate koormate jaoks. Selle lai ava sobib isegi k\u00f5ige j\u00e4medamate k\u00f6ite v\u00f5i haagisekonksude jaoks ning iselukustuv turvariiviga p\u00fcsib teie koorem kindlalt paigal.<\/div>\n<\/div>\n<div>\n<div>\u00a0<\/div>\n<div style=\"margin:8px 0px;margin-bottom:8px;margin-top:8px;margin-left:0px;margin-right:0px\"><img decoding=\"async\" style=\"width:100%\" width=\"100%\" src=\"https:\/\/d2qc09rl1gfuof.cloudfront.net\/product\/CYSDJP3500BDRD94X\/hand-winch-a100-2.5.jpg\" slate-data-type=\"image\"\/><\/div>\n<div style=\"font-size:14px;text-align:center;color:rgb(34, 34, 34);margin:16px 0px 24px;margin-bottom:24px;margin-top:16px;margin-left:0px;margin-right:0px\" align=\"center\">Selle vastupidava k\u00e4sivintsi paigaldamiseks ei pea te olema t\u00f6\u00f6riistade tundja. Lihtsalt paigaldage see, seadke k\u00e4epide, reguleerige hammasratast ja oletegi valmis. Kiire, lihtne ja probleemivaba \u2013 nii lihtne see ongi.<\/div>\n<\/div>\n<div style=\"margin:16px 0px 24px;margin-bottom:24px;margin-top:16px;margin-left:0px;margin-right:0px\"><\/div>\n<div style=\"margin:24px 0px;margin-bottom:24px;margin-top:24px;margin-left:0px;margin-right:0px\">\n<div style=\"font-size:16px;font-weight:bold;color:rgb(34, 34, 34);margin:24px 0px 16px;margin-bottom:16px;margin-top:24px;margin-left:0px;margin-right:0px\">Omadused ja \u00fcksikasjad<\/div>\n<ul style=\"margin:16px 0px 24px;margin-bottom:24px;margin-top:16px;margin-left:0px;margin-right:0px\">\n<li style=\"font-size:14px;color:rgb(34, 34, 34)\">\n<p>Tugev rihm, vastupidavam j\u00f5udlus: Meie k\u00e4sivintsil on 33 jala pikkune \u00fclitugev pol\u00fcesterrihm, mille t\u00f5mbej\u00f5ud on kuni 3500 naela. Unustage need haprad ja purunemisaltid k\u00f6ied. See on m\u00f5eldud pikaks ajaks, valmis hakkama saama isegi k\u00f5ige raskemate s\u00f5idukite ja paatidega.<\/p>\n<\/li>\n<li style=\"font-size:14px;color:rgb(34, 34, 34)\">\n<p>Kahesuunaline hammasratas: See paadik\u00f6ie v\u00e4nt on varustatud tipptasemel s\u00fcsinikterasest kahesuunalise hammasrattaga. 4:1\/8:1 kahekiiruselise k\u00e4epideme asendi reguleerimiseks on k\u00f5ik kontrolli all \u2013 kerige sisse, kerige v\u00e4lja, teie valik. T\u00e4nu k\u00f5rgtemperatuursele karastamisprotsessile on need hammasrattad vastupidavad ja valmis vastu pidama v\u00e4listingimustes esinevatele raskustele.<\/p>\n<\/li>\n<li style=\"font-size:14px;color:rgb(34, 34, 34)\">\n<p>Sepistatud konks: Asi pole ainult paadivintsi rihmas. Ka konks on oluline. Jutt k\u00e4ib 26 mm laiusest avausest, mis on sepistatud tugevuse tagamiseks ja valmis raskeid koormaid vaevata kandma. Selle korrosiooni- ja pragunemiskindel konstruktsioon t\u00e4hendab, et see hoiab oma kuju iga kasutuskorra j\u00e4rel. Lisaks pakub turvalukk teie meelerahu.<\/p>\n<\/li>\n<li style=\"font-size:14px;color:rgb(34, 34, 34)\">\n<p>Lihtne k\u00e4sitseda: Meie k\u00e4siv\u00e4ntaga vintsil on ergonoomiline k\u00e4epide, mille pikkus on ideaalselt 10 tolli. Siin on oluline haare ja mugavus koos vastupidava tsingitud raamiga. Kiire paigaldus ja veelgi kiirem kasutamine \u2013 see v\u00e4ike j\u00f5ujaam teeb raskete s\u00f5idukite ja paatide vedamise imelihtsaks.<\/p>\n<\/li>\n<li style=\"font-size:14px;color:rgb(34, 34, 34)\">\n<p>Valmis k\u00f5igeks, igal pool: Lihtne paigaldada, imelihtne kasutada \u2013 meie vastupidav k\u00e4sivints on teie valik horisontaalseks t\u00f5mbamiseks k\u00f5ikjal. Siseruumides, \u00f5ues, vees v\u00f5i maal \u2013 viige see mootorpaatide, haagiste v\u00f5i maastikus\u00f5idukite juurde ja vaadake, kuidas see oma v\u00f5luj\u00f5udu teeb.<\/p>\n<\/li>\n<li style=\"font-size:14px;color:rgb(34, 34, 34)\">\n<p><span style=\"color:rgb(0, 0, 0);font-size:medium\"><strong><span style=\"font-size:24px\"><span style=\"color:rgb(186, 55, 42)\">3500 naela<\/span><\/span><\/strong><\/span><span style=\"color:rgb(0, 0, 0);font-size:medium\"><strong><span style=\"font-size:24px\">\u00a0Spetsifikatsioonid<\/span><\/strong><\/span><\/p>\n<\/li>\n<\/ul>\n<\/div>\n<div>\n<div>\u00a0<\/div>\n<div>\n<div>\u00a0<\/div>\n<div style=\"margin:16px 0px 24px;margin-bottom:24px;margin-top:16px;margin-left:0px;margin-right:0px\"><img decoding=\"async\" style=\"width:100%\" width=\"100%\" src=\"https:\/\/d2qc09rl1gfuof.cloudfront.net\/product\/CYSDJP3500BDRD94X\/hand-winch-a100-1.11.jpg\" slate-data-type=\"image\"\/><\/div>\n<div style=\"margin:16px 0px 24px;margin-bottom:24px;margin-top:16px;margin-left:0px;margin-right:0px\">\n<ul style=\"margin:16px 0px 24px;margin-bottom:24px;margin-top:16px;margin-left:0px;margin-right:0px\">\n<li style=\"font-size:14px;color:rgb(34, 34, 34)\">\n<p><span style=\"color:rgb(0, 0, 0);font-size:medium\"><strong><span style=\"font-size:24px\"><span style=\"color:rgb(186, 55, 42)\">2000 naela<\/span><\/span><\/strong><\/span><span style=\"color:rgb(0, 0, 0);font-size:medium\"><strong><span style=\"font-size:24px\"> Spetsifikatsioonid<\/span><\/strong><\/span><\/p>\n<\/li>\n<\/ul>\n<\/div>\n<\/div>\n<\/div>\n<div>\n<div>\u00a0<\/div>\n<div>\n<div>\u00a0<\/div>\n<div style=\"margin:16px 0px 24px;margin-bottom:24px;margin-top:16px;margin-left:0px;margin-right:0px\"><img decoding=\"async\" style=\"width:100%\" width=\"100%\" src=\"https:\/\/d2qc09rl1gfuof.cloudfront.net\/product\/CYSDJP2000BDI2OUW\/hand-winch-a100-1.11.jpg\" slate-data-type=\"image\"\/><\/div>\n<div style=\"margin:16px 0px 24px;margin-bottom:24px;margin-top:16px;margin-left:0px;margin-right:0px\">\n<ul style=\"margin:16px 0px 24px;margin-bottom:24px;margin-top:16px;margin-left:0px;margin-right:0px\">\n<li style=\"font-size:14px;color:rgb(34, 34, 34)\">\n<p><span style=\"color:rgb(0, 0, 0);font-size:medium\"><strong><span style=\"font-size:24px\"><span style=\"color:rgb(186, 55, 42)\">1600 naela<\/span><\/span><\/strong><\/span><span style=\"color:rgb(0, 0, 0);font-size:medium\"><strong><span style=\"font-size:24px\"> Spetsifikatsioonid<\/span><\/strong><\/span><\/p>\n<\/li>\n<\/ul>\n<\/div>\n<\/div>\n<\/div>\n<div>\n<div>\u00a0<\/div>\n<div>\n<div>\u00a0<\/div>\n<div style=\"margin:16px 0px 24px;margin-bottom:24px;margin-top:16px;margin-left:0px;margin-right:0px\"><img decoding=\"async\" style=\"width:100%\" width=\"100%\" src=\"https:\/\/d2qc09rl1gfuof.cloudfront.net\/product\/CYSDJP1600BDKMHDE\/hand-winch-a100-1.11.jpg\" slate-data-type=\"image\"\/><\/div>\n<div style=\"margin:16px 0px 24px;margin-bottom:24px;margin-top:16px;margin-left:0px;margin-right:0px\">\n<ul style=\"margin:16px 0px 24px;margin-bottom:24px;margin-top:16px;margin-left:0px;margin-right:0px\">\n<li style=\"font-size:14px;color:rgb(34, 34, 34)\">\n<p><span style=\"color:rgb(0, 0, 0);font-size:medium\"><strong><span style=\"font-size:24px\"><span style=\"color:rgb(186, 55, 42)\">1200 naela<\/span><\/span><\/strong><\/span><span style=\"color:rgb(0, 0, 0);font-size:medium\"><strong><span style=\"font-size:24px\"> Spetsifikatsioonid<\/span><\/strong><\/span><\/p>\n<\/li>\n<\/ul>\n<\/div>\n<\/div>\n<\/div>\n<div>\n<div>\u00a0<\/div>\n<div>\n<div>\u00a0<\/div>\n<div style=\"margin:16px 0px 24px;margin-bottom:24px;margin-top:16px;margin-left:0px;margin-right:0px\"><img decoding=\"async\" style=\"width:100%\" width=\"100%\" src=\"https:\/\/d2qc09rl1gfuof.cloudfront.net\/product\/CYSDJP1200BDE18BE\/hand-winch-a100-1.11.jpg\" slate-data-type=\"image\"\/><\/div>\n<\/div>\n<\/div>\n<\/div>\n<p><\/p>\n<\/div>\n<\/div>\n<div class=\"detailmodule_dynamic\"><kse:widget data-widget-type=\"customText\" id=\"1005000000397265\" type=\"custom\"><\/kse:widget><\/div>\n<p><\/p>","protected":false},"excerpt":{"rendered":"<p>Hign-concerned Chemical:&nbsp;None Origin:&nbsp;Mainland China Brand Name:&nbsp;VEVOR Item Model Number:&nbsp;KW3500 Max Pulling Capacity:&nbsp;3500 lbs\/2000 lbs\/1600 lbs\/1200 lbs Product Weight:&nbsp;11.35 lbs\/7.6 lbs\/8.59 lbs\/6.28 lbs 3500lbs Product Size:&nbsp;10.23 x 6.29 x 7.08 in\/260<\/p>","protected":false},"featured_media":25237,"comment_status":"open","ping_status":"closed","template":"","meta":{"_acf_changed":false},"product_brand":[],"product_cat":[522],"product_tag":[],"class_list":{"0":"post-25236","1":"product","2":"type-product","3":"status-publish","4":"has-post-thumbnail","6":"product_cat-electric-winches","8":"first","9":"instock","10":"shipping-taxable","11":"purchasable","12":"product-type-variable"},"acf":[],"_links":{"self":[{"href":"https:\/\/electricstore.eu\/et\/wp-json\/wp\/v2\/product\/25236","targetHints":{"allow":["GET"]}}],"collection":[{"href":"https:\/\/electricstore.eu\/et\/wp-json\/wp\/v2\/product"}],"about":[{"href":"https:\/\/electricstore.eu\/et\/wp-json\/wp\/v2\/types\/product"}],"replies":[{"embeddable":true,"href":"https:\/\/electricstore.eu\/et\/wp-json\/wp\/v2\/comments?post=25236"}],"wp:featuredmedia":[{"embeddable":true,"href":"https:\/\/electricstore.eu\/et\/wp-json\/wp\/v2\/media\/25237"}],"wp:attachment":[{"href":"https:\/\/electricstore.eu\/et\/wp-json\/wp\/v2\/media?parent=25236"}],"wp:term":[{"taxonomy":"product_brand","embeddable":true,"href":"https:\/\/electricstore.eu\/et\/wp-json\/wp\/v2\/product_brand?post=25236"},{"taxonomy":"product_cat","embeddable":true,"href":"https:\/\/electricstore.eu\/et\/wp-json\/wp\/v2\/product_cat?post=25236"},{"taxonomy":"product_tag","embeddable":true,"href":"https:\/\/electricstore.eu\/et\/wp-json\/wp\/v2\/product_tag?post=25236"}],"curies":[{"name":"wp","href":"https:\/\/api.w.org\/{rel}","templated":true}]}}