{"id":25039,"date":"2025-05-20T18:44:05","date_gmt":"2025-05-20T18:44:05","guid":{"rendered":"https:\/\/electricstore.eu\/p\/uncategorized\/vevor-come-along-winch-2-4-5-ton-pulling-capacity-heavy-duty-ratchet-automotive-hoist-power-cable-puller-for-vehicle-rescue\/"},"modified":"2025-05-20T18:48:06","modified_gmt":"2025-05-20T18:48:06","slug":"vevor-come-along-winch-2-4-5-ton-pulling-capacity-heavy-duty-ratchet-automotive-hoist-power-cable-puller-for-vehicle-rescue","status":"publish","type":"product","link":"https:\/\/electricstore.eu\/et\/p\/o\/electric-lifting-hoists\/vevor-come-along-winch-2-4-5-ton-pulling-capacity-heavy-duty-ratchet-automotive-hoist-power-cable-puller-for-vehicle-rescue\/","title":{"rendered":"VEVOR Come Along Winch 2\/4\/5 tonni t\u00f5mbev\u00f5imsusega raskeveokite hammasrattaga autot\u00f5stuki toitekaabli t\u00f5mmits s\u00f5idukite p\u00e4\u00e4stmiseks"},"content":{"rendered":"<div class=\"product-specs-list-container\">\n<ul class=\"product-specs-list util-clearfix\">\n<li class=\"product-prop line-limit-length\"><span\n                                        class=\"property-title\">K\u00f5rge riskiga kemikaal:&nbsp;<\/span><span\n                                        class=\"property-desc line-limit-length\">Puudub<\/span>\n                            <\/li>\n<li class=\"product-prop line-limit-length\"><span\n                                        class=\"property-title\">P\u00e4ritolu:&nbsp;<\/span><span\n                                        class=\"property-desc line-limit-length\">Mandri-Hiina<\/span>\n                            <\/li>\n<li class=\"product-prop line-limit-length\"><span\n                                        class=\"property-title\">Br\u00e4ndi nimi:&nbsp;<\/span><span\n                                        class=\"property-desc line-limit-length\">VEVOR<\/span>\n                            <\/li>\n<li class=\"product-prop line-limit-length\"><span\n                                        class=\"property-title\">Br\u00e4nd:&nbsp;<\/span><span\n                                        class=\"property-desc line-limit-length\">VEVOR<\/span>\n                            <\/li>\n<li class=\"product-prop line-limit-length\"><span\n                                        class=\"property-title\">Maksimaalne kandev\u00f5ime:&nbsp;<\/span><span\n                                        class=\"property-desc line-limit-length\">2\/4\/5T<\/span>\n                            <\/li>\n<li class=\"product-prop line-limit-length\"><span\n                                        class=\"property-title\">1. funktsioon:&nbsp;<\/span><span\n                                        class=\"property-desc line-limit-length\">2 konksuga<\/span>\n                            <\/li>\n<li class=\"product-prop line-limit-length\"><span\n                                        class=\"property-title\">2. funktsioon:&nbsp;<\/span><span\n                                        class=\"property-desc line-limit-length\">Tule kaasa vints<\/span>\n                            <\/li>\n<li class=\"product-prop line-limit-length\"><span\n                                        class=\"property-title\">3. funktsioon:&nbsp;<\/span><span\n                                        class=\"property-desc line-limit-length\">Ratchet Automotive Hoist toitekaabli t\u00f5mmits<\/span>\n                            <\/li>\n<li class=\"product-prop line-limit-length\"><span\n                                        class=\"property-title\">4. funktsioon:&nbsp;<\/span><span\n                                        class=\"property-desc line-limit-length\">s\u00f5idukite p\u00e4\u00e4stmiseks<\/span>\n                            <\/li>\n<\/ul><\/div>\n<div class=\"detailmodule_html\">\n<div class=\"detail-desc-decorate-richtext\">\n<div class=\"detailmodule_dynamic\"><kse:widget data-widget-type=\"customText\" id=\"1005000000572806\" type=\"relation\"><\/kse:widget><\/div>\n<div style=\"font-family:&quot;Open sans&quot;, Arial, Helvetica, sans-serif\">\n<div><img decoding=\"async\" style=\"width:100%\" width=\"100%\" src=\"https:\/\/d2qc09rl1gfuof.cloudfront.net\/vevor\/boutique-banner\/pc\/banner-en.jpg\" slate-data-type=\"image\"\/><\/div>\n<div>\n<div><\/div>\n<p style=\"text-align:center\" align=\"center\"><span style=\"color:rgb(15, 17, 17);font-size:26px;font-family:Arial\">Teie parim valik pukseerimis- ja veot\u00f6\u00f6deks<\/span><\/p>\n<div><img decoding=\"async\" style=\"width:100%\" width=\"100%\" src=\"https:\/\/d2qc09rl1gfuof.cloudfront.net\/product\/GSSJXQ2T13YCZS88W\/power-puller-a100-1.4.jpg\" slate-data-type=\"image\"\/><\/div>\n<div style=\"font-size:14px;text-align:center;color:rgb(34, 34, 34);margin:16px 0px 24px;margin-bottom:24px;margin-top:16px;margin-left:0px;margin-right:0px\" align=\"center\"><span style=\"color:rgb(15, 17, 17);font-size:20px;font-family:Arial\">Vajad t\u00f5sist t\u00f5mbej\u00f5udu? VEVORi j\u00f5ut\u00f5mmits on just see, mida vajad. T\u00e4nu tugevale \u00fches t\u00fckis hammasratta konstruktsioonile libiseb see pingutuseta, et kinnitada k\u00f5ike, mida liigutad. Ideaalne s\u00f5idukite p\u00e4\u00e4stmiseks, materjalide teisaldamiseks, k\u00e4ndude eemaldamiseks v\u00f5i m\u00f6\u00f6bli teisaldamiseks \u2013 meie lahendame sinu kiireloomulised vajadused!<\/span><\/div>\n<\/div>\n<div>\n<div style=\"margin:8px 0px;margin-bottom:8px;margin-top:8px;margin-left:0px;margin-right:0px\"><img decoding=\"async\" style=\"width:100%\" width=\"100%\" src=\"https:\/\/d2qc09rl1gfuof.cloudfront.net\/product\/GSSJXQ2T13YCZS88W\/power-puller-a100-2.2.jpg\" slate-data-type=\"image\"\/><\/div>\n<div style=\"font-size:14px;text-align:center;color:rgb(34, 34, 34);margin:16px 0px 24px;margin-bottom:24px;margin-top:16px;margin-left:0px;margin-right:0px\" align=\"center\"><span style=\"color:rgb(15, 17, 17);font-size:20px;font-family:Arial\">See hammasrattaga j\u00f5ut\u00f5mmits on varustatud t\u00f6\u00f6stusliku s\u00fcsinikterasest trossiga. See on loodud suurema vastupidavuse ja kulumiskindluse tagamiseks \u2013 see t\u00e4hendab, et saate t\u00f5mmata ja vedada aastaid.<\/span><\/div>\n<\/div>\n<div>\n<div style=\"margin:8px 0px;margin-bottom:8px;margin-top:8px;margin-left:0px;margin-right:0px\"><img decoding=\"async\" style=\"width:100%\" width=\"100%\" src=\"https:\/\/d2qc09rl1gfuof.cloudfront.net\/product\/GSSJXQ2T13YCZS88W\/power-puller-a100-2.3.jpg\" slate-data-type=\"image\"\/><\/div>\n<\/div>\n<div>\n<div style=\"text-align:center;margin:8px 0px;margin-bottom:8px;margin-top:8px;margin-left:0px;margin-right:0px\" align=\"center\"><span style=\"color:rgb(15, 17, 17);font-size:20px;font-family:Arial\">J\u00e4tke h\u00fcvasti traditsiooniliste kinnikiilunud ja roostetavate hammasratastega. Meie kaasasoleva t\u00f5mmitsa \u00fches t\u00fckis kahe hammasrattaga disain tagab sujuva trossi vabastamise ja pikaajalise tugevuse. Seda me nimetamegi efektiivsuseks!<\/span><\/div>\n<div style=\"margin:8px 0px;margin-bottom:8px;margin-top:8px;margin-left:0px;margin-right:0px\"><img decoding=\"async\" style=\"width:100%\" width=\"100%\" src=\"https:\/\/d2qc09rl1gfuof.cloudfront.net\/product\/GSSJXQ2T13YCZS88W\/power-puller-a100-2.4.jpg\" slate-data-type=\"image\"\/><\/div>\n<\/div>\n<div>\n<div style=\"text-align:center;margin:8px 0px;margin-bottom:8px;margin-top:8px;margin-left:0px;margin-right:0px\" align=\"center\"><span style=\"color:rgb(15, 17, 17);font-size:20px;font-family:Arial\">See vastupidavatest ja vastupidavatest komponentidest koosnev hammasrattaga elektriline t\u00f5mmits pakub teile ohutumat ja kauakestvamat lahendust k\u00f5igile teie pukseerimis- ja transpordivajadustele.<\/span><\/div>\n<div style=\"margin:8px 0px;margin-bottom:8px;margin-top:8px;margin-left:0px;margin-right:0px\"><img decoding=\"async\" style=\"width:100%\" width=\"100%\" src=\"https:\/\/d2qc09rl1gfuof.cloudfront.net\/product\/GSSJXQ2T13YCZS88W\/power-puller-a100-2.5.jpg\" slate-data-type=\"image\"\/><\/div>\n<\/div>\n<div style=\"margin:24px 0px;margin-bottom:24px;margin-top:24px;margin-left:0px;margin-right:0px\">\n<div style=\"font-size:16px;font-weight:bold;text-align:center;color:rgb(34, 34, 34);margin:24px 0px 16px;margin-bottom:16px;margin-top:24px;margin-left:0px;margin-right:0px\" align=\"center\"><span style=\"color:rgb(15, 17, 17);font-size:20px;font-family:Arial\">Milleks vaeva n\u00e4ha, kui saab libiseda? Meie kaasaskantava k\u00e4sivintsi pikendatud k\u00e4epide v\u00f5imaldab k\u00f6it minimaalse pingutusega pingutada \u2013 k\u00f5ik \u00fche k\u00e4ega! Libisemiskindel k\u00e4epide tagab, et saate \u00fclesandega hakkama, mitte ei koba.<\/span><\/div>\n<div style=\"font-size:16px;font-weight:bold;color:rgb(34, 34, 34);margin:24px 0px 16px;margin-bottom:16px;margin-top:24px;margin-left:0px;margin-right:0px\">Omadused ja \u00fcksikasjad<\/div>\n<ul style=\"margin:16px 0px 24px;margin-bottom:24px;margin-top:16px;margin-left:0px;margin-right:0px\">\n<li style=\"font-size:14px;color:rgb(34, 34, 34)\">\n<p>2-tonnine kandev\u00f5ime: Kas olete valmis raskete \u00fclesannetega tegelema? Kogege turvalist ja v\u00f5imsat t\u00f5mbej\u00f5udu meie 4409 naela\/2-tonnise kandev\u00f5imega t\u00f5mmitsat. See t\u00f6\u00f6riist sobib ideaalselt k\u00f5igeks alates s\u00f5iduki p\u00e4\u00e4stmisest kuni m\u00f6\u00f6bli teisaldamiseni \u2013 see on mitmeotstarbelise kasutaja unistus!<\/p>\n<\/li>\n<li style=\"font-size:14px;color:rgb(34, 34, 34)\">\n<p>12 jala pikkune terastross: Meie hammasrattaga t\u00f5mmitsa tross on valmistatud tippkvaliteediga terasest ja keerutatud mitmeks keeruks, et tagada suur tugevus ja vastupidavus. See mitte ainult ei talu t\u00f5sist t\u00f5mbamist ja tirimist, vaid ei l\u00f5tvu, keerdu ega l\u00e4he sassi \u2013 muutes teie elu palju lihtsamaks!<\/p>\n<\/li>\n<li style=\"font-size:14px;color:rgb(34, 34, 34)\">\n<p>Integreeritud kahe k\u00e4iguga konstruktsioon: Sujuv ja ummistusteta t\u00f6\u00f6? Muidugi! Meie trossvintsiga t\u00f5mmitsa ainulaadne, \u00fches t\u00fckis kahe k\u00e4iguga konstruktsioon. J\u00e4tke h\u00fcvasti t\u00fc\u00fctute ummistuste ja roostega, mis traditsiooniliste k\u00e4igukastidega kaasnevad.<\/p>\n<\/li>\n<li style=\"font-size:14px;color:rgb(34, 34, 34)\">\n<p>Enam ei mingeid kaablilibinaid: Meie kaasav\u00f5etava t\u00f5mmitsa tagasiliikumisvastane mehhanism tagab, et teie \u00fclesanded l\u00e4hevad plaanip\u00e4raselt, ilma tagasiliikumise v\u00f5i kaabli l\u00f5tkuta. Ja need konksude k\u00fcljes olevad vedrulukud? Need on kirsiks tordil, tagades, et k\u00f5ik, mida veetakse, p\u00fcsib paigal.<\/p>\n<\/li>\n<li style=\"font-size:14px;color:rgb(34, 34, 34)\">\n<p>\u00dche k\u00e4ega ime: Kas oled v\u00e4sinud keeruliste mehhanismidega m\u00e4ssamisest? Meie hammasrattaga t\u00f5mmitsa pikendatud k\u00e4epide muudab t\u00f5mbamise imelihtsaks \u2013 vaid kiire edasi-tagasi liigutus \u00fche k\u00e4ega ja oledki valmis! Lisaks on meie k\u00e4epide mugavuse ja turvalisuse tagamiseks kummist.<\/p>\n<\/li>\n<\/ul>\n<\/div>\n<div>\n<div>\n<div style=\"margin:16px 0px 24px;margin-bottom:24px;margin-top:16px;margin-left:0px;margin-right:0px\"><strong>2T<\/strong><\/div>\n<div style=\"margin:16px 0px 24px;margin-bottom:24px;margin-top:16px;margin-left:0px;margin-right:0px\"><img decoding=\"async\" style=\"width:100%\" width=\"100%\" src=\"https:\/\/d2qc09rl1gfuof.cloudfront.net\/product\/GSSJXQ2T13YCZS88W\/power-puller-a100-1.11.jpg\" slate-data-type=\"image\"\/><\/div>\n<\/div>\n<\/div>\n<div>\n<div>\n<div style=\"margin:16px 0px 24px;margin-bottom:24px;margin-top:16px;margin-left:0px;margin-right:0px\"><strong>5T<\/strong><\/div>\n<div style=\"margin:16px 0px 24px;margin-bottom:24px;margin-top:16px;margin-left:0px;margin-right:0px\"><img decoding=\"async\" style=\"width:100%\" width=\"100%\" src=\"https:\/\/d2qc09rl1gfuof.cloudfront.net\/product\/GSSJXQ5T13YC77Z63\/power-puller-a100-1.11.jpg\" slate-data-type=\"image\"\/><\/div>\n<\/div>\n<\/div>\n<div>\n<div>\n<div style=\"margin:16px 0px 24px;margin-bottom:24px;margin-top:16px;margin-left:0px;margin-right:0px\"><strong>4T<\/strong><\/div>\n<div style=\"margin:16px 0px 24px;margin-bottom:24px;margin-top:16px;margin-left:0px;margin-right:0px\"><img decoding=\"async\" style=\"width:100%\" width=\"100%\" src=\"https:\/\/d2qc09rl1gfuof.cloudfront.net\/product\/GSSJXQ4T13YCXN5I5\/power-puller-a100-1.11.jpg\" slate-data-type=\"image\"\/><\/div>\n<\/div>\n<\/div>\n<\/div>\n<div class=\"detailmodule_dynamic\"><kse:widget data-widget-type=\"customText\" id=\"1005000000397265\" type=\"custom\"><\/kse:widget><\/div>\n<p><\/p>\n<\/div>\n<\/div>\n<p><\/p>","protected":false},"excerpt":{"rendered":"<p>Hign-concerned Chemical:&nbsp;None Origin:&nbsp;Mainland China Brand Name:&nbsp;VEVOR Brand:&nbsp;VEVOR Max Load Capacity:&nbsp;2\/4\/5T Feature 1:&nbsp;With 2 Hooks Feature 2:&nbsp;Come Along Winch Feature 3:&nbsp;Ratchet Automotive Hoist Power Cable Puller Feature 4:&nbsp;for Vehicle Rescue Your<\/p>","protected":false},"featured_media":25040,"comment_status":"open","ping_status":"closed","template":"","meta":{"_acf_changed":false},"product_brand":[],"product_cat":[517],"product_tag":[],"class_list":{"0":"post-25039","1":"product","2":"type-product","3":"status-publish","4":"has-post-thumbnail","6":"product_cat-electric-lifting-hoists","8":"first","9":"instock","10":"shipping-taxable","11":"purchasable","12":"product-type-variable"},"acf":[],"_links":{"self":[{"href":"https:\/\/electricstore.eu\/et\/wp-json\/wp\/v2\/product\/25039","targetHints":{"allow":["GET"]}}],"collection":[{"href":"https:\/\/electricstore.eu\/et\/wp-json\/wp\/v2\/product"}],"about":[{"href":"https:\/\/electricstore.eu\/et\/wp-json\/wp\/v2\/types\/product"}],"replies":[{"embeddable":true,"href":"https:\/\/electricstore.eu\/et\/wp-json\/wp\/v2\/comments?post=25039"}],"wp:featuredmedia":[{"embeddable":true,"href":"https:\/\/electricstore.eu\/et\/wp-json\/wp\/v2\/media\/25040"}],"wp:attachment":[{"href":"https:\/\/electricstore.eu\/et\/wp-json\/wp\/v2\/media?parent=25039"}],"wp:term":[{"taxonomy":"product_brand","embeddable":true,"href":"https:\/\/electricstore.eu\/et\/wp-json\/wp\/v2\/product_brand?post=25039"},{"taxonomy":"product_cat","embeddable":true,"href":"https:\/\/electricstore.eu\/et\/wp-json\/wp\/v2\/product_cat?post=25039"},{"taxonomy":"product_tag","embeddable":true,"href":"https:\/\/electricstore.eu\/et\/wp-json\/wp\/v2\/product_tag?post=25039"}],"curies":[{"name":"wp","href":"https:\/\/api.w.org\/{rel}","templated":true}]}}