{"id":24992,"date":"2025-05-20T18:43:48","date_gmt":"2025-05-20T18:43:48","guid":{"rendered":"https:\/\/electricstore.eu\/p\/uncategorized\/vevor-2640lbs-electric-hoist-winch-230v-with-14ft-wired-remote-control-40ft-single-cable-lifting-height-lift-hoist-for-garage\/"},"modified":"2025-05-20T18:47:24","modified_gmt":"2025-05-20T18:47:24","slug":"vevor-2640lbs-electric-hoist-winch-230v-with-14ft-wired-remote-control-40ft-single-cable-lifting-height-lift-hoist-for-garage","status":"publish","type":"product","link":"https:\/\/electricstore.eu\/et\/p\/o\/electric-lifting-hoists\/vevor-2640lbs-electric-hoist-winch-230v-with-14ft-wired-remote-control-40ft-single-cable-lifting-height-lift-hoist-for-garage\/","title":{"rendered":"VEVOR 2640Lbs elektriline t\u00f5stukvints 230V 14 jala juhtmega kaugjuhtimispuldiga 40 jala \u00fche kaabliga t\u00f5stek\u00f5rgusega t\u00f5stuk garaa\u017ei jaoks"},"content":{"rendered":"<div class=\"product-specs-list-container\">\n<ul class=\"product-specs-list util-clearfix\">\n<li class=\"product-prop line-limit-length\"><span\n                                        class=\"property-title\">K\u00f5rge riskiga kemikaal:&nbsp;<\/span><span\n                                        class=\"property-desc line-limit-length\">Puudub<\/span>\n                            <\/li>\n<li class=\"product-prop line-limit-length\"><span\n                                        class=\"property-title\">Mudelinumber:&nbsp;<\/span><span\n                                        class=\"property-desc line-limit-length\">PA1200<\/span>\n                            <\/li>\n<li class=\"product-prop line-limit-length\"><span\n                                        class=\"property-title\">P\u00e4ritolu:&nbsp;<\/span><span\n                                        class=\"property-desc line-limit-length\">Mandri-Hiina<\/span>\n                            <\/li>\n<li class=\"product-prop line-limit-length\"><span\n                                        class=\"property-title\">Br\u00e4ndi nimi:&nbsp;<\/span><span\n                                        class=\"property-desc line-limit-length\">VEVOR<\/span>\n                            <\/li>\n<\/ul><\/div>\n<div class=\"detailmodule_html\">\n<div class=\"detail-desc-decorate-richtext\">\n<div style=\"font-family:&quot;Open sans&quot;, Arial, Helvetica, sans-serif\">\n<div><img decoding=\"async\" style=\"width:100%\" width=\"100%\" src=\"https:\/\/d2qc09rl1gfuof.cloudfront.net\/vevor\/boutique-banner\/pc\/banner-en.jpg\" slate-data-type=\"image\"\/><\/div>\n<div>\n<div style=\"font-size:16px;font-weight:bold;text-align:center;color:rgb(34, 34, 34);margin:24px 0px;margin-bottom:24px;margin-top:24px;margin-left:0px;margin-right:0px\" align=\"center\">VEVOR elektriline t\u00f5stuk \u2013 t\u00f5stke oma lasti vaevata<\/div>\n<div><img decoding=\"async\" style=\"width:100%\" width=\"100%\" src=\"https:\/\/d2qc09rl1gfuof.cloudfront.net\/product\/DDGSSHLYXYKKENXQQ\/electric-hoist-a100-1.4.jpg\" slate-data-type=\"image\"\/><\/div>\n<div style=\"font-size:14px;text-align:center;color:rgb(34, 34, 34);margin:16px 0px 24px;margin-bottom:24px;margin-top:16px;margin-left:0px;margin-right:0px\" align=\"center\">VEVOR, your exclusive tool expert. This electric hoist features a pure copper motor, providing a large load capacity for lifting heavy objects. The lengthened 14 ft wired cable allows you to control the hoist in a secure area.<\/div>\n<\/div>\n<div>\n<div style=\"margin:8px 0px;margin-bottom:8px;margin-top:8px;margin-left:0px;margin-right:0px\"><img decoding=\"async\" style=\"width:100%\" width=\"100%\" src=\"https:\/\/d2qc09rl1gfuof.cloudfront.net\/product\/DDGSSHLYXYKKENXQQ\/electric-hoist-a100-2.2.jpg\" slate-data-type=\"image\"\/><\/div>\n<div style=\"font-size:14px;text-align:center;color:rgb(34, 34, 34);margin:16px 0px 24px;margin-bottom:24px;margin-top:16px;margin-left:0px;margin-right:0px\" align=\"center\">Vajad kiirust v\u00f5i j\u00f5udu? Vali \u00fchetrossire\u017eiimi vahel kiiremate t\u00f5stete jaoks kergemate koormate jaoks v\u00f5i kahetrossire\u017eiimi vahel raskemate t\u00f6\u00f6de jaoks. Meie elektrivints on loodud hakkama saama k\u00f5igega, mida sa sellele ette heidad.<\/div>\n<\/div>\n<div>\n<div style=\"margin:8px 0px;margin-bottom:8px;margin-top:8px;margin-left:0px;margin-right:0px\"><img decoding=\"async\" style=\"width:100%\" width=\"100%\" src=\"https:\/\/d2qc09rl1gfuof.cloudfront.net\/product\/DDGSSHLYXYKKENXQQ\/electric-hoist-a100-2.3.jpg\" slate-data-type=\"image\"\/><\/div>\n<div style=\"font-size:14px;text-align:center;color:rgb(34, 34, 34);margin:16px 0px 24px;margin-bottom:24px;margin-top:16px;margin-left:0px;margin-right:0px\" align=\"center\">Whether you&#x27;re up close or far away, this ceiling lift has you covered with a wired remote control. With a range of up to 14 ft and an emergency stop switch, you&#x27;ve got peace of mind and flexibility to get the job done right.<\/div>\n<\/div>\n<div>\n<div style=\"margin:8px 0px;margin-bottom:8px;margin-top:8px;margin-left:0px;margin-right:0px\"><img decoding=\"async\" style=\"width:100%\" width=\"100%\" src=\"https:\/\/d2qc09rl1gfuof.cloudfront.net\/product\/DDGSSHLYXYKKENXQQ\/electric-hoist-a100-2.4.jpg\" slate-data-type=\"image\"\/><\/div>\n<div style=\"font-size:14px;text-align:center;color:rgb(34, 34, 34);margin:16px 0px 24px;margin-bottom:24px;margin-top:16px;margin-left:0px;margin-right:0px\" align=\"center\">Equipped with a reliable air-cooled copper motor, this garage hoist makes lifting easy and consistent. Its cooling system and fan help prevent overheating, so you can keep working longer without a hitch.<\/div>\n<\/div>\n<div>\n<div style=\"margin:8px 0px;margin-bottom:8px;margin-top:8px;margin-left:0px;margin-right:0px\"><img decoding=\"async\" style=\"width:100%\" width=\"100%\" src=\"https:\/\/d2qc09rl1gfuof.cloudfront.net\/product\/DDGSSHLYXYKKENXQQ\/electric-hoist-a100-2.5.jpg\" slate-data-type=\"image\"\/><\/div>\n<div style=\"font-size:14px;text-align:center;color:rgb(34, 34, 34);margin:16px 0px 24px;margin-bottom:24px;margin-top:16px;margin-left:0px;margin-right:0px\" align=\"center\">Olenemata sellest, kas t\u00f6\u00f6tate garaa\u017eis, laos v\u00f5i t\u00f6\u00f6kojas, kohandub see elektriline kaablit\u00f5stuk mitmesuguste \u00fclesannetega, muutes selle ideaalseks t\u00f6\u00f6riistaks iga projekti jaoks.<\/div>\n<\/div>\n<div style=\"margin:16px 0px 24px;margin-bottom:24px;margin-top:16px;margin-left:0px;margin-right:0px\"><\/div>\n<div style=\"margin:24px 0px;margin-bottom:24px;margin-top:24px;margin-left:0px;margin-right:0px\">\n<div style=\"font-size:16px;font-weight:bold;color:rgb(34, 34, 34);margin:24px 0px 16px;margin-bottom:16px;margin-top:24px;margin-left:0px;margin-right:0px\">Omadused ja \u00fcksikasjad<\/div>\n<ul style=\"margin:16px 0px 24px;margin-bottom:24px;margin-top:16px;margin-left:0px;margin-right:0px\">\n<li style=\"font-size:14px;color:rgb(34, 34, 34)\">\n<p>2640 lbs Load Capacity: This electric hoist can easily lift small engines, transmissions, large workshop tools, or construction supplies. Lifting Load Capacity: 1320 lbs\/600 kg (Single Cable), 2640 lbs\/1200 kg (Double Cable).<\/p>\n<\/li>\n<li style=\"font-size:14px;color:rgb(34, 34, 34)\">\n<p>V\u00f5imas mootor: Kvaliteetne vaskmootor pakub suurt v\u00f5imsust, mis talub suuri j\u00f5ude ilma elektrivintsi deformeerimata. Lisaks suudab suur jahutusventilaator masinat kiiresti jahutada, et v\u00e4ltida \u00fclekuumenemist. Seega tagab see v\u00f5imas mootor t\u00f5husa t\u00f6\u00f6 ning s\u00e4\u00e4stab teie aega ja energiat.<\/p>\n<\/li>\n<li style=\"font-size:14px;color:rgb(34, 34, 34)\">\n<p>Mugav paigaldada: Meie garaa\u017eit\u00f5stukit saab otse lakke riputada metall- v\u00f5i t\u00e4ispuidust liistude abil. Lisaks on see varustatud avariil\u00fcliti ja elektromagnetilise piduris\u00fcsteemiga, et v\u00e4ltida ebanormaalset libisemist.<\/p>\n<\/li>\n<li style=\"font-size:14px;color:rgb(34, 34, 34)\">\n<p>Remote Control: Wired remote control is achieved through the switch of a controller on the cable installed on the ceiling lift. The length of the extended cable is approximately 14 ft, allowing you to operate within a secure distance.<\/p>\n<\/li>\n<li style=\"font-size:14px;color:rgb(34, 34, 34)\">\n<p>Mitmek\u00fclgne kasutus: Seda elektrilist trosst\u00f5stukit kasutatakse laialdaselt garaa\u017eides, tehastes, ladudes ja peredes, aga ka nii professionaalide kui ka amat\u00f6\u00f6ride poolt. See sobib laevade, autode, muruniidukite, golfik\u00e4rude, kodukaunistuse, mootorite, r\u00e4ndrahnude, puude jms parandamiseks.<\/p>\n<\/li>\n<\/ul>\n<\/div>\n<div>\n<div>\n<div style=\"margin:16px 0px 24px;margin-bottom:24px;margin-top:16px;margin-left:0px;margin-right:0px\"><img decoding=\"async\" style=\"width:100%\" width=\"100%\" src=\"https:\/\/d2qc09rl1gfuof.cloudfront.net\/product\/DDGSSHLYXYKKENXQQ\/electric-hoist-a100-1.11.jpg\" slate-data-type=\"image\"\/><\/div>\n<\/div>\n<\/div>\n<\/div>\n<div><\/div>\n<\/div>\n<\/div>\n<p><\/p>","protected":false},"excerpt":{"rendered":"<p>Hign-concerned Chemical:&nbsp;None Model Number:&nbsp;PA1200 Origin:&nbsp;Mainland China Brand Name:&nbsp;VEVOR VEVOR Electric Hoist \u2013 Lift Your Cargo with No Effort VEVOR, your exclusive tool expert. This electric hoist features a pure copper<\/p>","protected":false},"featured_media":24993,"comment_status":"open","ping_status":"closed","template":"","meta":{"_acf_changed":false},"product_brand":[],"product_cat":[517],"product_tag":[],"class_list":{"0":"post-24992","1":"product","2":"type-product","3":"status-publish","4":"has-post-thumbnail","6":"product_cat-electric-lifting-hoists","8":"first","9":"instock","10":"shipping-taxable","11":"purchasable","12":"product-type-variable"},"acf":[],"_links":{"self":[{"href":"https:\/\/electricstore.eu\/et\/wp-json\/wp\/v2\/product\/24992","targetHints":{"allow":["GET"]}}],"collection":[{"href":"https:\/\/electricstore.eu\/et\/wp-json\/wp\/v2\/product"}],"about":[{"href":"https:\/\/electricstore.eu\/et\/wp-json\/wp\/v2\/types\/product"}],"replies":[{"embeddable":true,"href":"https:\/\/electricstore.eu\/et\/wp-json\/wp\/v2\/comments?post=24992"}],"wp:featuredmedia":[{"embeddable":true,"href":"https:\/\/electricstore.eu\/et\/wp-json\/wp\/v2\/media\/24993"}],"wp:attachment":[{"href":"https:\/\/electricstore.eu\/et\/wp-json\/wp\/v2\/media?parent=24992"}],"wp:term":[{"taxonomy":"product_brand","embeddable":true,"href":"https:\/\/electricstore.eu\/et\/wp-json\/wp\/v2\/product_brand?post=24992"},{"taxonomy":"product_cat","embeddable":true,"href":"https:\/\/electricstore.eu\/et\/wp-json\/wp\/v2\/product_cat?post=24992"},{"taxonomy":"product_tag","embeddable":true,"href":"https:\/\/electricstore.eu\/et\/wp-json\/wp\/v2\/product_tag?post=24992"}],"curies":[{"name":"wp","href":"https:\/\/api.w.org\/{rel}","templated":true}]}}