{"id":24949,"date":"2025-05-20T18:43:35","date_gmt":"2025-05-20T18:43:35","guid":{"rendered":"https:\/\/electricstore.eu\/p\/uncategorized\/vevor-200-300-350-lbs-beach-fishing-cart-with-two-11-13-16-wheels-7-rod-holders-steel-pier-wagon-trolley-for-sand-picnic\/"},"modified":"2025-05-20T18:46:42","modified_gmt":"2025-05-20T18:46:42","slug":"vevor-200-300-350-lbs-beach-fishing-cart-with-two-11-13-16-wheels-7-rod-holders-steel-pier-wagon-trolley-for-sand-picnic","status":"publish","type":"product","link":"https:\/\/electricstore.eu\/et\/p\/o\/bike-trailers-and-wagons\/vevor-200-300-350-lbs-beach-fishing-cart-with-two-11-13-16-wheels-7-rod-holders-steel-pier-wagon-trolley-for-sand-picnic\/","title":{"rendered":"VEVOR 200\/300\/350 naelane rannakalastusk\u00e4ru kahe 11\u2033\/13\u2033\/16\u2033 rattaga, 7 ridvahoidjaga, terasest kai\u00e4\u00e4rne k\u00e4ru liivapiknikuks"},"content":{"rendered":"<div class=\"product-specs-list-container\">\n<ul class=\"product-specs-list util-clearfix\">\n<li class=\"product-prop line-limit-length\"><span\n                                        class=\"property-title\">K\u00f5rge riskiga kemikaal:&nbsp;<\/span><span\n                                        class=\"property-desc line-limit-length\">Puudub<\/span>\n                            <\/li>\n<li class=\"product-prop line-limit-length\"><span\n                                        class=\"property-title\">P\u00e4ritolu:&nbsp;<\/span><span\n                                        class=\"property-desc line-limit-length\">Mandri-Hiina<\/span>\n                            <\/li>\n<li class=\"product-prop line-limit-length\"><span\n                                        class=\"property-title\">Kandev\u00f5ime:&nbsp;<\/span><span\n                                        class=\"property-desc line-limit-length\">200\/300\/350 naela<\/span>\n                            <\/li>\n<li class=\"product-prop line-limit-length\"><span\n                                        class=\"property-title\">Br\u00e4ndi nimi:&nbsp;<\/span><span\n                                        class=\"property-desc line-limit-length\">VEVOR<\/span>\n                            <\/li>\n<li class=\"product-prop line-limit-length\"><span\n                                        class=\"property-title\">Br\u00e4nd:&nbsp;<\/span><span\n                                        class=\"property-desc line-limit-length\">VEVOR<\/span>\n                            <\/li>\n<li class=\"product-prop line-limit-length\"><span\n                                        class=\"property-title\">Maksimaalne kandev\u00f5ime:&nbsp;<\/span><span\n                                        class=\"property-desc line-limit-length\">200\/300\/350 naela<\/span>\n                            <\/li>\n<li class=\"product-prop line-limit-length\"><span\n                                        class=\"property-title\">Ratta suurus:&nbsp;<\/span><span\n                                        class=\"property-desc line-limit-length\">13.11.2016<\/span>\n                            <\/li>\n<li class=\"product-prop line-limit-length\"><span\n                                        class=\"property-title\">T\u00fc\u00fcp:&nbsp;<\/span><span\n                                        class=\"property-desc line-limit-length\">Rannap\u00fc\u00fcgik\u00e4ru<\/span>\n                            <\/li>\n<li class=\"product-prop line-limit-length\"><span\n                                        class=\"property-title\">V\u00e4rv:&nbsp;<\/span><span\n                                        class=\"property-desc line-limit-length\">Must\/valge<\/span>\n                            <\/li>\n<\/ul><\/div>\n<div class=\"detailmodule_html\">\n<div class=\"detail-desc-decorate-richtext\">\n<div class=\"detailmodule_dynamic\">\n <kse:widget data-widget-type=\"customText\" id=\"1005000000821364\" type=\"relation\"><\/kse:widget>\n<\/div>\n<div style=\"font-family:&quot;Open sans&quot;, Arial, Helvetica, sans-serif\">\n<div>\n  <img decoding=\"async\" style=\"width:100%\" width=\"100%\" src=\"https:\/\/d2qc09rl1gfuof.cloudfront.net\/vevor\/boutique-banner\/pc\/banner-en.jpg\" slate-data-type=\"image\" \/>\n <\/div>\n<div>\n<div style=\"font-size:16px;font-weight:bold;text-align:center;color:rgb(34, 34, 34);margin:24px 0px;margin-bottom:24px;margin-top:24px;margin-left:0px;margin-right:0px\" align=\"center\">\n   VEVOR rannakalastusk\u00e4ru: sinu usaldusv\u00e4\u00e4rne kaaslane \u00f5ues\n  <\/div>\n<div>\n   <img decoding=\"async\" style=\"width:100%\" width=\"100%\" src=\"https:\/\/d2qc09rl1gfuof.cloudfront.net\/product\/LLKYJC11YC0080XFQ\/fishing-cart-a100-1.4.jpg\" slate-data-type=\"image\" \/>\n  <\/div>\n<div style=\"font-size:14px;text-align:center;color:rgb(34, 34, 34);margin:16px 0px 24px;margin-bottom:24px;margin-top:16px;margin-left:0px;margin-right:0px\" align=\"center\">\n   Kujutage ette: kalastusk\u00e4ru tugeva terasraamiga, mis veereb sujuvalt 11-tollistel kummist t\u00e4ispuhutavatel ratastel. M\u00f5\u00f5tmed 34 x 14,5 x 7 tolli (86 x 35 x 18 cm) ja valmis kandma kuni 200 naela (90 kg) raskust kala koos 7 ridvahoidjaga \u2013 see on teie ideaalne kaaslane kalastusseiklusteks.\n  <\/div><\/div>\n<div>\n<div style=\"margin:8px 0px;margin-bottom:8px;margin-top:8px;margin-left:0px;margin-right:0px\">\n   <img decoding=\"async\" style=\"width:100%\" width=\"100%\" src=\"https:\/\/d2qc09rl1gfuof.cloudfront.net\/product\/LLKYJC11YC0080XFQ\/fishing-cart-a100-2.2.jpg\" slate-data-type=\"image\" \/>\n  <\/div>\n<div style=\"font-size:14px;text-align:center;color:rgb(34, 34, 34);margin:16px 0px 24px;margin-bottom:24px;margin-top:16px;margin-left:0px;margin-right:0px\" align=\"center\">\n   Meie rannakalastusk\u00e4ru uhkeldab ratastega, mis armastavad v\u00e4ljakutseid \u2013 olgu selleks liivarand, kivised rajad v\u00f5i rohumaad, need muudavad iga teekonna sujuvaks ja pingutuseta.\n  <\/div><\/div>\n<div>\n<div style=\"margin:8px 0px;margin-bottom:8px;margin-top:8px;margin-left:0px;margin-right:0px\">\n   <img decoding=\"async\" style=\"width:100%\" width=\"100%\" src=\"https:\/\/d2qc09rl1gfuof.cloudfront.net\/product\/LLKYJC11YC0080XFQ\/fishing-cart-a100-2.3.jpg\" slate-data-type=\"image\" \/>\n  <\/div>\n<div style=\"font-size:14px;text-align:center;color:rgb(34, 34, 34);margin:16px 0px 24px;margin-bottom:24px;margin-top:16px;margin-left:0px;margin-right:0px\" align=\"center\">\n   Oleme uuendanud poldid roostevabast terasest, mis on vastupidavad l\u00f5dvenemisele, roostele ja kulumisele, tagades vastupidava ja t\u00f6\u00f6kindla kalap\u00fc\u00fcgik\u00e4ru, mis p\u00fcsib vormis ka pikaajalisel kasutamisel.\n  <\/div><\/div>\n<div>\n<div style=\"margin:8px 0px;margin-bottom:8px;margin-top:8px;margin-left:0px;margin-right:0px\">\n   <img decoding=\"async\" style=\"width:100%\" width=\"100%\" src=\"https:\/\/d2qc09rl1gfuof.cloudfront.net\/product\/LLKYJC11YC0080XFQ\/fishing-cart-a100-2.4.jpg\" slate-data-type=\"image\" \/>\n  <\/div>\n<div style=\"font-size:14px;text-align:center;color:rgb(34, 34, 34);margin:16px 0px 24px;margin-bottom:24px;margin-top:16px;margin-left:0px;margin-right:0px\" align=\"center\">\n   J\u00e4ta h\u00fcvasti t\u00fc\u00fctu rataste paigaldamisega. Meie kai\u00e4\u00e4rel on lihtne tihvtmehhanism rataste kiireks ja h\u00f5lpsaks kinnitamiseks ja eemaldamiseks ning O-r\u00f5ngastihvt lisameelerahu tagamiseks.\n  <\/div><\/div>\n<div>\n<div style=\"margin:8px 0px;margin-bottom:8px;margin-top:8px;margin-left:0px;margin-right:0px\">\n   <img decoding=\"async\" style=\"width:100%\" width=\"100%\" src=\"https:\/\/d2qc09rl1gfuof.cloudfront.net\/product\/LLKYJC11YC0080XFQ\/fishing-cart-a100-2.5.jpg\" slate-data-type=\"image\" \/>\n  <\/div>\n<div style=\"font-size:14px;text-align:center;color:rgb(34, 34, 34);margin:16px 0px 24px;margin-bottom:24px;margin-top:16px;margin-left:0px;margin-right:0px\" align=\"center\">\n   Rohkem kui lihtsalt kalastuskaaslane! Olgu tegemist \u00f5ues pildistamise, pikniku pidamise v\u00f5i telkimisega, see kai\u00e4\u00e4rne kalastusk\u00e4ru mahutab kogu teie varustuse h\u00f5lpsalt \u00e4ra, s\u00e4\u00e4stes teid edasi-tagasi s\u00f5itudest.\n  <\/div><\/div>\n<div style=\"margin:16px 0px 24px;margin-bottom:24px;margin-top:16px;margin-left:0px;margin-right:0px\"><\/div>\n<div style=\"margin:24px 0px;margin-bottom:24px;margin-top:24px;margin-left:0px;margin-right:0px\">\n<div style=\"font-size:16px;font-weight:bold;color:rgb(34, 34, 34);margin:24px 0px 16px;margin-bottom:16px;margin-top:24px;margin-left:0px;margin-right:0px\">\n   Omadused ja \u00fcksikasjad\n  <\/div>\n<ul style=\"margin:16px 0px 24px;margin-bottom:24px;margin-top:16px;margin-left:0px;margin-right:0px\">\n<li style=\"font-size:14px;color:rgb(34, 34, 34)\">\n<p>Tugev raam: Tutvuge VEVOR rannakalastusk\u00e4ruga, mis on valmistatud kvaliteetsest terasest, mille raam on mitte ainult vastupidav, vaid ka roostekindel. See on nagu usaldusv\u00e4\u00e4rne kalastuskaaslane, kes teid kunagi alt ei vea. Lisaks on see kerge \u2013 nii saate keskenduda saagile, mitte kandmisele!<\/p>\n<\/li>\n<li style=\"font-size:14px;color:rgb(34, 34, 34)\">\n<p>Praktilised t\u00e4ispuhutavad rattad: See kalap\u00fc\u00fcgik\u00e4ru on varustatud 11-tolliste t\u00e4ispuhutavate kummist ratastega, mis libisevad liival, mudal, kruusal ja rohul nagu unen\u00e4gu. Need rattad ei kanna mitte ainult teie koormat, vaid muudavad teie teekonna ideaalsesse kalastuskohta sama sujuvaks kui teie lemmik\u00f5ngen\u00f6\u00f6r.<\/p>\n<\/li>\n<li style=\"font-size:14px;color:rgb(34, 34, 34)\">\n<p>Rohkelt hoiuruumi: 34 tolli pikkuse, 14,5 tolli laiuse ja 7 tolli k\u00f5rguse raami ning tugevate 11-tolliste ratastega kalastusk\u00e4ru mahutab kuni 200 naela (90 kg). Surfivarustus, rannatarbed \u2013 k\u00f5ik, mida vaja \u2013 paki see kokku ja suundu muretult teele!<\/p>\n<\/li>\n<li style=\"font-size:14px;color:rgb(34, 34, 34)\">\n<p>Eemaldatav konstruktsioon: Unustage t\u00fclikate ja raskesti hoiustatavate \u00fches t\u00fckis k\u00e4rude vaev. Meie kai \u00e4\u00e4res asuval kalastusk\u00e4rul on eemaldatav konstruktsioon, mis muudab hoiustamise imelihtsaks. See on nagu v\u00f5luv\u00e4gi: kompaktne k\u00e4ru, mis mahub teie koju kenasti ja ilma segaduseta.<\/p>\n<\/li>\n<li style=\"font-size:14px;color:rgb(34, 34, 34)\">\n<p>Multifunktsionaalne ja kaasaskantav: Varustatud 7 ridvahoidjaga ja kaasaskantava ridva sisestamise disainiga, on see kai\u00e4\u00e4re k\u00e4ru \u00f5ngitsejatele revolutsiooniline. 2-tollise l\u00e4bim\u00f5\u00f5duga hoidikud mahutavad erinevaid \u00f5nge. K\u00f5ik on mugavuse nimel: haarake ritv, visake see vette ja oletegi kohe kalal.<\/p>\n<\/li>\n<\/ul><\/div>\n<div>\n<div>\n<div style=\"margin:16px 0px 24px;margin-bottom:24px;margin-top:16px;margin-left:0px;margin-right:0px\">\n    <strong>200 naela kaaluv 11-tolline ratas<\/strong>\n   <\/div>\n<div style=\"margin:16px 0px 24px;margin-bottom:24px;margin-top:16px;margin-left:0px;margin-right:0px\">\n    <img decoding=\"async\" style=\"width:100%\" width=\"100%\" src=\"https:\/\/d2qc09rl1gfuof.cloudfront.net\/product\/LLKYJC11YC0080XFQ\/fishing-cart-a100-1.11.jpg\" slate-data-type=\"image\" \/>\n   <\/div><\/div><\/div>\n<div>\n<div>\n<div style=\"margin:16px 0px 24px;margin-bottom:24px;margin-top:16px;margin-left:0px;margin-right:0px\">\n    <strong>300 naela kaaluv 13-tolline ratas<\/strong>\n   <\/div>\n<div style=\"margin:16px 0px 24px;margin-bottom:24px;margin-top:16px;margin-left:0px;margin-right:0px\">\n    <img decoding=\"async\" style=\"width:100%\" width=\"100%\" src=\"https:\/\/d2qc09rl1gfuof.cloudfront.net\/product\/LLKYJC13YC0073FBM\/fishing-cart-a100-1.11.jpg\" slate-data-type=\"image\" \/>\n   <\/div><\/div><\/div>\n<div>\n<div>\n<div style=\"margin:16px 0px 24px;margin-bottom:24px;margin-top:16px;margin-left:0px;margin-right:0px\">\n    <strong>350 naela kaaluv 16-tolline ratas<\/strong>\n   <\/div>\n<div style=\"margin:16px 0px 24px;margin-bottom:24px;margin-top:16px;margin-left:0px;margin-right:0px\">\n    <img decoding=\"async\" style=\"width:100%\" width=\"100%\" src=\"https:\/\/d2qc09rl1gfuof.cloudfront.net\/product\/LLKYJC15YC00NZ89O\/fishing-cart-a100-1.11.jpg\" slate-data-type=\"image\" \/>\n   <\/div><\/div><\/div>\n<\/div>\n<div class=\"detailmodule_dynamic\">\n <kse:widget data-widget-type=\"customText\" id=\"1005000000397265\" type=\"custom\"><\/kse:widget>\n<\/div>\n<p><\/p>\n<\/div>\n<\/div>","protected":false},"excerpt":{"rendered":"<p>Hign-concerned Chemical:&nbsp;None Origin:&nbsp;Mainland China Load Capacity:&nbsp;200\/300\/350lbs Brand Name:&nbsp;VEVOR Brand:&nbsp;VEVOR Maximum Weight Capacity:&nbsp;200\/300\/350lbs Wheel Size:&nbsp;11\/13\/16 in Type:&nbsp;Beach Fishing Cart Color:&nbsp;Black\/White VEVOR Beach Fishing Cart: Your Reliable Outdoor Buddy Picture this: a<\/p>","protected":false},"featured_media":24950,"comment_status":"open","ping_status":"closed","template":"","meta":{"_acf_changed":false},"product_brand":[],"product_cat":[523],"product_tag":[],"class_list":{"0":"post-24949","1":"product","2":"type-product","3":"status-publish","4":"has-post-thumbnail","6":"product_cat-bike-trailers-and-wagons","8":"first","9":"instock","10":"shipping-taxable","11":"purchasable","12":"product-type-variable"},"acf":[],"_links":{"self":[{"href":"https:\/\/electricstore.eu\/et\/wp-json\/wp\/v2\/product\/24949","targetHints":{"allow":["GET"]}}],"collection":[{"href":"https:\/\/electricstore.eu\/et\/wp-json\/wp\/v2\/product"}],"about":[{"href":"https:\/\/electricstore.eu\/et\/wp-json\/wp\/v2\/types\/product"}],"replies":[{"embeddable":true,"href":"https:\/\/electricstore.eu\/et\/wp-json\/wp\/v2\/comments?post=24949"}],"wp:featuredmedia":[{"embeddable":true,"href":"https:\/\/electricstore.eu\/et\/wp-json\/wp\/v2\/media\/24950"}],"wp:attachment":[{"href":"https:\/\/electricstore.eu\/et\/wp-json\/wp\/v2\/media?parent=24949"}],"wp:term":[{"taxonomy":"product_brand","embeddable":true,"href":"https:\/\/electricstore.eu\/et\/wp-json\/wp\/v2\/product_brand?post=24949"},{"taxonomy":"product_cat","embeddable":true,"href":"https:\/\/electricstore.eu\/et\/wp-json\/wp\/v2\/product_cat?post=24949"},{"taxonomy":"product_tag","embeddable":true,"href":"https:\/\/electricstore.eu\/et\/wp-json\/wp\/v2\/product_tag?post=24949"}],"curies":[{"name":"wp","href":"https:\/\/api.w.org\/{rel}","templated":true}]}}